{"id":3029,"date":"2023-11-09T16:02:03","date_gmt":"2023-11-09T16:02:03","guid":{"rendered":"https:\/\/touchproeurope.eu\/?post_type=product&#038;p=3029"},"modified":"2026-04-16T16:02:45","modified_gmt":"2026-04-16T16:02:45","slug":"table-chauffante-bodyworkers-choice","status":"publish","type":"product","link":"https:\/\/touchproeurope.eu\/fr\/product\/bodyworkers-choice-tafelverwarmer\/","title":{"rendered":"Bodyworker's Choice R\u00e9chauffeur de table Prise EURO et prise UK"},"content":{"rendered":"<p>Ajoutez une couche suppl\u00e9mentaire de luxe et de confort \u00e0 votre pratique de massage avec le chauffe-table Bodyworker's Choice d'Earthlite. Ce chauffe-table est le compagnon id\u00e9al de tout masseur professionnel, avec des caract\u00e9ristiques bien pens\u00e9es qui font toute la diff\u00e9rence.<\/p>\n<p>Mesurant 180 x 76 cm, ce chauffe-table s'adapte parfaitement \u00e0 votre table de massage, cr\u00e9ant une exp\u00e9rience chaleureuse et invitante pour vos clients. Gr\u00e2ce \u00e0 sa puissance de 220 volts et 70 watts, vous b\u00e9n\u00e9ficierez d'une chaleur constante et puissante lors de chaque traitement.<\/p>\n<p>Choisissez parmi deux niveaux de chaleur et r\u00e9glez la temp\u00e9rature \u00e0 votre convenance. Le chauffe-table est \u00e9galement dot\u00e9 d'une protection contre la surchauffe, ce qui vous permet de vous concentrer pleinement sur le traitement sans vous soucier de la s\u00e9curit\u00e9.<\/p>\n<p>Les bandes \u00e9lastiques antid\u00e9rapantes situ\u00e9es dans les coins assurent une fixation s\u00fbre \u00e0 la table, ce qui permet de maintenir le chauffe-table en place m\u00eame pendant les traitements dynamiques.<\/p>\n<p>Commandez d\u00e8s aujourd'hui la table chauffante Earthlite Bodyworker's Choice et d\u00e9couvrez la diff\u00e9rence qu'un traitement chaud et confortable peut faire pour vous et vos clients.<\/p>","protected":false},"excerpt":{"rendered":"<p><strong>Table de Earthlite<\/strong><strong>warmer - Le choix des carrossiers<\/strong><\/p>\n<p>Chauffe-table id\u00e9al pour votre table de massage :<\/p>\n<ul>\n<li>Dimensions : 180 x 76 cm<\/li>\n<li>220 volts - 70 watts<\/li>\n<li>2 niveaux de chaleur et protection contre la surchauffe<\/li>\n<li>des \u00e9lastiques antid\u00e9rapants dans les coins pour le fixer \u00e0 la table<\/li>\n<\/ul>","protected":false},"featured_media":5102,"comment_status":"open","ping_status":"closed","template":"","meta":[],"product_brand":[],"product_cat":[99,104],"product_tag":[85,238],"class_list":{"0":"post-3029","1":"product","2":"type-product","3":"status-publish","4":"has-post-thumbnail","6":"product_cat-accessoires","7":"product_cat-tafelwarmers","8":"product_tag-earthlite","9":"product_tag-tafelverwarmer","10":"product_shipping_class-klein-pakket","12":"first","13":"instock","14":"taxable","15":"shipping-taxable","16":"purchasable","17":"product-type-variable"},"yoast_head":"<!-- This site is optimized with the Yoast SEO Premium plugin v27.4 (Yoast SEO v27.4) - https:\/\/yoast.com\/product\/yoast-seo-premium-wordpress\/ -->\n<title>Bodyworker&#039;s Choice Tafelverwarmer EURO plug &amp; UK plug - TouchPro Europe Shop<\/title>\n<meta name=\"description\" content=\"Doe je cli\u00ebnten een warm welkom met de Bodyworker&#039;s Choice Tafelverwarmer van Earthlite. Ontworpen voor echte professionals \ud83e\udd1d\" \/>\n<meta name=\"robots\" content=\"index, follow, max-snippet:-1, max-image-preview:large, max-video-preview:-1\" \/>\n<link rel=\"canonical\" href=\"https:\/\/touchproeurope.eu\/fr\/product\/table-chauffante-bodyworkers-choice\/\" \/>\n<meta property=\"og:locale\" content=\"fr_FR\" \/>\n<meta property=\"og:type\" content=\"article\" \/>\n<meta property=\"og:title\" content=\"Bodyworker&#039;s Choice Tafelverwarmer EURO plug &amp; UK plug\" \/>\n<meta property=\"og:description\" content=\"Doe je cli\u00ebnten een warm welkom met de Bodyworker&#039;s Choice Tafelverwarmer van Earthlite. Ontworpen voor echte professionals \ud83e\udd1d\" \/>\n<meta property=\"og:url\" content=\"https:\/\/touchproeurope.eu\/fr\/product\/table-chauffante-bodyworkers-choice\/\" \/>\n<meta property=\"og:site_name\" content=\"TouchPro Europe Shop\" \/>\n<meta property=\"article:publisher\" content=\"https:\/\/www.facebook.com\/TouchproNederland\/?locale=nl_NL%2f\" \/>\n<meta property=\"article:modified_time\" content=\"2026-04-16T16:02:45+00:00\" \/>\n<meta property=\"og:image\" content=\"https:\/\/touchproeurope.eu\/wp-content\/uploads\/2023\/11\/Producten-fotos-8-min.jpg\" \/>\n\t<meta property=\"og:image:width\" content=\"800\" \/>\n\t<meta property=\"og:image:height\" content=\"800\" \/>\n\t<meta property=\"og:image:type\" content=\"image\/jpeg\" \/>\n<meta name=\"twitter:card\" content=\"summary_large_image\" \/>\n<meta name=\"twitter:label1\" content=\"Disponibilit\u00e9\" \/>\n\t<meta name=\"twitter:data1\" content=\"En stock\" \/>\n<script type=\"application\/ld+json\" class=\"yoast-schema-graph\">{\"@context\":\"https:\\\/\\\/schema.org\",\"@graph\":[{\"@type\":\"WebPage\",\"@id\":\"https:\\\/\\\/touchproeurope.eu\\\/product\\\/bodyworkers-choice-tafelverwarmer\\\/\",\"url\":\"https:\\\/\\\/touchproeurope.eu\\\/product\\\/bodyworkers-choice-tafelverwarmer\\\/\",\"name\":\"Bodyworker's Choice Tafelverwarmer EURO plug & UK plug - TouchPro Europe Shop\",\"isPartOf\":{\"@id\":\"https:\\\/\\\/touchproeurope.eu\\\/#website\"},\"primaryImageOfPage\":{\"@id\":\"https:\\\/\\\/touchproeurope.eu\\\/product\\\/bodyworkers-choice-tafelverwarmer\\\/#primaryimage\"},\"image\":{\"@id\":\"https:\\\/\\\/touchproeurope.eu\\\/product\\\/bodyworkers-choice-tafelverwarmer\\\/#primaryimage\"},\"thumbnailUrl\":\"https:\\\/\\\/i0.wp.com\\\/touchproeurope.eu\\\/wp-content\\\/uploads\\\/2023\\\/11\\\/Producten-fotos-8-min.jpg?fit=800%2C800&ssl=1\",\"datePublished\":\"2023-11-09T16:02:03+00:00\",\"dateModified\":\"2026-04-16T16:02:45+00:00\",\"description\":\"Doe je cli\u00ebnten een warm welkom met de Bodyworker's Choice Tafelverwarmer van Earthlite. Ontworpen voor echte professionals \ud83e\udd1d\",\"breadcrumb\":{\"@id\":\"https:\\\/\\\/touchproeurope.eu\\\/product\\\/bodyworkers-choice-tafelverwarmer\\\/#breadcrumb\"},\"inLanguage\":\"fr-FR\",\"potentialAction\":[{\"@type\":\"ReadAction\",\"target\":[\"https:\\\/\\\/touchproeurope.eu\\\/product\\\/bodyworkers-choice-tafelverwarmer\\\/\"]}]},{\"@type\":\"ImageObject\",\"inLanguage\":\"fr-FR\",\"@id\":\"https:\\\/\\\/touchproeurope.eu\\\/product\\\/bodyworkers-choice-tafelverwarmer\\\/#primaryimage\",\"url\":\"https:\\\/\\\/i0.wp.com\\\/touchproeurope.eu\\\/wp-content\\\/uploads\\\/2023\\\/11\\\/Producten-fotos-8-min.jpg?fit=800%2C800&ssl=1\",\"contentUrl\":\"https:\\\/\\\/i0.wp.com\\\/touchproeurope.eu\\\/wp-content\\\/uploads\\\/2023\\\/11\\\/Producten-fotos-8-min.jpg?fit=800%2C800&ssl=1\",\"width\":800,\"height\":800,\"caption\":\"Bodyworker's Choice Tafelverwarmer\"},{\"@type\":\"BreadcrumbList\",\"@id\":\"https:\\\/\\\/touchproeurope.eu\\\/product\\\/bodyworkers-choice-tafelverwarmer\\\/#breadcrumb\",\"itemListElement\":[{\"@type\":\"ListItem\",\"position\":1,\"name\":\"Home\",\"item\":\"https:\\\/\\\/touchproeurope.eu\\\/\"},{\"@type\":\"ListItem\",\"position\":2,\"name\":\"Winkel\",\"item\":\"https:\\\/\\\/touchproeurope.eu\\\/winkel\\\/\"},{\"@type\":\"ListItem\",\"position\":3,\"name\":\"Bodyworker&#8217;s Choice Tafelverwarmer EURO plug &#038; UK plug\"}]},{\"@type\":\"WebSite\",\"@id\":\"https:\\\/\\\/touchproeurope.eu\\\/#website\",\"url\":\"https:\\\/\\\/touchproeurope.eu\\\/\",\"name\":\"TouchPro Europe Shop\",\"description\":\"Alles voor jouw praktijk met een PROfessionele Touch!\",\"publisher\":{\"@id\":\"https:\\\/\\\/touchproeurope.eu\\\/#organization\"},\"alternateName\":\"TPE\",\"potentialAction\":[{\"@type\":\"SearchAction\",\"target\":{\"@type\":\"EntryPoint\",\"urlTemplate\":\"https:\\\/\\\/touchproeurope.eu\\\/?s={search_term_string}\"},\"query-input\":{\"@type\":\"PropertyValueSpecification\",\"valueRequired\":true,\"valueName\":\"search_term_string\"}}],\"inLanguage\":\"fr-FR\"},{\"@type\":\"Organization\",\"@id\":\"https:\\\/\\\/touchproeurope.eu\\\/#organization\",\"name\":\"TouchPro Europe BV\",\"alternateName\":\"TPE\",\"url\":\"https:\\\/\\\/touchproeurope.eu\\\/\",\"logo\":{\"@type\":\"ImageObject\",\"inLanguage\":\"fr-FR\",\"@id\":\"https:\\\/\\\/touchproeurope.eu\\\/#\\\/schema\\\/logo\\\/image\\\/\",\"url\":\"https:\\\/\\\/i0.wp.com\\\/touchproeurope.eu\\\/wp-content\\\/uploads\\\/2023\\\/10\\\/2b592c_b6944d80811246d987cc2c29accedf3f.png?fit=1417%2C531&ssl=1\",\"contentUrl\":\"https:\\\/\\\/i0.wp.com\\\/touchproeurope.eu\\\/wp-content\\\/uploads\\\/2023\\\/10\\\/2b592c_b6944d80811246d987cc2c29accedf3f.png?fit=1417%2C531&ssl=1\",\"width\":1417,\"height\":531,\"caption\":\"TouchPro Europe BV\"},\"image\":{\"@id\":\"https:\\\/\\\/touchproeurope.eu\\\/#\\\/schema\\\/logo\\\/image\\\/\"},\"sameAs\":[\"https:\\\/\\\/www.facebook.com\\\/TouchproNederland\\\/?locale=nl_NL\\\/\",\"https:\\\/\\\/www.instagram.com\\\/touchpro2016\\\/\",\"https:\\\/\\\/www.linkedin.com\\\/company\\\/touchpro-europe-bv\\\/\"],\"description\":\"TouchPro Europe Shop is de massage winkel van Europa. Wij verkopen topkwaliteit massageproducten aan masseurs, pedicures, fysiotherapeuten, manicuren, Wellness centra, opleidingen, etc. TouchPro begon als een kleine webshop in Nederland, maar is nu uitgegroeid tot een webshop met klanten uit heel Europa. Wij bieden een breed assortiment aan massageproducten, waaronder massagetafels, oli\u00ebn, cr\u00e8mes, en accessoires van topmerken, zoals Earthlite, Stronglite en InnerStrenght, Habys, Living Earth Crafts en Continuum en andere leveranciers van massage accessoires. Bestel hier de beste massagematerialen van Europa!\",\"email\":\"info@touchpro-europe.com\",\"telephone\":\"0858768829\",\"legalName\":\"TouchPro Europe BV\",\"foundingDate\":\"2018-01-11\",\"vatID\":\"NL855430151B01\",\"numberOfEmployees\":{\"@type\":\"QuantitativeValue\",\"minValue\":\"1\",\"maxValue\":\"10\"},\"hasMerchantReturnPolicy\":{\"@type\":\"MerchantReturnPolicy\",\"merchantReturnLink\":\"https:\\\/\\\/touchproeurope.eu\\\/fr\\\/retourbeleid\\\/\"}}]}<\/script>\n<meta property=\"og:availability\" content=\"instock\" \/>\n<meta property=\"product:availability\" content=\"instock\" \/>\n<meta property=\"product:retailer_item_id\" content=\"38400\" \/>\n<meta property=\"product:condition\" content=\"new\" \/>\n<!-- \/ Yoast SEO Premium plugin. -->","yoast_head_json":{"title":"Bodyworker's Choice Table warmer EURO plug &amp; UK plug - TouchPro Europe Shop","description":"Accueillez chaleureusement vos clients gr\u00e2ce au chauffage de table Earthlite Bodyworker's Choice. Con\u00e7u pour les vrais professionnels \ud83e\udd1d","robots":{"index":"index","follow":"follow","max-snippet":"max-snippet:-1","max-image-preview":"max-image-preview:large","max-video-preview":"max-video-preview:-1"},"canonical":"https:\/\/touchproeurope.eu\/fr\/product\/table-chauffante-bodyworkers-choice\/","og_locale":"fr_FR","og_type":"article","og_title":"Bodyworker's Choice Tafelverwarmer EURO plug & UK plug","og_description":"Doe je cli\u00ebnten een warm welkom met de Bodyworker's Choice Tafelverwarmer van Earthlite. Ontworpen voor echte professionals \ud83e\udd1d","og_url":"https:\/\/touchproeurope.eu\/fr\/product\/table-chauffante-bodyworkers-choice\/","og_site_name":"TouchPro Europe Shop","article_publisher":"https:\/\/www.facebook.com\/TouchproNederland\/?locale=nl_NL%2f","article_modified_time":"2026-04-16T16:02:45+00:00","og_image":[{"width":800,"height":800,"url":"https:\/\/touchproeurope.eu\/wp-content\/uploads\/2023\/11\/Producten-fotos-8-min.jpg","type":"image\/jpeg"}],"twitter_card":"summary_large_image","twitter_misc":{"Disponibilit\u00e9":"En stock"},"schema":{"@context":"https:\/\/schema.org","@graph":[{"@type":"WebPage","@id":"https:\/\/touchproeurope.eu\/product\/bodyworkers-choice-tafelverwarmer\/","url":"https:\/\/touchproeurope.eu\/product\/bodyworkers-choice-tafelverwarmer\/","name":"Bodyworker's Choice Table warmer EURO plug &amp; UK plug - TouchPro Europe Shop","isPartOf":{"@id":"https:\/\/touchproeurope.eu\/#website"},"primaryImageOfPage":{"@id":"https:\/\/touchproeurope.eu\/product\/bodyworkers-choice-tafelverwarmer\/#primaryimage"},"image":{"@id":"https:\/\/touchproeurope.eu\/product\/bodyworkers-choice-tafelverwarmer\/#primaryimage"},"thumbnailUrl":"https:\/\/i0.wp.com\/touchproeurope.eu\/wp-content\/uploads\/2023\/11\/Producten-fotos-8-min.jpg?fit=800%2C800&ssl=1","datePublished":"2023-11-09T16:02:03+00:00","dateModified":"2026-04-16T16:02:45+00:00","description":"Accueillez chaleureusement vos clients gr\u00e2ce au chauffage de table Earthlite Bodyworker's Choice. Con\u00e7u pour les vrais professionnels \ud83e\udd1d","breadcrumb":{"@id":"https:\/\/touchproeurope.eu\/product\/bodyworkers-choice-tafelverwarmer\/#breadcrumb"},"inLanguage":"fr-FR","potentialAction":[{"@type":"ReadAction","target":["https:\/\/touchproeurope.eu\/product\/bodyworkers-choice-tafelverwarmer\/"]}]},{"@type":"ImageObject","inLanguage":"fr-FR","@id":"https:\/\/touchproeurope.eu\/product\/bodyworkers-choice-tafelverwarmer\/#primaryimage","url":"https:\/\/i0.wp.com\/touchproeurope.eu\/wp-content\/uploads\/2023\/11\/Producten-fotos-8-min.jpg?fit=800%2C800&ssl=1","contentUrl":"https:\/\/i0.wp.com\/touchproeurope.eu\/wp-content\/uploads\/2023\/11\/Producten-fotos-8-min.jpg?fit=800%2C800&ssl=1","width":800,"height":800,"caption":"Bodyworker's Choice Tafelverwarmer"},{"@type":"BreadcrumbList","@id":"https:\/\/touchproeurope.eu\/product\/bodyworkers-choice-tafelverwarmer\/#breadcrumb","itemListElement":[{"@type":"ListItem","position":1,"name":"Home","item":"https:\/\/touchproeurope.eu\/"},{"@type":"ListItem","position":2,"name":"Winkel","item":"https:\/\/touchproeurope.eu\/winkel\/"},{"@type":"ListItem","position":3,"name":"Bodyworker&#8217;s Choice Tafelverwarmer EURO plug &#038; UK plug"}]},{"@type":"WebSite","@id":"https:\/\/touchproeurope.eu\/#website","url":"https:\/\/touchproeurope.eu\/","name":"TouchPro Europe Shop","description":"Tout pour votre pratique avec une touche PROfessionnelle !","publisher":{"@id":"https:\/\/touchproeurope.eu\/#organization"},"alternateName":"TPE","potentialAction":[{"@type":"SearchAction","target":{"@type":"EntryPoint","urlTemplate":"https:\/\/touchproeurope.eu\/?s={search_term_string}"},"query-input":{"@type":"PropertyValueSpecification","valueRequired":true,"valueName":"search_term_string"}}],"inLanguage":"fr-FR"},{"@type":"Organization","@id":"https:\/\/touchproeurope.eu\/#organization","name":"TouchPro Europe BV","alternateName":"TPE","url":"https:\/\/touchproeurope.eu\/","logo":{"@type":"ImageObject","inLanguage":"fr-FR","@id":"https:\/\/touchproeurope.eu\/#\/schema\/logo\/image\/","url":"https:\/\/i0.wp.com\/touchproeurope.eu\/wp-content\/uploads\/2023\/10\/2b592c_b6944d80811246d987cc2c29accedf3f.png?fit=1417%2C531&ssl=1","contentUrl":"https:\/\/i0.wp.com\/touchproeurope.eu\/wp-content\/uploads\/2023\/10\/2b592c_b6944d80811246d987cc2c29accedf3f.png?fit=1417%2C531&ssl=1","width":1417,"height":531,"caption":"TouchPro Europe BV"},"image":{"@id":"https:\/\/touchproeurope.eu\/#\/schema\/logo\/image\/"},"sameAs":["https:\/\/www.facebook.com\/TouchproNederland\/?locale=nl_NL\/","https:\/\/www.instagram.com\/touchpro2016\/","https:\/\/www.linkedin.com\/company\/touchpro-europe-bv\/"],"description":"TouchPro Europe Shop est le magasin de massage de l'Europe. Nous vendons des produits de massage de qualit\u00e9 sup\u00e9rieure aux masseurs, p\u00e9dicures, physioth\u00e9rapeutes, manucures, centres de bien-\u00eatre, cours de formation, etc. TouchPro a commenc\u00e9 comme un petit magasin aux Pays-Bas, mais s'est maintenant d\u00e9velopp\u00e9 pour devenir un magasin avec des clients de toute l'Europe. Nous proposons une large gamme de produits de massage, notamment des tables de massage, des huiles, des cr\u00e8mes et des accessoires de grandes marques telles que Earthlite, Stronglite et InnerStrenght, Habys, Living Earth Crafts et Continuum, ainsi que d'autres fournisseurs d'accessoires de massage. Commandez ici les meilleurs produits de massage d'Europe !","email":"info@touchpro-europe.com","telephone":"0858768829","legalName":"TouchPro Europe BV","foundingDate":"2018-01-11","vatID":"NL855430151B01","numberOfEmployees":{"@type":"QuantitativeValue","minValue":"1","maxValue":"10"},"hasMerchantReturnPolicy":{"@type":"MerchantReturnPolicy","merchantReturnLink":"https:\/\/touchproeurope.eu\/fr\/retourbeleid\/"}}]},"og_availability":"instock","product_availability":"instock","product_retailer_item_id":"38400","product_condition":"new"},"_links":{"self":[{"href":"https:\/\/touchproeurope.eu\/fr\/wp-json\/wp\/v2\/product\/3029","targetHints":{"allow":["GET"]}}],"collection":[{"href":"https:\/\/touchproeurope.eu\/fr\/wp-json\/wp\/v2\/product"}],"about":[{"href":"https:\/\/touchproeurope.eu\/fr\/wp-json\/wp\/v2\/types\/product"}],"replies":[{"embeddable":true,"href":"https:\/\/touchproeurope.eu\/fr\/wp-json\/wp\/v2\/comments?post=3029"}],"version-history":[{"count":4,"href":"https:\/\/touchproeurope.eu\/fr\/wp-json\/wp\/v2\/product\/3029\/revisions"}],"predecessor-version":[{"id":6459,"href":"https:\/\/touchproeurope.eu\/fr\/wp-json\/wp\/v2\/product\/3029\/revisions\/6459"}],"wp:featuredmedia":[{"embeddable":true,"href":"https:\/\/touchproeurope.eu\/fr\/wp-json\/wp\/v2\/media\/5102"}],"wp:attachment":[{"href":"https:\/\/touchproeurope.eu\/fr\/wp-json\/wp\/v2\/media?parent=3029"}],"wp:term":[{"taxonomy":"product_brand","embeddable":true,"href":"https:\/\/touchproeurope.eu\/fr\/wp-json\/wp\/v2\/product_brand?post=3029"},{"taxonomy":"product_cat","embeddable":true,"href":"https:\/\/touchproeurope.eu\/fr\/wp-json\/wp\/v2\/product_cat?post=3029"},{"taxonomy":"product_tag","embeddable":true,"href":"https:\/\/touchproeurope.eu\/fr\/wp-json\/wp\/v2\/product_tag?post=3029"}],"curies":[{"name":"wp","href":"https:\/\/api.w.org\/{rel}","templated":true}]}}