{"id":3062,"date":"2023-11-09T16:03:11","date_gmt":"2023-11-09T16:03:11","guid":{"rendered":"https:\/\/touchproeurope.eu\/?post_type=product&#038;p=3062"},"modified":"2026-03-04T16:56:16","modified_gmt":"2026-03-04T16:56:16","slug":"lingettes-jetables-de-base-sans-elastique","status":"publish","type":"product","link":"https:\/\/touchproeurope.eu\/fr\/product\/basic-wegwerpdoekjes-zonder-elastiek\/","title":{"rendered":"Lingettes jetables de base sans \u00e9lastique"},"content":{"rendered":"<p>D\u00e9couvrez le summum de la commodit\u00e9 avec nos lingettes jetables Basic sans \u00e9lastique. Ces lingettes sont con\u00e7ues pour simplifier votre routine quotidienne et offrent une s\u00e9rie d'avantages pour vous et vos utilisateurs.<\/p>\n<p>Mettant l'accent sur la simplicit\u00e9 et l'utilisation pratique, nos lingettes jetables sont le compagnon id\u00e9al pour diverses applications. Gr\u00e2ce \u00e0 l'absence d'\u00e9lasticit\u00e9, elles sont exceptionnellement faciles \u00e0 manipuler et s'adaptent sans effort \u00e0 diff\u00e9rentes situations. Vous b\u00e9n\u00e9ficiez ainsi non seulement d'un flux de travail fluide, mais aussi du confort ultime d'une utilisation sans complication.<\/p>\n<p>Que vous soyez un professionnel de sant\u00e9 chevronn\u00e9 en qu\u00eate d'efficacit\u00e9 ou une personne \u00e0 la recherche de lingettes jetables pratiques pour un usage quotidien. Ces lingettes de base vous offrent la fiabilit\u00e9 dont vous avez besoin.<\/p>\n<p>La conception intelligente garantit des changements rapides, ce qui permet de gagner un temps pr\u00e9cieux. Que vous travailliez dans un environnement anim\u00e9 ou que vous soyez en d\u00e9placement, nos lingettes jetables constituent la solution id\u00e9ale.<\/p>\n<p>Choisissez la commodit\u00e9, choisissez l'efficacit\u00e9. Commandez d\u00e8s aujourd'hui les lingettes jetables Basic sans \u00e9lastique et constatez par vous-m\u00eame qu'elles facilitent vos t\u00e2ches quotidiennes. Simplifiez votre routine et profitez de la commodit\u00e9 de ces lingettes.<\/p>","protected":false},"excerpt":{"rendered":"<p>Les lingettes jetables Basic sans \u00e9lastique offrent une commodit\u00e9 sans effort pour tous les jours. Gr\u00e2ce \u00e0 leur conception simple, elles sont faciles \u00e0 manipuler et s'adaptent \u00e0 toutes les situations. Que vous travailliez dans le secteur de la sant\u00e9 ou que vous ayez besoin de lingettes quotidiennes, ces lingettes Basic allient fiabilit\u00e9 et facilit\u00e9 d'utilisation.<\/p>\n<p><strong>Veuillez noter que ces lingettes sont l\u00e9g\u00e8rement plus petites que les couvertures jetables Earthlite.<\/strong><\/p>","protected":false},"featured_media":5123,"comment_status":"open","ping_status":"closed","template":"","meta":[],"product_brand":[],"product_cat":[480,107],"product_tag":[209,207,208],"class_list":{"0":"post-3062","1":"product","2":"type-product","3":"status-publish","4":"has-post-thumbnail","6":"product_cat-tafellinnen-covers","7":"product_cat-wegwerp-covers","8":"product_tag-basic","9":"product_tag-wegwerpdoekjes","10":"product_tag-zonder-elastiek","11":"product_shipping_class-klein-pakket","12":"pa_kleur-wit","13":"pa_merk-touchpro","15":"first","16":"instock","17":"taxable","18":"shipping-taxable","19":"purchasable","20":"product-type-variable"},"yoast_head":"<!-- This site is optimized with the Yoast SEO Premium plugin v27.3 (Yoast SEO v27.3) - https:\/\/yoast.com\/product\/yoast-seo-premium-wordpress\/ -->\n<title>Basic wegwerpdoekjes zonder elastiek - TouchPro Europe Shop<\/title>\n<meta name=\"description\" content=\"Maak je leven gemakkelijker met Basic wegwerpdoekjes zonder elastiek. Deze praktische doekjes passen perfect in elke situatie, probeer ze vandaag!\" \/>\n<meta name=\"robots\" content=\"index, follow, max-snippet:-1, max-image-preview:large, max-video-preview:-1\" \/>\n<link rel=\"canonical\" href=\"https:\/\/touchproeurope.eu\/fr\/product\/lingettes-jetables-de-base-sans-elastique\/\" \/>\n<meta property=\"og:locale\" content=\"fr_FR\" \/>\n<meta property=\"og:type\" content=\"article\" \/>\n<meta property=\"og:title\" content=\"Basic wegwerpdoekjes zonder elastiek\" \/>\n<meta property=\"og:description\" content=\"Maak je leven gemakkelijker met Basic wegwerpdoekjes zonder elastiek. Deze praktische doekjes passen perfect in elke situatie, probeer ze vandaag!\" \/>\n<meta property=\"og:url\" content=\"https:\/\/touchproeurope.eu\/fr\/product\/lingettes-jetables-de-base-sans-elastique\/\" \/>\n<meta property=\"og:site_name\" content=\"TouchPro Europe Shop\" \/>\n<meta property=\"article:publisher\" content=\"https:\/\/www.facebook.com\/TouchproNederland\/?locale=nl_NL%2f\" \/>\n<meta property=\"article:modified_time\" content=\"2026-03-04T16:56:16+00:00\" \/>\n<meta property=\"og:image\" content=\"https:\/\/touchproeurope.eu\/wp-content\/uploads\/2023\/11\/Producten-fotos-10-min.jpg\" \/>\n\t<meta property=\"og:image:width\" content=\"800\" \/>\n\t<meta property=\"og:image:height\" content=\"800\" \/>\n\t<meta property=\"og:image:type\" content=\"image\/jpeg\" \/>\n<meta name=\"twitter:card\" content=\"summary_large_image\" \/>\n<meta name=\"twitter:label1\" content=\"Disponibilit\u00e9\" \/>\n\t<meta name=\"twitter:data1\" content=\"En stock\" \/>\n<script type=\"application\/ld+json\" class=\"yoast-schema-graph\">{\"@context\":\"https:\\\/\\\/schema.org\",\"@graph\":[{\"@type\":\"WebPage\",\"@id\":\"https:\\\/\\\/touchproeurope.eu\\\/product\\\/basic-wegwerpdoekjes-zonder-elastiek\\\/\",\"url\":\"https:\\\/\\\/touchproeurope.eu\\\/product\\\/basic-wegwerpdoekjes-zonder-elastiek\\\/\",\"name\":\"Basic wegwerpdoekjes zonder elastiek - TouchPro Europe Shop\",\"isPartOf\":{\"@id\":\"https:\\\/\\\/touchproeurope.eu\\\/#website\"},\"primaryImageOfPage\":{\"@id\":\"https:\\\/\\\/touchproeurope.eu\\\/product\\\/basic-wegwerpdoekjes-zonder-elastiek\\\/#primaryimage\"},\"image\":{\"@id\":\"https:\\\/\\\/touchproeurope.eu\\\/product\\\/basic-wegwerpdoekjes-zonder-elastiek\\\/#primaryimage\"},\"thumbnailUrl\":\"https:\\\/\\\/i0.wp.com\\\/touchproeurope.eu\\\/wp-content\\\/uploads\\\/2023\\\/11\\\/Producten-fotos-10-min.jpg?fit=800%2C800&ssl=1\",\"datePublished\":\"2023-11-09T16:03:11+00:00\",\"dateModified\":\"2026-03-04T16:56:16+00:00\",\"description\":\"Maak je leven gemakkelijker met Basic wegwerpdoekjes zonder elastiek. Deze praktische doekjes passen perfect in elke situatie, probeer ze vandaag!\",\"breadcrumb\":{\"@id\":\"https:\\\/\\\/touchproeurope.eu\\\/product\\\/basic-wegwerpdoekjes-zonder-elastiek\\\/#breadcrumb\"},\"inLanguage\":\"fr-FR\",\"potentialAction\":[{\"@type\":\"ReadAction\",\"target\":[\"https:\\\/\\\/touchproeurope.eu\\\/product\\\/basic-wegwerpdoekjes-zonder-elastiek\\\/\"]}]},{\"@type\":\"ImageObject\",\"inLanguage\":\"fr-FR\",\"@id\":\"https:\\\/\\\/touchproeurope.eu\\\/product\\\/basic-wegwerpdoekjes-zonder-elastiek\\\/#primaryimage\",\"url\":\"https:\\\/\\\/i0.wp.com\\\/touchproeurope.eu\\\/wp-content\\\/uploads\\\/2023\\\/11\\\/Producten-fotos-10-min.jpg?fit=800%2C800&ssl=1\",\"contentUrl\":\"https:\\\/\\\/i0.wp.com\\\/touchproeurope.eu\\\/wp-content\\\/uploads\\\/2023\\\/11\\\/Producten-fotos-10-min.jpg?fit=800%2C800&ssl=1\",\"width\":800,\"height\":800,\"caption\":\"Basic wegwerpdoekjes zonder elastiek\"},{\"@type\":\"BreadcrumbList\",\"@id\":\"https:\\\/\\\/touchproeurope.eu\\\/product\\\/basic-wegwerpdoekjes-zonder-elastiek\\\/#breadcrumb\",\"itemListElement\":[{\"@type\":\"ListItem\",\"position\":1,\"name\":\"Home\",\"item\":\"https:\\\/\\\/touchproeurope.eu\\\/\"},{\"@type\":\"ListItem\",\"position\":2,\"name\":\"Winkel\",\"item\":\"https:\\\/\\\/touchproeurope.eu\\\/winkel\\\/\"},{\"@type\":\"ListItem\",\"position\":3,\"name\":\"Basic wegwerpdoekjes zonder elastiek\"}]},{\"@type\":\"WebSite\",\"@id\":\"https:\\\/\\\/touchproeurope.eu\\\/#website\",\"url\":\"https:\\\/\\\/touchproeurope.eu\\\/\",\"name\":\"TouchPro Europe Shop\",\"description\":\"Alles voor jouw praktijk met een PROfessionele Touch!\",\"publisher\":{\"@id\":\"https:\\\/\\\/touchproeurope.eu\\\/#organization\"},\"alternateName\":\"TPE\",\"potentialAction\":[{\"@type\":\"SearchAction\",\"target\":{\"@type\":\"EntryPoint\",\"urlTemplate\":\"https:\\\/\\\/touchproeurope.eu\\\/?s={search_term_string}\"},\"query-input\":{\"@type\":\"PropertyValueSpecification\",\"valueRequired\":true,\"valueName\":\"search_term_string\"}}],\"inLanguage\":\"fr-FR\"},{\"@type\":\"Organization\",\"@id\":\"https:\\\/\\\/touchproeurope.eu\\\/#organization\",\"name\":\"TouchPro Europe BV\",\"alternateName\":\"TPE\",\"url\":\"https:\\\/\\\/touchproeurope.eu\\\/\",\"logo\":{\"@type\":\"ImageObject\",\"inLanguage\":\"fr-FR\",\"@id\":\"https:\\\/\\\/touchproeurope.eu\\\/#\\\/schema\\\/logo\\\/image\\\/\",\"url\":\"https:\\\/\\\/i0.wp.com\\\/touchproeurope.eu\\\/wp-content\\\/uploads\\\/2023\\\/10\\\/2b592c_b6944d80811246d987cc2c29accedf3f.png?fit=1417%2C531&ssl=1\",\"contentUrl\":\"https:\\\/\\\/i0.wp.com\\\/touchproeurope.eu\\\/wp-content\\\/uploads\\\/2023\\\/10\\\/2b592c_b6944d80811246d987cc2c29accedf3f.png?fit=1417%2C531&ssl=1\",\"width\":1417,\"height\":531,\"caption\":\"TouchPro Europe BV\"},\"image\":{\"@id\":\"https:\\\/\\\/touchproeurope.eu\\\/#\\\/schema\\\/logo\\\/image\\\/\"},\"sameAs\":[\"https:\\\/\\\/www.facebook.com\\\/TouchproNederland\\\/?locale=nl_NL\\\/\",\"https:\\\/\\\/www.instagram.com\\\/touchpro2016\\\/\",\"https:\\\/\\\/www.linkedin.com\\\/company\\\/touchpro-europe-bv\\\/\"],\"description\":\"TouchPro Europe Shop is de massage winkel van Europa. Wij verkopen topkwaliteit massageproducten aan masseurs, pedicures, fysiotherapeuten, manicuren, Wellness centra, opleidingen, etc. TouchPro begon als een kleine webshop in Nederland, maar is nu uitgegroeid tot een webshop met klanten uit heel Europa. Wij bieden een breed assortiment aan massageproducten, waaronder massagetafels, oli\u00ebn, cr\u00e8mes, en accessoires van topmerken, zoals Earthlite, Stronglite en InnerStrenght, Habys, Living Earth Crafts en Continuum en andere leveranciers van massage accessoires. Bestel hier de beste massagematerialen van Europa!\",\"email\":\"info@touchpro-europe.com\",\"telephone\":\"0858768829\",\"legalName\":\"TouchPro Europe BV\",\"foundingDate\":\"2018-01-11\",\"vatID\":\"NL855430151B01\",\"numberOfEmployees\":{\"@type\":\"QuantitativeValue\",\"minValue\":\"1\",\"maxValue\":\"10\"},\"hasMerchantReturnPolicy\":{\"@type\":\"MerchantReturnPolicy\",\"merchantReturnLink\":\"https:\\\/\\\/touchproeurope.eu\\\/fr\\\/retourbeleid\\\/\"}}]}<\/script>\n<meta property=\"product:brand\" content=\"TouchPro\" \/>\n<meta property=\"og:availability\" content=\"instock\" \/>\n<meta property=\"product:availability\" content=\"instock\" \/>\n<meta property=\"product:retailer_item_id\" content=\"45100\" \/>\n<meta property=\"product:condition\" content=\"new\" \/>\n<!-- \/ Yoast SEO Premium plugin. -->","yoast_head_json":{"title":"Lingettes jetables de base sans \u00e9lastique - TouchPro Europe Shop","description":"Facilitez-vous la vie avec les lingettes jetables Basic sans \u00e9lastique. Ces lingettes pratiques s'adaptent parfaitement \u00e0 toutes les situations, essayez-les d\u00e8s aujourd'hui !","robots":{"index":"index","follow":"follow","max-snippet":"max-snippet:-1","max-image-preview":"max-image-preview:large","max-video-preview":"max-video-preview:-1"},"canonical":"https:\/\/touchproeurope.eu\/fr\/product\/lingettes-jetables-de-base-sans-elastique\/","og_locale":"fr_FR","og_type":"article","og_title":"Basic wegwerpdoekjes zonder elastiek","og_description":"Maak je leven gemakkelijker met Basic wegwerpdoekjes zonder elastiek. Deze praktische doekjes passen perfect in elke situatie, probeer ze vandaag!","og_url":"https:\/\/touchproeurope.eu\/fr\/product\/lingettes-jetables-de-base-sans-elastique\/","og_site_name":"TouchPro Europe Shop","article_publisher":"https:\/\/www.facebook.com\/TouchproNederland\/?locale=nl_NL%2f","article_modified_time":"2026-03-04T16:56:16+00:00","og_image":[{"width":800,"height":800,"url":"https:\/\/touchproeurope.eu\/wp-content\/uploads\/2023\/11\/Producten-fotos-10-min.jpg","type":"image\/jpeg"}],"twitter_card":"summary_large_image","twitter_misc":{"Disponibilit\u00e9":"En stock"},"schema":{"@context":"https:\/\/schema.org","@graph":[{"@type":"WebPage","@id":"https:\/\/touchproeurope.eu\/product\/basic-wegwerpdoekjes-zonder-elastiek\/","url":"https:\/\/touchproeurope.eu\/product\/basic-wegwerpdoekjes-zonder-elastiek\/","name":"Lingettes jetables de base sans \u00e9lastique - TouchPro Europe Shop","isPartOf":{"@id":"https:\/\/touchproeurope.eu\/#website"},"primaryImageOfPage":{"@id":"https:\/\/touchproeurope.eu\/product\/basic-wegwerpdoekjes-zonder-elastiek\/#primaryimage"},"image":{"@id":"https:\/\/touchproeurope.eu\/product\/basic-wegwerpdoekjes-zonder-elastiek\/#primaryimage"},"thumbnailUrl":"https:\/\/i0.wp.com\/touchproeurope.eu\/wp-content\/uploads\/2023\/11\/Producten-fotos-10-min.jpg?fit=800%2C800&ssl=1","datePublished":"2023-11-09T16:03:11+00:00","dateModified":"2026-03-04T16:56:16+00:00","description":"Facilitez-vous la vie avec les lingettes jetables Basic sans \u00e9lastique. Ces lingettes pratiques s'adaptent parfaitement \u00e0 toutes les situations, essayez-les d\u00e8s aujourd'hui !","breadcrumb":{"@id":"https:\/\/touchproeurope.eu\/product\/basic-wegwerpdoekjes-zonder-elastiek\/#breadcrumb"},"inLanguage":"fr-FR","potentialAction":[{"@type":"ReadAction","target":["https:\/\/touchproeurope.eu\/product\/basic-wegwerpdoekjes-zonder-elastiek\/"]}]},{"@type":"ImageObject","inLanguage":"fr-FR","@id":"https:\/\/touchproeurope.eu\/product\/basic-wegwerpdoekjes-zonder-elastiek\/#primaryimage","url":"https:\/\/i0.wp.com\/touchproeurope.eu\/wp-content\/uploads\/2023\/11\/Producten-fotos-10-min.jpg?fit=800%2C800&ssl=1","contentUrl":"https:\/\/i0.wp.com\/touchproeurope.eu\/wp-content\/uploads\/2023\/11\/Producten-fotos-10-min.jpg?fit=800%2C800&ssl=1","width":800,"height":800,"caption":"Basic wegwerpdoekjes zonder elastiek"},{"@type":"BreadcrumbList","@id":"https:\/\/touchproeurope.eu\/product\/basic-wegwerpdoekjes-zonder-elastiek\/#breadcrumb","itemListElement":[{"@type":"ListItem","position":1,"name":"Home","item":"https:\/\/touchproeurope.eu\/"},{"@type":"ListItem","position":2,"name":"Winkel","item":"https:\/\/touchproeurope.eu\/winkel\/"},{"@type":"ListItem","position":3,"name":"Basic wegwerpdoekjes zonder elastiek"}]},{"@type":"WebSite","@id":"https:\/\/touchproeurope.eu\/#website","url":"https:\/\/touchproeurope.eu\/","name":"TouchPro Europe Shop","description":"Tout pour votre pratique avec une touche PROfessionnelle !","publisher":{"@id":"https:\/\/touchproeurope.eu\/#organization"},"alternateName":"TPE","potentialAction":[{"@type":"SearchAction","target":{"@type":"EntryPoint","urlTemplate":"https:\/\/touchproeurope.eu\/?s={search_term_string}"},"query-input":{"@type":"PropertyValueSpecification","valueRequired":true,"valueName":"search_term_string"}}],"inLanguage":"fr-FR"},{"@type":"Organization","@id":"https:\/\/touchproeurope.eu\/#organization","name":"TouchPro Europe BV","alternateName":"TPE","url":"https:\/\/touchproeurope.eu\/","logo":{"@type":"ImageObject","inLanguage":"fr-FR","@id":"https:\/\/touchproeurope.eu\/#\/schema\/logo\/image\/","url":"https:\/\/i0.wp.com\/touchproeurope.eu\/wp-content\/uploads\/2023\/10\/2b592c_b6944d80811246d987cc2c29accedf3f.png?fit=1417%2C531&ssl=1","contentUrl":"https:\/\/i0.wp.com\/touchproeurope.eu\/wp-content\/uploads\/2023\/10\/2b592c_b6944d80811246d987cc2c29accedf3f.png?fit=1417%2C531&ssl=1","width":1417,"height":531,"caption":"TouchPro Europe BV"},"image":{"@id":"https:\/\/touchproeurope.eu\/#\/schema\/logo\/image\/"},"sameAs":["https:\/\/www.facebook.com\/TouchproNederland\/?locale=nl_NL\/","https:\/\/www.instagram.com\/touchpro2016\/","https:\/\/www.linkedin.com\/company\/touchpro-europe-bv\/"],"description":"TouchPro Europe Shop est le magasin de massage de l'Europe. Nous vendons des produits de massage de qualit\u00e9 sup\u00e9rieure aux masseurs, p\u00e9dicures, physioth\u00e9rapeutes, manucures, centres de bien-\u00eatre, cours de formation, etc. TouchPro a commenc\u00e9 comme un petit magasin aux Pays-Bas, mais s'est maintenant d\u00e9velopp\u00e9 pour devenir un magasin avec des clients de toute l'Europe. Nous proposons une large gamme de produits de massage, notamment des tables de massage, des huiles, des cr\u00e8mes et des accessoires de grandes marques telles que Earthlite, Stronglite et InnerStrenght, Habys, Living Earth Crafts et Continuum, ainsi que d'autres fournisseurs d'accessoires de massage. Commandez ici les meilleurs produits de massage d'Europe !","email":"info@touchpro-europe.com","telephone":"0858768829","legalName":"TouchPro Europe BV","foundingDate":"2018-01-11","vatID":"NL855430151B01","numberOfEmployees":{"@type":"QuantitativeValue","minValue":"1","maxValue":"10"},"hasMerchantReturnPolicy":{"@type":"MerchantReturnPolicy","merchantReturnLink":"https:\/\/touchproeurope.eu\/fr\/retourbeleid\/"}}]},"product_brand":"TouchPro","og_availability":"instock","product_availability":"instock","product_retailer_item_id":"45100","product_condition":"new"},"_links":{"self":[{"href":"https:\/\/touchproeurope.eu\/fr\/wp-json\/wp\/v2\/product\/3062","targetHints":{"allow":["GET"]}}],"collection":[{"href":"https:\/\/touchproeurope.eu\/fr\/wp-json\/wp\/v2\/product"}],"about":[{"href":"https:\/\/touchproeurope.eu\/fr\/wp-json\/wp\/v2\/types\/product"}],"replies":[{"embeddable":true,"href":"https:\/\/touchproeurope.eu\/fr\/wp-json\/wp\/v2\/comments?post=3062"}],"version-history":[{"count":4,"href":"https:\/\/touchproeurope.eu\/fr\/wp-json\/wp\/v2\/product\/3062\/revisions"}],"predecessor-version":[{"id":15832,"href":"https:\/\/touchproeurope.eu\/fr\/wp-json\/wp\/v2\/product\/3062\/revisions\/15832"}],"wp:featuredmedia":[{"embeddable":true,"href":"https:\/\/touchproeurope.eu\/fr\/wp-json\/wp\/v2\/media\/5123"}],"wp:attachment":[{"href":"https:\/\/touchproeurope.eu\/fr\/wp-json\/wp\/v2\/media?parent=3062"}],"wp:term":[{"taxonomy":"product_brand","embeddable":true,"href":"https:\/\/touchproeurope.eu\/fr\/wp-json\/wp\/v2\/product_brand?post=3062"},{"taxonomy":"product_cat","embeddable":true,"href":"https:\/\/touchproeurope.eu\/fr\/wp-json\/wp\/v2\/product_cat?post=3062"},{"taxonomy":"product_tag","embeddable":true,"href":"https:\/\/touchproeurope.eu\/fr\/wp-json\/wp\/v2\/product_tag?post=3062"}],"curies":[{"name":"wp","href":"https:\/\/api.w.org\/{rel}","templated":true}]}}