{"id":3067,"date":"2023-11-09T16:03:42","date_gmt":"2023-11-09T16:03:42","guid":{"rendered":"https:\/\/touchproeurope.eu\/?post_type=product&#038;p=3067"},"modified":"2026-05-12T09:25:16","modified_gmt":"2026-05-12T09:25:16","slug":"ensemble-de-draps-en-flanelle-standard","status":"publish","type":"product","link":"https:\/\/touchproeurope.eu\/fr\/product\/standard-flannel-sheet-set\/","title":{"rendered":"Ensemble de draps en flanelle standard"},"content":{"rendered":"<div class=\"react-scroll-to-bottom--css-nyhxw-1n7m0yu\">\n<div class=\"flex flex-col text-sm pb-9\">\n<div class=\"w-full text-token-text-primary sm:AIPRM__conversation__response\" data-testid=\"conversation-turn-3\">\n<div class=\"px-4 py-2 justify-center text-base md:gap-6 m-auto\">\n<div class=\"flex flex-1 text-base mx-auto gap-3 md:px-5 lg:px-1 xl:px-5 md:max-w-3xl lg:max-w-[40rem] xl:max-w-[48rem] group final-completion\">\n<div class=\"relative flex w-full flex-col agent-turn\">\n<div class=\"flex-col gap-1 md:gap-3\">\n<div class=\"flex flex-grow flex-col max-w-full\">\n<div class=\"min-h-[20px] text-message flex flex-col items-start gap-3 whitespace-pre-wrap break-words [.text-message+&amp;]:mt-5 overflow-x-auto\" data-message-author-role=\"assistant\" data-message-id=\"526ce5f7-98b1-4d12-a94b-de426ec55c96\">\n<div class=\"markdown prose w-full break-words dark:prose-invert light AIPRM__conversation__response\">\n<p>Ontdek het ultieme comfort met onze Standard flannel sheet set, vervaardigd van natuurlijk katoenen flanel. Deze set is ontworpen om jouw slaapervaring te verbeteren en bestaat uit alles wat je nodig hebt:<\/p>\n<ul>\n<li>Een Fitted sheet om je matras te omhullen en te beschermen.<\/li>\n<li>Een Cover voor het behouden van je kussen in topconditie.<\/li>\n<li>Een Top sheet om jezelf in te wikkelen en een zalige nachtrust te bezorgen.<\/li>\n<\/ul>\n<p>Met deze set geniet je van onge\u00ebvenaarde zachtheid en comfort, wat bijdraagt aan een ontspannende en luxueuze massage-ervaring. Het natuurlijke katoenen flanel voelt heerlijk aan op de huid, waardoor zowel jij als je klanten volledig kunnen ontspannen en genieten.<\/p>\n<p>Laat je verwennen door de zachte streling van ons hoogwaardige materiaal, terwijl je de ultieme massage-ervaring cre\u00ebert voor jezelf en je cli\u00ebnten. Maak je massageruimte compleet met onze standaard complete laken set en bied een ervaring van pure verwennerij.<\/p>\n<p>Ontdek zelf het verschil en verhoog de kwaliteit van je massages vandaag nog!<\/p>\n<\/div>\n<\/div>\n<\/div>\n<\/div>\n<\/div>\n<\/div>\n<\/div>\n<\/div>\n<\/div>\n<\/div>\n","protected":false},"excerpt":{"rendered":"<p>Ensemble de draps standard en flanelle de coton naturel. L'ensemble se compose de :<\/p>\n<ul>\n<li>un drap housse pour couvrir la table<\/li>\n<li>housse pour votre oreiller<\/li>\n<li>pour votre client.<\/li>\n<\/ul>\n<p>D\u00e9couvrez la diff\u00e9rence par vous-m\u00eame et augmentez la qualit\u00e9 de vos massages d\u00e8s aujourd'hui !<\/p>","protected":false},"featured_media":5428,"comment_status":"open","ping_status":"closed","template":"","meta":[],"product_brand":[],"product_cat":[109,480],"product_tag":[196,277,276,275],"class_list":{"0":"post-3067","1":"product","2":"type-product","3":"status-publish","4":"has-post-thumbnail","6":"product_cat-katoenen-covers-tafellinnen","7":"product_cat-tafellinnen-covers","8":"product_tag-flanel","9":"product_tag-katoen","10":"product_tag-sheet-set","11":"product_tag-touchpro","12":"product_shipping_class-normaal-pakket","13":"pa_kleur-blauw","14":"pa_kleur-bruin","15":"pa_kleur-grijs","16":"pa_kleur-natural","17":"pa_kleur-paars","18":"pa_kleur-rood","19":"pa_kleur-wit","20":"pa_kleur-zwart","21":"pa_merk-touchpro","23":"first","24":"instock","25":"taxable","26":"shipping-taxable","27":"purchasable","28":"product-type-variable"},"yoast_head":"<!-- This site is optimized with the Yoast SEO Premium plugin v27.6 (Yoast SEO v27.6) - https:\/\/yoast.com\/product\/yoast-seo-premium-wordpress\/ -->\n<title>Standard flannel sheet set - TouchPro Europe Shop<\/title>\n<meta name=\"description\" content=\"Ervaar luxe en comfort met onze Standard flannel sheet set voor massage tafels. Cre\u00eber een ontspannende ervaring voor jou en je klanten!\" \/>\n<meta name=\"robots\" content=\"index, follow, max-snippet:-1, max-image-preview:large, max-video-preview:-1\" \/>\n<link rel=\"canonical\" href=\"https:\/\/touchproeurope.eu\/fr\/product\/ensemble-de-draps-en-flanelle-standard\/\" \/>\n<meta property=\"og:locale\" content=\"fr_FR\" \/>\n<meta property=\"og:type\" content=\"article\" \/>\n<meta property=\"og:title\" content=\"Standard flannel sheet set\" \/>\n<meta property=\"og:description\" content=\"Ervaar luxe en comfort met onze Standard flannel sheet set voor massage tafels. Cre\u00eber een ontspannende ervaring voor jou en je klanten!\" \/>\n<meta property=\"og:url\" content=\"https:\/\/touchproeurope.eu\/fr\/product\/ensemble-de-draps-en-flanelle-standard\/\" \/>\n<meta property=\"og:site_name\" content=\"TouchPro Europe Shop\" \/>\n<meta property=\"article:publisher\" content=\"https:\/\/www.facebook.com\/TouchproNederland\/?locale=nl_NL%2f\" \/>\n<meta property=\"article:modified_time\" content=\"2026-05-12T09:25:16+00:00\" \/>\n<meta property=\"og:image\" content=\"https:\/\/touchproeurope.eu\/wp-content\/uploads\/2023\/11\/3532465156.jpg\" \/>\n\t<meta property=\"og:image:width\" content=\"1500\" \/>\n\t<meta property=\"og:image:height\" content=\"1500\" \/>\n\t<meta property=\"og:image:type\" content=\"image\/jpeg\" \/>\n<meta name=\"twitter:card\" content=\"summary_large_image\" \/>\n<meta name=\"twitter:label1\" content=\"Disponibilit\u00e9\" \/>\n\t<meta name=\"twitter:data1\" content=\"En stock\" \/>\n<script type=\"application\/ld+json\" class=\"yoast-schema-graph\">{\"@context\":\"https:\\\/\\\/schema.org\",\"@graph\":[{\"@type\":\"WebPage\",\"@id\":\"https:\\\/\\\/touchproeurope.eu\\\/product\\\/standard-flannel-sheet-set\\\/\",\"url\":\"https:\\\/\\\/touchproeurope.eu\\\/product\\\/standard-flannel-sheet-set\\\/\",\"name\":\"Standard flannel sheet set - TouchPro Europe Shop\",\"isPartOf\":{\"@id\":\"https:\\\/\\\/touchproeurope.eu\\\/#website\"},\"primaryImageOfPage\":{\"@id\":\"https:\\\/\\\/touchproeurope.eu\\\/product\\\/standard-flannel-sheet-set\\\/#primaryimage\"},\"image\":{\"@id\":\"https:\\\/\\\/touchproeurope.eu\\\/product\\\/standard-flannel-sheet-set\\\/#primaryimage\"},\"thumbnailUrl\":\"https:\\\/\\\/i0.wp.com\\\/touchproeurope.eu\\\/wp-content\\\/uploads\\\/2023\\\/11\\\/3532465156.jpg?fit=1500%2C1500&ssl=1\",\"datePublished\":\"2023-11-09T16:03:42+00:00\",\"dateModified\":\"2026-05-12T09:25:16+00:00\",\"description\":\"Ervaar luxe en comfort met onze Standard flannel sheet set voor massage tafels. Cre\u00eber een ontspannende ervaring voor jou en je klanten!\",\"breadcrumb\":{\"@id\":\"https:\\\/\\\/touchproeurope.eu\\\/product\\\/standard-flannel-sheet-set\\\/#breadcrumb\"},\"inLanguage\":\"fr-FR\",\"potentialAction\":[{\"@type\":\"ReadAction\",\"target\":[\"https:\\\/\\\/touchproeurope.eu\\\/product\\\/standard-flannel-sheet-set\\\/\"]}]},{\"@type\":\"ImageObject\",\"inLanguage\":\"fr-FR\",\"@id\":\"https:\\\/\\\/touchproeurope.eu\\\/product\\\/standard-flannel-sheet-set\\\/#primaryimage\",\"url\":\"https:\\\/\\\/i0.wp.com\\\/touchproeurope.eu\\\/wp-content\\\/uploads\\\/2023\\\/11\\\/3532465156.jpg?fit=1500%2C1500&ssl=1\",\"contentUrl\":\"https:\\\/\\\/i0.wp.com\\\/touchproeurope.eu\\\/wp-content\\\/uploads\\\/2023\\\/11\\\/3532465156.jpg?fit=1500%2C1500&ssl=1\",\"width\":1500,\"height\":1500,\"caption\":\"Standaard flanellen Fitted laken\"},{\"@type\":\"BreadcrumbList\",\"@id\":\"https:\\\/\\\/touchproeurope.eu\\\/product\\\/standard-flannel-sheet-set\\\/#breadcrumb\",\"itemListElement\":[{\"@type\":\"ListItem\",\"position\":1,\"name\":\"Home\",\"item\":\"https:\\\/\\\/touchproeurope.eu\\\/\"},{\"@type\":\"ListItem\",\"position\":2,\"name\":\"Winkel\",\"item\":\"https:\\\/\\\/touchproeurope.eu\\\/winkel\\\/\"},{\"@type\":\"ListItem\",\"position\":3,\"name\":\"Standard flannel sheet set\"}]},{\"@type\":\"WebSite\",\"@id\":\"https:\\\/\\\/touchproeurope.eu\\\/#website\",\"url\":\"https:\\\/\\\/touchproeurope.eu\\\/\",\"name\":\"TouchPro Europe Shop\",\"description\":\"Alles voor jouw praktijk met een PROfessionele Touch!\",\"publisher\":{\"@id\":\"https:\\\/\\\/touchproeurope.eu\\\/#organization\"},\"alternateName\":\"TPE\",\"potentialAction\":[{\"@type\":\"SearchAction\",\"target\":{\"@type\":\"EntryPoint\",\"urlTemplate\":\"https:\\\/\\\/touchproeurope.eu\\\/?s={search_term_string}\"},\"query-input\":{\"@type\":\"PropertyValueSpecification\",\"valueRequired\":true,\"valueName\":\"search_term_string\"}}],\"inLanguage\":\"fr-FR\"},{\"@type\":\"Organization\",\"@id\":\"https:\\\/\\\/touchproeurope.eu\\\/#organization\",\"name\":\"TouchPro Europe BV\",\"alternateName\":\"TPE\",\"url\":\"https:\\\/\\\/touchproeurope.eu\\\/\",\"logo\":{\"@type\":\"ImageObject\",\"inLanguage\":\"fr-FR\",\"@id\":\"https:\\\/\\\/touchproeurope.eu\\\/#\\\/schema\\\/logo\\\/image\\\/\",\"url\":\"https:\\\/\\\/i0.wp.com\\\/touchproeurope.eu\\\/wp-content\\\/uploads\\\/2023\\\/10\\\/2b592c_b6944d80811246d987cc2c29accedf3f.png?fit=1417%2C531&ssl=1\",\"contentUrl\":\"https:\\\/\\\/i0.wp.com\\\/touchproeurope.eu\\\/wp-content\\\/uploads\\\/2023\\\/10\\\/2b592c_b6944d80811246d987cc2c29accedf3f.png?fit=1417%2C531&ssl=1\",\"width\":1417,\"height\":531,\"caption\":\"TouchPro Europe BV\"},\"image\":{\"@id\":\"https:\\\/\\\/touchproeurope.eu\\\/#\\\/schema\\\/logo\\\/image\\\/\"},\"sameAs\":[\"https:\\\/\\\/www.facebook.com\\\/TouchproNederland\\\/?locale=nl_NL\\\/\",\"https:\\\/\\\/www.instagram.com\\\/touchpro2016\\\/\",\"https:\\\/\\\/www.linkedin.com\\\/company\\\/touchpro-europe-bv\\\/\"],\"description\":\"TouchPro Europe Shop is de massage winkel van Europa. Wij verkopen topkwaliteit massageproducten aan masseurs, pedicures, fysiotherapeuten, manicuren, Wellness centra, opleidingen, etc. TouchPro begon als een kleine webshop in Nederland, maar is nu uitgegroeid tot een webshop met klanten uit heel Europa. Wij bieden een breed assortiment aan massageproducten, waaronder massagetafels, oli\u00ebn, cr\u00e8mes, en accessoires van topmerken, zoals Earthlite, Stronglite en InnerStrenght, Habys, Living Earth Crafts en Continuum en andere leveranciers van massage accessoires. Bestel hier de beste massagematerialen van Europa!\",\"email\":\"info@touchpro-europe.com\",\"telephone\":\"0858768829\",\"legalName\":\"TouchPro Europe BV\",\"foundingDate\":\"2018-01-11\",\"vatID\":\"NL855430151B01\",\"numberOfEmployees\":{\"@type\":\"QuantitativeValue\",\"minValue\":\"1\",\"maxValue\":\"10\"},\"hasMerchantReturnPolicy\":{\"@type\":\"MerchantReturnPolicy\",\"merchantReturnLink\":\"https:\\\/\\\/touchproeurope.eu\\\/fr\\\/retourbeleid\\\/\"}}]}<\/script>\n<meta property=\"product:brand\" content=\"TouchPro\" \/>\n<meta property=\"og:availability\" content=\"instock\" \/>\n<meta property=\"product:availability\" content=\"instock\" \/>\n<meta property=\"product:retailer_item_id\" content=\"4531x\" \/>\n<meta property=\"product:condition\" content=\"new\" \/>\n<!-- \/ Yoast SEO Premium plugin. -->","yoast_head_json":{"title":"Ensemble de draps standard en flanelle - TouchPro Europe Shop","description":"Faites l'exp\u00e9rience du luxe et du confort avec notre ensemble de draps en flanelle Standard pour tables de massage. Cr\u00e9ez une exp\u00e9rience relaxante pour vous et vos clients !","robots":{"index":"index","follow":"follow","max-snippet":"max-snippet:-1","max-image-preview":"max-image-preview:large","max-video-preview":"max-video-preview:-1"},"canonical":"https:\/\/touchproeurope.eu\/fr\/product\/ensemble-de-draps-en-flanelle-standard\/","og_locale":"fr_FR","og_type":"article","og_title":"Standard flannel sheet set","og_description":"Ervaar luxe en comfort met onze Standard flannel sheet set voor massage tafels. Cre\u00eber een ontspannende ervaring voor jou en je klanten!","og_url":"https:\/\/touchproeurope.eu\/fr\/product\/ensemble-de-draps-en-flanelle-standard\/","og_site_name":"TouchPro Europe Shop","article_publisher":"https:\/\/www.facebook.com\/TouchproNederland\/?locale=nl_NL%2f","article_modified_time":"2026-05-12T09:25:16+00:00","og_image":[{"width":1500,"height":1500,"url":"https:\/\/touchproeurope.eu\/wp-content\/uploads\/2023\/11\/3532465156.jpg","type":"image\/jpeg"}],"twitter_card":"summary_large_image","twitter_misc":{"Disponibilit\u00e9":"En stock"},"schema":{"@context":"https:\/\/schema.org","@graph":[{"@type":"WebPage","@id":"https:\/\/touchproeurope.eu\/product\/standard-flannel-sheet-set\/","url":"https:\/\/touchproeurope.eu\/product\/standard-flannel-sheet-set\/","name":"Ensemble de draps standard en flanelle - TouchPro Europe Shop","isPartOf":{"@id":"https:\/\/touchproeurope.eu\/#website"},"primaryImageOfPage":{"@id":"https:\/\/touchproeurope.eu\/product\/standard-flannel-sheet-set\/#primaryimage"},"image":{"@id":"https:\/\/touchproeurope.eu\/product\/standard-flannel-sheet-set\/#primaryimage"},"thumbnailUrl":"https:\/\/i0.wp.com\/touchproeurope.eu\/wp-content\/uploads\/2023\/11\/3532465156.jpg?fit=1500%2C1500&ssl=1","datePublished":"2023-11-09T16:03:42+00:00","dateModified":"2026-05-12T09:25:16+00:00","description":"Faites l'exp\u00e9rience du luxe et du confort avec notre ensemble de draps en flanelle Standard pour tables de massage. Cr\u00e9ez une exp\u00e9rience relaxante pour vous et vos clients !","breadcrumb":{"@id":"https:\/\/touchproeurope.eu\/product\/standard-flannel-sheet-set\/#breadcrumb"},"inLanguage":"fr-FR","potentialAction":[{"@type":"ReadAction","target":["https:\/\/touchproeurope.eu\/product\/standard-flannel-sheet-set\/"]}]},{"@type":"ImageObject","inLanguage":"fr-FR","@id":"https:\/\/touchproeurope.eu\/product\/standard-flannel-sheet-set\/#primaryimage","url":"https:\/\/i0.wp.com\/touchproeurope.eu\/wp-content\/uploads\/2023\/11\/3532465156.jpg?fit=1500%2C1500&ssl=1","contentUrl":"https:\/\/i0.wp.com\/touchproeurope.eu\/wp-content\/uploads\/2023\/11\/3532465156.jpg?fit=1500%2C1500&ssl=1","width":1500,"height":1500,"caption":"Standaard flanellen Fitted laken"},{"@type":"BreadcrumbList","@id":"https:\/\/touchproeurope.eu\/product\/standard-flannel-sheet-set\/#breadcrumb","itemListElement":[{"@type":"ListItem","position":1,"name":"Home","item":"https:\/\/touchproeurope.eu\/"},{"@type":"ListItem","position":2,"name":"Winkel","item":"https:\/\/touchproeurope.eu\/winkel\/"},{"@type":"ListItem","position":3,"name":"Standard flannel sheet set"}]},{"@type":"WebSite","@id":"https:\/\/touchproeurope.eu\/#website","url":"https:\/\/touchproeurope.eu\/","name":"TouchPro Europe Shop","description":"Tout pour votre pratique avec une touche PROfessionnelle !","publisher":{"@id":"https:\/\/touchproeurope.eu\/#organization"},"alternateName":"TPE","potentialAction":[{"@type":"SearchAction","target":{"@type":"EntryPoint","urlTemplate":"https:\/\/touchproeurope.eu\/?s={search_term_string}"},"query-input":{"@type":"PropertyValueSpecification","valueRequired":true,"valueName":"search_term_string"}}],"inLanguage":"fr-FR"},{"@type":"Organization","@id":"https:\/\/touchproeurope.eu\/#organization","name":"TouchPro Europe BV","alternateName":"TPE","url":"https:\/\/touchproeurope.eu\/","logo":{"@type":"ImageObject","inLanguage":"fr-FR","@id":"https:\/\/touchproeurope.eu\/#\/schema\/logo\/image\/","url":"https:\/\/i0.wp.com\/touchproeurope.eu\/wp-content\/uploads\/2023\/10\/2b592c_b6944d80811246d987cc2c29accedf3f.png?fit=1417%2C531&ssl=1","contentUrl":"https:\/\/i0.wp.com\/touchproeurope.eu\/wp-content\/uploads\/2023\/10\/2b592c_b6944d80811246d987cc2c29accedf3f.png?fit=1417%2C531&ssl=1","width":1417,"height":531,"caption":"TouchPro Europe BV"},"image":{"@id":"https:\/\/touchproeurope.eu\/#\/schema\/logo\/image\/"},"sameAs":["https:\/\/www.facebook.com\/TouchproNederland\/?locale=nl_NL\/","https:\/\/www.instagram.com\/touchpro2016\/","https:\/\/www.linkedin.com\/company\/touchpro-europe-bv\/"],"description":"TouchPro Europe Shop est le magasin de massage de l'Europe. Nous vendons des produits de massage de qualit\u00e9 sup\u00e9rieure aux masseurs, p\u00e9dicures, physioth\u00e9rapeutes, manucures, centres de bien-\u00eatre, cours de formation, etc. TouchPro a commenc\u00e9 comme un petit magasin aux Pays-Bas, mais s'est maintenant d\u00e9velopp\u00e9 pour devenir un magasin avec des clients de toute l'Europe. Nous proposons une large gamme de produits de massage, notamment des tables de massage, des huiles, des cr\u00e8mes et des accessoires de grandes marques telles que Earthlite, Stronglite et InnerStrenght, Habys, Living Earth Crafts et Continuum, ainsi que d'autres fournisseurs d'accessoires de massage. Commandez ici les meilleurs produits de massage d'Europe !","email":"info@touchpro-europe.com","telephone":"0858768829","legalName":"TouchPro Europe BV","foundingDate":"2018-01-11","vatID":"NL855430151B01","numberOfEmployees":{"@type":"QuantitativeValue","minValue":"1","maxValue":"10"},"hasMerchantReturnPolicy":{"@type":"MerchantReturnPolicy","merchantReturnLink":"https:\/\/touchproeurope.eu\/fr\/retourbeleid\/"}}]},"product_brand":"TouchPro","og_availability":"instock","product_availability":"instock","product_retailer_item_id":"4531x","product_condition":"new"},"_links":{"self":[{"href":"https:\/\/touchproeurope.eu\/fr\/wp-json\/wp\/v2\/product\/3067","targetHints":{"allow":["GET"]}}],"collection":[{"href":"https:\/\/touchproeurope.eu\/fr\/wp-json\/wp\/v2\/product"}],"about":[{"href":"https:\/\/touchproeurope.eu\/fr\/wp-json\/wp\/v2\/types\/product"}],"replies":[{"embeddable":true,"href":"https:\/\/touchproeurope.eu\/fr\/wp-json\/wp\/v2\/comments?post=3067"}],"version-history":[{"count":4,"href":"https:\/\/touchproeurope.eu\/fr\/wp-json\/wp\/v2\/product\/3067\/revisions"}],"predecessor-version":[{"id":16260,"href":"https:\/\/touchproeurope.eu\/fr\/wp-json\/wp\/v2\/product\/3067\/revisions\/16260"}],"wp:featuredmedia":[{"embeddable":true,"href":"https:\/\/touchproeurope.eu\/fr\/wp-json\/wp\/v2\/media\/5428"}],"wp:attachment":[{"href":"https:\/\/touchproeurope.eu\/fr\/wp-json\/wp\/v2\/media?parent=3067"}],"wp:term":[{"taxonomy":"product_brand","embeddable":true,"href":"https:\/\/touchproeurope.eu\/fr\/wp-json\/wp\/v2\/product_brand?post=3067"},{"taxonomy":"product_cat","embeddable":true,"href":"https:\/\/touchproeurope.eu\/fr\/wp-json\/wp\/v2\/product_cat?post=3067"},{"taxonomy":"product_tag","embeddable":true,"href":"https:\/\/touchproeurope.eu\/fr\/wp-json\/wp\/v2\/product_tag?post=3067"}],"curies":[{"name":"wp","href":"https:\/\/api.w.org\/{rel}","templated":true}]}}