{"id":3091,"date":"2023-11-09T16:04:49","date_gmt":"2023-11-09T16:04:49","guid":{"rendered":"https:\/\/touchproeurope.eu\/?post_type=product&#038;p=3091"},"modified":"2026-04-22T09:31:57","modified_gmt":"2026-04-22T09:31:57","slug":"sac-de-transport-pour-fauteuil-de-massage-ergopro2","status":"publish","type":"product","link":"https:\/\/touchproeurope.eu\/fr\/product\/draagtas-voor-ergopro2-massagestoel\/","title":{"rendered":"Sac de transport pour fauteuil de massage ErgoPro2"},"content":{"rendered":"<p>D\u00e9couvrez la protection ultime pour votre fauteuil de massage Stronglite ErgoPro2 - le sac de transport Stronglite ErgoPro ! Sp\u00e9cialement con\u00e7u pour s'adapter parfaitement \u00e0 votre fauteuil de massage, ce sac de transport offre non seulement une protection \u00e9l\u00e9gante, mais aussi une exp\u00e9rience de port \u00e0 un niveau sup\u00e9rieur.<\/p>\n<p>Ce sac de remplacement est la solution parfaite pour l'ancien mod\u00e8le du Stronglite ErgoPro. Plus de probl\u00e8mes avec des sacs inadapt\u00e9s - contactez-nous. Nous veillerons \u00e0 ce que vous receviez le sac de transport parfaitement adapt\u00e9 \u00e0 votre fauteuil. Cela en vaut la peine, car votre fauteuil de massage m\u00e9rite ce qu'il y a de mieux !<\/p>\n<p>Le sac de transport pour le fauteuil de massage ErgoPro2 est propos\u00e9 dans un design noir intemporel, ce qui vous permet d'investir non seulement dans la fonctionnalit\u00e9 mais aussi dans le style. Gr\u00e2ce \u00e0 son mat\u00e9riau durable, le sac prot\u00e8ge votre fauteuil de massage de la poussi\u00e8re, des rayures et d'autres dommages ind\u00e9sirables, de sorte que votre fauteuil sera toujours comme neuf.<\/p>\n<p>Avec son design \u00e9l\u00e9gant et ses poign\u00e9es de transport pratiques, ce sac n'est pas seulement un choix pratique. C'est aussi un accessoire de mode pour votre fauteuil de massage. Emportez votre fauteuil partout avec l'assurance qu'il est en s\u00e9curit\u00e9 et prot\u00e9g\u00e9.<\/p>\n<p>Qu'est-ce que vous attendez ? Donnez \u00e0 votre Stronglite ErgoPro2 l'attention qu'il m\u00e9rite avec le sac de transport pour fauteuil de massage ErgoPro2. Commandez aujourd'hui et d\u00e9couvrez la commodit\u00e9 d'une protection \u00e9l\u00e9gante !<\/p>","protected":false},"excerpt":{"rendered":"<p><strong>Mallette de transport Stronglite ErgoPro<\/strong><\/p>\n<p>Si vous cherchez un sac de remplacement pour l'ancien mod\u00e8le du Stronglite ErgoPro, veuillez nous contacter et nous ferons en sorte que vous obteniez le mod\u00e8le correspondant \u00e0 votre fauteuil.<\/p>\n<p>Prot\u00e9gez votre fauteuil de massage Stronglite ErgoPro2 avec style ! Le sac de transport Stronglite ErgoPro, sp\u00e9cialement con\u00e7u pour un ajustement parfait. D'un noir intemporel, ce sac prot\u00e8ge non seulement de la poussi\u00e8re et des rayures, mais il apporte aussi une touche d'\u00e9l\u00e9gance. Commandez d\u00e8s maintenant pour une protection sans effort et un transport \u00e9l\u00e9gant !<\/p>","protected":false},"featured_media":4178,"comment_status":"open","ping_status":"closed","template":"","meta":[],"product_brand":[343],"product_cat":[102],"product_tag":[61,141,21],"class_list":{"0":"post-3091","1":"product","2":"type-product","3":"status-publish","4":"has-post-thumbnail","6":"product_brand-earthlite","7":"product_cat-draagtassen-en-kussens","8":"product_tag-draagtas","9":"product_tag-ergopro-2","10":"product_tag-stronglite","11":"product_shipping_class-klein-pakket","13":"first","14":"instock","15":"taxable","16":"shipping-taxable","17":"purchasable","18":"product-type-simple"},"yoast_head":"<!-- This site is optimized with the Yoast SEO Premium plugin v27.4 (Yoast SEO v27.4) - https:\/\/yoast.com\/product\/yoast-seo-premium-wordpress\/ -->\n<title>Draagtas voor ErgoPro2 massagestoel - TouchPro Europe Shop<\/title>\n<meta name=\"description\" content=\"Ontdek de ultieme bescherming voor je Stronglite ErgoPro2 massagestoel - de Stronglite ErgoPro draagtas! Bestel hem hier bij TouchPro Europe Shop\" \/>\n<meta name=\"robots\" content=\"index, follow, max-snippet:-1, max-image-preview:large, max-video-preview:-1\" \/>\n<link rel=\"canonical\" href=\"https:\/\/touchproeurope.eu\/fr\/product\/sac-de-transport-pour-fauteuil-de-massage-ergopro2\/\" \/>\n<meta property=\"og:locale\" content=\"fr_FR\" \/>\n<meta property=\"og:type\" content=\"article\" \/>\n<meta property=\"og:title\" content=\"Draagtas voor ErgoPro2 massagestoel\" \/>\n<meta property=\"og:description\" content=\"Ontdek de ultieme bescherming voor je Stronglite ErgoPro2 massagestoel - de Stronglite ErgoPro draagtas! Bestel hem hier bij TouchPro Europe Shop\" \/>\n<meta property=\"og:url\" content=\"https:\/\/touchproeurope.eu\/fr\/product\/sac-de-transport-pour-fauteuil-de-massage-ergopro2\/\" \/>\n<meta property=\"og:site_name\" content=\"TouchPro Europe Shop\" \/>\n<meta property=\"article:publisher\" content=\"https:\/\/www.facebook.com\/TouchproNederland\/?locale=nl_NL%2f\" \/>\n<meta property=\"article:modified_time\" content=\"2026-04-22T09:31:57+00:00\" \/>\n<meta property=\"og:image\" content=\"https:\/\/touchproeurope.eu\/wp-content\/uploads\/2023\/11\/Draagtas-voor-ErgoPro2-massagestoel.jpg\" \/>\n\t<meta property=\"og:image:width\" content=\"800\" \/>\n\t<meta property=\"og:image:height\" content=\"800\" \/>\n\t<meta property=\"og:image:type\" content=\"image\/jpeg\" \/>\n<meta name=\"twitter:card\" content=\"summary_large_image\" \/>\n<meta name=\"twitter:label1\" content=\"Prix\" \/>\n\t<meta name=\"twitter:data1\" content=\"&euro;&nbsp;110,00 incl. BTW\" \/>\n\t<meta name=\"twitter:label2\" content=\"Disponibilit\u00e9\" \/>\n\t<meta name=\"twitter:data2\" content=\"En stock\" \/>\n<script type=\"application\/ld+json\" class=\"yoast-schema-graph\">{\"@context\":\"https:\\\/\\\/schema.org\",\"@graph\":[{\"@type\":\"WebPage\",\"@id\":\"https:\\\/\\\/touchproeurope.eu\\\/product\\\/draagtas-voor-ergopro2-massagestoel\\\/\",\"url\":\"https:\\\/\\\/touchproeurope.eu\\\/product\\\/draagtas-voor-ergopro2-massagestoel\\\/\",\"name\":\"Draagtas voor ErgoPro2 massagestoel - TouchPro Europe Shop\",\"isPartOf\":{\"@id\":\"https:\\\/\\\/touchproeurope.eu\\\/#website\"},\"primaryImageOfPage\":{\"@id\":\"https:\\\/\\\/touchproeurope.eu\\\/product\\\/draagtas-voor-ergopro2-massagestoel\\\/#primaryimage\"},\"image\":{\"@id\":\"https:\\\/\\\/touchproeurope.eu\\\/product\\\/draagtas-voor-ergopro2-massagestoel\\\/#primaryimage\"},\"thumbnailUrl\":\"https:\\\/\\\/i0.wp.com\\\/touchproeurope.eu\\\/wp-content\\\/uploads\\\/2023\\\/11\\\/Draagtas-voor-ErgoPro2-massagestoel.jpg?fit=800%2C800&ssl=1\",\"datePublished\":\"2023-11-09T16:04:49+00:00\",\"dateModified\":\"2026-04-22T09:31:57+00:00\",\"description\":\"Ontdek de ultieme bescherming voor je Stronglite ErgoPro2 massagestoel - de Stronglite ErgoPro draagtas! Bestel hem hier bij TouchPro Europe Shop\",\"breadcrumb\":{\"@id\":\"https:\\\/\\\/touchproeurope.eu\\\/product\\\/draagtas-voor-ergopro2-massagestoel\\\/#breadcrumb\"},\"inLanguage\":\"fr-FR\",\"potentialAction\":[{\"@type\":\"ReadAction\",\"target\":[\"https:\\\/\\\/touchproeurope.eu\\\/product\\\/draagtas-voor-ergopro2-massagestoel\\\/\"]}]},{\"@type\":\"ImageObject\",\"inLanguage\":\"fr-FR\",\"@id\":\"https:\\\/\\\/touchproeurope.eu\\\/product\\\/draagtas-voor-ergopro2-massagestoel\\\/#primaryimage\",\"url\":\"https:\\\/\\\/i0.wp.com\\\/touchproeurope.eu\\\/wp-content\\\/uploads\\\/2023\\\/11\\\/Draagtas-voor-ErgoPro2-massagestoel.jpg?fit=800%2C800&ssl=1\",\"contentUrl\":\"https:\\\/\\\/i0.wp.com\\\/touchproeurope.eu\\\/wp-content\\\/uploads\\\/2023\\\/11\\\/Draagtas-voor-ErgoPro2-massagestoel.jpg?fit=800%2C800&ssl=1\",\"width\":800,\"height\":800,\"caption\":\"Draagtas voor ErgoPro2 massagestoel\"},{\"@type\":\"BreadcrumbList\",\"@id\":\"https:\\\/\\\/touchproeurope.eu\\\/product\\\/draagtas-voor-ergopro2-massagestoel\\\/#breadcrumb\",\"itemListElement\":[{\"@type\":\"ListItem\",\"position\":1,\"name\":\"Home\",\"item\":\"https:\\\/\\\/touchproeurope.eu\\\/\"},{\"@type\":\"ListItem\",\"position\":2,\"name\":\"Winkel\",\"item\":\"https:\\\/\\\/touchproeurope.eu\\\/winkel\\\/\"},{\"@type\":\"ListItem\",\"position\":3,\"name\":\"Draagtas voor ErgoPro2 massagestoel\"}]},{\"@type\":\"WebSite\",\"@id\":\"https:\\\/\\\/touchproeurope.eu\\\/#website\",\"url\":\"https:\\\/\\\/touchproeurope.eu\\\/\",\"name\":\"TouchPro Europe Shop\",\"description\":\"Alles voor jouw praktijk met een PROfessionele Touch!\",\"publisher\":{\"@id\":\"https:\\\/\\\/touchproeurope.eu\\\/#organization\"},\"alternateName\":\"TPE\",\"potentialAction\":[{\"@type\":\"SearchAction\",\"target\":{\"@type\":\"EntryPoint\",\"urlTemplate\":\"https:\\\/\\\/touchproeurope.eu\\\/?s={search_term_string}\"},\"query-input\":{\"@type\":\"PropertyValueSpecification\",\"valueRequired\":true,\"valueName\":\"search_term_string\"}}],\"inLanguage\":\"fr-FR\"},{\"@type\":\"Organization\",\"@id\":\"https:\\\/\\\/touchproeurope.eu\\\/#organization\",\"name\":\"TouchPro Europe BV\",\"alternateName\":\"TPE\",\"url\":\"https:\\\/\\\/touchproeurope.eu\\\/\",\"logo\":{\"@type\":\"ImageObject\",\"inLanguage\":\"fr-FR\",\"@id\":\"https:\\\/\\\/touchproeurope.eu\\\/#\\\/schema\\\/logo\\\/image\\\/\",\"url\":\"https:\\\/\\\/i0.wp.com\\\/touchproeurope.eu\\\/wp-content\\\/uploads\\\/2023\\\/10\\\/2b592c_b6944d80811246d987cc2c29accedf3f.png?fit=1417%2C531&ssl=1\",\"contentUrl\":\"https:\\\/\\\/i0.wp.com\\\/touchproeurope.eu\\\/wp-content\\\/uploads\\\/2023\\\/10\\\/2b592c_b6944d80811246d987cc2c29accedf3f.png?fit=1417%2C531&ssl=1\",\"width\":1417,\"height\":531,\"caption\":\"TouchPro Europe BV\"},\"image\":{\"@id\":\"https:\\\/\\\/touchproeurope.eu\\\/#\\\/schema\\\/logo\\\/image\\\/\"},\"sameAs\":[\"https:\\\/\\\/www.facebook.com\\\/TouchproNederland\\\/?locale=nl_NL\\\/\",\"https:\\\/\\\/www.instagram.com\\\/touchpro2016\\\/\",\"https:\\\/\\\/www.linkedin.com\\\/company\\\/touchpro-europe-bv\\\/\"],\"description\":\"TouchPro Europe Shop is de massage winkel van Europa. Wij verkopen topkwaliteit massageproducten aan masseurs, pedicures, fysiotherapeuten, manicuren, Wellness centra, opleidingen, etc. TouchPro begon als een kleine webshop in Nederland, maar is nu uitgegroeid tot een webshop met klanten uit heel Europa. Wij bieden een breed assortiment aan massageproducten, waaronder massagetafels, oli\u00ebn, cr\u00e8mes, en accessoires van topmerken, zoals Earthlite, Stronglite en InnerStrenght, Habys, Living Earth Crafts en Continuum en andere leveranciers van massage accessoires. Bestel hier de beste massagematerialen van Europa!\",\"email\":\"info@touchpro-europe.com\",\"telephone\":\"0858768829\",\"legalName\":\"TouchPro Europe BV\",\"foundingDate\":\"2018-01-11\",\"vatID\":\"NL855430151B01\",\"numberOfEmployees\":{\"@type\":\"QuantitativeValue\",\"minValue\":\"1\",\"maxValue\":\"10\"},\"hasMerchantReturnPolicy\":{\"@type\":\"MerchantReturnPolicy\",\"merchantReturnLink\":\"https:\\\/\\\/touchproeurope.eu\\\/fr\\\/retourbeleid\\\/\"}}]}<\/script>\n<meta property=\"product:price:amount\" content=\"110.00\" \/>\n<meta property=\"product:price:currency\" content=\"EUR\" \/>\n<meta property=\"og:availability\" content=\"instock\" \/>\n<meta property=\"product:availability\" content=\"instock\" \/>\n<meta property=\"product:retailer_item_id\" content=\"51375\" \/>\n<meta property=\"product:condition\" content=\"new\" \/>\n<!-- \/ Yoast SEO Premium plugin. -->","yoast_head_json":{"title":"Mallette de transport pour le fauteuil de massage ErgoPro2 - TouchPro Europe Shop","description":"D\u00e9couvrez la protection ultime pour votre fauteuil de massage Stronglite ErgoPro2 - la mallette de transport Stronglite ErgoPro ! Commandez-la ici aupr\u00e8s de TouchPro Europe Shop","robots":{"index":"index","follow":"follow","max-snippet":"max-snippet:-1","max-image-preview":"max-image-preview:large","max-video-preview":"max-video-preview:-1"},"canonical":"https:\/\/touchproeurope.eu\/fr\/product\/sac-de-transport-pour-fauteuil-de-massage-ergopro2\/","og_locale":"fr_FR","og_type":"article","og_title":"Draagtas voor ErgoPro2 massagestoel","og_description":"Ontdek de ultieme bescherming voor je Stronglite ErgoPro2 massagestoel - de Stronglite ErgoPro draagtas! Bestel hem hier bij TouchPro Europe Shop","og_url":"https:\/\/touchproeurope.eu\/fr\/product\/sac-de-transport-pour-fauteuil-de-massage-ergopro2\/","og_site_name":"TouchPro Europe Shop","article_publisher":"https:\/\/www.facebook.com\/TouchproNederland\/?locale=nl_NL%2f","article_modified_time":"2026-04-22T09:31:57+00:00","og_image":[{"width":800,"height":800,"url":"https:\/\/touchproeurope.eu\/wp-content\/uploads\/2023\/11\/Draagtas-voor-ErgoPro2-massagestoel.jpg","type":"image\/jpeg"}],"twitter_card":"summary_large_image","twitter_misc":{"Prix":"&euro;&nbsp;110,00 incl. BTW","Disponibilit\u00e9":"En stock"},"schema":{"@context":"https:\/\/schema.org","@graph":[{"@type":"WebPage","@id":"https:\/\/touchproeurope.eu\/product\/draagtas-voor-ergopro2-massagestoel\/","url":"https:\/\/touchproeurope.eu\/product\/draagtas-voor-ergopro2-massagestoel\/","name":"Mallette de transport pour le fauteuil de massage ErgoPro2 - TouchPro Europe Shop","isPartOf":{"@id":"https:\/\/touchproeurope.eu\/#website"},"primaryImageOfPage":{"@id":"https:\/\/touchproeurope.eu\/product\/draagtas-voor-ergopro2-massagestoel\/#primaryimage"},"image":{"@id":"https:\/\/touchproeurope.eu\/product\/draagtas-voor-ergopro2-massagestoel\/#primaryimage"},"thumbnailUrl":"https:\/\/i0.wp.com\/touchproeurope.eu\/wp-content\/uploads\/2023\/11\/Draagtas-voor-ErgoPro2-massagestoel.jpg?fit=800%2C800&ssl=1","datePublished":"2023-11-09T16:04:49+00:00","dateModified":"2026-04-22T09:31:57+00:00","description":"D\u00e9couvrez la protection ultime pour votre fauteuil de massage Stronglite ErgoPro2 - la mallette de transport Stronglite ErgoPro ! Commandez-la ici aupr\u00e8s de TouchPro Europe Shop","breadcrumb":{"@id":"https:\/\/touchproeurope.eu\/product\/draagtas-voor-ergopro2-massagestoel\/#breadcrumb"},"inLanguage":"fr-FR","potentialAction":[{"@type":"ReadAction","target":["https:\/\/touchproeurope.eu\/product\/draagtas-voor-ergopro2-massagestoel\/"]}]},{"@type":"ImageObject","inLanguage":"fr-FR","@id":"https:\/\/touchproeurope.eu\/product\/draagtas-voor-ergopro2-massagestoel\/#primaryimage","url":"https:\/\/i0.wp.com\/touchproeurope.eu\/wp-content\/uploads\/2023\/11\/Draagtas-voor-ErgoPro2-massagestoel.jpg?fit=800%2C800&ssl=1","contentUrl":"https:\/\/i0.wp.com\/touchproeurope.eu\/wp-content\/uploads\/2023\/11\/Draagtas-voor-ErgoPro2-massagestoel.jpg?fit=800%2C800&ssl=1","width":800,"height":800,"caption":"Draagtas voor ErgoPro2 massagestoel"},{"@type":"BreadcrumbList","@id":"https:\/\/touchproeurope.eu\/product\/draagtas-voor-ergopro2-massagestoel\/#breadcrumb","itemListElement":[{"@type":"ListItem","position":1,"name":"Home","item":"https:\/\/touchproeurope.eu\/"},{"@type":"ListItem","position":2,"name":"Winkel","item":"https:\/\/touchproeurope.eu\/winkel\/"},{"@type":"ListItem","position":3,"name":"Draagtas voor ErgoPro2 massagestoel"}]},{"@type":"WebSite","@id":"https:\/\/touchproeurope.eu\/#website","url":"https:\/\/touchproeurope.eu\/","name":"TouchPro Europe Shop","description":"Tout pour votre pratique avec une touche PROfessionnelle !","publisher":{"@id":"https:\/\/touchproeurope.eu\/#organization"},"alternateName":"TPE","potentialAction":[{"@type":"SearchAction","target":{"@type":"EntryPoint","urlTemplate":"https:\/\/touchproeurope.eu\/?s={search_term_string}"},"query-input":{"@type":"PropertyValueSpecification","valueRequired":true,"valueName":"search_term_string"}}],"inLanguage":"fr-FR"},{"@type":"Organization","@id":"https:\/\/touchproeurope.eu\/#organization","name":"TouchPro Europe BV","alternateName":"TPE","url":"https:\/\/touchproeurope.eu\/","logo":{"@type":"ImageObject","inLanguage":"fr-FR","@id":"https:\/\/touchproeurope.eu\/#\/schema\/logo\/image\/","url":"https:\/\/i0.wp.com\/touchproeurope.eu\/wp-content\/uploads\/2023\/10\/2b592c_b6944d80811246d987cc2c29accedf3f.png?fit=1417%2C531&ssl=1","contentUrl":"https:\/\/i0.wp.com\/touchproeurope.eu\/wp-content\/uploads\/2023\/10\/2b592c_b6944d80811246d987cc2c29accedf3f.png?fit=1417%2C531&ssl=1","width":1417,"height":531,"caption":"TouchPro Europe BV"},"image":{"@id":"https:\/\/touchproeurope.eu\/#\/schema\/logo\/image\/"},"sameAs":["https:\/\/www.facebook.com\/TouchproNederland\/?locale=nl_NL\/","https:\/\/www.instagram.com\/touchpro2016\/","https:\/\/www.linkedin.com\/company\/touchpro-europe-bv\/"],"description":"TouchPro Europe Shop est le magasin de massage de l'Europe. Nous vendons des produits de massage de qualit\u00e9 sup\u00e9rieure aux masseurs, p\u00e9dicures, physioth\u00e9rapeutes, manucures, centres de bien-\u00eatre, cours de formation, etc. TouchPro a commenc\u00e9 comme un petit magasin aux Pays-Bas, mais s'est maintenant d\u00e9velopp\u00e9 pour devenir un magasin avec des clients de toute l'Europe. Nous proposons une large gamme de produits de massage, notamment des tables de massage, des huiles, des cr\u00e8mes et des accessoires de grandes marques telles que Earthlite, Stronglite et InnerStrenght, Habys, Living Earth Crafts et Continuum, ainsi que d'autres fournisseurs d'accessoires de massage. Commandez ici les meilleurs produits de massage d'Europe !","email":"info@touchpro-europe.com","telephone":"0858768829","legalName":"TouchPro Europe BV","foundingDate":"2018-01-11","vatID":"NL855430151B01","numberOfEmployees":{"@type":"QuantitativeValue","minValue":"1","maxValue":"10"},"hasMerchantReturnPolicy":{"@type":"MerchantReturnPolicy","merchantReturnLink":"https:\/\/touchproeurope.eu\/fr\/retourbeleid\/"}}]},"product_price_amount":"110.00","product_price_currency":"EUR","og_availability":"instock","product_availability":"instock","product_retailer_item_id":"51375","product_condition":"new"},"_links":{"self":[{"href":"https:\/\/touchproeurope.eu\/fr\/wp-json\/wp\/v2\/product\/3091","targetHints":{"allow":["GET"]}}],"collection":[{"href":"https:\/\/touchproeurope.eu\/fr\/wp-json\/wp\/v2\/product"}],"about":[{"href":"https:\/\/touchproeurope.eu\/fr\/wp-json\/wp\/v2\/types\/product"}],"replies":[{"embeddable":true,"href":"https:\/\/touchproeurope.eu\/fr\/wp-json\/wp\/v2\/comments?post=3091"}],"version-history":[{"count":4,"href":"https:\/\/touchproeurope.eu\/fr\/wp-json\/wp\/v2\/product\/3091\/revisions"}],"predecessor-version":[{"id":4181,"href":"https:\/\/touchproeurope.eu\/fr\/wp-json\/wp\/v2\/product\/3091\/revisions\/4181"}],"wp:featuredmedia":[{"embeddable":true,"href":"https:\/\/touchproeurope.eu\/fr\/wp-json\/wp\/v2\/media\/4178"}],"wp:attachment":[{"href":"https:\/\/touchproeurope.eu\/fr\/wp-json\/wp\/v2\/media?parent=3091"}],"wp:term":[{"taxonomy":"product_brand","embeddable":true,"href":"https:\/\/touchproeurope.eu\/fr\/wp-json\/wp\/v2\/product_brand?post=3091"},{"taxonomy":"product_cat","embeddable":true,"href":"https:\/\/touchproeurope.eu\/fr\/wp-json\/wp\/v2\/product_cat?post=3091"},{"taxonomy":"product_tag","embeddable":true,"href":"https:\/\/touchproeurope.eu\/fr\/wp-json\/wp\/v2\/product_tag?post=3091"}],"curies":[{"name":"wp","href":"https:\/\/api.w.org\/{rel}","templated":true}]}}