{"id":3124,"date":"2023-11-09T16:05:56","date_gmt":"2023-11-09T16:05:56","guid":{"rendered":"https:\/\/touchproeurope.eu\/?post_type=product&#038;p=3124"},"modified":"2026-03-04T16:55:30","modified_gmt":"2026-03-04T16:55:30","slug":"earthlite-calistoga-table-de-massage-portable","status":"publish","type":"product","link":"https:\/\/touchproeurope.eu\/fr\/product\/earthlite-calistoga-draagbare-massagetafel\/","title":{"rendered":"Table de massage portable Earthlite Calistoga"},"content":{"rendered":"<p>D\u00e9couvrez la polyvalence ultime, la haute qualit\u00e9 et le confort de la table de massage portable Earthlite Calistoga. Non seulement cette table est un symbole de robustesse et de durabilit\u00e9, mais elle peut \u00e9galement \u00eatre convertie sans effort en une chaise luxueuse, ce qui en fait le choix id\u00e9al pour les th\u00e9rapeutes qui accordent de l'importance \u00e0 la mobilit\u00e9 et \u00e0 la flexibilit\u00e9.<\/p>\n<p>L'ensemble comprend la table de massage portable Earthlite Calistoga, des accoudoirs confortables, un repose-pieds, un oreiller de salon et un oreiller de cou, ainsi qu'une mallette de transport pratique avec un compartiment de rangement suppl\u00e9mentaire.<\/p>\n<p>Pesant seulement 21 kg et pliable, le Calistoga est id\u00e9al pour les th\u00e9rapeutes en d\u00e9placement. Le dossier et les jambes r\u00e9glables garantissent un positionnement optimal, tandis que le coussin Pro-Plush Deluxe \u00e0 trois couches d'une \u00e9paisseur de 7,5 cm assure un confort ultime \u00e0 vos clients.<\/p>\n<p>Le cadre en bois dur de qualit\u00e9 garantit la durabilit\u00e9, tandis que la largeur de 69 cm et la longueur de 155 \u00e0 196 cm (apr\u00e8s extension avec le repose-pieds) soulignent la polyvalence de cette table. Avec une hauteur r\u00e9glable de 59 \u00e0 84 cm, une capacit\u00e9 de charge statique allant jusqu'\u00e0 907 kg et un poids de travail autoris\u00e9 de 227 kg, la Calistoga r\u00e9pond aux normes les plus strictes en mati\u00e8re de fiabilit\u00e9 et de qualit\u00e9.<\/p>\n<p>Commandez maintenant et d\u00e9couvrez pourquoi le Earthlite Calistoga est le choix pr\u00e9f\u00e9r\u00e9 des th\u00e9rapeutes qui visent l'excellence. Avec le Calistoga, vous \u00eates assur\u00e9 de disposer d'un instrument professionnel qui allie parfaitement mobilit\u00e9, confort et durabilit\u00e9. Am\u00e9liorez vos massages et offrez \u00e0 vos clients le traitement qu'ils m\u00e9ritent !<\/p>","protected":false},"excerpt":{"rendered":"<p><strong>L'Earthlite Calistoga<\/strong> - polyvalente, de haute qualit\u00e9 et facilement convertible en une chaise confortable. Avec sa construction robuste et durable et son design pliable, cette table de massage est parfaite pour les th\u00e9rapeutes qui ont besoin de mobilit\u00e9 et de flexibilit\u00e9. Faites l'exp\u00e9rience de la fiabilit\u00e9, de la qualit\u00e9 et de la multifonctionnalit\u00e9 avec la table Earthlite Calistoga. Le paquet comprend :<\/p>\n<ul>\n<li>La table de massage Earthlite Calistoga<\/li>\n<li>Accoudoirs, repose-pieds, coussin de repos et coussin de nuque confortables<\/li>\n<li>Sac de transport avec compartiment de rangement suppl\u00e9mentaire<\/li>\n<\/ul>\n<p>Caract\u00e9ristiques :<\/p>\n<ul>\n<li>Poids : 21 kg<\/li>\n<li>Dos et jambes r\u00e9glables pour un positionnement optimal<\/li>\n<li>Coussin Pro-Plush Deluxe \u00e0 3 couches de 7,5 cm d'\u00e9paisseur<\/li>\n<li>Cadre en bois dur de qualit\u00e9<\/li>\n<li>Largeur 69 cm<\/li>\n<li>Longueur de 155 \u00e0 196 cm (apr\u00e8s extension avec repose-pieds)<\/li>\n<li>Hauteur r\u00e9glable de 59 \u00e0 84 cm<\/li>\n<li>Capacit\u00e9 de charge statique jusqu'\u00e0 907 kg<\/li>\n<li>Poids de travail autoris\u00e9 de 227 kg<\/li>\n<li>Feuille de calcul officielle : <a href=\"https:\/\/www.earthlite.com\/media\/wysiwyg\/SalesSheets\/2023-Reupload\/Calistoga_1-300-0090_-_Rev_012323.pdf\" target=\"_blank\" rel=\"noopener\">Calistoga<\/a><\/li>\n<\/ul>","protected":false},"featured_media":3123,"comment_status":"open","ping_status":"closed","template":"","meta":[],"product_brand":[343],"product_cat":[94,93],"product_tag":[121,122,85,39],"class_list":{"0":"post-3124","1":"product","2":"type-product","3":"status-publish","4":"has-post-thumbnail","6":"product_brand-earthlite","7":"product_cat-draagbare-massagetafels","8":"product_cat-massagetafels","9":"product_tag-calistoga","10":"product_tag-draagbaar","11":"product_tag-earthlite","12":"product_tag-massagetafel","13":"product_shipping_class-groot-pakket","14":"pa_merk-earthlite","16":"first","17":"instock","18":"taxable","19":"shipping-taxable","20":"purchasable","21":"product-type-simple"},"yoast_head":"<!-- This site is optimized with the Yoast SEO Premium plugin v27.3 (Yoast SEO v27.3) - https:\/\/yoast.com\/product\/yoast-seo-premium-wordpress\/ -->\n<title>Earthlite Calistoga draagbare Massagetafel - TouchPro Europe Shop<\/title>\n<meta name=\"description\" content=\"Ontdek de veelzijdige Earthlite Calistoga draagbare Massagetafel: mobiliteit, comfort en duurzaamheid gecombineerd. Bestel nu voor professionele massages!\" \/>\n<meta name=\"robots\" content=\"index, follow, max-snippet:-1, max-image-preview:large, max-video-preview:-1\" \/>\n<link rel=\"canonical\" href=\"https:\/\/touchproeurope.eu\/fr\/product\/earthlite-calistoga-table-de-massage-portable\/\" \/>\n<meta property=\"og:locale\" content=\"fr_FR\" \/>\n<meta property=\"og:type\" content=\"article\" \/>\n<meta property=\"og:title\" content=\"Earthlite Calistoga draagbare Massagetafel\" \/>\n<meta property=\"og:description\" content=\"Ontdek de veelzijdige Earthlite Calistoga draagbare Massagetafel: mobiliteit, comfort en duurzaamheid gecombineerd. Bestel nu voor professionele massages!\" \/>\n<meta property=\"og:url\" content=\"https:\/\/touchproeurope.eu\/fr\/product\/earthlite-calistoga-table-de-massage-portable\/\" \/>\n<meta property=\"og:site_name\" content=\"TouchPro Europe Shop\" \/>\n<meta property=\"article:publisher\" content=\"https:\/\/www.facebook.com\/TouchproNederland\/?locale=nl_NL%2f\" \/>\n<meta property=\"article:modified_time\" content=\"2026-03-04T16:55:30+00:00\" \/>\n<meta property=\"og:image\" content=\"https:\/\/touchproeurope.eu\/wp-content\/uploads\/2023\/11\/1600963590.jpg\" \/>\n\t<meta property=\"og:image:width\" content=\"1896\" \/>\n\t<meta property=\"og:image:height\" content=\"1529\" \/>\n\t<meta property=\"og:image:type\" content=\"image\/jpeg\" \/>\n<meta name=\"twitter:card\" content=\"summary_large_image\" \/>\n<meta name=\"twitter:label1\" content=\"Prix\" \/>\n\t<meta name=\"twitter:data1\" content=\"&euro;&nbsp;1.995,00 incl. BTW\" \/>\n\t<meta name=\"twitter:label2\" content=\"Disponibilit\u00e9\" \/>\n\t<meta name=\"twitter:data2\" content=\"En stock\" \/>\n<script type=\"application\/ld+json\" class=\"yoast-schema-graph\">{\"@context\":\"https:\\\/\\\/schema.org\",\"@graph\":[{\"@type\":\"WebPage\",\"@id\":\"https:\\\/\\\/touchproeurope.eu\\\/product\\\/earthlite-calistoga-draagbare-massagetafel\\\/\",\"url\":\"https:\\\/\\\/touchproeurope.eu\\\/product\\\/earthlite-calistoga-draagbare-massagetafel\\\/\",\"name\":\"Earthlite Calistoga draagbare Massagetafel - TouchPro Europe Shop\",\"isPartOf\":{\"@id\":\"https:\\\/\\\/touchproeurope.eu\\\/#website\"},\"primaryImageOfPage\":{\"@id\":\"https:\\\/\\\/touchproeurope.eu\\\/product\\\/earthlite-calistoga-draagbare-massagetafel\\\/#primaryimage\"},\"image\":{\"@id\":\"https:\\\/\\\/touchproeurope.eu\\\/product\\\/earthlite-calistoga-draagbare-massagetafel\\\/#primaryimage\"},\"thumbnailUrl\":\"https:\\\/\\\/i0.wp.com\\\/touchproeurope.eu\\\/wp-content\\\/uploads\\\/2023\\\/11\\\/1600963590.jpg?fit=1896%2C1529&ssl=1\",\"datePublished\":\"2023-11-09T16:05:56+00:00\",\"dateModified\":\"2026-03-04T16:55:30+00:00\",\"description\":\"Ontdek de veelzijdige Earthlite Calistoga draagbare Massagetafel: mobiliteit, comfort en duurzaamheid gecombineerd. Bestel nu voor professionele massages!\",\"breadcrumb\":{\"@id\":\"https:\\\/\\\/touchproeurope.eu\\\/product\\\/earthlite-calistoga-draagbare-massagetafel\\\/#breadcrumb\"},\"inLanguage\":\"fr-FR\",\"potentialAction\":[{\"@type\":\"ReadAction\",\"target\":[\"https:\\\/\\\/touchproeurope.eu\\\/product\\\/earthlite-calistoga-draagbare-massagetafel\\\/\"]}]},{\"@type\":\"ImageObject\",\"inLanguage\":\"fr-FR\",\"@id\":\"https:\\\/\\\/touchproeurope.eu\\\/product\\\/earthlite-calistoga-draagbare-massagetafel\\\/#primaryimage\",\"url\":\"https:\\\/\\\/i0.wp.com\\\/touchproeurope.eu\\\/wp-content\\\/uploads\\\/2023\\\/11\\\/1600963590.jpg?fit=1896%2C1529&ssl=1\",\"contentUrl\":\"https:\\\/\\\/i0.wp.com\\\/touchproeurope.eu\\\/wp-content\\\/uploads\\\/2023\\\/11\\\/1600963590.jpg?fit=1896%2C1529&ssl=1\",\"width\":1896,\"height\":1529,\"caption\":\"Earthlite Calistoga draagbare Massagetafel\"},{\"@type\":\"BreadcrumbList\",\"@id\":\"https:\\\/\\\/touchproeurope.eu\\\/product\\\/earthlite-calistoga-draagbare-massagetafel\\\/#breadcrumb\",\"itemListElement\":[{\"@type\":\"ListItem\",\"position\":1,\"name\":\"Home\",\"item\":\"https:\\\/\\\/touchproeurope.eu\\\/\"},{\"@type\":\"ListItem\",\"position\":2,\"name\":\"Winkel\",\"item\":\"https:\\\/\\\/touchproeurope.eu\\\/winkel\\\/\"},{\"@type\":\"ListItem\",\"position\":3,\"name\":\"Earthlite Calistoga draagbare Massagetafel\"}]},{\"@type\":\"WebSite\",\"@id\":\"https:\\\/\\\/touchproeurope.eu\\\/#website\",\"url\":\"https:\\\/\\\/touchproeurope.eu\\\/\",\"name\":\"TouchPro Europe Shop\",\"description\":\"Alles voor jouw praktijk met een PROfessionele Touch!\",\"publisher\":{\"@id\":\"https:\\\/\\\/touchproeurope.eu\\\/#organization\"},\"alternateName\":\"TPE\",\"potentialAction\":[{\"@type\":\"SearchAction\",\"target\":{\"@type\":\"EntryPoint\",\"urlTemplate\":\"https:\\\/\\\/touchproeurope.eu\\\/?s={search_term_string}\"},\"query-input\":{\"@type\":\"PropertyValueSpecification\",\"valueRequired\":true,\"valueName\":\"search_term_string\"}}],\"inLanguage\":\"fr-FR\"},{\"@type\":\"Organization\",\"@id\":\"https:\\\/\\\/touchproeurope.eu\\\/#organization\",\"name\":\"TouchPro Europe BV\",\"alternateName\":\"TPE\",\"url\":\"https:\\\/\\\/touchproeurope.eu\\\/\",\"logo\":{\"@type\":\"ImageObject\",\"inLanguage\":\"fr-FR\",\"@id\":\"https:\\\/\\\/touchproeurope.eu\\\/#\\\/schema\\\/logo\\\/image\\\/\",\"url\":\"https:\\\/\\\/i0.wp.com\\\/touchproeurope.eu\\\/wp-content\\\/uploads\\\/2023\\\/10\\\/2b592c_b6944d80811246d987cc2c29accedf3f.png?fit=1417%2C531&ssl=1\",\"contentUrl\":\"https:\\\/\\\/i0.wp.com\\\/touchproeurope.eu\\\/wp-content\\\/uploads\\\/2023\\\/10\\\/2b592c_b6944d80811246d987cc2c29accedf3f.png?fit=1417%2C531&ssl=1\",\"width\":1417,\"height\":531,\"caption\":\"TouchPro Europe BV\"},\"image\":{\"@id\":\"https:\\\/\\\/touchproeurope.eu\\\/#\\\/schema\\\/logo\\\/image\\\/\"},\"sameAs\":[\"https:\\\/\\\/www.facebook.com\\\/TouchproNederland\\\/?locale=nl_NL\\\/\",\"https:\\\/\\\/www.instagram.com\\\/touchpro2016\\\/\",\"https:\\\/\\\/www.linkedin.com\\\/company\\\/touchpro-europe-bv\\\/\"],\"description\":\"TouchPro Europe Shop is de massage winkel van Europa. Wij verkopen topkwaliteit massageproducten aan masseurs, pedicures, fysiotherapeuten, manicuren, Wellness centra, opleidingen, etc. TouchPro begon als een kleine webshop in Nederland, maar is nu uitgegroeid tot een webshop met klanten uit heel Europa. Wij bieden een breed assortiment aan massageproducten, waaronder massagetafels, oli\u00ebn, cr\u00e8mes, en accessoires van topmerken, zoals Earthlite, Stronglite en InnerStrenght, Habys, Living Earth Crafts en Continuum en andere leveranciers van massage accessoires. Bestel hier de beste massagematerialen van Europa!\",\"email\":\"info@touchpro-europe.com\",\"telephone\":\"0858768829\",\"legalName\":\"TouchPro Europe BV\",\"foundingDate\":\"2018-01-11\",\"vatID\":\"NL855430151B01\",\"numberOfEmployees\":{\"@type\":\"QuantitativeValue\",\"minValue\":\"1\",\"maxValue\":\"10\"},\"hasMerchantReturnPolicy\":{\"@type\":\"MerchantReturnPolicy\",\"merchantReturnLink\":\"https:\\\/\\\/touchproeurope.eu\\\/fr\\\/retourbeleid\\\/\"}}]}<\/script>\n<meta property=\"product:brand\" content=\"Earthlite\" \/>\n<meta property=\"product:price:amount\" content=\"1995.00\" \/>\n<meta property=\"product:price:currency\" content=\"EUR\" \/>\n<meta property=\"og:availability\" content=\"instock\" \/>\n<meta property=\"product:availability\" content=\"instock\" \/>\n<meta property=\"product:retailer_item_id\" content=\"68404\" \/>\n<meta property=\"product:condition\" content=\"new\" \/>\n<!-- \/ Yoast SEO Premium plugin. -->","yoast_head_json":{"title":"Table de massage portable Earthlite Calistoga - TouchPro Europe Shop","description":"D\u00e9couvrez la table de massage portable Earthlite Calistoga : mobilit\u00e9, confort et durabilit\u00e9 combin\u00e9s. Commandez d\u00e8s maintenant pour des massages professionnels !","robots":{"index":"index","follow":"follow","max-snippet":"max-snippet:-1","max-image-preview":"max-image-preview:large","max-video-preview":"max-video-preview:-1"},"canonical":"https:\/\/touchproeurope.eu\/fr\/product\/earthlite-calistoga-table-de-massage-portable\/","og_locale":"fr_FR","og_type":"article","og_title":"Earthlite Calistoga draagbare Massagetafel","og_description":"Ontdek de veelzijdige Earthlite Calistoga draagbare Massagetafel: mobiliteit, comfort en duurzaamheid gecombineerd. Bestel nu voor professionele massages!","og_url":"https:\/\/touchproeurope.eu\/fr\/product\/earthlite-calistoga-table-de-massage-portable\/","og_site_name":"TouchPro Europe Shop","article_publisher":"https:\/\/www.facebook.com\/TouchproNederland\/?locale=nl_NL%2f","article_modified_time":"2026-03-04T16:55:30+00:00","og_image":[{"width":1896,"height":1529,"url":"https:\/\/touchproeurope.eu\/wp-content\/uploads\/2023\/11\/1600963590.jpg","type":"image\/jpeg"}],"twitter_card":"summary_large_image","twitter_misc":{"Prix":"&euro;&nbsp;1.995,00 incl. BTW","Disponibilit\u00e9":"En stock"},"schema":{"@context":"https:\/\/schema.org","@graph":[{"@type":"WebPage","@id":"https:\/\/touchproeurope.eu\/product\/earthlite-calistoga-draagbare-massagetafel\/","url":"https:\/\/touchproeurope.eu\/product\/earthlite-calistoga-draagbare-massagetafel\/","name":"Table de massage portable Earthlite Calistoga - TouchPro Europe Shop","isPartOf":{"@id":"https:\/\/touchproeurope.eu\/#website"},"primaryImageOfPage":{"@id":"https:\/\/touchproeurope.eu\/product\/earthlite-calistoga-draagbare-massagetafel\/#primaryimage"},"image":{"@id":"https:\/\/touchproeurope.eu\/product\/earthlite-calistoga-draagbare-massagetafel\/#primaryimage"},"thumbnailUrl":"https:\/\/i0.wp.com\/touchproeurope.eu\/wp-content\/uploads\/2023\/11\/1600963590.jpg?fit=1896%2C1529&ssl=1","datePublished":"2023-11-09T16:05:56+00:00","dateModified":"2026-03-04T16:55:30+00:00","description":"D\u00e9couvrez la table de massage portable Earthlite Calistoga : mobilit\u00e9, confort et durabilit\u00e9 combin\u00e9s. Commandez d\u00e8s maintenant pour des massages professionnels !","breadcrumb":{"@id":"https:\/\/touchproeurope.eu\/product\/earthlite-calistoga-draagbare-massagetafel\/#breadcrumb"},"inLanguage":"fr-FR","potentialAction":[{"@type":"ReadAction","target":["https:\/\/touchproeurope.eu\/product\/earthlite-calistoga-draagbare-massagetafel\/"]}]},{"@type":"ImageObject","inLanguage":"fr-FR","@id":"https:\/\/touchproeurope.eu\/product\/earthlite-calistoga-draagbare-massagetafel\/#primaryimage","url":"https:\/\/i0.wp.com\/touchproeurope.eu\/wp-content\/uploads\/2023\/11\/1600963590.jpg?fit=1896%2C1529&ssl=1","contentUrl":"https:\/\/i0.wp.com\/touchproeurope.eu\/wp-content\/uploads\/2023\/11\/1600963590.jpg?fit=1896%2C1529&ssl=1","width":1896,"height":1529,"caption":"Earthlite Calistoga draagbare Massagetafel"},{"@type":"BreadcrumbList","@id":"https:\/\/touchproeurope.eu\/product\/earthlite-calistoga-draagbare-massagetafel\/#breadcrumb","itemListElement":[{"@type":"ListItem","position":1,"name":"Home","item":"https:\/\/touchproeurope.eu\/"},{"@type":"ListItem","position":2,"name":"Winkel","item":"https:\/\/touchproeurope.eu\/winkel\/"},{"@type":"ListItem","position":3,"name":"Earthlite Calistoga draagbare Massagetafel"}]},{"@type":"WebSite","@id":"https:\/\/touchproeurope.eu\/#website","url":"https:\/\/touchproeurope.eu\/","name":"TouchPro Europe Shop","description":"Tout pour votre pratique avec une touche PROfessionnelle !","publisher":{"@id":"https:\/\/touchproeurope.eu\/#organization"},"alternateName":"TPE","potentialAction":[{"@type":"SearchAction","target":{"@type":"EntryPoint","urlTemplate":"https:\/\/touchproeurope.eu\/?s={search_term_string}"},"query-input":{"@type":"PropertyValueSpecification","valueRequired":true,"valueName":"search_term_string"}}],"inLanguage":"fr-FR"},{"@type":"Organization","@id":"https:\/\/touchproeurope.eu\/#organization","name":"TouchPro Europe BV","alternateName":"TPE","url":"https:\/\/touchproeurope.eu\/","logo":{"@type":"ImageObject","inLanguage":"fr-FR","@id":"https:\/\/touchproeurope.eu\/#\/schema\/logo\/image\/","url":"https:\/\/i0.wp.com\/touchproeurope.eu\/wp-content\/uploads\/2023\/10\/2b592c_b6944d80811246d987cc2c29accedf3f.png?fit=1417%2C531&ssl=1","contentUrl":"https:\/\/i0.wp.com\/touchproeurope.eu\/wp-content\/uploads\/2023\/10\/2b592c_b6944d80811246d987cc2c29accedf3f.png?fit=1417%2C531&ssl=1","width":1417,"height":531,"caption":"TouchPro Europe BV"},"image":{"@id":"https:\/\/touchproeurope.eu\/#\/schema\/logo\/image\/"},"sameAs":["https:\/\/www.facebook.com\/TouchproNederland\/?locale=nl_NL\/","https:\/\/www.instagram.com\/touchpro2016\/","https:\/\/www.linkedin.com\/company\/touchpro-europe-bv\/"],"description":"TouchPro Europe Shop est le magasin de massage de l'Europe. Nous vendons des produits de massage de qualit\u00e9 sup\u00e9rieure aux masseurs, p\u00e9dicures, physioth\u00e9rapeutes, manucures, centres de bien-\u00eatre, cours de formation, etc. TouchPro a commenc\u00e9 comme un petit magasin aux Pays-Bas, mais s'est maintenant d\u00e9velopp\u00e9 pour devenir un magasin avec des clients de toute l'Europe. Nous proposons une large gamme de produits de massage, notamment des tables de massage, des huiles, des cr\u00e8mes et des accessoires de grandes marques telles que Earthlite, Stronglite et InnerStrenght, Habys, Living Earth Crafts et Continuum, ainsi que d'autres fournisseurs d'accessoires de massage. Commandez ici les meilleurs produits de massage d'Europe !","email":"info@touchpro-europe.com","telephone":"0858768829","legalName":"TouchPro Europe BV","foundingDate":"2018-01-11","vatID":"NL855430151B01","numberOfEmployees":{"@type":"QuantitativeValue","minValue":"1","maxValue":"10"},"hasMerchantReturnPolicy":{"@type":"MerchantReturnPolicy","merchantReturnLink":"https:\/\/touchproeurope.eu\/fr\/retourbeleid\/"}}]},"product_brand":"Earthlite","product_price_amount":"1995.00","product_price_currency":"EUR","og_availability":"instock","product_availability":"instock","product_retailer_item_id":"68404","product_condition":"new"},"_links":{"self":[{"href":"https:\/\/touchproeurope.eu\/fr\/wp-json\/wp\/v2\/product\/3124","targetHints":{"allow":["GET"]}}],"collection":[{"href":"https:\/\/touchproeurope.eu\/fr\/wp-json\/wp\/v2\/product"}],"about":[{"href":"https:\/\/touchproeurope.eu\/fr\/wp-json\/wp\/v2\/types\/product"}],"replies":[{"embeddable":true,"href":"https:\/\/touchproeurope.eu\/fr\/wp-json\/wp\/v2\/comments?post=3124"}],"version-history":[{"count":2,"href":"https:\/\/touchproeurope.eu\/fr\/wp-json\/wp\/v2\/product\/3124\/revisions"}],"predecessor-version":[{"id":3628,"href":"https:\/\/touchproeurope.eu\/fr\/wp-json\/wp\/v2\/product\/3124\/revisions\/3628"}],"wp:featuredmedia":[{"embeddable":true,"href":"https:\/\/touchproeurope.eu\/fr\/wp-json\/wp\/v2\/media\/3123"}],"wp:attachment":[{"href":"https:\/\/touchproeurope.eu\/fr\/wp-json\/wp\/v2\/media?parent=3124"}],"wp:term":[{"taxonomy":"product_brand","embeddable":true,"href":"https:\/\/touchproeurope.eu\/fr\/wp-json\/wp\/v2\/product_brand?post=3124"},{"taxonomy":"product_cat","embeddable":true,"href":"https:\/\/touchproeurope.eu\/fr\/wp-json\/wp\/v2\/product_cat?post=3124"},{"taxonomy":"product_tag","embeddable":true,"href":"https:\/\/touchproeurope.eu\/fr\/wp-json\/wp\/v2\/product_tag?post=3124"}],"curies":[{"name":"wp","href":"https:\/\/api.w.org\/{rel}","templated":true}]}}