{"id":3130,"date":"2023-11-09T16:06:11","date_gmt":"2023-11-09T16:06:11","guid":{"rendered":"https:\/\/touchproeurope.eu\/?post_type=product&#038;p=3130"},"modified":"2026-03-04T16:55:53","modified_gmt":"2026-03-04T16:55:53","slug":"table-de-massage-earthlite-infinity-conforma-top","status":"publish","type":"product","link":"https:\/\/touchproeurope.eu\/fr\/product\/earthlite-infinity-conforma-top-massagetafel\/","title":{"rendered":"Table de massage Earthlite Infinity Conforma"},"content":{"rendered":"<p>D\u00e9couvrez le confort ultime avec la table de massage Earthlite Infinity Conforma, un chef-d'\u0153uvre qui chouchoute \u00e0 la fois le client et le masseur gr\u00e2ce \u00e0 son plateau unique en forme de sablier et \u00e0 sa mousse \u00e0 m\u00e9moire de forme. Cette table porte vos massages \u00e0 des niveaux sans pr\u00e9c\u00e9dent de luxe, de relaxation et de confort de travail personnel.<\/p>\n<p>Avec la possibilit\u00e9 d'ajouter un confort suppl\u00e9mentaire pour votre client en position couch\u00e9e, gr\u00e2ce \u00e0 la fermeture \u00e9clair pratique. Le Earthlite Infinity Conforma offre ainsi une exp\u00e9rience in\u00e9gal\u00e9e. L'ensemble comprend non seulement la table de massage, mais aussi un appui-t\u00eate Flexrest avec oreiller en mousse \u00e0 m\u00e9moire de forme LEC Strata et un sac de transport robuste dot\u00e9 d'un compartiment de rangement suppl\u00e9mentaire tr\u00e8s pratique.<\/p>\n<p>Les caract\u00e9ristiques de la table de massage Earthlite Infinity Conforma top ont \u00e9t\u00e9 con\u00e7ues dans le respect des normes les plus strictes. Avec une hauteur r\u00e9glable de 58 \u00e0 84 cm, une largeur de 81 cm (71 cm au milieu) et un poids total autoris\u00e9 de 360 kg, cette table r\u00e9pond aux divers besoins des masseurs novices et exp\u00e9riment\u00e9s. Le coussin Pro-Plush DeLuxe \u00e0 trois couches de 7,5 cm d'\u00e9paisseur assure un confort in\u00e9gal\u00e9.<\/p>\n<p>Le Earthlite Infinity Conforma est construit avec un cadre en bois d'\u00e9rable canadien de premi\u00e8re qualit\u00e9. Le plateau est en bouleau russe et le rev\u00eatement est en vinyle Natursoft 100%. La plaque d'extr\u00e9mit\u00e9 moiti\u00e9 Reiki et moiti\u00e9 standard ajoute la fonctionnalit\u00e9 au style.<\/p>\n<p>Commandez d\u00e8s maintenant et d\u00e9couvrez pourquoi l'Infinity Conforma est le choix pr\u00e9f\u00e9r\u00e9 des masseurs exigeants. Am\u00e9liorez vos massages et offrez \u00e0 vos clients le traitement ultime qu'ils m\u00e9ritent !<\/p>","protected":false},"excerpt":{"rendered":"<p><strong>La table de massage Earthlite Infinity Conforma <\/strong>- Le plateau en forme de sablier et la mousse \u00e0 m\u00e9moire de forme procurent un confort ultime au client et au masseur. Gr\u00e2ce \u00e0 la fermeture \u00e9clair, vous pouvez ajouter un confort suppl\u00e9mentaire \u00e0 votre client lorsqu'il est allong\u00e9 sur le ventre. Cette table porte vos massages \u00e0 un niveau sup\u00e9rieur de luxe, de relaxation et de confort de travail. Faites l'exp\u00e9rience du meilleur avec la table Earthlite Infinity Conforma.<\/p>\n<p>Le paquet comprend<\/p>\n<ul>\n<li>La table de massage Earthlite Infinity Conforma<\/li>\n<li>Appui-t\u00eate Flexrest avec oreiller en mousse \u00e0 m\u00e9moire de forme LEC Strata<\/li>\n<li>Mallette de transport robuste avec compartiment de rangement suppl\u00e9mentaire<\/li>\n<\/ul>\n<p>Caract\u00e9ristiques :<\/p>\n<ul>\n<li>Hauteur r\u00e9glable de 58 \u00e0 84 cm<\/li>\n<li>Largeur 81 cm et centre 71 cm<\/li>\n<li>Longueur 185 cm<\/li>\n<li>Poids total autoris\u00e9 en ordre de marche 360 kg<\/li>\n<li>Coussin Pro-Plush DeLuxe \u00e0 3 couches de 7,5 cm d'\u00e9paisseur<\/li>\n<li>Cadre en \u00e9rable canadien de qualit\u00e9 avec plateau en bouleau russe<\/li>\n<li>Rev\u00eatement en vinyle Natursoft 100%<\/li>\n<li>Moiti\u00e9 Reiki et moiti\u00e9 plaque d'extr\u00e9mit\u00e9 standard<\/li>\n<li>Feuille de salaire officielle : <a href=\"https:\/\/www.earthlite.com\/media\/wysiwyg\/SalesSheets\/2023-Reupload\/Infinity_Infinity_Conforma_-_1-300-0080_-_Rev_012323.pdf\" target=\"_blank\" rel=\"noopener\">Infinity et Infinity Conforma<\/a><\/li>\n<\/ul>","protected":false},"featured_media":3614,"comment_status":"open","ping_status":"closed","template":"","meta":[],"product_brand":[343],"product_cat":[94,93],"product_tag":[118,85,117,39],"class_list":{"0":"post-3130","1":"product","2":"type-product","3":"status-publish","4":"has-post-thumbnail","6":"product_brand-earthlite","7":"product_cat-draagbare-massagetafels","8":"product_cat-massagetafels","9":"product_tag-conforma-top","10":"product_tag-earthlite","11":"product_tag-infinity","12":"product_tag-massagetafel","13":"product_shipping_class-groot-pakket","14":"pa_kleur-blauw","15":"pa_kleur-vanille-creme","16":"pa_kleur-zwart","17":"pa_merk-earthlite","19":"first","20":"instock","21":"taxable","22":"shipping-taxable","23":"purchasable","24":"product-type-variable"},"yoast_head":"<!-- This site is optimized with the Yoast SEO Premium plugin v27.3 (Yoast SEO v27.3) - https:\/\/yoast.com\/product\/yoast-seo-premium-wordpress\/ -->\n<title>Earthlite Infinity Conforma top Massagetafel - TouchPro Europe Shop<\/title>\n<meta name=\"description\" content=\"Ervaar het summum van comfort met de Earthlite Infinity Conforma top massagetafel, een meesterwerk dat zowel de klant als de masseur verwent.\" \/>\n<meta name=\"robots\" content=\"index, follow, max-snippet:-1, max-image-preview:large, max-video-preview:-1\" \/>\n<link rel=\"canonical\" href=\"https:\/\/touchproeurope.eu\/fr\/product\/table-de-massage-earthlite-infinity-conforma-top\/\" \/>\n<meta property=\"og:locale\" content=\"fr_FR\" \/>\n<meta property=\"og:type\" content=\"article\" \/>\n<meta property=\"og:title\" content=\"Earthlite Infinity Conforma top Massagetafel\" \/>\n<meta property=\"og:description\" content=\"Ervaar het summum van comfort met de Earthlite Infinity Conforma top massagetafel, een meesterwerk dat zowel de klant als de masseur verwent.\" \/>\n<meta property=\"og:url\" content=\"https:\/\/touchproeurope.eu\/fr\/product\/table-de-massage-earthlite-infinity-conforma-top\/\" \/>\n<meta property=\"og:site_name\" content=\"TouchPro Europe Shop\" \/>\n<meta property=\"article:publisher\" content=\"https:\/\/www.facebook.com\/TouchproNederland\/?locale=nl_NL%2f\" \/>\n<meta property=\"article:modified_time\" content=\"2026-03-04T16:55:53+00:00\" \/>\n<meta property=\"og:image\" content=\"https:\/\/touchproeurope.eu\/wp-content\/uploads\/2023\/11\/Earthlite-Infinity-Conforma-top-Massagetafel-Vanille-Creme-e1770808725188.webp\" \/>\n\t<meta property=\"og:image:width\" content=\"800\" \/>\n\t<meta property=\"og:image:height\" content=\"800\" \/>\n\t<meta property=\"og:image:type\" content=\"image\/webp\" \/>\n<meta name=\"twitter:card\" content=\"summary_large_image\" \/>\n<meta name=\"twitter:label1\" content=\"Disponibilit\u00e9\" \/>\n\t<meta name=\"twitter:data1\" content=\"En stock\" \/>\n<script type=\"application\/ld+json\" class=\"yoast-schema-graph\">{\"@context\":\"https:\\\/\\\/schema.org\",\"@graph\":[{\"@type\":\"WebPage\",\"@id\":\"https:\\\/\\\/touchproeurope.eu\\\/product\\\/earthlite-infinity-conforma-top-massagetafel\\\/\",\"url\":\"https:\\\/\\\/touchproeurope.eu\\\/product\\\/earthlite-infinity-conforma-top-massagetafel\\\/\",\"name\":\"Earthlite Infinity Conforma top Massagetafel - TouchPro Europe Shop\",\"isPartOf\":{\"@id\":\"https:\\\/\\\/touchproeurope.eu\\\/#website\"},\"primaryImageOfPage\":{\"@id\":\"https:\\\/\\\/touchproeurope.eu\\\/product\\\/earthlite-infinity-conforma-top-massagetafel\\\/#primaryimage\"},\"image\":{\"@id\":\"https:\\\/\\\/touchproeurope.eu\\\/product\\\/earthlite-infinity-conforma-top-massagetafel\\\/#primaryimage\"},\"thumbnailUrl\":\"https:\\\/\\\/i0.wp.com\\\/touchproeurope.eu\\\/wp-content\\\/uploads\\\/2023\\\/11\\\/Earthlite-Infinity-Conforma-top-Massagetafel-Vanille-Creme-e1770808725188.webp?fit=800%2C800&ssl=1\",\"datePublished\":\"2023-11-09T16:06:11+00:00\",\"dateModified\":\"2026-03-04T16:55:53+00:00\",\"description\":\"Ervaar het summum van comfort met de Earthlite Infinity Conforma top massagetafel, een meesterwerk dat zowel de klant als de masseur verwent.\",\"breadcrumb\":{\"@id\":\"https:\\\/\\\/touchproeurope.eu\\\/product\\\/earthlite-infinity-conforma-top-massagetafel\\\/#breadcrumb\"},\"inLanguage\":\"fr-FR\",\"potentialAction\":[{\"@type\":\"ReadAction\",\"target\":[\"https:\\\/\\\/touchproeurope.eu\\\/product\\\/earthlite-infinity-conforma-top-massagetafel\\\/\"]}]},{\"@type\":\"ImageObject\",\"inLanguage\":\"fr-FR\",\"@id\":\"https:\\\/\\\/touchproeurope.eu\\\/product\\\/earthlite-infinity-conforma-top-massagetafel\\\/#primaryimage\",\"url\":\"https:\\\/\\\/i0.wp.com\\\/touchproeurope.eu\\\/wp-content\\\/uploads\\\/2023\\\/11\\\/Earthlite-Infinity-Conforma-top-Massagetafel-Vanille-Creme-e1770808725188.webp?fit=800%2C800&ssl=1\",\"contentUrl\":\"https:\\\/\\\/i0.wp.com\\\/touchproeurope.eu\\\/wp-content\\\/uploads\\\/2023\\\/11\\\/Earthlite-Infinity-Conforma-top-Massagetafel-Vanille-Creme-e1770808725188.webp?fit=800%2C800&ssl=1\",\"width\":800,\"height\":800,\"caption\":\"Earthlite Infinity Conforma top Massagetafel Vanille Creme\"},{\"@type\":\"BreadcrumbList\",\"@id\":\"https:\\\/\\\/touchproeurope.eu\\\/product\\\/earthlite-infinity-conforma-top-massagetafel\\\/#breadcrumb\",\"itemListElement\":[{\"@type\":\"ListItem\",\"position\":1,\"name\":\"Home\",\"item\":\"https:\\\/\\\/touchproeurope.eu\\\/\"},{\"@type\":\"ListItem\",\"position\":2,\"name\":\"Winkel\",\"item\":\"https:\\\/\\\/touchproeurope.eu\\\/winkel\\\/\"},{\"@type\":\"ListItem\",\"position\":3,\"name\":\"Earthlite Infinity Conforma top Massagetafel\"}]},{\"@type\":\"WebSite\",\"@id\":\"https:\\\/\\\/touchproeurope.eu\\\/#website\",\"url\":\"https:\\\/\\\/touchproeurope.eu\\\/\",\"name\":\"TouchPro Europe Shop\",\"description\":\"Alles voor jouw praktijk met een PROfessionele Touch!\",\"publisher\":{\"@id\":\"https:\\\/\\\/touchproeurope.eu\\\/#organization\"},\"alternateName\":\"TPE\",\"potentialAction\":[{\"@type\":\"SearchAction\",\"target\":{\"@type\":\"EntryPoint\",\"urlTemplate\":\"https:\\\/\\\/touchproeurope.eu\\\/?s={search_term_string}\"},\"query-input\":{\"@type\":\"PropertyValueSpecification\",\"valueRequired\":true,\"valueName\":\"search_term_string\"}}],\"inLanguage\":\"fr-FR\"},{\"@type\":\"Organization\",\"@id\":\"https:\\\/\\\/touchproeurope.eu\\\/#organization\",\"name\":\"TouchPro Europe BV\",\"alternateName\":\"TPE\",\"url\":\"https:\\\/\\\/touchproeurope.eu\\\/\",\"logo\":{\"@type\":\"ImageObject\",\"inLanguage\":\"fr-FR\",\"@id\":\"https:\\\/\\\/touchproeurope.eu\\\/#\\\/schema\\\/logo\\\/image\\\/\",\"url\":\"https:\\\/\\\/i0.wp.com\\\/touchproeurope.eu\\\/wp-content\\\/uploads\\\/2023\\\/10\\\/2b592c_b6944d80811246d987cc2c29accedf3f.png?fit=1417%2C531&ssl=1\",\"contentUrl\":\"https:\\\/\\\/i0.wp.com\\\/touchproeurope.eu\\\/wp-content\\\/uploads\\\/2023\\\/10\\\/2b592c_b6944d80811246d987cc2c29accedf3f.png?fit=1417%2C531&ssl=1\",\"width\":1417,\"height\":531,\"caption\":\"TouchPro Europe BV\"},\"image\":{\"@id\":\"https:\\\/\\\/touchproeurope.eu\\\/#\\\/schema\\\/logo\\\/image\\\/\"},\"sameAs\":[\"https:\\\/\\\/www.facebook.com\\\/TouchproNederland\\\/?locale=nl_NL\\\/\",\"https:\\\/\\\/www.instagram.com\\\/touchpro2016\\\/\",\"https:\\\/\\\/www.linkedin.com\\\/company\\\/touchpro-europe-bv\\\/\"],\"description\":\"TouchPro Europe Shop is de massage winkel van Europa. Wij verkopen topkwaliteit massageproducten aan masseurs, pedicures, fysiotherapeuten, manicuren, Wellness centra, opleidingen, etc. TouchPro begon als een kleine webshop in Nederland, maar is nu uitgegroeid tot een webshop met klanten uit heel Europa. Wij bieden een breed assortiment aan massageproducten, waaronder massagetafels, oli\u00ebn, cr\u00e8mes, en accessoires van topmerken, zoals Earthlite, Stronglite en InnerStrenght, Habys, Living Earth Crafts en Continuum en andere leveranciers van massage accessoires. Bestel hier de beste massagematerialen van Europa!\",\"email\":\"info@touchpro-europe.com\",\"telephone\":\"0858768829\",\"legalName\":\"TouchPro Europe BV\",\"foundingDate\":\"2018-01-11\",\"vatID\":\"NL855430151B01\",\"numberOfEmployees\":{\"@type\":\"QuantitativeValue\",\"minValue\":\"1\",\"maxValue\":\"10\"},\"hasMerchantReturnPolicy\":{\"@type\":\"MerchantReturnPolicy\",\"merchantReturnLink\":\"https:\\\/\\\/touchproeurope.eu\\\/fr\\\/retourbeleid\\\/\"}}]}<\/script>\n<meta property=\"product:brand\" content=\"Earthlite\" \/>\n<meta property=\"og:availability\" content=\"instock\" \/>\n<meta property=\"product:availability\" content=\"instock\" \/>\n<meta property=\"product:retailer_item_id\" content=\"80500\" \/>\n<meta property=\"product:condition\" content=\"new\" \/>\n<!-- \/ Yoast SEO Premium plugin. -->","yoast_head_json":{"title":"Earthlite Infinity Conforma table de massage - TouchPro Europe Shop","description":"D\u00e9couvrez le confort ultime avec la table de massage Earthlite Infinity Conforma, un chef-d'\u0153uvre qui chouchoute \u00e0 la fois le client et le masseur.","robots":{"index":"index","follow":"follow","max-snippet":"max-snippet:-1","max-image-preview":"max-image-preview:large","max-video-preview":"max-video-preview:-1"},"canonical":"https:\/\/touchproeurope.eu\/fr\/product\/table-de-massage-earthlite-infinity-conforma-top\/","og_locale":"fr_FR","og_type":"article","og_title":"Earthlite Infinity Conforma top Massagetafel","og_description":"Ervaar het summum van comfort met de Earthlite Infinity Conforma top massagetafel, een meesterwerk dat zowel de klant als de masseur verwent.","og_url":"https:\/\/touchproeurope.eu\/fr\/product\/table-de-massage-earthlite-infinity-conforma-top\/","og_site_name":"TouchPro Europe Shop","article_publisher":"https:\/\/www.facebook.com\/TouchproNederland\/?locale=nl_NL%2f","article_modified_time":"2026-03-04T16:55:53+00:00","og_image":[{"width":800,"height":800,"url":"https:\/\/touchproeurope.eu\/wp-content\/uploads\/2023\/11\/Earthlite-Infinity-Conforma-top-Massagetafel-Vanille-Creme-e1770808725188.webp","type":"image\/webp"}],"twitter_card":"summary_large_image","twitter_misc":{"Disponibilit\u00e9":"En stock"},"schema":{"@context":"https:\/\/schema.org","@graph":[{"@type":"WebPage","@id":"https:\/\/touchproeurope.eu\/product\/earthlite-infinity-conforma-top-massagetafel\/","url":"https:\/\/touchproeurope.eu\/product\/earthlite-infinity-conforma-top-massagetafel\/","name":"Earthlite Infinity Conforma table de massage - TouchPro Europe Shop","isPartOf":{"@id":"https:\/\/touchproeurope.eu\/#website"},"primaryImageOfPage":{"@id":"https:\/\/touchproeurope.eu\/product\/earthlite-infinity-conforma-top-massagetafel\/#primaryimage"},"image":{"@id":"https:\/\/touchproeurope.eu\/product\/earthlite-infinity-conforma-top-massagetafel\/#primaryimage"},"thumbnailUrl":"https:\/\/i0.wp.com\/touchproeurope.eu\/wp-content\/uploads\/2023\/11\/Earthlite-Infinity-Conforma-top-Massagetafel-Vanille-Creme-e1770808725188.webp?fit=800%2C800&ssl=1","datePublished":"2023-11-09T16:06:11+00:00","dateModified":"2026-03-04T16:55:53+00:00","description":"D\u00e9couvrez le confort ultime avec la table de massage Earthlite Infinity Conforma, un chef-d'\u0153uvre qui chouchoute \u00e0 la fois le client et le masseur.","breadcrumb":{"@id":"https:\/\/touchproeurope.eu\/product\/earthlite-infinity-conforma-top-massagetafel\/#breadcrumb"},"inLanguage":"fr-FR","potentialAction":[{"@type":"ReadAction","target":["https:\/\/touchproeurope.eu\/product\/earthlite-infinity-conforma-top-massagetafel\/"]}]},{"@type":"ImageObject","inLanguage":"fr-FR","@id":"https:\/\/touchproeurope.eu\/product\/earthlite-infinity-conforma-top-massagetafel\/#primaryimage","url":"https:\/\/i0.wp.com\/touchproeurope.eu\/wp-content\/uploads\/2023\/11\/Earthlite-Infinity-Conforma-top-Massagetafel-Vanille-Creme-e1770808725188.webp?fit=800%2C800&ssl=1","contentUrl":"https:\/\/i0.wp.com\/touchproeurope.eu\/wp-content\/uploads\/2023\/11\/Earthlite-Infinity-Conforma-top-Massagetafel-Vanille-Creme-e1770808725188.webp?fit=800%2C800&ssl=1","width":800,"height":800,"caption":"Earthlite Infinity Conforma top Massagetafel Vanille Creme"},{"@type":"BreadcrumbList","@id":"https:\/\/touchproeurope.eu\/product\/earthlite-infinity-conforma-top-massagetafel\/#breadcrumb","itemListElement":[{"@type":"ListItem","position":1,"name":"Home","item":"https:\/\/touchproeurope.eu\/"},{"@type":"ListItem","position":2,"name":"Winkel","item":"https:\/\/touchproeurope.eu\/winkel\/"},{"@type":"ListItem","position":3,"name":"Earthlite Infinity Conforma top Massagetafel"}]},{"@type":"WebSite","@id":"https:\/\/touchproeurope.eu\/#website","url":"https:\/\/touchproeurope.eu\/","name":"TouchPro Europe Shop","description":"Tout pour votre pratique avec une touche PROfessionnelle !","publisher":{"@id":"https:\/\/touchproeurope.eu\/#organization"},"alternateName":"TPE","potentialAction":[{"@type":"SearchAction","target":{"@type":"EntryPoint","urlTemplate":"https:\/\/touchproeurope.eu\/?s={search_term_string}"},"query-input":{"@type":"PropertyValueSpecification","valueRequired":true,"valueName":"search_term_string"}}],"inLanguage":"fr-FR"},{"@type":"Organization","@id":"https:\/\/touchproeurope.eu\/#organization","name":"TouchPro Europe BV","alternateName":"TPE","url":"https:\/\/touchproeurope.eu\/","logo":{"@type":"ImageObject","inLanguage":"fr-FR","@id":"https:\/\/touchproeurope.eu\/#\/schema\/logo\/image\/","url":"https:\/\/i0.wp.com\/touchproeurope.eu\/wp-content\/uploads\/2023\/10\/2b592c_b6944d80811246d987cc2c29accedf3f.png?fit=1417%2C531&ssl=1","contentUrl":"https:\/\/i0.wp.com\/touchproeurope.eu\/wp-content\/uploads\/2023\/10\/2b592c_b6944d80811246d987cc2c29accedf3f.png?fit=1417%2C531&ssl=1","width":1417,"height":531,"caption":"TouchPro Europe BV"},"image":{"@id":"https:\/\/touchproeurope.eu\/#\/schema\/logo\/image\/"},"sameAs":["https:\/\/www.facebook.com\/TouchproNederland\/?locale=nl_NL\/","https:\/\/www.instagram.com\/touchpro2016\/","https:\/\/www.linkedin.com\/company\/touchpro-europe-bv\/"],"description":"TouchPro Europe Shop est le magasin de massage de l'Europe. Nous vendons des produits de massage de qualit\u00e9 sup\u00e9rieure aux masseurs, p\u00e9dicures, physioth\u00e9rapeutes, manucures, centres de bien-\u00eatre, cours de formation, etc. TouchPro a commenc\u00e9 comme un petit magasin aux Pays-Bas, mais s'est maintenant d\u00e9velopp\u00e9 pour devenir un magasin avec des clients de toute l'Europe. Nous proposons une large gamme de produits de massage, notamment des tables de massage, des huiles, des cr\u00e8mes et des accessoires de grandes marques telles que Earthlite, Stronglite et InnerStrenght, Habys, Living Earth Crafts et Continuum, ainsi que d'autres fournisseurs d'accessoires de massage. Commandez ici les meilleurs produits de massage d'Europe !","email":"info@touchpro-europe.com","telephone":"0858768829","legalName":"TouchPro Europe BV","foundingDate":"2018-01-11","vatID":"NL855430151B01","numberOfEmployees":{"@type":"QuantitativeValue","minValue":"1","maxValue":"10"},"hasMerchantReturnPolicy":{"@type":"MerchantReturnPolicy","merchantReturnLink":"https:\/\/touchproeurope.eu\/fr\/retourbeleid\/"}}]},"product_brand":"Earthlite","og_availability":"instock","product_availability":"instock","product_retailer_item_id":"80500","product_condition":"new"},"_links":{"self":[{"href":"https:\/\/touchproeurope.eu\/fr\/wp-json\/wp\/v2\/product\/3130","targetHints":{"allow":["GET"]}}],"collection":[{"href":"https:\/\/touchproeurope.eu\/fr\/wp-json\/wp\/v2\/product"}],"about":[{"href":"https:\/\/touchproeurope.eu\/fr\/wp-json\/wp\/v2\/types\/product"}],"replies":[{"embeddable":true,"href":"https:\/\/touchproeurope.eu\/fr\/wp-json\/wp\/v2\/comments?post=3130"}],"version-history":[{"count":3,"href":"https:\/\/touchproeurope.eu\/fr\/wp-json\/wp\/v2\/product\/3130\/revisions"}],"predecessor-version":[{"id":8367,"href":"https:\/\/touchproeurope.eu\/fr\/wp-json\/wp\/v2\/product\/3130\/revisions\/8367"}],"wp:featuredmedia":[{"embeddable":true,"href":"https:\/\/touchproeurope.eu\/fr\/wp-json\/wp\/v2\/media\/3614"}],"wp:attachment":[{"href":"https:\/\/touchproeurope.eu\/fr\/wp-json\/wp\/v2\/media?parent=3130"}],"wp:term":[{"taxonomy":"product_brand","embeddable":true,"href":"https:\/\/touchproeurope.eu\/fr\/wp-json\/wp\/v2\/product_brand?post=3130"},{"taxonomy":"product_cat","embeddable":true,"href":"https:\/\/touchproeurope.eu\/fr\/wp-json\/wp\/v2\/product_cat?post=3130"},{"taxonomy":"product_tag","embeddable":true,"href":"https:\/\/touchproeurope.eu\/fr\/wp-json\/wp\/v2\/product_tag?post=3130"}],"curies":[{"name":"wp","href":"https:\/\/api.w.org\/{rel}","templated":true}]}}