{"id":3132,"date":"2023-11-09T16:06:16","date_gmt":"2023-11-09T16:06:16","guid":{"rendered":"https:\/\/touchproeurope.eu\/?post_type=product&#038;p=3132"},"modified":"2026-04-22T09:40:05","modified_gmt":"2026-04-22T09:40:05","slug":"holistic-alchemy-oreiller-therapeutique-pour-les-yeux","status":"publish","type":"product","link":"https:\/\/touchproeurope.eu\/fr\/product\/holistic-alchemy-therapeutisch-oogkussen\/","title":{"rendered":"Coussin th\u00e9rapeutique pour les yeux Holistic Alchemy"},"content":{"rendered":"<p data-start=\"224\" data-end=\"608\">Le <strong data-start=\"228\" data-end=\"273\">Holistic Alchemy\u2122 Oreiller th\u00e9rapeutique pour les yeux<\/strong> est con\u00e7u avec soin pour favoriser le repos, la r\u00e9cup\u00e9ration et la relaxation profonde. Cet oreiller pour les yeux associe les anciennes traditions orientales aux principes modernes de bien-\u00eatre. Il est fabriqu\u00e9 \u00e0 partir d'une pochette en soie pure 100 %. Il procure une sensation de fra\u00eecheur et d'apaisement sur les yeux fatigu\u00e9s. Il est id\u00e9al pour la m\u00e9ditation, le yoga, la routine du soir ou pour prendre soin de soi.<\/p>\n<p data-start=\"610\" data-end=\"1075\">Le remplissage est constitu\u00e9 d'un m\u00e9lange de plantes soigneusement compos\u00e9, de lavande, de menthe poivr\u00e9e, de p\u00e9tales de rose et de camomille. Ce m\u00e9lange est associ\u00e9 \u00e0 des graines de lin qui exercent une pression subtile sur le contour des yeux. Cette combinaison a un effet aromath\u00e9rapeutique et aide \u00e0 rel\u00e2cher la tension autour des yeux. Selon les m\u00e9thodes de gu\u00e9rison traditionnelles, la pression douce soulage les yeux fatigu\u00e9s. Elle r\u00e9duit le stress dans la zone oculaire. En outre, elle rend la transition vers le repos et le sommeil plus agr\u00e9able.<\/p>\n<p data-start=\"1077\" data-end=\"1575\">La pochette en soie est cousue \u00e0 la main et comporte une fermeture \u00e9clair \u00e0 une extr\u00e9mit\u00e9. Cela vous permet de retirer temporairement la garniture et de laver la pochette. Vous pouvez ensuite la remplir \u00e0 nouveau sans probl\u00e8me.<\/p>\n<p data-start=\"1077\" data-end=\"1575\">Pour plus de commodit\u00e9, une pochette en soie s\u00e9par\u00e9e est \u00e9galement disponible. Elle permet de nettoyer s\u00e9par\u00e9ment la partie ext\u00e9rieure du coussin oculaire sans alt\u00e9rer le m\u00e9lange d'herbes. Ce coussin oculaire n'\u00e9tant pas destin\u00e9 \u00e0 \u00eatre chauff\u00e9, il peut \u00eatre utilis\u00e9 \u00e0 froid. Ne pas utiliser de micro-ondes ou de sources de chaleur.<\/p>\n<p data-start=\"1577\" data-end=\"1837\">Que vous travailliez comme massoth\u00e9rapeute, dans un studio de yoga ou un spa, ou que vous offriez ce coussin \u00e0 vos clients, il s'agit d'un outil \u00e9l\u00e9gant et fonctionnel. N'h\u00e9sitez pas \u00e0 l'utiliser \u00e9galement dans vos propres moments de repos. Le coussin pour les yeux favorise le repos. En outre, il temp\u00e8re les sens et accro\u00eet la sensation de bien-\u00eatre.<\/p>","protected":false},"excerpt":{"rendered":"<p>Les coussins oculaires th\u00e9rapeutiques Earthlite Holistic Alchemy\u2122 sont con\u00e7us pour am\u00e9liorer les routines de relaxation, de m\u00e9ditation, de yoga et de sommeil. Les oreillers sont fabriqu\u00e9s en soie pure 100% et leur texture tr\u00e8s douce a un effet rafra\u00eechissant et apaisant sur les yeux fatigu\u00e9s.<\/p>\n<p>Chaque oreiller est rempli de la recette aromatique d'Earthlite \u00e0 base de lavande, de menthe poivr\u00e9e, de p\u00e9tales de rose et de camomille, qui apaise et d\u00e9tend le corps et l'esprit. Selon la tradition curative orientale, la pression subtile de l'oreiller rempli d'herbes et de graines de lin sur les yeux aide \u00e0 soulager la tension et \u00e0 r\u00e9duire la fatigue oculaire.<\/p>\n<p>Autres sp\u00e9cifications :<\/p>\n<ul>\n<li>la pochette en soie est cousue \u00e0 la main et munie d'une fermeture \u00e9clair \u00e0 l'extr\u00e9mit\u00e9. Cela vous permet de vider temporairement le contenu, de laver la pochette et de remplir \u00e0 nouveau le coussin oculaire.<\/li>\n<li>une housse en soie pour le coussin peut \u00eatre command\u00e9e pour faciliter le nettoyage du coussin.<\/li>\n<li>Ne pas r\u00e9chauffer au micro-ondes - utiliser \u00e0 froid.<\/li>\n<li><a href=\"https:\/\/b2b.earthlite.eu\/media\/wysiwyg\/SalesSheets\/2023-Reupload\/EyePillows_-_1-300-0134_-_rev_011922.pdf\" target=\"_blank\" rel=\"noopener\">Feuille de vente officielle Oreiller pour les yeux<\/a><\/li><\/li>\n<\/ul>","protected":false},"featured_media":14217,"comment_status":"open","ping_status":"closed","template":"","meta":[],"product_brand":[343],"product_cat":[105],"product_tag":[449,450,447,451,448],"class_list":{"0":"post-3132","1":"product","2":"type-product","3":"status-publish","4":"has-post-thumbnail","6":"product_brand-earthlite","7":"product_cat-aromatherapie","8":"product_tag-oogmasker-voor-ontspanning","9":"product_tag-slaap-routine-hulpmiddel","10":"product_tag-therapeutisch-oogkussen","11":"product_tag-wellness-cadeau","12":"product_tag-yoga-accessory","13":"product_shipping_class-klein-pakket","14":"pa_kleur-grijs","15":"pa_kleur-teal-blauw","16":"pa_kleur-zwart","17":"pa_merk-earthlite","19":"first","20":"instock","21":"taxable","22":"shipping-taxable","23":"purchasable","24":"product-type-variable"},"yoast_head":"<!-- This site is optimized with the Yoast SEO Premium plugin v27.4 (Yoast SEO v27.4) - https:\/\/yoast.com\/product\/yoast-seo-premium-wordpress\/ -->\n<title>Holistic Alchemy therapeutisch oogkussen - TouchPro Europe Shop<\/title>\n<meta name=\"description\" content=\"Cre\u00eber je eigen zen met het Holistic Alchemy therapeutisch oogkussen. Deze zachte zijden pouch bevordert rust en herstel. Geen afscheid meer van stress!\" \/>\n<meta name=\"robots\" content=\"index, follow, max-snippet:-1, max-image-preview:large, max-video-preview:-1\" \/>\n<link rel=\"canonical\" href=\"https:\/\/touchproeurope.eu\/fr\/product\/holistic-alchemy-oreiller-therapeutique-pour-les-yeux\/\" \/>\n<meta property=\"og:locale\" content=\"fr_FR\" \/>\n<meta property=\"og:type\" content=\"article\" \/>\n<meta property=\"og:title\" content=\"Holistic Alchemy therapeutisch oogkussen\" \/>\n<meta property=\"og:description\" content=\"Cre\u00eber je eigen zen met het Holistic Alchemy therapeutisch oogkussen. Deze zachte zijden pouch bevordert rust en herstel. Geen afscheid meer van stress!\" \/>\n<meta property=\"og:url\" content=\"https:\/\/touchproeurope.eu\/fr\/product\/holistic-alchemy-oreiller-therapeutique-pour-les-yeux\/\" \/>\n<meta property=\"og:site_name\" content=\"TouchPro Europe Shop\" \/>\n<meta property=\"article:publisher\" content=\"https:\/\/www.facebook.com\/TouchproNederland\/?locale=nl_NL%2f\" \/>\n<meta property=\"article:modified_time\" content=\"2026-04-22T09:40:05+00:00\" \/>\n<meta property=\"og:image\" content=\"https:\/\/touchproeurope.eu\/wp-content\/uploads\/2023\/11\/Eye_Pillow_-_Group_-_Layered-e1759868785826.jpg\" \/>\n\t<meta property=\"og:image:width\" content=\"800\" \/>\n\t<meta property=\"og:image:height\" content=\"800\" \/>\n\t<meta property=\"og:image:type\" content=\"image\/jpeg\" \/>\n<meta name=\"twitter:card\" content=\"summary_large_image\" \/>\n<meta name=\"twitter:label1\" content=\"Disponibilit\u00e9\" \/>\n\t<meta name=\"twitter:data1\" content=\"En stock\" \/>\n<script type=\"application\/ld+json\" class=\"yoast-schema-graph\">{\"@context\":\"https:\\\/\\\/schema.org\",\"@graph\":[{\"@type\":\"WebPage\",\"@id\":\"https:\\\/\\\/touchproeurope.eu\\\/product\\\/holistic-alchemy-therapeutisch-oogkussen\\\/\",\"url\":\"https:\\\/\\\/touchproeurope.eu\\\/product\\\/holistic-alchemy-therapeutisch-oogkussen\\\/\",\"name\":\"Holistic Alchemy therapeutisch oogkussen - TouchPro Europe Shop\",\"isPartOf\":{\"@id\":\"https:\\\/\\\/touchproeurope.eu\\\/#website\"},\"primaryImageOfPage\":{\"@id\":\"https:\\\/\\\/touchproeurope.eu\\\/product\\\/holistic-alchemy-therapeutisch-oogkussen\\\/#primaryimage\"},\"image\":{\"@id\":\"https:\\\/\\\/touchproeurope.eu\\\/product\\\/holistic-alchemy-therapeutisch-oogkussen\\\/#primaryimage\"},\"thumbnailUrl\":\"https:\\\/\\\/i0.wp.com\\\/touchproeurope.eu\\\/wp-content\\\/uploads\\\/2023\\\/11\\\/Eye_Pillow_-_Group_-_Layered-e1759868785826.jpg?fit=800%2C800&ssl=1\",\"datePublished\":\"2023-11-09T16:06:16+00:00\",\"dateModified\":\"2026-04-22T09:40:05+00:00\",\"description\":\"Cre\u00eber je eigen zen met het Holistic Alchemy therapeutisch oogkussen. Deze zachte zijden pouch bevordert rust en herstel. Geen afscheid meer van stress!\",\"breadcrumb\":{\"@id\":\"https:\\\/\\\/touchproeurope.eu\\\/product\\\/holistic-alchemy-therapeutisch-oogkussen\\\/#breadcrumb\"},\"inLanguage\":\"fr-FR\",\"potentialAction\":[{\"@type\":\"ReadAction\",\"target\":[\"https:\\\/\\\/touchproeurope.eu\\\/product\\\/holistic-alchemy-therapeutisch-oogkussen\\\/\"]}]},{\"@type\":\"ImageObject\",\"inLanguage\":\"fr-FR\",\"@id\":\"https:\\\/\\\/touchproeurope.eu\\\/product\\\/holistic-alchemy-therapeutisch-oogkussen\\\/#primaryimage\",\"url\":\"https:\\\/\\\/i0.wp.com\\\/touchproeurope.eu\\\/wp-content\\\/uploads\\\/2023\\\/11\\\/Eye_Pillow_-_Group_-_Layered-e1759868785826.jpg?fit=800%2C800&ssl=1\",\"contentUrl\":\"https:\\\/\\\/i0.wp.com\\\/touchproeurope.eu\\\/wp-content\\\/uploads\\\/2023\\\/11\\\/Eye_Pillow_-_Group_-_Layered-e1759868785826.jpg?fit=800%2C800&ssl=1\",\"width\":800,\"height\":800,\"caption\":\"Holistic Alchemy therapeutisch oogkussen alle kleuren van het merk Earthlite\"},{\"@type\":\"BreadcrumbList\",\"@id\":\"https:\\\/\\\/touchproeurope.eu\\\/product\\\/holistic-alchemy-therapeutisch-oogkussen\\\/#breadcrumb\",\"itemListElement\":[{\"@type\":\"ListItem\",\"position\":1,\"name\":\"Home\",\"item\":\"https:\\\/\\\/touchproeurope.eu\\\/\"},{\"@type\":\"ListItem\",\"position\":2,\"name\":\"Winkel\",\"item\":\"https:\\\/\\\/touchproeurope.eu\\\/winkel\\\/\"},{\"@type\":\"ListItem\",\"position\":3,\"name\":\"Holistic Alchemy therapeutisch oogkussen\"}]},{\"@type\":\"WebSite\",\"@id\":\"https:\\\/\\\/touchproeurope.eu\\\/#website\",\"url\":\"https:\\\/\\\/touchproeurope.eu\\\/\",\"name\":\"TouchPro Europe Shop\",\"description\":\"Alles voor jouw praktijk met een PROfessionele Touch!\",\"publisher\":{\"@id\":\"https:\\\/\\\/touchproeurope.eu\\\/#organization\"},\"alternateName\":\"TPE\",\"potentialAction\":[{\"@type\":\"SearchAction\",\"target\":{\"@type\":\"EntryPoint\",\"urlTemplate\":\"https:\\\/\\\/touchproeurope.eu\\\/?s={search_term_string}\"},\"query-input\":{\"@type\":\"PropertyValueSpecification\",\"valueRequired\":true,\"valueName\":\"search_term_string\"}}],\"inLanguage\":\"fr-FR\"},{\"@type\":\"Organization\",\"@id\":\"https:\\\/\\\/touchproeurope.eu\\\/#organization\",\"name\":\"TouchPro Europe BV\",\"alternateName\":\"TPE\",\"url\":\"https:\\\/\\\/touchproeurope.eu\\\/\",\"logo\":{\"@type\":\"ImageObject\",\"inLanguage\":\"fr-FR\",\"@id\":\"https:\\\/\\\/touchproeurope.eu\\\/#\\\/schema\\\/logo\\\/image\\\/\",\"url\":\"https:\\\/\\\/i0.wp.com\\\/touchproeurope.eu\\\/wp-content\\\/uploads\\\/2023\\\/10\\\/2b592c_b6944d80811246d987cc2c29accedf3f.png?fit=1417%2C531&ssl=1\",\"contentUrl\":\"https:\\\/\\\/i0.wp.com\\\/touchproeurope.eu\\\/wp-content\\\/uploads\\\/2023\\\/10\\\/2b592c_b6944d80811246d987cc2c29accedf3f.png?fit=1417%2C531&ssl=1\",\"width\":1417,\"height\":531,\"caption\":\"TouchPro Europe BV\"},\"image\":{\"@id\":\"https:\\\/\\\/touchproeurope.eu\\\/#\\\/schema\\\/logo\\\/image\\\/\"},\"sameAs\":[\"https:\\\/\\\/www.facebook.com\\\/TouchproNederland\\\/?locale=nl_NL\\\/\",\"https:\\\/\\\/www.instagram.com\\\/touchpro2016\\\/\",\"https:\\\/\\\/www.linkedin.com\\\/company\\\/touchpro-europe-bv\\\/\"],\"description\":\"TouchPro Europe Shop is de massage winkel van Europa. Wij verkopen topkwaliteit massageproducten aan masseurs, pedicures, fysiotherapeuten, manicuren, Wellness centra, opleidingen, etc. TouchPro begon als een kleine webshop in Nederland, maar is nu uitgegroeid tot een webshop met klanten uit heel Europa. Wij bieden een breed assortiment aan massageproducten, waaronder massagetafels, oli\u00ebn, cr\u00e8mes, en accessoires van topmerken, zoals Earthlite, Stronglite en InnerStrenght, Habys, Living Earth Crafts en Continuum en andere leveranciers van massage accessoires. Bestel hier de beste massagematerialen van Europa!\",\"email\":\"info@touchpro-europe.com\",\"telephone\":\"0858768829\",\"legalName\":\"TouchPro Europe BV\",\"foundingDate\":\"2018-01-11\",\"vatID\":\"NL855430151B01\",\"numberOfEmployees\":{\"@type\":\"QuantitativeValue\",\"minValue\":\"1\",\"maxValue\":\"10\"},\"hasMerchantReturnPolicy\":{\"@type\":\"MerchantReturnPolicy\",\"merchantReturnLink\":\"https:\\\/\\\/touchproeurope.eu\\\/fr\\\/retourbeleid\\\/\"}}]}<\/script>\n<meta property=\"product:brand\" content=\"Earthlite\" \/>\n<meta property=\"og:availability\" content=\"instock\" \/>\n<meta property=\"product:availability\" content=\"instock\" \/>\n<meta property=\"product:retailer_item_id\" content=\"88100\" \/>\n<meta property=\"product:condition\" content=\"new\" \/>\n<!-- \/ Yoast SEO Premium plugin. -->","yoast_head_json":{"title":"Oreiller th\u00e9rapeutique Holistic Alchemy - TouchPro Europe Shop","description":"Cr\u00e9ez votre propre zen avec l'oreiller th\u00e9rapeutique Holistic Alchemy. Cette pochette en soie douce favorise le calme et la r\u00e9cup\u00e9ration. Ne dites plus adieu au stress !","robots":{"index":"index","follow":"follow","max-snippet":"max-snippet:-1","max-image-preview":"max-image-preview:large","max-video-preview":"max-video-preview:-1"},"canonical":"https:\/\/touchproeurope.eu\/fr\/product\/holistic-alchemy-oreiller-therapeutique-pour-les-yeux\/","og_locale":"fr_FR","og_type":"article","og_title":"Holistic Alchemy therapeutisch oogkussen","og_description":"Cre\u00eber je eigen zen met het Holistic Alchemy therapeutisch oogkussen. Deze zachte zijden pouch bevordert rust en herstel. Geen afscheid meer van stress!","og_url":"https:\/\/touchproeurope.eu\/fr\/product\/holistic-alchemy-oreiller-therapeutique-pour-les-yeux\/","og_site_name":"TouchPro Europe Shop","article_publisher":"https:\/\/www.facebook.com\/TouchproNederland\/?locale=nl_NL%2f","article_modified_time":"2026-04-22T09:40:05+00:00","og_image":[{"width":800,"height":800,"url":"https:\/\/touchproeurope.eu\/wp-content\/uploads\/2023\/11\/Eye_Pillow_-_Group_-_Layered-e1759868785826.jpg","type":"image\/jpeg"}],"twitter_card":"summary_large_image","twitter_misc":{"Disponibilit\u00e9":"En stock"},"schema":{"@context":"https:\/\/schema.org","@graph":[{"@type":"WebPage","@id":"https:\/\/touchproeurope.eu\/product\/holistic-alchemy-therapeutisch-oogkussen\/","url":"https:\/\/touchproeurope.eu\/product\/holistic-alchemy-therapeutisch-oogkussen\/","name":"Oreiller th\u00e9rapeutique Holistic Alchemy - TouchPro Europe Shop","isPartOf":{"@id":"https:\/\/touchproeurope.eu\/#website"},"primaryImageOfPage":{"@id":"https:\/\/touchproeurope.eu\/product\/holistic-alchemy-therapeutisch-oogkussen\/#primaryimage"},"image":{"@id":"https:\/\/touchproeurope.eu\/product\/holistic-alchemy-therapeutisch-oogkussen\/#primaryimage"},"thumbnailUrl":"https:\/\/i0.wp.com\/touchproeurope.eu\/wp-content\/uploads\/2023\/11\/Eye_Pillow_-_Group_-_Layered-e1759868785826.jpg?fit=800%2C800&ssl=1","datePublished":"2023-11-09T16:06:16+00:00","dateModified":"2026-04-22T09:40:05+00:00","description":"Cr\u00e9ez votre propre zen avec l'oreiller th\u00e9rapeutique Holistic Alchemy. Cette pochette en soie douce favorise le calme et la r\u00e9cup\u00e9ration. Ne dites plus adieu au stress !","breadcrumb":{"@id":"https:\/\/touchproeurope.eu\/product\/holistic-alchemy-therapeutisch-oogkussen\/#breadcrumb"},"inLanguage":"fr-FR","potentialAction":[{"@type":"ReadAction","target":["https:\/\/touchproeurope.eu\/product\/holistic-alchemy-therapeutisch-oogkussen\/"]}]},{"@type":"ImageObject","inLanguage":"fr-FR","@id":"https:\/\/touchproeurope.eu\/product\/holistic-alchemy-therapeutisch-oogkussen\/#primaryimage","url":"https:\/\/i0.wp.com\/touchproeurope.eu\/wp-content\/uploads\/2023\/11\/Eye_Pillow_-_Group_-_Layered-e1759868785826.jpg?fit=800%2C800&ssl=1","contentUrl":"https:\/\/i0.wp.com\/touchproeurope.eu\/wp-content\/uploads\/2023\/11\/Eye_Pillow_-_Group_-_Layered-e1759868785826.jpg?fit=800%2C800&ssl=1","width":800,"height":800,"caption":"Holistic Alchemy therapeutisch oogkussen alle kleuren van het merk Earthlite"},{"@type":"BreadcrumbList","@id":"https:\/\/touchproeurope.eu\/product\/holistic-alchemy-therapeutisch-oogkussen\/#breadcrumb","itemListElement":[{"@type":"ListItem","position":1,"name":"Home","item":"https:\/\/touchproeurope.eu\/"},{"@type":"ListItem","position":2,"name":"Winkel","item":"https:\/\/touchproeurope.eu\/winkel\/"},{"@type":"ListItem","position":3,"name":"Holistic Alchemy therapeutisch oogkussen"}]},{"@type":"WebSite","@id":"https:\/\/touchproeurope.eu\/#website","url":"https:\/\/touchproeurope.eu\/","name":"TouchPro Europe Shop","description":"Tout pour votre pratique avec une touche PROfessionnelle !","publisher":{"@id":"https:\/\/touchproeurope.eu\/#organization"},"alternateName":"TPE","potentialAction":[{"@type":"SearchAction","target":{"@type":"EntryPoint","urlTemplate":"https:\/\/touchproeurope.eu\/?s={search_term_string}"},"query-input":{"@type":"PropertyValueSpecification","valueRequired":true,"valueName":"search_term_string"}}],"inLanguage":"fr-FR"},{"@type":"Organization","@id":"https:\/\/touchproeurope.eu\/#organization","name":"TouchPro Europe BV","alternateName":"TPE","url":"https:\/\/touchproeurope.eu\/","logo":{"@type":"ImageObject","inLanguage":"fr-FR","@id":"https:\/\/touchproeurope.eu\/#\/schema\/logo\/image\/","url":"https:\/\/i0.wp.com\/touchproeurope.eu\/wp-content\/uploads\/2023\/10\/2b592c_b6944d80811246d987cc2c29accedf3f.png?fit=1417%2C531&ssl=1","contentUrl":"https:\/\/i0.wp.com\/touchproeurope.eu\/wp-content\/uploads\/2023\/10\/2b592c_b6944d80811246d987cc2c29accedf3f.png?fit=1417%2C531&ssl=1","width":1417,"height":531,"caption":"TouchPro Europe BV"},"image":{"@id":"https:\/\/touchproeurope.eu\/#\/schema\/logo\/image\/"},"sameAs":["https:\/\/www.facebook.com\/TouchproNederland\/?locale=nl_NL\/","https:\/\/www.instagram.com\/touchpro2016\/","https:\/\/www.linkedin.com\/company\/touchpro-europe-bv\/"],"description":"TouchPro Europe Shop est le magasin de massage de l'Europe. Nous vendons des produits de massage de qualit\u00e9 sup\u00e9rieure aux masseurs, p\u00e9dicures, physioth\u00e9rapeutes, manucures, centres de bien-\u00eatre, cours de formation, etc. TouchPro a commenc\u00e9 comme un petit magasin aux Pays-Bas, mais s'est maintenant d\u00e9velopp\u00e9 pour devenir un magasin avec des clients de toute l'Europe. Nous proposons une large gamme de produits de massage, notamment des tables de massage, des huiles, des cr\u00e8mes et des accessoires de grandes marques telles que Earthlite, Stronglite et InnerStrenght, Habys, Living Earth Crafts et Continuum, ainsi que d'autres fournisseurs d'accessoires de massage. Commandez ici les meilleurs produits de massage d'Europe !","email":"info@touchpro-europe.com","telephone":"0858768829","legalName":"TouchPro Europe BV","foundingDate":"2018-01-11","vatID":"NL855430151B01","numberOfEmployees":{"@type":"QuantitativeValue","minValue":"1","maxValue":"10"},"hasMerchantReturnPolicy":{"@type":"MerchantReturnPolicy","merchantReturnLink":"https:\/\/touchproeurope.eu\/fr\/retourbeleid\/"}}]},"product_brand":"Earthlite","og_availability":"instock","product_availability":"instock","product_retailer_item_id":"88100","product_condition":"new"},"_links":{"self":[{"href":"https:\/\/touchproeurope.eu\/fr\/wp-json\/wp\/v2\/product\/3132","targetHints":{"allow":["GET"]}}],"collection":[{"href":"https:\/\/touchproeurope.eu\/fr\/wp-json\/wp\/v2\/product"}],"about":[{"href":"https:\/\/touchproeurope.eu\/fr\/wp-json\/wp\/v2\/types\/product"}],"replies":[{"embeddable":true,"href":"https:\/\/touchproeurope.eu\/fr\/wp-json\/wp\/v2\/comments?post=3132"}],"version-history":[{"count":4,"href":"https:\/\/touchproeurope.eu\/fr\/wp-json\/wp\/v2\/product\/3132\/revisions"}],"predecessor-version":[{"id":14223,"href":"https:\/\/touchproeurope.eu\/fr\/wp-json\/wp\/v2\/product\/3132\/revisions\/14223"}],"wp:featuredmedia":[{"embeddable":true,"href":"https:\/\/touchproeurope.eu\/fr\/wp-json\/wp\/v2\/media\/14217"}],"wp:attachment":[{"href":"https:\/\/touchproeurope.eu\/fr\/wp-json\/wp\/v2\/media?parent=3132"}],"wp:term":[{"taxonomy":"product_brand","embeddable":true,"href":"https:\/\/touchproeurope.eu\/fr\/wp-json\/wp\/v2\/product_brand?post=3132"},{"taxonomy":"product_cat","embeddable":true,"href":"https:\/\/touchproeurope.eu\/fr\/wp-json\/wp\/v2\/product_cat?post=3132"},{"taxonomy":"product_tag","embeddable":true,"href":"https:\/\/touchproeurope.eu\/fr\/wp-json\/wp\/v2\/product_tag?post=3132"}],"curies":[{"name":"wp","href":"https:\/\/api.w.org\/{rel}","templated":true}]}}