{"id":3146,"date":"2023-11-09T16:06:43","date_gmt":"2023-11-09T16:06:43","guid":{"rendered":"https:\/\/touchproeurope.eu\/?post_type=product&#038;p=3146"},"modified":"2026-04-22T09:33:45","modified_gmt":"2026-04-22T09:33:45","slug":"creme-de-massage-a-la-menthe-cai-pan","status":"publish","type":"product","link":"https:\/\/touchproeurope.eu\/fr\/product\/cai-pan-mint-massage-creme\/","title":{"rendered":"CAI-PAN Cr\u00e8me de massage \u00e0 la menthe"},"content":{"rendered":"<p>D\u00e9couvrez le pouvoir rafra\u00eechissant de la cr\u00e8me de massage \u00e0 la menthe CAI-PAN Plus, ce produit vous aide \u00e0 intensifier et \u00e0 d\u00e9tendre les muscles apr\u00e8s l'exercice. Un \u00e9l\u00e9ment essentiel \u00e0 la fois pour la r\u00e9cup\u00e9ration post-entra\u00eenement et pour un \u00e9chauffement \u00e9nergique.<\/p>\n<p>Infus\u00e9e d'huile de menthe poivr\u00e9e japonaise, cette cr\u00e8me offre non seulement un soulagement mais aussi une sensation de fra\u00eecheur intense. La sensation menthol\u00e9e revigorante p\u00e9n\u00e8tre en profondeur et revitalise les muscles.<\/p>\n<p>Avec la cr\u00e8me de massage \u00e0 la menthe CAI-PAN Plus, vous allez au-del\u00e0 d'un massage ordinaire. La cr\u00e8me est con\u00e7ue pour intensifier les bienfaits du massage, ce qui en fait le choix id\u00e9al pour les athl\u00e8tes et tous ceux qui ont besoin d'un soin musculaire cibl\u00e9.<\/p>\n<p>Commandez d\u00e8s aujourd'hui et profitez de la sensation revigorante de la cr\u00e8me de massage \u00e0 la menthe CAI-PAN Plus.<\/p>","protected":false},"excerpt":{"rendered":"<p>La cr\u00e8me de massage \u00e0 la menthe CAI-PAN Plus intensifie et d\u00e9tend les muscles. Elle est id\u00e9ale pour les massages apr\u00e8s un effort physique important ou pour l'\u00e9chauffement. L'huile de menthe poivr\u00e9e japonaise contenue dans la cr\u00e8me procure une sensation de fra\u00eecheur intense.<\/p>","protected":false},"featured_media":4269,"comment_status":"open","ping_status":"closed","template":"","meta":[],"product_brand":[513],"product_cat":[115],"product_tag":[161,162,163],"class_list":{"0":"post-3146","1":"product","2":"type-product","3":"status-publish","4":"has-post-thumbnail","6":"product_brand-cai-pan","7":"product_cat-massageolie","8":"product_tag-cai-pan","9":"product_tag-massage-creme","10":"product_tag-mint","11":"product_shipping_class-klein-pakket","12":"pa_maat-1000-ml","13":"pa_maat-150-ml","14":"pa_maat-2500-ml","16":"first","17":"instock","18":"taxable","19":"shipping-taxable","20":"purchasable","21":"product-type-variable"},"yoast_head":"<!-- This site is optimized with the Yoast SEO Premium plugin v27.4 (Yoast SEO v27.4) - https:\/\/yoast.com\/product\/yoast-seo-premium-wordpress\/ -->\n<title>CAI-PAN Mint Massage Creme - TouchPro Europe Shop<\/title>\n<meta name=\"description\" content=\"Een frisse mentholachtige sensatie die diep doordringt met CAI-PAN Mint \ud83e\uddf4 Massage Creme. Stimuleer spieren en versoepelen na inspanning. Koop nu!\" \/>\n<meta name=\"robots\" content=\"index, follow, max-snippet:-1, max-image-preview:large, max-video-preview:-1\" \/>\n<link rel=\"canonical\" href=\"https:\/\/touchproeurope.eu\/fr\/product\/creme-de-massage-a-la-menthe-cai-pan\/\" \/>\n<meta property=\"og:locale\" content=\"fr_FR\" \/>\n<meta property=\"og:type\" content=\"article\" \/>\n<meta property=\"og:title\" content=\"CAI-PAN Mint Massage Creme\" \/>\n<meta property=\"og:description\" content=\"Een frisse mentholachtige sensatie die diep doordringt met CAI-PAN Mint \ud83e\uddf4 Massage Creme. Stimuleer spieren en versoepelen na inspanning. Koop nu!\" \/>\n<meta property=\"og:url\" content=\"https:\/\/touchproeurope.eu\/fr\/product\/creme-de-massage-a-la-menthe-cai-pan\/\" \/>\n<meta property=\"og:site_name\" content=\"TouchPro Europe Shop\" \/>\n<meta property=\"article:publisher\" content=\"https:\/\/www.facebook.com\/TouchproNederland\/?locale=nl_NL%2f\" \/>\n<meta property=\"article:modified_time\" content=\"2026-04-22T09:33:45+00:00\" \/>\n<meta property=\"og:image\" content=\"https:\/\/touchproeurope.eu\/wp-content\/uploads\/2023\/11\/CAI-PAN-Mint-Massage-Creme-Plus.jpg\" \/>\n\t<meta property=\"og:image:width\" content=\"800\" \/>\n\t<meta property=\"og:image:height\" content=\"800\" \/>\n\t<meta property=\"og:image:type\" content=\"image\/jpeg\" \/>\n<meta name=\"twitter:card\" content=\"summary_large_image\" \/>\n<meta name=\"twitter:label1\" content=\"Disponibilit\u00e9\" \/>\n\t<meta name=\"twitter:data1\" content=\"En stock\" \/>\n<script type=\"application\/ld+json\" class=\"yoast-schema-graph\">{\"@context\":\"https:\\\/\\\/schema.org\",\"@graph\":[{\"@type\":\"WebPage\",\"@id\":\"https:\\\/\\\/touchproeurope.eu\\\/product\\\/cai-pan-mint-massage-creme\\\/\",\"url\":\"https:\\\/\\\/touchproeurope.eu\\\/product\\\/cai-pan-mint-massage-creme\\\/\",\"name\":\"CAI-PAN Mint Massage Creme - TouchPro Europe Shop\",\"isPartOf\":{\"@id\":\"https:\\\/\\\/touchproeurope.eu\\\/#website\"},\"primaryImageOfPage\":{\"@id\":\"https:\\\/\\\/touchproeurope.eu\\\/product\\\/cai-pan-mint-massage-creme\\\/#primaryimage\"},\"image\":{\"@id\":\"https:\\\/\\\/touchproeurope.eu\\\/product\\\/cai-pan-mint-massage-creme\\\/#primaryimage\"},\"thumbnailUrl\":\"https:\\\/\\\/i0.wp.com\\\/touchproeurope.eu\\\/wp-content\\\/uploads\\\/2023\\\/11\\\/CAI-PAN-Mint-Massage-Creme-Plus.jpg?fit=800%2C800&ssl=1\",\"datePublished\":\"2023-11-09T16:06:43+00:00\",\"dateModified\":\"2026-04-22T09:33:45+00:00\",\"description\":\"Een frisse mentholachtige sensatie die diep doordringt met CAI-PAN Mint \ud83e\uddf4 Massage Creme. Stimuleer spieren en versoepelen na inspanning. Koop nu!\",\"breadcrumb\":{\"@id\":\"https:\\\/\\\/touchproeurope.eu\\\/product\\\/cai-pan-mint-massage-creme\\\/#breadcrumb\"},\"inLanguage\":\"fr-FR\",\"potentialAction\":[{\"@type\":\"ReadAction\",\"target\":[\"https:\\\/\\\/touchproeurope.eu\\\/product\\\/cai-pan-mint-massage-creme\\\/\"]}]},{\"@type\":\"ImageObject\",\"inLanguage\":\"fr-FR\",\"@id\":\"https:\\\/\\\/touchproeurope.eu\\\/product\\\/cai-pan-mint-massage-creme\\\/#primaryimage\",\"url\":\"https:\\\/\\\/i0.wp.com\\\/touchproeurope.eu\\\/wp-content\\\/uploads\\\/2023\\\/11\\\/CAI-PAN-Mint-Massage-Creme-Plus.jpg?fit=800%2C800&ssl=1\",\"contentUrl\":\"https:\\\/\\\/i0.wp.com\\\/touchproeurope.eu\\\/wp-content\\\/uploads\\\/2023\\\/11\\\/CAI-PAN-Mint-Massage-Creme-Plus.jpg?fit=800%2C800&ssl=1\",\"width\":800,\"height\":800,\"caption\":\"CAI-PAN Mint Massage Creme\"},{\"@type\":\"BreadcrumbList\",\"@id\":\"https:\\\/\\\/touchproeurope.eu\\\/product\\\/cai-pan-mint-massage-creme\\\/#breadcrumb\",\"itemListElement\":[{\"@type\":\"ListItem\",\"position\":1,\"name\":\"Home\",\"item\":\"https:\\\/\\\/touchproeurope.eu\\\/\"},{\"@type\":\"ListItem\",\"position\":2,\"name\":\"Winkel\",\"item\":\"https:\\\/\\\/touchproeurope.eu\\\/winkel\\\/\"},{\"@type\":\"ListItem\",\"position\":3,\"name\":\"CAI-PAN Mint Massage Creme\"}]},{\"@type\":\"WebSite\",\"@id\":\"https:\\\/\\\/touchproeurope.eu\\\/#website\",\"url\":\"https:\\\/\\\/touchproeurope.eu\\\/\",\"name\":\"TouchPro Europe Shop\",\"description\":\"Alles voor jouw praktijk met een PROfessionele Touch!\",\"publisher\":{\"@id\":\"https:\\\/\\\/touchproeurope.eu\\\/#organization\"},\"alternateName\":\"TPE\",\"potentialAction\":[{\"@type\":\"SearchAction\",\"target\":{\"@type\":\"EntryPoint\",\"urlTemplate\":\"https:\\\/\\\/touchproeurope.eu\\\/?s={search_term_string}\"},\"query-input\":{\"@type\":\"PropertyValueSpecification\",\"valueRequired\":true,\"valueName\":\"search_term_string\"}}],\"inLanguage\":\"fr-FR\"},{\"@type\":\"Organization\",\"@id\":\"https:\\\/\\\/touchproeurope.eu\\\/#organization\",\"name\":\"TouchPro Europe BV\",\"alternateName\":\"TPE\",\"url\":\"https:\\\/\\\/touchproeurope.eu\\\/\",\"logo\":{\"@type\":\"ImageObject\",\"inLanguage\":\"fr-FR\",\"@id\":\"https:\\\/\\\/touchproeurope.eu\\\/#\\\/schema\\\/logo\\\/image\\\/\",\"url\":\"https:\\\/\\\/i0.wp.com\\\/touchproeurope.eu\\\/wp-content\\\/uploads\\\/2023\\\/10\\\/2b592c_b6944d80811246d987cc2c29accedf3f.png?fit=1417%2C531&ssl=1\",\"contentUrl\":\"https:\\\/\\\/i0.wp.com\\\/touchproeurope.eu\\\/wp-content\\\/uploads\\\/2023\\\/10\\\/2b592c_b6944d80811246d987cc2c29accedf3f.png?fit=1417%2C531&ssl=1\",\"width\":1417,\"height\":531,\"caption\":\"TouchPro Europe BV\"},\"image\":{\"@id\":\"https:\\\/\\\/touchproeurope.eu\\\/#\\\/schema\\\/logo\\\/image\\\/\"},\"sameAs\":[\"https:\\\/\\\/www.facebook.com\\\/TouchproNederland\\\/?locale=nl_NL\\\/\",\"https:\\\/\\\/www.instagram.com\\\/touchpro2016\\\/\",\"https:\\\/\\\/www.linkedin.com\\\/company\\\/touchpro-europe-bv\\\/\"],\"description\":\"TouchPro Europe Shop is de massage winkel van Europa. Wij verkopen topkwaliteit massageproducten aan masseurs, pedicures, fysiotherapeuten, manicuren, Wellness centra, opleidingen, etc. TouchPro begon als een kleine webshop in Nederland, maar is nu uitgegroeid tot een webshop met klanten uit heel Europa. Wij bieden een breed assortiment aan massageproducten, waaronder massagetafels, oli\u00ebn, cr\u00e8mes, en accessoires van topmerken, zoals Earthlite, Stronglite en InnerStrenght, Habys, Living Earth Crafts en Continuum en andere leveranciers van massage accessoires. Bestel hier de beste massagematerialen van Europa!\",\"email\":\"info@touchpro-europe.com\",\"telephone\":\"0858768829\",\"legalName\":\"TouchPro Europe BV\",\"foundingDate\":\"2018-01-11\",\"vatID\":\"NL855430151B01\",\"numberOfEmployees\":{\"@type\":\"QuantitativeValue\",\"minValue\":\"1\",\"maxValue\":\"10\"},\"hasMerchantReturnPolicy\":{\"@type\":\"MerchantReturnPolicy\",\"merchantReturnLink\":\"https:\\\/\\\/touchproeurope.eu\\\/fr\\\/retourbeleid\\\/\"}}]}<\/script>\n<meta property=\"og:availability\" content=\"instock\" \/>\n<meta property=\"product:availability\" content=\"instock\" \/>\n<meta property=\"product:retailer_item_id\" content=\"89724\" \/>\n<meta property=\"product:condition\" content=\"new\" \/>\n<!-- \/ Yoast SEO Premium plugin. -->","yoast_head_json":{"title":"CAI-PAN Cr\u00e8me de massage \u00e0 la menthe - TouchPro Europe Shop","description":"La cr\u00e8me de massage CAI-PAN Menthe \ud83e\uddf4 procure une sensation de fra\u00eecheur et de menthol qui p\u00e9n\u00e8tre en profondeur. Stimule les muscles et les d\u00e9tend apr\u00e8s l'effort. Achetez maintenant !","robots":{"index":"index","follow":"follow","max-snippet":"max-snippet:-1","max-image-preview":"max-image-preview:large","max-video-preview":"max-video-preview:-1"},"canonical":"https:\/\/touchproeurope.eu\/fr\/product\/creme-de-massage-a-la-menthe-cai-pan\/","og_locale":"fr_FR","og_type":"article","og_title":"CAI-PAN Mint Massage Creme","og_description":"Een frisse mentholachtige sensatie die diep doordringt met CAI-PAN Mint \ud83e\uddf4 Massage Creme. Stimuleer spieren en versoepelen na inspanning. Koop nu!","og_url":"https:\/\/touchproeurope.eu\/fr\/product\/creme-de-massage-a-la-menthe-cai-pan\/","og_site_name":"TouchPro Europe Shop","article_publisher":"https:\/\/www.facebook.com\/TouchproNederland\/?locale=nl_NL%2f","article_modified_time":"2026-04-22T09:33:45+00:00","og_image":[{"width":800,"height":800,"url":"https:\/\/touchproeurope.eu\/wp-content\/uploads\/2023\/11\/CAI-PAN-Mint-Massage-Creme-Plus.jpg","type":"image\/jpeg"}],"twitter_card":"summary_large_image","twitter_misc":{"Disponibilit\u00e9":"En stock"},"schema":{"@context":"https:\/\/schema.org","@graph":[{"@type":"WebPage","@id":"https:\/\/touchproeurope.eu\/product\/cai-pan-mint-massage-creme\/","url":"https:\/\/touchproeurope.eu\/product\/cai-pan-mint-massage-creme\/","name":"CAI-PAN Cr\u00e8me de massage \u00e0 la menthe - TouchPro Europe Shop","isPartOf":{"@id":"https:\/\/touchproeurope.eu\/#website"},"primaryImageOfPage":{"@id":"https:\/\/touchproeurope.eu\/product\/cai-pan-mint-massage-creme\/#primaryimage"},"image":{"@id":"https:\/\/touchproeurope.eu\/product\/cai-pan-mint-massage-creme\/#primaryimage"},"thumbnailUrl":"https:\/\/i0.wp.com\/touchproeurope.eu\/wp-content\/uploads\/2023\/11\/CAI-PAN-Mint-Massage-Creme-Plus.jpg?fit=800%2C800&ssl=1","datePublished":"2023-11-09T16:06:43+00:00","dateModified":"2026-04-22T09:33:45+00:00","description":"La cr\u00e8me de massage CAI-PAN Menthe \ud83e\uddf4 procure une sensation de fra\u00eecheur et de menthol qui p\u00e9n\u00e8tre en profondeur. Stimule les muscles et les d\u00e9tend apr\u00e8s l'effort. Achetez maintenant !","breadcrumb":{"@id":"https:\/\/touchproeurope.eu\/product\/cai-pan-mint-massage-creme\/#breadcrumb"},"inLanguage":"fr-FR","potentialAction":[{"@type":"ReadAction","target":["https:\/\/touchproeurope.eu\/product\/cai-pan-mint-massage-creme\/"]}]},{"@type":"ImageObject","inLanguage":"fr-FR","@id":"https:\/\/touchproeurope.eu\/product\/cai-pan-mint-massage-creme\/#primaryimage","url":"https:\/\/i0.wp.com\/touchproeurope.eu\/wp-content\/uploads\/2023\/11\/CAI-PAN-Mint-Massage-Creme-Plus.jpg?fit=800%2C800&ssl=1","contentUrl":"https:\/\/i0.wp.com\/touchproeurope.eu\/wp-content\/uploads\/2023\/11\/CAI-PAN-Mint-Massage-Creme-Plus.jpg?fit=800%2C800&ssl=1","width":800,"height":800,"caption":"CAI-PAN Mint Massage Creme"},{"@type":"BreadcrumbList","@id":"https:\/\/touchproeurope.eu\/product\/cai-pan-mint-massage-creme\/#breadcrumb","itemListElement":[{"@type":"ListItem","position":1,"name":"Home","item":"https:\/\/touchproeurope.eu\/"},{"@type":"ListItem","position":2,"name":"Winkel","item":"https:\/\/touchproeurope.eu\/winkel\/"},{"@type":"ListItem","position":3,"name":"CAI-PAN Mint Massage Creme"}]},{"@type":"WebSite","@id":"https:\/\/touchproeurope.eu\/#website","url":"https:\/\/touchproeurope.eu\/","name":"TouchPro Europe Shop","description":"Tout pour votre pratique avec une touche PROfessionnelle !","publisher":{"@id":"https:\/\/touchproeurope.eu\/#organization"},"alternateName":"TPE","potentialAction":[{"@type":"SearchAction","target":{"@type":"EntryPoint","urlTemplate":"https:\/\/touchproeurope.eu\/?s={search_term_string}"},"query-input":{"@type":"PropertyValueSpecification","valueRequired":true,"valueName":"search_term_string"}}],"inLanguage":"fr-FR"},{"@type":"Organization","@id":"https:\/\/touchproeurope.eu\/#organization","name":"TouchPro Europe BV","alternateName":"TPE","url":"https:\/\/touchproeurope.eu\/","logo":{"@type":"ImageObject","inLanguage":"fr-FR","@id":"https:\/\/touchproeurope.eu\/#\/schema\/logo\/image\/","url":"https:\/\/i0.wp.com\/touchproeurope.eu\/wp-content\/uploads\/2023\/10\/2b592c_b6944d80811246d987cc2c29accedf3f.png?fit=1417%2C531&ssl=1","contentUrl":"https:\/\/i0.wp.com\/touchproeurope.eu\/wp-content\/uploads\/2023\/10\/2b592c_b6944d80811246d987cc2c29accedf3f.png?fit=1417%2C531&ssl=1","width":1417,"height":531,"caption":"TouchPro Europe BV"},"image":{"@id":"https:\/\/touchproeurope.eu\/#\/schema\/logo\/image\/"},"sameAs":["https:\/\/www.facebook.com\/TouchproNederland\/?locale=nl_NL\/","https:\/\/www.instagram.com\/touchpro2016\/","https:\/\/www.linkedin.com\/company\/touchpro-europe-bv\/"],"description":"TouchPro Europe Shop est le magasin de massage de l'Europe. Nous vendons des produits de massage de qualit\u00e9 sup\u00e9rieure aux masseurs, p\u00e9dicures, physioth\u00e9rapeutes, manucures, centres de bien-\u00eatre, cours de formation, etc. TouchPro a commenc\u00e9 comme un petit magasin aux Pays-Bas, mais s'est maintenant d\u00e9velopp\u00e9 pour devenir un magasin avec des clients de toute l'Europe. Nous proposons une large gamme de produits de massage, notamment des tables de massage, des huiles, des cr\u00e8mes et des accessoires de grandes marques telles que Earthlite, Stronglite et InnerStrenght, Habys, Living Earth Crafts et Continuum, ainsi que d'autres fournisseurs d'accessoires de massage. Commandez ici les meilleurs produits de massage d'Europe !","email":"info@touchpro-europe.com","telephone":"0858768829","legalName":"TouchPro Europe BV","foundingDate":"2018-01-11","vatID":"NL855430151B01","numberOfEmployees":{"@type":"QuantitativeValue","minValue":"1","maxValue":"10"},"hasMerchantReturnPolicy":{"@type":"MerchantReturnPolicy","merchantReturnLink":"https:\/\/touchproeurope.eu\/fr\/retourbeleid\/"}}]},"og_availability":"instock","product_availability":"instock","product_retailer_item_id":"89724","product_condition":"new"},"_links":{"self":[{"href":"https:\/\/touchproeurope.eu\/fr\/wp-json\/wp\/v2\/product\/3146","targetHints":{"allow":["GET"]}}],"collection":[{"href":"https:\/\/touchproeurope.eu\/fr\/wp-json\/wp\/v2\/product"}],"about":[{"href":"https:\/\/touchproeurope.eu\/fr\/wp-json\/wp\/v2\/types\/product"}],"replies":[{"embeddable":true,"href":"https:\/\/touchproeurope.eu\/fr\/wp-json\/wp\/v2\/comments?post=3146"}],"version-history":[{"count":4,"href":"https:\/\/touchproeurope.eu\/fr\/wp-json\/wp\/v2\/product\/3146\/revisions"}],"predecessor-version":[{"id":7176,"href":"https:\/\/touchproeurope.eu\/fr\/wp-json\/wp\/v2\/product\/3146\/revisions\/7176"}],"wp:featuredmedia":[{"embeddable":true,"href":"https:\/\/touchproeurope.eu\/fr\/wp-json\/wp\/v2\/media\/4269"}],"wp:attachment":[{"href":"https:\/\/touchproeurope.eu\/fr\/wp-json\/wp\/v2\/media?parent=3146"}],"wp:term":[{"taxonomy":"product_brand","embeddable":true,"href":"https:\/\/touchproeurope.eu\/fr\/wp-json\/wp\/v2\/product_brand?post=3146"},{"taxonomy":"product_cat","embeddable":true,"href":"https:\/\/touchproeurope.eu\/fr\/wp-json\/wp\/v2\/product_cat?post=3146"},{"taxonomy":"product_tag","embeddable":true,"href":"https:\/\/touchproeurope.eu\/fr\/wp-json\/wp\/v2\/product_tag?post=3146"}],"curies":[{"name":"wp","href":"https:\/\/api.w.org\/{rel}","templated":true}]}}