{"id":3158,"date":"2023-11-09T16:07:04","date_gmt":"2023-11-09T16:07:04","guid":{"rendered":"https:\/\/touchproeurope.eu\/?post_type=product&#038;p=3158"},"modified":"2026-04-22T09:32:07","modified_gmt":"2026-04-22T09:32:07","slug":"caresse-de-lappui-tete","status":"publish","type":"product","link":"https:\/\/touchproeurope.eu\/fr\/product\/hoofdsteun-platform-caress\/","title":{"rendered":"Plate-forme d'appui-t\u00eate Caress\u2122"},"content":{"rendered":"<p>La plateforme r\u00e9volutionnaire d'appui-t\u00eate Caress\u2122 est une plateforme auto-ajustable con\u00e7ue pour s'adapter aux contours uniques du visage de chaque client. La technologie avanc\u00e9e des Soft-Petals\u2122 r\u00e9duit consid\u00e9rablement la pression sur les sinus et \u00e9limine compl\u00e8tement les points de pression. Permettant \u00e0 vos clients de b\u00e9n\u00e9ficier d'un confort in\u00e9gal\u00e9. Les Soft-Petals\u2122 s'\u00e9quilibrent et s'adaptent de mani\u00e8re flexible pour soutenir le visage de votre client, cr\u00e9ant ainsi un berceau de confort qui \u00e9limine l'ennuyeux \" visage en berceau \".<\/p>\n<p>Mesurant 8\u2033 d'\u00e9cart, les broches s'adaptent \u00e0 la plupart des tables Earthlite, garantissant une int\u00e9gration parfaite avec votre \u00e9quipement existant. Les huit coussins de suspension, brevet\u00e9s en tant que \"Soft-Petals\" (brevet en instance), s'\u00e9quilibrent et se plient ind\u00e9pendamment. Ils cr\u00e9ent une plate-forme en forme de coussin qui soutient parfaitement la t\u00eate de votre client. Cette conception innovante garantit l'absence de points de pression, ce qui am\u00e9liore consid\u00e9rablement le confort pendant les traitements.<\/p>\n<p>En outre, cette plate-forme est dot\u00e9e d'un levier \u00e0 came unique qui permet de r\u00e9gler facilement la hauteur et l'angle et qui se verrouille en toute s\u00e9curit\u00e9. Le r\u00e9glage de l'appui-t\u00eate est donc facile et rapide. Vous permettant de vous concentrer sur l'excellence des soins prodigu\u00e9s \u00e0 vos clients. La construction de haute qualit\u00e9 et le fonctionnement fiable de la plateforme d'appui-t\u00eate Caress\u2122 garantissent que vos clients seront satisfaits \u00e0 maintes reprises.<\/p>\n<p>Pourquoi choisir la plate-forme appui-t\u00eate Caress\u2122 ?<\/p>\n<p>La plateforme d'appui-t\u00eate Caress\u2122 est un must pour tout professionnel s'effor\u00e7ant de prodiguer des traitements de la plus haute qualit\u00e9. Vos clients sentiront la diff\u00e9rence et appr\u00e9cieront le niveau accru de confort et de relaxation pendant leurs s\u00e9ances. Gr\u00e2ce \u00e0 une technologie avanc\u00e9e et \u00e0 l'attention port\u00e9e aux d\u00e9tails, cette plateforme offre un support sup\u00e9rieur et une exp\u00e9rience utilisateur in\u00e9gal\u00e9e. La qualit\u00e9 et la satisfaction sont assur\u00e9es, ce qui donne \u00e0 votre cabinet un avantage concurrentiel.<\/p>","protected":false},"excerpt":{"rendered":"<p><em><em>Appui-t\u00eate auto-ajustable gr\u00e2ce \u00e0 des p\u00e9tales souples pour une pression minimale et un \u00e9quilibre optimal<\/em><\/em><\/p>\n<p><em>Si le produit est en stock, le d\u00e9lai de livraison (apr\u00e8s r\u00e9ception du paiement) est de 1 \u00e0 3 jours ouvrables.<\/em><\/p>\n<p><em>si pas en stock 3 \u00e0 5 semaines<\/em><\/p>","protected":false},"featured_media":6370,"comment_status":"open","ping_status":"closed","template":"","meta":[],"product_brand":[343],"product_cat":[99,101],"product_tag":[],"class_list":{"0":"post-3158","1":"product","2":"type-product","3":"status-publish","4":"has-post-thumbnail","6":"product_brand-earthlite","7":"product_cat-accessoires","8":"product_cat-hoofdsteunen-en-kussens","9":"product_shipping_class-klein-pakket","11":"first","12":"instock","13":"taxable","14":"shipping-taxable","15":"purchasable","16":"product-type-simple"},"yoast_head":"<!-- This site is optimized with the Yoast SEO Premium plugin v27.4 (Yoast SEO v27.4) - https:\/\/yoast.com\/product\/yoast-seo-premium-wordpress\/ -->\n<title>Bekijk nu de Hoofdsteun platform Caress\u2122 - Eenvoudig online bij - TouchPro Europe Shop<\/title>\n<meta name=\"description\" content=\"Ontdek de hoofdsteun platform Caress\u2122: elimineert drukpunten met Soft-Petals\u2122 technologie, past op Earthlite-tafels, perfect voor comfort tijdens massages!\" \/>\n<meta name=\"robots\" content=\"index, follow, max-snippet:-1, max-image-preview:large, max-video-preview:-1\" \/>\n<link rel=\"canonical\" href=\"https:\/\/touchproeurope.eu\/fr\/product\/caresse-de-lappui-tete\/\" \/>\n<meta property=\"og:locale\" content=\"fr_FR\" \/>\n<meta property=\"og:type\" content=\"article\" \/>\n<meta property=\"og:title\" content=\"Hoofdsteun platform Caress\u2122\" \/>\n<meta property=\"og:description\" content=\"Ontdek de hoofdsteun platform Caress\u2122: elimineert drukpunten met Soft-Petals\u2122 technologie, past op Earthlite-tafels, perfect voor comfort tijdens massages!\" \/>\n<meta property=\"og:url\" content=\"https:\/\/touchproeurope.eu\/fr\/product\/caresse-de-lappui-tete\/\" \/>\n<meta property=\"og:site_name\" content=\"TouchPro Europe Shop\" \/>\n<meta property=\"article:publisher\" content=\"https:\/\/www.facebook.com\/TouchproNederland\/?locale=nl_NL%2f\" \/>\n<meta property=\"article:modified_time\" content=\"2026-04-22T09:32:07+00:00\" \/>\n<meta property=\"og:image\" content=\"https:\/\/touchproeurope.eu\/wp-content\/uploads\/2023\/11\/39966259854_78bc64fe05_c.jpg\" \/>\n\t<meta property=\"og:image:width\" content=\"800\" \/>\n\t<meta property=\"og:image:height\" content=\"800\" \/>\n\t<meta property=\"og:image:type\" content=\"image\/jpeg\" \/>\n<meta name=\"twitter:card\" content=\"summary_large_image\" \/>\n<meta name=\"twitter:label1\" content=\"Prix\" \/>\n\t<meta name=\"twitter:data1\" content=\"&euro;&nbsp;95,00 incl. BTW\" \/>\n\t<meta name=\"twitter:label2\" content=\"Disponibilit\u00e9\" \/>\n\t<meta name=\"twitter:data2\" content=\"En stock\" \/>\n<script type=\"application\/ld+json\" class=\"yoast-schema-graph\">{\"@context\":\"https:\\\/\\\/schema.org\",\"@graph\":[{\"@type\":\"WebPage\",\"@id\":\"https:\\\/\\\/touchproeurope.eu\\\/product\\\/hoofdsteun-platform-caress\\\/\",\"url\":\"https:\\\/\\\/touchproeurope.eu\\\/product\\\/hoofdsteun-platform-caress\\\/\",\"name\":\"Bekijk nu de Hoofdsteun platform Caress\u2122 - Eenvoudig online bij - TouchPro Europe Shop\",\"isPartOf\":{\"@id\":\"https:\\\/\\\/touchproeurope.eu\\\/#website\"},\"primaryImageOfPage\":{\"@id\":\"https:\\\/\\\/touchproeurope.eu\\\/product\\\/hoofdsteun-platform-caress\\\/#primaryimage\"},\"image\":{\"@id\":\"https:\\\/\\\/touchproeurope.eu\\\/product\\\/hoofdsteun-platform-caress\\\/#primaryimage\"},\"thumbnailUrl\":\"https:\\\/\\\/i0.wp.com\\\/touchproeurope.eu\\\/wp-content\\\/uploads\\\/2023\\\/11\\\/39966259854_78bc64fe05_c.jpg?fit=800%2C800&ssl=1\",\"datePublished\":\"2023-11-09T16:07:04+00:00\",\"dateModified\":\"2026-04-22T09:32:07+00:00\",\"description\":\"Ontdek de hoofdsteun platform Caress\u2122: elimineert drukpunten met Soft-Petals\u2122 technologie, past op Earthlite-tafels, perfect voor comfort tijdens massages!\",\"breadcrumb\":{\"@id\":\"https:\\\/\\\/touchproeurope.eu\\\/product\\\/hoofdsteun-platform-caress\\\/#breadcrumb\"},\"inLanguage\":\"fr-FR\",\"potentialAction\":[{\"@type\":\"ReadAction\",\"target\":[\"https:\\\/\\\/touchproeurope.eu\\\/product\\\/hoofdsteun-platform-caress\\\/\"]}]},{\"@type\":\"ImageObject\",\"inLanguage\":\"fr-FR\",\"@id\":\"https:\\\/\\\/touchproeurope.eu\\\/product\\\/hoofdsteun-platform-caress\\\/#primaryimage\",\"url\":\"https:\\\/\\\/i0.wp.com\\\/touchproeurope.eu\\\/wp-content\\\/uploads\\\/2023\\\/11\\\/39966259854_78bc64fe05_c.jpg?fit=800%2C800&ssl=1\",\"contentUrl\":\"https:\\\/\\\/i0.wp.com\\\/touchproeurope.eu\\\/wp-content\\\/uploads\\\/2023\\\/11\\\/39966259854_78bc64fe05_c.jpg?fit=800%2C800&ssl=1\",\"width\":800,\"height\":800,\"caption\":\"Hoofdsteun platform Caress\u2122\"},{\"@type\":\"BreadcrumbList\",\"@id\":\"https:\\\/\\\/touchproeurope.eu\\\/product\\\/hoofdsteun-platform-caress\\\/#breadcrumb\",\"itemListElement\":[{\"@type\":\"ListItem\",\"position\":1,\"name\":\"Home\",\"item\":\"https:\\\/\\\/touchproeurope.eu\\\/\"},{\"@type\":\"ListItem\",\"position\":2,\"name\":\"Winkel\",\"item\":\"https:\\\/\\\/touchproeurope.eu\\\/winkel\\\/\"},{\"@type\":\"ListItem\",\"position\":3,\"name\":\"Hoofdsteun platform Caress\u2122\"}]},{\"@type\":\"WebSite\",\"@id\":\"https:\\\/\\\/touchproeurope.eu\\\/#website\",\"url\":\"https:\\\/\\\/touchproeurope.eu\\\/\",\"name\":\"TouchPro Europe Shop\",\"description\":\"Alles voor jouw praktijk met een PROfessionele Touch!\",\"publisher\":{\"@id\":\"https:\\\/\\\/touchproeurope.eu\\\/#organization\"},\"alternateName\":\"TPE\",\"potentialAction\":[{\"@type\":\"SearchAction\",\"target\":{\"@type\":\"EntryPoint\",\"urlTemplate\":\"https:\\\/\\\/touchproeurope.eu\\\/?s={search_term_string}\"},\"query-input\":{\"@type\":\"PropertyValueSpecification\",\"valueRequired\":true,\"valueName\":\"search_term_string\"}}],\"inLanguage\":\"fr-FR\"},{\"@type\":\"Organization\",\"@id\":\"https:\\\/\\\/touchproeurope.eu\\\/#organization\",\"name\":\"TouchPro Europe BV\",\"alternateName\":\"TPE\",\"url\":\"https:\\\/\\\/touchproeurope.eu\\\/\",\"logo\":{\"@type\":\"ImageObject\",\"inLanguage\":\"fr-FR\",\"@id\":\"https:\\\/\\\/touchproeurope.eu\\\/#\\\/schema\\\/logo\\\/image\\\/\",\"url\":\"https:\\\/\\\/i0.wp.com\\\/touchproeurope.eu\\\/wp-content\\\/uploads\\\/2023\\\/10\\\/2b592c_b6944d80811246d987cc2c29accedf3f.png?fit=1417%2C531&ssl=1\",\"contentUrl\":\"https:\\\/\\\/i0.wp.com\\\/touchproeurope.eu\\\/wp-content\\\/uploads\\\/2023\\\/10\\\/2b592c_b6944d80811246d987cc2c29accedf3f.png?fit=1417%2C531&ssl=1\",\"width\":1417,\"height\":531,\"caption\":\"TouchPro Europe BV\"},\"image\":{\"@id\":\"https:\\\/\\\/touchproeurope.eu\\\/#\\\/schema\\\/logo\\\/image\\\/\"},\"sameAs\":[\"https:\\\/\\\/www.facebook.com\\\/TouchproNederland\\\/?locale=nl_NL\\\/\",\"https:\\\/\\\/www.instagram.com\\\/touchpro2016\\\/\",\"https:\\\/\\\/www.linkedin.com\\\/company\\\/touchpro-europe-bv\\\/\"],\"description\":\"TouchPro Europe Shop is de massage winkel van Europa. Wij verkopen topkwaliteit massageproducten aan masseurs, pedicures, fysiotherapeuten, manicuren, Wellness centra, opleidingen, etc. TouchPro begon als een kleine webshop in Nederland, maar is nu uitgegroeid tot een webshop met klanten uit heel Europa. Wij bieden een breed assortiment aan massageproducten, waaronder massagetafels, oli\u00ebn, cr\u00e8mes, en accessoires van topmerken, zoals Earthlite, Stronglite en InnerStrenght, Habys, Living Earth Crafts en Continuum en andere leveranciers van massage accessoires. Bestel hier de beste massagematerialen van Europa!\",\"email\":\"info@touchpro-europe.com\",\"telephone\":\"0858768829\",\"legalName\":\"TouchPro Europe BV\",\"foundingDate\":\"2018-01-11\",\"vatID\":\"NL855430151B01\",\"numberOfEmployees\":{\"@type\":\"QuantitativeValue\",\"minValue\":\"1\",\"maxValue\":\"10\"},\"hasMerchantReturnPolicy\":{\"@type\":\"MerchantReturnPolicy\",\"merchantReturnLink\":\"https:\\\/\\\/touchproeurope.eu\\\/fr\\\/retourbeleid\\\/\"}}]}<\/script>\n<meta property=\"product:price:amount\" content=\"95.00\" \/>\n<meta property=\"product:price:currency\" content=\"EUR\" \/>\n<meta property=\"og:availability\" content=\"instock\" \/>\n<meta property=\"product:availability\" content=\"instock\" \/>\n<meta property=\"product:retailer_item_id\" content=\"904147\" \/>\n<meta property=\"product:condition\" content=\"new\" \/>\n<!-- \/ Yoast SEO Premium plugin. -->","yoast_head_json":{"title":"D\u00e9couvrez la plateforme d'appui-t\u00eate Caress\u2122 maintenant - Facilement en ligne sur - TouchPro Europe Shop","description":"D\u00e9couvrez la plateforme appui-t\u00eate Caress\u2122 : \u00e9limine les points de pression avec la technologie Soft-Petals\u2122, s'adapte aux tables Earthlite, parfait pour le confort lors des massages !","robots":{"index":"index","follow":"follow","max-snippet":"max-snippet:-1","max-image-preview":"max-image-preview:large","max-video-preview":"max-video-preview:-1"},"canonical":"https:\/\/touchproeurope.eu\/fr\/product\/caresse-de-lappui-tete\/","og_locale":"fr_FR","og_type":"article","og_title":"Hoofdsteun platform Caress\u2122","og_description":"Ontdek de hoofdsteun platform Caress\u2122: elimineert drukpunten met Soft-Petals\u2122 technologie, past op Earthlite-tafels, perfect voor comfort tijdens massages!","og_url":"https:\/\/touchproeurope.eu\/fr\/product\/caresse-de-lappui-tete\/","og_site_name":"TouchPro Europe Shop","article_publisher":"https:\/\/www.facebook.com\/TouchproNederland\/?locale=nl_NL%2f","article_modified_time":"2026-04-22T09:32:07+00:00","og_image":[{"width":800,"height":800,"url":"https:\/\/touchproeurope.eu\/wp-content\/uploads\/2023\/11\/39966259854_78bc64fe05_c.jpg","type":"image\/jpeg"}],"twitter_card":"summary_large_image","twitter_misc":{"Prix":"&euro;&nbsp;95,00 incl. BTW","Disponibilit\u00e9":"En stock"},"schema":{"@context":"https:\/\/schema.org","@graph":[{"@type":"WebPage","@id":"https:\/\/touchproeurope.eu\/product\/hoofdsteun-platform-caress\/","url":"https:\/\/touchproeurope.eu\/product\/hoofdsteun-platform-caress\/","name":"D\u00e9couvrez la plateforme d'appui-t\u00eate Caress\u2122 maintenant - Facilement en ligne sur - TouchPro Europe Shop","isPartOf":{"@id":"https:\/\/touchproeurope.eu\/#website"},"primaryImageOfPage":{"@id":"https:\/\/touchproeurope.eu\/product\/hoofdsteun-platform-caress\/#primaryimage"},"image":{"@id":"https:\/\/touchproeurope.eu\/product\/hoofdsteun-platform-caress\/#primaryimage"},"thumbnailUrl":"https:\/\/i0.wp.com\/touchproeurope.eu\/wp-content\/uploads\/2023\/11\/39966259854_78bc64fe05_c.jpg?fit=800%2C800&ssl=1","datePublished":"2023-11-09T16:07:04+00:00","dateModified":"2026-04-22T09:32:07+00:00","description":"D\u00e9couvrez la plateforme appui-t\u00eate Caress\u2122 : \u00e9limine les points de pression avec la technologie Soft-Petals\u2122, s'adapte aux tables Earthlite, parfait pour le confort lors des massages !","breadcrumb":{"@id":"https:\/\/touchproeurope.eu\/product\/hoofdsteun-platform-caress\/#breadcrumb"},"inLanguage":"fr-FR","potentialAction":[{"@type":"ReadAction","target":["https:\/\/touchproeurope.eu\/product\/hoofdsteun-platform-caress\/"]}]},{"@type":"ImageObject","inLanguage":"fr-FR","@id":"https:\/\/touchproeurope.eu\/product\/hoofdsteun-platform-caress\/#primaryimage","url":"https:\/\/i0.wp.com\/touchproeurope.eu\/wp-content\/uploads\/2023\/11\/39966259854_78bc64fe05_c.jpg?fit=800%2C800&ssl=1","contentUrl":"https:\/\/i0.wp.com\/touchproeurope.eu\/wp-content\/uploads\/2023\/11\/39966259854_78bc64fe05_c.jpg?fit=800%2C800&ssl=1","width":800,"height":800,"caption":"Hoofdsteun platform Caress\u2122"},{"@type":"BreadcrumbList","@id":"https:\/\/touchproeurope.eu\/product\/hoofdsteun-platform-caress\/#breadcrumb","itemListElement":[{"@type":"ListItem","position":1,"name":"Home","item":"https:\/\/touchproeurope.eu\/"},{"@type":"ListItem","position":2,"name":"Winkel","item":"https:\/\/touchproeurope.eu\/winkel\/"},{"@type":"ListItem","position":3,"name":"Hoofdsteun platform Caress\u2122"}]},{"@type":"WebSite","@id":"https:\/\/touchproeurope.eu\/#website","url":"https:\/\/touchproeurope.eu\/","name":"TouchPro Europe Shop","description":"Tout pour votre pratique avec une touche PROfessionnelle !","publisher":{"@id":"https:\/\/touchproeurope.eu\/#organization"},"alternateName":"TPE","potentialAction":[{"@type":"SearchAction","target":{"@type":"EntryPoint","urlTemplate":"https:\/\/touchproeurope.eu\/?s={search_term_string}"},"query-input":{"@type":"PropertyValueSpecification","valueRequired":true,"valueName":"search_term_string"}}],"inLanguage":"fr-FR"},{"@type":"Organization","@id":"https:\/\/touchproeurope.eu\/#organization","name":"TouchPro Europe BV","alternateName":"TPE","url":"https:\/\/touchproeurope.eu\/","logo":{"@type":"ImageObject","inLanguage":"fr-FR","@id":"https:\/\/touchproeurope.eu\/#\/schema\/logo\/image\/","url":"https:\/\/i0.wp.com\/touchproeurope.eu\/wp-content\/uploads\/2023\/10\/2b592c_b6944d80811246d987cc2c29accedf3f.png?fit=1417%2C531&ssl=1","contentUrl":"https:\/\/i0.wp.com\/touchproeurope.eu\/wp-content\/uploads\/2023\/10\/2b592c_b6944d80811246d987cc2c29accedf3f.png?fit=1417%2C531&ssl=1","width":1417,"height":531,"caption":"TouchPro Europe BV"},"image":{"@id":"https:\/\/touchproeurope.eu\/#\/schema\/logo\/image\/"},"sameAs":["https:\/\/www.facebook.com\/TouchproNederland\/?locale=nl_NL\/","https:\/\/www.instagram.com\/touchpro2016\/","https:\/\/www.linkedin.com\/company\/touchpro-europe-bv\/"],"description":"TouchPro Europe Shop est le magasin de massage de l'Europe. Nous vendons des produits de massage de qualit\u00e9 sup\u00e9rieure aux masseurs, p\u00e9dicures, physioth\u00e9rapeutes, manucures, centres de bien-\u00eatre, cours de formation, etc. TouchPro a commenc\u00e9 comme un petit magasin aux Pays-Bas, mais s'est maintenant d\u00e9velopp\u00e9 pour devenir un magasin avec des clients de toute l'Europe. Nous proposons une large gamme de produits de massage, notamment des tables de massage, des huiles, des cr\u00e8mes et des accessoires de grandes marques telles que Earthlite, Stronglite et InnerStrenght, Habys, Living Earth Crafts et Continuum, ainsi que d'autres fournisseurs d'accessoires de massage. Commandez ici les meilleurs produits de massage d'Europe !","email":"info@touchpro-europe.com","telephone":"0858768829","legalName":"TouchPro Europe BV","foundingDate":"2018-01-11","vatID":"NL855430151B01","numberOfEmployees":{"@type":"QuantitativeValue","minValue":"1","maxValue":"10"},"hasMerchantReturnPolicy":{"@type":"MerchantReturnPolicy","merchantReturnLink":"https:\/\/touchproeurope.eu\/fr\/retourbeleid\/"}}]},"product_price_amount":"95.00","product_price_currency":"EUR","og_availability":"instock","product_availability":"instock","product_retailer_item_id":"904147","product_condition":"new"},"_links":{"self":[{"href":"https:\/\/touchproeurope.eu\/fr\/wp-json\/wp\/v2\/product\/3158","targetHints":{"allow":["GET"]}}],"collection":[{"href":"https:\/\/touchproeurope.eu\/fr\/wp-json\/wp\/v2\/product"}],"about":[{"href":"https:\/\/touchproeurope.eu\/fr\/wp-json\/wp\/v2\/types\/product"}],"replies":[{"embeddable":true,"href":"https:\/\/touchproeurope.eu\/fr\/wp-json\/wp\/v2\/comments?post=3158"}],"version-history":[{"count":4,"href":"https:\/\/touchproeurope.eu\/fr\/wp-json\/wp\/v2\/product\/3158\/revisions"}],"predecessor-version":[{"id":6375,"href":"https:\/\/touchproeurope.eu\/fr\/wp-json\/wp\/v2\/product\/3158\/revisions\/6375"}],"wp:featuredmedia":[{"embeddable":true,"href":"https:\/\/touchproeurope.eu\/fr\/wp-json\/wp\/v2\/media\/6370"}],"wp:attachment":[{"href":"https:\/\/touchproeurope.eu\/fr\/wp-json\/wp\/v2\/media?parent=3158"}],"wp:term":[{"taxonomy":"product_brand","embeddable":true,"href":"https:\/\/touchproeurope.eu\/fr\/wp-json\/wp\/v2\/product_brand?post=3158"},{"taxonomy":"product_cat","embeddable":true,"href":"https:\/\/touchproeurope.eu\/fr\/wp-json\/wp\/v2\/product_cat?post=3158"},{"taxonomy":"product_tag","embeddable":true,"href":"https:\/\/touchproeurope.eu\/fr\/wp-json\/wp\/v2\/product_tag?post=3158"}],"curies":[{"name":"wp","href":"https:\/\/api.w.org\/{rel}","templated":true}]}}