{"id":3166,"date":"2023-11-09T16:07:12","date_gmt":"2023-11-09T16:07:12","guid":{"rendered":"https:\/\/touchproeurope.eu\/?post_type=product&#038;p=3166"},"modified":"2026-04-22T11:05:05","modified_gmt":"2026-04-22T11:05:05","slug":"oreiller-lec-strata","status":"publish","type":"product","link":"https:\/\/touchproeurope.eu\/fr\/product\/lec-strata-hoofdkussen\/","title":{"rendered":"Oreiller LEC Strata"},"content":{"rendered":"<p>D\u00e9couvrez le confort ultime avec l'oreiller LEC Strata. Un oreiller haut de gamme, d\u00e9velopp\u00e9 en collaboration entre Earthlite et Living Earth Crafts, connus pour leurs produits de massage de luxe. Cet oreiller \u00e9l\u00e8ve la d\u00e9tente et le confort \u00e0 un niveau sup\u00e9rieur gr\u00e2ce \u00e0 son design unique et ses deux couches de mousse.<\/p>\n<p>La couche Cloudfill\u2122, m\u00e9lange parfait de gel a\u00e9r\u00e9 et de fibre de verre, offre un amorti ultraconfortable. Associ\u00e9e \u00e0 la deuxi\u00e8me couche de mousse \u00e0 m\u00e9moire de forme, elle  r\u00e9duit la pression sur les sinus et \u00e9limine les points de pression. Votre client b\u00e9n\u00e9ficie ainsi d'un confort in\u00e9gal\u00e9, m\u00eame lors de s\u00e9ances prolong\u00e9es sur votre table ou chaise de massage. Sentez vos soucis s'envoler tandis que l'oreiller LEC Strata s'adapte aux contours du visage.<\/p>\n<p>Cet oreiller luxueux est recouvert d'un rev\u00eatement Comfort-Flex\u2122 sans PVC et orn\u00e9 de doubles coutures contrast\u00e9es. Choisissez la couleur qui s'harmonise avec l'ambiance de votre espace et vos accessoires de massage. Vous trouverez certainement votre bonheur parmi les couleurs suivantes : vert, am\u00e9thyste, noir, bordeaux, bleu, blanc, cr\u00e8me vanille, beige Marie et latte.<\/p>","protected":false},"excerpt":{"rendered":"<p>Ce nouvel oreiller haut de gamme a \u00e9t\u00e9 d\u00e9velopp\u00e9 en collaboration entre Earthlite et Living Earth Crafts, fournisseur de produits de massage haut de gamme. L'oreiller LEC Strata est rembourr\u00e9 de deux couches :<\/p>\n<ol>\n<li>La couche Cloudfill\u2122, compos\u00e9e d'un m\u00e9lange de gel a\u00e9r\u00e9 et de fibre de verre :<\/li>\n<li>Une couche de mousse \u00e0 m\u00e9moire de forme.<\/li>\n<\/ol>\n<p>Gr\u00e2ce \u00e0 ces deux couches, votre client b\u00e9n\u00e9ficie d'un confort suppl\u00e9mentaire, m\u00eame s'il reste allong\u00e9 ou assis longtemps sur votre table ou chaise de massage. L'oreiller LEC Strata est recouvert d'un vinyle PU respectueux de l'environnement et disponible dans les couleurs suivantes : vert, am\u00e9thyste, noir, bordeaux, bleu, blanc, cr\u00e8me vanille, beige Marie et latte.<\/p>\n<p>Pour plus de d\u00e9tails, consultez le site <a href=\"https:\/\/b2b.earthlite.eu\/media\/wysiwyg\/SalesSheets\/2023-Reupload\/FacePillow_Strata_-_Earthlite_-_1-300-0042_-_Rev_012323.pdf\">fiche commerciale officielle Earthlite<\/a>.<\/p>","protected":false},"featured_media":4975,"comment_status":"open","ping_status":"closed","template":"","meta":[],"product_brand":[600],"product_cat":[99,101],"product_tag":[228,229,231],"class_list":{"0":"post-3166","1":"product","2":"type-product","3":"status-publish","4":"has-post-thumbnail","6":"product_brand-living-earth-craft","7":"product_cat-accessoires","8":"product_cat-hoofdsteunen-en-kussens","9":"product_tag-face-pillow","10":"product_tag-hoofdkussen","11":"product_tag-living-earth-craft","12":"product_shipping_class-klein-pakket","14":"first","15":"instock","16":"taxable","17":"shipping-taxable","18":"purchasable","19":"product-type-variable"},"yoast_head":"<!-- This site is optimized with the Yoast SEO Premium plugin v27.4 (Yoast SEO v27.4) - https:\/\/yoast.com\/product\/yoast-seo-premium-wordpress\/ -->\n<title>LEC Strata hoofdkussen - TouchPro Europe Shop<\/title>\n<meta name=\"description\" content=\"Het ultieme comfort met het LEC Strata hoofdkussen ontdekken? De perfecte mix van Cloudfill\u2122 en traagschuim beleven voor top comfort. Bestel hem hier!\" \/>\n<meta name=\"robots\" content=\"index, follow, max-snippet:-1, max-image-preview:large, max-video-preview:-1\" \/>\n<link rel=\"canonical\" href=\"https:\/\/touchproeurope.eu\/fr\/product\/oreiller-lec-strata\/\" \/>\n<meta property=\"og:locale\" content=\"fr_FR\" \/>\n<meta property=\"og:type\" content=\"article\" \/>\n<meta property=\"og:title\" content=\"LEC Strata hoofdkussen\" \/>\n<meta property=\"og:description\" content=\"Het ultieme comfort met het LEC Strata hoofdkussen ontdekken? De perfecte mix van Cloudfill\u2122 en traagschuim beleven voor top comfort. Bestel hem hier!\" \/>\n<meta property=\"og:url\" content=\"https:\/\/touchproeurope.eu\/fr\/product\/oreiller-lec-strata\/\" \/>\n<meta property=\"og:site_name\" content=\"TouchPro Europe Shop\" \/>\n<meta property=\"article:publisher\" content=\"https:\/\/www.facebook.com\/TouchproNederland\/?locale=nl_NL%2f\" \/>\n<meta property=\"article:modified_time\" content=\"2026-04-22T11:05:05+00:00\" \/>\n<meta property=\"og:image\" content=\"https:\/\/touchproeurope.eu\/wp-content\/uploads\/2023\/11\/strata-facepillow-maries-beige_26464831471_o.jpg\" \/>\n\t<meta property=\"og:image:width\" content=\"1500\" \/>\n\t<meta property=\"og:image:height\" content=\"1200\" \/>\n\t<meta property=\"og:image:type\" content=\"image\/jpeg\" \/>\n<meta name=\"twitter:card\" content=\"summary_large_image\" \/>\n<meta name=\"twitter:label1\" content=\"Disponibilit\u00e9\" \/>\n\t<meta name=\"twitter:data1\" content=\"En stock\" \/>\n<script type=\"application\/ld+json\" class=\"yoast-schema-graph\">{\"@context\":\"https:\\\/\\\/schema.org\",\"@graph\":[{\"@type\":\"WebPage\",\"@id\":\"https:\\\/\\\/touchproeurope.eu\\\/product\\\/lec-strata-hoofdkussen\\\/\",\"url\":\"https:\\\/\\\/touchproeurope.eu\\\/product\\\/lec-strata-hoofdkussen\\\/\",\"name\":\"LEC Strata hoofdkussen - TouchPro Europe Shop\",\"isPartOf\":{\"@id\":\"https:\\\/\\\/touchproeurope.eu\\\/#website\"},\"primaryImageOfPage\":{\"@id\":\"https:\\\/\\\/touchproeurope.eu\\\/product\\\/lec-strata-hoofdkussen\\\/#primaryimage\"},\"image\":{\"@id\":\"https:\\\/\\\/touchproeurope.eu\\\/product\\\/lec-strata-hoofdkussen\\\/#primaryimage\"},\"thumbnailUrl\":\"https:\\\/\\\/i0.wp.com\\\/touchproeurope.eu\\\/wp-content\\\/uploads\\\/2023\\\/11\\\/strata-facepillow-maries-beige_26464831471_o.jpg?fit=1500%2C1200&ssl=1\",\"datePublished\":\"2023-11-09T16:07:12+00:00\",\"dateModified\":\"2026-04-22T11:05:05+00:00\",\"description\":\"Het ultieme comfort met het LEC Strata hoofdkussen ontdekken? De perfecte mix van Cloudfill\u2122 en traagschuim beleven voor top comfort. Bestel hem hier!\",\"breadcrumb\":{\"@id\":\"https:\\\/\\\/touchproeurope.eu\\\/product\\\/lec-strata-hoofdkussen\\\/#breadcrumb\"},\"inLanguage\":\"fr-FR\",\"potentialAction\":[{\"@type\":\"ReadAction\",\"target\":[\"https:\\\/\\\/touchproeurope.eu\\\/product\\\/lec-strata-hoofdkussen\\\/\"]}]},{\"@type\":\"ImageObject\",\"inLanguage\":\"fr-FR\",\"@id\":\"https:\\\/\\\/touchproeurope.eu\\\/product\\\/lec-strata-hoofdkussen\\\/#primaryimage\",\"url\":\"https:\\\/\\\/i0.wp.com\\\/touchproeurope.eu\\\/wp-content\\\/uploads\\\/2023\\\/11\\\/strata-facepillow-maries-beige_26464831471_o.jpg?fit=1500%2C1200&ssl=1\",\"contentUrl\":\"https:\\\/\\\/i0.wp.com\\\/touchproeurope.eu\\\/wp-content\\\/uploads\\\/2023\\\/11\\\/strata-facepillow-maries-beige_26464831471_o.jpg?fit=1500%2C1200&ssl=1\",\"width\":1500,\"height\":1200},{\"@type\":\"BreadcrumbList\",\"@id\":\"https:\\\/\\\/touchproeurope.eu\\\/product\\\/lec-strata-hoofdkussen\\\/#breadcrumb\",\"itemListElement\":[{\"@type\":\"ListItem\",\"position\":1,\"name\":\"Home\",\"item\":\"https:\\\/\\\/touchproeurope.eu\\\/\"},{\"@type\":\"ListItem\",\"position\":2,\"name\":\"Winkel\",\"item\":\"https:\\\/\\\/touchproeurope.eu\\\/winkel\\\/\"},{\"@type\":\"ListItem\",\"position\":3,\"name\":\"LEC Strata hoofdkussen\"}]},{\"@type\":\"WebSite\",\"@id\":\"https:\\\/\\\/touchproeurope.eu\\\/#website\",\"url\":\"https:\\\/\\\/touchproeurope.eu\\\/\",\"name\":\"TouchPro Europe Shop\",\"description\":\"Alles voor jouw praktijk met een PROfessionele Touch!\",\"publisher\":{\"@id\":\"https:\\\/\\\/touchproeurope.eu\\\/#organization\"},\"alternateName\":\"TPE\",\"potentialAction\":[{\"@type\":\"SearchAction\",\"target\":{\"@type\":\"EntryPoint\",\"urlTemplate\":\"https:\\\/\\\/touchproeurope.eu\\\/?s={search_term_string}\"},\"query-input\":{\"@type\":\"PropertyValueSpecification\",\"valueRequired\":true,\"valueName\":\"search_term_string\"}}],\"inLanguage\":\"fr-FR\"},{\"@type\":\"Organization\",\"@id\":\"https:\\\/\\\/touchproeurope.eu\\\/#organization\",\"name\":\"TouchPro Europe BV\",\"alternateName\":\"TPE\",\"url\":\"https:\\\/\\\/touchproeurope.eu\\\/\",\"logo\":{\"@type\":\"ImageObject\",\"inLanguage\":\"fr-FR\",\"@id\":\"https:\\\/\\\/touchproeurope.eu\\\/#\\\/schema\\\/logo\\\/image\\\/\",\"url\":\"https:\\\/\\\/i0.wp.com\\\/touchproeurope.eu\\\/wp-content\\\/uploads\\\/2023\\\/10\\\/2b592c_b6944d80811246d987cc2c29accedf3f.png?fit=1417%2C531&ssl=1\",\"contentUrl\":\"https:\\\/\\\/i0.wp.com\\\/touchproeurope.eu\\\/wp-content\\\/uploads\\\/2023\\\/10\\\/2b592c_b6944d80811246d987cc2c29accedf3f.png?fit=1417%2C531&ssl=1\",\"width\":1417,\"height\":531,\"caption\":\"TouchPro Europe BV\"},\"image\":{\"@id\":\"https:\\\/\\\/touchproeurope.eu\\\/#\\\/schema\\\/logo\\\/image\\\/\"},\"sameAs\":[\"https:\\\/\\\/www.facebook.com\\\/TouchproNederland\\\/?locale=nl_NL\\\/\",\"https:\\\/\\\/www.instagram.com\\\/touchpro2016\\\/\",\"https:\\\/\\\/www.linkedin.com\\\/company\\\/touchpro-europe-bv\\\/\"],\"description\":\"TouchPro Europe Shop is de massage winkel van Europa. Wij verkopen topkwaliteit massageproducten aan masseurs, pedicures, fysiotherapeuten, manicuren, Wellness centra, opleidingen, etc. TouchPro begon als een kleine webshop in Nederland, maar is nu uitgegroeid tot een webshop met klanten uit heel Europa. Wij bieden een breed assortiment aan massageproducten, waaronder massagetafels, oli\u00ebn, cr\u00e8mes, en accessoires van topmerken, zoals Earthlite, Stronglite en InnerStrenght, Habys, Living Earth Crafts en Continuum en andere leveranciers van massage accessoires. Bestel hier de beste massagematerialen van Europa!\",\"email\":\"info@touchpro-europe.com\",\"telephone\":\"0858768829\",\"legalName\":\"TouchPro Europe BV\",\"foundingDate\":\"2018-01-11\",\"vatID\":\"NL855430151B01\",\"numberOfEmployees\":{\"@type\":\"QuantitativeValue\",\"minValue\":\"1\",\"maxValue\":\"10\"},\"hasMerchantReturnPolicy\":{\"@type\":\"MerchantReturnPolicy\",\"merchantReturnLink\":\"https:\\\/\\\/touchproeurope.eu\\\/fr\\\/retourbeleid\\\/\"}}]}<\/script>\n<meta property=\"og:availability\" content=\"instock\" \/>\n<meta property=\"product:availability\" content=\"instock\" \/>\n<meta property=\"product:retailer_item_id\" content=\"7105300\" \/>\n<meta property=\"product:condition\" content=\"new\" \/>\n<!-- \/ Yoast SEO Premium plugin. -->","yoast_head_json":{"title":"Oreiller LEC Strata - Boutique TouchPro Europe","description":"Vous souhaitez d\u00e9couvrir le confort ultime avec l'oreiller LEC Strata ? Profitez du m\u00e9lange parfait entre Cloudfill\u2122 et mousse \u00e0 m\u00e9moire de forme pour un confort optimal. Commandez-le ici !","robots":{"index":"index","follow":"follow","max-snippet":"max-snippet:-1","max-image-preview":"max-image-preview:large","max-video-preview":"max-video-preview:-1"},"canonical":"https:\/\/touchproeurope.eu\/fr\/product\/oreiller-lec-strata\/","og_locale":"fr_FR","og_type":"article","og_title":"LEC Strata hoofdkussen","og_description":"Het ultieme comfort met het LEC Strata hoofdkussen ontdekken? De perfecte mix van Cloudfill\u2122 en traagschuim beleven voor top comfort. Bestel hem hier!","og_url":"https:\/\/touchproeurope.eu\/fr\/product\/oreiller-lec-strata\/","og_site_name":"TouchPro Europe Shop","article_publisher":"https:\/\/www.facebook.com\/TouchproNederland\/?locale=nl_NL%2f","article_modified_time":"2026-04-22T11:05:05+00:00","og_image":[{"width":1500,"height":1200,"url":"https:\/\/touchproeurope.eu\/wp-content\/uploads\/2023\/11\/strata-facepillow-maries-beige_26464831471_o.jpg","type":"image\/jpeg"}],"twitter_card":"summary_large_image","twitter_misc":{"Disponibilit\u00e9":"En stock"},"schema":{"@context":"https:\/\/schema.org","@graph":[{"@type":"WebPage","@id":"https:\/\/touchproeurope.eu\/product\/lec-strata-hoofdkussen\/","url":"https:\/\/touchproeurope.eu\/product\/lec-strata-hoofdkussen\/","name":"Oreiller LEC Strata - Boutique TouchPro Europe","isPartOf":{"@id":"https:\/\/touchproeurope.eu\/#website"},"primaryImageOfPage":{"@id":"https:\/\/touchproeurope.eu\/product\/lec-strata-hoofdkussen\/#primaryimage"},"image":{"@id":"https:\/\/touchproeurope.eu\/product\/lec-strata-hoofdkussen\/#primaryimage"},"thumbnailUrl":"https:\/\/i0.wp.com\/touchproeurope.eu\/wp-content\/uploads\/2023\/11\/strata-facepillow-maries-beige_26464831471_o.jpg?fit=1500%2C1200&ssl=1","datePublished":"2023-11-09T16:07:12+00:00","dateModified":"2026-04-22T11:05:05+00:00","description":"Vous souhaitez d\u00e9couvrir le confort ultime avec l'oreiller LEC Strata ? Profitez du m\u00e9lange parfait entre Cloudfill\u2122 et mousse \u00e0 m\u00e9moire de forme pour un confort optimal. Commandez-le ici !","breadcrumb":{"@id":"https:\/\/touchproeurope.eu\/product\/lec-strata-hoofdkussen\/#breadcrumb"},"inLanguage":"fr-FR","potentialAction":[{"@type":"ReadAction","target":["https:\/\/touchproeurope.eu\/product\/lec-strata-hoofdkussen\/"]}]},{"@type":"ImageObject","inLanguage":"fr-FR","@id":"https:\/\/touchproeurope.eu\/product\/lec-strata-hoofdkussen\/#primaryimage","url":"https:\/\/i0.wp.com\/touchproeurope.eu\/wp-content\/uploads\/2023\/11\/strata-facepillow-maries-beige_26464831471_o.jpg?fit=1500%2C1200&ssl=1","contentUrl":"https:\/\/i0.wp.com\/touchproeurope.eu\/wp-content\/uploads\/2023\/11\/strata-facepillow-maries-beige_26464831471_o.jpg?fit=1500%2C1200&ssl=1","width":1500,"height":1200},{"@type":"BreadcrumbList","@id":"https:\/\/touchproeurope.eu\/product\/lec-strata-hoofdkussen\/#breadcrumb","itemListElement":[{"@type":"ListItem","position":1,"name":"Home","item":"https:\/\/touchproeurope.eu\/"},{"@type":"ListItem","position":2,"name":"Winkel","item":"https:\/\/touchproeurope.eu\/winkel\/"},{"@type":"ListItem","position":3,"name":"LEC Strata hoofdkussen"}]},{"@type":"WebSite","@id":"https:\/\/touchproeurope.eu\/#website","url":"https:\/\/touchproeurope.eu\/","name":"TouchPro Europe Shop","description":"Tout pour votre pratique avec une touche PROfessionnelle !","publisher":{"@id":"https:\/\/touchproeurope.eu\/#organization"},"alternateName":"TPE","potentialAction":[{"@type":"SearchAction","target":{"@type":"EntryPoint","urlTemplate":"https:\/\/touchproeurope.eu\/?s={search_term_string}"},"query-input":{"@type":"PropertyValueSpecification","valueRequired":true,"valueName":"search_term_string"}}],"inLanguage":"fr-FR"},{"@type":"Organization","@id":"https:\/\/touchproeurope.eu\/#organization","name":"TouchPro Europe BV","alternateName":"TPE","url":"https:\/\/touchproeurope.eu\/","logo":{"@type":"ImageObject","inLanguage":"fr-FR","@id":"https:\/\/touchproeurope.eu\/#\/schema\/logo\/image\/","url":"https:\/\/i0.wp.com\/touchproeurope.eu\/wp-content\/uploads\/2023\/10\/2b592c_b6944d80811246d987cc2c29accedf3f.png?fit=1417%2C531&ssl=1","contentUrl":"https:\/\/i0.wp.com\/touchproeurope.eu\/wp-content\/uploads\/2023\/10\/2b592c_b6944d80811246d987cc2c29accedf3f.png?fit=1417%2C531&ssl=1","width":1417,"height":531,"caption":"TouchPro Europe BV"},"image":{"@id":"https:\/\/touchproeurope.eu\/#\/schema\/logo\/image\/"},"sameAs":["https:\/\/www.facebook.com\/TouchproNederland\/?locale=nl_NL\/","https:\/\/www.instagram.com\/touchpro2016\/","https:\/\/www.linkedin.com\/company\/touchpro-europe-bv\/"],"description":"TouchPro Europe Shop est le magasin de massage de l'Europe. Nous vendons des produits de massage de qualit\u00e9 sup\u00e9rieure aux masseurs, p\u00e9dicures, physioth\u00e9rapeutes, manucures, centres de bien-\u00eatre, cours de formation, etc. TouchPro a commenc\u00e9 comme un petit magasin aux Pays-Bas, mais s'est maintenant d\u00e9velopp\u00e9 pour devenir un magasin avec des clients de toute l'Europe. Nous proposons une large gamme de produits de massage, notamment des tables de massage, des huiles, des cr\u00e8mes et des accessoires de grandes marques telles que Earthlite, Stronglite et InnerStrenght, Habys, Living Earth Crafts et Continuum, ainsi que d'autres fournisseurs d'accessoires de massage. Commandez ici les meilleurs produits de massage d'Europe !","email":"info@touchpro-europe.com","telephone":"0858768829","legalName":"TouchPro Europe BV","foundingDate":"2018-01-11","vatID":"NL855430151B01","numberOfEmployees":{"@type":"QuantitativeValue","minValue":"1","maxValue":"10"},"hasMerchantReturnPolicy":{"@type":"MerchantReturnPolicy","merchantReturnLink":"https:\/\/touchproeurope.eu\/fr\/retourbeleid\/"}}]},"og_availability":"instock","product_availability":"instock","product_retailer_item_id":"7105300","product_condition":"new"},"_links":{"self":[{"href":"https:\/\/touchproeurope.eu\/fr\/wp-json\/wp\/v2\/product\/3166","targetHints":{"allow":["GET"]}}],"collection":[{"href":"https:\/\/touchproeurope.eu\/fr\/wp-json\/wp\/v2\/product"}],"about":[{"href":"https:\/\/touchproeurope.eu\/fr\/wp-json\/wp\/v2\/types\/product"}],"replies":[{"embeddable":true,"href":"https:\/\/touchproeurope.eu\/fr\/wp-json\/wp\/v2\/comments?post=3166"}],"version-history":[{"count":6,"href":"https:\/\/touchproeurope.eu\/fr\/wp-json\/wp\/v2\/product\/3166\/revisions"}],"predecessor-version":[{"id":4958,"href":"https:\/\/touchproeurope.eu\/fr\/wp-json\/wp\/v2\/product\/3166\/revisions\/4958"}],"wp:featuredmedia":[{"embeddable":true,"href":"https:\/\/touchproeurope.eu\/fr\/wp-json\/wp\/v2\/media\/4975"}],"wp:attachment":[{"href":"https:\/\/touchproeurope.eu\/fr\/wp-json\/wp\/v2\/media?parent=3166"}],"wp:term":[{"taxonomy":"product_brand","embeddable":true,"href":"https:\/\/touchproeurope.eu\/fr\/wp-json\/wp\/v2\/product_brand?post=3166"},{"taxonomy":"product_cat","embeddable":true,"href":"https:\/\/touchproeurope.eu\/fr\/wp-json\/wp\/v2\/product_cat?post=3166"},{"taxonomy":"product_tag","embeddable":true,"href":"https:\/\/touchproeurope.eu\/fr\/wp-json\/wp\/v2\/product_tag?post=3166"}],"curies":[{"name":"wp","href":"https:\/\/api.w.org\/{rel}","templated":true}]}}