{"id":3168,"date":"2023-11-09T16:07:17","date_gmt":"2023-11-09T16:07:17","guid":{"rendered":"https:\/\/touchproeurope.eu\/?post_type=product&#038;p=3168"},"modified":"2026-05-01T13:52:52","modified_gmt":"2026-05-01T13:52:52","slug":"mini-diffuseur-daromatherapie-usb","status":"publish","type":"product","link":"https:\/\/touchproeurope.eu\/fr\/product\/mini-aromatherapie-usb-diffuser\/","title":{"rendered":"Mini diffuseur USB d'aromath\u00e9rapie"},"content":{"rendered":"<p>D\u00e9couvrez le pouvoir de l'aromath\u00e9rapie o\u00f9 que vous soyez gr\u00e2ce \u00e0 notre mini diffuseur USB d'aromath\u00e9rapie polyvalent. Que vous soyez au bureau, dans votre espace de travail ou en d\u00e9placement, ce diffuseur plug-and-play s'adapte sans effort \u00e0 votre mode de vie. Transformez votre environnement en toute simplicit\u00e9 et profitez-en.<\/p>\n<p>Ce diffuseur compact offre une aromath\u00e9rapie instantan\u00e9e d\u00e8s que vous le branchez sur le port USB. Il est petit, sans fil et se branche sans effort sur tous les ports USB 12V. Que ce soit dans votre ordinateur portable, dans la voiture ou sur la route, profitez des senteurs apaisantes partout o\u00f9 vous le souhaitez.<\/p>\n<p>Gr\u00e2ce \u00e0 la possibilit\u00e9 de r\u00e9gler la profondeur de l'ar\u00f4me, vous ma\u00eetrisez votre exp\u00e9rience. Il vous suffit d'appliquer vos huiles essentielles pr\u00e9f\u00e9r\u00e9es sur le tampon de feutre et d'ajuster la quantit\u00e9 d'huile \u00e0 votre convenance. Et avec une entr\u00e9e USB suppl\u00e9mentaire sur le c\u00f4t\u00e9, vous restez connect\u00e9 tout en profitant de l'aromath\u00e9rapie.<\/p>\n<p>L'emballage contient 3 recharges, ce qui vous permet de personnaliser le parfum en fonction de vos besoins. Personnalisez votre environnement et sentez le stress se dissiper au fur et \u00e0 mesure que les d\u00e9licieuses senteurs se r\u00e9pandent.<\/p>\n<p>Choisissez la commodit\u00e9, choisissez le bien-\u00eatre. Transformez votre espace et votre esprit avec notre mini diffuseur USB d'aromath\u00e9rapie polyvalent. Commandez d\u00e8s maintenant et profitez des bienfaits apaisants de l'aromath\u00e9rapie en d\u00e9placement !<\/p>","protected":false},"excerpt":{"rendered":"<p>Un diffuseur d'ar\u00f4mes polyvalent, facile \u00e0 utiliser au bureau, dans votre espace de pratique ou en d\u00e9placement. Transformez rapidement votre environnement gr\u00e2ce \u00e0 ce diffuseur plug &amp; play, en combinaison avec vos huiles essentielles pr\u00e9f\u00e9r\u00e9es ou celles de Earhlite. R\u00e9glez la profondeur de l'ar\u00f4me en ajustant la quantit\u00e9 d'huile que vous appliquez sur le tampon de feutre.<\/p>\n<p>Autres d\u00e9tails :<\/p>\n<ul>\n<li>Aromath\u00e9rapie instantan\u00e9e d\u00e8s que vous branchez la cl\u00e9 USB sur le port USB<\/li>\n<li>Petit, compact, sans fil et sans eau ; il s'adapte \u00e0 tous les ports USB 12V et peut donc \u00eatre utilis\u00e9 dans un ordinateur portable ou une voiture, ce qui le rend facile \u00e0 emporter en voyage.<\/li>\n<li>Il est dot\u00e9 d'une entr\u00e9e USB suppl\u00e9mentaire sur le c\u00f4t\u00e9, ce qui vous permet d'utiliser une cl\u00e9 USB tout en appliquant l'aromath\u00e9rapie.<\/li>\n<li>Le pack contient 3 recharges, ce qui vous permet d'ajuster le parfum en fonction de vos besoins.<\/li>\n<li><a href=\"https:\/\/b2b.earthlite.eu\/media\/wysiwyg\/SalesSheets\/2023-Reupload\/Mini_USB_Diffuser_-_1-300-0151_-_rev_121420.pdf\">Fiche de vente officielle<\/a><\/li>\n<\/ul>\n<p>&nbsp;<\/p>","protected":false},"featured_media":3167,"comment_status":"open","ping_status":"closed","template":"","meta":[],"product_brand":[343],"product_cat":[105],"product_tag":[127,129,126,128],"class_list":{"0":"post-3168","1":"product","2":"type-product","3":"status-publish","4":"has-post-thumbnail","6":"product_brand-earthlite","7":"product_cat-aromatherapie","8":"product_tag-aromatherapie","9":"product_tag-diffuser","10":"product_tag-mini","11":"product_tag-usb","12":"product_shipping_class-klein-pakket","14":"first","15":"instock","16":"taxable","17":"shipping-taxable","18":"purchasable","19":"product-type-simple"},"yoast_head":"<!-- This site is optimized with the Yoast SEO Premium plugin v27.5 (Yoast SEO v27.5) - https:\/\/yoast.com\/product\/yoast-seo-premium-wordpress\/ -->\n<title>Mini Aromatherapie USB Diffuser - TouchPro Europe Shop<\/title>\n<meta name=\"description\" content=\"Transformeer je ruimte en geest met onze Mini Aromatherapie USB Diffuser. Bestel nu en geniet onderweg van echte aromatherapie.\" \/>\n<meta name=\"robots\" content=\"index, follow, max-snippet:-1, max-image-preview:large, max-video-preview:-1\" \/>\n<link rel=\"canonical\" href=\"https:\/\/touchproeurope.eu\/fr\/product\/mini-diffuseur-daromatherapie-usb\/\" \/>\n<meta property=\"og:locale\" content=\"fr_FR\" \/>\n<meta property=\"og:type\" content=\"article\" \/>\n<meta property=\"og:title\" content=\"Mini Aromatherapie USB Diffuser\" \/>\n<meta property=\"og:description\" content=\"Transformeer je ruimte en geest met onze Mini Aromatherapie USB Diffuser. Bestel nu en geniet onderweg van echte aromatherapie.\" \/>\n<meta property=\"og:url\" content=\"https:\/\/touchproeurope.eu\/fr\/product\/mini-diffuseur-daromatherapie-usb\/\" \/>\n<meta property=\"og:site_name\" content=\"TouchPro Europe Shop\" \/>\n<meta property=\"article:publisher\" content=\"https:\/\/www.facebook.com\/TouchproNederland\/?locale=nl_NL%2f\" \/>\n<meta property=\"article:modified_time\" content=\"2026-05-01T13:52:52+00:00\" \/>\n<meta property=\"og:image\" content=\"https:\/\/touchproeurope.eu\/wp-content\/uploads\/2023\/11\/3509568479.jpg\" \/>\n\t<meta property=\"og:image:width\" content=\"2000\" \/>\n\t<meta property=\"og:image:height\" content=\"2000\" \/>\n\t<meta property=\"og:image:type\" content=\"image\/jpeg\" \/>\n<meta name=\"twitter:card\" content=\"summary_large_image\" \/>\n<meta name=\"twitter:label1\" content=\"Prix\" \/>\n\t<meta name=\"twitter:data1\" content=\"&euro;&nbsp;15,00 incl. BTW\" \/>\n\t<meta name=\"twitter:label2\" content=\"Disponibilit\u00e9\" \/>\n\t<meta name=\"twitter:data2\" content=\"En stock\" \/>\n<script type=\"application\/ld+json\" class=\"yoast-schema-graph\">{\"@context\":\"https:\\\/\\\/schema.org\",\"@graph\":[{\"@type\":\"WebPage\",\"@id\":\"https:\\\/\\\/touchproeurope.eu\\\/product\\\/mini-aromatherapie-usb-diffuser\\\/\",\"url\":\"https:\\\/\\\/touchproeurope.eu\\\/product\\\/mini-aromatherapie-usb-diffuser\\\/\",\"name\":\"Mini Aromatherapie USB Diffuser - TouchPro Europe Shop\",\"isPartOf\":{\"@id\":\"https:\\\/\\\/touchproeurope.eu\\\/#website\"},\"primaryImageOfPage\":{\"@id\":\"https:\\\/\\\/touchproeurope.eu\\\/product\\\/mini-aromatherapie-usb-diffuser\\\/#primaryimage\"},\"image\":{\"@id\":\"https:\\\/\\\/touchproeurope.eu\\\/product\\\/mini-aromatherapie-usb-diffuser\\\/#primaryimage\"},\"thumbnailUrl\":\"https:\\\/\\\/i0.wp.com\\\/touchproeurope.eu\\\/wp-content\\\/uploads\\\/2023\\\/11\\\/3509568479.jpg?fit=2000%2C2000&ssl=1\",\"datePublished\":\"2023-11-09T16:07:17+00:00\",\"dateModified\":\"2026-05-01T13:52:52+00:00\",\"description\":\"Transformeer je ruimte en geest met onze Mini Aromatherapie USB Diffuser. Bestel nu en geniet onderweg van echte aromatherapie.\",\"breadcrumb\":{\"@id\":\"https:\\\/\\\/touchproeurope.eu\\\/product\\\/mini-aromatherapie-usb-diffuser\\\/#breadcrumb\"},\"inLanguage\":\"fr-FR\",\"potentialAction\":[{\"@type\":\"ReadAction\",\"target\":[\"https:\\\/\\\/touchproeurope.eu\\\/product\\\/mini-aromatherapie-usb-diffuser\\\/\"]}]},{\"@type\":\"ImageObject\",\"inLanguage\":\"fr-FR\",\"@id\":\"https:\\\/\\\/touchproeurope.eu\\\/product\\\/mini-aromatherapie-usb-diffuser\\\/#primaryimage\",\"url\":\"https:\\\/\\\/i0.wp.com\\\/touchproeurope.eu\\\/wp-content\\\/uploads\\\/2023\\\/11\\\/3509568479.jpg?fit=2000%2C2000&ssl=1\",\"contentUrl\":\"https:\\\/\\\/i0.wp.com\\\/touchproeurope.eu\\\/wp-content\\\/uploads\\\/2023\\\/11\\\/3509568479.jpg?fit=2000%2C2000&ssl=1\",\"width\":2000,\"height\":2000,\"caption\":\"Mini Aromatherapie USB Diffuser\"},{\"@type\":\"BreadcrumbList\",\"@id\":\"https:\\\/\\\/touchproeurope.eu\\\/product\\\/mini-aromatherapie-usb-diffuser\\\/#breadcrumb\",\"itemListElement\":[{\"@type\":\"ListItem\",\"position\":1,\"name\":\"Home\",\"item\":\"https:\\\/\\\/touchproeurope.eu\\\/\"},{\"@type\":\"ListItem\",\"position\":2,\"name\":\"Winkel\",\"item\":\"https:\\\/\\\/touchproeurope.eu\\\/winkel\\\/\"},{\"@type\":\"ListItem\",\"position\":3,\"name\":\"Mini Aromatherapie USB Diffuser\"}]},{\"@type\":\"WebSite\",\"@id\":\"https:\\\/\\\/touchproeurope.eu\\\/#website\",\"url\":\"https:\\\/\\\/touchproeurope.eu\\\/\",\"name\":\"TouchPro Europe Shop\",\"description\":\"Alles voor jouw praktijk met een PROfessionele Touch!\",\"publisher\":{\"@id\":\"https:\\\/\\\/touchproeurope.eu\\\/#organization\"},\"alternateName\":\"TPE\",\"potentialAction\":[{\"@type\":\"SearchAction\",\"target\":{\"@type\":\"EntryPoint\",\"urlTemplate\":\"https:\\\/\\\/touchproeurope.eu\\\/?s={search_term_string}\"},\"query-input\":{\"@type\":\"PropertyValueSpecification\",\"valueRequired\":true,\"valueName\":\"search_term_string\"}}],\"inLanguage\":\"fr-FR\"},{\"@type\":\"Organization\",\"@id\":\"https:\\\/\\\/touchproeurope.eu\\\/#organization\",\"name\":\"TouchPro Europe BV\",\"alternateName\":\"TPE\",\"url\":\"https:\\\/\\\/touchproeurope.eu\\\/\",\"logo\":{\"@type\":\"ImageObject\",\"inLanguage\":\"fr-FR\",\"@id\":\"https:\\\/\\\/touchproeurope.eu\\\/#\\\/schema\\\/logo\\\/image\\\/\",\"url\":\"https:\\\/\\\/i0.wp.com\\\/touchproeurope.eu\\\/wp-content\\\/uploads\\\/2023\\\/10\\\/2b592c_b6944d80811246d987cc2c29accedf3f.png?fit=1417%2C531&ssl=1\",\"contentUrl\":\"https:\\\/\\\/i0.wp.com\\\/touchproeurope.eu\\\/wp-content\\\/uploads\\\/2023\\\/10\\\/2b592c_b6944d80811246d987cc2c29accedf3f.png?fit=1417%2C531&ssl=1\",\"width\":1417,\"height\":531,\"caption\":\"TouchPro Europe BV\"},\"image\":{\"@id\":\"https:\\\/\\\/touchproeurope.eu\\\/#\\\/schema\\\/logo\\\/image\\\/\"},\"sameAs\":[\"https:\\\/\\\/www.facebook.com\\\/TouchproNederland\\\/?locale=nl_NL\\\/\",\"https:\\\/\\\/www.instagram.com\\\/touchpro2016\\\/\",\"https:\\\/\\\/www.linkedin.com\\\/company\\\/touchpro-europe-bv\\\/\"],\"description\":\"TouchPro Europe Shop is de massage winkel van Europa. Wij verkopen topkwaliteit massageproducten aan masseurs, pedicures, fysiotherapeuten, manicuren, Wellness centra, opleidingen, etc. TouchPro begon als een kleine webshop in Nederland, maar is nu uitgegroeid tot een webshop met klanten uit heel Europa. Wij bieden een breed assortiment aan massageproducten, waaronder massagetafels, oli\u00ebn, cr\u00e8mes, en accessoires van topmerken, zoals Earthlite, Stronglite en InnerStrenght, Habys, Living Earth Crafts en Continuum en andere leveranciers van massage accessoires. Bestel hier de beste massagematerialen van Europa!\",\"email\":\"info@touchpro-europe.com\",\"telephone\":\"0858768829\",\"legalName\":\"TouchPro Europe BV\",\"foundingDate\":\"2018-01-11\",\"vatID\":\"NL855430151B01\",\"numberOfEmployees\":{\"@type\":\"QuantitativeValue\",\"minValue\":\"1\",\"maxValue\":\"10\"},\"hasMerchantReturnPolicy\":{\"@type\":\"MerchantReturnPolicy\",\"merchantReturnLink\":\"https:\\\/\\\/touchproeurope.eu\\\/fr\\\/retourbeleid\\\/\"}}]}<\/script>\n<meta property=\"product:price:amount\" content=\"15.00\" \/>\n<meta property=\"product:price:currency\" content=\"EUR\" \/>\n<meta property=\"og:availability\" content=\"instock\" \/>\n<meta property=\"product:availability\" content=\"instock\" \/>\n<meta property=\"product:retailer_item_id\" content=\"7115102\" \/>\n<meta property=\"product:condition\" content=\"new\" \/>\n<!-- \/ Yoast SEO Premium plugin. -->","yoast_head_json":{"title":"Mini diffuseur USB d'aromath\u00e9rapie - TouchPro Europe Shop","description":"Transformez votre espace et votre esprit avec notre Mini Diffuseur USB d'Aromath\u00e9rapie. Commandez d\u00e8s maintenant et profitez d'une v\u00e9ritable aromath\u00e9rapie en d\u00e9placement.","robots":{"index":"index","follow":"follow","max-snippet":"max-snippet:-1","max-image-preview":"max-image-preview:large","max-video-preview":"max-video-preview:-1"},"canonical":"https:\/\/touchproeurope.eu\/fr\/product\/mini-diffuseur-daromatherapie-usb\/","og_locale":"fr_FR","og_type":"article","og_title":"Mini Aromatherapie USB Diffuser","og_description":"Transformeer je ruimte en geest met onze Mini Aromatherapie USB Diffuser. Bestel nu en geniet onderweg van echte aromatherapie.","og_url":"https:\/\/touchproeurope.eu\/fr\/product\/mini-diffuseur-daromatherapie-usb\/","og_site_name":"TouchPro Europe Shop","article_publisher":"https:\/\/www.facebook.com\/TouchproNederland\/?locale=nl_NL%2f","article_modified_time":"2026-05-01T13:52:52+00:00","og_image":[{"width":2000,"height":2000,"url":"https:\/\/touchproeurope.eu\/wp-content\/uploads\/2023\/11\/3509568479.jpg","type":"image\/jpeg"}],"twitter_card":"summary_large_image","twitter_misc":{"Prix":"&euro;&nbsp;15,00 incl. BTW","Disponibilit\u00e9":"En stock"},"schema":{"@context":"https:\/\/schema.org","@graph":[{"@type":"WebPage","@id":"https:\/\/touchproeurope.eu\/product\/mini-aromatherapie-usb-diffuser\/","url":"https:\/\/touchproeurope.eu\/product\/mini-aromatherapie-usb-diffuser\/","name":"Mini diffuseur USB d'aromath\u00e9rapie - TouchPro Europe Shop","isPartOf":{"@id":"https:\/\/touchproeurope.eu\/#website"},"primaryImageOfPage":{"@id":"https:\/\/touchproeurope.eu\/product\/mini-aromatherapie-usb-diffuser\/#primaryimage"},"image":{"@id":"https:\/\/touchproeurope.eu\/product\/mini-aromatherapie-usb-diffuser\/#primaryimage"},"thumbnailUrl":"https:\/\/i0.wp.com\/touchproeurope.eu\/wp-content\/uploads\/2023\/11\/3509568479.jpg?fit=2000%2C2000&ssl=1","datePublished":"2023-11-09T16:07:17+00:00","dateModified":"2026-05-01T13:52:52+00:00","description":"Transformez votre espace et votre esprit avec notre Mini Diffuseur USB d'Aromath\u00e9rapie. Commandez d\u00e8s maintenant et profitez d'une v\u00e9ritable aromath\u00e9rapie en d\u00e9placement.","breadcrumb":{"@id":"https:\/\/touchproeurope.eu\/product\/mini-aromatherapie-usb-diffuser\/#breadcrumb"},"inLanguage":"fr-FR","potentialAction":[{"@type":"ReadAction","target":["https:\/\/touchproeurope.eu\/product\/mini-aromatherapie-usb-diffuser\/"]}]},{"@type":"ImageObject","inLanguage":"fr-FR","@id":"https:\/\/touchproeurope.eu\/product\/mini-aromatherapie-usb-diffuser\/#primaryimage","url":"https:\/\/i0.wp.com\/touchproeurope.eu\/wp-content\/uploads\/2023\/11\/3509568479.jpg?fit=2000%2C2000&ssl=1","contentUrl":"https:\/\/i0.wp.com\/touchproeurope.eu\/wp-content\/uploads\/2023\/11\/3509568479.jpg?fit=2000%2C2000&ssl=1","width":2000,"height":2000,"caption":"Mini Aromatherapie USB Diffuser"},{"@type":"BreadcrumbList","@id":"https:\/\/touchproeurope.eu\/product\/mini-aromatherapie-usb-diffuser\/#breadcrumb","itemListElement":[{"@type":"ListItem","position":1,"name":"Home","item":"https:\/\/touchproeurope.eu\/"},{"@type":"ListItem","position":2,"name":"Winkel","item":"https:\/\/touchproeurope.eu\/winkel\/"},{"@type":"ListItem","position":3,"name":"Mini Aromatherapie USB Diffuser"}]},{"@type":"WebSite","@id":"https:\/\/touchproeurope.eu\/#website","url":"https:\/\/touchproeurope.eu\/","name":"TouchPro Europe Shop","description":"Tout pour votre pratique avec une touche PROfessionnelle !","publisher":{"@id":"https:\/\/touchproeurope.eu\/#organization"},"alternateName":"TPE","potentialAction":[{"@type":"SearchAction","target":{"@type":"EntryPoint","urlTemplate":"https:\/\/touchproeurope.eu\/?s={search_term_string}"},"query-input":{"@type":"PropertyValueSpecification","valueRequired":true,"valueName":"search_term_string"}}],"inLanguage":"fr-FR"},{"@type":"Organization","@id":"https:\/\/touchproeurope.eu\/#organization","name":"TouchPro Europe BV","alternateName":"TPE","url":"https:\/\/touchproeurope.eu\/","logo":{"@type":"ImageObject","inLanguage":"fr-FR","@id":"https:\/\/touchproeurope.eu\/#\/schema\/logo\/image\/","url":"https:\/\/i0.wp.com\/touchproeurope.eu\/wp-content\/uploads\/2023\/10\/2b592c_b6944d80811246d987cc2c29accedf3f.png?fit=1417%2C531&ssl=1","contentUrl":"https:\/\/i0.wp.com\/touchproeurope.eu\/wp-content\/uploads\/2023\/10\/2b592c_b6944d80811246d987cc2c29accedf3f.png?fit=1417%2C531&ssl=1","width":1417,"height":531,"caption":"TouchPro Europe BV"},"image":{"@id":"https:\/\/touchproeurope.eu\/#\/schema\/logo\/image\/"},"sameAs":["https:\/\/www.facebook.com\/TouchproNederland\/?locale=nl_NL\/","https:\/\/www.instagram.com\/touchpro2016\/","https:\/\/www.linkedin.com\/company\/touchpro-europe-bv\/"],"description":"TouchPro Europe Shop est le magasin de massage de l'Europe. Nous vendons des produits de massage de qualit\u00e9 sup\u00e9rieure aux masseurs, p\u00e9dicures, physioth\u00e9rapeutes, manucures, centres de bien-\u00eatre, cours de formation, etc. TouchPro a commenc\u00e9 comme un petit magasin aux Pays-Bas, mais s'est maintenant d\u00e9velopp\u00e9 pour devenir un magasin avec des clients de toute l'Europe. Nous proposons une large gamme de produits de massage, notamment des tables de massage, des huiles, des cr\u00e8mes et des accessoires de grandes marques telles que Earthlite, Stronglite et InnerStrenght, Habys, Living Earth Crafts et Continuum, ainsi que d'autres fournisseurs d'accessoires de massage. Commandez ici les meilleurs produits de massage d'Europe !","email":"info@touchpro-europe.com","telephone":"0858768829","legalName":"TouchPro Europe BV","foundingDate":"2018-01-11","vatID":"NL855430151B01","numberOfEmployees":{"@type":"QuantitativeValue","minValue":"1","maxValue":"10"},"hasMerchantReturnPolicy":{"@type":"MerchantReturnPolicy","merchantReturnLink":"https:\/\/touchproeurope.eu\/fr\/retourbeleid\/"}}]},"product_price_amount":"15.00","product_price_currency":"EUR","og_availability":"instock","product_availability":"instock","product_retailer_item_id":"7115102","product_condition":"new"},"_links":{"self":[{"href":"https:\/\/touchproeurope.eu\/fr\/wp-json\/wp\/v2\/product\/3168","targetHints":{"allow":["GET"]}}],"collection":[{"href":"https:\/\/touchproeurope.eu\/fr\/wp-json\/wp\/v2\/product"}],"about":[{"href":"https:\/\/touchproeurope.eu\/fr\/wp-json\/wp\/v2\/types\/product"}],"replies":[{"embeddable":true,"href":"https:\/\/touchproeurope.eu\/fr\/wp-json\/wp\/v2\/comments?post=3168"}],"version-history":[{"count":4,"href":"https:\/\/touchproeurope.eu\/fr\/wp-json\/wp\/v2\/product\/3168\/revisions"}],"predecessor-version":[{"id":4781,"href":"https:\/\/touchproeurope.eu\/fr\/wp-json\/wp\/v2\/product\/3168\/revisions\/4781"}],"wp:featuredmedia":[{"embeddable":true,"href":"https:\/\/touchproeurope.eu\/fr\/wp-json\/wp\/v2\/media\/3167"}],"wp:attachment":[{"href":"https:\/\/touchproeurope.eu\/fr\/wp-json\/wp\/v2\/media?parent=3168"}],"wp:term":[{"taxonomy":"product_brand","embeddable":true,"href":"https:\/\/touchproeurope.eu\/fr\/wp-json\/wp\/v2\/product_brand?post=3168"},{"taxonomy":"product_cat","embeddable":true,"href":"https:\/\/touchproeurope.eu\/fr\/wp-json\/wp\/v2\/product_cat?post=3168"},{"taxonomy":"product_tag","embeddable":true,"href":"https:\/\/touchproeurope.eu\/fr\/wp-json\/wp\/v2\/product_tag?post=3168"}],"curies":[{"name":"wp","href":"https:\/\/api.w.org\/{rel}","templated":true}]}}