{"id":3178,"date":"2023-11-09T16:07:46","date_gmt":"2023-11-09T16:07:46","guid":{"rendered":"https:\/\/touchproeurope.eu\/?post_type=product&#038;p=3178"},"modified":"2026-03-04T16:55:34","modified_gmt":"2026-03-04T16:55:34","slug":"earthlite-yosemite","status":"publish","type":"product","link":"https:\/\/touchproeurope.eu\/fr\/product\/earthlite-yosemite\/","title":{"rendered":"Earthlite Yosemite\u2122 30"},"content":{"rendered":"<p>D\u00e9couvrez la relaxation ultime avec la table de massage Earthlite Yosemite\u2122 30, un \u00e9l\u00e9ment de confort r\u00e9volutionnaire qui fait passer chaque traitement de bien-\u00eatre et m\u00e9dical au niveau sup\u00e9rieur. Pourquoi cette table de massage est-elle diff\u00e9rente de toutes les autres sur le march\u00e9 ? D\u00e9couvrons-en les avantages.<\/p>\n<p>Avec une largeur g\u00e9n\u00e9reuse de 30 centim\u00e8tres et une hauteur impressionnante de 50 \u00e0 70 centim\u00e8tres, la table Earthlite Yosemite offre une polyvalence ultime. Que vous profitiez d'un massage revigorant, que vous suiviez une physioth\u00e9rapie ou que vous go\u00fbtiez aux joies du shiatsu, cette table s'adapte \u00e0 vos besoins.<\/p>\n<p>L'ensemble comprend non seulement la table de massage Yosemite, mais aussi un luxueux support r\u00e9glable pour le visage et un oreiller pour le visage. Les pieds en argent m\u00e9tallique avec des boutons et des pieds noirs exsudent le style. Tandis que le syst\u00e8me brevet\u00e9 Shimmy-Lok\u2122 de renfort des jambes assure une stabilit\u00e9 optimale.<\/p>\n<p>Avec un poids de seulement 3 000 kg, cette table est \u00e9tonnamment portable. Ce qui fait que son impressionnant poids de travail maximal de 360 kg t\u00e9moigne de la durabilit\u00e9 et de la robustesse de la conception. Le rev\u00eatement Nature's Touch\u2122 100% PU est non seulement doux au toucher, mais aussi durable pour une utilisation \u00e0 long terme.<\/p>\n<p>Avec ses pieds en argent m\u00e9tallique rev\u00eatus de poudre, son syst\u00e8me d'amortissement multicouche r\u00e9actif et sa finition \u00e9pur\u00e9e, le Yosemite respire la classe dans n'importe quel environnement.<\/p>\n<p>Transformez vos traitements avec la table de massage Yosemite\u2122. D\u00e9couvrez le confort ultime, la polyvalence et la durabilit\u00e9 offerts par cette table. Investissez d\u00e8s aujourd'hui dans votre bien-\u00eatre et vivez le luxe d'une relaxation in\u00e9gal\u00e9e. Commandez maintenant !<\/p>","protected":false},"excerpt":{"rendered":"<p>Donn\u00e9es du produit<\/p>\n<p><strong>Le Earthlite Yosemite\u2122 30<\/strong> Ces tables de massage sont diff\u00e9rentes des tables de massage Shiatsu actuellement disponibles sur le march\u00e9. La largeur g\u00e9n\u00e9reuse et la grande hauteur de la Yosemite 30 permettent une large gamme de traitements m\u00e9dicaux et de bien-\u00eatre, du massage \u00e0 la physioth\u00e9rapie en passant par le shiatsu. L'ensemble comprend :<\/p>\n<ul>\n<li>La table de massage Yosemite<\/li>\n<li>Support facial r\u00e9glable de luxe et coussin facial<\/li>\n<\/ul>\n<p>Propri\u00e9t\u00e9s<\/p>\n<ul>\n<li>Pieds en argent m\u00e9tallis\u00e9 rev\u00eatus par poudre avec boutons et pieds noirs<\/li>\n<li>Syst\u00e8me d'amortissement multicouche r\u00e9actif<\/li>\n<li>Rev\u00eatement souple et durable Nature's Touch\u00e2\u2122 100% PU<\/li>\n<li>Bretelles de jambe Shimmy-Lok\u00e2\u2122 brevet\u00e9es<\/li>\n<li>Poids : 3000 kg<\/li>\n<li>Poids maximal en ordre de marche : 360 kg<\/li>\n<li>Longueur : 188 cm<\/li>\n<li>Hauteur : 50 cm \u00e0 70 cm<\/li>\n<\/ul>","protected":false},"featured_media":3177,"comment_status":"open","ping_status":"closed","template":"","meta":[],"product_brand":[343],"product_cat":[95],"product_tag":[82,39,84,83],"class_list":{"0":"post-3178","1":"product","2":"type-product","3":"status-publish","4":"has-post-thumbnail","6":"product_brand-earthlite","7":"product_cat-stationaire-massagetafels","8":"product_tag-eartlite","9":"product_tag-massagetafel","10":"product_tag-wellness-en-medisch","11":"product_tag-yosemite","12":"product_shipping_class-groot-pakket","13":"pa_kleur-vanille-creme","14":"pa_merk-earthlite","16":"first","17":"instock","18":"taxable","19":"shipping-taxable","20":"purchasable","21":"product-type-simple"},"yoast_head":"<!-- This site is optimized with the Yoast SEO Premium plugin v27.4 (Yoast SEO v27.4) - https:\/\/yoast.com\/product\/yoast-seo-premium-wordpress\/ -->\n<title>Earthlite Yosemite \u2122 30 - TouchPro Europe Shop<\/title>\n<meta name=\"description\" content=\"Ervaar luxe en veelzijdigheid met de revolutionaire Earthlite Yosemite massagetafel. Optimaal comfort voor wellness en medische behandelingen. Bestel nu!\" \/>\n<meta name=\"robots\" content=\"index, follow, max-snippet:-1, max-image-preview:large, max-video-preview:-1\" \/>\n<link rel=\"canonical\" href=\"https:\/\/touchproeurope.eu\/fr\/product\/earthlite-yosemite\/\" \/>\n<meta property=\"og:locale\" content=\"fr_FR\" \/>\n<meta property=\"og:type\" content=\"article\" \/>\n<meta property=\"og:title\" content=\"Earthlite Yosemite \u2122 30\" \/>\n<meta property=\"og:description\" content=\"Ervaar luxe en veelzijdigheid met de revolutionaire Earthlite Yosemite massagetafel. Optimaal comfort voor wellness en medische behandelingen. Bestel nu!\" \/>\n<meta property=\"og:url\" content=\"https:\/\/touchproeurope.eu\/fr\/product\/earthlite-yosemite\/\" \/>\n<meta property=\"og:site_name\" content=\"TouchPro Europe Shop\" \/>\n<meta property=\"article:publisher\" content=\"https:\/\/www.facebook.com\/TouchproNederland\/?locale=nl_NL%2f\" \/>\n<meta property=\"article:modified_time\" content=\"2026-03-04T16:55:34+00:00\" \/>\n<meta property=\"og:image\" content=\"https:\/\/touchproeurope.eu\/wp-content\/uploads\/2023\/11\/3928546224.jpg\" \/>\n\t<meta property=\"og:image:width\" content=\"2000\" \/>\n\t<meta property=\"og:image:height\" content=\"2000\" \/>\n\t<meta property=\"og:image:type\" content=\"image\/jpeg\" \/>\n<meta name=\"twitter:card\" content=\"summary_large_image\" \/>\n<meta name=\"twitter:label1\" content=\"Prix\" \/>\n\t<meta name=\"twitter:data1\" content=\"&euro;&nbsp;899,00 incl. BTW\" \/>\n\t<meta name=\"twitter:label2\" content=\"Disponibilit\u00e9\" \/>\n\t<meta name=\"twitter:data2\" content=\"En stock\" \/>\n<script type=\"application\/ld+json\" class=\"yoast-schema-graph\">{\"@context\":\"https:\\\/\\\/schema.org\",\"@graph\":[{\"@type\":\"WebPage\",\"@id\":\"https:\\\/\\\/touchproeurope.eu\\\/product\\\/earthlite-yosemite\\\/\",\"url\":\"https:\\\/\\\/touchproeurope.eu\\\/product\\\/earthlite-yosemite\\\/\",\"name\":\"Earthlite Yosemite \u2122 30 - TouchPro Europe Shop\",\"isPartOf\":{\"@id\":\"https:\\\/\\\/touchproeurope.eu\\\/#website\"},\"primaryImageOfPage\":{\"@id\":\"https:\\\/\\\/touchproeurope.eu\\\/product\\\/earthlite-yosemite\\\/#primaryimage\"},\"image\":{\"@id\":\"https:\\\/\\\/touchproeurope.eu\\\/product\\\/earthlite-yosemite\\\/#primaryimage\"},\"thumbnailUrl\":\"https:\\\/\\\/i0.wp.com\\\/touchproeurope.eu\\\/wp-content\\\/uploads\\\/2023\\\/11\\\/3928546224.jpg?fit=2000%2C2000&ssl=1\",\"datePublished\":\"2023-11-09T16:07:46+00:00\",\"dateModified\":\"2026-03-04T16:55:34+00:00\",\"description\":\"Ervaar luxe en veelzijdigheid met de revolutionaire Earthlite Yosemite massagetafel. Optimaal comfort voor wellness en medische behandelingen. Bestel nu!\",\"breadcrumb\":{\"@id\":\"https:\\\/\\\/touchproeurope.eu\\\/product\\\/earthlite-yosemite\\\/#breadcrumb\"},\"inLanguage\":\"fr-FR\",\"potentialAction\":[{\"@type\":\"ReadAction\",\"target\":[\"https:\\\/\\\/touchproeurope.eu\\\/product\\\/earthlite-yosemite\\\/\"]}]},{\"@type\":\"ImageObject\",\"inLanguage\":\"fr-FR\",\"@id\":\"https:\\\/\\\/touchproeurope.eu\\\/product\\\/earthlite-yosemite\\\/#primaryimage\",\"url\":\"https:\\\/\\\/i0.wp.com\\\/touchproeurope.eu\\\/wp-content\\\/uploads\\\/2023\\\/11\\\/3928546224.jpg?fit=2000%2C2000&ssl=1\",\"contentUrl\":\"https:\\\/\\\/i0.wp.com\\\/touchproeurope.eu\\\/wp-content\\\/uploads\\\/2023\\\/11\\\/3928546224.jpg?fit=2000%2C2000&ssl=1\",\"width\":2000,\"height\":2000,\"caption\":\"Earthlite Yosemite\"},{\"@type\":\"BreadcrumbList\",\"@id\":\"https:\\\/\\\/touchproeurope.eu\\\/product\\\/earthlite-yosemite\\\/#breadcrumb\",\"itemListElement\":[{\"@type\":\"ListItem\",\"position\":1,\"name\":\"Home\",\"item\":\"https:\\\/\\\/touchproeurope.eu\\\/\"},{\"@type\":\"ListItem\",\"position\":2,\"name\":\"Winkel\",\"item\":\"https:\\\/\\\/touchproeurope.eu\\\/winkel\\\/\"},{\"@type\":\"ListItem\",\"position\":3,\"name\":\"Earthlite Yosemite \u2122 30\"}]},{\"@type\":\"WebSite\",\"@id\":\"https:\\\/\\\/touchproeurope.eu\\\/#website\",\"url\":\"https:\\\/\\\/touchproeurope.eu\\\/\",\"name\":\"TouchPro Europe Shop\",\"description\":\"Alles voor jouw praktijk met een PROfessionele Touch!\",\"publisher\":{\"@id\":\"https:\\\/\\\/touchproeurope.eu\\\/#organization\"},\"alternateName\":\"TPE\",\"potentialAction\":[{\"@type\":\"SearchAction\",\"target\":{\"@type\":\"EntryPoint\",\"urlTemplate\":\"https:\\\/\\\/touchproeurope.eu\\\/?s={search_term_string}\"},\"query-input\":{\"@type\":\"PropertyValueSpecification\",\"valueRequired\":true,\"valueName\":\"search_term_string\"}}],\"inLanguage\":\"fr-FR\"},{\"@type\":\"Organization\",\"@id\":\"https:\\\/\\\/touchproeurope.eu\\\/#organization\",\"name\":\"TouchPro Europe BV\",\"alternateName\":\"TPE\",\"url\":\"https:\\\/\\\/touchproeurope.eu\\\/\",\"logo\":{\"@type\":\"ImageObject\",\"inLanguage\":\"fr-FR\",\"@id\":\"https:\\\/\\\/touchproeurope.eu\\\/#\\\/schema\\\/logo\\\/image\\\/\",\"url\":\"https:\\\/\\\/i0.wp.com\\\/touchproeurope.eu\\\/wp-content\\\/uploads\\\/2023\\\/10\\\/2b592c_b6944d80811246d987cc2c29accedf3f.png?fit=1417%2C531&ssl=1\",\"contentUrl\":\"https:\\\/\\\/i0.wp.com\\\/touchproeurope.eu\\\/wp-content\\\/uploads\\\/2023\\\/10\\\/2b592c_b6944d80811246d987cc2c29accedf3f.png?fit=1417%2C531&ssl=1\",\"width\":1417,\"height\":531,\"caption\":\"TouchPro Europe BV\"},\"image\":{\"@id\":\"https:\\\/\\\/touchproeurope.eu\\\/#\\\/schema\\\/logo\\\/image\\\/\"},\"sameAs\":[\"https:\\\/\\\/www.facebook.com\\\/TouchproNederland\\\/?locale=nl_NL\\\/\",\"https:\\\/\\\/www.instagram.com\\\/touchpro2016\\\/\",\"https:\\\/\\\/www.linkedin.com\\\/company\\\/touchpro-europe-bv\\\/\"],\"description\":\"TouchPro Europe Shop is de massage winkel van Europa. Wij verkopen topkwaliteit massageproducten aan masseurs, pedicures, fysiotherapeuten, manicuren, Wellness centra, opleidingen, etc. TouchPro begon als een kleine webshop in Nederland, maar is nu uitgegroeid tot een webshop met klanten uit heel Europa. Wij bieden een breed assortiment aan massageproducten, waaronder massagetafels, oli\u00ebn, cr\u00e8mes, en accessoires van topmerken, zoals Earthlite, Stronglite en InnerStrenght, Habys, Living Earth Crafts en Continuum en andere leveranciers van massage accessoires. Bestel hier de beste massagematerialen van Europa!\",\"email\":\"info@touchpro-europe.com\",\"telephone\":\"0858768829\",\"legalName\":\"TouchPro Europe BV\",\"foundingDate\":\"2018-01-11\",\"vatID\":\"NL855430151B01\",\"numberOfEmployees\":{\"@type\":\"QuantitativeValue\",\"minValue\":\"1\",\"maxValue\":\"10\"},\"hasMerchantReturnPolicy\":{\"@type\":\"MerchantReturnPolicy\",\"merchantReturnLink\":\"https:\\\/\\\/touchproeurope.eu\\\/fr\\\/retourbeleid\\\/\"}}]}<\/script>\n<meta property=\"product:brand\" content=\"Earthlite\" \/>\n<meta property=\"product:price:amount\" content=\"899.00\" \/>\n<meta property=\"product:price:currency\" content=\"EUR\" \/>\n<meta property=\"og:availability\" content=\"instock\" \/>\n<meta property=\"product:availability\" content=\"instock\" \/>\n<meta property=\"product:retailer_item_id\" content=\"8009377\" \/>\n<meta property=\"product:condition\" content=\"new\" \/>\n<!-- \/ Yoast SEO Premium plugin. -->","yoast_head_json":{"title":"Earthlite Yosemite\u2122 30 - TouchPro Europe Shop","description":"Faites l'exp\u00e9rience du luxe et de la polyvalence avec la table de massage r\u00e9volutionnaire Earthlite Yosemite. Un confort optimal pour le bien-\u00eatre et les traitements m\u00e9dicaux. Commandez d\u00e8s maintenant !","robots":{"index":"index","follow":"follow","max-snippet":"max-snippet:-1","max-image-preview":"max-image-preview:large","max-video-preview":"max-video-preview:-1"},"canonical":"https:\/\/touchproeurope.eu\/fr\/product\/earthlite-yosemite\/","og_locale":"fr_FR","og_type":"article","og_title":"Earthlite Yosemite \u2122 30","og_description":"Ervaar luxe en veelzijdigheid met de revolutionaire Earthlite Yosemite massagetafel. Optimaal comfort voor wellness en medische behandelingen. Bestel nu!","og_url":"https:\/\/touchproeurope.eu\/fr\/product\/earthlite-yosemite\/","og_site_name":"TouchPro Europe Shop","article_publisher":"https:\/\/www.facebook.com\/TouchproNederland\/?locale=nl_NL%2f","article_modified_time":"2026-03-04T16:55:34+00:00","og_image":[{"width":2000,"height":2000,"url":"https:\/\/touchproeurope.eu\/wp-content\/uploads\/2023\/11\/3928546224.jpg","type":"image\/jpeg"}],"twitter_card":"summary_large_image","twitter_misc":{"Prix":"&euro;&nbsp;899,00 incl. BTW","Disponibilit\u00e9":"En stock"},"schema":{"@context":"https:\/\/schema.org","@graph":[{"@type":"WebPage","@id":"https:\/\/touchproeurope.eu\/product\/earthlite-yosemite\/","url":"https:\/\/touchproeurope.eu\/product\/earthlite-yosemite\/","name":"Earthlite Yosemite\u2122 30 - TouchPro Europe Shop","isPartOf":{"@id":"https:\/\/touchproeurope.eu\/#website"},"primaryImageOfPage":{"@id":"https:\/\/touchproeurope.eu\/product\/earthlite-yosemite\/#primaryimage"},"image":{"@id":"https:\/\/touchproeurope.eu\/product\/earthlite-yosemite\/#primaryimage"},"thumbnailUrl":"https:\/\/i0.wp.com\/touchproeurope.eu\/wp-content\/uploads\/2023\/11\/3928546224.jpg?fit=2000%2C2000&ssl=1","datePublished":"2023-11-09T16:07:46+00:00","dateModified":"2026-03-04T16:55:34+00:00","description":"Faites l'exp\u00e9rience du luxe et de la polyvalence avec la table de massage r\u00e9volutionnaire Earthlite Yosemite. Un confort optimal pour le bien-\u00eatre et les traitements m\u00e9dicaux. Commandez d\u00e8s maintenant !","breadcrumb":{"@id":"https:\/\/touchproeurope.eu\/product\/earthlite-yosemite\/#breadcrumb"},"inLanguage":"fr-FR","potentialAction":[{"@type":"ReadAction","target":["https:\/\/touchproeurope.eu\/product\/earthlite-yosemite\/"]}]},{"@type":"ImageObject","inLanguage":"fr-FR","@id":"https:\/\/touchproeurope.eu\/product\/earthlite-yosemite\/#primaryimage","url":"https:\/\/i0.wp.com\/touchproeurope.eu\/wp-content\/uploads\/2023\/11\/3928546224.jpg?fit=2000%2C2000&ssl=1","contentUrl":"https:\/\/i0.wp.com\/touchproeurope.eu\/wp-content\/uploads\/2023\/11\/3928546224.jpg?fit=2000%2C2000&ssl=1","width":2000,"height":2000,"caption":"Earthlite Yosemite"},{"@type":"BreadcrumbList","@id":"https:\/\/touchproeurope.eu\/product\/earthlite-yosemite\/#breadcrumb","itemListElement":[{"@type":"ListItem","position":1,"name":"Home","item":"https:\/\/touchproeurope.eu\/"},{"@type":"ListItem","position":2,"name":"Winkel","item":"https:\/\/touchproeurope.eu\/winkel\/"},{"@type":"ListItem","position":3,"name":"Earthlite Yosemite \u2122 30"}]},{"@type":"WebSite","@id":"https:\/\/touchproeurope.eu\/#website","url":"https:\/\/touchproeurope.eu\/","name":"TouchPro Europe Shop","description":"Tout pour votre pratique avec une touche PROfessionnelle !","publisher":{"@id":"https:\/\/touchproeurope.eu\/#organization"},"alternateName":"TPE","potentialAction":[{"@type":"SearchAction","target":{"@type":"EntryPoint","urlTemplate":"https:\/\/touchproeurope.eu\/?s={search_term_string}"},"query-input":{"@type":"PropertyValueSpecification","valueRequired":true,"valueName":"search_term_string"}}],"inLanguage":"fr-FR"},{"@type":"Organization","@id":"https:\/\/touchproeurope.eu\/#organization","name":"TouchPro Europe BV","alternateName":"TPE","url":"https:\/\/touchproeurope.eu\/","logo":{"@type":"ImageObject","inLanguage":"fr-FR","@id":"https:\/\/touchproeurope.eu\/#\/schema\/logo\/image\/","url":"https:\/\/i0.wp.com\/touchproeurope.eu\/wp-content\/uploads\/2023\/10\/2b592c_b6944d80811246d987cc2c29accedf3f.png?fit=1417%2C531&ssl=1","contentUrl":"https:\/\/i0.wp.com\/touchproeurope.eu\/wp-content\/uploads\/2023\/10\/2b592c_b6944d80811246d987cc2c29accedf3f.png?fit=1417%2C531&ssl=1","width":1417,"height":531,"caption":"TouchPro Europe BV"},"image":{"@id":"https:\/\/touchproeurope.eu\/#\/schema\/logo\/image\/"},"sameAs":["https:\/\/www.facebook.com\/TouchproNederland\/?locale=nl_NL\/","https:\/\/www.instagram.com\/touchpro2016\/","https:\/\/www.linkedin.com\/company\/touchpro-europe-bv\/"],"description":"TouchPro Europe Shop est le magasin de massage de l'Europe. Nous vendons des produits de massage de qualit\u00e9 sup\u00e9rieure aux masseurs, p\u00e9dicures, physioth\u00e9rapeutes, manucures, centres de bien-\u00eatre, cours de formation, etc. TouchPro a commenc\u00e9 comme un petit magasin aux Pays-Bas, mais s'est maintenant d\u00e9velopp\u00e9 pour devenir un magasin avec des clients de toute l'Europe. Nous proposons une large gamme de produits de massage, notamment des tables de massage, des huiles, des cr\u00e8mes et des accessoires de grandes marques telles que Earthlite, Stronglite et InnerStrenght, Habys, Living Earth Crafts et Continuum, ainsi que d'autres fournisseurs d'accessoires de massage. Commandez ici les meilleurs produits de massage d'Europe !","email":"info@touchpro-europe.com","telephone":"0858768829","legalName":"TouchPro Europe BV","foundingDate":"2018-01-11","vatID":"NL855430151B01","numberOfEmployees":{"@type":"QuantitativeValue","minValue":"1","maxValue":"10"},"hasMerchantReturnPolicy":{"@type":"MerchantReturnPolicy","merchantReturnLink":"https:\/\/touchproeurope.eu\/fr\/retourbeleid\/"}}]},"product_brand":"Earthlite","product_price_amount":"899.00","product_price_currency":"EUR","og_availability":"instock","product_availability":"instock","product_retailer_item_id":"8009377","product_condition":"new"},"_links":{"self":[{"href":"https:\/\/touchproeurope.eu\/fr\/wp-json\/wp\/v2\/product\/3178","targetHints":{"allow":["GET"]}}],"collection":[{"href":"https:\/\/touchproeurope.eu\/fr\/wp-json\/wp\/v2\/product"}],"about":[{"href":"https:\/\/touchproeurope.eu\/fr\/wp-json\/wp\/v2\/types\/product"}],"replies":[{"embeddable":true,"href":"https:\/\/touchproeurope.eu\/fr\/wp-json\/wp\/v2\/comments?post=3178"}],"version-history":[{"count":5,"href":"https:\/\/touchproeurope.eu\/fr\/wp-json\/wp\/v2\/product\/3178\/revisions"}],"predecessor-version":[{"id":3298,"href":"https:\/\/touchproeurope.eu\/fr\/wp-json\/wp\/v2\/product\/3178\/revisions\/3298"}],"wp:featuredmedia":[{"embeddable":true,"href":"https:\/\/touchproeurope.eu\/fr\/wp-json\/wp\/v2\/media\/3177"}],"wp:attachment":[{"href":"https:\/\/touchproeurope.eu\/fr\/wp-json\/wp\/v2\/media?parent=3178"}],"wp:term":[{"taxonomy":"product_brand","embeddable":true,"href":"https:\/\/touchproeurope.eu\/fr\/wp-json\/wp\/v2\/product_brand?post=3178"},{"taxonomy":"product_cat","embeddable":true,"href":"https:\/\/touchproeurope.eu\/fr\/wp-json\/wp\/v2\/product_cat?post=3178"},{"taxonomy":"product_tag","embeddable":true,"href":"https:\/\/touchproeurope.eu\/fr\/wp-json\/wp\/v2\/product_tag?post=3178"}],"curies":[{"name":"wp","href":"https:\/\/api.w.org\/{rel}","templated":true}]}}