{"id":3198,"date":"2023-11-09T16:08:13","date_gmt":"2023-11-09T16:08:13","guid":{"rendered":"https:\/\/touchproeurope.eu\/?post_type=product&#038;p=3198"},"modified":"2026-04-22T09:32:09","modified_gmt":"2026-04-22T09:32:09","slug":"aysun-wellness-magnesium-spray-fresh","status":"publish","type":"product","link":"https:\/\/touchproeurope.eu\/fr\/product\/aysun-wellness-magnesium-spray-fresh\/","title":{"rendered":"Aysun Wellness Magn\u00e9sium Spray frais"},"content":{"rendered":"<p>Enrichissez votre routine quotidienne avec le spray fra\u00eecheur au magn\u00e9sium d'Aysun Wellness, une source rafra\u00eechissante de bien-\u00eatre. Ce spray offre plus que du magn\u00e9sium, c'est une exp\u00e9rience revitalisante qui soutient votre corps et votre esprit.<\/p>\n<p>Profitez de la commodit\u00e9 de ce spray infus\u00e9 de magn\u00e9sium de haute qualit\u00e9. Sentez la brume rafra\u00eechissante sur votre peau et d\u00e9couvrez les bienfaits du magn\u00e9sium pour la relaxation musculaire et un meilleur sommeil.<\/p>\n<p>Le spray fra\u00eecheur au magn\u00e9sium d'Aysun Wellness n'est pas seulement b\u00e9n\u00e9fique pour les muscles, il favorise \u00e9galement la sant\u00e9 de la peau. Laissez-vous envelopper par le spray et d\u00e9couvrez ses propri\u00e9t\u00e9s hydratantes qui donnent \u00e0 votre peau un \u00e9clat naturel.<\/p>\n<p>Ce spray revigorant est parfait pour tous ceux qui aspirent \u00e0 une vie \u00e9quilibr\u00e9e et \u00e9nergique. Ajoutez le spray fra\u00eecheur au magn\u00e9sium d'Aysun Wellness \u00e0 votre routine quotidienne et profitez des bienfaits du magn\u00e9sium dans une exp\u00e9rience rafra\u00eechissante.<\/p>\n<p>Offrez-vous le luxe du bien-\u00eatre et commandez d\u00e8s aujourd'hui le spray fra\u00eecheur au magn\u00e9sium d'Aysun Wellness. Transformez votre routine quotidienne en un moment de rafra\u00eechissement et de soin. Sentez la revitalisation et adoptez une vie plus saine et plus \u00e9quilibr\u00e9e. Commandez maintenant et offrez-vous ce qu'il y a de mieux pour votre corps et votre esprit.<\/p>","protected":false},"excerpt":{"rendered":"<p>Le magn\u00e9sium est l'un des min\u00e9raux les plus importants dont l'organisme a besoin pour les muscles, les articulations et les cellules. Le magn\u00e9sium peut \u00eatre absorb\u00e9 par voie orale par le biais du sel, mais cette m\u00e9thode ne s'est pas r\u00e9v\u00e9l\u00e9e tr\u00e8s efficace. Le magn\u00e9sium est beaucoup mieux absorb\u00e9 par la peau. Le spray au magn\u00e9sium d'Aysun Wellness est \u00e0 base de chlorure de magn\u00e9sium pur et d'eau pure.<\/p>\n<p>Le Spray Magn\u00e9sium Aysun Wellness aide entre autres \u00e0 soulager les crampes musculaires, la fatigue et les douleurs articulaires. Vaporisez quotidiennement le spray de magn\u00e9sium Aysun Wellness sur l'endroit de la crampe, sur l'articulation douloureuse et frottez doucement.<\/p>","protected":false},"featured_media":4386,"comment_status":"open","ping_status":"closed","template":"","meta":[],"product_brand":[599],"product_cat":[115],"product_tag":[123,164,177],"class_list":{"0":"post-3198","1":"product","2":"type-product","3":"status-publish","4":"has-post-thumbnail","6":"product_brand-aysun","7":"product_cat-massageolie","8":"product_tag-aysun","9":"product_tag-magnesium","10":"product_tag-wellness-spray","11":"product_shipping_class-klein-pakket","12":"pa_maat-250-ml","13":"pa_merk-aysun","15":"first","16":"instock","17":"taxable","18":"shipping-taxable","19":"purchasable","20":"product-type-simple"},"yoast_head":"<!-- This site is optimized with the Yoast SEO Premium plugin v27.4 (Yoast SEO v27.4) - https:\/\/yoast.com\/product\/yoast-seo-premium-wordpress\/ -->\n<title>Aysun Wellness Magnesium Spray fresh - TouchPro Europe Shop<\/title>\n<meta name=\"description\" content=\"Ontspan je spieren en gewrichten snel met Aysun Wellness Magnesium Spray fresh \u270c\ufe0f. Magnesiumchloride uit zuiver water biedt een effectieve oplossing.\ud83d\ude0a\" \/>\n<meta name=\"robots\" content=\"index, follow, max-snippet:-1, max-image-preview:large, max-video-preview:-1\" \/>\n<link rel=\"canonical\" href=\"https:\/\/touchproeurope.eu\/fr\/product\/aysun-wellness-magnesium-spray-fresh\/\" \/>\n<meta property=\"og:locale\" content=\"fr_FR\" \/>\n<meta property=\"og:type\" content=\"article\" \/>\n<meta property=\"og:title\" content=\"Aysun Wellness Magnesium Spray fresh\" \/>\n<meta property=\"og:description\" content=\"Ontspan je spieren en gewrichten snel met Aysun Wellness Magnesium Spray fresh \u270c\ufe0f. Magnesiumchloride uit zuiver water biedt een effectieve oplossing.\ud83d\ude0a\" \/>\n<meta property=\"og:url\" content=\"https:\/\/touchproeurope.eu\/fr\/product\/aysun-wellness-magnesium-spray-fresh\/\" \/>\n<meta property=\"og:site_name\" content=\"TouchPro Europe Shop\" \/>\n<meta property=\"article:publisher\" content=\"https:\/\/www.facebook.com\/TouchproNederland\/?locale=nl_NL%2f\" \/>\n<meta property=\"article:modified_time\" content=\"2026-04-22T09:32:09+00:00\" \/>\n<meta property=\"og:image\" content=\"https:\/\/touchproeurope.eu\/wp-content\/uploads\/2023\/11\/Earthlite-opvouwbaremassagekruk-1-1.jpg\" \/>\n\t<meta property=\"og:image:width\" content=\"800\" \/>\n\t<meta property=\"og:image:height\" content=\"800\" \/>\n\t<meta property=\"og:image:type\" content=\"image\/jpeg\" \/>\n<meta name=\"twitter:card\" content=\"summary_large_image\" \/>\n<meta name=\"twitter:label1\" content=\"Prix\" \/>\n\t<meta name=\"twitter:data1\" content=\"&euro;&nbsp;15,95 incl. BTW\" \/>\n\t<meta name=\"twitter:label2\" content=\"Disponibilit\u00e9\" \/>\n\t<meta name=\"twitter:data2\" content=\"En stock\" \/>\n<script type=\"application\/ld+json\" class=\"yoast-schema-graph\">{\"@context\":\"https:\\\/\\\/schema.org\",\"@graph\":[{\"@type\":\"WebPage\",\"@id\":\"https:\\\/\\\/touchproeurope.eu\\\/product\\\/aysun-wellness-magnesium-spray-fresh\\\/\",\"url\":\"https:\\\/\\\/touchproeurope.eu\\\/product\\\/aysun-wellness-magnesium-spray-fresh\\\/\",\"name\":\"Aysun Wellness Magnesium Spray fresh - TouchPro Europe Shop\",\"isPartOf\":{\"@id\":\"https:\\\/\\\/touchproeurope.eu\\\/#website\"},\"primaryImageOfPage\":{\"@id\":\"https:\\\/\\\/touchproeurope.eu\\\/product\\\/aysun-wellness-magnesium-spray-fresh\\\/#primaryimage\"},\"image\":{\"@id\":\"https:\\\/\\\/touchproeurope.eu\\\/product\\\/aysun-wellness-magnesium-spray-fresh\\\/#primaryimage\"},\"thumbnailUrl\":\"https:\\\/\\\/i0.wp.com\\\/touchproeurope.eu\\\/wp-content\\\/uploads\\\/2023\\\/11\\\/Earthlite-opvouwbaremassagekruk-1-1.jpg?fit=800%2C800&ssl=1\",\"datePublished\":\"2023-11-09T16:08:13+00:00\",\"dateModified\":\"2026-04-22T09:32:09+00:00\",\"description\":\"Ontspan je spieren en gewrichten snel met Aysun Wellness Magnesium Spray fresh \u270c\ufe0f. Magnesiumchloride uit zuiver water biedt een effectieve oplossing.\ud83d\ude0a\",\"breadcrumb\":{\"@id\":\"https:\\\/\\\/touchproeurope.eu\\\/product\\\/aysun-wellness-magnesium-spray-fresh\\\/#breadcrumb\"},\"inLanguage\":\"fr-FR\",\"potentialAction\":[{\"@type\":\"ReadAction\",\"target\":[\"https:\\\/\\\/touchproeurope.eu\\\/product\\\/aysun-wellness-magnesium-spray-fresh\\\/\"]}]},{\"@type\":\"ImageObject\",\"inLanguage\":\"fr-FR\",\"@id\":\"https:\\\/\\\/touchproeurope.eu\\\/product\\\/aysun-wellness-magnesium-spray-fresh\\\/#primaryimage\",\"url\":\"https:\\\/\\\/i0.wp.com\\\/touchproeurope.eu\\\/wp-content\\\/uploads\\\/2023\\\/11\\\/Earthlite-opvouwbaremassagekruk-1-1.jpg?fit=800%2C800&ssl=1\",\"contentUrl\":\"https:\\\/\\\/i0.wp.com\\\/touchproeurope.eu\\\/wp-content\\\/uploads\\\/2023\\\/11\\\/Earthlite-opvouwbaremassagekruk-1-1.jpg?fit=800%2C800&ssl=1\",\"width\":800,\"height\":800,\"caption\":\"Aysun-wellness Magnesium Spray fresh\"},{\"@type\":\"BreadcrumbList\",\"@id\":\"https:\\\/\\\/touchproeurope.eu\\\/product\\\/aysun-wellness-magnesium-spray-fresh\\\/#breadcrumb\",\"itemListElement\":[{\"@type\":\"ListItem\",\"position\":1,\"name\":\"Home\",\"item\":\"https:\\\/\\\/touchproeurope.eu\\\/\"},{\"@type\":\"ListItem\",\"position\":2,\"name\":\"Winkel\",\"item\":\"https:\\\/\\\/touchproeurope.eu\\\/winkel\\\/\"},{\"@type\":\"ListItem\",\"position\":3,\"name\":\"Aysun Wellness Magnesium Spray fresh\"}]},{\"@type\":\"WebSite\",\"@id\":\"https:\\\/\\\/touchproeurope.eu\\\/#website\",\"url\":\"https:\\\/\\\/touchproeurope.eu\\\/\",\"name\":\"TouchPro Europe Shop\",\"description\":\"Alles voor jouw praktijk met een PROfessionele Touch!\",\"publisher\":{\"@id\":\"https:\\\/\\\/touchproeurope.eu\\\/#organization\"},\"alternateName\":\"TPE\",\"potentialAction\":[{\"@type\":\"SearchAction\",\"target\":{\"@type\":\"EntryPoint\",\"urlTemplate\":\"https:\\\/\\\/touchproeurope.eu\\\/?s={search_term_string}\"},\"query-input\":{\"@type\":\"PropertyValueSpecification\",\"valueRequired\":true,\"valueName\":\"search_term_string\"}}],\"inLanguage\":\"fr-FR\"},{\"@type\":\"Organization\",\"@id\":\"https:\\\/\\\/touchproeurope.eu\\\/#organization\",\"name\":\"TouchPro Europe BV\",\"alternateName\":\"TPE\",\"url\":\"https:\\\/\\\/touchproeurope.eu\\\/\",\"logo\":{\"@type\":\"ImageObject\",\"inLanguage\":\"fr-FR\",\"@id\":\"https:\\\/\\\/touchproeurope.eu\\\/#\\\/schema\\\/logo\\\/image\\\/\",\"url\":\"https:\\\/\\\/i0.wp.com\\\/touchproeurope.eu\\\/wp-content\\\/uploads\\\/2023\\\/10\\\/2b592c_b6944d80811246d987cc2c29accedf3f.png?fit=1417%2C531&ssl=1\",\"contentUrl\":\"https:\\\/\\\/i0.wp.com\\\/touchproeurope.eu\\\/wp-content\\\/uploads\\\/2023\\\/10\\\/2b592c_b6944d80811246d987cc2c29accedf3f.png?fit=1417%2C531&ssl=1\",\"width\":1417,\"height\":531,\"caption\":\"TouchPro Europe BV\"},\"image\":{\"@id\":\"https:\\\/\\\/touchproeurope.eu\\\/#\\\/schema\\\/logo\\\/image\\\/\"},\"sameAs\":[\"https:\\\/\\\/www.facebook.com\\\/TouchproNederland\\\/?locale=nl_NL\\\/\",\"https:\\\/\\\/www.instagram.com\\\/touchpro2016\\\/\",\"https:\\\/\\\/www.linkedin.com\\\/company\\\/touchpro-europe-bv\\\/\"],\"description\":\"TouchPro Europe Shop is de massage winkel van Europa. Wij verkopen topkwaliteit massageproducten aan masseurs, pedicures, fysiotherapeuten, manicuren, Wellness centra, opleidingen, etc. TouchPro begon als een kleine webshop in Nederland, maar is nu uitgegroeid tot een webshop met klanten uit heel Europa. Wij bieden een breed assortiment aan massageproducten, waaronder massagetafels, oli\u00ebn, cr\u00e8mes, en accessoires van topmerken, zoals Earthlite, Stronglite en InnerStrenght, Habys, Living Earth Crafts en Continuum en andere leveranciers van massage accessoires. Bestel hier de beste massagematerialen van Europa!\",\"email\":\"info@touchpro-europe.com\",\"telephone\":\"0858768829\",\"legalName\":\"TouchPro Europe BV\",\"foundingDate\":\"2018-01-11\",\"vatID\":\"NL855430151B01\",\"numberOfEmployees\":{\"@type\":\"QuantitativeValue\",\"minValue\":\"1\",\"maxValue\":\"10\"},\"hasMerchantReturnPolicy\":{\"@type\":\"MerchantReturnPolicy\",\"merchantReturnLink\":\"https:\\\/\\\/touchproeurope.eu\\\/fr\\\/retourbeleid\\\/\"}}]}<\/script>\n<meta property=\"product:brand\" content=\"Aysun\" \/>\n<meta property=\"product:price:amount\" content=\"15.95\" \/>\n<meta property=\"product:price:currency\" content=\"EUR\" \/>\n<meta property=\"og:availability\" content=\"instock\" \/>\n<meta property=\"product:availability\" content=\"instock\" \/>\n<meta property=\"product:retailer_item_id\" content=\"11002\" \/>\n<meta property=\"product:condition\" content=\"new\" \/>\n<!-- \/ Yoast SEO Premium plugin. -->","yoast_head_json":{"title":"Aysun Wellness Magnesium Spray fresh - TouchPro Europe Shop","description":"D\u00e9tendez rapidement vos muscles et vos articulations avec le spray au magn\u00e9sium frais d'Aysun Wellness \u270c\ufe0f. Le chlorure de magn\u00e9sium contenu dans l'eau pure constitue une solution efficace.\ud83d\ude0a","robots":{"index":"index","follow":"follow","max-snippet":"max-snippet:-1","max-image-preview":"max-image-preview:large","max-video-preview":"max-video-preview:-1"},"canonical":"https:\/\/touchproeurope.eu\/fr\/product\/aysun-wellness-magnesium-spray-fresh\/","og_locale":"fr_FR","og_type":"article","og_title":"Aysun Wellness Magnesium Spray fresh","og_description":"Ontspan je spieren en gewrichten snel met Aysun Wellness Magnesium Spray fresh \u270c\ufe0f. Magnesiumchloride uit zuiver water biedt een effectieve oplossing.\ud83d\ude0a","og_url":"https:\/\/touchproeurope.eu\/fr\/product\/aysun-wellness-magnesium-spray-fresh\/","og_site_name":"TouchPro Europe Shop","article_publisher":"https:\/\/www.facebook.com\/TouchproNederland\/?locale=nl_NL%2f","article_modified_time":"2026-04-22T09:32:09+00:00","og_image":[{"width":800,"height":800,"url":"https:\/\/touchproeurope.eu\/wp-content\/uploads\/2023\/11\/Earthlite-opvouwbaremassagekruk-1-1.jpg","type":"image\/jpeg"}],"twitter_card":"summary_large_image","twitter_misc":{"Prix":"&euro;&nbsp;15,95 incl. BTW","Disponibilit\u00e9":"En stock"},"schema":{"@context":"https:\/\/schema.org","@graph":[{"@type":"WebPage","@id":"https:\/\/touchproeurope.eu\/product\/aysun-wellness-magnesium-spray-fresh\/","url":"https:\/\/touchproeurope.eu\/product\/aysun-wellness-magnesium-spray-fresh\/","name":"Aysun Wellness Magnesium Spray fresh - TouchPro Europe Shop","isPartOf":{"@id":"https:\/\/touchproeurope.eu\/#website"},"primaryImageOfPage":{"@id":"https:\/\/touchproeurope.eu\/product\/aysun-wellness-magnesium-spray-fresh\/#primaryimage"},"image":{"@id":"https:\/\/touchproeurope.eu\/product\/aysun-wellness-magnesium-spray-fresh\/#primaryimage"},"thumbnailUrl":"https:\/\/i0.wp.com\/touchproeurope.eu\/wp-content\/uploads\/2023\/11\/Earthlite-opvouwbaremassagekruk-1-1.jpg?fit=800%2C800&ssl=1","datePublished":"2023-11-09T16:08:13+00:00","dateModified":"2026-04-22T09:32:09+00:00","description":"D\u00e9tendez rapidement vos muscles et vos articulations avec le spray au magn\u00e9sium frais d'Aysun Wellness \u270c\ufe0f. Le chlorure de magn\u00e9sium contenu dans l'eau pure constitue une solution efficace.\ud83d\ude0a","breadcrumb":{"@id":"https:\/\/touchproeurope.eu\/product\/aysun-wellness-magnesium-spray-fresh\/#breadcrumb"},"inLanguage":"fr-FR","potentialAction":[{"@type":"ReadAction","target":["https:\/\/touchproeurope.eu\/product\/aysun-wellness-magnesium-spray-fresh\/"]}]},{"@type":"ImageObject","inLanguage":"fr-FR","@id":"https:\/\/touchproeurope.eu\/product\/aysun-wellness-magnesium-spray-fresh\/#primaryimage","url":"https:\/\/i0.wp.com\/touchproeurope.eu\/wp-content\/uploads\/2023\/11\/Earthlite-opvouwbaremassagekruk-1-1.jpg?fit=800%2C800&ssl=1","contentUrl":"https:\/\/i0.wp.com\/touchproeurope.eu\/wp-content\/uploads\/2023\/11\/Earthlite-opvouwbaremassagekruk-1-1.jpg?fit=800%2C800&ssl=1","width":800,"height":800,"caption":"Aysun-wellness Magnesium Spray fresh"},{"@type":"BreadcrumbList","@id":"https:\/\/touchproeurope.eu\/product\/aysun-wellness-magnesium-spray-fresh\/#breadcrumb","itemListElement":[{"@type":"ListItem","position":1,"name":"Home","item":"https:\/\/touchproeurope.eu\/"},{"@type":"ListItem","position":2,"name":"Winkel","item":"https:\/\/touchproeurope.eu\/winkel\/"},{"@type":"ListItem","position":3,"name":"Aysun Wellness Magnesium Spray fresh"}]},{"@type":"WebSite","@id":"https:\/\/touchproeurope.eu\/#website","url":"https:\/\/touchproeurope.eu\/","name":"TouchPro Europe Shop","description":"Tout pour votre pratique avec une touche PROfessionnelle !","publisher":{"@id":"https:\/\/touchproeurope.eu\/#organization"},"alternateName":"TPE","potentialAction":[{"@type":"SearchAction","target":{"@type":"EntryPoint","urlTemplate":"https:\/\/touchproeurope.eu\/?s={search_term_string}"},"query-input":{"@type":"PropertyValueSpecification","valueRequired":true,"valueName":"search_term_string"}}],"inLanguage":"fr-FR"},{"@type":"Organization","@id":"https:\/\/touchproeurope.eu\/#organization","name":"TouchPro Europe BV","alternateName":"TPE","url":"https:\/\/touchproeurope.eu\/","logo":{"@type":"ImageObject","inLanguage":"fr-FR","@id":"https:\/\/touchproeurope.eu\/#\/schema\/logo\/image\/","url":"https:\/\/i0.wp.com\/touchproeurope.eu\/wp-content\/uploads\/2023\/10\/2b592c_b6944d80811246d987cc2c29accedf3f.png?fit=1417%2C531&ssl=1","contentUrl":"https:\/\/i0.wp.com\/touchproeurope.eu\/wp-content\/uploads\/2023\/10\/2b592c_b6944d80811246d987cc2c29accedf3f.png?fit=1417%2C531&ssl=1","width":1417,"height":531,"caption":"TouchPro Europe BV"},"image":{"@id":"https:\/\/touchproeurope.eu\/#\/schema\/logo\/image\/"},"sameAs":["https:\/\/www.facebook.com\/TouchproNederland\/?locale=nl_NL\/","https:\/\/www.instagram.com\/touchpro2016\/","https:\/\/www.linkedin.com\/company\/touchpro-europe-bv\/"],"description":"TouchPro Europe Shop est le magasin de massage de l'Europe. Nous vendons des produits de massage de qualit\u00e9 sup\u00e9rieure aux masseurs, p\u00e9dicures, physioth\u00e9rapeutes, manucures, centres de bien-\u00eatre, cours de formation, etc. TouchPro a commenc\u00e9 comme un petit magasin aux Pays-Bas, mais s'est maintenant d\u00e9velopp\u00e9 pour devenir un magasin avec des clients de toute l'Europe. Nous proposons une large gamme de produits de massage, notamment des tables de massage, des huiles, des cr\u00e8mes et des accessoires de grandes marques telles que Earthlite, Stronglite et InnerStrenght, Habys, Living Earth Crafts et Continuum, ainsi que d'autres fournisseurs d'accessoires de massage. Commandez ici les meilleurs produits de massage d'Europe !","email":"info@touchpro-europe.com","telephone":"0858768829","legalName":"TouchPro Europe BV","foundingDate":"2018-01-11","vatID":"NL855430151B01","numberOfEmployees":{"@type":"QuantitativeValue","minValue":"1","maxValue":"10"},"hasMerchantReturnPolicy":{"@type":"MerchantReturnPolicy","merchantReturnLink":"https:\/\/touchproeurope.eu\/fr\/retourbeleid\/"}}]},"product_brand":"Aysun","product_price_amount":"15.95","product_price_currency":"EUR","og_availability":"instock","product_availability":"instock","product_retailer_item_id":"11002","product_condition":"new"},"_links":{"self":[{"href":"https:\/\/touchproeurope.eu\/fr\/wp-json\/wp\/v2\/product\/3198","targetHints":{"allow":["GET"]}}],"collection":[{"href":"https:\/\/touchproeurope.eu\/fr\/wp-json\/wp\/v2\/product"}],"about":[{"href":"https:\/\/touchproeurope.eu\/fr\/wp-json\/wp\/v2\/types\/product"}],"replies":[{"embeddable":true,"href":"https:\/\/touchproeurope.eu\/fr\/wp-json\/wp\/v2\/comments?post=3198"}],"version-history":[{"count":9,"href":"https:\/\/touchproeurope.eu\/fr\/wp-json\/wp\/v2\/product\/3198\/revisions"}],"predecessor-version":[{"id":13945,"href":"https:\/\/touchproeurope.eu\/fr\/wp-json\/wp\/v2\/product\/3198\/revisions\/13945"}],"wp:featuredmedia":[{"embeddable":true,"href":"https:\/\/touchproeurope.eu\/fr\/wp-json\/wp\/v2\/media\/4386"}],"wp:attachment":[{"href":"https:\/\/touchproeurope.eu\/fr\/wp-json\/wp\/v2\/media?parent=3198"}],"wp:term":[{"taxonomy":"product_brand","embeddable":true,"href":"https:\/\/touchproeurope.eu\/fr\/wp-json\/wp\/v2\/product_brand?post=3198"},{"taxonomy":"product_cat","embeddable":true,"href":"https:\/\/touchproeurope.eu\/fr\/wp-json\/wp\/v2\/product_cat?post=3198"},{"taxonomy":"product_tag","embeddable":true,"href":"https:\/\/touchproeurope.eu\/fr\/wp-json\/wp\/v2\/product_tag?post=3198"}],"curies":[{"name":"wp","href":"https:\/\/api.w.org\/{rel}","templated":true}]}}