{"id":3212,"date":"2023-11-09T16:08:31","date_gmt":"2023-11-09T16:08:31","guid":{"rendered":"https:\/\/touchproeurope.eu\/?post_type=product&#038;p=3212"},"modified":"2026-04-25T20:11:58","modified_gmt":"2026-04-25T20:11:58","slug":"table-de-massage-portable-stronglite-new-premier","status":"publish","type":"product","link":"https:\/\/touchproeurope.eu\/fr\/product\/stronglite-new-premier-draagbare-massagetafel\/","title":{"rendered":"Stronglite New Premier Massage Table"},"content":{"rendered":"<p>D\u00e9couvrez le summum du confort et de la puissance avec la table de massage portable Stronglite New Premier. Con\u00e7ue pour les masseurs exigeants qui recherchent la meilleure qualit\u00e9 dans leur pratique. Cette table promet des performances in\u00e9gal\u00e9es et offre l'environnement id\u00e9al pour les massages tha\u00eflandais, sportifs et Anma.<\/p>\n<p>Avec un poids de seulement 17,5 kg et des dimensions de 79 x 185 cm, cette table de massage portable est un mod\u00e8le de mobilit\u00e9 et de polyvalence. En quelques secondes seulement, vous pouvez r\u00e9gler la hauteur, qui varie de 58 \u00e0 83 cm, ce qui vous permet d'adopter une position de travail optimale.<\/p>\n<p>Le pack est livr\u00e9 avec un appui-t\u00eate r\u00e9glable de luxe, \u00e9quip\u00e9 d'un coussin LEC Strata, et un sac de transport pratique. Tout ce dont vous avez besoin pour une exp\u00e9rience de massage professionnelle.<\/p>\n<p>Avec un poids maximal admissible de 360 kg, cette table de massage est con\u00e7ue pour offrir des performances optimales. Le syst\u00e8me de mousse de luxe de 7,6 cm d'\u00e9paisseur, associ\u00e9 \u00e0 un cadre en bois dur de qualit\u00e9 et \u00e0 un rev\u00eatement en vinyle PU Natursoft 100%, offre un confort et une durabilit\u00e9 ultimes.<\/p>\n<p>Am\u00e9liorez votre cabinet de massage avec la table de massage portable Stronglite New Premier. Offrez \u00e0 vos clients une exp\u00e9rience ultime en termes de qualit\u00e9 et de polyvalence. Commandez d\u00e8s maintenant et passez au niveau sup\u00e9rieur en mati\u00e8re de massage !<\/p>","protected":false},"excerpt":{"rendered":"<p><strong>La table de massage portable Stronglite New Premier<\/strong> \u2013 Elle se caract\u00e9rise par sa puissance et son confort in\u00e9gal\u00e9s et convient parfaitement au massage tha\u00eflandais, au massage sportif et au massage Anma. Am\u00e9liorez votre \u00e9quipement de massage avec cette table de massage haut de gamme et offrez \u00e0 vos clients une exp\u00e9rience ultime en termes de qualit\u00e9 et de polyvalence.<\/p>\n<p>Le paquet comprend<\/p>\n<ul>\n<li>Table de massage portable Premier<\/li>\n<li>Appuie-t\u00eate r\u00e9glable Deluxe avec oreiller LEC Strata<\/li>\n<li>Sac de transport<\/li>\n<\/ul>\n<p>Propri\u00e9t\u00e9s<\/p>\n<ul>\n<li>Poids 17,5 kg<\/li>\n<li>Dimensions 79 x 185 cm<\/li>\n<li>R\u00e9glable en hauteur de 58 \u00e0 83 cm<\/li>\n<li>Poids de travail maximal admissible de 360 kg<\/li>\n<li>Syst\u00e8me de mousse Deluxe de 7,6 cm d'\u00e9paisseur \u00e0 3 couches<\/li>\n<li>Cadre en bois dur de qualit\u00e9<\/li>\n<li>100% Rev\u00eatement en vinyle PU Natursoft<\/li>\n<li>Feuille de calcul officielle : <a href=\"https:\/\/b2b.earthlite.eu\/media\/wysiwyg\/SalesSheets\/Premier_-_Stronglite_-_1-300-0044_-_Rev_092120.pdf\" target=\"_blank\" rel=\"noopener\">Nouveau Premier ministre<\/a><\/li>\n<\/ul>","protected":false},"featured_media":3366,"comment_status":"open","ping_status":"closed","template":"","meta":[],"product_brand":[396],"product_cat":[94,93],"product_tag":[39,119,21],"class_list":{"0":"post-3212","1":"product","2":"type-product","3":"status-publish","4":"has-post-thumbnail","6":"product_brand-stronglite","7":"product_cat-draagbare-massagetafels","8":"product_cat-massagetafels","9":"product_tag-massagetafel","10":"product_tag-new-premier","11":"product_tag-stronglite","12":"product_shipping_class-groot-pakket","13":"pa_kleur-blauw","14":"pa_kleur-vanille-creme","15":"pa_kleur-zwart","16":"pa_merk-stronglite","18":"first","19":"instock","20":"taxable","21":"shipping-taxable","22":"purchasable","23":"product-type-variable"},"yoast_head":"<!-- This site is optimized with the Yoast SEO Premium plugin v27.5 (Yoast SEO v27.5) - https:\/\/yoast.com\/product\/yoast-seo-premium-wordpress\/ -->\n<title>Stronglite New Premier Massagetafel - TouchPro Europe Shop<\/title>\n<meta name=\"description\" content=\"Ontdek ultiem comfort met de Stronglite New Premier draagbare massagetafel. Ideaal voor diverse massages. Bestel nu voor een onge\u00ebvenaarde ervaring!&quot;\" \/>\n<meta name=\"robots\" content=\"index, follow, max-snippet:-1, max-image-preview:large, max-video-preview:-1\" \/>\n<link rel=\"canonical\" href=\"https:\/\/touchproeurope.eu\/fr\/product\/table-de-massage-portable-stronglite-new-premier\/\" \/>\n<meta property=\"og:locale\" content=\"fr_FR\" \/>\n<meta property=\"og:type\" content=\"article\" \/>\n<meta property=\"og:title\" content=\"Stronglite New Premier Massagetafel\" \/>\n<meta property=\"og:description\" content=\"Ontdek ultiem comfort met de Stronglite New Premier draagbare massagetafel. Ideaal voor diverse massages. Bestel nu voor een onge\u00ebvenaarde ervaring!&quot;\" \/>\n<meta property=\"og:url\" content=\"https:\/\/touchproeurope.eu\/fr\/product\/table-de-massage-portable-stronglite-new-premier\/\" \/>\n<meta property=\"og:site_name\" content=\"TouchPro Europe Shop\" \/>\n<meta property=\"article:publisher\" content=\"https:\/\/www.facebook.com\/TouchproNederland\/?locale=nl_NL%2f\" \/>\n<meta property=\"article:modified_time\" content=\"2026-04-25T20:11:58+00:00\" \/>\n<meta property=\"og:image\" content=\"https:\/\/touchproeurope.eu\/wp-content\/uploads\/2023\/11\/40186735515_8c1238198e_o.jpg\" \/>\n\t<meta property=\"og:image:width\" content=\"1500\" \/>\n\t<meta property=\"og:image:height\" content=\"1500\" \/>\n\t<meta property=\"og:image:type\" content=\"image\/jpeg\" \/>\n<meta name=\"twitter:card\" content=\"summary_large_image\" \/>\n<meta name=\"twitter:label1\" content=\"Disponibilit\u00e9\" \/>\n\t<meta name=\"twitter:data1\" content=\"En stock\" \/>\n<script type=\"application\/ld+json\" class=\"yoast-schema-graph\">{\"@context\":\"https:\\\/\\\/schema.org\",\"@graph\":[{\"@type\":\"WebPage\",\"@id\":\"https:\\\/\\\/touchproeurope.eu\\\/product\\\/stronglite-new-premier-draagbare-massagetafel\\\/\",\"url\":\"https:\\\/\\\/touchproeurope.eu\\\/product\\\/stronglite-new-premier-draagbare-massagetafel\\\/\",\"name\":\"Stronglite New Premier Massagetafel - TouchPro Europe Shop\",\"isPartOf\":{\"@id\":\"https:\\\/\\\/touchproeurope.eu\\\/#website\"},\"primaryImageOfPage\":{\"@id\":\"https:\\\/\\\/touchproeurope.eu\\\/product\\\/stronglite-new-premier-draagbare-massagetafel\\\/#primaryimage\"},\"image\":{\"@id\":\"https:\\\/\\\/touchproeurope.eu\\\/product\\\/stronglite-new-premier-draagbare-massagetafel\\\/#primaryimage\"},\"thumbnailUrl\":\"https:\\\/\\\/i0.wp.com\\\/touchproeurope.eu\\\/wp-content\\\/uploads\\\/2023\\\/11\\\/40186735515_8c1238198e_o.jpg?fit=1500%2C1500&ssl=1\",\"datePublished\":\"2023-11-09T16:08:31+00:00\",\"dateModified\":\"2026-04-25T20:11:58+00:00\",\"description\":\"Ontdek ultiem comfort met de Stronglite New Premier draagbare massagetafel. Ideaal voor diverse massages. Bestel nu voor een onge\u00ebvenaarde ervaring!\\\"\",\"breadcrumb\":{\"@id\":\"https:\\\/\\\/touchproeurope.eu\\\/product\\\/stronglite-new-premier-draagbare-massagetafel\\\/#breadcrumb\"},\"inLanguage\":\"fr-FR\",\"potentialAction\":[{\"@type\":\"ReadAction\",\"target\":[\"https:\\\/\\\/touchproeurope.eu\\\/product\\\/stronglite-new-premier-draagbare-massagetafel\\\/\"]}]},{\"@type\":\"ImageObject\",\"inLanguage\":\"fr-FR\",\"@id\":\"https:\\\/\\\/touchproeurope.eu\\\/product\\\/stronglite-new-premier-draagbare-massagetafel\\\/#primaryimage\",\"url\":\"https:\\\/\\\/i0.wp.com\\\/touchproeurope.eu\\\/wp-content\\\/uploads\\\/2023\\\/11\\\/40186735515_8c1238198e_o.jpg?fit=1500%2C1500&ssl=1\",\"contentUrl\":\"https:\\\/\\\/i0.wp.com\\\/touchproeurope.eu\\\/wp-content\\\/uploads\\\/2023\\\/11\\\/40186735515_8c1238198e_o.jpg?fit=1500%2C1500&ssl=1\",\"width\":1500,\"height\":1500,\"caption\":\"StrongLite New Premier Massagetafel vanille creme\"},{\"@type\":\"BreadcrumbList\",\"@id\":\"https:\\\/\\\/touchproeurope.eu\\\/product\\\/stronglite-new-premier-draagbare-massagetafel\\\/#breadcrumb\",\"itemListElement\":[{\"@type\":\"ListItem\",\"position\":1,\"name\":\"Home\",\"item\":\"https:\\\/\\\/touchproeurope.eu\\\/\"},{\"@type\":\"ListItem\",\"position\":2,\"name\":\"Winkel\",\"item\":\"https:\\\/\\\/touchproeurope.eu\\\/winkel\\\/\"},{\"@type\":\"ListItem\",\"position\":3,\"name\":\"Stronglite New Premier Massagetafel\"}]},{\"@type\":\"WebSite\",\"@id\":\"https:\\\/\\\/touchproeurope.eu\\\/#website\",\"url\":\"https:\\\/\\\/touchproeurope.eu\\\/\",\"name\":\"TouchPro Europe Shop\",\"description\":\"Alles voor jouw praktijk met een PROfessionele Touch!\",\"publisher\":{\"@id\":\"https:\\\/\\\/touchproeurope.eu\\\/#organization\"},\"alternateName\":\"TPE\",\"potentialAction\":[{\"@type\":\"SearchAction\",\"target\":{\"@type\":\"EntryPoint\",\"urlTemplate\":\"https:\\\/\\\/touchproeurope.eu\\\/?s={search_term_string}\"},\"query-input\":{\"@type\":\"PropertyValueSpecification\",\"valueRequired\":true,\"valueName\":\"search_term_string\"}}],\"inLanguage\":\"fr-FR\"},{\"@type\":\"Organization\",\"@id\":\"https:\\\/\\\/touchproeurope.eu\\\/#organization\",\"name\":\"TouchPro Europe BV\",\"alternateName\":\"TPE\",\"url\":\"https:\\\/\\\/touchproeurope.eu\\\/\",\"logo\":{\"@type\":\"ImageObject\",\"inLanguage\":\"fr-FR\",\"@id\":\"https:\\\/\\\/touchproeurope.eu\\\/#\\\/schema\\\/logo\\\/image\\\/\",\"url\":\"https:\\\/\\\/i0.wp.com\\\/touchproeurope.eu\\\/wp-content\\\/uploads\\\/2023\\\/10\\\/2b592c_b6944d80811246d987cc2c29accedf3f.png?fit=1417%2C531&ssl=1\",\"contentUrl\":\"https:\\\/\\\/i0.wp.com\\\/touchproeurope.eu\\\/wp-content\\\/uploads\\\/2023\\\/10\\\/2b592c_b6944d80811246d987cc2c29accedf3f.png?fit=1417%2C531&ssl=1\",\"width\":1417,\"height\":531,\"caption\":\"TouchPro Europe BV\"},\"image\":{\"@id\":\"https:\\\/\\\/touchproeurope.eu\\\/#\\\/schema\\\/logo\\\/image\\\/\"},\"sameAs\":[\"https:\\\/\\\/www.facebook.com\\\/TouchproNederland\\\/?locale=nl_NL\\\/\",\"https:\\\/\\\/www.instagram.com\\\/touchpro2016\\\/\",\"https:\\\/\\\/www.linkedin.com\\\/company\\\/touchpro-europe-bv\\\/\"],\"description\":\"TouchPro Europe Shop is de massage winkel van Europa. Wij verkopen topkwaliteit massageproducten aan masseurs, pedicures, fysiotherapeuten, manicuren, Wellness centra, opleidingen, etc. TouchPro begon als een kleine webshop in Nederland, maar is nu uitgegroeid tot een webshop met klanten uit heel Europa. Wij bieden een breed assortiment aan massageproducten, waaronder massagetafels, oli\u00ebn, cr\u00e8mes, en accessoires van topmerken, zoals Earthlite, Stronglite en InnerStrenght, Habys, Living Earth Crafts en Continuum en andere leveranciers van massage accessoires. Bestel hier de beste massagematerialen van Europa!\",\"email\":\"info@touchpro-europe.com\",\"telephone\":\"0858768829\",\"legalName\":\"TouchPro Europe BV\",\"foundingDate\":\"2018-01-11\",\"vatID\":\"NL855430151B01\",\"numberOfEmployees\":{\"@type\":\"QuantitativeValue\",\"minValue\":\"1\",\"maxValue\":\"10\"},\"hasMerchantReturnPolicy\":{\"@type\":\"MerchantReturnPolicy\",\"merchantReturnLink\":\"https:\\\/\\\/touchproeurope.eu\\\/fr\\\/retourbeleid\\\/\"}}]}<\/script>\n<meta property=\"product:brand\" content=\"Stronglite\" \/>\n<meta property=\"og:availability\" content=\"instock\" \/>\n<meta property=\"product:availability\" content=\"instock\" \/>\n<meta property=\"product:retailer_item_id\" content=\"51550\" \/>\n<meta property=\"product:condition\" content=\"new\" \/>\n<!-- \/ Yoast SEO Premium plugin. -->","yoast_head_json":{"title":"Table de massage Stronglite New Premier - Boutique TouchPro Europe","description":"D\u00e9couvrez le confort ultime avec la table de massage portable Stronglite New Premier. Id\u00e9ale pour divers types de massages. Commandez d\u00e8s maintenant pour vivre une exp\u00e9rience in\u00e9gal\u00e9e !\"","robots":{"index":"index","follow":"follow","max-snippet":"max-snippet:-1","max-image-preview":"max-image-preview:large","max-video-preview":"max-video-preview:-1"},"canonical":"https:\/\/touchproeurope.eu\/fr\/product\/table-de-massage-portable-stronglite-new-premier\/","og_locale":"fr_FR","og_type":"article","og_title":"Stronglite New Premier Massagetafel","og_description":"Ontdek ultiem comfort met de Stronglite New Premier draagbare massagetafel. Ideaal voor diverse massages. Bestel nu voor een onge\u00ebvenaarde ervaring!\"","og_url":"https:\/\/touchproeurope.eu\/fr\/product\/table-de-massage-portable-stronglite-new-premier\/","og_site_name":"TouchPro Europe Shop","article_publisher":"https:\/\/www.facebook.com\/TouchproNederland\/?locale=nl_NL%2f","article_modified_time":"2026-04-25T20:11:58+00:00","og_image":[{"width":1500,"height":1500,"url":"https:\/\/touchproeurope.eu\/wp-content\/uploads\/2023\/11\/40186735515_8c1238198e_o.jpg","type":"image\/jpeg"}],"twitter_card":"summary_large_image","twitter_misc":{"Disponibilit\u00e9":"En stock"},"schema":{"@context":"https:\/\/schema.org","@graph":[{"@type":"WebPage","@id":"https:\/\/touchproeurope.eu\/product\/stronglite-new-premier-draagbare-massagetafel\/","url":"https:\/\/touchproeurope.eu\/product\/stronglite-new-premier-draagbare-massagetafel\/","name":"Table de massage Stronglite New Premier - Boutique TouchPro Europe","isPartOf":{"@id":"https:\/\/touchproeurope.eu\/#website"},"primaryImageOfPage":{"@id":"https:\/\/touchproeurope.eu\/product\/stronglite-new-premier-draagbare-massagetafel\/#primaryimage"},"image":{"@id":"https:\/\/touchproeurope.eu\/product\/stronglite-new-premier-draagbare-massagetafel\/#primaryimage"},"thumbnailUrl":"https:\/\/i0.wp.com\/touchproeurope.eu\/wp-content\/uploads\/2023\/11\/40186735515_8c1238198e_o.jpg?fit=1500%2C1500&ssl=1","datePublished":"2023-11-09T16:08:31+00:00","dateModified":"2026-04-25T20:11:58+00:00","description":"D\u00e9couvrez le confort ultime avec la table de massage portable Stronglite New Premier. Id\u00e9ale pour divers types de massages. Commandez d\u00e8s maintenant pour vivre une exp\u00e9rience in\u00e9gal\u00e9e !\"","breadcrumb":{"@id":"https:\/\/touchproeurope.eu\/product\/stronglite-new-premier-draagbare-massagetafel\/#breadcrumb"},"inLanguage":"fr-FR","potentialAction":[{"@type":"ReadAction","target":["https:\/\/touchproeurope.eu\/product\/stronglite-new-premier-draagbare-massagetafel\/"]}]},{"@type":"ImageObject","inLanguage":"fr-FR","@id":"https:\/\/touchproeurope.eu\/product\/stronglite-new-premier-draagbare-massagetafel\/#primaryimage","url":"https:\/\/i0.wp.com\/touchproeurope.eu\/wp-content\/uploads\/2023\/11\/40186735515_8c1238198e_o.jpg?fit=1500%2C1500&ssl=1","contentUrl":"https:\/\/i0.wp.com\/touchproeurope.eu\/wp-content\/uploads\/2023\/11\/40186735515_8c1238198e_o.jpg?fit=1500%2C1500&ssl=1","width":1500,"height":1500,"caption":"StrongLite New Premier Massagetafel vanille creme"},{"@type":"BreadcrumbList","@id":"https:\/\/touchproeurope.eu\/product\/stronglite-new-premier-draagbare-massagetafel\/#breadcrumb","itemListElement":[{"@type":"ListItem","position":1,"name":"Home","item":"https:\/\/touchproeurope.eu\/"},{"@type":"ListItem","position":2,"name":"Winkel","item":"https:\/\/touchproeurope.eu\/winkel\/"},{"@type":"ListItem","position":3,"name":"Stronglite New Premier Massagetafel"}]},{"@type":"WebSite","@id":"https:\/\/touchproeurope.eu\/#website","url":"https:\/\/touchproeurope.eu\/","name":"TouchPro Europe Shop","description":"Tout pour votre pratique avec une touche PROfessionnelle !","publisher":{"@id":"https:\/\/touchproeurope.eu\/#organization"},"alternateName":"TPE","potentialAction":[{"@type":"SearchAction","target":{"@type":"EntryPoint","urlTemplate":"https:\/\/touchproeurope.eu\/?s={search_term_string}"},"query-input":{"@type":"PropertyValueSpecification","valueRequired":true,"valueName":"search_term_string"}}],"inLanguage":"fr-FR"},{"@type":"Organization","@id":"https:\/\/touchproeurope.eu\/#organization","name":"TouchPro Europe BV","alternateName":"TPE","url":"https:\/\/touchproeurope.eu\/","logo":{"@type":"ImageObject","inLanguage":"fr-FR","@id":"https:\/\/touchproeurope.eu\/#\/schema\/logo\/image\/","url":"https:\/\/i0.wp.com\/touchproeurope.eu\/wp-content\/uploads\/2023\/10\/2b592c_b6944d80811246d987cc2c29accedf3f.png?fit=1417%2C531&ssl=1","contentUrl":"https:\/\/i0.wp.com\/touchproeurope.eu\/wp-content\/uploads\/2023\/10\/2b592c_b6944d80811246d987cc2c29accedf3f.png?fit=1417%2C531&ssl=1","width":1417,"height":531,"caption":"TouchPro Europe BV"},"image":{"@id":"https:\/\/touchproeurope.eu\/#\/schema\/logo\/image\/"},"sameAs":["https:\/\/www.facebook.com\/TouchproNederland\/?locale=nl_NL\/","https:\/\/www.instagram.com\/touchpro2016\/","https:\/\/www.linkedin.com\/company\/touchpro-europe-bv\/"],"description":"TouchPro Europe Shop est le magasin de massage de l'Europe. Nous vendons des produits de massage de qualit\u00e9 sup\u00e9rieure aux masseurs, p\u00e9dicures, physioth\u00e9rapeutes, manucures, centres de bien-\u00eatre, cours de formation, etc. TouchPro a commenc\u00e9 comme un petit magasin aux Pays-Bas, mais s'est maintenant d\u00e9velopp\u00e9 pour devenir un magasin avec des clients de toute l'Europe. Nous proposons une large gamme de produits de massage, notamment des tables de massage, des huiles, des cr\u00e8mes et des accessoires de grandes marques telles que Earthlite, Stronglite et InnerStrenght, Habys, Living Earth Crafts et Continuum, ainsi que d'autres fournisseurs d'accessoires de massage. Commandez ici les meilleurs produits de massage d'Europe !","email":"info@touchpro-europe.com","telephone":"0858768829","legalName":"TouchPro Europe BV","foundingDate":"2018-01-11","vatID":"NL855430151B01","numberOfEmployees":{"@type":"QuantitativeValue","minValue":"1","maxValue":"10"},"hasMerchantReturnPolicy":{"@type":"MerchantReturnPolicy","merchantReturnLink":"https:\/\/touchproeurope.eu\/fr\/retourbeleid\/"}}]},"product_brand":"Stronglite","og_availability":"instock","product_availability":"instock","product_retailer_item_id":"51550","product_condition":"new"},"_links":{"self":[{"href":"https:\/\/touchproeurope.eu\/fr\/wp-json\/wp\/v2\/product\/3212","targetHints":{"allow":["GET"]}}],"collection":[{"href":"https:\/\/touchproeurope.eu\/fr\/wp-json\/wp\/v2\/product"}],"about":[{"href":"https:\/\/touchproeurope.eu\/fr\/wp-json\/wp\/v2\/types\/product"}],"replies":[{"embeddable":true,"href":"https:\/\/touchproeurope.eu\/fr\/wp-json\/wp\/v2\/comments?post=3212"}],"version-history":[{"count":10,"href":"https:\/\/touchproeurope.eu\/fr\/wp-json\/wp\/v2\/product\/3212\/revisions"}],"predecessor-version":[{"id":13922,"href":"https:\/\/touchproeurope.eu\/fr\/wp-json\/wp\/v2\/product\/3212\/revisions\/13922"}],"wp:featuredmedia":[{"embeddable":true,"href":"https:\/\/touchproeurope.eu\/fr\/wp-json\/wp\/v2\/media\/3366"}],"wp:attachment":[{"href":"https:\/\/touchproeurope.eu\/fr\/wp-json\/wp\/v2\/media?parent=3212"}],"wp:term":[{"taxonomy":"product_brand","embeddable":true,"href":"https:\/\/touchproeurope.eu\/fr\/wp-json\/wp\/v2\/product_brand?post=3212"},{"taxonomy":"product_cat","embeddable":true,"href":"https:\/\/touchproeurope.eu\/fr\/wp-json\/wp\/v2\/product_cat?post=3212"},{"taxonomy":"product_tag","embeddable":true,"href":"https:\/\/touchproeurope.eu\/fr\/wp-json\/wp\/v2\/product_tag?post=3212"}],"curies":[{"name":"wp","href":"https:\/\/api.w.org\/{rel}","templated":true}]}}