{"id":3214,"date":"2023-11-09T16:08:32","date_gmt":"2023-11-09T16:08:32","guid":{"rendered":"https:\/\/touchproeurope.eu\/?post_type=product&#038;p=3214"},"modified":"2026-04-22T14:51:36","modified_gmt":"2026-04-22T14:51:36","slug":"table-de-massage-versalite-pro","status":"publish","type":"product","link":"https:\/\/touchproeurope.eu\/fr\/product\/versalite-pro-massagetafel\/","title":{"rendered":"Table de massage Versalite PRO"},"content":{"rendered":"<p><strong>La table de massage StrongLite Versalite Pro - <\/strong>d\u00e9couvrez la commodit\u00e9 de cette table de massage en aluminium, l\u00e9g\u00e8re et pliable ! La StrongLite Versalite Pro offre confort et qualit\u00e9 professionnelle. Cette table est donc le choix id\u00e9al pour votre propre pratique, ainsi que pour le masseur mobile.<\/p>\n<p>Avec des dimensions de 76 x 185 cm et une hauteur r\u00e9glable de 54 \u00e0 84 cm, cette table de massage offre un espace de travail id\u00e9al pour les diff\u00e9rentes techniques de massage. Le syst\u00e8me de mousse \u00e0 deux couches de 5,7 cm d'\u00e9paisseur garantit un confort durable, dont le masseur et le client peuvent profiter pleinement.<\/p>\n<p>Gr\u00e2ce au luxueux rev\u00eatement en vinyle 100% PU-Satin Touch, la table est non seulement confortable, mais aussi facile \u00e0 nettoyer et \u00e0 entretenir. Avec un poids de travail impressionnant de 226 kg, cette table est durable et robuste. Elle convient donc \u00e0 un large public.<\/p>\n<p>L'ensemble comprend la table de massage StrongLite Versalite Pro, un appui-t\u00eate r\u00e9glable incurv\u00e9 de luxe avec oreiller incurv\u00e9 et un sac de transport pratique avec compartiment de rangement suppl\u00e9mentaire. La table est disponible dans les couleurs \u00e9l\u00e9gantes Royal Blue, Bordeaux et Black.<\/p>","protected":false},"excerpt":{"rendered":"<p>Donn\u00e9es du produit<\/p>\n<p><strong>D<\/strong><strong>Table de massage StrongLite Versalite Pro<\/strong> - Cette table de massage de haute qualit\u00e9, dot\u00e9e d'un ch\u00e2ssis l\u00e9ger en aluminium et d'un design pliable, est le choix id\u00e9al pour vous. D\u00e9couvrez le confort et la qualit\u00e9 professionnelle de la StrongLite Versalite Pro. Gr\u00e2ce \u00e0 sa portabilit\u00e9 et \u00e0 sa fonction de pliage facile, cette table de massage est id\u00e9ale pour un usage professionnel ou domestique.<\/p>\n<p>Le paquet comprend<\/p>\n<ul>\n<li>la table de massage StrongLite Versalite Pro<\/li>\n<li>Appui-t\u00eate r\u00e9glable de luxe avec oreiller incurv\u00e9<\/li>\n<li>Mallette de transport assortie avec compartiment de rangement suppl\u00e9mentaire<\/li>\n<\/ul>\n<p>Caract\u00e9ristiques :<\/p>\n<ul>\n<li>Dimensions 76 x 185 cm<\/li>\n<li>Hauteur r\u00e9glable de 54 \u00e0 84 cm<\/li>\n<li>Poids : 14 kg<\/li>\n<li>Luxury 100% PU- Satin Touch rev\u00eatement vinyle<\/li>\n<li>Syst\u00e8me de mousse \u00e0 deux couches de 5,7 cm d'\u00e9paisseur pour un confort durable<\/li>\n<li>Jusqu'\u00e0 226 kg de poids de travail en charge.<\/li>\n<li>Feuille de calcul officielle : <a href=\"https:\/\/b2b.earthlite.eu\/media\/wysiwyg\/SalesSheets\/Versalite_Pro_Sales_Sheet_Rev_092220.pdf\">Versalite Pro<\/a><\/li>\n<li>Disponible en bleu royal, bordeaux et noir.<\/li>\n<\/ul>","protected":false},"featured_media":3213,"comment_status":"open","ping_status":"closed","template":"","meta":[],"product_brand":[396],"product_cat":[94,93],"product_tag":[39,21,80,81],"class_list":{"0":"post-3214","1":"product","2":"type-product","3":"status-publish","4":"has-post-thumbnail","6":"product_brand-stronglite","7":"product_cat-draagbare-massagetafels","8":"product_cat-massagetafels","9":"product_tag-massagetafel","10":"product_tag-stronglite","11":"product_tag-versalite-pro","12":"product_tag-verstelbaar-hoofdkussen","13":"product_shipping_class-groot-pakket","14":"pa_merk-stronglite","16":"first","17":"instock","18":"featured","19":"taxable","20":"shipping-taxable","21":"purchasable","22":"product-type-variable"},"yoast_head":"<!-- This site is optimized with the Yoast SEO Premium plugin v27.4 (Yoast SEO v27.4) - https:\/\/yoast.com\/product\/yoast-seo-premium-wordpress\/ -->\n<title>Versalite PRO Massagetafel - TouchPro Europe Shop<\/title>\n<meta name=\"description\" content=\"Ervaar de ultieme ontspanning met onze Versalite PRO Massagetafel! Hoog comfort en professionele kwaliteit gegarandeerd voor een perfecte massage-ervaring.\" \/>\n<meta name=\"robots\" content=\"index, follow, max-snippet:-1, max-image-preview:large, max-video-preview:-1\" \/>\n<link rel=\"canonical\" href=\"https:\/\/touchproeurope.eu\/fr\/product\/table-de-massage-versalite-pro\/\" \/>\n<meta property=\"og:locale\" content=\"fr_FR\" \/>\n<meta property=\"og:type\" content=\"article\" \/>\n<meta property=\"og:title\" content=\"Versalite PRO Massagetafel\" \/>\n<meta property=\"og:description\" content=\"Ervaar de ultieme ontspanning met onze Versalite PRO Massagetafel! Hoog comfort en professionele kwaliteit gegarandeerd voor een perfecte massage-ervaring.\" \/>\n<meta property=\"og:url\" content=\"https:\/\/touchproeurope.eu\/fr\/product\/table-de-massage-versalite-pro\/\" \/>\n<meta property=\"og:site_name\" content=\"TouchPro Europe Shop\" \/>\n<meta property=\"article:publisher\" content=\"https:\/\/www.facebook.com\/TouchproNederland\/?locale=nl_NL%2f\" \/>\n<meta property=\"article:modified_time\" content=\"2026-04-22T14:51:36+00:00\" \/>\n<meta property=\"og:image\" content=\"https:\/\/touchproeurope.eu\/wp-content\/uploads\/2023\/11\/831093078.jpg\" \/>\n\t<meta property=\"og:image:width\" content=\"360\" \/>\n\t<meta property=\"og:image:height\" content=\"360\" \/>\n\t<meta property=\"og:image:type\" content=\"image\/jpeg\" \/>\n<meta name=\"twitter:card\" content=\"summary_large_image\" \/>\n<meta name=\"twitter:label1\" content=\"Disponibilit\u00e9\" \/>\n\t<meta name=\"twitter:data1\" content=\"En stock\" \/>\n<script type=\"application\/ld+json\" class=\"yoast-schema-graph\">{\"@context\":\"https:\\\/\\\/schema.org\",\"@graph\":[{\"@type\":\"WebPage\",\"@id\":\"https:\\\/\\\/touchproeurope.eu\\\/product\\\/versalite-pro-massagetafel\\\/\",\"url\":\"https:\\\/\\\/touchproeurope.eu\\\/product\\\/versalite-pro-massagetafel\\\/\",\"name\":\"Versalite PRO Massagetafel - TouchPro Europe Shop\",\"isPartOf\":{\"@id\":\"https:\\\/\\\/touchproeurope.eu\\\/#website\"},\"primaryImageOfPage\":{\"@id\":\"https:\\\/\\\/touchproeurope.eu\\\/product\\\/versalite-pro-massagetafel\\\/#primaryimage\"},\"image\":{\"@id\":\"https:\\\/\\\/touchproeurope.eu\\\/product\\\/versalite-pro-massagetafel\\\/#primaryimage\"},\"thumbnailUrl\":\"https:\\\/\\\/i0.wp.com\\\/touchproeurope.eu\\\/wp-content\\\/uploads\\\/2023\\\/11\\\/831093078.jpg?fit=360%2C360&ssl=1\",\"datePublished\":\"2023-11-09T16:08:32+00:00\",\"dateModified\":\"2026-04-22T14:51:36+00:00\",\"description\":\"Ervaar de ultieme ontspanning met onze Versalite PRO Massagetafel! Hoog comfort en professionele kwaliteit gegarandeerd voor een perfecte massage-ervaring.\",\"breadcrumb\":{\"@id\":\"https:\\\/\\\/touchproeurope.eu\\\/product\\\/versalite-pro-massagetafel\\\/#breadcrumb\"},\"inLanguage\":\"fr-FR\",\"potentialAction\":[{\"@type\":\"ReadAction\",\"target\":[\"https:\\\/\\\/touchproeurope.eu\\\/product\\\/versalite-pro-massagetafel\\\/\"]}]},{\"@type\":\"ImageObject\",\"inLanguage\":\"fr-FR\",\"@id\":\"https:\\\/\\\/touchproeurope.eu\\\/product\\\/versalite-pro-massagetafel\\\/#primaryimage\",\"url\":\"https:\\\/\\\/i0.wp.com\\\/touchproeurope.eu\\\/wp-content\\\/uploads\\\/2023\\\/11\\\/831093078.jpg?fit=360%2C360&ssl=1\",\"contentUrl\":\"https:\\\/\\\/i0.wp.com\\\/touchproeurope.eu\\\/wp-content\\\/uploads\\\/2023\\\/11\\\/831093078.jpg?fit=360%2C360&ssl=1\",\"width\":360,\"height\":360,\"caption\":\"Versalite PRO Massagetafel\"},{\"@type\":\"BreadcrumbList\",\"@id\":\"https:\\\/\\\/touchproeurope.eu\\\/product\\\/versalite-pro-massagetafel\\\/#breadcrumb\",\"itemListElement\":[{\"@type\":\"ListItem\",\"position\":1,\"name\":\"Home\",\"item\":\"https:\\\/\\\/touchproeurope.eu\\\/\"},{\"@type\":\"ListItem\",\"position\":2,\"name\":\"Winkel\",\"item\":\"https:\\\/\\\/touchproeurope.eu\\\/winkel\\\/\"},{\"@type\":\"ListItem\",\"position\":3,\"name\":\"Versalite PRO Massagetafel\"}]},{\"@type\":\"WebSite\",\"@id\":\"https:\\\/\\\/touchproeurope.eu\\\/#website\",\"url\":\"https:\\\/\\\/touchproeurope.eu\\\/\",\"name\":\"TouchPro Europe Shop\",\"description\":\"Alles voor jouw praktijk met een PROfessionele Touch!\",\"publisher\":{\"@id\":\"https:\\\/\\\/touchproeurope.eu\\\/#organization\"},\"alternateName\":\"TPE\",\"potentialAction\":[{\"@type\":\"SearchAction\",\"target\":{\"@type\":\"EntryPoint\",\"urlTemplate\":\"https:\\\/\\\/touchproeurope.eu\\\/?s={search_term_string}\"},\"query-input\":{\"@type\":\"PropertyValueSpecification\",\"valueRequired\":true,\"valueName\":\"search_term_string\"}}],\"inLanguage\":\"fr-FR\"},{\"@type\":\"Organization\",\"@id\":\"https:\\\/\\\/touchproeurope.eu\\\/#organization\",\"name\":\"TouchPro Europe BV\",\"alternateName\":\"TPE\",\"url\":\"https:\\\/\\\/touchproeurope.eu\\\/\",\"logo\":{\"@type\":\"ImageObject\",\"inLanguage\":\"fr-FR\",\"@id\":\"https:\\\/\\\/touchproeurope.eu\\\/#\\\/schema\\\/logo\\\/image\\\/\",\"url\":\"https:\\\/\\\/i0.wp.com\\\/touchproeurope.eu\\\/wp-content\\\/uploads\\\/2023\\\/10\\\/2b592c_b6944d80811246d987cc2c29accedf3f.png?fit=1417%2C531&ssl=1\",\"contentUrl\":\"https:\\\/\\\/i0.wp.com\\\/touchproeurope.eu\\\/wp-content\\\/uploads\\\/2023\\\/10\\\/2b592c_b6944d80811246d987cc2c29accedf3f.png?fit=1417%2C531&ssl=1\",\"width\":1417,\"height\":531,\"caption\":\"TouchPro Europe BV\"},\"image\":{\"@id\":\"https:\\\/\\\/touchproeurope.eu\\\/#\\\/schema\\\/logo\\\/image\\\/\"},\"sameAs\":[\"https:\\\/\\\/www.facebook.com\\\/TouchproNederland\\\/?locale=nl_NL\\\/\",\"https:\\\/\\\/www.instagram.com\\\/touchpro2016\\\/\",\"https:\\\/\\\/www.linkedin.com\\\/company\\\/touchpro-europe-bv\\\/\"],\"description\":\"TouchPro Europe Shop is de massage winkel van Europa. Wij verkopen topkwaliteit massageproducten aan masseurs, pedicures, fysiotherapeuten, manicuren, Wellness centra, opleidingen, etc. TouchPro begon als een kleine webshop in Nederland, maar is nu uitgegroeid tot een webshop met klanten uit heel Europa. Wij bieden een breed assortiment aan massageproducten, waaronder massagetafels, oli\u00ebn, cr\u00e8mes, en accessoires van topmerken, zoals Earthlite, Stronglite en InnerStrenght, Habys, Living Earth Crafts en Continuum en andere leveranciers van massage accessoires. Bestel hier de beste massagematerialen van Europa!\",\"email\":\"info@touchpro-europe.com\",\"telephone\":\"0858768829\",\"legalName\":\"TouchPro Europe BV\",\"foundingDate\":\"2018-01-11\",\"vatID\":\"NL855430151B01\",\"numberOfEmployees\":{\"@type\":\"QuantitativeValue\",\"minValue\":\"1\",\"maxValue\":\"10\"},\"hasMerchantReturnPolicy\":{\"@type\":\"MerchantReturnPolicy\",\"merchantReturnLink\":\"https:\\\/\\\/touchproeurope.eu\\\/fr\\\/retourbeleid\\\/\"}}]}<\/script>\n<meta property=\"product:brand\" content=\"Stronglite\" \/>\n<meta property=\"og:availability\" content=\"instock\" \/>\n<meta property=\"product:availability\" content=\"instock\" \/>\n<meta property=\"product:retailer_item_id\" content=\"51875\" \/>\n<meta property=\"product:condition\" content=\"new\" \/>\n<!-- \/ Yoast SEO Premium plugin. -->","yoast_head_json":{"title":"Table de massage Versalite PRO - TouchPro Europe Shop","description":"Faites l'exp\u00e9rience de la relaxation ultime avec notre table de massage Versalite PRO ! Grand confort et qualit\u00e9 professionnelle garantis pour une exp\u00e9rience de massage parfaite.","robots":{"index":"index","follow":"follow","max-snippet":"max-snippet:-1","max-image-preview":"max-image-preview:large","max-video-preview":"max-video-preview:-1"},"canonical":"https:\/\/touchproeurope.eu\/fr\/product\/table-de-massage-versalite-pro\/","og_locale":"fr_FR","og_type":"article","og_title":"Versalite PRO Massagetafel","og_description":"Ervaar de ultieme ontspanning met onze Versalite PRO Massagetafel! Hoog comfort en professionele kwaliteit gegarandeerd voor een perfecte massage-ervaring.","og_url":"https:\/\/touchproeurope.eu\/fr\/product\/table-de-massage-versalite-pro\/","og_site_name":"TouchPro Europe Shop","article_publisher":"https:\/\/www.facebook.com\/TouchproNederland\/?locale=nl_NL%2f","article_modified_time":"2026-04-22T14:51:36+00:00","og_image":[{"width":360,"height":360,"url":"https:\/\/touchproeurope.eu\/wp-content\/uploads\/2023\/11\/831093078.jpg","type":"image\/jpeg"}],"twitter_card":"summary_large_image","twitter_misc":{"Disponibilit\u00e9":"En stock"},"schema":{"@context":"https:\/\/schema.org","@graph":[{"@type":"WebPage","@id":"https:\/\/touchproeurope.eu\/product\/versalite-pro-massagetafel\/","url":"https:\/\/touchproeurope.eu\/product\/versalite-pro-massagetafel\/","name":"Table de massage Versalite PRO - TouchPro Europe Shop","isPartOf":{"@id":"https:\/\/touchproeurope.eu\/#website"},"primaryImageOfPage":{"@id":"https:\/\/touchproeurope.eu\/product\/versalite-pro-massagetafel\/#primaryimage"},"image":{"@id":"https:\/\/touchproeurope.eu\/product\/versalite-pro-massagetafel\/#primaryimage"},"thumbnailUrl":"https:\/\/i0.wp.com\/touchproeurope.eu\/wp-content\/uploads\/2023\/11\/831093078.jpg?fit=360%2C360&ssl=1","datePublished":"2023-11-09T16:08:32+00:00","dateModified":"2026-04-22T14:51:36+00:00","description":"Faites l'exp\u00e9rience de la relaxation ultime avec notre table de massage Versalite PRO ! Grand confort et qualit\u00e9 professionnelle garantis pour une exp\u00e9rience de massage parfaite.","breadcrumb":{"@id":"https:\/\/touchproeurope.eu\/product\/versalite-pro-massagetafel\/#breadcrumb"},"inLanguage":"fr-FR","potentialAction":[{"@type":"ReadAction","target":["https:\/\/touchproeurope.eu\/product\/versalite-pro-massagetafel\/"]}]},{"@type":"ImageObject","inLanguage":"fr-FR","@id":"https:\/\/touchproeurope.eu\/product\/versalite-pro-massagetafel\/#primaryimage","url":"https:\/\/i0.wp.com\/touchproeurope.eu\/wp-content\/uploads\/2023\/11\/831093078.jpg?fit=360%2C360&ssl=1","contentUrl":"https:\/\/i0.wp.com\/touchproeurope.eu\/wp-content\/uploads\/2023\/11\/831093078.jpg?fit=360%2C360&ssl=1","width":360,"height":360,"caption":"Versalite PRO Massagetafel"},{"@type":"BreadcrumbList","@id":"https:\/\/touchproeurope.eu\/product\/versalite-pro-massagetafel\/#breadcrumb","itemListElement":[{"@type":"ListItem","position":1,"name":"Home","item":"https:\/\/touchproeurope.eu\/"},{"@type":"ListItem","position":2,"name":"Winkel","item":"https:\/\/touchproeurope.eu\/winkel\/"},{"@type":"ListItem","position":3,"name":"Versalite PRO Massagetafel"}]},{"@type":"WebSite","@id":"https:\/\/touchproeurope.eu\/#website","url":"https:\/\/touchproeurope.eu\/","name":"TouchPro Europe Shop","description":"Tout pour votre pratique avec une touche PROfessionnelle !","publisher":{"@id":"https:\/\/touchproeurope.eu\/#organization"},"alternateName":"TPE","potentialAction":[{"@type":"SearchAction","target":{"@type":"EntryPoint","urlTemplate":"https:\/\/touchproeurope.eu\/?s={search_term_string}"},"query-input":{"@type":"PropertyValueSpecification","valueRequired":true,"valueName":"search_term_string"}}],"inLanguage":"fr-FR"},{"@type":"Organization","@id":"https:\/\/touchproeurope.eu\/#organization","name":"TouchPro Europe BV","alternateName":"TPE","url":"https:\/\/touchproeurope.eu\/","logo":{"@type":"ImageObject","inLanguage":"fr-FR","@id":"https:\/\/touchproeurope.eu\/#\/schema\/logo\/image\/","url":"https:\/\/i0.wp.com\/touchproeurope.eu\/wp-content\/uploads\/2023\/10\/2b592c_b6944d80811246d987cc2c29accedf3f.png?fit=1417%2C531&ssl=1","contentUrl":"https:\/\/i0.wp.com\/touchproeurope.eu\/wp-content\/uploads\/2023\/10\/2b592c_b6944d80811246d987cc2c29accedf3f.png?fit=1417%2C531&ssl=1","width":1417,"height":531,"caption":"TouchPro Europe BV"},"image":{"@id":"https:\/\/touchproeurope.eu\/#\/schema\/logo\/image\/"},"sameAs":["https:\/\/www.facebook.com\/TouchproNederland\/?locale=nl_NL\/","https:\/\/www.instagram.com\/touchpro2016\/","https:\/\/www.linkedin.com\/company\/touchpro-europe-bv\/"],"description":"TouchPro Europe Shop est le magasin de massage de l'Europe. Nous vendons des produits de massage de qualit\u00e9 sup\u00e9rieure aux masseurs, p\u00e9dicures, physioth\u00e9rapeutes, manucures, centres de bien-\u00eatre, cours de formation, etc. TouchPro a commenc\u00e9 comme un petit magasin aux Pays-Bas, mais s'est maintenant d\u00e9velopp\u00e9 pour devenir un magasin avec des clients de toute l'Europe. Nous proposons une large gamme de produits de massage, notamment des tables de massage, des huiles, des cr\u00e8mes et des accessoires de grandes marques telles que Earthlite, Stronglite et InnerStrenght, Habys, Living Earth Crafts et Continuum, ainsi que d'autres fournisseurs d'accessoires de massage. Commandez ici les meilleurs produits de massage d'Europe !","email":"info@touchpro-europe.com","telephone":"0858768829","legalName":"TouchPro Europe BV","foundingDate":"2018-01-11","vatID":"NL855430151B01","numberOfEmployees":{"@type":"QuantitativeValue","minValue":"1","maxValue":"10"},"hasMerchantReturnPolicy":{"@type":"MerchantReturnPolicy","merchantReturnLink":"https:\/\/touchproeurope.eu\/fr\/retourbeleid\/"}}]},"product_brand":"Stronglite","og_availability":"instock","product_availability":"instock","product_retailer_item_id":"51875","product_condition":"new"},"_links":{"self":[{"href":"https:\/\/touchproeurope.eu\/fr\/wp-json\/wp\/v2\/product\/3214","targetHints":{"allow":["GET"]}}],"collection":[{"href":"https:\/\/touchproeurope.eu\/fr\/wp-json\/wp\/v2\/product"}],"about":[{"href":"https:\/\/touchproeurope.eu\/fr\/wp-json\/wp\/v2\/types\/product"}],"replies":[{"embeddable":true,"href":"https:\/\/touchproeurope.eu\/fr\/wp-json\/wp\/v2\/comments?post=3214"}],"version-history":[{"count":10,"href":"https:\/\/touchproeurope.eu\/fr\/wp-json\/wp\/v2\/product\/3214\/revisions"}],"predecessor-version":[{"id":4952,"href":"https:\/\/touchproeurope.eu\/fr\/wp-json\/wp\/v2\/product\/3214\/revisions\/4952"}],"wp:featuredmedia":[{"embeddable":true,"href":"https:\/\/touchproeurope.eu\/fr\/wp-json\/wp\/v2\/media\/3213"}],"wp:attachment":[{"href":"https:\/\/touchproeurope.eu\/fr\/wp-json\/wp\/v2\/media?parent=3214"}],"wp:term":[{"taxonomy":"product_brand","embeddable":true,"href":"https:\/\/touchproeurope.eu\/fr\/wp-json\/wp\/v2\/product_brand?post=3214"},{"taxonomy":"product_cat","embeddable":true,"href":"https:\/\/touchproeurope.eu\/fr\/wp-json\/wp\/v2\/product_cat?post=3214"},{"taxonomy":"product_tag","embeddable":true,"href":"https:\/\/touchproeurope.eu\/fr\/wp-json\/wp\/v2\/product_tag?post=3214"}],"curies":[{"name":"wp","href":"https:\/\/api.w.org\/{rel}","templated":true}]}}