{"id":3531,"date":"2023-11-13T15:08:47","date_gmt":"2023-11-13T15:08:47","guid":{"rendered":"https:\/\/touchproeurope.eu\/?post_type=product&#038;p=3531"},"modified":"2026-04-22T09:33:07","modified_gmt":"2026-04-22T09:33:07","slug":"sac-a-dos-pour-fauteuils-de-massage-portables","status":"publish","type":"product","link":"https:\/\/touchproeurope.eu\/fr\/product\/rugzak-voor-draagbare-massagestoelen\/","title":{"rendered":"Sac \u00e0 dos pour fauteuils de massage portables"},"content":{"rendered":"<p>Optez d\u00e8s aujourd'hui pour un confort optimal avec ce sac \u00e0 dos pour fauteuil de massage portable, sp\u00e9cialement con\u00e7u par TouchPro Europe pour le masseur sur chaise mobile ! Outre son design contemporain, ce sac \u00e0 dos offre \u00e9galement une praticit\u00e9 in\u00e9gal\u00e9e. Gr\u00e2ce \u00e0 sa conception intelligente et \u00e0 son agencement spacieux, vous serez toujours organis\u00e9 et pr\u00eat \u00e0 prodiguer vos massages professionnels.<\/p>\n<p>Gr\u00e2ce \u00e0 ce sac \u00e0 dos polyvalent et robuste, votre fauteuil de massage est bien prot\u00e9g\u00e9, vous pouvez facilement transporter tous les accessoires n\u00e9cessaires et vous pouvez d\u00e9sormais vous d\u00e9placer facilement d'un endroit \u00e0 l'autre en m\u00e9nageant votre propre corps. Comme le sac \u00e0 dos est muni de bandes r\u00e9fl\u00e9chissantes, vous \u00eates en s\u00e9curit\u00e9 dans la circulation - \u00e0 pied, \u00e0 v\u00e9lo ou dans les transports publics.  Et si vous pr\u00e9f\u00e9rez tirer votre fauteuil de massage derri\u00e8re vous, nous avons \u00e9galement une version avec un fond ouvert. Les roues du Stronglite ErgoPro2, par exemple, peuvent y passer.<\/p>\n<p><strong>Les autres caract\u00e9ristiques du sac \u00e0 dos sont les suivantes :<\/strong><\/p>\n<ul>\n<li>poign\u00e9es solides et r\u00e9glables ;<\/li>\n<li>un compartiment de rangement spacieux pour les accessoires ;<\/li>\n<li>des poign\u00e9es solides sur plusieurs c\u00f4t\u00e9s du sac \u00e0 dos, ce qui permet de le porter facilement, m\u00eame d'une seule main ;<\/li>\n<li>une boucle suppl\u00e9mentaire en bas pour fixer les poign\u00e9es du sac \u00e0 dos. Cela \u00e9vite qu'elles ne tra\u00eenent sur le sol lorsque vous tirez le sac derri\u00e8re vous.<\/li>\n<li>une variante \u00e0 fond ouvert pour, entre autres, la <a href=\"https:\/\/touchproeurope.eu\/fr\/product\/stronglite-ergopro-2\/\">Stronglite ErgoPro2<\/a> avec des roues ;<\/li>\n<li>une version avec une base ferm\u00e9e, qui convient \u00e0 pratiquement tous les fauteuils de massage. Les fauteuils de massage Stronglite en font partie, <a href=\"https:\/\/touchproeurope.eu\/fr\/product\/fauteuil-de-massage-earthlite-vortex\/\">Earthlite<\/a>, <a href=\"https:\/\/touchproeurope.eu\/fr\/product\/inner-strength-e-lite-massagestoel\/\">Force int\u00e9rieure<\/a> et l'ErgoPro en bois.<\/li>\n<\/ul>\n<p>Commandez d\u00e8s maintenant et d\u00e9couvrez la commodit\u00e9 de ce sac \u00e0 dos pour fauteuil de massage, un accessoire essentiel pour tout masseur sur chaise mobile !<\/p>","protected":false},"excerpt":{"rendered":"<p>Passez au confort ultime d\u00e8s aujourd'hui gr\u00e2ce \u00e0 notre sac \u00e0 dos sp\u00e9cialement con\u00e7u pour les masseurs en fauteuil mobile. Notre nouveau sac \u00e0 dos allie un design moderne \u00e0 une commodit\u00e9 pratique. Cliquez ici pour commander votre sac \u00e0 dos et \u00eatre \u00e9l\u00e9gant en d\u00e9placement. Avec ce sac \u00e0 dos, vous pouvez facilement emporter tout votre \u00e9quipement de massage chez vos clients.<\/p>\n<p>Le sac \u00e0 dos original du fauteuil de massage porte le logo TouchPro Europe.<\/p>","protected":false},"featured_media":4887,"comment_status":"open","ping_status":"closed","template":"","meta":[],"product_brand":[],"product_cat":[102],"product_tag":[61,92,91],"class_list":{"0":"post-3531","1":"product","2":"type-product","3":"status-publish","4":"has-post-thumbnail","6":"product_cat-draagtassen-en-kussens","7":"product_tag-draagtas","8":"product_tag-rugzak","9":"product_tag-touchpro-europe","10":"product_shipping_class-middel-pakket","12":"first","13":"instock","14":"taxable","15":"shipping-taxable","16":"purchasable","17":"product-type-variable"},"yoast_head":"<!-- This site is optimized with the Yoast SEO Premium plugin v27.4 (Yoast SEO v27.4) - https:\/\/yoast.com\/product\/yoast-seo-premium-wordpress\/ -->\n<title>Rugzak voor draagbare massagestoelen - TouchPro Europe Shop<\/title>\n<meta name=\"description\" content=\"TouchPro Europe Shop - Rugzak voor draagbare massagestoelen. Ontdek ultiem comfort met deze rugzak voor draagbare massagestoelen.\" \/>\n<meta name=\"robots\" content=\"index, follow, max-snippet:-1, max-image-preview:large, max-video-preview:-1\" \/>\n<link rel=\"canonical\" href=\"https:\/\/touchproeurope.eu\/fr\/product\/sac-a-dos-pour-fauteuils-de-massage-portables\/\" \/>\n<meta property=\"og:locale\" content=\"fr_FR\" \/>\n<meta property=\"og:type\" content=\"article\" \/>\n<meta property=\"og:title\" content=\"Rugzak voor draagbare massagestoelen\" \/>\n<meta property=\"og:description\" content=\"TouchPro Europe Shop - Rugzak voor draagbare massagestoelen. Ontdek ultiem comfort met deze rugzak voor draagbare massagestoelen.\" \/>\n<meta property=\"og:url\" content=\"https:\/\/touchproeurope.eu\/fr\/product\/sac-a-dos-pour-fauteuils-de-massage-portables\/\" \/>\n<meta property=\"og:site_name\" content=\"TouchPro Europe Shop\" \/>\n<meta property=\"article:publisher\" content=\"https:\/\/www.facebook.com\/TouchproNederland\/?locale=nl_NL%2f\" \/>\n<meta property=\"article:modified_time\" content=\"2026-04-22T09:33:07+00:00\" \/>\n<meta property=\"og:image\" content=\"https:\/\/touchproeurope.eu\/wp-content\/uploads\/2023\/11\/Producten-fotos-5.jpg\" \/>\n\t<meta property=\"og:image:width\" content=\"800\" \/>\n\t<meta property=\"og:image:height\" content=\"800\" \/>\n\t<meta property=\"og:image:type\" content=\"image\/jpeg\" \/>\n<meta name=\"twitter:card\" content=\"summary_large_image\" \/>\n<meta name=\"twitter:label1\" content=\"Disponibilit\u00e9\" \/>\n\t<meta name=\"twitter:data1\" content=\"En stock\" \/>\n<script type=\"application\/ld+json\" class=\"yoast-schema-graph\">{\"@context\":\"https:\\\/\\\/schema.org\",\"@graph\":[{\"@type\":\"WebPage\",\"@id\":\"https:\\\/\\\/touchproeurope.eu\\\/product\\\/rugzak-voor-draagbare-massagestoelen\\\/\",\"url\":\"https:\\\/\\\/touchproeurope.eu\\\/product\\\/rugzak-voor-draagbare-massagestoelen\\\/\",\"name\":\"Rugzak voor draagbare massagestoelen - TouchPro Europe Shop\",\"isPartOf\":{\"@id\":\"https:\\\/\\\/touchproeurope.eu\\\/#website\"},\"primaryImageOfPage\":{\"@id\":\"https:\\\/\\\/touchproeurope.eu\\\/product\\\/rugzak-voor-draagbare-massagestoelen\\\/#primaryimage\"},\"image\":{\"@id\":\"https:\\\/\\\/touchproeurope.eu\\\/product\\\/rugzak-voor-draagbare-massagestoelen\\\/#primaryimage\"},\"thumbnailUrl\":\"https:\\\/\\\/i0.wp.com\\\/touchproeurope.eu\\\/wp-content\\\/uploads\\\/2023\\\/11\\\/Producten-fotos-5.jpg?fit=800%2C800&ssl=1\",\"datePublished\":\"2023-11-13T15:08:47+00:00\",\"dateModified\":\"2026-04-22T09:33:07+00:00\",\"description\":\"TouchPro Europe Shop - Rugzak voor draagbare massagestoelen. Ontdek ultiem comfort met deze rugzak voor draagbare massagestoelen.\",\"breadcrumb\":{\"@id\":\"https:\\\/\\\/touchproeurope.eu\\\/product\\\/rugzak-voor-draagbare-massagestoelen\\\/#breadcrumb\"},\"inLanguage\":\"fr-FR\",\"potentialAction\":[{\"@type\":\"ReadAction\",\"target\":[\"https:\\\/\\\/touchproeurope.eu\\\/product\\\/rugzak-voor-draagbare-massagestoelen\\\/\"]}]},{\"@type\":\"ImageObject\",\"inLanguage\":\"fr-FR\",\"@id\":\"https:\\\/\\\/touchproeurope.eu\\\/product\\\/rugzak-voor-draagbare-massagestoelen\\\/#primaryimage\",\"url\":\"https:\\\/\\\/i0.wp.com\\\/touchproeurope.eu\\\/wp-content\\\/uploads\\\/2023\\\/11\\\/Producten-fotos-5.jpg?fit=800%2C800&ssl=1\",\"contentUrl\":\"https:\\\/\\\/i0.wp.com\\\/touchproeurope.eu\\\/wp-content\\\/uploads\\\/2023\\\/11\\\/Producten-fotos-5.jpg?fit=800%2C800&ssl=1\",\"width\":800,\"height\":800,\"caption\":\"TouchPro Europe rugzak voorkant\"},{\"@type\":\"BreadcrumbList\",\"@id\":\"https:\\\/\\\/touchproeurope.eu\\\/product\\\/rugzak-voor-draagbare-massagestoelen\\\/#breadcrumb\",\"itemListElement\":[{\"@type\":\"ListItem\",\"position\":1,\"name\":\"Home\",\"item\":\"https:\\\/\\\/touchproeurope.eu\\\/\"},{\"@type\":\"ListItem\",\"position\":2,\"name\":\"Winkel\",\"item\":\"https:\\\/\\\/touchproeurope.eu\\\/winkel\\\/\"},{\"@type\":\"ListItem\",\"position\":3,\"name\":\"Rugzak voor draagbare massagestoelen\"}]},{\"@type\":\"WebSite\",\"@id\":\"https:\\\/\\\/touchproeurope.eu\\\/#website\",\"url\":\"https:\\\/\\\/touchproeurope.eu\\\/\",\"name\":\"TouchPro Europe Shop\",\"description\":\"Alles voor jouw praktijk met een PROfessionele Touch!\",\"publisher\":{\"@id\":\"https:\\\/\\\/touchproeurope.eu\\\/#organization\"},\"alternateName\":\"TPE\",\"potentialAction\":[{\"@type\":\"SearchAction\",\"target\":{\"@type\":\"EntryPoint\",\"urlTemplate\":\"https:\\\/\\\/touchproeurope.eu\\\/?s={search_term_string}\"},\"query-input\":{\"@type\":\"PropertyValueSpecification\",\"valueRequired\":true,\"valueName\":\"search_term_string\"}}],\"inLanguage\":\"fr-FR\"},{\"@type\":\"Organization\",\"@id\":\"https:\\\/\\\/touchproeurope.eu\\\/#organization\",\"name\":\"TouchPro Europe BV\",\"alternateName\":\"TPE\",\"url\":\"https:\\\/\\\/touchproeurope.eu\\\/\",\"logo\":{\"@type\":\"ImageObject\",\"inLanguage\":\"fr-FR\",\"@id\":\"https:\\\/\\\/touchproeurope.eu\\\/#\\\/schema\\\/logo\\\/image\\\/\",\"url\":\"https:\\\/\\\/i0.wp.com\\\/touchproeurope.eu\\\/wp-content\\\/uploads\\\/2023\\\/10\\\/2b592c_b6944d80811246d987cc2c29accedf3f.png?fit=1417%2C531&ssl=1\",\"contentUrl\":\"https:\\\/\\\/i0.wp.com\\\/touchproeurope.eu\\\/wp-content\\\/uploads\\\/2023\\\/10\\\/2b592c_b6944d80811246d987cc2c29accedf3f.png?fit=1417%2C531&ssl=1\",\"width\":1417,\"height\":531,\"caption\":\"TouchPro Europe BV\"},\"image\":{\"@id\":\"https:\\\/\\\/touchproeurope.eu\\\/#\\\/schema\\\/logo\\\/image\\\/\"},\"sameAs\":[\"https:\\\/\\\/www.facebook.com\\\/TouchproNederland\\\/?locale=nl_NL\\\/\",\"https:\\\/\\\/www.instagram.com\\\/touchpro2016\\\/\",\"https:\\\/\\\/www.linkedin.com\\\/company\\\/touchpro-europe-bv\\\/\"],\"description\":\"TouchPro Europe Shop is de massage winkel van Europa. Wij verkopen topkwaliteit massageproducten aan masseurs, pedicures, fysiotherapeuten, manicuren, Wellness centra, opleidingen, etc. TouchPro begon als een kleine webshop in Nederland, maar is nu uitgegroeid tot een webshop met klanten uit heel Europa. Wij bieden een breed assortiment aan massageproducten, waaronder massagetafels, oli\u00ebn, cr\u00e8mes, en accessoires van topmerken, zoals Earthlite, Stronglite en InnerStrenght, Habys, Living Earth Crafts en Continuum en andere leveranciers van massage accessoires. Bestel hier de beste massagematerialen van Europa!\",\"email\":\"info@touchpro-europe.com\",\"telephone\":\"0858768829\",\"legalName\":\"TouchPro Europe BV\",\"foundingDate\":\"2018-01-11\",\"vatID\":\"NL855430151B01\",\"numberOfEmployees\":{\"@type\":\"QuantitativeValue\",\"minValue\":\"1\",\"maxValue\":\"10\"},\"hasMerchantReturnPolicy\":{\"@type\":\"MerchantReturnPolicy\",\"merchantReturnLink\":\"https:\\\/\\\/touchproeurope.eu\\\/fr\\\/retourbeleid\\\/\"}}]}<\/script>\n<meta property=\"og:availability\" content=\"instock\" \/>\n<meta property=\"product:availability\" content=\"instock\" \/>\n<meta property=\"product:retailer_item_id\" content=\"Rugzak voor draagbare massagestoelen\" \/>\n<meta property=\"product:condition\" content=\"new\" \/>\n<!-- \/ Yoast SEO Premium plugin. -->","yoast_head_json":{"title":"Sac \u00e0 dos pour fauteuils de massage portables - TouchPro Europe Shop","description":"TouchPro Europe Shop - Sac \u00e0 dos pour fauteuils de massage portables. D\u00e9couvrez le confort ultime avec ce sac \u00e0 dos pour fauteuils de massage portables.","robots":{"index":"index","follow":"follow","max-snippet":"max-snippet:-1","max-image-preview":"max-image-preview:large","max-video-preview":"max-video-preview:-1"},"canonical":"https:\/\/touchproeurope.eu\/fr\/product\/sac-a-dos-pour-fauteuils-de-massage-portables\/","og_locale":"fr_FR","og_type":"article","og_title":"Rugzak voor draagbare massagestoelen","og_description":"TouchPro Europe Shop - Rugzak voor draagbare massagestoelen. Ontdek ultiem comfort met deze rugzak voor draagbare massagestoelen.","og_url":"https:\/\/touchproeurope.eu\/fr\/product\/sac-a-dos-pour-fauteuils-de-massage-portables\/","og_site_name":"TouchPro Europe Shop","article_publisher":"https:\/\/www.facebook.com\/TouchproNederland\/?locale=nl_NL%2f","article_modified_time":"2026-04-22T09:33:07+00:00","og_image":[{"width":800,"height":800,"url":"https:\/\/touchproeurope.eu\/wp-content\/uploads\/2023\/11\/Producten-fotos-5.jpg","type":"image\/jpeg"}],"twitter_card":"summary_large_image","twitter_misc":{"Disponibilit\u00e9":"En stock"},"schema":{"@context":"https:\/\/schema.org","@graph":[{"@type":"WebPage","@id":"https:\/\/touchproeurope.eu\/product\/rugzak-voor-draagbare-massagestoelen\/","url":"https:\/\/touchproeurope.eu\/product\/rugzak-voor-draagbare-massagestoelen\/","name":"Sac \u00e0 dos pour fauteuils de massage portables - TouchPro Europe Shop","isPartOf":{"@id":"https:\/\/touchproeurope.eu\/#website"},"primaryImageOfPage":{"@id":"https:\/\/touchproeurope.eu\/product\/rugzak-voor-draagbare-massagestoelen\/#primaryimage"},"image":{"@id":"https:\/\/touchproeurope.eu\/product\/rugzak-voor-draagbare-massagestoelen\/#primaryimage"},"thumbnailUrl":"https:\/\/i0.wp.com\/touchproeurope.eu\/wp-content\/uploads\/2023\/11\/Producten-fotos-5.jpg?fit=800%2C800&ssl=1","datePublished":"2023-11-13T15:08:47+00:00","dateModified":"2026-04-22T09:33:07+00:00","description":"TouchPro Europe Shop - Sac \u00e0 dos pour fauteuils de massage portables. D\u00e9couvrez le confort ultime avec ce sac \u00e0 dos pour fauteuils de massage portables.","breadcrumb":{"@id":"https:\/\/touchproeurope.eu\/product\/rugzak-voor-draagbare-massagestoelen\/#breadcrumb"},"inLanguage":"fr-FR","potentialAction":[{"@type":"ReadAction","target":["https:\/\/touchproeurope.eu\/product\/rugzak-voor-draagbare-massagestoelen\/"]}]},{"@type":"ImageObject","inLanguage":"fr-FR","@id":"https:\/\/touchproeurope.eu\/product\/rugzak-voor-draagbare-massagestoelen\/#primaryimage","url":"https:\/\/i0.wp.com\/touchproeurope.eu\/wp-content\/uploads\/2023\/11\/Producten-fotos-5.jpg?fit=800%2C800&ssl=1","contentUrl":"https:\/\/i0.wp.com\/touchproeurope.eu\/wp-content\/uploads\/2023\/11\/Producten-fotos-5.jpg?fit=800%2C800&ssl=1","width":800,"height":800,"caption":"TouchPro Europe rugzak voorkant"},{"@type":"BreadcrumbList","@id":"https:\/\/touchproeurope.eu\/product\/rugzak-voor-draagbare-massagestoelen\/#breadcrumb","itemListElement":[{"@type":"ListItem","position":1,"name":"Home","item":"https:\/\/touchproeurope.eu\/"},{"@type":"ListItem","position":2,"name":"Winkel","item":"https:\/\/touchproeurope.eu\/winkel\/"},{"@type":"ListItem","position":3,"name":"Rugzak voor draagbare massagestoelen"}]},{"@type":"WebSite","@id":"https:\/\/touchproeurope.eu\/#website","url":"https:\/\/touchproeurope.eu\/","name":"TouchPro Europe Shop","description":"Tout pour votre pratique avec une touche PROfessionnelle !","publisher":{"@id":"https:\/\/touchproeurope.eu\/#organization"},"alternateName":"TPE","potentialAction":[{"@type":"SearchAction","target":{"@type":"EntryPoint","urlTemplate":"https:\/\/touchproeurope.eu\/?s={search_term_string}"},"query-input":{"@type":"PropertyValueSpecification","valueRequired":true,"valueName":"search_term_string"}}],"inLanguage":"fr-FR"},{"@type":"Organization","@id":"https:\/\/touchproeurope.eu\/#organization","name":"TouchPro Europe BV","alternateName":"TPE","url":"https:\/\/touchproeurope.eu\/","logo":{"@type":"ImageObject","inLanguage":"fr-FR","@id":"https:\/\/touchproeurope.eu\/#\/schema\/logo\/image\/","url":"https:\/\/i0.wp.com\/touchproeurope.eu\/wp-content\/uploads\/2023\/10\/2b592c_b6944d80811246d987cc2c29accedf3f.png?fit=1417%2C531&ssl=1","contentUrl":"https:\/\/i0.wp.com\/touchproeurope.eu\/wp-content\/uploads\/2023\/10\/2b592c_b6944d80811246d987cc2c29accedf3f.png?fit=1417%2C531&ssl=1","width":1417,"height":531,"caption":"TouchPro Europe BV"},"image":{"@id":"https:\/\/touchproeurope.eu\/#\/schema\/logo\/image\/"},"sameAs":["https:\/\/www.facebook.com\/TouchproNederland\/?locale=nl_NL\/","https:\/\/www.instagram.com\/touchpro2016\/","https:\/\/www.linkedin.com\/company\/touchpro-europe-bv\/"],"description":"TouchPro Europe Shop est le magasin de massage de l'Europe. Nous vendons des produits de massage de qualit\u00e9 sup\u00e9rieure aux masseurs, p\u00e9dicures, physioth\u00e9rapeutes, manucures, centres de bien-\u00eatre, cours de formation, etc. TouchPro a commenc\u00e9 comme un petit magasin aux Pays-Bas, mais s'est maintenant d\u00e9velopp\u00e9 pour devenir un magasin avec des clients de toute l'Europe. Nous proposons une large gamme de produits de massage, notamment des tables de massage, des huiles, des cr\u00e8mes et des accessoires de grandes marques telles que Earthlite, Stronglite et InnerStrenght, Habys, Living Earth Crafts et Continuum, ainsi que d'autres fournisseurs d'accessoires de massage. Commandez ici les meilleurs produits de massage d'Europe !","email":"info@touchpro-europe.com","telephone":"0858768829","legalName":"TouchPro Europe BV","foundingDate":"2018-01-11","vatID":"NL855430151B01","numberOfEmployees":{"@type":"QuantitativeValue","minValue":"1","maxValue":"10"},"hasMerchantReturnPolicy":{"@type":"MerchantReturnPolicy","merchantReturnLink":"https:\/\/touchproeurope.eu\/fr\/retourbeleid\/"}}]},"og_availability":"instock","product_availability":"instock","product_retailer_item_id":"Rugzak voor draagbare massagestoelen","product_condition":"new"},"_links":{"self":[{"href":"https:\/\/touchproeurope.eu\/fr\/wp-json\/wp\/v2\/product\/3531","targetHints":{"allow":["GET"]}}],"collection":[{"href":"https:\/\/touchproeurope.eu\/fr\/wp-json\/wp\/v2\/product"}],"about":[{"href":"https:\/\/touchproeurope.eu\/fr\/wp-json\/wp\/v2\/types\/product"}],"replies":[{"embeddable":true,"href":"https:\/\/touchproeurope.eu\/fr\/wp-json\/wp\/v2\/comments?post=3531"}],"version-history":[{"count":8,"href":"https:\/\/touchproeurope.eu\/fr\/wp-json\/wp\/v2\/product\/3531\/revisions"}],"predecessor-version":[{"id":4515,"href":"https:\/\/touchproeurope.eu\/fr\/wp-json\/wp\/v2\/product\/3531\/revisions\/4515"}],"wp:featuredmedia":[{"embeddable":true,"href":"https:\/\/touchproeurope.eu\/fr\/wp-json\/wp\/v2\/media\/4887"}],"wp:attachment":[{"href":"https:\/\/touchproeurope.eu\/fr\/wp-json\/wp\/v2\/media?parent=3531"}],"wp:term":[{"taxonomy":"product_brand","embeddable":true,"href":"https:\/\/touchproeurope.eu\/fr\/wp-json\/wp\/v2\/product_brand?post=3531"},{"taxonomy":"product_cat","embeddable":true,"href":"https:\/\/touchproeurope.eu\/fr\/wp-json\/wp\/v2\/product_cat?post=3531"},{"taxonomy":"product_tag","embeddable":true,"href":"https:\/\/touchproeurope.eu\/fr\/wp-json\/wp\/v2\/product_tag?post=3531"}],"curies":[{"name":"wp","href":"https:\/\/api.w.org\/{rel}","templated":true}]}}