{"id":5056,"date":"2024-01-21T16:03:02","date_gmt":"2024-01-21T16:03:02","guid":{"rendered":"https:\/\/touchproeurope.eu\/?post_type=product&#038;p=5056"},"modified":"2026-04-22T09:33:11","modified_gmt":"2026-04-22T09:33:11","slug":"baguette-de-massage-aux-pierres-chaudes-plate","status":"publish","type":"product","link":"https:\/\/touchproeurope.eu\/fr\/product\/hot-stone-massage-wand-flat\/","title":{"rendered":"Baguette de massage aux pierres chaudes - plate"},"content":{"rendered":"<p>Le Hot Stone Massage Wand. Le premier appareil de massage de ce type au monde \u2013 un chef-d'\u0153uvre de technologie, fabriqu\u00e9 \u00e0 la main par des professionnels. 1,5 \u00e0 3 heures de chaleur constante \u2013 une puissante batterie Li-ion de 6600 mAh offre jusqu'\u00e0 trois heures de chaleur \u00e0 pleine charge.<\/p>\n<p>Bian stone \u2013 S2A est fabriqu\u00e9 \u00e0 partir de pierre bian naturelle polie \u00e0 la main, utilis\u00e9e depuis des milliers d'ann\u00e9es dans la m\u00e9decine traditionnelle.<\/p>\n<p>En cinq \u00e0 dix minutes, la barre de massage est pr\u00eate \u00e0 l'emploi et peut \u00eatre int\u00e9gr\u00e9e \u00e0 n'importe quel massage.<\/p>\n<p>Diff\u00e9rence avec le massage LavaShell Les barres de massage sont utilis\u00e9es diff\u00e9remment des LavaShells \/ LavaHotStones. Les LavaShells permettent de glisser sur le corps, d'exercer une pression et de traiter diff\u00e9rentes parties du corps. Le massage avec les LavaShells ne peut pas \u00eatre compar\u00e9 au massage avec les barres de massage aux pierres chaudes.<\/p>\n<p>Avec la barre de massage Hot Stone, vous avez la possibilit\u00e9 d'int\u00e9grer la chaleur dans le massage et de l'utiliser en alternance avec vos mains.<\/p>\n<p>Avantages pour l'utilisateur<\/p>\n<ul>\n<li>Prot\u00e8ge le th\u00e9rapeute de la fatigue des mains<\/li>\n<li>Chaleur continue, pas de perte de contact avec le client<\/li>\n<li>Quatre niveaux de chaleur diff\u00e9rents<\/li>\n<li>Portable et utilisable partout<\/li>\n<li>Chauffage rapide gr\u00e2ce \u00e0 une puissante batterie rechargeable<\/li>\n<li>L\u00e9ger et facile \u00e0 utiliser<\/li>\n<li>Id\u00e9al pour les th\u00e9rapeutes mobiles<\/li>\n<\/ul>\n<p>Avantages pour les invit\u00e9s<\/p>\n<ul>\n<li>Am\u00e9liore la circulation sanguine<\/li>\n<li>Les muscles sont rel\u00e2ch\u00e9s et d\u00e9tendus<\/li>\n<li>Massage continu par la chaleur et le toucher<\/li>\n<li>Soyeux et apaisant pour la peau<\/li>\n<\/ul>\n<p>Pr\u00eat \u00e0 l'emploi en quelques \u00e9tapes<\/p>\n<ol>\n<li>R\u00e9gler la temp\u00e9rature souhait\u00e9e (45 \u00e0 60 degr\u00e9s Celsius)<\/li>\n<li>Placer la barre de massage sur le support<\/li>\n<li>Apr\u00e8s trois minutes, la canne est pr\u00eate \u00e0 l'emploi<\/li>\n<li>Chauffage complet de l'ensemble de la pierre apr\u00e8s environ 10 minutes<\/li>\n<li>Apr\u00e8s le massage, \u00e9teignez et nettoyez la barre de massage.<\/li>\n<\/ol>\n<p>Contenu : 1 b\u00e2ton plat en pierre chaude, 1 chargeur, 1 support<\/p>\n<p>7 techniques de massage sont possibles avec les barres de massage et la chaleur permet d'am\u00e9liorer votre massage. Laissez votre invit\u00e9 sentir vos mains et la chaleur !<\/p>\n<ul>\n<li>Traitement thermique<\/li>\n<li>Shiatsu<\/li>\n<li>Genoux<\/li>\n<li>Martelage<\/li>\n<li>Encercler<\/li>\n<li>Grattage<\/li>\n<li>Et glisser<\/li>\n<\/ul>\n<p>Dur\u00e9e de la chaleur \u2013 important Le Hot Stone Massage Wand dispose de quatre niveaux de chaleur diff\u00e9rents, de chaud \u00e0 tr\u00e8s chaud, adapt\u00e9s \u00e0 chaque massage. Lorsque le massage wand est r\u00e9gl\u00e9 sur la position la plus basse, il reste chaud pendant trois heures maximum, \u00e0 condition qu'il ne soit pas \u00e9teint entre-temps. Au niveau le plus \u00e9lev\u00e9, il reste chaud pendant 1,5 heure maximum, \u00e0 condition de ne pas \u00eatre \u00e9teint entre-temps. Si le b\u00e2ton de massage est souvent allum\u00e9 et \u00e9teint, le temps de chauffe peut \u00eatre raccourci et il devra \u00eatre recharg\u00e9 plus rapidement. Veuillez en tenir compte lors de vos massages.<\/p>\n<p>Nettoyage \u2013 remarque importante Nettoyez la tige uniquement avec un chiffon sec et doux et ajoutez une quantit\u00e9 minimale de d\u00e9tergent pour \u00e9liminer l'huile. N'utilisez pas d'alcool ou de produits chimiques. Si de l'eau ou de l'huile p\u00e9n\u00e8tre dans la tige en raison d'une utilisation incorrecte, cela peut entra\u00eener des dysfonctionnements et annuler la garantie. M\u00eame de petites quantit\u00e9s de liquide peuvent entra\u00eener des dysfonctionnements \u00e9lectriques dans la tige. Utilisez donc uniquement un chiffon doux et sec avec un peu de produit nettoyant. Si de l'eau ou de l'huile p\u00e9n\u00e8tre dans la tige en raison d'une utilisation incorrecte, cela peut entra\u00eener des dysfonctionnements et annuler la garantie. Chaque tige est soumise \u00e0 un contr\u00f4le strict de qualit\u00e9 et de fonctionnalit\u00e9 pendant la production et est \u00e9galement test\u00e9e \u00e0 nouveau pour v\u00e9rifier son bon fonctionnement avant exp\u00e9dition.<\/p>\n<p>Donn\u00e9es techniques<\/p>\n<ul>\n<li>Mod\u00e8le ELEEELS S2A<\/li>\n<li>Chargement : USB Type-C<\/li>\n<li>Batterie : batterie Li-ion rechargeable de 6600 mAh<\/li>\n<li>Temps de charge : environ 4 heures<\/li>\n<li>Dur\u00e9e de fonctionnement : 3 heures \u00e0 la fois, en fonction de l'utilisation et du niveau de chaleur<\/li>\n<li>Puissance nominale : 18W Num\u00e9ro de registre DEEE DE 55750600<\/li>\n<\/ul>\n<p>Remarque importante Au cours du processus de fabrication, de l\u00e9g\u00e8res rayures peuvent appara\u00eetre sur la pierre de Bian. Des lignes blanches (caract\u00e9ristique naturelle de la pierre de Bian) sont \u00e9galement souvent visibles. Cela n'affecte en rien la qualit\u00e9 du produit ou du massage. D'autres rayures peuvent appara\u00eetre lorsque l'on travaille avec les pierres, par exemple en les posant sur une surface dure. Le produit est neuf et n'a pas \u00e9t\u00e9 utilis\u00e9.<\/p>","protected":false},"excerpt":{"rendered":"<p>La baguette de massage aux pierres chaudes est un appareil de massage avanc\u00e9 con\u00e7u en pierre de bian naturelle polie \u00e0 la main. Ce mur offre une exp\u00e9rience de massage unique, aliment\u00e9 par une puissante batterie rechargeable. Voici ses principales caract\u00e9ristiques :<\/p>\n<ul>\n<li><strong>Conception innovante<\/strong>La pierre de Bian est polie \u00e0 la main pour une exp\u00e9rience de massage unique.<\/li>\n<li><strong>Chaleur constante<\/strong>La chaleur de l'appareil est constante pendant 1,5 \u00e0 3 heures, gr\u00e2ce \u00e0 une puissante batterie rechargeable.<\/li>\n<li><strong>Rapidit\u00e9 d'utilisation<\/strong>LavaShell : Pr\u00eat \u00e0 l'emploi en 5-10 minutes, distinctif du massage LavaShell.<\/li>\n<li><strong>Avantages pour les th\u00e9rapeutes<\/strong>: Protection contre les surcharges, chaleur continue, portabilit\u00e9.<\/li>\n<li><strong>Diff\u00e9rentes techniques de massage<\/strong>Possibilit\u00e9 de 7 techniques de massage diff\u00e9rentes.<\/li>\n<li><strong>Fonctions principales<\/strong>Le syst\u00e8me d'alimentation de l'appareil est compos\u00e9 de 4 niveaux de chaleur, d'un temps de charge de 4 heures et d'un syst\u00e8me de nettoyage minutieux.<\/li>\n<li><strong>Mod\u00e8le : ELEEELS S2<\/strong>: charge USB Type-C, batterie de 6600 mAh, dur\u00e9e d'utilisation de 3 heures.<\/li>\n<\/ul>\n<p>Les baguettes de massage aux pierres chaudes offrent un \u00e9quilibre parfait entre l'innovation technologique et la th\u00e9rapie de massage traditionnelle, ce qui les rend id\u00e9ales pour les th\u00e9rapeutes et les utilisateurs.<\/p>","protected":false},"featured_media":5064,"comment_status":"open","ping_status":"closed","template":"","meta":[],"product_brand":[601],"product_cat":[99,103],"product_tag":[235,158,215],"class_list":{"0":"post-5056","1":"product","2":"type-product","3":"status-publish","4":"has-post-thumbnail","6":"product_brand-eleeels","7":"product_cat-accessoires","8":"product_cat-hotstones","9":"product_tag-eleeels","10":"product_tag-hotstone","11":"product_tag-massage","13":"first","14":"outofstock","15":"taxable","16":"shipping-taxable","17":"purchasable","18":"product-type-simple"},"yoast_head":"<!-- This site is optimized with the Yoast SEO Premium plugin v27.5 (Yoast SEO v27.5) - https:\/\/yoast.com\/product\/yoast-seo-premium-wordpress\/ -->\n<title>Hot Stone Massage Wand - flat - TouchPro Europe Shop<\/title>\n<meta name=\"description\" content=\"Hot Stone Massage Wand flat: Innovatieve massager van bian stone met constante warmte. Voor therapeuten en ontspanning. Ontdek de voordelen nu!\" \/>\n<meta name=\"robots\" content=\"index, follow, max-snippet:-1, max-image-preview:large, max-video-preview:-1\" \/>\n<link rel=\"canonical\" href=\"https:\/\/touchproeurope.eu\/fr\/product\/baguette-de-massage-aux-pierres-chaudes-plate\/\" \/>\n<meta property=\"og:locale\" content=\"fr_FR\" \/>\n<meta property=\"og:type\" content=\"article\" \/>\n<meta property=\"og:title\" content=\"Hot Stone Massage Wand - flat\" \/>\n<meta property=\"og:description\" content=\"Hot Stone Massage Wand flat: Innovatieve massager van bian stone met constante warmte. Voor therapeuten en ontspanning. Ontdek de voordelen nu!\" \/>\n<meta property=\"og:url\" content=\"https:\/\/touchproeurope.eu\/fr\/product\/baguette-de-massage-aux-pierres-chaudes-plate\/\" \/>\n<meta property=\"og:site_name\" content=\"TouchPro Europe Shop\" \/>\n<meta property=\"article:publisher\" content=\"https:\/\/www.facebook.com\/TouchproNederland\/?locale=nl_NL%2f\" \/>\n<meta property=\"article:modified_time\" content=\"2026-04-22T09:33:11+00:00\" \/>\n<meta property=\"og:image\" content=\"https:\/\/touchproeurope.eu\/wp-content\/uploads\/2024\/01\/Ontwerp-zonder-titel-2.png\" \/>\n\t<meta property=\"og:image:width\" content=\"800\" \/>\n\t<meta property=\"og:image:height\" content=\"800\" \/>\n\t<meta property=\"og:image:type\" content=\"image\/png\" \/>\n<meta name=\"twitter:card\" content=\"summary_large_image\" \/>\n<meta name=\"twitter:label1\" content=\"Prix\" \/>\n\t<meta name=\"twitter:data1\" content=\"&euro;&nbsp;129,00 incl. BTW\" \/>\n\t<meta name=\"twitter:label2\" content=\"Disponibilit\u00e9\" \/>\n\t<meta name=\"twitter:data2\" content=\"Rupture de stock\" \/>\n<script type=\"application\/ld+json\" class=\"yoast-schema-graph\">{\"@context\":\"https:\\\/\\\/schema.org\",\"@graph\":[{\"@type\":\"WebPage\",\"@id\":\"https:\\\/\\\/touchproeurope.eu\\\/product\\\/hot-stone-massage-wand-flat\\\/\",\"url\":\"https:\\\/\\\/touchproeurope.eu\\\/product\\\/hot-stone-massage-wand-flat\\\/\",\"name\":\"Hot Stone Massage Wand - flat - TouchPro Europe Shop\",\"isPartOf\":{\"@id\":\"https:\\\/\\\/touchproeurope.eu\\\/#website\"},\"primaryImageOfPage\":{\"@id\":\"https:\\\/\\\/touchproeurope.eu\\\/product\\\/hot-stone-massage-wand-flat\\\/#primaryimage\"},\"image\":{\"@id\":\"https:\\\/\\\/touchproeurope.eu\\\/product\\\/hot-stone-massage-wand-flat\\\/#primaryimage\"},\"thumbnailUrl\":\"https:\\\/\\\/i0.wp.com\\\/touchproeurope.eu\\\/wp-content\\\/uploads\\\/2024\\\/01\\\/Ontwerp-zonder-titel-2.png?fit=800%2C800&ssl=1\",\"datePublished\":\"2024-01-21T16:03:02+00:00\",\"dateModified\":\"2026-04-22T09:33:11+00:00\",\"description\":\"Hot Stone Massage Wand flat: Innovatieve massager van bian stone met constante warmte. Voor therapeuten en ontspanning. Ontdek de voordelen nu!\",\"breadcrumb\":{\"@id\":\"https:\\\/\\\/touchproeurope.eu\\\/product\\\/hot-stone-massage-wand-flat\\\/#breadcrumb\"},\"inLanguage\":\"fr-FR\",\"potentialAction\":[{\"@type\":\"ReadAction\",\"target\":[\"https:\\\/\\\/touchproeurope.eu\\\/product\\\/hot-stone-massage-wand-flat\\\/\"]}]},{\"@type\":\"ImageObject\",\"inLanguage\":\"fr-FR\",\"@id\":\"https:\\\/\\\/touchproeurope.eu\\\/product\\\/hot-stone-massage-wand-flat\\\/#primaryimage\",\"url\":\"https:\\\/\\\/i0.wp.com\\\/touchproeurope.eu\\\/wp-content\\\/uploads\\\/2024\\\/01\\\/Ontwerp-zonder-titel-2.png?fit=800%2C800&ssl=1\",\"contentUrl\":\"https:\\\/\\\/i0.wp.com\\\/touchproeurope.eu\\\/wp-content\\\/uploads\\\/2024\\\/01\\\/Ontwerp-zonder-titel-2.png?fit=800%2C800&ssl=1\",\"width\":800,\"height\":800,\"caption\":\"Hot Stone Massage Wand S2A - flat\"},{\"@type\":\"BreadcrumbList\",\"@id\":\"https:\\\/\\\/touchproeurope.eu\\\/product\\\/hot-stone-massage-wand-flat\\\/#breadcrumb\",\"itemListElement\":[{\"@type\":\"ListItem\",\"position\":1,\"name\":\"Home\",\"item\":\"https:\\\/\\\/touchproeurope.eu\\\/\"},{\"@type\":\"ListItem\",\"position\":2,\"name\":\"Winkel\",\"item\":\"https:\\\/\\\/touchproeurope.eu\\\/winkel\\\/\"},{\"@type\":\"ListItem\",\"position\":3,\"name\":\"Hot Stone Massage Wand &#8211; flat\"}]},{\"@type\":\"WebSite\",\"@id\":\"https:\\\/\\\/touchproeurope.eu\\\/#website\",\"url\":\"https:\\\/\\\/touchproeurope.eu\\\/\",\"name\":\"TouchPro Europe Shop\",\"description\":\"Alles voor jouw praktijk met een PROfessionele Touch!\",\"publisher\":{\"@id\":\"https:\\\/\\\/touchproeurope.eu\\\/#organization\"},\"alternateName\":\"TPE\",\"potentialAction\":[{\"@type\":\"SearchAction\",\"target\":{\"@type\":\"EntryPoint\",\"urlTemplate\":\"https:\\\/\\\/touchproeurope.eu\\\/?s={search_term_string}\"},\"query-input\":{\"@type\":\"PropertyValueSpecification\",\"valueRequired\":true,\"valueName\":\"search_term_string\"}}],\"inLanguage\":\"fr-FR\"},{\"@type\":\"Organization\",\"@id\":\"https:\\\/\\\/touchproeurope.eu\\\/#organization\",\"name\":\"TouchPro Europe BV\",\"alternateName\":\"TPE\",\"url\":\"https:\\\/\\\/touchproeurope.eu\\\/\",\"logo\":{\"@type\":\"ImageObject\",\"inLanguage\":\"fr-FR\",\"@id\":\"https:\\\/\\\/touchproeurope.eu\\\/#\\\/schema\\\/logo\\\/image\\\/\",\"url\":\"https:\\\/\\\/i0.wp.com\\\/touchproeurope.eu\\\/wp-content\\\/uploads\\\/2023\\\/10\\\/2b592c_b6944d80811246d987cc2c29accedf3f.png?fit=1417%2C531&ssl=1\",\"contentUrl\":\"https:\\\/\\\/i0.wp.com\\\/touchproeurope.eu\\\/wp-content\\\/uploads\\\/2023\\\/10\\\/2b592c_b6944d80811246d987cc2c29accedf3f.png?fit=1417%2C531&ssl=1\",\"width\":1417,\"height\":531,\"caption\":\"TouchPro Europe BV\"},\"image\":{\"@id\":\"https:\\\/\\\/touchproeurope.eu\\\/#\\\/schema\\\/logo\\\/image\\\/\"},\"sameAs\":[\"https:\\\/\\\/www.facebook.com\\\/TouchproNederland\\\/?locale=nl_NL\\\/\",\"https:\\\/\\\/www.instagram.com\\\/touchpro2016\\\/\",\"https:\\\/\\\/www.linkedin.com\\\/company\\\/touchpro-europe-bv\\\/\"],\"description\":\"TouchPro Europe Shop is de massage winkel van Europa. Wij verkopen topkwaliteit massageproducten aan masseurs, pedicures, fysiotherapeuten, manicuren, Wellness centra, opleidingen, etc. TouchPro begon als een kleine webshop in Nederland, maar is nu uitgegroeid tot een webshop met klanten uit heel Europa. Wij bieden een breed assortiment aan massageproducten, waaronder massagetafels, oli\u00ebn, cr\u00e8mes, en accessoires van topmerken, zoals Earthlite, Stronglite en InnerStrenght, Habys, Living Earth Crafts en Continuum en andere leveranciers van massage accessoires. Bestel hier de beste massagematerialen van Europa!\",\"email\":\"info@touchpro-europe.com\",\"telephone\":\"0858768829\",\"legalName\":\"TouchPro Europe BV\",\"foundingDate\":\"2018-01-11\",\"vatID\":\"NL855430151B01\",\"numberOfEmployees\":{\"@type\":\"QuantitativeValue\",\"minValue\":\"1\",\"maxValue\":\"10\"},\"hasMerchantReturnPolicy\":{\"@type\":\"MerchantReturnPolicy\",\"merchantReturnLink\":\"https:\\\/\\\/touchproeurope.eu\\\/fr\\\/retourbeleid\\\/\"}}]}<\/script>\n<meta property=\"product:price:amount\" content=\"129.00\" \/>\n<meta property=\"product:price:currency\" content=\"EUR\" \/>\n<meta property=\"og:availability\" content=\"out of stock\" \/>\n<meta property=\"product:availability\" content=\"out of stock\" \/>\n<meta property=\"product:condition\" content=\"new\" \/>\n<!-- \/ Yoast SEO Premium plugin. -->","yoast_head_json":{"title":"Baguette de massage aux pierres chaudes - plate - TouchPro Europe Shop","description":"Hot Stone Massage Wand flat : masseur innovant en pierre bian \u00e0 chaleur constante. Pour les th\u00e9rapeutes et la relaxation. D\u00e9couvrez ses avantages d\u00e8s maintenant !","robots":{"index":"index","follow":"follow","max-snippet":"max-snippet:-1","max-image-preview":"max-image-preview:large","max-video-preview":"max-video-preview:-1"},"canonical":"https:\/\/touchproeurope.eu\/fr\/product\/baguette-de-massage-aux-pierres-chaudes-plate\/","og_locale":"fr_FR","og_type":"article","og_title":"Hot Stone Massage Wand - flat","og_description":"Hot Stone Massage Wand flat: Innovatieve massager van bian stone met constante warmte. Voor therapeuten en ontspanning. Ontdek de voordelen nu!","og_url":"https:\/\/touchproeurope.eu\/fr\/product\/baguette-de-massage-aux-pierres-chaudes-plate\/","og_site_name":"TouchPro Europe Shop","article_publisher":"https:\/\/www.facebook.com\/TouchproNederland\/?locale=nl_NL%2f","article_modified_time":"2026-04-22T09:33:11+00:00","og_image":[{"width":800,"height":800,"url":"https:\/\/touchproeurope.eu\/wp-content\/uploads\/2024\/01\/Ontwerp-zonder-titel-2.png","type":"image\/png"}],"twitter_card":"summary_large_image","twitter_misc":{"Prix":"&euro;&nbsp;129,00 incl. BTW","Disponibilit\u00e9":"Rupture de stock"},"schema":{"@context":"https:\/\/schema.org","@graph":[{"@type":"WebPage","@id":"https:\/\/touchproeurope.eu\/product\/hot-stone-massage-wand-flat\/","url":"https:\/\/touchproeurope.eu\/product\/hot-stone-massage-wand-flat\/","name":"Baguette de massage aux pierres chaudes - plate - TouchPro Europe Shop","isPartOf":{"@id":"https:\/\/touchproeurope.eu\/#website"},"primaryImageOfPage":{"@id":"https:\/\/touchproeurope.eu\/product\/hot-stone-massage-wand-flat\/#primaryimage"},"image":{"@id":"https:\/\/touchproeurope.eu\/product\/hot-stone-massage-wand-flat\/#primaryimage"},"thumbnailUrl":"https:\/\/i0.wp.com\/touchproeurope.eu\/wp-content\/uploads\/2024\/01\/Ontwerp-zonder-titel-2.png?fit=800%2C800&ssl=1","datePublished":"2024-01-21T16:03:02+00:00","dateModified":"2026-04-22T09:33:11+00:00","description":"Hot Stone Massage Wand flat : masseur innovant en pierre bian \u00e0 chaleur constante. Pour les th\u00e9rapeutes et la relaxation. D\u00e9couvrez ses avantages d\u00e8s maintenant !","breadcrumb":{"@id":"https:\/\/touchproeurope.eu\/product\/hot-stone-massage-wand-flat\/#breadcrumb"},"inLanguage":"fr-FR","potentialAction":[{"@type":"ReadAction","target":["https:\/\/touchproeurope.eu\/product\/hot-stone-massage-wand-flat\/"]}]},{"@type":"ImageObject","inLanguage":"fr-FR","@id":"https:\/\/touchproeurope.eu\/product\/hot-stone-massage-wand-flat\/#primaryimage","url":"https:\/\/i0.wp.com\/touchproeurope.eu\/wp-content\/uploads\/2024\/01\/Ontwerp-zonder-titel-2.png?fit=800%2C800&ssl=1","contentUrl":"https:\/\/i0.wp.com\/touchproeurope.eu\/wp-content\/uploads\/2024\/01\/Ontwerp-zonder-titel-2.png?fit=800%2C800&ssl=1","width":800,"height":800,"caption":"Hot Stone Massage Wand S2A - flat"},{"@type":"BreadcrumbList","@id":"https:\/\/touchproeurope.eu\/product\/hot-stone-massage-wand-flat\/#breadcrumb","itemListElement":[{"@type":"ListItem","position":1,"name":"Home","item":"https:\/\/touchproeurope.eu\/"},{"@type":"ListItem","position":2,"name":"Winkel","item":"https:\/\/touchproeurope.eu\/winkel\/"},{"@type":"ListItem","position":3,"name":"Hot Stone Massage Wand &#8211; flat"}]},{"@type":"WebSite","@id":"https:\/\/touchproeurope.eu\/#website","url":"https:\/\/touchproeurope.eu\/","name":"TouchPro Europe Shop","description":"Tout pour votre pratique avec une touche PROfessionnelle !","publisher":{"@id":"https:\/\/touchproeurope.eu\/#organization"},"alternateName":"TPE","potentialAction":[{"@type":"SearchAction","target":{"@type":"EntryPoint","urlTemplate":"https:\/\/touchproeurope.eu\/?s={search_term_string}"},"query-input":{"@type":"PropertyValueSpecification","valueRequired":true,"valueName":"search_term_string"}}],"inLanguage":"fr-FR"},{"@type":"Organization","@id":"https:\/\/touchproeurope.eu\/#organization","name":"TouchPro Europe BV","alternateName":"TPE","url":"https:\/\/touchproeurope.eu\/","logo":{"@type":"ImageObject","inLanguage":"fr-FR","@id":"https:\/\/touchproeurope.eu\/#\/schema\/logo\/image\/","url":"https:\/\/i0.wp.com\/touchproeurope.eu\/wp-content\/uploads\/2023\/10\/2b592c_b6944d80811246d987cc2c29accedf3f.png?fit=1417%2C531&ssl=1","contentUrl":"https:\/\/i0.wp.com\/touchproeurope.eu\/wp-content\/uploads\/2023\/10\/2b592c_b6944d80811246d987cc2c29accedf3f.png?fit=1417%2C531&ssl=1","width":1417,"height":531,"caption":"TouchPro Europe BV"},"image":{"@id":"https:\/\/touchproeurope.eu\/#\/schema\/logo\/image\/"},"sameAs":["https:\/\/www.facebook.com\/TouchproNederland\/?locale=nl_NL\/","https:\/\/www.instagram.com\/touchpro2016\/","https:\/\/www.linkedin.com\/company\/touchpro-europe-bv\/"],"description":"TouchPro Europe Shop est le magasin de massage de l'Europe. Nous vendons des produits de massage de qualit\u00e9 sup\u00e9rieure aux masseurs, p\u00e9dicures, physioth\u00e9rapeutes, manucures, centres de bien-\u00eatre, cours de formation, etc. TouchPro a commenc\u00e9 comme un petit magasin aux Pays-Bas, mais s'est maintenant d\u00e9velopp\u00e9 pour devenir un magasin avec des clients de toute l'Europe. Nous proposons une large gamme de produits de massage, notamment des tables de massage, des huiles, des cr\u00e8mes et des accessoires de grandes marques telles que Earthlite, Stronglite et InnerStrenght, Habys, Living Earth Crafts et Continuum, ainsi que d'autres fournisseurs d'accessoires de massage. Commandez ici les meilleurs produits de massage d'Europe !","email":"info@touchpro-europe.com","telephone":"0858768829","legalName":"TouchPro Europe BV","foundingDate":"2018-01-11","vatID":"NL855430151B01","numberOfEmployees":{"@type":"QuantitativeValue","minValue":"1","maxValue":"10"},"hasMerchantReturnPolicy":{"@type":"MerchantReturnPolicy","merchantReturnLink":"https:\/\/touchproeurope.eu\/fr\/retourbeleid\/"}}]},"product_price_amount":"129.00","product_price_currency":"EUR","og_availability":"out of stock","product_availability":"out of stock","product_condition":"new"},"_links":{"self":[{"href":"https:\/\/touchproeurope.eu\/fr\/wp-json\/wp\/v2\/product\/5056","targetHints":{"allow":["GET"]}}],"collection":[{"href":"https:\/\/touchproeurope.eu\/fr\/wp-json\/wp\/v2\/product"}],"about":[{"href":"https:\/\/touchproeurope.eu\/fr\/wp-json\/wp\/v2\/types\/product"}],"replies":[{"embeddable":true,"href":"https:\/\/touchproeurope.eu\/fr\/wp-json\/wp\/v2\/comments?post=5056"}],"version-history":[{"count":1,"href":"https:\/\/touchproeurope.eu\/fr\/wp-json\/wp\/v2\/product\/5056\/revisions"}],"predecessor-version":[{"id":5065,"href":"https:\/\/touchproeurope.eu\/fr\/wp-json\/wp\/v2\/product\/5056\/revisions\/5065"}],"wp:featuredmedia":[{"embeddable":true,"href":"https:\/\/touchproeurope.eu\/fr\/wp-json\/wp\/v2\/media\/5064"}],"wp:attachment":[{"href":"https:\/\/touchproeurope.eu\/fr\/wp-json\/wp\/v2\/media?parent=5056"}],"wp:term":[{"taxonomy":"product_brand","embeddable":true,"href":"https:\/\/touchproeurope.eu\/fr\/wp-json\/wp\/v2\/product_brand?post=5056"},{"taxonomy":"product_cat","embeddable":true,"href":"https:\/\/touchproeurope.eu\/fr\/wp-json\/wp\/v2\/product_cat?post=5056"},{"taxonomy":"product_tag","embeddable":true,"href":"https:\/\/touchproeurope.eu\/fr\/wp-json\/wp\/v2\/product_tag?post=5056"}],"curies":[{"name":"wp","href":"https:\/\/api.w.org\/{rel}","templated":true}]}}