{"id":5069,"date":"2024-01-21T16:58:49","date_gmt":"2024-01-21T16:58:49","guid":{"rendered":"https:\/\/touchproeurope.eu\/?post_type=product&#038;p=5069"},"modified":"2026-04-22T09:33:11","modified_gmt":"2026-04-22T09:33:11","slug":"collection-de-spa-aux-pierres-chaudes","status":"publish","type":"product","link":"https:\/\/touchproeurope.eu\/fr\/product\/hot-stone-spa-collectie\/","title":{"rendered":"Collection de pierres chaudes"},"content":{"rendered":"<p>Offrez-vous le summum de la d\u00e9tente gr\u00e2ce \u00e0 notre Hot Stone Spa Collection. Cet ensemble de 8 pierres de basalte porte votre exp\u00e9rience de massage \u00e0 un niveau sup\u00e9rieur. Con\u00e7ue pour les massages du corps, du visage, du d\u00e9collet\u00e9, des mains et des pieds, cette collection offre une grande souplesse d'utilisation.<\/p>\n<ul>\n<li><strong>Pierres de basalte polyvalentes :<\/strong> 8 pierres en 3 tailles pour tout le corps.<\/li>\n<li><strong>Contr\u00f4le pr\u00e9cis de la temp\u00e9rature :<\/strong> Pr\u00eat \u00e0 l'emploi en 10 minutes, r\u00e9glable \u00e0 48 \u00b0C et 55 \u00b0C.<\/li>\n<li><strong>Th\u00e9rapie par la lumi\u00e8re ambiante :<\/strong> Am\u00e9liorez la qualit\u00e9 de la relaxation gr\u00e2ce \u00e0 diff\u00e9rentes couleurs.<\/li>\n<li><strong>Aromath\u00e9rapie :<\/strong> Huile unique pour un massage plus intense.<\/li>\n<\/ul>\n<p>Profitez non seulement de la chaleur, mais aussi de la luminoth\u00e9rapie ambiante. Choisissez parmi diff\u00e9rentes couleurs pour am\u00e9liorer la qualit\u00e9 de la relaxation.<\/p>\n<ul>\n<li><strong>Int\u00e9gration de la chaleur :<\/strong> Cibl\u00e9 dans le massage ou l'application de pierres.<\/li>\n<li><strong>Dur\u00e9e personnalisable :<\/strong> Pr\u00eat pour un massage aux pierres chaudes de 60 \u00e0 90 minutes.<\/li>\n<li><strong>Alternative au massage prolong\u00e9 :<\/strong> D\u00e9couvrez nos LavaShells ou LavaHotStones en magasin.<\/li>\n<\/ul>\n<p>Important : nettoyez la console uniquement \u00e0 l'aide d'un chiffon sec et doux et ajoutez une quantit\u00e9 minimale de d\u00e9tergent pour enlever l'huile. N'utilisez pas d'alcool ou de produits chimiques pour \u00e9viter tout dommage. La p\u00e9n\u00e9tration d'eau ou d'huile dans la console \u00e0 la suite d'une mauvaise utilisation peut entra\u00eener des dysfonctionnements et la perte de la garantie. Par cons\u00e9quent, n'utilisez qu'un chiffon doux et sec avec un peu de d\u00e9tergent.<\/p>\n<p>Chaque console est soumise \u00e0 des contr\u00f4les de qualit\u00e9 stricts pendant la production et son fonctionnement est v\u00e9rifi\u00e9 \u00e0 nouveau avant l'exp\u00e9dition.<\/p>\n<p>D\u00e9couvrez l'harmonie parfaite entre la chaleur, la lumi\u00e8re et l'ar\u00f4me avec notre Hot Stone Spa Collection. Commandez d\u00e8s maintenant et offrez-vous le luxe que vous m\u00e9ritez !<\/p>","protected":false},"excerpt":{"rendered":"<p>Offrez-vous le summum de la d\u00e9tente avec notre collection de spa aux pierres chaudes :<\/p>\n<ul>\n<li><strong>Pierres de basalte polyvalentes :<\/strong> Set de 8 pierres en 3 tailles pour les massages du corps entier, du visage, du d\u00e9collet\u00e9, des mains et des pieds.<\/li>\n<li><strong>\u00c9chauffement rapide :<\/strong> Gr\u00e2ce \u00e0 un contr\u00f4le pr\u00e9cis de la temp\u00e9rature, les pierres sont pr\u00eates \u00e0 l'emploi en 10 minutes seulement, avec des niveaux de chaleur r\u00e9glables de 48 \u00b0C et 55 \u00b0C.<\/li>\n<li><strong>Th\u00e9rapie par la lumi\u00e8re ambiante :<\/strong> Am\u00e9liorez la qualit\u00e9 de la relaxation gr\u00e2ce \u00e0 diff\u00e9rentes couleurs.<\/li>\n<li><strong>Aromath\u00e9rapie :<\/strong> Notre huile aromatique sp\u00e9ciale, d\u00e9velopp\u00e9e pour des exp\u00e9riences plus intenses.<\/li>\n<li><strong>Int\u00e9gration cibl\u00e9e de la chaleur :<\/strong> Con\u00e7u pour les massages et l'application de pierres sur des zones sp\u00e9cifiques.<\/li>\n<li><strong>Dur\u00e9e personnalisable :<\/strong> Parfait pour un massage cibl\u00e9, mais pour une s\u00e9ance prolong\u00e9e de 60 \u00e0 90 minutes, nous recommandons nos LavaShells ou LavaHotStones, disponibles dans notre boutique.<\/li>\n<li><strong>Entretien facile :<\/strong> Nettoyez la console \u00e0 l'aide d'un chiffon doux et d'un minimum de d\u00e9tergents pour une performance optimale.<\/li>\n<\/ul>\n<p>Commandez maintenant et profitez d'une relaxation luxueuse dans votre propre environnement !<\/p>","protected":false},"featured_media":5070,"comment_status":"open","ping_status":"closed","template":"","meta":[],"product_brand":[],"product_cat":[99,103],"product_tag":[158,215],"class_list":{"0":"post-5069","1":"product","2":"type-product","3":"status-publish","4":"has-post-thumbnail","6":"product_cat-accessoires","7":"product_cat-hotstones","8":"product_tag-hotstone","9":"product_tag-massage","11":"first","12":"instock","13":"taxable","14":"shipping-taxable","15":"purchasable","16":"product-type-simple"},"yoast_head":"<!-- This site is optimized with the Yoast SEO Premium plugin v27.4 (Yoast SEO v27.4) - https:\/\/yoast.com\/product\/yoast-seo-premium-wordpress\/ -->\n<title>Hot stone spa collectie - TouchPro Europe Shop<\/title>\n<meta name=\"description\" content=\"Ervaar luxe ontspanning met onze Hot Stone Spa Collectie. 8 basaltstenen, warmte, kleurentherapie en aromatherapie in \u00e9\u00e9n. Bestel nu!\" \/>\n<meta name=\"robots\" content=\"index, follow, max-snippet:-1, max-image-preview:large, max-video-preview:-1\" \/>\n<link rel=\"canonical\" href=\"https:\/\/touchproeurope.eu\/fr\/product\/collection-de-spa-aux-pierres-chaudes\/\" \/>\n<meta property=\"og:locale\" content=\"fr_FR\" \/>\n<meta property=\"og:type\" content=\"article\" \/>\n<meta property=\"og:title\" content=\"Hot stone spa collectie\" \/>\n<meta property=\"og:description\" content=\"Ervaar luxe ontspanning met onze Hot Stone Spa Collectie. 8 basaltstenen, warmte, kleurentherapie en aromatherapie in \u00e9\u00e9n. Bestel nu!\" \/>\n<meta property=\"og:url\" content=\"https:\/\/touchproeurope.eu\/fr\/product\/collection-de-spa-aux-pierres-chaudes\/\" \/>\n<meta property=\"og:site_name\" content=\"TouchPro Europe Shop\" \/>\n<meta property=\"article:publisher\" content=\"https:\/\/www.facebook.com\/TouchproNederland\/?locale=nl_NL%2f\" \/>\n<meta property=\"article:modified_time\" content=\"2026-04-22T09:33:11+00:00\" \/>\n<meta property=\"og:image\" content=\"https:\/\/touchproeurope.eu\/wp-content\/uploads\/2024\/01\/Ontwerp-zonder-titel-7.png\" \/>\n\t<meta property=\"og:image:width\" content=\"800\" \/>\n\t<meta property=\"og:image:height\" content=\"800\" \/>\n\t<meta property=\"og:image:type\" content=\"image\/png\" \/>\n<meta name=\"twitter:card\" content=\"summary_large_image\" \/>\n<meta name=\"twitter:label1\" content=\"Prix\" \/>\n\t<meta name=\"twitter:data1\" content=\"&euro;&nbsp;299,00 incl. BTW\" \/>\n\t<meta name=\"twitter:label2\" content=\"Disponibilit\u00e9\" \/>\n\t<meta name=\"twitter:data2\" content=\"En stock\" \/>\n<script type=\"application\/ld+json\" class=\"yoast-schema-graph\">{\"@context\":\"https:\\\/\\\/schema.org\",\"@graph\":[{\"@type\":\"WebPage\",\"@id\":\"https:\\\/\\\/touchproeurope.eu\\\/product\\\/hot-stone-spa-collectie\\\/\",\"url\":\"https:\\\/\\\/touchproeurope.eu\\\/product\\\/hot-stone-spa-collectie\\\/\",\"name\":\"Hot stone spa collectie - TouchPro Europe Shop\",\"isPartOf\":{\"@id\":\"https:\\\/\\\/touchproeurope.eu\\\/#website\"},\"primaryImageOfPage\":{\"@id\":\"https:\\\/\\\/touchproeurope.eu\\\/product\\\/hot-stone-spa-collectie\\\/#primaryimage\"},\"image\":{\"@id\":\"https:\\\/\\\/touchproeurope.eu\\\/product\\\/hot-stone-spa-collectie\\\/#primaryimage\"},\"thumbnailUrl\":\"https:\\\/\\\/i0.wp.com\\\/touchproeurope.eu\\\/wp-content\\\/uploads\\\/2024\\\/01\\\/Ontwerp-zonder-titel-7.png?fit=800%2C800&ssl=1\",\"datePublished\":\"2024-01-21T16:58:49+00:00\",\"dateModified\":\"2026-04-22T09:33:11+00:00\",\"description\":\"Ervaar luxe ontspanning met onze Hot Stone Spa Collectie. 8 basaltstenen, warmte, kleurentherapie en aromatherapie in \u00e9\u00e9n. Bestel nu!\",\"breadcrumb\":{\"@id\":\"https:\\\/\\\/touchproeurope.eu\\\/product\\\/hot-stone-spa-collectie\\\/#breadcrumb\"},\"inLanguage\":\"fr-FR\",\"potentialAction\":[{\"@type\":\"ReadAction\",\"target\":[\"https:\\\/\\\/touchproeurope.eu\\\/product\\\/hot-stone-spa-collectie\\\/\"]}]},{\"@type\":\"ImageObject\",\"inLanguage\":\"fr-FR\",\"@id\":\"https:\\\/\\\/touchproeurope.eu\\\/product\\\/hot-stone-spa-collectie\\\/#primaryimage\",\"url\":\"https:\\\/\\\/i0.wp.com\\\/touchproeurope.eu\\\/wp-content\\\/uploads\\\/2024\\\/01\\\/Ontwerp-zonder-titel-7.png?fit=800%2C800&ssl=1\",\"contentUrl\":\"https:\\\/\\\/i0.wp.com\\\/touchproeurope.eu\\\/wp-content\\\/uploads\\\/2024\\\/01\\\/Ontwerp-zonder-titel-7.png?fit=800%2C800&ssl=1\",\"width\":800,\"height\":800,\"caption\":\"Hot Stone Spa Collection\"},{\"@type\":\"BreadcrumbList\",\"@id\":\"https:\\\/\\\/touchproeurope.eu\\\/product\\\/hot-stone-spa-collectie\\\/#breadcrumb\",\"itemListElement\":[{\"@type\":\"ListItem\",\"position\":1,\"name\":\"Home\",\"item\":\"https:\\\/\\\/touchproeurope.eu\\\/\"},{\"@type\":\"ListItem\",\"position\":2,\"name\":\"Winkel\",\"item\":\"https:\\\/\\\/touchproeurope.eu\\\/winkel\\\/\"},{\"@type\":\"ListItem\",\"position\":3,\"name\":\"Hot stone spa collectie\"}]},{\"@type\":\"WebSite\",\"@id\":\"https:\\\/\\\/touchproeurope.eu\\\/#website\",\"url\":\"https:\\\/\\\/touchproeurope.eu\\\/\",\"name\":\"TouchPro Europe Shop\",\"description\":\"Alles voor jouw praktijk met een PROfessionele Touch!\",\"publisher\":{\"@id\":\"https:\\\/\\\/touchproeurope.eu\\\/#organization\"},\"alternateName\":\"TPE\",\"potentialAction\":[{\"@type\":\"SearchAction\",\"target\":{\"@type\":\"EntryPoint\",\"urlTemplate\":\"https:\\\/\\\/touchproeurope.eu\\\/?s={search_term_string}\"},\"query-input\":{\"@type\":\"PropertyValueSpecification\",\"valueRequired\":true,\"valueName\":\"search_term_string\"}}],\"inLanguage\":\"fr-FR\"},{\"@type\":\"Organization\",\"@id\":\"https:\\\/\\\/touchproeurope.eu\\\/#organization\",\"name\":\"TouchPro Europe BV\",\"alternateName\":\"TPE\",\"url\":\"https:\\\/\\\/touchproeurope.eu\\\/\",\"logo\":{\"@type\":\"ImageObject\",\"inLanguage\":\"fr-FR\",\"@id\":\"https:\\\/\\\/touchproeurope.eu\\\/#\\\/schema\\\/logo\\\/image\\\/\",\"url\":\"https:\\\/\\\/i0.wp.com\\\/touchproeurope.eu\\\/wp-content\\\/uploads\\\/2023\\\/10\\\/2b592c_b6944d80811246d987cc2c29accedf3f.png?fit=1417%2C531&ssl=1\",\"contentUrl\":\"https:\\\/\\\/i0.wp.com\\\/touchproeurope.eu\\\/wp-content\\\/uploads\\\/2023\\\/10\\\/2b592c_b6944d80811246d987cc2c29accedf3f.png?fit=1417%2C531&ssl=1\",\"width\":1417,\"height\":531,\"caption\":\"TouchPro Europe BV\"},\"image\":{\"@id\":\"https:\\\/\\\/touchproeurope.eu\\\/#\\\/schema\\\/logo\\\/image\\\/\"},\"sameAs\":[\"https:\\\/\\\/www.facebook.com\\\/TouchproNederland\\\/?locale=nl_NL\\\/\",\"https:\\\/\\\/www.instagram.com\\\/touchpro2016\\\/\",\"https:\\\/\\\/www.linkedin.com\\\/company\\\/touchpro-europe-bv\\\/\"],\"description\":\"TouchPro Europe Shop is de massage winkel van Europa. Wij verkopen topkwaliteit massageproducten aan masseurs, pedicures, fysiotherapeuten, manicuren, Wellness centra, opleidingen, etc. TouchPro begon als een kleine webshop in Nederland, maar is nu uitgegroeid tot een webshop met klanten uit heel Europa. Wij bieden een breed assortiment aan massageproducten, waaronder massagetafels, oli\u00ebn, cr\u00e8mes, en accessoires van topmerken, zoals Earthlite, Stronglite en InnerStrenght, Habys, Living Earth Crafts en Continuum en andere leveranciers van massage accessoires. Bestel hier de beste massagematerialen van Europa!\",\"email\":\"info@touchpro-europe.com\",\"telephone\":\"0858768829\",\"legalName\":\"TouchPro Europe BV\",\"foundingDate\":\"2018-01-11\",\"vatID\":\"NL855430151B01\",\"numberOfEmployees\":{\"@type\":\"QuantitativeValue\",\"minValue\":\"1\",\"maxValue\":\"10\"},\"hasMerchantReturnPolicy\":{\"@type\":\"MerchantReturnPolicy\",\"merchantReturnLink\":\"https:\\\/\\\/touchproeurope.eu\\\/fr\\\/retourbeleid\\\/\"}}]}<\/script>\n<meta property=\"product:price:amount\" content=\"299.00\" \/>\n<meta property=\"product:price:currency\" content=\"EUR\" \/>\n<meta property=\"og:availability\" content=\"instock\" \/>\n<meta property=\"product:availability\" content=\"instock\" \/>\n<meta property=\"product:condition\" content=\"new\" \/>\n<!-- \/ Yoast SEO Premium plugin. -->","yoast_head_json":{"title":"Collection de spas aux pierres chaudes - TouchPro Europe Shop","description":"Faites l'exp\u00e9rience d'une relaxation luxueuse avec notre Hot Stone Spa Collection. 8 pierres de basalte, chaleur, chromoth\u00e9rapie et aromath\u00e9rapie en un. Commandez d\u00e8s maintenant !","robots":{"index":"index","follow":"follow","max-snippet":"max-snippet:-1","max-image-preview":"max-image-preview:large","max-video-preview":"max-video-preview:-1"},"canonical":"https:\/\/touchproeurope.eu\/fr\/product\/collection-de-spa-aux-pierres-chaudes\/","og_locale":"fr_FR","og_type":"article","og_title":"Hot stone spa collectie","og_description":"Ervaar luxe ontspanning met onze Hot Stone Spa Collectie. 8 basaltstenen, warmte, kleurentherapie en aromatherapie in \u00e9\u00e9n. Bestel nu!","og_url":"https:\/\/touchproeurope.eu\/fr\/product\/collection-de-spa-aux-pierres-chaudes\/","og_site_name":"TouchPro Europe Shop","article_publisher":"https:\/\/www.facebook.com\/TouchproNederland\/?locale=nl_NL%2f","article_modified_time":"2026-04-22T09:33:11+00:00","og_image":[{"width":800,"height":800,"url":"https:\/\/touchproeurope.eu\/wp-content\/uploads\/2024\/01\/Ontwerp-zonder-titel-7.png","type":"image\/png"}],"twitter_card":"summary_large_image","twitter_misc":{"Prix":"&euro;&nbsp;299,00 incl. BTW","Disponibilit\u00e9":"En stock"},"schema":{"@context":"https:\/\/schema.org","@graph":[{"@type":"WebPage","@id":"https:\/\/touchproeurope.eu\/product\/hot-stone-spa-collectie\/","url":"https:\/\/touchproeurope.eu\/product\/hot-stone-spa-collectie\/","name":"Collection de spas aux pierres chaudes - TouchPro Europe Shop","isPartOf":{"@id":"https:\/\/touchproeurope.eu\/#website"},"primaryImageOfPage":{"@id":"https:\/\/touchproeurope.eu\/product\/hot-stone-spa-collectie\/#primaryimage"},"image":{"@id":"https:\/\/touchproeurope.eu\/product\/hot-stone-spa-collectie\/#primaryimage"},"thumbnailUrl":"https:\/\/i0.wp.com\/touchproeurope.eu\/wp-content\/uploads\/2024\/01\/Ontwerp-zonder-titel-7.png?fit=800%2C800&ssl=1","datePublished":"2024-01-21T16:58:49+00:00","dateModified":"2026-04-22T09:33:11+00:00","description":"Faites l'exp\u00e9rience d'une relaxation luxueuse avec notre Hot Stone Spa Collection. 8 pierres de basalte, chaleur, chromoth\u00e9rapie et aromath\u00e9rapie en un. Commandez d\u00e8s maintenant !","breadcrumb":{"@id":"https:\/\/touchproeurope.eu\/product\/hot-stone-spa-collectie\/#breadcrumb"},"inLanguage":"fr-FR","potentialAction":[{"@type":"ReadAction","target":["https:\/\/touchproeurope.eu\/product\/hot-stone-spa-collectie\/"]}]},{"@type":"ImageObject","inLanguage":"fr-FR","@id":"https:\/\/touchproeurope.eu\/product\/hot-stone-spa-collectie\/#primaryimage","url":"https:\/\/i0.wp.com\/touchproeurope.eu\/wp-content\/uploads\/2024\/01\/Ontwerp-zonder-titel-7.png?fit=800%2C800&ssl=1","contentUrl":"https:\/\/i0.wp.com\/touchproeurope.eu\/wp-content\/uploads\/2024\/01\/Ontwerp-zonder-titel-7.png?fit=800%2C800&ssl=1","width":800,"height":800,"caption":"Hot Stone Spa Collection"},{"@type":"BreadcrumbList","@id":"https:\/\/touchproeurope.eu\/product\/hot-stone-spa-collectie\/#breadcrumb","itemListElement":[{"@type":"ListItem","position":1,"name":"Home","item":"https:\/\/touchproeurope.eu\/"},{"@type":"ListItem","position":2,"name":"Winkel","item":"https:\/\/touchproeurope.eu\/winkel\/"},{"@type":"ListItem","position":3,"name":"Hot stone spa collectie"}]},{"@type":"WebSite","@id":"https:\/\/touchproeurope.eu\/#website","url":"https:\/\/touchproeurope.eu\/","name":"TouchPro Europe Shop","description":"Tout pour votre pratique avec une touche PROfessionnelle !","publisher":{"@id":"https:\/\/touchproeurope.eu\/#organization"},"alternateName":"TPE","potentialAction":[{"@type":"SearchAction","target":{"@type":"EntryPoint","urlTemplate":"https:\/\/touchproeurope.eu\/?s={search_term_string}"},"query-input":{"@type":"PropertyValueSpecification","valueRequired":true,"valueName":"search_term_string"}}],"inLanguage":"fr-FR"},{"@type":"Organization","@id":"https:\/\/touchproeurope.eu\/#organization","name":"TouchPro Europe BV","alternateName":"TPE","url":"https:\/\/touchproeurope.eu\/","logo":{"@type":"ImageObject","inLanguage":"fr-FR","@id":"https:\/\/touchproeurope.eu\/#\/schema\/logo\/image\/","url":"https:\/\/i0.wp.com\/touchproeurope.eu\/wp-content\/uploads\/2023\/10\/2b592c_b6944d80811246d987cc2c29accedf3f.png?fit=1417%2C531&ssl=1","contentUrl":"https:\/\/i0.wp.com\/touchproeurope.eu\/wp-content\/uploads\/2023\/10\/2b592c_b6944d80811246d987cc2c29accedf3f.png?fit=1417%2C531&ssl=1","width":1417,"height":531,"caption":"TouchPro Europe BV"},"image":{"@id":"https:\/\/touchproeurope.eu\/#\/schema\/logo\/image\/"},"sameAs":["https:\/\/www.facebook.com\/TouchproNederland\/?locale=nl_NL\/","https:\/\/www.instagram.com\/touchpro2016\/","https:\/\/www.linkedin.com\/company\/touchpro-europe-bv\/"],"description":"TouchPro Europe Shop est le magasin de massage de l'Europe. Nous vendons des produits de massage de qualit\u00e9 sup\u00e9rieure aux masseurs, p\u00e9dicures, physioth\u00e9rapeutes, manucures, centres de bien-\u00eatre, cours de formation, etc. TouchPro a commenc\u00e9 comme un petit magasin aux Pays-Bas, mais s'est maintenant d\u00e9velopp\u00e9 pour devenir un magasin avec des clients de toute l'Europe. Nous proposons une large gamme de produits de massage, notamment des tables de massage, des huiles, des cr\u00e8mes et des accessoires de grandes marques telles que Earthlite, Stronglite et InnerStrenght, Habys, Living Earth Crafts et Continuum, ainsi que d'autres fournisseurs d'accessoires de massage. Commandez ici les meilleurs produits de massage d'Europe !","email":"info@touchpro-europe.com","telephone":"0858768829","legalName":"TouchPro Europe BV","foundingDate":"2018-01-11","vatID":"NL855430151B01","numberOfEmployees":{"@type":"QuantitativeValue","minValue":"1","maxValue":"10"},"hasMerchantReturnPolicy":{"@type":"MerchantReturnPolicy","merchantReturnLink":"https:\/\/touchproeurope.eu\/fr\/retourbeleid\/"}}]},"product_price_amount":"299.00","product_price_currency":"EUR","og_availability":"instock","product_availability":"instock","product_condition":"new"},"_links":{"self":[{"href":"https:\/\/touchproeurope.eu\/fr\/wp-json\/wp\/v2\/product\/5069","targetHints":{"allow":["GET"]}}],"collection":[{"href":"https:\/\/touchproeurope.eu\/fr\/wp-json\/wp\/v2\/product"}],"about":[{"href":"https:\/\/touchproeurope.eu\/fr\/wp-json\/wp\/v2\/types\/product"}],"replies":[{"embeddable":true,"href":"https:\/\/touchproeurope.eu\/fr\/wp-json\/wp\/v2\/comments?post=5069"}],"version-history":[{"count":1,"href":"https:\/\/touchproeurope.eu\/fr\/wp-json\/wp\/v2\/product\/5069\/revisions"}],"predecessor-version":[{"id":5075,"href":"https:\/\/touchproeurope.eu\/fr\/wp-json\/wp\/v2\/product\/5069\/revisions\/5075"}],"wp:featuredmedia":[{"embeddable":true,"href":"https:\/\/touchproeurope.eu\/fr\/wp-json\/wp\/v2\/media\/5070"}],"wp:attachment":[{"href":"https:\/\/touchproeurope.eu\/fr\/wp-json\/wp\/v2\/media?parent=5069"}],"wp:term":[{"taxonomy":"product_brand","embeddable":true,"href":"https:\/\/touchproeurope.eu\/fr\/wp-json\/wp\/v2\/product_brand?post=5069"},{"taxonomy":"product_cat","embeddable":true,"href":"https:\/\/touchproeurope.eu\/fr\/wp-json\/wp\/v2\/product_cat?post=5069"},{"taxonomy":"product_tag","embeddable":true,"href":"https:\/\/touchproeurope.eu\/fr\/wp-json\/wp\/v2\/product_tag?post=5069"}],"curies":[{"name":"wp","href":"https:\/\/api.w.org\/{rel}","templated":true}]}}