{"id":6540,"date":"2024-08-29T11:23:50","date_gmt":"2024-08-29T11:23:50","guid":{"rendered":"https:\/\/touchproeurope.eu\/?post_type=product&#038;p=6540"},"modified":"2026-05-12T09:25:20","modified_gmt":"2026-05-12T09:25:20","slug":"earthlite-dura_luxe-housse-dappui-tete-en-flanelle","status":"publish","type":"product","link":"https:\/\/touchproeurope.eu\/fr\/product\/earthlite-dura_luxe-flannel-hoofdsteunhoes\/","title":{"rendered":"Earthlite DURA-LUXE housse d'appui-t\u00eate en flanelle (2 paquets)"},"content":{"rendered":"<p>La housse d'appui-t\u00eate en flanelle Earthlite DURA_LUXE offre un niveau de confort et de durabilit\u00e9 in\u00e9gal\u00e9. Cette housse de haute qualit\u00e9 est plus \u00e9paisse, plus chaude et plus durable que les housses en flanelle ordinaires. La housse d'oreiller Earthlite est fabriqu\u00e9e en coton luxueux, doublement froiss\u00e9 et velout\u00e9 au toucher. Ce mat\u00e9riau a \u00e9t\u00e9 pr\u00e9lav\u00e9 pour am\u00e9liorer la durabilit\u00e9 et le confort.<\/p>\n<p>Cette housse en flanelle est sp\u00e9cialement con\u00e7ue pour les coussins modernes en forme de croissant qui sont l\u00e9g\u00e8rement plus amples. La housse d'appui-t\u00eate en flanelle Earthlite DURA_LUXE est livr\u00e9e avec deux housses d'appui-t\u00eate Pro-Fit\u2122 qui s'adaptent parfaitement \u00e0 ces coussins. Gr\u00e2ce \u00e0 la fermeture velcro, la housse reste bien en place, garantissant une exp\u00e9rience de massage stable et confortable.<\/p>\n<p>En outre, cette housse de massage nettoyable est pratique \u00e0 utiliser. Le coton velout\u00e9 est particuli\u00e8rement confortable et contribue \u00e0 une exp\u00e9rience de massage luxueuse. La housse est facile \u00e0 entretenir et peut \u00eatre lav\u00e9e en machine, de sorte qu'elle reste toujours propre et fra\u00eeche.<\/p>\n<p>Choisir la housse d'appui-t\u00eate en coton, c'est opter pour une qualit\u00e9 sup\u00e9rieure et une utilisation \u00e0 long terme. Cette housse prot\u00e8ge votre appui-t\u00eate de l'usure et de la salet\u00e9, tout en offrant un aspect professionnel. Avec cette housse d'appui-t\u00eate en flanelle, vous offrez le plus haut niveau de confort et d'hygi\u00e8ne \u00e0 vos clients.<\/p>\n<p>C'est pourquoi la housse d'appui-t\u00eate en flanelle Earthlite DURA_LUXE est le choix id\u00e9al pour les massoth\u00e9rapeutes qui appr\u00e9cient le luxe et la fonctionnalit\u00e9. Cette housse offre une excellente combinaison de durabilit\u00e9, de confort et de style.<\/p>","protected":false},"excerpt":{"rendered":"<p>De Earthlite DURA_LUXE flannel hoofdsteunhoes biedt een onge\u00ebvenaard niveau van comfort en duurzaamheid. Deze hoogwaardige hoes is dikker, warmer en duurzamer dan gewone flanellen hoesjes. De Earthlite hoofdkussenhoes is vervaardigd uit luxe, dubbel opgeruwd katoen dat fluweelachtig aanvoelt. Dit materiaal is vooraf gewassen om de duurzaamheid en het comfort te verbeteren. Deze flanellen hoes is [&hellip;]<\/p>\n","protected":false},"featured_media":6549,"comment_status":"open","ping_status":"closed","template":"","meta":[],"product_brand":[343],"product_cat":[109,480],"product_tag":[85,298,277,295],"class_list":{"0":"post-6540","1":"product","2":"type-product","3":"status-publish","4":"has-post-thumbnail","6":"product_brand-earthlite","7":"product_cat-katoenen-covers-tafellinnen","8":"product_cat-tafellinnen-covers","9":"product_tag-earthlite","10":"product_tag-hoofdsteunhoes","11":"product_tag-katoen","12":"product_tag-reinigbaar","13":"product_shipping_class-normaal-pakket","14":"pa_kleur-latte","15":"pa_kleur-natural","16":"pa_kleur-wit","17":"pa_merk-earthlite","19":"first","20":"instock","21":"taxable","22":"shipping-taxable","23":"purchasable","24":"product-type-variable"},"yoast_head":"<!-- This site is optimized with the Yoast SEO Premium plugin v27.6 (Yoast SEO v27.6) - https:\/\/yoast.com\/product\/yoast-seo-premium-wordpress\/ -->\n<title>Earthlite DURA-LUXE flannel hoofdsteunhoes (2-packs) - TouchPro Europe Shop<\/title>\n<meta name=\"description\" content=\"Ervaar onge\u00ebvenaard comfort met de Earthlite DURA_LUXE flannel hoofdsteunhoes. Gemaakt van fluweelachtig katoen het beste comfort. Bestel jouw cover hier!\" \/>\n<meta name=\"robots\" content=\"index, follow, max-snippet:-1, max-image-preview:large, max-video-preview:-1\" \/>\n<link rel=\"canonical\" href=\"https:\/\/touchproeurope.eu\/fr\/product\/earthlite-dura_luxe-housse-dappui-tete-en-flanelle\/\" \/>\n<meta property=\"og:locale\" content=\"fr_FR\" \/>\n<meta property=\"og:type\" content=\"article\" \/>\n<meta property=\"og:title\" content=\"Earthlite DURA-LUXE flannel hoofdsteunhoes (2-packs)\" \/>\n<meta property=\"og:description\" content=\"Ervaar onge\u00ebvenaard comfort met de Earthlite DURA_LUXE flannel hoofdsteunhoes. Gemaakt van fluweelachtig katoen het beste comfort. Bestel jouw cover hier!\" \/>\n<meta property=\"og:url\" content=\"https:\/\/touchproeurope.eu\/fr\/product\/earthlite-dura_luxe-housse-dappui-tete-en-flanelle\/\" \/>\n<meta property=\"og:site_name\" content=\"TouchPro Europe Shop\" \/>\n<meta property=\"article:publisher\" content=\"https:\/\/www.facebook.com\/TouchproNederland\/?locale=nl_NL%2f\" \/>\n<meta property=\"article:modified_time\" content=\"2026-05-12T09:25:20+00:00\" \/>\n<meta property=\"og:image\" content=\"https:\/\/touchproeurope.eu\/wp-content\/uploads\/2024\/08\/flannel_-_crescent_cover_-_white_4-1.jpg\" \/>\n\t<meta property=\"og:image:width\" content=\"1200\" \/>\n\t<meta property=\"og:image:height\" content=\"1200\" \/>\n\t<meta property=\"og:image:type\" content=\"image\/jpeg\" \/>\n<meta name=\"twitter:card\" content=\"summary_large_image\" \/>\n<meta name=\"twitter:label1\" content=\"Disponibilit\u00e9\" \/>\n\t<meta name=\"twitter:data1\" content=\"En stock\" \/>\n<script type=\"application\/ld+json\" class=\"yoast-schema-graph\">{\"@context\":\"https:\\\/\\\/schema.org\",\"@graph\":[{\"@type\":\"WebPage\",\"@id\":\"https:\\\/\\\/touchproeurope.eu\\\/product\\\/earthlite-dura_luxe-flannel-hoofdsteunhoes\\\/\",\"url\":\"https:\\\/\\\/touchproeurope.eu\\\/product\\\/earthlite-dura_luxe-flannel-hoofdsteunhoes\\\/\",\"name\":\"Earthlite DURA-LUXE flannel hoofdsteunhoes (2-packs) - TouchPro Europe Shop\",\"isPartOf\":{\"@id\":\"https:\\\/\\\/touchproeurope.eu\\\/#website\"},\"primaryImageOfPage\":{\"@id\":\"https:\\\/\\\/touchproeurope.eu\\\/product\\\/earthlite-dura_luxe-flannel-hoofdsteunhoes\\\/#primaryimage\"},\"image\":{\"@id\":\"https:\\\/\\\/touchproeurope.eu\\\/product\\\/earthlite-dura_luxe-flannel-hoofdsteunhoes\\\/#primaryimage\"},\"thumbnailUrl\":\"https:\\\/\\\/i0.wp.com\\\/touchproeurope.eu\\\/wp-content\\\/uploads\\\/2024\\\/08\\\/flannel_-_crescent_cover_-_white_4-1.jpg?fit=1200%2C1200&ssl=1\",\"datePublished\":\"2024-08-29T11:23:50+00:00\",\"dateModified\":\"2026-05-12T09:25:20+00:00\",\"description\":\"Ervaar onge\u00ebvenaard comfort met de Earthlite DURA_LUXE flannel hoofdsteunhoes. Gemaakt van fluweelachtig katoen het beste comfort. Bestel jouw cover hier!\",\"breadcrumb\":{\"@id\":\"https:\\\/\\\/touchproeurope.eu\\\/product\\\/earthlite-dura_luxe-flannel-hoofdsteunhoes\\\/#breadcrumb\"},\"inLanguage\":\"fr-FR\",\"potentialAction\":[{\"@type\":\"ReadAction\",\"target\":[\"https:\\\/\\\/touchproeurope.eu\\\/product\\\/earthlite-dura_luxe-flannel-hoofdsteunhoes\\\/\"]}]},{\"@type\":\"ImageObject\",\"inLanguage\":\"fr-FR\",\"@id\":\"https:\\\/\\\/touchproeurope.eu\\\/product\\\/earthlite-dura_luxe-flannel-hoofdsteunhoes\\\/#primaryimage\",\"url\":\"https:\\\/\\\/i0.wp.com\\\/touchproeurope.eu\\\/wp-content\\\/uploads\\\/2024\\\/08\\\/flannel_-_crescent_cover_-_white_4-1.jpg?fit=1200%2C1200&ssl=1\",\"contentUrl\":\"https:\\\/\\\/i0.wp.com\\\/touchproeurope.eu\\\/wp-content\\\/uploads\\\/2024\\\/08\\\/flannel_-_crescent_cover_-_white_4-1.jpg?fit=1200%2C1200&ssl=1\",\"width\":1200,\"height\":1200,\"caption\":\"Earthlite DURA_LUXE flannel hoofdsteunhoes\"},{\"@type\":\"BreadcrumbList\",\"@id\":\"https:\\\/\\\/touchproeurope.eu\\\/product\\\/earthlite-dura_luxe-flannel-hoofdsteunhoes\\\/#breadcrumb\",\"itemListElement\":[{\"@type\":\"ListItem\",\"position\":1,\"name\":\"Home\",\"item\":\"https:\\\/\\\/touchproeurope.eu\\\/\"},{\"@type\":\"ListItem\",\"position\":2,\"name\":\"Winkel\",\"item\":\"https:\\\/\\\/touchproeurope.eu\\\/winkel\\\/\"},{\"@type\":\"ListItem\",\"position\":3,\"name\":\"Earthlite DURA-LUXE flannel hoofdsteunhoes (2-packs)\"}]},{\"@type\":\"WebSite\",\"@id\":\"https:\\\/\\\/touchproeurope.eu\\\/#website\",\"url\":\"https:\\\/\\\/touchproeurope.eu\\\/\",\"name\":\"TouchPro Europe Shop\",\"description\":\"Alles voor jouw praktijk met een PROfessionele Touch!\",\"publisher\":{\"@id\":\"https:\\\/\\\/touchproeurope.eu\\\/#organization\"},\"alternateName\":\"TPE\",\"potentialAction\":[{\"@type\":\"SearchAction\",\"target\":{\"@type\":\"EntryPoint\",\"urlTemplate\":\"https:\\\/\\\/touchproeurope.eu\\\/?s={search_term_string}\"},\"query-input\":{\"@type\":\"PropertyValueSpecification\",\"valueRequired\":true,\"valueName\":\"search_term_string\"}}],\"inLanguage\":\"fr-FR\"},{\"@type\":\"Organization\",\"@id\":\"https:\\\/\\\/touchproeurope.eu\\\/#organization\",\"name\":\"TouchPro Europe BV\",\"alternateName\":\"TPE\",\"url\":\"https:\\\/\\\/touchproeurope.eu\\\/\",\"logo\":{\"@type\":\"ImageObject\",\"inLanguage\":\"fr-FR\",\"@id\":\"https:\\\/\\\/touchproeurope.eu\\\/#\\\/schema\\\/logo\\\/image\\\/\",\"url\":\"https:\\\/\\\/i0.wp.com\\\/touchproeurope.eu\\\/wp-content\\\/uploads\\\/2023\\\/10\\\/2b592c_b6944d80811246d987cc2c29accedf3f.png?fit=1417%2C531&ssl=1\",\"contentUrl\":\"https:\\\/\\\/i0.wp.com\\\/touchproeurope.eu\\\/wp-content\\\/uploads\\\/2023\\\/10\\\/2b592c_b6944d80811246d987cc2c29accedf3f.png?fit=1417%2C531&ssl=1\",\"width\":1417,\"height\":531,\"caption\":\"TouchPro Europe BV\"},\"image\":{\"@id\":\"https:\\\/\\\/touchproeurope.eu\\\/#\\\/schema\\\/logo\\\/image\\\/\"},\"sameAs\":[\"https:\\\/\\\/www.facebook.com\\\/TouchproNederland\\\/?locale=nl_NL\\\/\",\"https:\\\/\\\/www.instagram.com\\\/touchpro2016\\\/\",\"https:\\\/\\\/www.linkedin.com\\\/company\\\/touchpro-europe-bv\\\/\"],\"description\":\"TouchPro Europe Shop is de massage winkel van Europa. Wij verkopen topkwaliteit massageproducten aan masseurs, pedicures, fysiotherapeuten, manicuren, Wellness centra, opleidingen, etc. TouchPro begon als een kleine webshop in Nederland, maar is nu uitgegroeid tot een webshop met klanten uit heel Europa. Wij bieden een breed assortiment aan massageproducten, waaronder massagetafels, oli\u00ebn, cr\u00e8mes, en accessoires van topmerken, zoals Earthlite, Stronglite en InnerStrenght, Habys, Living Earth Crafts en Continuum en andere leveranciers van massage accessoires. Bestel hier de beste massagematerialen van Europa!\",\"email\":\"info@touchpro-europe.com\",\"telephone\":\"0858768829\",\"legalName\":\"TouchPro Europe BV\",\"foundingDate\":\"2018-01-11\",\"vatID\":\"NL855430151B01\",\"numberOfEmployees\":{\"@type\":\"QuantitativeValue\",\"minValue\":\"1\",\"maxValue\":\"10\"},\"hasMerchantReturnPolicy\":{\"@type\":\"MerchantReturnPolicy\",\"merchantReturnLink\":\"https:\\\/\\\/touchproeurope.eu\\\/fr\\\/retourbeleid\\\/\"}}]}<\/script>\n<meta property=\"product:brand\" content=\"Earthlite\" \/>\n<meta property=\"og:availability\" content=\"instock\" \/>\n<meta property=\"product:availability\" content=\"instock\" \/>\n<meta property=\"product:retailer_item_id\" content=\"42150\" \/>\n<meta property=\"product:condition\" content=\"new\" \/>\n<!-- \/ Yoast SEO Premium plugin. -->","yoast_head_json":{"title":"Housse de repose-t\u00eate en flanelle Earthlite DURA-LUXE (lot de 2) - TouchPro Europe Shop","description":"Faites l'exp\u00e9rience d'un confort in\u00e9gal\u00e9 avec la housse d'appui-t\u00eate en flanelle Earthlite DURA_LUXE. Fabriqu\u00e9e en coton velout\u00e9 pour un confort optimal. Commandez votre housse ici !","robots":{"index":"index","follow":"follow","max-snippet":"max-snippet:-1","max-image-preview":"max-image-preview:large","max-video-preview":"max-video-preview:-1"},"canonical":"https:\/\/touchproeurope.eu\/fr\/product\/earthlite-dura_luxe-housse-dappui-tete-en-flanelle\/","og_locale":"fr_FR","og_type":"article","og_title":"Earthlite DURA-LUXE flannel hoofdsteunhoes (2-packs)","og_description":"Ervaar onge\u00ebvenaard comfort met de Earthlite DURA_LUXE flannel hoofdsteunhoes. Gemaakt van fluweelachtig katoen het beste comfort. Bestel jouw cover hier!","og_url":"https:\/\/touchproeurope.eu\/fr\/product\/earthlite-dura_luxe-housse-dappui-tete-en-flanelle\/","og_site_name":"TouchPro Europe Shop","article_publisher":"https:\/\/www.facebook.com\/TouchproNederland\/?locale=nl_NL%2f","article_modified_time":"2026-05-12T09:25:20+00:00","og_image":[{"width":1200,"height":1200,"url":"https:\/\/touchproeurope.eu\/wp-content\/uploads\/2024\/08\/flannel_-_crescent_cover_-_white_4-1.jpg","type":"image\/jpeg"}],"twitter_card":"summary_large_image","twitter_misc":{"Disponibilit\u00e9":"En stock"},"schema":{"@context":"https:\/\/schema.org","@graph":[{"@type":"WebPage","@id":"https:\/\/touchproeurope.eu\/product\/earthlite-dura_luxe-flannel-hoofdsteunhoes\/","url":"https:\/\/touchproeurope.eu\/product\/earthlite-dura_luxe-flannel-hoofdsteunhoes\/","name":"Housse de repose-t\u00eate en flanelle Earthlite DURA-LUXE (lot de 2) - TouchPro Europe Shop","isPartOf":{"@id":"https:\/\/touchproeurope.eu\/#website"},"primaryImageOfPage":{"@id":"https:\/\/touchproeurope.eu\/product\/earthlite-dura_luxe-flannel-hoofdsteunhoes\/#primaryimage"},"image":{"@id":"https:\/\/touchproeurope.eu\/product\/earthlite-dura_luxe-flannel-hoofdsteunhoes\/#primaryimage"},"thumbnailUrl":"https:\/\/i0.wp.com\/touchproeurope.eu\/wp-content\/uploads\/2024\/08\/flannel_-_crescent_cover_-_white_4-1.jpg?fit=1200%2C1200&ssl=1","datePublished":"2024-08-29T11:23:50+00:00","dateModified":"2026-05-12T09:25:20+00:00","description":"Faites l'exp\u00e9rience d'un confort in\u00e9gal\u00e9 avec la housse d'appui-t\u00eate en flanelle Earthlite DURA_LUXE. Fabriqu\u00e9e en coton velout\u00e9 pour un confort optimal. Commandez votre housse ici !","breadcrumb":{"@id":"https:\/\/touchproeurope.eu\/product\/earthlite-dura_luxe-flannel-hoofdsteunhoes\/#breadcrumb"},"inLanguage":"fr-FR","potentialAction":[{"@type":"ReadAction","target":["https:\/\/touchproeurope.eu\/product\/earthlite-dura_luxe-flannel-hoofdsteunhoes\/"]}]},{"@type":"ImageObject","inLanguage":"fr-FR","@id":"https:\/\/touchproeurope.eu\/product\/earthlite-dura_luxe-flannel-hoofdsteunhoes\/#primaryimage","url":"https:\/\/i0.wp.com\/touchproeurope.eu\/wp-content\/uploads\/2024\/08\/flannel_-_crescent_cover_-_white_4-1.jpg?fit=1200%2C1200&ssl=1","contentUrl":"https:\/\/i0.wp.com\/touchproeurope.eu\/wp-content\/uploads\/2024\/08\/flannel_-_crescent_cover_-_white_4-1.jpg?fit=1200%2C1200&ssl=1","width":1200,"height":1200,"caption":"Earthlite DURA_LUXE flannel hoofdsteunhoes"},{"@type":"BreadcrumbList","@id":"https:\/\/touchproeurope.eu\/product\/earthlite-dura_luxe-flannel-hoofdsteunhoes\/#breadcrumb","itemListElement":[{"@type":"ListItem","position":1,"name":"Home","item":"https:\/\/touchproeurope.eu\/"},{"@type":"ListItem","position":2,"name":"Winkel","item":"https:\/\/touchproeurope.eu\/winkel\/"},{"@type":"ListItem","position":3,"name":"Earthlite DURA-LUXE flannel hoofdsteunhoes (2-packs)"}]},{"@type":"WebSite","@id":"https:\/\/touchproeurope.eu\/#website","url":"https:\/\/touchproeurope.eu\/","name":"TouchPro Europe Shop","description":"Tout pour votre pratique avec une touche PROfessionnelle !","publisher":{"@id":"https:\/\/touchproeurope.eu\/#organization"},"alternateName":"TPE","potentialAction":[{"@type":"SearchAction","target":{"@type":"EntryPoint","urlTemplate":"https:\/\/touchproeurope.eu\/?s={search_term_string}"},"query-input":{"@type":"PropertyValueSpecification","valueRequired":true,"valueName":"search_term_string"}}],"inLanguage":"fr-FR"},{"@type":"Organization","@id":"https:\/\/touchproeurope.eu\/#organization","name":"TouchPro Europe BV","alternateName":"TPE","url":"https:\/\/touchproeurope.eu\/","logo":{"@type":"ImageObject","inLanguage":"fr-FR","@id":"https:\/\/touchproeurope.eu\/#\/schema\/logo\/image\/","url":"https:\/\/i0.wp.com\/touchproeurope.eu\/wp-content\/uploads\/2023\/10\/2b592c_b6944d80811246d987cc2c29accedf3f.png?fit=1417%2C531&ssl=1","contentUrl":"https:\/\/i0.wp.com\/touchproeurope.eu\/wp-content\/uploads\/2023\/10\/2b592c_b6944d80811246d987cc2c29accedf3f.png?fit=1417%2C531&ssl=1","width":1417,"height":531,"caption":"TouchPro Europe BV"},"image":{"@id":"https:\/\/touchproeurope.eu\/#\/schema\/logo\/image\/"},"sameAs":["https:\/\/www.facebook.com\/TouchproNederland\/?locale=nl_NL\/","https:\/\/www.instagram.com\/touchpro2016\/","https:\/\/www.linkedin.com\/company\/touchpro-europe-bv\/"],"description":"TouchPro Europe Shop est le magasin de massage de l'Europe. Nous vendons des produits de massage de qualit\u00e9 sup\u00e9rieure aux masseurs, p\u00e9dicures, physioth\u00e9rapeutes, manucures, centres de bien-\u00eatre, cours de formation, etc. TouchPro a commenc\u00e9 comme un petit magasin aux Pays-Bas, mais s'est maintenant d\u00e9velopp\u00e9 pour devenir un magasin avec des clients de toute l'Europe. Nous proposons une large gamme de produits de massage, notamment des tables de massage, des huiles, des cr\u00e8mes et des accessoires de grandes marques telles que Earthlite, Stronglite et InnerStrenght, Habys, Living Earth Crafts et Continuum, ainsi que d'autres fournisseurs d'accessoires de massage. Commandez ici les meilleurs produits de massage d'Europe !","email":"info@touchpro-europe.com","telephone":"0858768829","legalName":"TouchPro Europe BV","foundingDate":"2018-01-11","vatID":"NL855430151B01","numberOfEmployees":{"@type":"QuantitativeValue","minValue":"1","maxValue":"10"},"hasMerchantReturnPolicy":{"@type":"MerchantReturnPolicy","merchantReturnLink":"https:\/\/touchproeurope.eu\/fr\/retourbeleid\/"}}]},"product_brand":"Earthlite","og_availability":"instock","product_availability":"instock","product_retailer_item_id":"42150","product_condition":"new"},"_links":{"self":[{"href":"https:\/\/touchproeurope.eu\/fr\/wp-json\/wp\/v2\/product\/6540","targetHints":{"allow":["GET"]}}],"collection":[{"href":"https:\/\/touchproeurope.eu\/fr\/wp-json\/wp\/v2\/product"}],"about":[{"href":"https:\/\/touchproeurope.eu\/fr\/wp-json\/wp\/v2\/types\/product"}],"replies":[{"embeddable":true,"href":"https:\/\/touchproeurope.eu\/fr\/wp-json\/wp\/v2\/comments?post=6540"}],"version-history":[{"count":2,"href":"https:\/\/touchproeurope.eu\/fr\/wp-json\/wp\/v2\/product\/6540\/revisions"}],"predecessor-version":[{"id":15096,"href":"https:\/\/touchproeurope.eu\/fr\/wp-json\/wp\/v2\/product\/6540\/revisions\/15096"}],"wp:featuredmedia":[{"embeddable":true,"href":"https:\/\/touchproeurope.eu\/fr\/wp-json\/wp\/v2\/media\/6549"}],"wp:attachment":[{"href":"https:\/\/touchproeurope.eu\/fr\/wp-json\/wp\/v2\/media?parent=6540"}],"wp:term":[{"taxonomy":"product_brand","embeddable":true,"href":"https:\/\/touchproeurope.eu\/fr\/wp-json\/wp\/v2\/product_brand?post=6540"},{"taxonomy":"product_cat","embeddable":true,"href":"https:\/\/touchproeurope.eu\/fr\/wp-json\/wp\/v2\/product_cat?post=6540"},{"taxonomy":"product_tag","embeddable":true,"href":"https:\/\/touchproeurope.eu\/fr\/wp-json\/wp\/v2\/product_tag?post=6540"}],"curies":[{"name":"wp","href":"https:\/\/api.w.org\/{rel}","templated":true}]}}