{"id":6681,"date":"2025-02-18T13:01:05","date_gmt":"2025-02-18T13:01:05","guid":{"rendered":"https:\/\/touchproeurope.eu\/?post_type=product&#038;p=6681"},"modified":"2026-04-22T09:33:35","modified_gmt":"2026-04-22T09:33:35","slug":"earthlite-breathe-easy-headrest-pocket-emballe-par-5","status":"publish","type":"product","link":"https:\/\/touchproeurope.eu\/fr\/product\/earthlite-breathe-easy-hoofdsteunvak-per-5-verpakt\/","title":{"rendered":"Earthlite breathe-Easy\u2122 headrest pocket emball\u00e9 par 5"},"content":{"rendered":"<p>La pochette pour t\u00eati\u00e8re Earthlite Breathe-Easy\u2122 offre une protection \u00e0 votre personnel et \u00e0 vos clients, tout en garantissant une position respiratoire plus confortable pendant les massages. Cette housse innovante cr\u00e9e un environnement clos qui aide \u00e0 pi\u00e9ger les particules respiratoires et les a\u00e9rosols potentiellement viraux. Dans le m\u00eame temps, le mat\u00e9riau en microfibre assure un \u00e9change efficace d'oxyg\u00e8ne et de CO2, facilitant ainsi la respiration.<\/p>\n<p>La pochette d'appui-t\u00eate Earthlite Breathe-Easy\u2122 s'adapte sans effort aux plates-formes d'appui-t\u00eate les plus courantes et est facile \u00e0 installer. Ce produit augmente non seulement le confort du client, mais contribue \u00e9galement \u00e0 un environnement de traitement plus s\u00fbr. Gr\u00e2ce \u00e0 des mat\u00e9riaux de haute qualit\u00e9 et \u00e0 des coutures professionnelles, la pochette est durable et peut r\u00e9sister \u00e0 une utilisation intensive.<\/p>\n<p>Un autre avantage de cette pochette d'appui-t\u00eate est la possibilit\u00e9 d'ajouter un coussin d'aromath\u00e9rapie, ce qui rend l'exp\u00e9rience du massage encore plus agr\u00e9able. Elle est \u00e9galement r\u00e9utilisable, lavable en machine et infroissable, ce qui en facilite l'entretien. La bordure \u00e9lastique garantit un ajustement parfait et augmente la durabilit\u00e9 du produit.<\/p>\n<p>Cette housse efficace est disponible en paquets de 5 pratiques, id\u00e9aux pour les cabinets tr\u00e8s occup\u00e9s. La pochette pour t\u00eati\u00e8re Earthlite Breathe-Easy\u2122 est con\u00e7ue pour am\u00e9liorer la qualit\u00e9 de l'air en laissant passer de l'air frais et riche en oxyg\u00e8ne. Dans le m\u00eame temps, les clients sont prot\u00e9g\u00e9s de la propagation de particules nocives.<\/p>","protected":false},"excerpt":{"rendered":"<p>Het Earthlite Breathe-Easy\u2122 hoofdsteunvak biedt bescherming voor zowel uw personeel als uw klanten, terwijl het zorgt voor een comfortabelere ademhalingspositie tijdens massages. Deze innovatieve hoes cre\u00ebert een afgesloten omgeving die helpt om ademhalingsdeeltjes en mogelijk virale aerosolen op te vangen. Tegelijkertijd zorgt het microfiber materiaal voor een effici\u00ebnte uitwisseling van zuurstof en CO2, wat de [&hellip;]<\/p>\n","protected":false},"featured_media":6683,"comment_status":"open","ping_status":"closed","template":"","meta":[],"product_brand":[343],"product_cat":[99,101],"product_tag":[303,304,85,302,306,305],"class_list":{"0":"post-6681","1":"product","2":"type-product","3":"status-publish","4":"has-post-thumbnail","6":"product_brand-earthlite","7":"product_cat-accessoires","8":"product_cat-hoofdsteunen-en-kussens","9":"product_tag-ademhalingspositie","10":"product_tag-berscherming","11":"product_tag-earthlite","12":"product_tag-hoofdsteunvak","13":"product_tag-klant","14":"product_tag-personeel","15":"product_shipping_class-klein-pakket","16":"pa_merk-earthlite","18":"first","19":"instock","20":"taxable","21":"shipping-taxable","22":"purchasable","23":"product-type-simple"},"yoast_head":"<!-- This site is optimized with the Yoast SEO Premium plugin v27.4 (Yoast SEO v27.4) - https:\/\/yoast.com\/product\/yoast-seo-premium-wordpress\/ -->\n<title>Earthlite breathe-Easy\u2122 hoofdsteunvak per 5 verpakt - TouchPro Europe Shop<\/title>\n<meta name=\"description\" content=\"Bescherm uw personeel en klanten tijdens massages met het Earthlite Breathe-Easy\u2122 hoofdsteunvak. Cre\u00eber een comfortabele ademhalingspositie en vang ademhalingsdeeltjes op. Bestel nu!\" \/>\n<meta name=\"robots\" content=\"index, follow, max-snippet:-1, max-image-preview:large, max-video-preview:-1\" \/>\n<link rel=\"canonical\" href=\"https:\/\/touchproeurope.eu\/fr\/product\/earthlite-breathe-easy-headrest-pocket-emballe-par-5\/\" \/>\n<meta property=\"og:locale\" content=\"fr_FR\" \/>\n<meta property=\"og:type\" content=\"article\" \/>\n<meta property=\"og:title\" content=\"Earthlite breathe-Easy\u2122 hoofdsteunvak per 5 verpakt\" \/>\n<meta property=\"og:description\" content=\"Bescherm uw personeel en klanten tijdens massages met het Earthlite Breathe-Easy\u2122 hoofdsteunvak. Cre\u00eber een comfortabele ademhalingspositie en vang ademhalingsdeeltjes op. Bestel nu!\" \/>\n<meta property=\"og:url\" content=\"https:\/\/touchproeurope.eu\/fr\/product\/earthlite-breathe-easy-headrest-pocket-emballe-par-5\/\" \/>\n<meta property=\"og:site_name\" content=\"TouchPro Europe Shop\" \/>\n<meta property=\"article:publisher\" content=\"https:\/\/www.facebook.com\/TouchproNederland\/?locale=nl_NL%2f\" \/>\n<meta property=\"article:modified_time\" content=\"2026-04-22T09:33:35+00:00\" \/>\n<meta property=\"og:image\" content=\"https:\/\/touchproeurope.eu\/wp-content\/uploads\/2024\/09\/50472534477_75416d79f6_c.jpg\" \/>\n\t<meta property=\"og:image:width\" content=\"800\" \/>\n\t<meta property=\"og:image:height\" content=\"800\" \/>\n\t<meta property=\"og:image:type\" content=\"image\/jpeg\" \/>\n<meta name=\"twitter:card\" content=\"summary_large_image\" \/>\n<meta name=\"twitter:label1\" content=\"Prix\" \/>\n\t<meta name=\"twitter:data1\" content=\"&euro;&nbsp;20,00 incl. BTW\" \/>\n\t<meta name=\"twitter:label2\" content=\"Disponibilit\u00e9\" \/>\n\t<meta name=\"twitter:data2\" content=\"En stock\" \/>\n<script type=\"application\/ld+json\" class=\"yoast-schema-graph\">{\"@context\":\"https:\\\/\\\/schema.org\",\"@graph\":[{\"@type\":\"WebPage\",\"@id\":\"https:\\\/\\\/touchproeurope.eu\\\/product\\\/earthlite-breathe-easy-hoofdsteunvak-per-5-verpakt\\\/\",\"url\":\"https:\\\/\\\/touchproeurope.eu\\\/product\\\/earthlite-breathe-easy-hoofdsteunvak-per-5-verpakt\\\/\",\"name\":\"Earthlite breathe-Easy\u2122 hoofdsteunvak per 5 verpakt - TouchPro Europe Shop\",\"isPartOf\":{\"@id\":\"https:\\\/\\\/touchproeurope.eu\\\/#website\"},\"primaryImageOfPage\":{\"@id\":\"https:\\\/\\\/touchproeurope.eu\\\/product\\\/earthlite-breathe-easy-hoofdsteunvak-per-5-verpakt\\\/#primaryimage\"},\"image\":{\"@id\":\"https:\\\/\\\/touchproeurope.eu\\\/product\\\/earthlite-breathe-easy-hoofdsteunvak-per-5-verpakt\\\/#primaryimage\"},\"thumbnailUrl\":\"https:\\\/\\\/i0.wp.com\\\/touchproeurope.eu\\\/wp-content\\\/uploads\\\/2024\\\/09\\\/50472534477_75416d79f6_c.jpg?fit=800%2C800&ssl=1\",\"datePublished\":\"2025-02-18T13:01:05+00:00\",\"dateModified\":\"2026-04-22T09:33:35+00:00\",\"description\":\"Bescherm uw personeel en klanten tijdens massages met het Earthlite Breathe-Easy\u2122 hoofdsteunvak. Cre\u00eber een comfortabele ademhalingspositie en vang ademhalingsdeeltjes op. Bestel nu!\",\"breadcrumb\":{\"@id\":\"https:\\\/\\\/touchproeurope.eu\\\/product\\\/earthlite-breathe-easy-hoofdsteunvak-per-5-verpakt\\\/#breadcrumb\"},\"inLanguage\":\"fr-FR\",\"potentialAction\":[{\"@type\":\"ReadAction\",\"target\":[\"https:\\\/\\\/touchproeurope.eu\\\/product\\\/earthlite-breathe-easy-hoofdsteunvak-per-5-verpakt\\\/\"]}]},{\"@type\":\"ImageObject\",\"inLanguage\":\"fr-FR\",\"@id\":\"https:\\\/\\\/touchproeurope.eu\\\/product\\\/earthlite-breathe-easy-hoofdsteunvak-per-5-verpakt\\\/#primaryimage\",\"url\":\"https:\\\/\\\/i0.wp.com\\\/touchproeurope.eu\\\/wp-content\\\/uploads\\\/2024\\\/09\\\/50472534477_75416d79f6_c.jpg?fit=800%2C800&ssl=1\",\"contentUrl\":\"https:\\\/\\\/i0.wp.com\\\/touchproeurope.eu\\\/wp-content\\\/uploads\\\/2024\\\/09\\\/50472534477_75416d79f6_c.jpg?fit=800%2C800&ssl=1\",\"width\":800,\"height\":800,\"caption\":\"Earthlite breathe-Easy\u2122 hoofdsteunvak per 5 verpakt\"},{\"@type\":\"BreadcrumbList\",\"@id\":\"https:\\\/\\\/touchproeurope.eu\\\/product\\\/earthlite-breathe-easy-hoofdsteunvak-per-5-verpakt\\\/#breadcrumb\",\"itemListElement\":[{\"@type\":\"ListItem\",\"position\":1,\"name\":\"Home\",\"item\":\"https:\\\/\\\/touchproeurope.eu\\\/\"},{\"@type\":\"ListItem\",\"position\":2,\"name\":\"Winkel\",\"item\":\"https:\\\/\\\/touchproeurope.eu\\\/winkel\\\/\"},{\"@type\":\"ListItem\",\"position\":3,\"name\":\"Earthlite breathe-Easy\u2122 hoofdsteunvak per 5 verpakt\"}]},{\"@type\":\"WebSite\",\"@id\":\"https:\\\/\\\/touchproeurope.eu\\\/#website\",\"url\":\"https:\\\/\\\/touchproeurope.eu\\\/\",\"name\":\"TouchPro Europe Shop\",\"description\":\"Alles voor jouw praktijk met een PROfessionele Touch!\",\"publisher\":{\"@id\":\"https:\\\/\\\/touchproeurope.eu\\\/#organization\"},\"alternateName\":\"TPE\",\"potentialAction\":[{\"@type\":\"SearchAction\",\"target\":{\"@type\":\"EntryPoint\",\"urlTemplate\":\"https:\\\/\\\/touchproeurope.eu\\\/?s={search_term_string}\"},\"query-input\":{\"@type\":\"PropertyValueSpecification\",\"valueRequired\":true,\"valueName\":\"search_term_string\"}}],\"inLanguage\":\"fr-FR\"},{\"@type\":\"Organization\",\"@id\":\"https:\\\/\\\/touchproeurope.eu\\\/#organization\",\"name\":\"TouchPro Europe BV\",\"alternateName\":\"TPE\",\"url\":\"https:\\\/\\\/touchproeurope.eu\\\/\",\"logo\":{\"@type\":\"ImageObject\",\"inLanguage\":\"fr-FR\",\"@id\":\"https:\\\/\\\/touchproeurope.eu\\\/#\\\/schema\\\/logo\\\/image\\\/\",\"url\":\"https:\\\/\\\/i0.wp.com\\\/touchproeurope.eu\\\/wp-content\\\/uploads\\\/2023\\\/10\\\/2b592c_b6944d80811246d987cc2c29accedf3f.png?fit=1417%2C531&ssl=1\",\"contentUrl\":\"https:\\\/\\\/i0.wp.com\\\/touchproeurope.eu\\\/wp-content\\\/uploads\\\/2023\\\/10\\\/2b592c_b6944d80811246d987cc2c29accedf3f.png?fit=1417%2C531&ssl=1\",\"width\":1417,\"height\":531,\"caption\":\"TouchPro Europe BV\"},\"image\":{\"@id\":\"https:\\\/\\\/touchproeurope.eu\\\/#\\\/schema\\\/logo\\\/image\\\/\"},\"sameAs\":[\"https:\\\/\\\/www.facebook.com\\\/TouchproNederland\\\/?locale=nl_NL\\\/\",\"https:\\\/\\\/www.instagram.com\\\/touchpro2016\\\/\",\"https:\\\/\\\/www.linkedin.com\\\/company\\\/touchpro-europe-bv\\\/\"],\"description\":\"TouchPro Europe Shop is de massage winkel van Europa. Wij verkopen topkwaliteit massageproducten aan masseurs, pedicures, fysiotherapeuten, manicuren, Wellness centra, opleidingen, etc. TouchPro begon als een kleine webshop in Nederland, maar is nu uitgegroeid tot een webshop met klanten uit heel Europa. Wij bieden een breed assortiment aan massageproducten, waaronder massagetafels, oli\u00ebn, cr\u00e8mes, en accessoires van topmerken, zoals Earthlite, Stronglite en InnerStrenght, Habys, Living Earth Crafts en Continuum en andere leveranciers van massage accessoires. Bestel hier de beste massagematerialen van Europa!\",\"email\":\"info@touchpro-europe.com\",\"telephone\":\"0858768829\",\"legalName\":\"TouchPro Europe BV\",\"foundingDate\":\"2018-01-11\",\"vatID\":\"NL855430151B01\",\"numberOfEmployees\":{\"@type\":\"QuantitativeValue\",\"minValue\":\"1\",\"maxValue\":\"10\"},\"hasMerchantReturnPolicy\":{\"@type\":\"MerchantReturnPolicy\",\"merchantReturnLink\":\"https:\\\/\\\/touchproeurope.eu\\\/fr\\\/retourbeleid\\\/\"}}]}<\/script>\n<meta property=\"product:brand\" content=\"Earthlite\" \/>\n<meta property=\"product:price:amount\" content=\"20.00\" \/>\n<meta property=\"product:price:currency\" content=\"EUR\" \/>\n<meta property=\"og:availability\" content=\"instock\" \/>\n<meta property=\"product:availability\" content=\"instock\" \/>\n<meta property=\"product:retailer_item_id\" content=\"42164\" \/>\n<meta property=\"product:condition\" content=\"new\" \/>\n<!-- \/ Yoast SEO Premium plugin. -->","yoast_head_json":{"title":"Earthlite breathe-Easy\u2122 headrest pocket emball\u00e9 par 5 - TouchPro Europe Shop","description":"Prot\u00e9gez votre personnel et vos clients pendant les massages avec la pochette pour appui-t\u00eate Earthlite Breathe-Easy\u2122. Cr\u00e9ez une position respiratoire confortable et capturez les particules respiratoires. Commandez maintenant !","robots":{"index":"index","follow":"follow","max-snippet":"max-snippet:-1","max-image-preview":"max-image-preview:large","max-video-preview":"max-video-preview:-1"},"canonical":"https:\/\/touchproeurope.eu\/fr\/product\/earthlite-breathe-easy-headrest-pocket-emballe-par-5\/","og_locale":"fr_FR","og_type":"article","og_title":"Earthlite breathe-Easy\u2122 hoofdsteunvak per 5 verpakt","og_description":"Bescherm uw personeel en klanten tijdens massages met het Earthlite Breathe-Easy\u2122 hoofdsteunvak. Cre\u00eber een comfortabele ademhalingspositie en vang ademhalingsdeeltjes op. Bestel nu!","og_url":"https:\/\/touchproeurope.eu\/fr\/product\/earthlite-breathe-easy-headrest-pocket-emballe-par-5\/","og_site_name":"TouchPro Europe Shop","article_publisher":"https:\/\/www.facebook.com\/TouchproNederland\/?locale=nl_NL%2f","article_modified_time":"2026-04-22T09:33:35+00:00","og_image":[{"width":800,"height":800,"url":"https:\/\/touchproeurope.eu\/wp-content\/uploads\/2024\/09\/50472534477_75416d79f6_c.jpg","type":"image\/jpeg"}],"twitter_card":"summary_large_image","twitter_misc":{"Prix":"&euro;&nbsp;20,00 incl. BTW","Disponibilit\u00e9":"En stock"},"schema":{"@context":"https:\/\/schema.org","@graph":[{"@type":"WebPage","@id":"https:\/\/touchproeurope.eu\/product\/earthlite-breathe-easy-hoofdsteunvak-per-5-verpakt\/","url":"https:\/\/touchproeurope.eu\/product\/earthlite-breathe-easy-hoofdsteunvak-per-5-verpakt\/","name":"Earthlite breathe-Easy\u2122 headrest pocket emball\u00e9 par 5 - TouchPro Europe Shop","isPartOf":{"@id":"https:\/\/touchproeurope.eu\/#website"},"primaryImageOfPage":{"@id":"https:\/\/touchproeurope.eu\/product\/earthlite-breathe-easy-hoofdsteunvak-per-5-verpakt\/#primaryimage"},"image":{"@id":"https:\/\/touchproeurope.eu\/product\/earthlite-breathe-easy-hoofdsteunvak-per-5-verpakt\/#primaryimage"},"thumbnailUrl":"https:\/\/i0.wp.com\/touchproeurope.eu\/wp-content\/uploads\/2024\/09\/50472534477_75416d79f6_c.jpg?fit=800%2C800&ssl=1","datePublished":"2025-02-18T13:01:05+00:00","dateModified":"2026-04-22T09:33:35+00:00","description":"Prot\u00e9gez votre personnel et vos clients pendant les massages avec la pochette pour appui-t\u00eate Earthlite Breathe-Easy\u2122. Cr\u00e9ez une position respiratoire confortable et capturez les particules respiratoires. Commandez maintenant !","breadcrumb":{"@id":"https:\/\/touchproeurope.eu\/product\/earthlite-breathe-easy-hoofdsteunvak-per-5-verpakt\/#breadcrumb"},"inLanguage":"fr-FR","potentialAction":[{"@type":"ReadAction","target":["https:\/\/touchproeurope.eu\/product\/earthlite-breathe-easy-hoofdsteunvak-per-5-verpakt\/"]}]},{"@type":"ImageObject","inLanguage":"fr-FR","@id":"https:\/\/touchproeurope.eu\/product\/earthlite-breathe-easy-hoofdsteunvak-per-5-verpakt\/#primaryimage","url":"https:\/\/i0.wp.com\/touchproeurope.eu\/wp-content\/uploads\/2024\/09\/50472534477_75416d79f6_c.jpg?fit=800%2C800&ssl=1","contentUrl":"https:\/\/i0.wp.com\/touchproeurope.eu\/wp-content\/uploads\/2024\/09\/50472534477_75416d79f6_c.jpg?fit=800%2C800&ssl=1","width":800,"height":800,"caption":"Earthlite breathe-Easy\u2122 hoofdsteunvak per 5 verpakt"},{"@type":"BreadcrumbList","@id":"https:\/\/touchproeurope.eu\/product\/earthlite-breathe-easy-hoofdsteunvak-per-5-verpakt\/#breadcrumb","itemListElement":[{"@type":"ListItem","position":1,"name":"Home","item":"https:\/\/touchproeurope.eu\/"},{"@type":"ListItem","position":2,"name":"Winkel","item":"https:\/\/touchproeurope.eu\/winkel\/"},{"@type":"ListItem","position":3,"name":"Earthlite breathe-Easy\u2122 hoofdsteunvak per 5 verpakt"}]},{"@type":"WebSite","@id":"https:\/\/touchproeurope.eu\/#website","url":"https:\/\/touchproeurope.eu\/","name":"TouchPro Europe Shop","description":"Tout pour votre pratique avec une touche PROfessionnelle !","publisher":{"@id":"https:\/\/touchproeurope.eu\/#organization"},"alternateName":"TPE","potentialAction":[{"@type":"SearchAction","target":{"@type":"EntryPoint","urlTemplate":"https:\/\/touchproeurope.eu\/?s={search_term_string}"},"query-input":{"@type":"PropertyValueSpecification","valueRequired":true,"valueName":"search_term_string"}}],"inLanguage":"fr-FR"},{"@type":"Organization","@id":"https:\/\/touchproeurope.eu\/#organization","name":"TouchPro Europe BV","alternateName":"TPE","url":"https:\/\/touchproeurope.eu\/","logo":{"@type":"ImageObject","inLanguage":"fr-FR","@id":"https:\/\/touchproeurope.eu\/#\/schema\/logo\/image\/","url":"https:\/\/i0.wp.com\/touchproeurope.eu\/wp-content\/uploads\/2023\/10\/2b592c_b6944d80811246d987cc2c29accedf3f.png?fit=1417%2C531&ssl=1","contentUrl":"https:\/\/i0.wp.com\/touchproeurope.eu\/wp-content\/uploads\/2023\/10\/2b592c_b6944d80811246d987cc2c29accedf3f.png?fit=1417%2C531&ssl=1","width":1417,"height":531,"caption":"TouchPro Europe BV"},"image":{"@id":"https:\/\/touchproeurope.eu\/#\/schema\/logo\/image\/"},"sameAs":["https:\/\/www.facebook.com\/TouchproNederland\/?locale=nl_NL\/","https:\/\/www.instagram.com\/touchpro2016\/","https:\/\/www.linkedin.com\/company\/touchpro-europe-bv\/"],"description":"TouchPro Europe Shop est le magasin de massage de l'Europe. Nous vendons des produits de massage de qualit\u00e9 sup\u00e9rieure aux masseurs, p\u00e9dicures, physioth\u00e9rapeutes, manucures, centres de bien-\u00eatre, cours de formation, etc. TouchPro a commenc\u00e9 comme un petit magasin aux Pays-Bas, mais s'est maintenant d\u00e9velopp\u00e9 pour devenir un magasin avec des clients de toute l'Europe. Nous proposons une large gamme de produits de massage, notamment des tables de massage, des huiles, des cr\u00e8mes et des accessoires de grandes marques telles que Earthlite, Stronglite et InnerStrenght, Habys, Living Earth Crafts et Continuum, ainsi que d'autres fournisseurs d'accessoires de massage. Commandez ici les meilleurs produits de massage d'Europe !","email":"info@touchpro-europe.com","telephone":"0858768829","legalName":"TouchPro Europe BV","foundingDate":"2018-01-11","vatID":"NL855430151B01","numberOfEmployees":{"@type":"QuantitativeValue","minValue":"1","maxValue":"10"},"hasMerchantReturnPolicy":{"@type":"MerchantReturnPolicy","merchantReturnLink":"https:\/\/touchproeurope.eu\/fr\/retourbeleid\/"}}]},"product_brand":"Earthlite","product_price_amount":"20.00","product_price_currency":"EUR","og_availability":"instock","product_availability":"instock","product_retailer_item_id":"42164","product_condition":"new"},"_links":{"self":[{"href":"https:\/\/touchproeurope.eu\/fr\/wp-json\/wp\/v2\/product\/6681","targetHints":{"allow":["GET"]}}],"collection":[{"href":"https:\/\/touchproeurope.eu\/fr\/wp-json\/wp\/v2\/product"}],"about":[{"href":"https:\/\/touchproeurope.eu\/fr\/wp-json\/wp\/v2\/types\/product"}],"replies":[{"embeddable":true,"href":"https:\/\/touchproeurope.eu\/fr\/wp-json\/wp\/v2\/comments?post=6681"}],"version-history":[{"count":1,"href":"https:\/\/touchproeurope.eu\/fr\/wp-json\/wp\/v2\/product\/6681\/revisions"}],"predecessor-version":[{"id":6690,"href":"https:\/\/touchproeurope.eu\/fr\/wp-json\/wp\/v2\/product\/6681\/revisions\/6690"}],"wp:featuredmedia":[{"embeddable":true,"href":"https:\/\/touchproeurope.eu\/fr\/wp-json\/wp\/v2\/media\/6683"}],"wp:attachment":[{"href":"https:\/\/touchproeurope.eu\/fr\/wp-json\/wp\/v2\/media?parent=6681"}],"wp:term":[{"taxonomy":"product_brand","embeddable":true,"href":"https:\/\/touchproeurope.eu\/fr\/wp-json\/wp\/v2\/product_brand?post=6681"},{"taxonomy":"product_cat","embeddable":true,"href":"https:\/\/touchproeurope.eu\/fr\/wp-json\/wp\/v2\/product_cat?post=6681"},{"taxonomy":"product_tag","embeddable":true,"href":"https:\/\/touchproeurope.eu\/fr\/wp-json\/wp\/v2\/product_tag?post=6681"}],"curies":[{"name":"wp","href":"https:\/\/api.w.org\/{rel}","templated":true}]}}