{"id":6984,"date":"2024-09-25T19:24:57","date_gmt":"2024-09-25T19:24:57","guid":{"rendered":"https:\/\/touchproeurope.eu\/?post_type=product&#038;p=6984"},"modified":"2026-04-16T16:02:54","modified_gmt":"2026-04-16T16:02:54","slug":"corps-de-lactivateur-lavashell","status":"publish","type":"product","link":"https:\/\/touchproeurope.eu\/fr\/product\/lavashell-activator-body\/","title":{"rendered":"LavaShell\u00ae activator Body 1.0 thermaBliss - chaleur moyenne - massages du dos"},"content":{"rendered":"<p>Cet activateur LavaShell\u00ae a un niveau de chaleur moyen et est parfait pour les massages du dos.<\/p>\n<h3>Avantages pour l'utilisateur de l'activateur LavaShell\u00ae :<\/h3>\n<ul>\n<li>La temp\u00e9rature de la masse est atteinte en 5 \u00e0 7 minutes<\/li>\n<li>Jusqu'\u00e0 60 minutes de massage \u00e0 la chaleur<\/li>\n<li>prolong\u00e9e, chaleur moyenne<\/li>\n<li>concentration totale sur l'invit\u00e9<\/li>\n<\/ul>\n<h3>Avantages pour les invit\u00e9s :<\/h3>\n<ul>\n<li>Am\u00e9liore la circulation sanguine<\/li>\n<li>Chaleur min\u00e9rale naturelle<\/li>\n<li>Massage continu par la chaleur et le toucher<\/li>\n<li>Soyeux et apaisant pour la peau<\/li>\n<\/ul>\n<p>&nbsp;<\/p>\n<p><iframe title=\"Massage LavaShell\" width=\"800\" height=\"450\" src=\"https:\/\/www.youtube.com\/embed\/b1D1PYYKc30?feature=oembed\" frameborder=\"0\" allow=\"accelerometer; autoplay; clipboard-write; encrypted-media; gyroscope; picture-in-picture; web-share\" referrerpolicy=\"strict-origin-when-cross-origin\" allowfullscreen><\/iframe><\/p>","protected":false},"excerpt":{"rendered":"<p>1. Ouvrez le sac au niveau de l'encoche\/du bord de d\u00e9chirure en le coupant ou en le d\u00e9chirant.<br \/>\n2. Verser compl\u00e8tement la poudre dans le bol\/la pierre. Tout r\u00e9sidu laiss\u00e9 dans le sac peut gonfler.<br \/>\n3. Remplir la poche jusqu'en haut avec de l'eau du robinet lavable \u00e0 la main (environ 43 - 46 degr\u00e9s Celsius).<br \/>\n4. Versez l'eau dans le bol\/la pierre. L'eau sera absorb\u00e9e en 30 secondes. Commencez \u00e0 masser apr\u00e8s environ 5 \u00e0 7 minutes et massez continuellement pendant les 30 premi\u00e8res minutes pour contr\u00f4ler la chaleur.<br \/>\n5. Apr\u00e8s le massage, retirer l'activateur du bol.<\/p>\n<p>La poudre est constitu\u00e9e d'une combinaison unique et brevet\u00e9e de fer, de magn\u00e9sium et de sel. Elle brille comme de l'argent et lorsqu'on y ajoute de l'eau, elle forme une masse solide et spongieuse qui tient fermement dans le cauris. Elle ne tombe PAS de l'ouverture du cauris, m\u00eame lorsqu'on le retourne.<\/p>","protected":false},"featured_media":6990,"comment_status":"open","ping_status":"closed","template":"","meta":[],"product_brand":[],"product_cat":[99,103],"product_tag":[330,331],"class_list":{"0":"post-6984","1":"product","2":"type-product","3":"status-publish","4":"has-post-thumbnail","6":"product_cat-accessoires","7":"product_cat-hotstones","8":"product_tag-verbeteren-van-de-bloedcirculatie","9":"product_tag-warmemassage","10":"product_shipping_class-klein-pakket","11":"pa_merk-pacific-spirit","13":"first","14":"instock","15":"taxable","16":"shipping-taxable","17":"purchasable","18":"product-type-variable"},"yoast_head":"<!-- This site is optimized with the Yoast SEO Premium plugin v27.4 (Yoast SEO v27.4) - https:\/\/yoast.com\/product\/yoast-seo-premium-wordpress\/ -->\n<title>LavaShell\u00ae activator Body voor rugmassages - TouchPro Europe Shop<\/title>\n<meta name=\"description\" content=\"Verbeter de bloedcirculatie en ervaar een zijdezachte, verzachtende warmtemassage met de LavaShell\u00ae Activator. Perfect voor rugmassages! \ud83d\udd25\" \/>\n<meta name=\"robots\" content=\"index, follow, max-snippet:-1, max-image-preview:large, max-video-preview:-1\" \/>\n<link rel=\"canonical\" href=\"https:\/\/touchproeurope.eu\/fr\/product\/corps-de-lactivateur-lavashell\/\" \/>\n<meta property=\"og:locale\" content=\"fr_FR\" \/>\n<meta property=\"og:type\" content=\"article\" \/>\n<meta property=\"og:title\" content=\"LavaShell\u00ae activator Body 1.0 thermaBliss - middelmatige warmte - rugmassages\" \/>\n<meta property=\"og:description\" content=\"Verbeter de bloedcirculatie en ervaar een zijdezachte, verzachtende warmtemassage met de LavaShell\u00ae Activator. Perfect voor rugmassages! \ud83d\udd25\" \/>\n<meta property=\"og:url\" content=\"https:\/\/touchproeurope.eu\/fr\/product\/corps-de-lactivateur-lavashell\/\" \/>\n<meta property=\"og:site_name\" content=\"TouchPro Europe Shop\" \/>\n<meta property=\"article:publisher\" content=\"https:\/\/www.facebook.com\/TouchproNederland\/?locale=nl_NL%2f\" \/>\n<meta property=\"article:modified_time\" content=\"2026-04-16T16:02:54+00:00\" \/>\n<meta property=\"og:image\" content=\"https:\/\/touchproeurope.eu\/wp-content\/uploads\/2024\/09\/18.jpg\" \/>\n\t<meta property=\"og:image:width\" content=\"800\" \/>\n\t<meta property=\"og:image:height\" content=\"800\" \/>\n\t<meta property=\"og:image:type\" content=\"image\/jpeg\" \/>\n<meta name=\"twitter:card\" content=\"summary_large_image\" \/>\n<meta name=\"twitter:label1\" content=\"Disponibilit\u00e9\" \/>\n\t<meta name=\"twitter:data1\" content=\"En stock\" \/>\n<script type=\"application\/ld+json\" class=\"yoast-schema-graph\">{\"@context\":\"https:\\\/\\\/schema.org\",\"@graph\":[{\"@type\":\"WebPage\",\"@id\":\"https:\\\/\\\/touchproeurope.eu\\\/product\\\/lavashell-activator-body\\\/\",\"url\":\"https:\\\/\\\/touchproeurope.eu\\\/product\\\/lavashell-activator-body\\\/\",\"name\":\"LavaShell\u00ae activator Body voor rugmassages - TouchPro Europe Shop\",\"isPartOf\":{\"@id\":\"https:\\\/\\\/touchproeurope.eu\\\/#website\"},\"primaryImageOfPage\":{\"@id\":\"https:\\\/\\\/touchproeurope.eu\\\/product\\\/lavashell-activator-body\\\/#primaryimage\"},\"image\":{\"@id\":\"https:\\\/\\\/touchproeurope.eu\\\/product\\\/lavashell-activator-body\\\/#primaryimage\"},\"thumbnailUrl\":\"https:\\\/\\\/i0.wp.com\\\/touchproeurope.eu\\\/wp-content\\\/uploads\\\/2024\\\/09\\\/18.jpg?fit=800%2C800&ssl=1\",\"datePublished\":\"2024-09-25T19:24:57+00:00\",\"dateModified\":\"2026-04-16T16:02:54+00:00\",\"description\":\"Verbeter de bloedcirculatie en ervaar een zijdezachte, verzachtende warmtemassage met de LavaShell\u00ae Activator. Perfect voor rugmassages! \ud83d\udd25\",\"breadcrumb\":{\"@id\":\"https:\\\/\\\/touchproeurope.eu\\\/product\\\/lavashell-activator-body\\\/#breadcrumb\"},\"inLanguage\":\"fr-FR\",\"potentialAction\":[{\"@type\":\"ReadAction\",\"target\":[\"https:\\\/\\\/touchproeurope.eu\\\/product\\\/lavashell-activator-body\\\/\"]}]},{\"@type\":\"ImageObject\",\"inLanguage\":\"fr-FR\",\"@id\":\"https:\\\/\\\/touchproeurope.eu\\\/product\\\/lavashell-activator-body\\\/#primaryimage\",\"url\":\"https:\\\/\\\/i0.wp.com\\\/touchproeurope.eu\\\/wp-content\\\/uploads\\\/2024\\\/09\\\/18.jpg?fit=800%2C800&ssl=1\",\"contentUrl\":\"https:\\\/\\\/i0.wp.com\\\/touchproeurope.eu\\\/wp-content\\\/uploads\\\/2024\\\/09\\\/18.jpg?fit=800%2C800&ssl=1\",\"width\":800,\"height\":800,\"caption\":\"LavaShell\u00ae activator Body 1.0 thermaBliss - middelmatige warmte - rugmassages\"},{\"@type\":\"BreadcrumbList\",\"@id\":\"https:\\\/\\\/touchproeurope.eu\\\/product\\\/lavashell-activator-body\\\/#breadcrumb\",\"itemListElement\":[{\"@type\":\"ListItem\",\"position\":1,\"name\":\"Home\",\"item\":\"https:\\\/\\\/touchproeurope.eu\\\/\"},{\"@type\":\"ListItem\",\"position\":2,\"name\":\"Winkel\",\"item\":\"https:\\\/\\\/touchproeurope.eu\\\/winkel\\\/\"},{\"@type\":\"ListItem\",\"position\":3,\"name\":\"LavaShell\u00ae activator Body 1.0 thermaBliss &#8211; middelmatige warmte &#8211; rugmassages\"}]},{\"@type\":\"WebSite\",\"@id\":\"https:\\\/\\\/touchproeurope.eu\\\/#website\",\"url\":\"https:\\\/\\\/touchproeurope.eu\\\/\",\"name\":\"TouchPro Europe Shop\",\"description\":\"Alles voor jouw praktijk met een PROfessionele Touch!\",\"publisher\":{\"@id\":\"https:\\\/\\\/touchproeurope.eu\\\/#organization\"},\"alternateName\":\"TPE\",\"potentialAction\":[{\"@type\":\"SearchAction\",\"target\":{\"@type\":\"EntryPoint\",\"urlTemplate\":\"https:\\\/\\\/touchproeurope.eu\\\/?s={search_term_string}\"},\"query-input\":{\"@type\":\"PropertyValueSpecification\",\"valueRequired\":true,\"valueName\":\"search_term_string\"}}],\"inLanguage\":\"fr-FR\"},{\"@type\":\"Organization\",\"@id\":\"https:\\\/\\\/touchproeurope.eu\\\/#organization\",\"name\":\"TouchPro Europe BV\",\"alternateName\":\"TPE\",\"url\":\"https:\\\/\\\/touchproeurope.eu\\\/\",\"logo\":{\"@type\":\"ImageObject\",\"inLanguage\":\"fr-FR\",\"@id\":\"https:\\\/\\\/touchproeurope.eu\\\/#\\\/schema\\\/logo\\\/image\\\/\",\"url\":\"https:\\\/\\\/i0.wp.com\\\/touchproeurope.eu\\\/wp-content\\\/uploads\\\/2023\\\/10\\\/2b592c_b6944d80811246d987cc2c29accedf3f.png?fit=1417%2C531&ssl=1\",\"contentUrl\":\"https:\\\/\\\/i0.wp.com\\\/touchproeurope.eu\\\/wp-content\\\/uploads\\\/2023\\\/10\\\/2b592c_b6944d80811246d987cc2c29accedf3f.png?fit=1417%2C531&ssl=1\",\"width\":1417,\"height\":531,\"caption\":\"TouchPro Europe BV\"},\"image\":{\"@id\":\"https:\\\/\\\/touchproeurope.eu\\\/#\\\/schema\\\/logo\\\/image\\\/\"},\"sameAs\":[\"https:\\\/\\\/www.facebook.com\\\/TouchproNederland\\\/?locale=nl_NL\\\/\",\"https:\\\/\\\/www.instagram.com\\\/touchpro2016\\\/\",\"https:\\\/\\\/www.linkedin.com\\\/company\\\/touchpro-europe-bv\\\/\"],\"description\":\"TouchPro Europe Shop is de massage winkel van Europa. Wij verkopen topkwaliteit massageproducten aan masseurs, pedicures, fysiotherapeuten, manicuren, Wellness centra, opleidingen, etc. TouchPro begon als een kleine webshop in Nederland, maar is nu uitgegroeid tot een webshop met klanten uit heel Europa. Wij bieden een breed assortiment aan massageproducten, waaronder massagetafels, oli\u00ebn, cr\u00e8mes, en accessoires van topmerken, zoals Earthlite, Stronglite en InnerStrenght, Habys, Living Earth Crafts en Continuum en andere leveranciers van massage accessoires. Bestel hier de beste massagematerialen van Europa!\",\"email\":\"info@touchpro-europe.com\",\"telephone\":\"0858768829\",\"legalName\":\"TouchPro Europe BV\",\"foundingDate\":\"2018-01-11\",\"vatID\":\"NL855430151B01\",\"numberOfEmployees\":{\"@type\":\"QuantitativeValue\",\"minValue\":\"1\",\"maxValue\":\"10\"},\"hasMerchantReturnPolicy\":{\"@type\":\"MerchantReturnPolicy\",\"merchantReturnLink\":\"https:\\\/\\\/touchproeurope.eu\\\/fr\\\/retourbeleid\\\/\"}}]}<\/script>\n<meta property=\"product:brand\" content=\"Pacific Spirit\" \/>\n<meta property=\"og:availability\" content=\"instock\" \/>\n<meta property=\"product:availability\" content=\"instock\" \/>\n<meta property=\"product:retailer_item_id\" content=\"TBC-BODY\" \/>\n<meta property=\"product:condition\" content=\"new\" \/>\n<!-- \/ Yoast SEO Premium plugin. -->","yoast_head_json":{"title":"Corps activateur LavaShell\u00ae pour les massages du dos - TouchPro Europe Shop","description":"Am\u00e9liorez la circulation sanguine et profitez d'un massage \u00e0 la chaleur soyeuse et apaisante gr\u00e2ce \u00e0 l'activateur LavaShell\u00ae. Parfait pour les massages du dos ! \ud83d\udd25","robots":{"index":"index","follow":"follow","max-snippet":"max-snippet:-1","max-image-preview":"max-image-preview:large","max-video-preview":"max-video-preview:-1"},"canonical":"https:\/\/touchproeurope.eu\/fr\/product\/corps-de-lactivateur-lavashell\/","og_locale":"fr_FR","og_type":"article","og_title":"LavaShell\u00ae activator Body 1.0 thermaBliss - middelmatige warmte - rugmassages","og_description":"Verbeter de bloedcirculatie en ervaar een zijdezachte, verzachtende warmtemassage met de LavaShell\u00ae Activator. Perfect voor rugmassages! \ud83d\udd25","og_url":"https:\/\/touchproeurope.eu\/fr\/product\/corps-de-lactivateur-lavashell\/","og_site_name":"TouchPro Europe Shop","article_publisher":"https:\/\/www.facebook.com\/TouchproNederland\/?locale=nl_NL%2f","article_modified_time":"2026-04-16T16:02:54+00:00","og_image":[{"width":800,"height":800,"url":"https:\/\/touchproeurope.eu\/wp-content\/uploads\/2024\/09\/18.jpg","type":"image\/jpeg"}],"twitter_card":"summary_large_image","twitter_misc":{"Disponibilit\u00e9":"En stock"},"schema":{"@context":"https:\/\/schema.org","@graph":[{"@type":"WebPage","@id":"https:\/\/touchproeurope.eu\/product\/lavashell-activator-body\/","url":"https:\/\/touchproeurope.eu\/product\/lavashell-activator-body\/","name":"Corps activateur LavaShell\u00ae pour les massages du dos - TouchPro Europe Shop","isPartOf":{"@id":"https:\/\/touchproeurope.eu\/#website"},"primaryImageOfPage":{"@id":"https:\/\/touchproeurope.eu\/product\/lavashell-activator-body\/#primaryimage"},"image":{"@id":"https:\/\/touchproeurope.eu\/product\/lavashell-activator-body\/#primaryimage"},"thumbnailUrl":"https:\/\/i0.wp.com\/touchproeurope.eu\/wp-content\/uploads\/2024\/09\/18.jpg?fit=800%2C800&ssl=1","datePublished":"2024-09-25T19:24:57+00:00","dateModified":"2026-04-16T16:02:54+00:00","description":"Am\u00e9liorez la circulation sanguine et profitez d'un massage \u00e0 la chaleur soyeuse et apaisante gr\u00e2ce \u00e0 l'activateur LavaShell\u00ae. Parfait pour les massages du dos ! \ud83d\udd25","breadcrumb":{"@id":"https:\/\/touchproeurope.eu\/product\/lavashell-activator-body\/#breadcrumb"},"inLanguage":"fr-FR","potentialAction":[{"@type":"ReadAction","target":["https:\/\/touchproeurope.eu\/product\/lavashell-activator-body\/"]}]},{"@type":"ImageObject","inLanguage":"fr-FR","@id":"https:\/\/touchproeurope.eu\/product\/lavashell-activator-body\/#primaryimage","url":"https:\/\/i0.wp.com\/touchproeurope.eu\/wp-content\/uploads\/2024\/09\/18.jpg?fit=800%2C800&ssl=1","contentUrl":"https:\/\/i0.wp.com\/touchproeurope.eu\/wp-content\/uploads\/2024\/09\/18.jpg?fit=800%2C800&ssl=1","width":800,"height":800,"caption":"LavaShell\u00ae activator Body 1.0 thermaBliss - middelmatige warmte - rugmassages"},{"@type":"BreadcrumbList","@id":"https:\/\/touchproeurope.eu\/product\/lavashell-activator-body\/#breadcrumb","itemListElement":[{"@type":"ListItem","position":1,"name":"Home","item":"https:\/\/touchproeurope.eu\/"},{"@type":"ListItem","position":2,"name":"Winkel","item":"https:\/\/touchproeurope.eu\/winkel\/"},{"@type":"ListItem","position":3,"name":"LavaShell\u00ae activator Body 1.0 thermaBliss &#8211; middelmatige warmte &#8211; rugmassages"}]},{"@type":"WebSite","@id":"https:\/\/touchproeurope.eu\/#website","url":"https:\/\/touchproeurope.eu\/","name":"TouchPro Europe Shop","description":"Tout pour votre pratique avec une touche PROfessionnelle !","publisher":{"@id":"https:\/\/touchproeurope.eu\/#organization"},"alternateName":"TPE","potentialAction":[{"@type":"SearchAction","target":{"@type":"EntryPoint","urlTemplate":"https:\/\/touchproeurope.eu\/?s={search_term_string}"},"query-input":{"@type":"PropertyValueSpecification","valueRequired":true,"valueName":"search_term_string"}}],"inLanguage":"fr-FR"},{"@type":"Organization","@id":"https:\/\/touchproeurope.eu\/#organization","name":"TouchPro Europe BV","alternateName":"TPE","url":"https:\/\/touchproeurope.eu\/","logo":{"@type":"ImageObject","inLanguage":"fr-FR","@id":"https:\/\/touchproeurope.eu\/#\/schema\/logo\/image\/","url":"https:\/\/i0.wp.com\/touchproeurope.eu\/wp-content\/uploads\/2023\/10\/2b592c_b6944d80811246d987cc2c29accedf3f.png?fit=1417%2C531&ssl=1","contentUrl":"https:\/\/i0.wp.com\/touchproeurope.eu\/wp-content\/uploads\/2023\/10\/2b592c_b6944d80811246d987cc2c29accedf3f.png?fit=1417%2C531&ssl=1","width":1417,"height":531,"caption":"TouchPro Europe BV"},"image":{"@id":"https:\/\/touchproeurope.eu\/#\/schema\/logo\/image\/"},"sameAs":["https:\/\/www.facebook.com\/TouchproNederland\/?locale=nl_NL\/","https:\/\/www.instagram.com\/touchpro2016\/","https:\/\/www.linkedin.com\/company\/touchpro-europe-bv\/"],"description":"TouchPro Europe Shop est le magasin de massage de l'Europe. Nous vendons des produits de massage de qualit\u00e9 sup\u00e9rieure aux masseurs, p\u00e9dicures, physioth\u00e9rapeutes, manucures, centres de bien-\u00eatre, cours de formation, etc. TouchPro a commenc\u00e9 comme un petit magasin aux Pays-Bas, mais s'est maintenant d\u00e9velopp\u00e9 pour devenir un magasin avec des clients de toute l'Europe. Nous proposons une large gamme de produits de massage, notamment des tables de massage, des huiles, des cr\u00e8mes et des accessoires de grandes marques telles que Earthlite, Stronglite et InnerStrenght, Habys, Living Earth Crafts et Continuum, ainsi que d'autres fournisseurs d'accessoires de massage. Commandez ici les meilleurs produits de massage d'Europe !","email":"info@touchpro-europe.com","telephone":"0858768829","legalName":"TouchPro Europe BV","foundingDate":"2018-01-11","vatID":"NL855430151B01","numberOfEmployees":{"@type":"QuantitativeValue","minValue":"1","maxValue":"10"},"hasMerchantReturnPolicy":{"@type":"MerchantReturnPolicy","merchantReturnLink":"https:\/\/touchproeurope.eu\/fr\/retourbeleid\/"}}]},"product_brand":"Pacific Spirit","og_availability":"instock","product_availability":"instock","product_retailer_item_id":"TBC-BODY","product_condition":"new"},"_links":{"self":[{"href":"https:\/\/touchproeurope.eu\/fr\/wp-json\/wp\/v2\/product\/6984","targetHints":{"allow":["GET"]}}],"collection":[{"href":"https:\/\/touchproeurope.eu\/fr\/wp-json\/wp\/v2\/product"}],"about":[{"href":"https:\/\/touchproeurope.eu\/fr\/wp-json\/wp\/v2\/types\/product"}],"replies":[{"embeddable":true,"href":"https:\/\/touchproeurope.eu\/fr\/wp-json\/wp\/v2\/comments?post=6984"}],"version-history":[{"count":2,"href":"https:\/\/touchproeurope.eu\/fr\/wp-json\/wp\/v2\/product\/6984\/revisions"}],"predecessor-version":[{"id":7257,"href":"https:\/\/touchproeurope.eu\/fr\/wp-json\/wp\/v2\/product\/6984\/revisions\/7257"}],"wp:featuredmedia":[{"embeddable":true,"href":"https:\/\/touchproeurope.eu\/fr\/wp-json\/wp\/v2\/media\/6990"}],"wp:attachment":[{"href":"https:\/\/touchproeurope.eu\/fr\/wp-json\/wp\/v2\/media?parent=6984"}],"wp:term":[{"taxonomy":"product_brand","embeddable":true,"href":"https:\/\/touchproeurope.eu\/fr\/wp-json\/wp\/v2\/product_brand?post=6984"},{"taxonomy":"product_cat","embeddable":true,"href":"https:\/\/touchproeurope.eu\/fr\/wp-json\/wp\/v2\/product_cat?post=6984"},{"taxonomy":"product_tag","embeddable":true,"href":"https:\/\/touchproeurope.eu\/fr\/wp-json\/wp\/v2\/product_tag?post=6984"}],"curies":[{"name":"wp","href":"https:\/\/api.w.org\/{rel}","templated":true}]}}