{"id":7883,"date":"2025-03-10T10:07:28","date_gmt":"2025-03-10T10:07:28","guid":{"rendered":"https:\/\/touchproeurope.eu\/?post_type=product&#038;p=7883"},"modified":"2026-03-04T16:57:08","modified_gmt":"2026-03-04T16:57:08","slug":"table-de-massage-mobile-de-relaxation-welltouch","status":"publish","type":"product","link":"https:\/\/touchproeurope.eu\/fr\/product\/relax-mobiele-massagetafel-welltouch\/","title":{"rendered":"RELAX table de massage mobile WellTouch"},"content":{"rendered":"<h2 data-start=\"0\" data-end=\"71\"><strong data-start=\"0\" data-end=\"69\">Table de massage mobile et portable avec diverses options de montage<\/strong><\/h2>\n<p data-start=\"73\" data-end=\"420\">Le <strong data-start=\"76\" data-end=\"98\">Table de massage RELAX<\/strong> de WellTouch est solidement construite et livr\u00e9e avec divers accessoires. La table est dot\u00e9e d'un cadre en bois robuste et d'un rev\u00eatement en polyur\u00e9thane (PU) doux et facile \u00e0 nettoyer, avec un rembourrage en mousse confortable. Aux deux extr\u00e9mit\u00e9s de la table se trouve un <strong data-start=\"351\" data-end=\"366\">Option Reiki<\/strong> pour plus d'espace pour les jambes lorsque l'on travaille assis.<\/p>\n<p data-start=\"422\" data-end=\"762\">Le <strong data-start=\"425\" data-end=\"454\">boutons \u00e0 double verrouillage<\/strong> sur les jambes offrent une stabilit\u00e9 suppl\u00e9mentaire. Pour un plus grand confort en position allong\u00e9e, le fauteuil RELAX <strong data-start=\"549\" data-end=\"573\">table de massage mobile<\/strong> \u00e9quip\u00e9 d'un <strong data-start=\"592\" data-end=\"612\">accoudoir avant<\/strong> et <strong data-start=\"616\" data-end=\"638\">deux supports de bras lat\u00e9raux<\/strong> (34 cm de long x 10 cm de large). En outre, la table est dot\u00e9e d'un <strong data-start=\"704\" data-end=\"726\">cavit\u00e9 frontale<\/strong> et un <strong data-start=\"734\" data-end=\"759\">appui-t\u00eate avec coussin<\/strong>.<\/p>\n<p data-start=\"764\" data-end=\"992\">Le <strong data-start=\"767\" data-end=\"793\">table de massage portable<\/strong> est <strong data-start=\"797\" data-end=\"811\">pliable<\/strong>, Il est donc facile \u00e0 transporter, \u00e0 monter et \u00e0 d\u00e9monter. Il peut \u00eatre facilement transport\u00e9 ou stock\u00e9 dans l'emballage fourni. <strong data-start=\"952\" data-end=\"964\">sac de transport<\/strong> et peuvent \u00eatre install\u00e9s n'importe o\u00f9.<\/p>\n<h3 data-start=\"994\" data-end=\"1025\"><strong data-start=\"998\" data-end=\"1023\">Dimensions et conception<\/strong><\/h3>\n<ul data-start=\"1026\" data-end=\"1541\">\n<li data-start=\"1026\" data-end=\"1048\"><strong data-start=\"1028\" data-end=\"1040\">Largeur :<\/strong> 70 cm<\/li>\n<li data-start=\"1049\" data-end=\"1110\"><strong data-start=\"1051\" data-end=\"1074\">Hauteur r\u00e9glable :<\/strong> via 11 positions de 60 \u00e0 85,6 cm<\/li>\n<li data-start=\"1111\" data-end=\"1133\"><strong data-start=\"1113\" data-end=\"1124\">Longueur :<\/strong> 185 cm<\/li>\n<li data-start=\"1134\" data-end=\"1195\"><strong data-start=\"1136\" data-end=\"1148\">Poids :<\/strong> 14 kg (table), 15 kg (accessoires compris)<\/li>\n<li data-start=\"1196\" data-end=\"1232\"><strong data-start=\"1198\" data-end=\"1223\">Poids maximum en ordre de marche :<\/strong> 150 kg<\/li>\n<li data-start=\"1233\" data-end=\"1277\"><strong data-start=\"1235\" data-end=\"1268\">Charge statique maximale :<\/strong> 600 kg<\/li>\n<li data-start=\"1278\" data-end=\"1324\"><strong data-start=\"1280\" data-end=\"1322\">Double bouton de verrouillage sur les jambes<\/strong><\/li>\n<li data-start=\"1325\" data-end=\"1362\"><strong data-start=\"1327\" data-end=\"1344\">Rev\u00eatement en PU :<\/strong> robuste et souple<\/li>\n<li data-start=\"1363\" data-end=\"1394\"><strong data-start=\"1365\" data-end=\"1383\">Rembourrage en mousse :<\/strong> 4 cm d'\u00e9paisseur<\/li>\n<li data-start=\"1395\" data-end=\"1480\"><strong data-start=\"1397\" data-end=\"1411\">Comprend :<\/strong> niche pour le visage, accoudoirs lat\u00e9raux et avant, appui-t\u00eate rembourr\u00e9<\/li>\n<li data-start=\"1481\" data-end=\"1541\"><strong data-start=\"1483\" data-end=\"1496\">\u00c9tui de transport :<\/strong> convient pour la table et tous les accessoires<\/li>\n<\/ul>\n<h3 data-start=\"1543\" data-end=\"1579\"><strong data-start=\"1547\" data-end=\"1577\">Entretien des tissus d'ameublement<\/strong><\/h3>\n<p data-start=\"1580\" data-end=\"2068\">Notre <strong data-start=\"1585\" data-end=\"1623\">tables de massage mobiles et portables<\/strong>, Les tabourets, les fauteuils de massage et les rouleaux pour les genoux sont recouverts d'un rev\u00eatement de haute qualit\u00e9. <strong data-start=\"1692\" data-end=\"1713\">polyur\u00e9thane (PU)<\/strong>. Ce mat\u00e9riau est facile \u00e0 nettoyer avec de l'eau et un peu de d\u00e9tergent. Pour une d\u00e9sinfection occasionnelle, nous recommandons notre <strong data-start=\"1840\" data-end=\"1887\">nettoyant d\u00e9sinfectant sans alcool \u201cAysun Cleaning Spray\u201d.\u201d<\/strong> \u00e0. Le spray nettoyant Aysun ne contient pas d'alcool, d'ald\u00e9hydes ou de ph\u00e9nols, ce qui le rend tr\u00e8s doux pour le mat\u00e9riau. Il suffit de le vaporiser, de le laisser agir une minute et de l'essuyer avec un chiffon doux.<\/p>\n<h4 data-start=\"2070\" data-end=\"2086\"><strong data-start=\"2070\" data-end=\"2084\">Remarque :<\/strong><\/h4>\n<ul data-start=\"2087\" data-end=\"2642\">\n<li data-start=\"2087\" data-end=\"2277\"><strong data-start=\"2089\" data-end=\"2118\">Huiles pour la peau et huiles de massage<\/strong> peut endommager le mat\u00e9riau PU. Prot\u00e9gez toujours la surface avec une housse propre et veillez \u00e0 ce qu'aucun r\u00e9sidu d'huile ne reste sur le mat\u00e9riau.<\/li>\n<li data-start=\"2278\" data-end=\"2447\">Lors de l'utilisation de grandes quantit\u00e9s d'huile, par exemple pour <strong data-start=\"2343\" data-end=\"2369\">Traitements ayurv\u00e9diques<\/strong>, la table doit toujours \u00eatre recouverte d'un <strong data-start=\"2414\" data-end=\"2444\">couvercle sp\u00e9cial de protection de l'huile<\/strong>.<\/li>\n<li data-start=\"2448\" data-end=\"2642\"><strong data-start=\"2450\" data-end=\"2503\">D\u00e9sinfectants agressifs ou alcooliques<\/strong> peuvent causer des dommages. Les dommages caus\u00e9s par l'utilisation de produits de nettoyage autres que ceux prescrits ne sont pas couverts par la garantie.<\/li>\n<\/ul>\n<h4 data-start=\"2644\" data-end=\"2701\"><strong data-start=\"2648\" data-end=\"2699\">Garantie dans l'UE, en Suisse et en Norv\u00e8ge<\/strong><\/h4>\n<p data-start=\"2702\" data-end=\"3050\">Sur le site <strong data-start=\"2708\" data-end=\"2734\">table de massage portable<\/strong> et accessoires applique un <strong data-start=\"2760\" data-end=\"2790\">p\u00e9riode de garantie de 2 ans<\/strong>. Au cours de cette p\u00e9riode <strong data-start=\"2823\" data-end=\"2840\">TouchPro Europe BV<\/strong> que la table et les accessoires sont exempts de d\u00e9fauts de fabrication. La garantie ne couvre pas les dommages caus\u00e9s par une mauvaise utilisation (tels que les dommages caus\u00e9s par l'huile ou par des cosm\u00e9tiques ou des produits de nettoyage inadapt\u00e9s) ou par l'usure normale.<\/p>\n<p data-start=\"2702\" data-end=\"3050\">Consignes de s\u00e9curit\u00e9 :<\/p>\n<p>Attention : risque d'\u00e9crasement.<br \/>\nSuivez les instructions du produit.<br \/>\nUtiliser comme pr\u00e9vu.<\/p>\n<p>Instructions sur le produit : <a href=\"https:\/\/bodynova.de\/media\/pdf\/welltouch-massage-tables-instructions.pdf\">Tables de massage de Welltouch (PDF)<\/a><\/p>","protected":false},"excerpt":{"rendered":"<p>Mobiele en draagbare massagetafel met verschillende montageopties De RELAX massagetafel van WellTouch is stevig gebouwd en wordt geleverd met diverse accessoires. De tafel heeft een robuust houten frame en een zachte, eenvoudig te reinigen polyurethaan (PU) bekleding met comfortabele schuimvulling. Aan beide uiteinden van de tafel is een Reiki-optie bevestigd voor extra beenruimte bij zittend [&hellip;]<\/p>\n","protected":false},"featured_media":7890,"comment_status":"open","ping_status":"closed","template":"","meta":[],"product_brand":[347],"product_cat":[94,93],"product_tag":[348,349],"class_list":{"0":"post-7883","1":"product","2":"type-product","3":"status-publish","4":"has-post-thumbnail","6":"product_brand-welltouch","7":"product_cat-draagbare-massagetafels","8":"product_cat-massagetafels","9":"product_tag-beginners","10":"product_tag-persoonlijk-gebruik","11":"product_shipping_class-groot-pakket","12":"pa_kleur-beige","13":"pa_kleur-blauw","14":"pa_merk-welltouch","16":"first","17":"outofstock","18":"taxable","19":"shipping-taxable","20":"purchasable","21":"product-type-variable"},"yoast_head":"<!-- This site is optimized with the Yoast SEO Premium plugin v27.3 (Yoast SEO v27.3) - https:\/\/yoast.com\/product\/yoast-seo-premium-wordpress\/ -->\n<title>Bestel de RELAX mobiele massagetafel WellTouch gemakkelijk bij - TouchPro Europe Shop<\/title>\n<meta name=\"description\" content=\"Met de RELAX mobiele massagetafel ervaar je ultiem gemak en praktische montageopties. Breng je massage-ervaring naar een hoger niveau! Bestel hem bij TouchPro Europe de massagewinkel van Europa\" \/>\n<meta name=\"robots\" content=\"index, follow, max-snippet:-1, max-image-preview:large, max-video-preview:-1\" \/>\n<link rel=\"canonical\" href=\"https:\/\/touchproeurope.eu\/fr\/product\/table-de-massage-mobile-de-relaxation-welltouch\/\" \/>\n<meta property=\"og:locale\" content=\"fr_FR\" \/>\n<meta property=\"og:type\" content=\"article\" \/>\n<meta property=\"og:title\" content=\"RELAX mobiele massagetafel WellTouch\" \/>\n<meta property=\"og:description\" content=\"Met de RELAX mobiele massagetafel ervaar je ultiem gemak en praktische montageopties. Breng je massage-ervaring naar een hoger niveau! Bestel hem bij TouchPro Europe de massagewinkel van Europa\" \/>\n<meta property=\"og:url\" content=\"https:\/\/touchproeurope.eu\/fr\/product\/table-de-massage-mobile-de-relaxation-welltouch\/\" \/>\n<meta property=\"og:site_name\" content=\"TouchPro Europe Shop\" \/>\n<meta property=\"article:publisher\" content=\"https:\/\/www.facebook.com\/TouchproNederland\/?locale=nl_NL%2f\" \/>\n<meta property=\"article:modified_time\" content=\"2026-03-04T16:57:08+00:00\" \/>\n<meta property=\"og:image\" content=\"https:\/\/touchproeurope.eu\/wp-content\/uploads\/2025\/03\/table-de-massage-pliante-RELAX-bleu.jpg\" \/>\n\t<meta property=\"og:image:width\" content=\"1500\" \/>\n\t<meta property=\"og:image:height\" content=\"1500\" \/>\n\t<meta property=\"og:image:type\" content=\"image\/jpeg\" \/>\n<meta name=\"twitter:card\" content=\"summary_large_image\" \/>\n<meta name=\"twitter:label1\" content=\"Disponibilit\u00e9\" \/>\n\t<meta name=\"twitter:data1\" content=\"Rupture de stock\" \/>\n<script type=\"application\/ld+json\" class=\"yoast-schema-graph\">{\"@context\":\"https:\\\/\\\/schema.org\",\"@graph\":[{\"@type\":\"WebPage\",\"@id\":\"https:\\\/\\\/touchproeurope.eu\\\/product\\\/relax-mobiele-massagetafel-welltouch\\\/\",\"url\":\"https:\\\/\\\/touchproeurope.eu\\\/product\\\/relax-mobiele-massagetafel-welltouch\\\/\",\"name\":\"Bestel de RELAX mobiele massagetafel WellTouch gemakkelijk bij - TouchPro Europe Shop\",\"isPartOf\":{\"@id\":\"https:\\\/\\\/touchproeurope.eu\\\/#website\"},\"primaryImageOfPage\":{\"@id\":\"https:\\\/\\\/touchproeurope.eu\\\/product\\\/relax-mobiele-massagetafel-welltouch\\\/#primaryimage\"},\"image\":{\"@id\":\"https:\\\/\\\/touchproeurope.eu\\\/product\\\/relax-mobiele-massagetafel-welltouch\\\/#primaryimage\"},\"thumbnailUrl\":\"https:\\\/\\\/i0.wp.com\\\/touchproeurope.eu\\\/wp-content\\\/uploads\\\/2025\\\/03\\\/table-de-massage-pliante-RELAX-bleu.jpg?fit=1500%2C1500&ssl=1\",\"datePublished\":\"2025-03-10T10:07:28+00:00\",\"dateModified\":\"2026-03-04T16:57:08+00:00\",\"description\":\"Met de RELAX mobiele massagetafel ervaar je ultiem gemak en praktische montageopties. Breng je massage-ervaring naar een hoger niveau! Bestel hem bij TouchPro Europe de massagewinkel van Europa\",\"breadcrumb\":{\"@id\":\"https:\\\/\\\/touchproeurope.eu\\\/product\\\/relax-mobiele-massagetafel-welltouch\\\/#breadcrumb\"},\"inLanguage\":\"fr-FR\",\"potentialAction\":[{\"@type\":\"ReadAction\",\"target\":[\"https:\\\/\\\/touchproeurope.eu\\\/product\\\/relax-mobiele-massagetafel-welltouch\\\/\"]}]},{\"@type\":\"ImageObject\",\"inLanguage\":\"fr-FR\",\"@id\":\"https:\\\/\\\/touchproeurope.eu\\\/product\\\/relax-mobiele-massagetafel-welltouch\\\/#primaryimage\",\"url\":\"https:\\\/\\\/i0.wp.com\\\/touchproeurope.eu\\\/wp-content\\\/uploads\\\/2025\\\/03\\\/table-de-massage-pliante-RELAX-bleu.jpg?fit=1500%2C1500&ssl=1\",\"contentUrl\":\"https:\\\/\\\/i0.wp.com\\\/touchproeurope.eu\\\/wp-content\\\/uploads\\\/2025\\\/03\\\/table-de-massage-pliante-RELAX-bleu.jpg?fit=1500%2C1500&ssl=1\",\"width\":1500,\"height\":1500,\"caption\":\"RELAX massagetafel WellTouch blauw\"},{\"@type\":\"BreadcrumbList\",\"@id\":\"https:\\\/\\\/touchproeurope.eu\\\/product\\\/relax-mobiele-massagetafel-welltouch\\\/#breadcrumb\",\"itemListElement\":[{\"@type\":\"ListItem\",\"position\":1,\"name\":\"Home\",\"item\":\"https:\\\/\\\/touchproeurope.eu\\\/\"},{\"@type\":\"ListItem\",\"position\":2,\"name\":\"Winkel\",\"item\":\"https:\\\/\\\/touchproeurope.eu\\\/winkel\\\/\"},{\"@type\":\"ListItem\",\"position\":3,\"name\":\"RELAX mobiele massagetafel WellTouch\"}]},{\"@type\":\"WebSite\",\"@id\":\"https:\\\/\\\/touchproeurope.eu\\\/#website\",\"url\":\"https:\\\/\\\/touchproeurope.eu\\\/\",\"name\":\"TouchPro Europe Shop\",\"description\":\"Alles voor jouw praktijk met een PROfessionele Touch!\",\"publisher\":{\"@id\":\"https:\\\/\\\/touchproeurope.eu\\\/#organization\"},\"alternateName\":\"TPE\",\"potentialAction\":[{\"@type\":\"SearchAction\",\"target\":{\"@type\":\"EntryPoint\",\"urlTemplate\":\"https:\\\/\\\/touchproeurope.eu\\\/?s={search_term_string}\"},\"query-input\":{\"@type\":\"PropertyValueSpecification\",\"valueRequired\":true,\"valueName\":\"search_term_string\"}}],\"inLanguage\":\"fr-FR\"},{\"@type\":\"Organization\",\"@id\":\"https:\\\/\\\/touchproeurope.eu\\\/#organization\",\"name\":\"TouchPro Europe BV\",\"alternateName\":\"TPE\",\"url\":\"https:\\\/\\\/touchproeurope.eu\\\/\",\"logo\":{\"@type\":\"ImageObject\",\"inLanguage\":\"fr-FR\",\"@id\":\"https:\\\/\\\/touchproeurope.eu\\\/#\\\/schema\\\/logo\\\/image\\\/\",\"url\":\"https:\\\/\\\/i0.wp.com\\\/touchproeurope.eu\\\/wp-content\\\/uploads\\\/2023\\\/10\\\/2b592c_b6944d80811246d987cc2c29accedf3f.png?fit=1417%2C531&ssl=1\",\"contentUrl\":\"https:\\\/\\\/i0.wp.com\\\/touchproeurope.eu\\\/wp-content\\\/uploads\\\/2023\\\/10\\\/2b592c_b6944d80811246d987cc2c29accedf3f.png?fit=1417%2C531&ssl=1\",\"width\":1417,\"height\":531,\"caption\":\"TouchPro Europe BV\"},\"image\":{\"@id\":\"https:\\\/\\\/touchproeurope.eu\\\/#\\\/schema\\\/logo\\\/image\\\/\"},\"sameAs\":[\"https:\\\/\\\/www.facebook.com\\\/TouchproNederland\\\/?locale=nl_NL\\\/\",\"https:\\\/\\\/www.instagram.com\\\/touchpro2016\\\/\",\"https:\\\/\\\/www.linkedin.com\\\/company\\\/touchpro-europe-bv\\\/\"],\"description\":\"TouchPro Europe Shop is de massage winkel van Europa. Wij verkopen topkwaliteit massageproducten aan masseurs, pedicures, fysiotherapeuten, manicuren, Wellness centra, opleidingen, etc. TouchPro begon als een kleine webshop in Nederland, maar is nu uitgegroeid tot een webshop met klanten uit heel Europa. Wij bieden een breed assortiment aan massageproducten, waaronder massagetafels, oli\u00ebn, cr\u00e8mes, en accessoires van topmerken, zoals Earthlite, Stronglite en InnerStrenght, Habys, Living Earth Crafts en Continuum en andere leveranciers van massage accessoires. Bestel hier de beste massagematerialen van Europa!\",\"email\":\"info@touchpro-europe.com\",\"telephone\":\"0858768829\",\"legalName\":\"TouchPro Europe BV\",\"foundingDate\":\"2018-01-11\",\"vatID\":\"NL855430151B01\",\"numberOfEmployees\":{\"@type\":\"QuantitativeValue\",\"minValue\":\"1\",\"maxValue\":\"10\"},\"hasMerchantReturnPolicy\":{\"@type\":\"MerchantReturnPolicy\",\"merchantReturnLink\":\"https:\\\/\\\/touchproeurope.eu\\\/fr\\\/retourbeleid\\\/\"}}]}<\/script>\n<meta property=\"product:brand\" content=\"Welltouch\" \/>\n<meta property=\"og:availability\" content=\"out of stock\" \/>\n<meta property=\"product:availability\" content=\"out of stock\" \/>\n<meta property=\"product:condition\" content=\"new\" \/>\n<!-- \/ Yoast SEO Premium plugin. -->","yoast_head_json":{"title":"Commandez facilement la table de massage mobile RELAX WellTouch aupr\u00e8s de - TouchPro Europe Shop","description":"Avec la table de massage mobile RELAX, vous b\u00e9n\u00e9ficiez d'un confort ultime et d'options de montage pratiques. Faites passer votre exp\u00e9rience de massage au niveau sup\u00e9rieur ! Commandez-la aupr\u00e8s de TouchPro Europe, le magasin de massage de l'Europe.","robots":{"index":"index","follow":"follow","max-snippet":"max-snippet:-1","max-image-preview":"max-image-preview:large","max-video-preview":"max-video-preview:-1"},"canonical":"https:\/\/touchproeurope.eu\/fr\/product\/table-de-massage-mobile-de-relaxation-welltouch\/","og_locale":"fr_FR","og_type":"article","og_title":"RELAX mobiele massagetafel WellTouch","og_description":"Met de RELAX mobiele massagetafel ervaar je ultiem gemak en praktische montageopties. Breng je massage-ervaring naar een hoger niveau! Bestel hem bij TouchPro Europe de massagewinkel van Europa","og_url":"https:\/\/touchproeurope.eu\/fr\/product\/table-de-massage-mobile-de-relaxation-welltouch\/","og_site_name":"TouchPro Europe Shop","article_publisher":"https:\/\/www.facebook.com\/TouchproNederland\/?locale=nl_NL%2f","article_modified_time":"2026-03-04T16:57:08+00:00","og_image":[{"width":1500,"height":1500,"url":"https:\/\/touchproeurope.eu\/wp-content\/uploads\/2025\/03\/table-de-massage-pliante-RELAX-bleu.jpg","type":"image\/jpeg"}],"twitter_card":"summary_large_image","twitter_misc":{"Disponibilit\u00e9":"Rupture de stock"},"schema":{"@context":"https:\/\/schema.org","@graph":[{"@type":"WebPage","@id":"https:\/\/touchproeurope.eu\/product\/relax-mobiele-massagetafel-welltouch\/","url":"https:\/\/touchproeurope.eu\/product\/relax-mobiele-massagetafel-welltouch\/","name":"Commandez facilement la table de massage mobile RELAX WellTouch aupr\u00e8s de - TouchPro Europe Shop","isPartOf":{"@id":"https:\/\/touchproeurope.eu\/#website"},"primaryImageOfPage":{"@id":"https:\/\/touchproeurope.eu\/product\/relax-mobiele-massagetafel-welltouch\/#primaryimage"},"image":{"@id":"https:\/\/touchproeurope.eu\/product\/relax-mobiele-massagetafel-welltouch\/#primaryimage"},"thumbnailUrl":"https:\/\/i0.wp.com\/touchproeurope.eu\/wp-content\/uploads\/2025\/03\/table-de-massage-pliante-RELAX-bleu.jpg?fit=1500%2C1500&ssl=1","datePublished":"2025-03-10T10:07:28+00:00","dateModified":"2026-03-04T16:57:08+00:00","description":"Avec la table de massage mobile RELAX, vous b\u00e9n\u00e9ficiez d'un confort ultime et d'options de montage pratiques. Faites passer votre exp\u00e9rience de massage au niveau sup\u00e9rieur ! Commandez-la aupr\u00e8s de TouchPro Europe, le magasin de massage de l'Europe.","breadcrumb":{"@id":"https:\/\/touchproeurope.eu\/product\/relax-mobiele-massagetafel-welltouch\/#breadcrumb"},"inLanguage":"fr-FR","potentialAction":[{"@type":"ReadAction","target":["https:\/\/touchproeurope.eu\/product\/relax-mobiele-massagetafel-welltouch\/"]}]},{"@type":"ImageObject","inLanguage":"fr-FR","@id":"https:\/\/touchproeurope.eu\/product\/relax-mobiele-massagetafel-welltouch\/#primaryimage","url":"https:\/\/i0.wp.com\/touchproeurope.eu\/wp-content\/uploads\/2025\/03\/table-de-massage-pliante-RELAX-bleu.jpg?fit=1500%2C1500&ssl=1","contentUrl":"https:\/\/i0.wp.com\/touchproeurope.eu\/wp-content\/uploads\/2025\/03\/table-de-massage-pliante-RELAX-bleu.jpg?fit=1500%2C1500&ssl=1","width":1500,"height":1500,"caption":"RELAX massagetafel WellTouch blauw"},{"@type":"BreadcrumbList","@id":"https:\/\/touchproeurope.eu\/product\/relax-mobiele-massagetafel-welltouch\/#breadcrumb","itemListElement":[{"@type":"ListItem","position":1,"name":"Home","item":"https:\/\/touchproeurope.eu\/"},{"@type":"ListItem","position":2,"name":"Winkel","item":"https:\/\/touchproeurope.eu\/winkel\/"},{"@type":"ListItem","position":3,"name":"RELAX mobiele massagetafel WellTouch"}]},{"@type":"WebSite","@id":"https:\/\/touchproeurope.eu\/#website","url":"https:\/\/touchproeurope.eu\/","name":"TouchPro Europe Shop","description":"Tout pour votre pratique avec une touche PROfessionnelle !","publisher":{"@id":"https:\/\/touchproeurope.eu\/#organization"},"alternateName":"TPE","potentialAction":[{"@type":"SearchAction","target":{"@type":"EntryPoint","urlTemplate":"https:\/\/touchproeurope.eu\/?s={search_term_string}"},"query-input":{"@type":"PropertyValueSpecification","valueRequired":true,"valueName":"search_term_string"}}],"inLanguage":"fr-FR"},{"@type":"Organization","@id":"https:\/\/touchproeurope.eu\/#organization","name":"TouchPro Europe BV","alternateName":"TPE","url":"https:\/\/touchproeurope.eu\/","logo":{"@type":"ImageObject","inLanguage":"fr-FR","@id":"https:\/\/touchproeurope.eu\/#\/schema\/logo\/image\/","url":"https:\/\/i0.wp.com\/touchproeurope.eu\/wp-content\/uploads\/2023\/10\/2b592c_b6944d80811246d987cc2c29accedf3f.png?fit=1417%2C531&ssl=1","contentUrl":"https:\/\/i0.wp.com\/touchproeurope.eu\/wp-content\/uploads\/2023\/10\/2b592c_b6944d80811246d987cc2c29accedf3f.png?fit=1417%2C531&ssl=1","width":1417,"height":531,"caption":"TouchPro Europe BV"},"image":{"@id":"https:\/\/touchproeurope.eu\/#\/schema\/logo\/image\/"},"sameAs":["https:\/\/www.facebook.com\/TouchproNederland\/?locale=nl_NL\/","https:\/\/www.instagram.com\/touchpro2016\/","https:\/\/www.linkedin.com\/company\/touchpro-europe-bv\/"],"description":"TouchPro Europe Shop est le magasin de massage de l'Europe. Nous vendons des produits de massage de qualit\u00e9 sup\u00e9rieure aux masseurs, p\u00e9dicures, physioth\u00e9rapeutes, manucures, centres de bien-\u00eatre, cours de formation, etc. TouchPro a commenc\u00e9 comme un petit magasin aux Pays-Bas, mais s'est maintenant d\u00e9velopp\u00e9 pour devenir un magasin avec des clients de toute l'Europe. Nous proposons une large gamme de produits de massage, notamment des tables de massage, des huiles, des cr\u00e8mes et des accessoires de grandes marques telles que Earthlite, Stronglite et InnerStrenght, Habys, Living Earth Crafts et Continuum, ainsi que d'autres fournisseurs d'accessoires de massage. Commandez ici les meilleurs produits de massage d'Europe !","email":"info@touchpro-europe.com","telephone":"0858768829","legalName":"TouchPro Europe BV","foundingDate":"2018-01-11","vatID":"NL855430151B01","numberOfEmployees":{"@type":"QuantitativeValue","minValue":"1","maxValue":"10"},"hasMerchantReturnPolicy":{"@type":"MerchantReturnPolicy","merchantReturnLink":"https:\/\/touchproeurope.eu\/fr\/retourbeleid\/"}}]},"product_brand":"Welltouch","og_availability":"out of stock","product_availability":"out of stock","product_condition":"new"},"_links":{"self":[{"href":"https:\/\/touchproeurope.eu\/fr\/wp-json\/wp\/v2\/product\/7883","targetHints":{"allow":["GET"]}}],"collection":[{"href":"https:\/\/touchproeurope.eu\/fr\/wp-json\/wp\/v2\/product"}],"about":[{"href":"https:\/\/touchproeurope.eu\/fr\/wp-json\/wp\/v2\/types\/product"}],"replies":[{"embeddable":true,"href":"https:\/\/touchproeurope.eu\/fr\/wp-json\/wp\/v2\/comments?post=7883"}],"version-history":[{"count":3,"href":"https:\/\/touchproeurope.eu\/fr\/wp-json\/wp\/v2\/product\/7883\/revisions"}],"predecessor-version":[{"id":7894,"href":"https:\/\/touchproeurope.eu\/fr\/wp-json\/wp\/v2\/product\/7883\/revisions\/7894"}],"wp:featuredmedia":[{"embeddable":true,"href":"https:\/\/touchproeurope.eu\/fr\/wp-json\/wp\/v2\/media\/7890"}],"wp:attachment":[{"href":"https:\/\/touchproeurope.eu\/fr\/wp-json\/wp\/v2\/media?parent=7883"}],"wp:term":[{"taxonomy":"product_brand","embeddable":true,"href":"https:\/\/touchproeurope.eu\/fr\/wp-json\/wp\/v2\/product_brand?post=7883"},{"taxonomy":"product_cat","embeddable":true,"href":"https:\/\/touchproeurope.eu\/fr\/wp-json\/wp\/v2\/product_cat?post=7883"},{"taxonomy":"product_tag","embeddable":true,"href":"https:\/\/touchproeurope.eu\/fr\/wp-json\/wp\/v2\/product_tag?post=7883"}],"curies":[{"name":"wp","href":"https:\/\/api.w.org\/{rel}","templated":true}]}}