{"id":7896,"date":"2025-03-10T10:45:10","date_gmt":"2025-03-10T10:45:10","guid":{"rendered":"https:\/\/touchproeurope.eu\/?post_type=product&#038;p=7896"},"modified":"2026-05-14T14:25:30","modified_gmt":"2026-05-14T14:25:30","slug":"table-de-massage-pliante-voyager-light","status":"publish","type":"product","link":"https:\/\/touchproeurope.eu\/fr\/product\/opvouwbare-massagetafel-voyager-light\/","title":{"rendered":"Table de massage pliante VOYAGER LIGHT"},"content":{"rendered":"<h2 data-start=\"0\" data-end=\"85\"><strong data-start=\"0\" data-end=\"83\">Voyager et Traveler - Notre table de massage pliante la plus l\u00e9g\u00e8re, id\u00e9ale pour les massages mobiles !<\/strong><\/h2>\n<p data-start=\"87\" data-end=\"296\">L'\u00e9l\u00e9gante table de massage pliable VOYAGER LIGHT est dot\u00e9e d'une base en acier inoxydable. <strong data-start=\"144\" data-end=\"177\">aluminium noir, peint par poudrage<\/strong>, qui assure la stabilit\u00e9 dans un <strong data-start=\"214\" data-end=\"230\">faible poids<\/strong> et <strong data-start=\"234\" data-end=\"260\">excellent espace pour les jambes<\/strong> aux deux extr\u00e9mit\u00e9s de la table.<\/p>\n<p data-start=\"298\" data-end=\"545\">Le dessous de la table est constitu\u00e9 de <strong data-start=\"339\" data-end=\"367\">nylon tiss\u00e9 tr\u00e8s r\u00e9sistant<\/strong>, Le mat\u00e9riau utilis\u00e9 est similaire \u00e0 celui utilis\u00e9 pour les \u00e9quipements d'alpinisme de haute qualit\u00e9. Cela permet \u00e0 la table <strong data-start=\"477\" data-end=\"494\">extr\u00eamement l\u00e9ger<\/strong>, tout en \u00e9tant capable de supporter une charge \u00e9lev\u00e9e.<\/p>\n<p data-start=\"547\" data-end=\"709\">Le <strong data-start=\"550\" data-end=\"587\">table de massage mobile et portable<\/strong> est accompagn\u00e9 d'un <strong data-start=\"611\" data-end=\"659\">appui-t\u00eate r\u00e9glable, accoudoir et sac de transport<\/strong> (<em data-start=\"661\" data-end=\"705\">l'article peut diff\u00e9rer du sac sur la photo<\/em>).<\/p>\n<p><strong data-start=\"715\" data-end=\"732\">Sp\u00e9cifications<\/strong><\/p>\n<ul data-start=\"735\" data-end=\"1030\">\n<li data-start=\"735\" data-end=\"757\"><strong data-start=\"737\" data-end=\"749\">Largeur :<\/strong> 71 cm<\/li>\n<li data-start=\"758\" data-end=\"796\"><strong data-start=\"760\" data-end=\"783\">Hauteur r\u00e9glable :<\/strong> 60 - 81 cm<\/li>\n<li data-start=\"797\" data-end=\"819\"><strong data-start=\"799\" data-end=\"810\">Longueur :<\/strong> 185 cm<\/li>\n<li data-start=\"820\" data-end=\"879\"><strong data-start=\"822\" data-end=\"834\">Poids :<\/strong> environ 11 kg (accessoires inclus : environ 13,8 kg)<\/li>\n<li data-start=\"880\" data-end=\"916\"><strong data-start=\"882\" data-end=\"907\">Charge dynamique :<\/strong> 200 kg<\/li>\n<li data-start=\"917\" data-end=\"952\"><strong data-start=\"919\" data-end=\"943\">Charge statique :<\/strong> 800 kg<\/li>\n<li data-start=\"953\" data-end=\"991\"><strong data-start=\"955\" data-end=\"977\">Rembourrage standard :<\/strong> 5 cm de mousse<\/li>\n<li data-start=\"992\" data-end=\"1030\"><strong data-start=\"994\" data-end=\"1028\">Rev\u00eatement PU souple et robuste<\/strong><\/li>\n<\/ul>\n<p><strong data-start=\"1036\" data-end=\"1071\">Entretien du polyur\u00e9thane (PU)<\/strong><\/p>\n<p data-start=\"1074\" data-end=\"1382\">Notre <strong data-start=\"1585\" data-end=\"1623\">tables de massage mobiles et portables <\/strong>, Les tabourets, les fauteuils de massage et les rouleaux pour les genoux sont recouverts d'un rev\u00eatement de haute qualit\u00e9. <strong data-start=\"1692\" data-end=\"1713\">polyur\u00e9thane (PU)<\/strong>. Ce mat\u00e9riau est facile \u00e0 nettoyer avec de l'eau et un peu de d\u00e9tergent. Pour une d\u00e9sinfection occasionnelle, nous recommandons notre <strong data-start=\"1840\" data-end=\"1887\">nettoyant d\u00e9sinfectant sans alcool \u201cAysun Cleaning Spray\u201d.\u201d<\/strong> \u00e0. Le spray nettoyant Aysun ne contient pas d'alcool, d'ald\u00e9hydes ou de ph\u00e9nols, ce qui le rend tr\u00e8s doux pour le mat\u00e9riau. Il suffit de le vaporiser, de le laisser agir une minute et de l'essuyer avec un chiffon doux.<\/p>\n<p data-start=\"1384\" data-end=\"1702\"><strong data-start=\"1384\" data-end=\"1438\">Novadest est exempt d'alcool, d'ald\u00e9hydes et de ph\u00e9nols.<\/strong>, Il s'agit d'un produit tr\u00e8s doux pour le mat\u00e9riau. Il suffit de le vaporiser, de le laisser agir pendant une minute et de l'essuyer avec un chiffon doux et humide. <strong data-start=\"1577\" data-end=\"1601\">Eau de Javel courante<\/strong>, dilu\u00e9 dans un rapport de 1:10 avec de l'eau, convient \u00e9galement au nettoyage des tissus d'ameublement en PU.<\/p>\n<p data-start=\"1704\" data-end=\"1737\"><strong data-start=\"1704\" data-end=\"1735\">Conseils d'entretien importants :<\/strong><\/p>\n<ul data-start=\"1738\" data-end=\"2231\">\n<li data-start=\"1738\" data-end=\"1915\"><strong data-start=\"1740\" data-end=\"1769\">Huiles pour la peau et huiles de massage<\/strong> peut endommager le mat\u00e9riau PU. Prot\u00e9gez toujours la surface \u00e0 l'aide d'un <strong data-start=\"1845\" data-end=\"1860\">couverture propre<\/strong> et s'assurer qu'il ne reste aucun r\u00e9sidu d'huile.<\/li>\n<li data-start=\"1916\" data-end=\"2078\">Lors de l'utilisation de <strong data-start=\"1934\" data-end=\"1961\">de grandes quantit\u00e9s d'huile<\/strong> (comme dans les traitements ayurv\u00e9diques), la table doit toujours \u00eatre recouverte d'une feuille d'\u00e9ponge. <strong data-start=\"2045\" data-end=\"2075\">couvercle sp\u00e9cial de protection de l'huile<\/strong>.<\/li>\n<li data-start=\"2079\" data-end=\"2231\"><strong data-start=\"2081\" data-end=\"2134\">D\u00e9sinfectants agressifs ou alcooliques<\/strong> peuvent causer des dommages. Les dommages caus\u00e9s par des produits de nettoyage inadapt\u00e9s ne sont pas couverts par la garantie.<\/li>\n<\/ul>\n<p data-start=\"2520\" data-end=\"2551\"><strong data-start=\"2520\" data-end=\"2549\">Exclus de la garantie :<\/strong><\/p>\n<ul data-start=\"2552\" data-end=\"2736\">\n<li data-start=\"2552\" data-end=\"2687\">Dommages caus\u00e9s par <strong data-start=\"2566\" data-end=\"2590\">manipulation incorrecte<\/strong> (tels que les dommages caus\u00e9s par l'huile ou par l'utilisation de produits cosm\u00e9tiques ou de produits de nettoyage inappropri\u00e9s).<\/li>\n<li data-start=\"2688\" data-end=\"2736\">Normal <strong data-start=\"2698\" data-end=\"2710\">l'usure<\/strong> \u00e0 la suite de l'utilisation.<\/li>\n<\/ul>\n<h4>Consignes de s\u00e9curit\u00e9 :<\/h4>\n<p>Attention : risque d'\u00e9crasement.<br \/>\nSuivez les instructions du produit.<br \/>\nUtiliser comme pr\u00e9vu.<\/p>\n<p>Instructions sur le produit : <a href=\"https:\/\/bodynova.de\/media\/pdf\/welltouch-massage-tables-instructions.pdf\">Tables de massage de Welltouch (PDF)<\/a><\/p>","protected":false},"excerpt":{"rendered":"<p>Voyager en Traveler \u2013 Onze lichtste opvouwbare massagetafel, ideaal voor mobiele massage! De elegante Opvouwbare Massagetafel VOYAGER LIGHT heeft een basis van zwart, poedergecoat aluminium, wat zorgt voor stabiliteit bij een laag gewicht en uitstekende beenruimte aan beide uiteinden van de tafel. De onderkant van de tafel is gemaakt van zeer sterk geweven nylon, vergelijkbaar [&hellip;]<\/p>\n","protected":false},"featured_media":7897,"comment_status":"open","ping_status":"closed","template":"","meta":[],"product_brand":[347],"product_cat":[94,93],"product_tag":[49],"class_list":{"0":"post-7896","1":"product","2":"type-product","3":"status-publish","4":"has-post-thumbnail","6":"product_brand-welltouch","7":"product_cat-draagbare-massagetafels","8":"product_cat-massagetafels","9":"product_tag-reiki","10":"product_shipping_class-groot-pakket","11":"pa_kleur-beige","12":"pa_kleur-blauw","13":"pa_kleur-bordeaux","14":"pa_kleur-zwart","15":"pa_merk-welltouch","17":"first","18":"instock","19":"taxable","20":"shipping-taxable","21":"purchasable","22":"product-type-variable"},"yoast_head":"<!-- This site is optimized with the Yoast SEO Premium plugin v27.6 (Yoast SEO v27.6) - https:\/\/yoast.com\/product\/yoast-seo-premium-wordpress\/ -->\n<title>Bestel de Opvouwbare Massagetafel VOYAGER LIGHT - TouchPro Europe Shop<\/title>\n<meta name=\"description\" content=\"Geniet van ultiem comfort met de Opvouwbare massagetafel. Deze tafel is mobiel en ultra-stevig, ideaal voor elke massagetherapeut. Bestel hem bij TouchPro Europe\" \/>\n<meta name=\"robots\" content=\"index, follow, max-snippet:-1, max-image-preview:large, max-video-preview:-1\" \/>\n<link rel=\"canonical\" href=\"https:\/\/touchproeurope.eu\/fr\/product\/table-de-massage-pliante-voyager-light\/\" \/>\n<meta property=\"og:locale\" content=\"fr_FR\" \/>\n<meta property=\"og:type\" content=\"article\" \/>\n<meta property=\"og:title\" content=\"Opvouwbare Massagetafel VOYAGER LIGHT\" \/>\n<meta property=\"og:description\" content=\"Geniet van ultiem comfort met de Opvouwbare massagetafel. Deze tafel is mobiel en ultra-stevig, ideaal voor elke massagetherapeut. Bestel hem bij TouchPro Europe\" \/>\n<meta property=\"og:url\" content=\"https:\/\/touchproeurope.eu\/fr\/product\/table-de-massage-pliante-voyager-light\/\" \/>\n<meta property=\"og:site_name\" content=\"TouchPro Europe Shop\" \/>\n<meta property=\"article:publisher\" content=\"https:\/\/www.facebook.com\/TouchproNederland\/?locale=nl_NL%2f\" \/>\n<meta property=\"article:modified_time\" content=\"2026-05-14T14:25:30+00:00\" \/>\n<meta property=\"og:image\" content=\"https:\/\/touchproeurope.eu\/wp-content\/uploads\/2025\/03\/table-de-massage-pliante-alu-creme.jpg\" \/>\n\t<meta property=\"og:image:width\" content=\"665\" \/>\n\t<meta property=\"og:image:height\" content=\"665\" \/>\n\t<meta property=\"og:image:type\" content=\"image\/jpeg\" \/>\n<meta name=\"twitter:card\" content=\"summary_large_image\" \/>\n<meta name=\"twitter:label1\" content=\"Disponibilit\u00e9\" \/>\n\t<meta name=\"twitter:data1\" content=\"En stock\" \/>\n<script type=\"application\/ld+json\" class=\"yoast-schema-graph\">{\"@context\":\"https:\\\/\\\/schema.org\",\"@graph\":[{\"@type\":\"WebPage\",\"@id\":\"https:\\\/\\\/touchproeurope.eu\\\/product\\\/opvouwbare-massagetafel-voyager-light\\\/\",\"url\":\"https:\\\/\\\/touchproeurope.eu\\\/product\\\/opvouwbare-massagetafel-voyager-light\\\/\",\"name\":\"Bestel de Opvouwbare Massagetafel VOYAGER LIGHT - TouchPro Europe Shop\",\"isPartOf\":{\"@id\":\"https:\\\/\\\/touchproeurope.eu\\\/#website\"},\"primaryImageOfPage\":{\"@id\":\"https:\\\/\\\/touchproeurope.eu\\\/product\\\/opvouwbare-massagetafel-voyager-light\\\/#primaryimage\"},\"image\":{\"@id\":\"https:\\\/\\\/touchproeurope.eu\\\/product\\\/opvouwbare-massagetafel-voyager-light\\\/#primaryimage\"},\"thumbnailUrl\":\"https:\\\/\\\/i0.wp.com\\\/touchproeurope.eu\\\/wp-content\\\/uploads\\\/2025\\\/03\\\/table-de-massage-pliante-alu-creme.jpg?fit=665%2C665&ssl=1\",\"datePublished\":\"2025-03-10T10:45:10+00:00\",\"dateModified\":\"2026-05-14T14:25:30+00:00\",\"description\":\"Geniet van ultiem comfort met de Opvouwbare massagetafel. Deze tafel is mobiel en ultra-stevig, ideaal voor elke massagetherapeut. Bestel hem bij TouchPro Europe\",\"breadcrumb\":{\"@id\":\"https:\\\/\\\/touchproeurope.eu\\\/product\\\/opvouwbare-massagetafel-voyager-light\\\/#breadcrumb\"},\"inLanguage\":\"fr-FR\",\"potentialAction\":[{\"@type\":\"ReadAction\",\"target\":[\"https:\\\/\\\/touchproeurope.eu\\\/product\\\/opvouwbare-massagetafel-voyager-light\\\/\"]}]},{\"@type\":\"ImageObject\",\"inLanguage\":\"fr-FR\",\"@id\":\"https:\\\/\\\/touchproeurope.eu\\\/product\\\/opvouwbare-massagetafel-voyager-light\\\/#primaryimage\",\"url\":\"https:\\\/\\\/i0.wp.com\\\/touchproeurope.eu\\\/wp-content\\\/uploads\\\/2025\\\/03\\\/table-de-massage-pliante-alu-creme.jpg?fit=665%2C665&ssl=1\",\"contentUrl\":\"https:\\\/\\\/i0.wp.com\\\/touchproeurope.eu\\\/wp-content\\\/uploads\\\/2025\\\/03\\\/table-de-massage-pliante-alu-creme.jpg?fit=665%2C665&ssl=1\",\"width\":665,\"height\":665,\"caption\":\"Opvouwbare Massagetafel VOYAGER LIGHT beige\"},{\"@type\":\"BreadcrumbList\",\"@id\":\"https:\\\/\\\/touchproeurope.eu\\\/product\\\/opvouwbare-massagetafel-voyager-light\\\/#breadcrumb\",\"itemListElement\":[{\"@type\":\"ListItem\",\"position\":1,\"name\":\"Home\",\"item\":\"https:\\\/\\\/touchproeurope.eu\\\/\"},{\"@type\":\"ListItem\",\"position\":2,\"name\":\"Winkel\",\"item\":\"https:\\\/\\\/touchproeurope.eu\\\/winkel\\\/\"},{\"@type\":\"ListItem\",\"position\":3,\"name\":\"Opvouwbare Massagetafel VOYAGER LIGHT\"}]},{\"@type\":\"WebSite\",\"@id\":\"https:\\\/\\\/touchproeurope.eu\\\/#website\",\"url\":\"https:\\\/\\\/touchproeurope.eu\\\/\",\"name\":\"TouchPro Europe Shop\",\"description\":\"Alles voor jouw praktijk met een PROfessionele Touch!\",\"publisher\":{\"@id\":\"https:\\\/\\\/touchproeurope.eu\\\/#organization\"},\"alternateName\":\"TPE\",\"potentialAction\":[{\"@type\":\"SearchAction\",\"target\":{\"@type\":\"EntryPoint\",\"urlTemplate\":\"https:\\\/\\\/touchproeurope.eu\\\/?s={search_term_string}\"},\"query-input\":{\"@type\":\"PropertyValueSpecification\",\"valueRequired\":true,\"valueName\":\"search_term_string\"}}],\"inLanguage\":\"fr-FR\"},{\"@type\":\"Organization\",\"@id\":\"https:\\\/\\\/touchproeurope.eu\\\/#organization\",\"name\":\"TouchPro Europe BV\",\"alternateName\":\"TPE\",\"url\":\"https:\\\/\\\/touchproeurope.eu\\\/\",\"logo\":{\"@type\":\"ImageObject\",\"inLanguage\":\"fr-FR\",\"@id\":\"https:\\\/\\\/touchproeurope.eu\\\/#\\\/schema\\\/logo\\\/image\\\/\",\"url\":\"https:\\\/\\\/i0.wp.com\\\/touchproeurope.eu\\\/wp-content\\\/uploads\\\/2023\\\/10\\\/2b592c_b6944d80811246d987cc2c29accedf3f.png?fit=1417%2C531&ssl=1\",\"contentUrl\":\"https:\\\/\\\/i0.wp.com\\\/touchproeurope.eu\\\/wp-content\\\/uploads\\\/2023\\\/10\\\/2b592c_b6944d80811246d987cc2c29accedf3f.png?fit=1417%2C531&ssl=1\",\"width\":1417,\"height\":531,\"caption\":\"TouchPro Europe BV\"},\"image\":{\"@id\":\"https:\\\/\\\/touchproeurope.eu\\\/#\\\/schema\\\/logo\\\/image\\\/\"},\"sameAs\":[\"https:\\\/\\\/www.facebook.com\\\/TouchproNederland\\\/?locale=nl_NL\\\/\",\"https:\\\/\\\/www.instagram.com\\\/touchpro2016\\\/\",\"https:\\\/\\\/www.linkedin.com\\\/company\\\/touchpro-europe-bv\\\/\"],\"description\":\"TouchPro Europe Shop is de massage winkel van Europa. Wij verkopen topkwaliteit massageproducten aan masseurs, pedicures, fysiotherapeuten, manicuren, Wellness centra, opleidingen, etc. TouchPro begon als een kleine webshop in Nederland, maar is nu uitgegroeid tot een webshop met klanten uit heel Europa. Wij bieden een breed assortiment aan massageproducten, waaronder massagetafels, oli\u00ebn, cr\u00e8mes, en accessoires van topmerken, zoals Earthlite, Stronglite en InnerStrenght, Habys, Living Earth Crafts en Continuum en andere leveranciers van massage accessoires. Bestel hier de beste massagematerialen van Europa!\",\"email\":\"info@touchpro-europe.com\",\"telephone\":\"0858768829\",\"legalName\":\"TouchPro Europe BV\",\"foundingDate\":\"2018-01-11\",\"vatID\":\"NL855430151B01\",\"numberOfEmployees\":{\"@type\":\"QuantitativeValue\",\"minValue\":\"1\",\"maxValue\":\"10\"},\"hasMerchantReturnPolicy\":{\"@type\":\"MerchantReturnPolicy\",\"merchantReturnLink\":\"https:\\\/\\\/touchproeurope.eu\\\/fr\\\/retourbeleid\\\/\"}}]}<\/script>\n<meta property=\"product:brand\" content=\"Welltouch\" \/>\n<meta property=\"og:availability\" content=\"instock\" \/>\n<meta property=\"product:availability\" content=\"instock\" \/>\n<meta property=\"product:retailer_item_id\" content=\"v71x\" \/>\n<meta property=\"product:condition\" content=\"new\" \/>\n<!-- \/ Yoast SEO Premium plugin. -->","yoast_head_json":{"title":"Commander la table de massage pliable VOYAGER LIGHT - TouchPro Europe Shop","description":"Profitez d'un confort ultime avec la table de massage pliante. Cette table est mobile et ultra robuste, id\u00e9ale pour tout massoth\u00e9rapeute. Commandez-la chez TouchPro Europe","robots":{"index":"index","follow":"follow","max-snippet":"max-snippet:-1","max-image-preview":"max-image-preview:large","max-video-preview":"max-video-preview:-1"},"canonical":"https:\/\/touchproeurope.eu\/fr\/product\/table-de-massage-pliante-voyager-light\/","og_locale":"fr_FR","og_type":"article","og_title":"Opvouwbare Massagetafel VOYAGER LIGHT","og_description":"Geniet van ultiem comfort met de Opvouwbare massagetafel. Deze tafel is mobiel en ultra-stevig, ideaal voor elke massagetherapeut. Bestel hem bij TouchPro Europe","og_url":"https:\/\/touchproeurope.eu\/fr\/product\/table-de-massage-pliante-voyager-light\/","og_site_name":"TouchPro Europe Shop","article_publisher":"https:\/\/www.facebook.com\/TouchproNederland\/?locale=nl_NL%2f","article_modified_time":"2026-05-14T14:25:30+00:00","og_image":[{"width":665,"height":665,"url":"https:\/\/touchproeurope.eu\/wp-content\/uploads\/2025\/03\/table-de-massage-pliante-alu-creme.jpg","type":"image\/jpeg"}],"twitter_card":"summary_large_image","twitter_misc":{"Disponibilit\u00e9":"En stock"},"schema":{"@context":"https:\/\/schema.org","@graph":[{"@type":"WebPage","@id":"https:\/\/touchproeurope.eu\/product\/opvouwbare-massagetafel-voyager-light\/","url":"https:\/\/touchproeurope.eu\/product\/opvouwbare-massagetafel-voyager-light\/","name":"Commander la table de massage pliable VOYAGER LIGHT - TouchPro Europe Shop","isPartOf":{"@id":"https:\/\/touchproeurope.eu\/#website"},"primaryImageOfPage":{"@id":"https:\/\/touchproeurope.eu\/product\/opvouwbare-massagetafel-voyager-light\/#primaryimage"},"image":{"@id":"https:\/\/touchproeurope.eu\/product\/opvouwbare-massagetafel-voyager-light\/#primaryimage"},"thumbnailUrl":"https:\/\/i0.wp.com\/touchproeurope.eu\/wp-content\/uploads\/2025\/03\/table-de-massage-pliante-alu-creme.jpg?fit=665%2C665&ssl=1","datePublished":"2025-03-10T10:45:10+00:00","dateModified":"2026-05-14T14:25:30+00:00","description":"Profitez d'un confort ultime avec la table de massage pliante. Cette table est mobile et ultra robuste, id\u00e9ale pour tout massoth\u00e9rapeute. Commandez-la chez TouchPro Europe","breadcrumb":{"@id":"https:\/\/touchproeurope.eu\/product\/opvouwbare-massagetafel-voyager-light\/#breadcrumb"},"inLanguage":"fr-FR","potentialAction":[{"@type":"ReadAction","target":["https:\/\/touchproeurope.eu\/product\/opvouwbare-massagetafel-voyager-light\/"]}]},{"@type":"ImageObject","inLanguage":"fr-FR","@id":"https:\/\/touchproeurope.eu\/product\/opvouwbare-massagetafel-voyager-light\/#primaryimage","url":"https:\/\/i0.wp.com\/touchproeurope.eu\/wp-content\/uploads\/2025\/03\/table-de-massage-pliante-alu-creme.jpg?fit=665%2C665&ssl=1","contentUrl":"https:\/\/i0.wp.com\/touchproeurope.eu\/wp-content\/uploads\/2025\/03\/table-de-massage-pliante-alu-creme.jpg?fit=665%2C665&ssl=1","width":665,"height":665,"caption":"Opvouwbare Massagetafel VOYAGER LIGHT beige"},{"@type":"BreadcrumbList","@id":"https:\/\/touchproeurope.eu\/product\/opvouwbare-massagetafel-voyager-light\/#breadcrumb","itemListElement":[{"@type":"ListItem","position":1,"name":"Home","item":"https:\/\/touchproeurope.eu\/"},{"@type":"ListItem","position":2,"name":"Winkel","item":"https:\/\/touchproeurope.eu\/winkel\/"},{"@type":"ListItem","position":3,"name":"Opvouwbare Massagetafel VOYAGER LIGHT"}]},{"@type":"WebSite","@id":"https:\/\/touchproeurope.eu\/#website","url":"https:\/\/touchproeurope.eu\/","name":"TouchPro Europe Shop","description":"Tout pour votre pratique avec une touche PROfessionnelle !","publisher":{"@id":"https:\/\/touchproeurope.eu\/#organization"},"alternateName":"TPE","potentialAction":[{"@type":"SearchAction","target":{"@type":"EntryPoint","urlTemplate":"https:\/\/touchproeurope.eu\/?s={search_term_string}"},"query-input":{"@type":"PropertyValueSpecification","valueRequired":true,"valueName":"search_term_string"}}],"inLanguage":"fr-FR"},{"@type":"Organization","@id":"https:\/\/touchproeurope.eu\/#organization","name":"TouchPro Europe BV","alternateName":"TPE","url":"https:\/\/touchproeurope.eu\/","logo":{"@type":"ImageObject","inLanguage":"fr-FR","@id":"https:\/\/touchproeurope.eu\/#\/schema\/logo\/image\/","url":"https:\/\/i0.wp.com\/touchproeurope.eu\/wp-content\/uploads\/2023\/10\/2b592c_b6944d80811246d987cc2c29accedf3f.png?fit=1417%2C531&ssl=1","contentUrl":"https:\/\/i0.wp.com\/touchproeurope.eu\/wp-content\/uploads\/2023\/10\/2b592c_b6944d80811246d987cc2c29accedf3f.png?fit=1417%2C531&ssl=1","width":1417,"height":531,"caption":"TouchPro Europe BV"},"image":{"@id":"https:\/\/touchproeurope.eu\/#\/schema\/logo\/image\/"},"sameAs":["https:\/\/www.facebook.com\/TouchproNederland\/?locale=nl_NL\/","https:\/\/www.instagram.com\/touchpro2016\/","https:\/\/www.linkedin.com\/company\/touchpro-europe-bv\/"],"description":"TouchPro Europe Shop est le magasin de massage de l'Europe. Nous vendons des produits de massage de qualit\u00e9 sup\u00e9rieure aux masseurs, p\u00e9dicures, physioth\u00e9rapeutes, manucures, centres de bien-\u00eatre, cours de formation, etc. TouchPro a commenc\u00e9 comme un petit magasin aux Pays-Bas, mais s'est maintenant d\u00e9velopp\u00e9 pour devenir un magasin avec des clients de toute l'Europe. Nous proposons une large gamme de produits de massage, notamment des tables de massage, des huiles, des cr\u00e8mes et des accessoires de grandes marques telles que Earthlite, Stronglite et InnerStrenght, Habys, Living Earth Crafts et Continuum, ainsi que d'autres fournisseurs d'accessoires de massage. Commandez ici les meilleurs produits de massage d'Europe !","email":"info@touchpro-europe.com","telephone":"0858768829","legalName":"TouchPro Europe BV","foundingDate":"2018-01-11","vatID":"NL855430151B01","numberOfEmployees":{"@type":"QuantitativeValue","minValue":"1","maxValue":"10"},"hasMerchantReturnPolicy":{"@type":"MerchantReturnPolicy","merchantReturnLink":"https:\/\/touchproeurope.eu\/fr\/retourbeleid\/"}}]},"product_brand":"Welltouch","og_availability":"instock","product_availability":"instock","product_retailer_item_id":"v71x","product_condition":"new"},"_links":{"self":[{"href":"https:\/\/touchproeurope.eu\/fr\/wp-json\/wp\/v2\/product\/7896","targetHints":{"allow":["GET"]}}],"collection":[{"href":"https:\/\/touchproeurope.eu\/fr\/wp-json\/wp\/v2\/product"}],"about":[{"href":"https:\/\/touchproeurope.eu\/fr\/wp-json\/wp\/v2\/types\/product"}],"replies":[{"embeddable":true,"href":"https:\/\/touchproeurope.eu\/fr\/wp-json\/wp\/v2\/comments?post=7896"}],"version-history":[{"count":4,"href":"https:\/\/touchproeurope.eu\/fr\/wp-json\/wp\/v2\/product\/7896\/revisions"}],"predecessor-version":[{"id":8118,"href":"https:\/\/touchproeurope.eu\/fr\/wp-json\/wp\/v2\/product\/7896\/revisions\/8118"}],"wp:featuredmedia":[{"embeddable":true,"href":"https:\/\/touchproeurope.eu\/fr\/wp-json\/wp\/v2\/media\/7897"}],"wp:attachment":[{"href":"https:\/\/touchproeurope.eu\/fr\/wp-json\/wp\/v2\/media?parent=7896"}],"wp:term":[{"taxonomy":"product_brand","embeddable":true,"href":"https:\/\/touchproeurope.eu\/fr\/wp-json\/wp\/v2\/product_brand?post=7896"},{"taxonomy":"product_cat","embeddable":true,"href":"https:\/\/touchproeurope.eu\/fr\/wp-json\/wp\/v2\/product_cat?post=7896"},{"taxonomy":"product_tag","embeddable":true,"href":"https:\/\/touchproeurope.eu\/fr\/wp-json\/wp\/v2\/product_tag?post=7896"}],"curies":[{"name":"wp","href":"https:\/\/api.w.org\/{rel}","templated":true}]}}