{"id":7937,"date":"2025-03-16T18:47:25","date_gmt":"2025-03-16T18:47:25","guid":{"rendered":"https:\/\/touchproeurope.eu\/?post_type=product&#038;p=7937"},"modified":"2026-04-22T14:51:44","modified_gmt":"2026-04-22T14:51:44","slug":"table-de-massage-balance-ii-76-cm","status":"publish","type":"product","link":"https:\/\/touchproeurope.eu\/fr\/product\/massagetafel-balance-ii-76-cm\/","title":{"rendered":"Table de massage BALANCE II 76 cm"},"content":{"rendered":"<p data-start=\"0\" data-end=\"173\"><strong data-start=\"0\" data-end=\"110\">La table de massage BALANCE II 76 cm avec cadre CableLock dans la gamme de prix budget, maintenant am\u00e9lior\u00e9e dans de nombreux d\u00e9tails !<\/strong><br data-start=\"110\" data-end=\"113\" \/>La table de massage est facile \u00e0 monter et \u00e0 d\u00e9monter.<\/p>\n<h3 data-start=\"175\" data-end=\"194\">Incluant d\u00e9sormais :<\/h3>\n<ul data-start=\"195\" data-end=\"349\">\n<li data-start=\"195\" data-end=\"211\">La table de massage BALANCE II 76 cm<\/li>\n<li data-start=\"212\" data-end=\"238\">Appui-t\u00eate r\u00e9glable<\/li>\n<li data-start=\"239\" data-end=\"251\">Accoudoir<\/li>\n<li data-start=\"252\" data-end=\"287\">Option Reiki aux deux extr\u00e9mit\u00e9s<\/li>\n<li data-start=\"288\" data-end=\"349\">Sac de transport (l'article peut diff\u00e9rer du sac sur la photo)<\/li>\n<\/ul>\n<h3 data-start=\"351\" data-end=\"376\">D\u00e9tails de la construction :<\/h3>\n<ul data-start=\"377\" data-end=\"620\">\n<li data-start=\"377\" data-end=\"417\">Largeurs disponibles : 71 cm et 76 cm<\/li>\n<li data-start=\"418\" data-end=\"446\">Hauteur : 61 - 83 cm<\/li>\n<li data-start=\"447\" data-end=\"465\">Longueur : 185 cm<\/li>\n<li data-start=\"466\" data-end=\"490\">Poids : environ 16,5 kg<\/li>\n<li data-start=\"491\" data-end=\"553\">Charge dynamique : 180 kg \/ charge statique : 720 kg<\/li>\n<li data-start=\"554\" data-end=\"588\">Rembourrage standard : 5 cm de mousse<\/li>\n<li data-start=\"589\" data-end=\"620\">Doux et solide : rev\u00eatement en PU<\/li>\n<\/ul>\n<h3 data-start=\"622\" data-end=\"667\">Instructions d'entretien pour le polyur\u00e9thane<\/h3>\n<p data-start=\"668\" data-end=\"970\">Nos tables de massage, tabourets, fauteuils de massage, rouleaux, etc. sont recouverts de polyur\u00e9thane (PU) de haute qualit\u00e9. Ce mat\u00e9riau se nettoie facilement avec de l'eau et un peu de liquide vaisselle. Pour une d\u00e9sinfection occasionnelle, nous recommandons notre nettoyant d\u00e9sinfectant sans alcool. <strong data-start=\"949\" data-end=\"963\">\"Aysun spray nettoyant\"<\/strong> \u00e0.<\/p>\n<p data-start=\"972\" data-end=\"1275\">Le spray nettoyant Aysun est exempt d'alcool, d'ald\u00e9hydes et de ph\u00e9nols, ce qui le rend tr\u00e8s doux pour les mat\u00e9riaux. Il suffit de le vaporiser, de le laisser agir pendant une minute et de l'essuyer avec un chiffon doux et humide. L'eau de Javel ordinaire, dilu\u00e9e dans l'eau \u00e0 raison de 1:10, convient \u00e9galement au nettoyage des tissus d'ameublement en PU.<\/p>\n<p data-start=\"1277\" data-end=\"1650\">Les huiles, y compris les huiles naturelles de la peau, peuvent endommager le mat\u00e9riau de la housse. Il convient donc de toujours prot\u00e9ger la surface de couchage avec une housse propre et de veiller \u00e0 ce qu'il ne reste aucun r\u00e9sidu d'huile sur le mat\u00e9riau. En cas d'utilisation de grandes quantit\u00e9s d'huile, comme dans les traitements ayurv\u00e9diques, la table doit toujours \u00eatre prot\u00e9g\u00e9e par une housse sp\u00e9ciale r\u00e9sistante \u00e0 l'huile.<\/p>\n<p data-start=\"1652\" data-end=\"1865\">Les d\u00e9sinfectants agressifs ou \u00e0 base d'alcool peuvent \u00e9galement endommager le mat\u00e9riau. Les dommages caus\u00e9s par l'utilisation de produits de nettoyage autres que ceux mentionn\u00e9s ci-dessus ne sont pas couverts par la garantie.<\/p>\n<h3 data-start=\"1867\" data-end=\"1892\">Informations sur la garantie<\/h3>\n<p data-start=\"1893\" data-end=\"2109\"><em data-start=\"1893\" data-end=\"1940\">(Valable pour l'UE, la Suisse et la Norv\u00e8ge)<\/em><br data-start=\"1940\" data-end=\"1943\" \/>TouchPro Europe garantit que les produits WellTouch, y compris le mat\u00e9riau de rev\u00eatement et les accessoires, sont exempts de d\u00e9fauts de mat\u00e9riaux et de fabrication pendant deux ans.<\/p>\n<p data-start=\"2111\" data-end=\"2146\">Sont exclus de la garantie<\/p>\n<ul data-start=\"2147\" data-end=\"2304\">\n<li data-start=\"2147\" data-end=\"2283\">les dommages caus\u00e9s par une utilisation ou une manipulation inappropri\u00e9e (tels que les dommages caus\u00e9s par l'huile, les produits cosm\u00e9tiques ou les produits de nettoyage inadapt\u00e9s)<\/li>\n<li data-start=\"2284\" data-end=\"2304\">Usure normale<\/li>\n<\/ul>\n<h4>Consignes de s\u00e9curit\u00e9 :<\/h4>\n<p>Attention : risque d'\u00e9crasement.<br \/>\nSuivez les instructions du produit.<br \/>\nUtiliser comme pr\u00e9vu.<br \/>\nInstructions sur le produit : <a href=\"https:\/\/bodynova.de\/media\/pdf\/welltouch-massage-tables-instructions.pdf\">Tables de massage de Welltouch (PDF)<\/a><\/p>","protected":false},"excerpt":{"rendered":"<p data-start=\"0\" data-end=\"53\"><strong data-start=\"0\" data-end=\"51\">Table de massage WellTouch BALANCE II 76 cm- Confort et stabilit\u00e9<\/strong><\/p>\n<p data-start=\"55\" data-end=\"426\" data-is-last-node=\"\" data-is-only-node=\"\">Notre table de massage avec cadre CableLock robuste, maintenant am\u00e9lior\u00e9e ! Facile \u00e0 installer et id\u00e9ale pour les professionnels. Comprend un appui-t\u00eate r\u00e9glable, un accoudoir et un sac de transport. Disponible en 71 cm et 76 cm de largeur, avec un confortable coussin en mousse de 5 cm d'\u00e9paisseur et un rev\u00eatement en PU durable. Charge dynamique jusqu'\u00e0 180 kg. Parfait pour les massages, la physioth\u00e9rapie et le bien-\u00eatre !<\/p>","protected":false},"featured_media":7938,"comment_status":"open","ping_status":"closed","template":"","meta":[],"product_brand":[347],"product_cat":[94,93],"product_tag":[],"class_list":{"0":"post-7937","1":"product","2":"type-product","3":"status-publish","4":"has-post-thumbnail","6":"product_brand-welltouch","7":"product_cat-draagbare-massagetafels","8":"product_cat-massagetafels","9":"product_shipping_class-groot-pakket","10":"pa_kleur-beige","11":"pa_kleur-blauw","12":"pa_kleur-bordeaux","13":"pa_kleur-chocolade","14":"pa_merk-welltouch","16":"first","17":"instock","18":"taxable","19":"shipping-taxable","20":"purchasable","21":"product-type-variable"},"yoast_head":"<!-- This site is optimized with the Yoast SEO Premium plugin v27.4 (Yoast SEO v27.4) - https:\/\/yoast.com\/product\/yoast-seo-premium-wordpress\/ -->\n<title>Massagetafel BALANCE II 76 cm - TouchPro Europe Shop<\/title>\n<meta name=\"description\" content=\"Bestel de massagetafel BALANCE II 76 cm met een sterk CableLock-frame voor optimale veiligheid bij TouchPro Europe. Perfect voor elke massagetoepassing!\" \/>\n<meta name=\"robots\" content=\"index, follow, max-snippet:-1, max-image-preview:large, max-video-preview:-1\" \/>\n<link rel=\"canonical\" href=\"https:\/\/touchproeurope.eu\/fr\/product\/table-de-massage-balance-ii-76-cm\/\" \/>\n<meta property=\"og:locale\" content=\"fr_FR\" \/>\n<meta property=\"og:type\" content=\"article\" \/>\n<meta property=\"og:title\" content=\"Massagetafel BALANCE II 76 cm\" \/>\n<meta property=\"og:description\" content=\"Bestel de massagetafel BALANCE II 76 cm met een sterk CableLock-frame voor optimale veiligheid bij TouchPro Europe. Perfect voor elke massagetoepassing!\" \/>\n<meta property=\"og:url\" content=\"https:\/\/touchproeurope.eu\/fr\/product\/table-de-massage-balance-ii-76-cm\/\" \/>\n<meta property=\"og:site_name\" content=\"TouchPro Europe Shop\" \/>\n<meta property=\"article:publisher\" content=\"https:\/\/www.facebook.com\/TouchproNederland\/?locale=nl_NL%2f\" \/>\n<meta property=\"article:modified_time\" content=\"2026-04-22T14:51:44+00:00\" \/>\n<meta property=\"og:image\" content=\"https:\/\/touchproeurope.eu\/wp-content\/uploads\/2025\/03\/b76s_massage_liege_welltouch_welness_schoko_aufgebaut_kopfstuetze-e1742150378963.jpeg\" \/>\n\t<meta property=\"og:image:width\" content=\"800\" \/>\n\t<meta property=\"og:image:height\" content=\"800\" \/>\n\t<meta property=\"og:image:type\" content=\"image\/jpeg\" \/>\n<meta name=\"twitter:card\" content=\"summary_large_image\" \/>\n<meta name=\"twitter:label1\" content=\"Disponibilit\u00e9\" \/>\n\t<meta name=\"twitter:data1\" content=\"En stock\" \/>\n<script type=\"application\/ld+json\" class=\"yoast-schema-graph\">{\"@context\":\"https:\\\/\\\/schema.org\",\"@graph\":[{\"@type\":\"WebPage\",\"@id\":\"https:\\\/\\\/touchproeurope.eu\\\/product\\\/massagetafel-balance-ii-76-cm\\\/\",\"url\":\"https:\\\/\\\/touchproeurope.eu\\\/product\\\/massagetafel-balance-ii-76-cm\\\/\",\"name\":\"Massagetafel BALANCE II 76 cm - TouchPro Europe Shop\",\"isPartOf\":{\"@id\":\"https:\\\/\\\/touchproeurope.eu\\\/#website\"},\"primaryImageOfPage\":{\"@id\":\"https:\\\/\\\/touchproeurope.eu\\\/product\\\/massagetafel-balance-ii-76-cm\\\/#primaryimage\"},\"image\":{\"@id\":\"https:\\\/\\\/touchproeurope.eu\\\/product\\\/massagetafel-balance-ii-76-cm\\\/#primaryimage\"},\"thumbnailUrl\":\"https:\\\/\\\/i0.wp.com\\\/touchproeurope.eu\\\/wp-content\\\/uploads\\\/2025\\\/03\\\/b76s_massage_liege_welltouch_welness_schoko_aufgebaut_kopfstuetze-e1742150378963.jpeg?fit=800%2C800&ssl=1\",\"datePublished\":\"2025-03-16T18:47:25+00:00\",\"dateModified\":\"2026-04-22T14:51:44+00:00\",\"description\":\"Bestel de massagetafel BALANCE II 76 cm met een sterk CableLock-frame voor optimale veiligheid bij TouchPro Europe. Perfect voor elke massagetoepassing!\",\"breadcrumb\":{\"@id\":\"https:\\\/\\\/touchproeurope.eu\\\/product\\\/massagetafel-balance-ii-76-cm\\\/#breadcrumb\"},\"inLanguage\":\"fr-FR\",\"potentialAction\":[{\"@type\":\"ReadAction\",\"target\":[\"https:\\\/\\\/touchproeurope.eu\\\/product\\\/massagetafel-balance-ii-76-cm\\\/\"]}]},{\"@type\":\"ImageObject\",\"inLanguage\":\"fr-FR\",\"@id\":\"https:\\\/\\\/touchproeurope.eu\\\/product\\\/massagetafel-balance-ii-76-cm\\\/#primaryimage\",\"url\":\"https:\\\/\\\/i0.wp.com\\\/touchproeurope.eu\\\/wp-content\\\/uploads\\\/2025\\\/03\\\/b76s_massage_liege_welltouch_welness_schoko_aufgebaut_kopfstuetze-e1742150378963.jpeg?fit=800%2C800&ssl=1\",\"contentUrl\":\"https:\\\/\\\/i0.wp.com\\\/touchproeurope.eu\\\/wp-content\\\/uploads\\\/2025\\\/03\\\/b76s_massage_liege_welltouch_welness_schoko_aufgebaut_kopfstuetze-e1742150378963.jpeg?fit=800%2C800&ssl=1\",\"width\":800,\"height\":800,\"caption\":\"Massagetafel BALANCE II 76 cm\"},{\"@type\":\"BreadcrumbList\",\"@id\":\"https:\\\/\\\/touchproeurope.eu\\\/product\\\/massagetafel-balance-ii-76-cm\\\/#breadcrumb\",\"itemListElement\":[{\"@type\":\"ListItem\",\"position\":1,\"name\":\"Home\",\"item\":\"https:\\\/\\\/touchproeurope.eu\\\/\"},{\"@type\":\"ListItem\",\"position\":2,\"name\":\"Winkel\",\"item\":\"https:\\\/\\\/touchproeurope.eu\\\/winkel\\\/\"},{\"@type\":\"ListItem\",\"position\":3,\"name\":\"Massagetafel BALANCE II 76 cm\"}]},{\"@type\":\"WebSite\",\"@id\":\"https:\\\/\\\/touchproeurope.eu\\\/#website\",\"url\":\"https:\\\/\\\/touchproeurope.eu\\\/\",\"name\":\"TouchPro Europe Shop\",\"description\":\"Alles voor jouw praktijk met een PROfessionele Touch!\",\"publisher\":{\"@id\":\"https:\\\/\\\/touchproeurope.eu\\\/#organization\"},\"alternateName\":\"TPE\",\"potentialAction\":[{\"@type\":\"SearchAction\",\"target\":{\"@type\":\"EntryPoint\",\"urlTemplate\":\"https:\\\/\\\/touchproeurope.eu\\\/?s={search_term_string}\"},\"query-input\":{\"@type\":\"PropertyValueSpecification\",\"valueRequired\":true,\"valueName\":\"search_term_string\"}}],\"inLanguage\":\"fr-FR\"},{\"@type\":\"Organization\",\"@id\":\"https:\\\/\\\/touchproeurope.eu\\\/#organization\",\"name\":\"TouchPro Europe BV\",\"alternateName\":\"TPE\",\"url\":\"https:\\\/\\\/touchproeurope.eu\\\/\",\"logo\":{\"@type\":\"ImageObject\",\"inLanguage\":\"fr-FR\",\"@id\":\"https:\\\/\\\/touchproeurope.eu\\\/#\\\/schema\\\/logo\\\/image\\\/\",\"url\":\"https:\\\/\\\/i0.wp.com\\\/touchproeurope.eu\\\/wp-content\\\/uploads\\\/2023\\\/10\\\/2b592c_b6944d80811246d987cc2c29accedf3f.png?fit=1417%2C531&ssl=1\",\"contentUrl\":\"https:\\\/\\\/i0.wp.com\\\/touchproeurope.eu\\\/wp-content\\\/uploads\\\/2023\\\/10\\\/2b592c_b6944d80811246d987cc2c29accedf3f.png?fit=1417%2C531&ssl=1\",\"width\":1417,\"height\":531,\"caption\":\"TouchPro Europe BV\"},\"image\":{\"@id\":\"https:\\\/\\\/touchproeurope.eu\\\/#\\\/schema\\\/logo\\\/image\\\/\"},\"sameAs\":[\"https:\\\/\\\/www.facebook.com\\\/TouchproNederland\\\/?locale=nl_NL\\\/\",\"https:\\\/\\\/www.instagram.com\\\/touchpro2016\\\/\",\"https:\\\/\\\/www.linkedin.com\\\/company\\\/touchpro-europe-bv\\\/\"],\"description\":\"TouchPro Europe Shop is de massage winkel van Europa. Wij verkopen topkwaliteit massageproducten aan masseurs, pedicures, fysiotherapeuten, manicuren, Wellness centra, opleidingen, etc. TouchPro begon als een kleine webshop in Nederland, maar is nu uitgegroeid tot een webshop met klanten uit heel Europa. Wij bieden een breed assortiment aan massageproducten, waaronder massagetafels, oli\u00ebn, cr\u00e8mes, en accessoires van topmerken, zoals Earthlite, Stronglite en InnerStrenght, Habys, Living Earth Crafts en Continuum en andere leveranciers van massage accessoires. Bestel hier de beste massagematerialen van Europa!\",\"email\":\"info@touchpro-europe.com\",\"telephone\":\"0858768829\",\"legalName\":\"TouchPro Europe BV\",\"foundingDate\":\"2018-01-11\",\"vatID\":\"NL855430151B01\",\"numberOfEmployees\":{\"@type\":\"QuantitativeValue\",\"minValue\":\"1\",\"maxValue\":\"10\"},\"hasMerchantReturnPolicy\":{\"@type\":\"MerchantReturnPolicy\",\"merchantReturnLink\":\"https:\\\/\\\/touchproeurope.eu\\\/fr\\\/retourbeleid\\\/\"}}]}<\/script>\n<meta property=\"product:brand\" content=\"Welltouch\" \/>\n<meta property=\"og:availability\" content=\"instock\" \/>\n<meta property=\"product:availability\" content=\"instock\" \/>\n<meta property=\"product:retailer_item_id\" content=\"b76x\" \/>\n<meta property=\"product:condition\" content=\"new\" \/>\n<!-- \/ Yoast SEO Premium plugin. -->","yoast_head_json":{"title":"Table de massage BALANCE II 76 cm - TouchPro Europe Shop","description":"Commandez la table de massage BALANCE II 76 cm avec un cadre CableLock solide pour une s\u00e9curit\u00e9 optimale aupr\u00e8s de TouchPro Europe. Parfaite pour toutes les applications de massage !","robots":{"index":"index","follow":"follow","max-snippet":"max-snippet:-1","max-image-preview":"max-image-preview:large","max-video-preview":"max-video-preview:-1"},"canonical":"https:\/\/touchproeurope.eu\/fr\/product\/table-de-massage-balance-ii-76-cm\/","og_locale":"fr_FR","og_type":"article","og_title":"Massagetafel BALANCE II 76 cm","og_description":"Bestel de massagetafel BALANCE II 76 cm met een sterk CableLock-frame voor optimale veiligheid bij TouchPro Europe. Perfect voor elke massagetoepassing!","og_url":"https:\/\/touchproeurope.eu\/fr\/product\/table-de-massage-balance-ii-76-cm\/","og_site_name":"TouchPro Europe Shop","article_publisher":"https:\/\/www.facebook.com\/TouchproNederland\/?locale=nl_NL%2f","article_modified_time":"2026-04-22T14:51:44+00:00","og_image":[{"width":800,"height":800,"url":"https:\/\/touchproeurope.eu\/wp-content\/uploads\/2025\/03\/b76s_massage_liege_welltouch_welness_schoko_aufgebaut_kopfstuetze-e1742150378963.jpeg","type":"image\/jpeg"}],"twitter_card":"summary_large_image","twitter_misc":{"Disponibilit\u00e9":"En stock"},"schema":{"@context":"https:\/\/schema.org","@graph":[{"@type":"WebPage","@id":"https:\/\/touchproeurope.eu\/product\/massagetafel-balance-ii-76-cm\/","url":"https:\/\/touchproeurope.eu\/product\/massagetafel-balance-ii-76-cm\/","name":"Table de massage BALANCE II 76 cm - TouchPro Europe Shop","isPartOf":{"@id":"https:\/\/touchproeurope.eu\/#website"},"primaryImageOfPage":{"@id":"https:\/\/touchproeurope.eu\/product\/massagetafel-balance-ii-76-cm\/#primaryimage"},"image":{"@id":"https:\/\/touchproeurope.eu\/product\/massagetafel-balance-ii-76-cm\/#primaryimage"},"thumbnailUrl":"https:\/\/i0.wp.com\/touchproeurope.eu\/wp-content\/uploads\/2025\/03\/b76s_massage_liege_welltouch_welness_schoko_aufgebaut_kopfstuetze-e1742150378963.jpeg?fit=800%2C800&ssl=1","datePublished":"2025-03-16T18:47:25+00:00","dateModified":"2026-04-22T14:51:44+00:00","description":"Commandez la table de massage BALANCE II 76 cm avec un cadre CableLock solide pour une s\u00e9curit\u00e9 optimale aupr\u00e8s de TouchPro Europe. Parfaite pour toutes les applications de massage !","breadcrumb":{"@id":"https:\/\/touchproeurope.eu\/product\/massagetafel-balance-ii-76-cm\/#breadcrumb"},"inLanguage":"fr-FR","potentialAction":[{"@type":"ReadAction","target":["https:\/\/touchproeurope.eu\/product\/massagetafel-balance-ii-76-cm\/"]}]},{"@type":"ImageObject","inLanguage":"fr-FR","@id":"https:\/\/touchproeurope.eu\/product\/massagetafel-balance-ii-76-cm\/#primaryimage","url":"https:\/\/i0.wp.com\/touchproeurope.eu\/wp-content\/uploads\/2025\/03\/b76s_massage_liege_welltouch_welness_schoko_aufgebaut_kopfstuetze-e1742150378963.jpeg?fit=800%2C800&ssl=1","contentUrl":"https:\/\/i0.wp.com\/touchproeurope.eu\/wp-content\/uploads\/2025\/03\/b76s_massage_liege_welltouch_welness_schoko_aufgebaut_kopfstuetze-e1742150378963.jpeg?fit=800%2C800&ssl=1","width":800,"height":800,"caption":"Massagetafel BALANCE II 76 cm"},{"@type":"BreadcrumbList","@id":"https:\/\/touchproeurope.eu\/product\/massagetafel-balance-ii-76-cm\/#breadcrumb","itemListElement":[{"@type":"ListItem","position":1,"name":"Home","item":"https:\/\/touchproeurope.eu\/"},{"@type":"ListItem","position":2,"name":"Winkel","item":"https:\/\/touchproeurope.eu\/winkel\/"},{"@type":"ListItem","position":3,"name":"Massagetafel BALANCE II 76 cm"}]},{"@type":"WebSite","@id":"https:\/\/touchproeurope.eu\/#website","url":"https:\/\/touchproeurope.eu\/","name":"TouchPro Europe Shop","description":"Tout pour votre pratique avec une touche PROfessionnelle !","publisher":{"@id":"https:\/\/touchproeurope.eu\/#organization"},"alternateName":"TPE","potentialAction":[{"@type":"SearchAction","target":{"@type":"EntryPoint","urlTemplate":"https:\/\/touchproeurope.eu\/?s={search_term_string}"},"query-input":{"@type":"PropertyValueSpecification","valueRequired":true,"valueName":"search_term_string"}}],"inLanguage":"fr-FR"},{"@type":"Organization","@id":"https:\/\/touchproeurope.eu\/#organization","name":"TouchPro Europe BV","alternateName":"TPE","url":"https:\/\/touchproeurope.eu\/","logo":{"@type":"ImageObject","inLanguage":"fr-FR","@id":"https:\/\/touchproeurope.eu\/#\/schema\/logo\/image\/","url":"https:\/\/i0.wp.com\/touchproeurope.eu\/wp-content\/uploads\/2023\/10\/2b592c_b6944d80811246d987cc2c29accedf3f.png?fit=1417%2C531&ssl=1","contentUrl":"https:\/\/i0.wp.com\/touchproeurope.eu\/wp-content\/uploads\/2023\/10\/2b592c_b6944d80811246d987cc2c29accedf3f.png?fit=1417%2C531&ssl=1","width":1417,"height":531,"caption":"TouchPro Europe BV"},"image":{"@id":"https:\/\/touchproeurope.eu\/#\/schema\/logo\/image\/"},"sameAs":["https:\/\/www.facebook.com\/TouchproNederland\/?locale=nl_NL\/","https:\/\/www.instagram.com\/touchpro2016\/","https:\/\/www.linkedin.com\/company\/touchpro-europe-bv\/"],"description":"TouchPro Europe Shop est le magasin de massage de l'Europe. Nous vendons des produits de massage de qualit\u00e9 sup\u00e9rieure aux masseurs, p\u00e9dicures, physioth\u00e9rapeutes, manucures, centres de bien-\u00eatre, cours de formation, etc. TouchPro a commenc\u00e9 comme un petit magasin aux Pays-Bas, mais s'est maintenant d\u00e9velopp\u00e9 pour devenir un magasin avec des clients de toute l'Europe. Nous proposons une large gamme de produits de massage, notamment des tables de massage, des huiles, des cr\u00e8mes et des accessoires de grandes marques telles que Earthlite, Stronglite et InnerStrenght, Habys, Living Earth Crafts et Continuum, ainsi que d'autres fournisseurs d'accessoires de massage. Commandez ici les meilleurs produits de massage d'Europe !","email":"info@touchpro-europe.com","telephone":"0858768829","legalName":"TouchPro Europe BV","foundingDate":"2018-01-11","vatID":"NL855430151B01","numberOfEmployees":{"@type":"QuantitativeValue","minValue":"1","maxValue":"10"},"hasMerchantReturnPolicy":{"@type":"MerchantReturnPolicy","merchantReturnLink":"https:\/\/touchproeurope.eu\/fr\/retourbeleid\/"}}]},"product_brand":"Welltouch","og_availability":"instock","product_availability":"instock","product_retailer_item_id":"b76x","product_condition":"new"},"_links":{"self":[{"href":"https:\/\/touchproeurope.eu\/fr\/wp-json\/wp\/v2\/product\/7937","targetHints":{"allow":["GET"]}}],"collection":[{"href":"https:\/\/touchproeurope.eu\/fr\/wp-json\/wp\/v2\/product"}],"about":[{"href":"https:\/\/touchproeurope.eu\/fr\/wp-json\/wp\/v2\/types\/product"}],"replies":[{"embeddable":true,"href":"https:\/\/touchproeurope.eu\/fr\/wp-json\/wp\/v2\/comments?post=7937"}],"version-history":[{"count":3,"href":"https:\/\/touchproeurope.eu\/fr\/wp-json\/wp\/v2\/product\/7937\/revisions"}],"predecessor-version":[{"id":13921,"href":"https:\/\/touchproeurope.eu\/fr\/wp-json\/wp\/v2\/product\/7937\/revisions\/13921"}],"wp:featuredmedia":[{"embeddable":true,"href":"https:\/\/touchproeurope.eu\/fr\/wp-json\/wp\/v2\/media\/7938"}],"wp:attachment":[{"href":"https:\/\/touchproeurope.eu\/fr\/wp-json\/wp\/v2\/media?parent=7937"}],"wp:term":[{"taxonomy":"product_brand","embeddable":true,"href":"https:\/\/touchproeurope.eu\/fr\/wp-json\/wp\/v2\/product_brand?post=7937"},{"taxonomy":"product_cat","embeddable":true,"href":"https:\/\/touchproeurope.eu\/fr\/wp-json\/wp\/v2\/product_cat?post=7937"},{"taxonomy":"product_tag","embeddable":true,"href":"https:\/\/touchproeurope.eu\/fr\/wp-json\/wp\/v2\/product_tag?post=7937"}],"curies":[{"name":"wp","href":"https:\/\/api.w.org\/{rel}","templated":true}]}}