{"id":8133,"date":"2025-05-08T12:39:04","date_gmt":"2025-05-08T12:39:04","guid":{"rendered":"https:\/\/touchproeurope.eu\/?post_type=product&#038;p=8133"},"modified":"2026-04-22T09:34:05","modified_gmt":"2026-04-22T09:34:05","slug":"tapis-de-yoga-futon-bodhi","status":"publish","type":"product","link":"https:\/\/touchproeurope.eu\/fr\/product\/yogamat-yoga-futon-bodhi\/","title":{"rendered":"Tapis de yoga Futon Bodhi 180x80cm"},"content":{"rendered":"<h1>Doux et confortable : le futon bodhi yoga en 180 x 80 cm<\/h1>\n<p>Notre tapis de yoga futon Bodhi est une surface douce et confortable pour le yoga et les exercices physiques, ainsi que pour la th\u00e9rapie et le massage. Il est fabriqu\u00e9 \u00e0 la main dans notre propre usine, dans le m\u00eame style que les tapis de shiatsu. Le futon de yoga bodhi se compose d'un noyau de molleton de coton \u00e0 deux couches, envelopp\u00e9 d'une mousseline de coton. Le molleton et l'ortie sont cousus plusieurs fois \u00e0 la mani\u00e8re d'un futon.<\/p>\n<p>Le mat\u00e9riau polaire sp\u00e9cialement con\u00e7u se compose de coton 70% et de fibres de polyester 30%. Le molleton reste \u00e9lastique et conserve sa forme gr\u00e2ce \u00e0 l'ajout de fibres synth\u00e9tiques. La housse ext\u00e9rieure du tapis est en serg\u00e9 de coton et est amovible et lavable. Elle est \u00e9galement munie de deux sangles synth\u00e9tiques noires pratiques qui permettent de maintenir le tapis enroul\u00e9 pour un rangement peu encombrant.<\/p>\n<ul>\n<li>Sp\u00e9cification : tissu en maille de coton 100%<\/li>\n<li>Mat\u00e9riau de la couverture : serg\u00e9 de coton 100%<\/li>\n<li>Taille : 180 x 80 cm<\/li>\n<li>Poids : environ 3 kg<\/li>\n<li>\u00c9paisseur : environ 2 cm (1 couche correspond \u00e0 environ 1 cm)<\/li>\n<li>Couvercle amovible<\/li>\n<li>Note : Vous pouvez \u00e9galement commander nos tapis avec 3 couches. Veuillez nous contacter \u00e0 ce sujet.<\/li>\n<\/ul>","protected":false},"excerpt":{"rendered":"<p class=\"ai-optimize-20\">Faites l'exp\u00e9rience du confort ultime avec le futon de yoga Bodhi de Yogamat. Id\u00e9al pour le yoga, les massages ou la th\u00e9rapie. Fabriqu\u00e9 \u00e0 la main, housse lavable, facile \u00e0 enrouler. D\u00e9couvrez ce classique doux et durable de BodyNova d\u00e8s maintenant !<\/p>","protected":false},"featured_media":8139,"comment_status":"open","ping_status":"closed","template":"","meta":[],"product_brand":[363],"product_cat":[356,368],"product_tag":[354,277],"class_list":{"0":"post-8133","1":"product","2":"type-product","3":"status-publish","4":"has-post-thumbnail","6":"product_brand-bodynova","7":"product_cat-yoga-meditatie","8":"product_cat-yogamat","9":"product_tag-2-lagen","10":"product_tag-katoen","11":"product_shipping_class-klein-pakket","12":"pa_kleur-antraciet","13":"pa_kleur-beige","14":"pa_kleur-wijnrood","15":"pa_kleur-zwart","17":"first","18":"instock","19":"taxable","20":"shipping-taxable","21":"purchasable","22":"product-type-variable"},"yoast_head":"<!-- This site is optimized with the Yoast SEO Premium plugin v27.4 (Yoast SEO v27.4) - https:\/\/yoast.com\/product\/yoast-seo-premium-wordpress\/ -->\n<title>Yogamat Yoga futon Bodhi 180x80cm - TouchPro Europe Shop<\/title>\n<meta name=\"description\" content=\"De handgemaakte Yogamat Yoga futon Bodhi biedt zachtheid en ondersteuning voor al jouw oefeningen. Een must-have voor elke yogaliefhebber! \ud83e\uddd8\u200d\u2640\ufe0f\" \/>\n<meta name=\"robots\" content=\"index, follow, max-snippet:-1, max-image-preview:large, max-video-preview:-1\" \/>\n<link rel=\"canonical\" href=\"https:\/\/touchproeurope.eu\/fr\/product\/tapis-de-yoga-futon-bodhi\/\" \/>\n<meta property=\"og:locale\" content=\"fr_FR\" \/>\n<meta property=\"og:type\" content=\"article\" \/>\n<meta property=\"og:title\" content=\"Yogamat Yoga futon Bodhi 180x80cm\" \/>\n<meta property=\"og:description\" content=\"De handgemaakte Yogamat Yoga futon Bodhi biedt zachtheid en ondersteuning voor al jouw oefeningen. Een must-have voor elke yogaliefhebber! \ud83e\uddd8\u200d\u2640\ufe0f\" \/>\n<meta property=\"og:url\" content=\"https:\/\/touchproeurope.eu\/fr\/product\/tapis-de-yoga-futon-bodhi\/\" \/>\n<meta property=\"og:site_name\" content=\"TouchPro Europe Shop\" \/>\n<meta property=\"article:publisher\" content=\"https:\/\/www.facebook.com\/TouchproNederland\/?locale=nl_NL%2f\" \/>\n<meta property=\"article:modified_time\" content=\"2026-04-22T09:34:05+00:00\" \/>\n<meta property=\"og:image\" content=\"https:\/\/touchproeurope.eu\/wp-content\/uploads\/2025\/05\/ymbwrm_bodhi_yogafuton_weinrot-e1746707525497.jpg\" \/>\n\t<meta property=\"og:image:width\" content=\"800\" \/>\n\t<meta property=\"og:image:height\" content=\"800\" \/>\n\t<meta property=\"og:image:type\" content=\"image\/jpeg\" \/>\n<meta name=\"twitter:card\" content=\"summary_large_image\" \/>\n<meta name=\"twitter:label1\" content=\"Disponibilit\u00e9\" \/>\n\t<meta name=\"twitter:data1\" content=\"En stock\" \/>\n<script type=\"application\/ld+json\" class=\"yoast-schema-graph\">{\"@context\":\"https:\\\/\\\/schema.org\",\"@graph\":[{\"@type\":\"WebPage\",\"@id\":\"https:\\\/\\\/touchproeurope.eu\\\/product\\\/yogamat-yoga-futon-bodhi\\\/\",\"url\":\"https:\\\/\\\/touchproeurope.eu\\\/product\\\/yogamat-yoga-futon-bodhi\\\/\",\"name\":\"Yogamat Yoga futon Bodhi 180x80cm - TouchPro Europe Shop\",\"isPartOf\":{\"@id\":\"https:\\\/\\\/touchproeurope.eu\\\/#website\"},\"primaryImageOfPage\":{\"@id\":\"https:\\\/\\\/touchproeurope.eu\\\/product\\\/yogamat-yoga-futon-bodhi\\\/#primaryimage\"},\"image\":{\"@id\":\"https:\\\/\\\/touchproeurope.eu\\\/product\\\/yogamat-yoga-futon-bodhi\\\/#primaryimage\"},\"thumbnailUrl\":\"https:\\\/\\\/i0.wp.com\\\/touchproeurope.eu\\\/wp-content\\\/uploads\\\/2025\\\/05\\\/ymbwrm_bodhi_yogafuton_weinrot-e1746707525497.jpg?fit=800%2C800&ssl=1\",\"datePublished\":\"2025-05-08T12:39:04+00:00\",\"dateModified\":\"2026-04-22T09:34:05+00:00\",\"description\":\"De handgemaakte Yogamat Yoga futon Bodhi biedt zachtheid en ondersteuning voor al jouw oefeningen. Een must-have voor elke yogaliefhebber! \ud83e\uddd8\u200d\u2640\ufe0f\",\"breadcrumb\":{\"@id\":\"https:\\\/\\\/touchproeurope.eu\\\/product\\\/yogamat-yoga-futon-bodhi\\\/#breadcrumb\"},\"inLanguage\":\"fr-FR\",\"potentialAction\":[{\"@type\":\"ReadAction\",\"target\":[\"https:\\\/\\\/touchproeurope.eu\\\/product\\\/yogamat-yoga-futon-bodhi\\\/\"]}]},{\"@type\":\"ImageObject\",\"inLanguage\":\"fr-FR\",\"@id\":\"https:\\\/\\\/touchproeurope.eu\\\/product\\\/yogamat-yoga-futon-bodhi\\\/#primaryimage\",\"url\":\"https:\\\/\\\/i0.wp.com\\\/touchproeurope.eu\\\/wp-content\\\/uploads\\\/2025\\\/05\\\/ymbwrm_bodhi_yogafuton_weinrot-e1746707525497.jpg?fit=800%2C800&ssl=1\",\"contentUrl\":\"https:\\\/\\\/i0.wp.com\\\/touchproeurope.eu\\\/wp-content\\\/uploads\\\/2025\\\/05\\\/ymbwrm_bodhi_yogafuton_weinrot-e1746707525497.jpg?fit=800%2C800&ssl=1\",\"width\":800,\"height\":800,\"caption\":\"Yogamat Yoga futon Bodhi 180x80cm\"},{\"@type\":\"BreadcrumbList\",\"@id\":\"https:\\\/\\\/touchproeurope.eu\\\/product\\\/yogamat-yoga-futon-bodhi\\\/#breadcrumb\",\"itemListElement\":[{\"@type\":\"ListItem\",\"position\":1,\"name\":\"Home\",\"item\":\"https:\\\/\\\/touchproeurope.eu\\\/\"},{\"@type\":\"ListItem\",\"position\":2,\"name\":\"Winkel\",\"item\":\"https:\\\/\\\/touchproeurope.eu\\\/winkel\\\/\"},{\"@type\":\"ListItem\",\"position\":3,\"name\":\"Yogamat Yoga futon Bodhi 180x80cm\"}]},{\"@type\":\"WebSite\",\"@id\":\"https:\\\/\\\/touchproeurope.eu\\\/#website\",\"url\":\"https:\\\/\\\/touchproeurope.eu\\\/\",\"name\":\"TouchPro Europe Shop\",\"description\":\"Alles voor jouw praktijk met een PROfessionele Touch!\",\"publisher\":{\"@id\":\"https:\\\/\\\/touchproeurope.eu\\\/#organization\"},\"alternateName\":\"TPE\",\"potentialAction\":[{\"@type\":\"SearchAction\",\"target\":{\"@type\":\"EntryPoint\",\"urlTemplate\":\"https:\\\/\\\/touchproeurope.eu\\\/?s={search_term_string}\"},\"query-input\":{\"@type\":\"PropertyValueSpecification\",\"valueRequired\":true,\"valueName\":\"search_term_string\"}}],\"inLanguage\":\"fr-FR\"},{\"@type\":\"Organization\",\"@id\":\"https:\\\/\\\/touchproeurope.eu\\\/#organization\",\"name\":\"TouchPro Europe BV\",\"alternateName\":\"TPE\",\"url\":\"https:\\\/\\\/touchproeurope.eu\\\/\",\"logo\":{\"@type\":\"ImageObject\",\"inLanguage\":\"fr-FR\",\"@id\":\"https:\\\/\\\/touchproeurope.eu\\\/#\\\/schema\\\/logo\\\/image\\\/\",\"url\":\"https:\\\/\\\/i0.wp.com\\\/touchproeurope.eu\\\/wp-content\\\/uploads\\\/2023\\\/10\\\/2b592c_b6944d80811246d987cc2c29accedf3f.png?fit=1417%2C531&ssl=1\",\"contentUrl\":\"https:\\\/\\\/i0.wp.com\\\/touchproeurope.eu\\\/wp-content\\\/uploads\\\/2023\\\/10\\\/2b592c_b6944d80811246d987cc2c29accedf3f.png?fit=1417%2C531&ssl=1\",\"width\":1417,\"height\":531,\"caption\":\"TouchPro Europe BV\"},\"image\":{\"@id\":\"https:\\\/\\\/touchproeurope.eu\\\/#\\\/schema\\\/logo\\\/image\\\/\"},\"sameAs\":[\"https:\\\/\\\/www.facebook.com\\\/TouchproNederland\\\/?locale=nl_NL\\\/\",\"https:\\\/\\\/www.instagram.com\\\/touchpro2016\\\/\",\"https:\\\/\\\/www.linkedin.com\\\/company\\\/touchpro-europe-bv\\\/\"],\"description\":\"TouchPro Europe Shop is de massage winkel van Europa. Wij verkopen topkwaliteit massageproducten aan masseurs, pedicures, fysiotherapeuten, manicuren, Wellness centra, opleidingen, etc. TouchPro begon als een kleine webshop in Nederland, maar is nu uitgegroeid tot een webshop met klanten uit heel Europa. Wij bieden een breed assortiment aan massageproducten, waaronder massagetafels, oli\u00ebn, cr\u00e8mes, en accessoires van topmerken, zoals Earthlite, Stronglite en InnerStrenght, Habys, Living Earth Crafts en Continuum en andere leveranciers van massage accessoires. Bestel hier de beste massagematerialen van Europa!\",\"email\":\"info@touchpro-europe.com\",\"telephone\":\"0858768829\",\"legalName\":\"TouchPro Europe BV\",\"foundingDate\":\"2018-01-11\",\"vatID\":\"NL855430151B01\",\"numberOfEmployees\":{\"@type\":\"QuantitativeValue\",\"minValue\":\"1\",\"maxValue\":\"10\"},\"hasMerchantReturnPolicy\":{\"@type\":\"MerchantReturnPolicy\",\"merchantReturnLink\":\"https:\\\/\\\/touchproeurope.eu\\\/fr\\\/retourbeleid\\\/\"}}]}<\/script>\n<meta property=\"og:availability\" content=\"instock\" \/>\n<meta property=\"product:availability\" content=\"instock\" \/>\n<meta property=\"product:retailer_item_id\" content=\"ymb330\" \/>\n<meta property=\"product:condition\" content=\"new\" \/>\n<!-- \/ Yoast SEO Premium plugin. -->","yoast_head_json":{"title":"Futon de yoga Bodhi 180x80cm - TouchPro Europe Shop","description":"Le futon de yoga Bodhi de Yogamat, fabriqu\u00e9 \u00e0 la main, offre douceur et soutien pour tous vos exercices. Un must pour tout amateur de yoga ! \ud83e\uddd8\u200d\u2640\ufe0f","robots":{"index":"index","follow":"follow","max-snippet":"max-snippet:-1","max-image-preview":"max-image-preview:large","max-video-preview":"max-video-preview:-1"},"canonical":"https:\/\/touchproeurope.eu\/fr\/product\/tapis-de-yoga-futon-bodhi\/","og_locale":"fr_FR","og_type":"article","og_title":"Yogamat Yoga futon Bodhi 180x80cm","og_description":"De handgemaakte Yogamat Yoga futon Bodhi biedt zachtheid en ondersteuning voor al jouw oefeningen. Een must-have voor elke yogaliefhebber! \ud83e\uddd8\u200d\u2640\ufe0f","og_url":"https:\/\/touchproeurope.eu\/fr\/product\/tapis-de-yoga-futon-bodhi\/","og_site_name":"TouchPro Europe Shop","article_publisher":"https:\/\/www.facebook.com\/TouchproNederland\/?locale=nl_NL%2f","article_modified_time":"2026-04-22T09:34:05+00:00","og_image":[{"width":800,"height":800,"url":"https:\/\/touchproeurope.eu\/wp-content\/uploads\/2025\/05\/ymbwrm_bodhi_yogafuton_weinrot-e1746707525497.jpg","type":"image\/jpeg"}],"twitter_card":"summary_large_image","twitter_misc":{"Disponibilit\u00e9":"En stock"},"schema":{"@context":"https:\/\/schema.org","@graph":[{"@type":"WebPage","@id":"https:\/\/touchproeurope.eu\/product\/yogamat-yoga-futon-bodhi\/","url":"https:\/\/touchproeurope.eu\/product\/yogamat-yoga-futon-bodhi\/","name":"Futon de yoga Bodhi 180x80cm - TouchPro Europe Shop","isPartOf":{"@id":"https:\/\/touchproeurope.eu\/#website"},"primaryImageOfPage":{"@id":"https:\/\/touchproeurope.eu\/product\/yogamat-yoga-futon-bodhi\/#primaryimage"},"image":{"@id":"https:\/\/touchproeurope.eu\/product\/yogamat-yoga-futon-bodhi\/#primaryimage"},"thumbnailUrl":"https:\/\/i0.wp.com\/touchproeurope.eu\/wp-content\/uploads\/2025\/05\/ymbwrm_bodhi_yogafuton_weinrot-e1746707525497.jpg?fit=800%2C800&ssl=1","datePublished":"2025-05-08T12:39:04+00:00","dateModified":"2026-04-22T09:34:05+00:00","description":"Le futon de yoga Bodhi de Yogamat, fabriqu\u00e9 \u00e0 la main, offre douceur et soutien pour tous vos exercices. Un must pour tout amateur de yoga ! \ud83e\uddd8\u200d\u2640\ufe0f","breadcrumb":{"@id":"https:\/\/touchproeurope.eu\/product\/yogamat-yoga-futon-bodhi\/#breadcrumb"},"inLanguage":"fr-FR","potentialAction":[{"@type":"ReadAction","target":["https:\/\/touchproeurope.eu\/product\/yogamat-yoga-futon-bodhi\/"]}]},{"@type":"ImageObject","inLanguage":"fr-FR","@id":"https:\/\/touchproeurope.eu\/product\/yogamat-yoga-futon-bodhi\/#primaryimage","url":"https:\/\/i0.wp.com\/touchproeurope.eu\/wp-content\/uploads\/2025\/05\/ymbwrm_bodhi_yogafuton_weinrot-e1746707525497.jpg?fit=800%2C800&ssl=1","contentUrl":"https:\/\/i0.wp.com\/touchproeurope.eu\/wp-content\/uploads\/2025\/05\/ymbwrm_bodhi_yogafuton_weinrot-e1746707525497.jpg?fit=800%2C800&ssl=1","width":800,"height":800,"caption":"Yogamat Yoga futon Bodhi 180x80cm"},{"@type":"BreadcrumbList","@id":"https:\/\/touchproeurope.eu\/product\/yogamat-yoga-futon-bodhi\/#breadcrumb","itemListElement":[{"@type":"ListItem","position":1,"name":"Home","item":"https:\/\/touchproeurope.eu\/"},{"@type":"ListItem","position":2,"name":"Winkel","item":"https:\/\/touchproeurope.eu\/winkel\/"},{"@type":"ListItem","position":3,"name":"Yogamat Yoga futon Bodhi 180x80cm"}]},{"@type":"WebSite","@id":"https:\/\/touchproeurope.eu\/#website","url":"https:\/\/touchproeurope.eu\/","name":"TouchPro Europe Shop","description":"Tout pour votre pratique avec une touche PROfessionnelle !","publisher":{"@id":"https:\/\/touchproeurope.eu\/#organization"},"alternateName":"TPE","potentialAction":[{"@type":"SearchAction","target":{"@type":"EntryPoint","urlTemplate":"https:\/\/touchproeurope.eu\/?s={search_term_string}"},"query-input":{"@type":"PropertyValueSpecification","valueRequired":true,"valueName":"search_term_string"}}],"inLanguage":"fr-FR"},{"@type":"Organization","@id":"https:\/\/touchproeurope.eu\/#organization","name":"TouchPro Europe BV","alternateName":"TPE","url":"https:\/\/touchproeurope.eu\/","logo":{"@type":"ImageObject","inLanguage":"fr-FR","@id":"https:\/\/touchproeurope.eu\/#\/schema\/logo\/image\/","url":"https:\/\/i0.wp.com\/touchproeurope.eu\/wp-content\/uploads\/2023\/10\/2b592c_b6944d80811246d987cc2c29accedf3f.png?fit=1417%2C531&ssl=1","contentUrl":"https:\/\/i0.wp.com\/touchproeurope.eu\/wp-content\/uploads\/2023\/10\/2b592c_b6944d80811246d987cc2c29accedf3f.png?fit=1417%2C531&ssl=1","width":1417,"height":531,"caption":"TouchPro Europe BV"},"image":{"@id":"https:\/\/touchproeurope.eu\/#\/schema\/logo\/image\/"},"sameAs":["https:\/\/www.facebook.com\/TouchproNederland\/?locale=nl_NL\/","https:\/\/www.instagram.com\/touchpro2016\/","https:\/\/www.linkedin.com\/company\/touchpro-europe-bv\/"],"description":"TouchPro Europe Shop est le magasin de massage de l'Europe. Nous vendons des produits de massage de qualit\u00e9 sup\u00e9rieure aux masseurs, p\u00e9dicures, physioth\u00e9rapeutes, manucures, centres de bien-\u00eatre, cours de formation, etc. TouchPro a commenc\u00e9 comme un petit magasin aux Pays-Bas, mais s'est maintenant d\u00e9velopp\u00e9 pour devenir un magasin avec des clients de toute l'Europe. Nous proposons une large gamme de produits de massage, notamment des tables de massage, des huiles, des cr\u00e8mes et des accessoires de grandes marques telles que Earthlite, Stronglite et InnerStrenght, Habys, Living Earth Crafts et Continuum, ainsi que d'autres fournisseurs d'accessoires de massage. Commandez ici les meilleurs produits de massage d'Europe !","email":"info@touchpro-europe.com","telephone":"0858768829","legalName":"TouchPro Europe BV","foundingDate":"2018-01-11","vatID":"NL855430151B01","numberOfEmployees":{"@type":"QuantitativeValue","minValue":"1","maxValue":"10"},"hasMerchantReturnPolicy":{"@type":"MerchantReturnPolicy","merchantReturnLink":"https:\/\/touchproeurope.eu\/fr\/retourbeleid\/"}}]},"og_availability":"instock","product_availability":"instock","product_retailer_item_id":"ymb330","product_condition":"new"},"_links":{"self":[{"href":"https:\/\/touchproeurope.eu\/fr\/wp-json\/wp\/v2\/product\/8133","targetHints":{"allow":["GET"]}}],"collection":[{"href":"https:\/\/touchproeurope.eu\/fr\/wp-json\/wp\/v2\/product"}],"about":[{"href":"https:\/\/touchproeurope.eu\/fr\/wp-json\/wp\/v2\/types\/product"}],"replies":[{"embeddable":true,"href":"https:\/\/touchproeurope.eu\/fr\/wp-json\/wp\/v2\/comments?post=8133"}],"version-history":[{"count":2,"href":"https:\/\/touchproeurope.eu\/fr\/wp-json\/wp\/v2\/product\/8133\/revisions"}],"predecessor-version":[{"id":12205,"href":"https:\/\/touchproeurope.eu\/fr\/wp-json\/wp\/v2\/product\/8133\/revisions\/12205"}],"wp:featuredmedia":[{"embeddable":true,"href":"https:\/\/touchproeurope.eu\/fr\/wp-json\/wp\/v2\/media\/8139"}],"wp:attachment":[{"href":"https:\/\/touchproeurope.eu\/fr\/wp-json\/wp\/v2\/media?parent=8133"}],"wp:term":[{"taxonomy":"product_brand","embeddable":true,"href":"https:\/\/touchproeurope.eu\/fr\/wp-json\/wp\/v2\/product_brand?post=8133"},{"taxonomy":"product_cat","embeddable":true,"href":"https:\/\/touchproeurope.eu\/fr\/wp-json\/wp\/v2\/product_cat?post=8133"},{"taxonomy":"product_tag","embeddable":true,"href":"https:\/\/touchproeurope.eu\/fr\/wp-json\/wp\/v2\/product_tag?post=8133"}],"curies":[{"name":"wp","href":"https:\/\/api.w.org\/{rel}","templated":true}]}}