{"id":14095,"date":"2025-09-24T08:15:35","date_gmt":"2025-09-24T08:15:35","guid":{"rendered":"https:\/\/touchproeurope.eu\/?post_type=product&#038;p=14095"},"modified":"2026-04-22T09:39:55","modified_gmt":"2026-04-22T09:39:55","slug":"salviette-monouso-basic-con-elastico","status":"publish","type":"product","link":"https:\/\/touchproeurope.eu\/it\/product\/basic-wegwerpdoekjes-met-elastiek\/","title":{"rendered":"Salviette monouso di base con elastico"},"content":{"rendered":"<p>Sviluppate pensando al massaggiatore professionista, le nostre coperture monouso Basic con elastico rappresentano una soluzione igienica per i poggiatesta delle poltrone e dei lettini da massaggio. Queste coperture monouso con elastico sono ideali per l'uso quando si \u00e8 spesso in movimento. Sono adatte anche per studi di massaggi, centri benessere, centri termali e studi di fisioterapia. Garantiscono un cambio confortevole, pulito e rapido della superficie su cui si sdraia il cliente.<\/p>\n<h3>Caratteristiche e vantaggi<\/h3>\n<ul>\n<li>Design elastico che si adatta perfettamente<br \/>\nGrazie al bordo elastico, le salviette si adattano automaticamente al poggiatesta di una poltrona o di un lettino da massaggio. Di conseguenza, rimangono in posizione durante il trattamento e non scivolano via.<\/li>\n<li>Monouso e igienico<br \/>\nDopo l'uso, \u00e8 sufficiente gettare il panno per ridurre al minimo il rischio di contaminazione incrociata. Non \u00e8 necessario lavare o sterilizzare i coperchi.<\/li>\n<li>Forte assorbimento dell'umidit\u00e0 e struttura robusta<br \/>\nLe salviette sono realizzate in materiale non tessuto di alta qualit\u00e0 che assorbe rapidamente l'umidit\u00e0 e resiste agli strappi e alle sfilacciature, anche in caso di uso intenso.<\/li>\n<li>Formato adatto<br \/>\nLe dimensioni si adattano perfettamente ai poggiatesta delle poltrone e dei lettini da massaggio. Non sono troppo grandi, quindi si chiudono in modo ordinato, ma offrono comunque una copertura completa.<\/li>\n<li>Versatile<br \/>\nIdeale per operatori del settore dei massaggi, fisioterapisti, saloni di bellezza o centri benessere. Adatto anche ai massaggiatori mobili che lavorano in loco.<\/li>\n<li>Risparmio di tempo nella pratica<br \/>\nGrazie al cambio rapido delle coperture, si risparmia spazio, lavoro di lavanderia e tempo, consentendo di concentrarsi sul trattamento stesso.<\/li>\n<\/ul>\n<h3>Applicazione pratica<\/h3>\n<p>Che si tratti di massaggi su sedia in fiere, eventi, aziende o nel proprio studio, queste coperture monouso facilitano il processo. Durante una sessione di massaggio, si rimuove il telo usato e si posiziona immediatamente una nuova copertura igienica. Questo aumenta il comfort per il cliente. Inoltre, garantisce un aspetto professionale. In un ambiente wellness o spa, \u00e8 possibile utilizzare gli stessi teli sui poggiatesta dei lettini da massaggio. In questo modo le scorte e la logistica sono pi\u00f9 snelle.<\/p>","protected":false},"excerpt":{"rendered":"<p>Queste coperture monouso con elastico sono ottimizzate per l'uso sui poggiatesta di poltrone e lettini da massaggio. Ideali per massaggiatori, fisioterapisti e centri benessere che desiderano combinare igiene, efficienza e comfort. Il bordo elastico assicura una vestibilit\u00e0 aderente, mentre il design monouso evita la contaminazione incrociata e fa risparmiare tempo. Perfetti per trattamenti professionali con cambi rapidi.<\/p>","protected":false},"featured_media":14104,"comment_status":"open","ping_status":"closed","template":"","meta":[],"product_brand":[],"product_cat":[480,107],"product_tag":[209,207],"class_list":{"0":"post-14095","1":"product","2":"type-product","3":"status-publish","4":"has-post-thumbnail","6":"product_cat-tafellinnen-covers","7":"product_cat-wegwerp-covers","8":"product_tag-basic","9":"product_tag-wegwerpdoekjes","10":"product_shipping_class-klein-pakket","11":"pa_kleur-wit","12":"pa_merk-touchpro","14":"first","15":"instock","16":"taxable","17":"shipping-taxable","18":"purchasable","19":"product-type-variable"},"yoast_head":"<!-- This site is optimized with the Yoast SEO Premium plugin v27.4 (Yoast SEO v27.4) - https:\/\/yoast.com\/product\/yoast-seo-premium-wordpress\/ -->\n<title>Basic wegwerpdoekjes met elastiek - TouchPro Europe Shop<\/title>\n<meta name=\"description\" content=\"Maak elke massagebehandeling comfortabeler met Basic wegwerpdoekjes ,et elastiek. Ontdek de voordelen voor jouw wellness-, fysio- of massagepraktijk vandaag!\" \/>\n<meta name=\"robots\" content=\"index, follow, max-snippet:-1, max-image-preview:large, max-video-preview:-1\" \/>\n<link rel=\"canonical\" href=\"https:\/\/touchproeurope.eu\/it\/product\/salviette-monouso-basic-con-elastico\/\" \/>\n<meta property=\"og:locale\" content=\"it_IT\" \/>\n<meta property=\"og:type\" content=\"article\" \/>\n<meta property=\"og:title\" content=\"Basic wegwerpdoekjes met elastiek\" \/>\n<meta property=\"og:description\" content=\"Maak elke massagebehandeling comfortabeler met Basic wegwerpdoekjes ,et elastiek. Ontdek de voordelen voor jouw wellness-, fysio- of massagepraktijk vandaag!\" \/>\n<meta property=\"og:url\" content=\"https:\/\/touchproeurope.eu\/it\/product\/salviette-monouso-basic-con-elastico\/\" \/>\n<meta property=\"og:site_name\" content=\"TouchPro Europe Shop\" \/>\n<meta property=\"article:publisher\" content=\"https:\/\/www.facebook.com\/TouchproNederland\/?locale=nl_NL%2f\" \/>\n<meta property=\"article:modified_time\" content=\"2026-04-22T09:39:55+00:00\" \/>\n<meta property=\"og:image\" content=\"https:\/\/touchproeurope.eu\/wp-content\/uploads\/2025\/09\/46.jpg\" \/>\n\t<meta property=\"og:image:width\" content=\"800\" \/>\n\t<meta property=\"og:image:height\" content=\"800\" \/>\n\t<meta property=\"og:image:type\" content=\"image\/jpeg\" \/>\n<meta name=\"twitter:card\" content=\"summary_large_image\" \/>\n<meta name=\"twitter:label1\" content=\"Disponibilit\u00e0\" \/>\n\t<meta name=\"twitter:data1\" content=\"In stock\" \/>\n<script type=\"application\/ld+json\" class=\"yoast-schema-graph\">{\"@context\":\"https:\\\/\\\/schema.org\",\"@graph\":[{\"@type\":\"WebPage\",\"@id\":\"https:\\\/\\\/touchproeurope.eu\\\/product\\\/basic-wegwerpdoekjes-met-elastiek\\\/\",\"url\":\"https:\\\/\\\/touchproeurope.eu\\\/product\\\/basic-wegwerpdoekjes-met-elastiek\\\/\",\"name\":\"Basic wegwerpdoekjes met elastiek - TouchPro Europe Shop\",\"isPartOf\":{\"@id\":\"https:\\\/\\\/touchproeurope.eu\\\/#website\"},\"primaryImageOfPage\":{\"@id\":\"https:\\\/\\\/touchproeurope.eu\\\/product\\\/basic-wegwerpdoekjes-met-elastiek\\\/#primaryimage\"},\"image\":{\"@id\":\"https:\\\/\\\/touchproeurope.eu\\\/product\\\/basic-wegwerpdoekjes-met-elastiek\\\/#primaryimage\"},\"thumbnailUrl\":\"https:\\\/\\\/i0.wp.com\\\/touchproeurope.eu\\\/wp-content\\\/uploads\\\/2025\\\/09\\\/46.jpg?fit=800%2C800&ssl=1\",\"datePublished\":\"2025-09-24T08:15:35+00:00\",\"dateModified\":\"2026-04-22T09:39:55+00:00\",\"description\":\"Maak elke massagebehandeling comfortabeler met Basic wegwerpdoekjes ,et elastiek. Ontdek de voordelen voor jouw wellness-, fysio- of massagepraktijk vandaag!\",\"breadcrumb\":{\"@id\":\"https:\\\/\\\/touchproeurope.eu\\\/product\\\/basic-wegwerpdoekjes-met-elastiek\\\/#breadcrumb\"},\"inLanguage\":\"it-IT\",\"potentialAction\":[{\"@type\":\"ReadAction\",\"target\":[\"https:\\\/\\\/touchproeurope.eu\\\/product\\\/basic-wegwerpdoekjes-met-elastiek\\\/\"]}]},{\"@type\":\"ImageObject\",\"inLanguage\":\"it-IT\",\"@id\":\"https:\\\/\\\/touchproeurope.eu\\\/product\\\/basic-wegwerpdoekjes-met-elastiek\\\/#primaryimage\",\"url\":\"https:\\\/\\\/i0.wp.com\\\/touchproeurope.eu\\\/wp-content\\\/uploads\\\/2025\\\/09\\\/46.jpg?fit=800%2C800&ssl=1\",\"contentUrl\":\"https:\\\/\\\/i0.wp.com\\\/touchproeurope.eu\\\/wp-content\\\/uploads\\\/2025\\\/09\\\/46.jpg?fit=800%2C800&ssl=1\",\"width\":800,\"height\":800,\"caption\":\"Basic wegwerpdoekjes met elastiek\"},{\"@type\":\"BreadcrumbList\",\"@id\":\"https:\\\/\\\/touchproeurope.eu\\\/product\\\/basic-wegwerpdoekjes-met-elastiek\\\/#breadcrumb\",\"itemListElement\":[{\"@type\":\"ListItem\",\"position\":1,\"name\":\"Home\",\"item\":\"https:\\\/\\\/touchproeurope.eu\\\/\"},{\"@type\":\"ListItem\",\"position\":2,\"name\":\"Winkel\",\"item\":\"https:\\\/\\\/touchproeurope.eu\\\/winkel\\\/\"},{\"@type\":\"ListItem\",\"position\":3,\"name\":\"Basic wegwerpdoekjes met elastiek\"}]},{\"@type\":\"WebSite\",\"@id\":\"https:\\\/\\\/touchproeurope.eu\\\/#website\",\"url\":\"https:\\\/\\\/touchproeurope.eu\\\/\",\"name\":\"TouchPro Europe Shop\",\"description\":\"Alles voor jouw praktijk met een PROfessionele Touch!\",\"publisher\":{\"@id\":\"https:\\\/\\\/touchproeurope.eu\\\/#organization\"},\"alternateName\":\"TPE\",\"potentialAction\":[{\"@type\":\"SearchAction\",\"target\":{\"@type\":\"EntryPoint\",\"urlTemplate\":\"https:\\\/\\\/touchproeurope.eu\\\/?s={search_term_string}\"},\"query-input\":{\"@type\":\"PropertyValueSpecification\",\"valueRequired\":true,\"valueName\":\"search_term_string\"}}],\"inLanguage\":\"it-IT\"},{\"@type\":\"Organization\",\"@id\":\"https:\\\/\\\/touchproeurope.eu\\\/#organization\",\"name\":\"TouchPro Europe BV\",\"alternateName\":\"TPE\",\"url\":\"https:\\\/\\\/touchproeurope.eu\\\/\",\"logo\":{\"@type\":\"ImageObject\",\"inLanguage\":\"it-IT\",\"@id\":\"https:\\\/\\\/touchproeurope.eu\\\/#\\\/schema\\\/logo\\\/image\\\/\",\"url\":\"https:\\\/\\\/i0.wp.com\\\/touchproeurope.eu\\\/wp-content\\\/uploads\\\/2023\\\/10\\\/2b592c_b6944d80811246d987cc2c29accedf3f.png?fit=1417%2C531&ssl=1\",\"contentUrl\":\"https:\\\/\\\/i0.wp.com\\\/touchproeurope.eu\\\/wp-content\\\/uploads\\\/2023\\\/10\\\/2b592c_b6944d80811246d987cc2c29accedf3f.png?fit=1417%2C531&ssl=1\",\"width\":1417,\"height\":531,\"caption\":\"TouchPro Europe BV\"},\"image\":{\"@id\":\"https:\\\/\\\/touchproeurope.eu\\\/#\\\/schema\\\/logo\\\/image\\\/\"},\"sameAs\":[\"https:\\\/\\\/www.facebook.com\\\/TouchproNederland\\\/?locale=nl_NL\\\/\",\"https:\\\/\\\/www.instagram.com\\\/touchpro2016\\\/\",\"https:\\\/\\\/www.linkedin.com\\\/company\\\/touchpro-europe-bv\\\/\"],\"description\":\"TouchPro Europe Shop is de massage winkel van Europa. Wij verkopen topkwaliteit massageproducten aan masseurs, pedicures, fysiotherapeuten, manicuren, Wellness centra, opleidingen, etc. TouchPro begon als een kleine webshop in Nederland, maar is nu uitgegroeid tot een webshop met klanten uit heel Europa. Wij bieden een breed assortiment aan massageproducten, waaronder massagetafels, oli\u00ebn, cr\u00e8mes, en accessoires van topmerken, zoals Earthlite, Stronglite en InnerStrenght, Habys, Living Earth Crafts en Continuum en andere leveranciers van massage accessoires. Bestel hier de beste massagematerialen van Europa!\",\"email\":\"info@touchpro-europe.com\",\"telephone\":\"0858768829\",\"legalName\":\"TouchPro Europe BV\",\"foundingDate\":\"2018-01-11\",\"vatID\":\"NL855430151B01\",\"numberOfEmployees\":{\"@type\":\"QuantitativeValue\",\"minValue\":\"1\",\"maxValue\":\"10\"},\"hasMerchantReturnPolicy\":{\"@type\":\"MerchantReturnPolicy\",\"merchantReturnLink\":\"https:\\\/\\\/touchproeurope.eu\\\/it\\\/retourbeleid\\\/\"}}]}<\/script>\n<meta property=\"product:brand\" content=\"TouchPro\" \/>\n<meta property=\"og:availability\" content=\"instock\" \/>\n<meta property=\"product:availability\" content=\"instock\" \/>\n<meta property=\"product:retailer_item_id\" content=\"Basic wegwerpdoekjes met elastiek\" \/>\n<meta property=\"product:condition\" content=\"new\" \/>\n<!-- \/ Yoast SEO Premium plugin. -->","yoast_head_json":{"title":"Salviette monouso di base con elastico - TouchPro Europe Shop","description":"Rendete pi\u00f9 confortevole ogni trattamento di massaggio con le salviette monouso Basic, et elastic. Scoprite oggi stesso i vantaggi per il vostro studio di benessere, fisioterapia o massaggio!","robots":{"index":"index","follow":"follow","max-snippet":"max-snippet:-1","max-image-preview":"max-image-preview:large","max-video-preview":"max-video-preview:-1"},"canonical":"https:\/\/touchproeurope.eu\/it\/product\/salviette-monouso-basic-con-elastico\/","og_locale":"it_IT","og_type":"article","og_title":"Basic wegwerpdoekjes met elastiek","og_description":"Maak elke massagebehandeling comfortabeler met Basic wegwerpdoekjes ,et elastiek. Ontdek de voordelen voor jouw wellness-, fysio- of massagepraktijk vandaag!","og_url":"https:\/\/touchproeurope.eu\/it\/product\/salviette-monouso-basic-con-elastico\/","og_site_name":"TouchPro Europe Shop","article_publisher":"https:\/\/www.facebook.com\/TouchproNederland\/?locale=nl_NL%2f","article_modified_time":"2026-04-22T09:39:55+00:00","og_image":[{"width":800,"height":800,"url":"https:\/\/touchproeurope.eu\/wp-content\/uploads\/2025\/09\/46.jpg","type":"image\/jpeg"}],"twitter_card":"summary_large_image","twitter_misc":{"Disponibilit\u00e0":"In stock"},"schema":{"@context":"https:\/\/schema.org","@graph":[{"@type":"WebPage","@id":"https:\/\/touchproeurope.eu\/product\/basic-wegwerpdoekjes-met-elastiek\/","url":"https:\/\/touchproeurope.eu\/product\/basic-wegwerpdoekjes-met-elastiek\/","name":"Salviette monouso di base con elastico - TouchPro Europe Shop","isPartOf":{"@id":"https:\/\/touchproeurope.eu\/#website"},"primaryImageOfPage":{"@id":"https:\/\/touchproeurope.eu\/product\/basic-wegwerpdoekjes-met-elastiek\/#primaryimage"},"image":{"@id":"https:\/\/touchproeurope.eu\/product\/basic-wegwerpdoekjes-met-elastiek\/#primaryimage"},"thumbnailUrl":"https:\/\/i0.wp.com\/touchproeurope.eu\/wp-content\/uploads\/2025\/09\/46.jpg?fit=800%2C800&ssl=1","datePublished":"2025-09-24T08:15:35+00:00","dateModified":"2026-04-22T09:39:55+00:00","description":"Rendete pi\u00f9 confortevole ogni trattamento di massaggio con le salviette monouso Basic, et elastic. Scoprite oggi stesso i vantaggi per il vostro studio di benessere, fisioterapia o massaggio!","breadcrumb":{"@id":"https:\/\/touchproeurope.eu\/product\/basic-wegwerpdoekjes-met-elastiek\/#breadcrumb"},"inLanguage":"it-IT","potentialAction":[{"@type":"ReadAction","target":["https:\/\/touchproeurope.eu\/product\/basic-wegwerpdoekjes-met-elastiek\/"]}]},{"@type":"ImageObject","inLanguage":"it-IT","@id":"https:\/\/touchproeurope.eu\/product\/basic-wegwerpdoekjes-met-elastiek\/#primaryimage","url":"https:\/\/i0.wp.com\/touchproeurope.eu\/wp-content\/uploads\/2025\/09\/46.jpg?fit=800%2C800&ssl=1","contentUrl":"https:\/\/i0.wp.com\/touchproeurope.eu\/wp-content\/uploads\/2025\/09\/46.jpg?fit=800%2C800&ssl=1","width":800,"height":800,"caption":"Basic wegwerpdoekjes met elastiek"},{"@type":"BreadcrumbList","@id":"https:\/\/touchproeurope.eu\/product\/basic-wegwerpdoekjes-met-elastiek\/#breadcrumb","itemListElement":[{"@type":"ListItem","position":1,"name":"Home","item":"https:\/\/touchproeurope.eu\/"},{"@type":"ListItem","position":2,"name":"Winkel","item":"https:\/\/touchproeurope.eu\/winkel\/"},{"@type":"ListItem","position":3,"name":"Basic wegwerpdoekjes met elastiek"}]},{"@type":"WebSite","@id":"https:\/\/touchproeurope.eu\/#website","url":"https:\/\/touchproeurope.eu\/","name":"Negozio TouchPro Europe","description":"Tutto per il vostro studio con un tocco professionale!","publisher":{"@id":"https:\/\/touchproeurope.eu\/#organization"},"alternateName":"TPE","potentialAction":[{"@type":"SearchAction","target":{"@type":"EntryPoint","urlTemplate":"https:\/\/touchproeurope.eu\/?s={search_term_string}"},"query-input":{"@type":"PropertyValueSpecification","valueRequired":true,"valueName":"search_term_string"}}],"inLanguage":"it-IT"},{"@type":"Organization","@id":"https:\/\/touchproeurope.eu\/#organization","name":"TouchPro Europe BV","alternateName":"TPE","url":"https:\/\/touchproeurope.eu\/","logo":{"@type":"ImageObject","inLanguage":"it-IT","@id":"https:\/\/touchproeurope.eu\/#\/schema\/logo\/image\/","url":"https:\/\/i0.wp.com\/touchproeurope.eu\/wp-content\/uploads\/2023\/10\/2b592c_b6944d80811246d987cc2c29accedf3f.png?fit=1417%2C531&ssl=1","contentUrl":"https:\/\/i0.wp.com\/touchproeurope.eu\/wp-content\/uploads\/2023\/10\/2b592c_b6944d80811246d987cc2c29accedf3f.png?fit=1417%2C531&ssl=1","width":1417,"height":531,"caption":"TouchPro Europe BV"},"image":{"@id":"https:\/\/touchproeurope.eu\/#\/schema\/logo\/image\/"},"sameAs":["https:\/\/www.facebook.com\/TouchproNederland\/?locale=nl_NL\/","https:\/\/www.instagram.com\/touchpro2016\/","https:\/\/www.linkedin.com\/company\/touchpro-europe-bv\/"],"description":"TouchPro Europe Shop \u00e8 il negozio di massaggi d'Europa. Vendiamo prodotti per il massaggio di alta qualit\u00e0 a massaggiatori, pedicuristi, fisioterapisti, manicuristi, centri benessere, corsi di formazione, ecc. TouchPro \u00e8 nato come un piccolo negozio nei Paesi Bassi, ma ora \u00e8 diventato un negozio con clienti da tutta Europa. Offriamo un'ampia gamma di prodotti per il massaggio, tra cui lettini, oli, creme e accessori delle migliori marche come Earthlite, Stronglite e InnerStrenght, Habys, Living Earth Crafts e Continuum e altri fornitori di accessori per il massaggio. Ordinate qui le migliori forniture per massaggi d'Europa!","email":"info@touchpro-europe.com","telephone":"0858768829","legalName":"TouchPro Europe BV","foundingDate":"2018-01-11","vatID":"NL855430151B01","numberOfEmployees":{"@type":"QuantitativeValue","minValue":"1","maxValue":"10"},"hasMerchantReturnPolicy":{"@type":"MerchantReturnPolicy","merchantReturnLink":"https:\/\/touchproeurope.eu\/it\/retourbeleid\/"}}]},"product_brand":"TouchPro","og_availability":"instock","product_availability":"instock","product_retailer_item_id":"Basic wegwerpdoekjes met elastiek","product_condition":"new"},"_links":{"self":[{"href":"https:\/\/touchproeurope.eu\/it\/wp-json\/wp\/v2\/product\/14095","targetHints":{"allow":["GET"]}}],"collection":[{"href":"https:\/\/touchproeurope.eu\/it\/wp-json\/wp\/v2\/product"}],"about":[{"href":"https:\/\/touchproeurope.eu\/it\/wp-json\/wp\/v2\/types\/product"}],"replies":[{"embeddable":true,"href":"https:\/\/touchproeurope.eu\/it\/wp-json\/wp\/v2\/comments?post=14095"}],"version-history":[{"count":3,"href":"https:\/\/touchproeurope.eu\/it\/wp-json\/wp\/v2\/product\/14095\/revisions"}],"predecessor-version":[{"id":14108,"href":"https:\/\/touchproeurope.eu\/it\/wp-json\/wp\/v2\/product\/14095\/revisions\/14108"}],"wp:featuredmedia":[{"embeddable":true,"href":"https:\/\/touchproeurope.eu\/it\/wp-json\/wp\/v2\/media\/14104"}],"wp:attachment":[{"href":"https:\/\/touchproeurope.eu\/it\/wp-json\/wp\/v2\/media?parent=14095"}],"wp:term":[{"taxonomy":"product_brand","embeddable":true,"href":"https:\/\/touchproeurope.eu\/it\/wp-json\/wp\/v2\/product_brand?post=14095"},{"taxonomy":"product_cat","embeddable":true,"href":"https:\/\/touchproeurope.eu\/it\/wp-json\/wp\/v2\/product_cat?post=14095"},{"taxonomy":"product_tag","embeddable":true,"href":"https:\/\/touchproeurope.eu\/it\/wp-json\/wp\/v2\/product_tag?post=14095"}],"curies":[{"name":"wp","href":"https:\/\/api.w.org\/{rel}","templated":true}]}}