{"id":15227,"date":"2025-11-30T11:16:37","date_gmt":"2025-11-30T11:16:37","guid":{"rendered":"https:\/\/touchproeurope.eu\/?post_type=product&#038;p=15227"},"modified":"2026-04-16T16:09:14","modified_gmt":"2026-04-16T16:09:14","slug":"copripiumino-in-flanella-di-cotone-di-lusso-dura-luxury","status":"publish","type":"product","link":"https:\/\/touchproeurope.eu\/it\/product\/dura-luxe-luxury-cotton-flannel-bolster-covers\/","title":{"rendered":"DURA-LUXE\u2122 Copriletto di lusso in flanella di cotone"},"content":{"rendered":"<p data-start=\"433\" data-end=\"892\">I copri-bolster di lusso in flanella di cotone DURA-LUXE\u2122 nel colore Natural sono pensati per i professionisti che desiderano utilizzare solo i migliori tessuti nella loro attivit\u00e0 di benessere o di massaggio. Questi copripiumini di lusso hanno una classe a s\u00e9 stante grazie al loro eccezionale spessore e calore. Anche per la loro durata. La flanella di cotone di alta qualit\u00e0 da 165 GSM di questa fodera \u00e8 a doppia nappatura per una consistenza extra morbida e vellutata. Questo garantisce calore e comfort immediati.<\/p>\n<p data-start=\"894\" data-end=\"1287\">Il tessuto delle fodere per cuscini in flanella di cotone di lusso DURA-LUXE\u2122 \u00e8 prelavato, il che rende meno probabile che la fodera si restringa o si scolorisca. Fin dal primo utilizzo, la sensazione \u00e8 di grande morbidezza e comfort. L'orlo completamente elasticizzato assicura che la fodera rimanga perfettamente attorno al cuscino, senza spostarsi durante la manipolazione. Questo li rende ideali per un uso commerciale intensivo in studi di massaggio, spa, resort e centri benessere.<\/p>\n<p data-start=\"1289\" data-end=\"1658\">Grazie alle cuciture doppie e alla robusta finitura elastica, queste fodere possono sopportare lavaggi frequenti. Le fodere per cuscini in flanella di cotone di lusso DURA-LUXE\u2122 sono in grado di resistere a lungo alle sollecitazioni. Il tessuto rimane morbido, caldo e in condizioni ottimali anche dopo innumerevoli trattamenti. Grazie alle molteplici opzioni di taglia, \u00e8 possibile trovare una vestibilit\u00e0 perfetta per quasi tutti i tipi di bolster. Dai bolster per il collo ai modelli jumbo e semicircolari.<\/p>\n<p data-start=\"1660\" data-end=\"1946\">Il colore naturale \u201cNatural\u201d conferisce un aspetto caldo e tranquillo. Questi copri-bolster si adattano senza problemi a quasi tutte le sale di trattamento. Queste coperture di alta qualit\u00e0 portano l'esperienza dei vostri clienti a un livello superiore. Allo stesso tempo, offrono una durata professionale per l'uso quotidiano.<\/p>","protected":false},"excerpt":{"rendered":"<p>Lussuoso copripiumino in flanella DURA-LUXE\u2122, realizzato in cotone spesso e doppio spazzolato da 165 GSM. Morbidissimo, caldo e resistente, con orlo completamente elasticizzato e prelavaggio per ridurre il restringimento e lo sbiadimento. Disponibile in diverse misure.<\/p>","protected":false},"featured_media":15254,"comment_status":"open","ping_status":"closed","template":"","meta":[],"product_brand":[343],"product_cat":[100,109,480],"product_tag":[475,85,476,477,478],"class_list":{"0":"post-15227","1":"product","2":"type-product","3":"status-publish","4":"has-post-thumbnail","6":"product_brand-earthlite","7":"product_cat-bolsters","8":"product_cat-katoenen-covers-tafellinnen","9":"product_cat-tafellinnen-covers","10":"product_tag-dura-luxe-bolsterhoes","11":"product_tag-earthlite","12":"product_tag-flanellen-bolsterhoes","13":"product_tag-massage-accessoire","14":"product_tag-premium-wellness-textiel","15":"product_shipping_class-klein-pakket","16":"pa_kleur-natural","17":"pa_merk-earthlite","19":"first","20":"instock","21":"taxable","22":"shipping-taxable","23":"purchasable","24":"product-type-variable"},"yoast_head":"<!-- This site is optimized with the Yoast SEO Premium plugin v27.4 (Yoast SEO v27.4) - https:\/\/yoast.com\/product\/yoast-seo-premium-wordpress\/ -->\n<title>DURA-LUXE\u2122 Luxury Cotton Flannel Bolster Covers - TouchPro Europe Shop<\/title>\n<meta name=\"description\" content=\"Gun uw clienten het beste met de DURA-LUXE\u2122 Luxury Cotton Flannel Bolster Covers. De ideale oplossing voor warmte en luxe in uw praktijk.\" \/>\n<meta name=\"robots\" content=\"index, follow, max-snippet:-1, max-image-preview:large, max-video-preview:-1\" \/>\n<link rel=\"canonical\" href=\"https:\/\/touchproeurope.eu\/it\/product\/copripiumino-in-flanella-di-cotone-di-lusso-dura-luxury\/\" \/>\n<meta property=\"og:locale\" content=\"it_IT\" \/>\n<meta property=\"og:type\" content=\"article\" \/>\n<meta property=\"og:title\" content=\"DURA-LUXE\u2122 Luxury Cotton Flannel Bolster Covers\" \/>\n<meta property=\"og:description\" content=\"Gun uw clienten het beste met de DURA-LUXE\u2122 Luxury Cotton Flannel Bolster Covers. De ideale oplossing voor warmte en luxe in uw praktijk.\" \/>\n<meta property=\"og:url\" content=\"https:\/\/touchproeurope.eu\/it\/product\/copripiumino-in-flanella-di-cotone-di-lusso-dura-luxury\/\" \/>\n<meta property=\"og:site_name\" content=\"TouchPro Europe Shop\" \/>\n<meta property=\"article:publisher\" content=\"https:\/\/www.facebook.com\/TouchproNederland\/?locale=nl_NL%2f\" \/>\n<meta property=\"article:modified_time\" content=\"2026-04-16T16:09:14+00:00\" \/>\n<meta property=\"og:image\" content=\"https:\/\/touchproeurope.eu\/wp-content\/uploads\/2025\/11\/Dura-Luxe_Flannel_Bolster_Covers_-_Group-800.png\" \/>\n\t<meta property=\"og:image:width\" content=\"800\" \/>\n\t<meta property=\"og:image:height\" content=\"800\" \/>\n\t<meta property=\"og:image:type\" content=\"image\/png\" \/>\n<meta name=\"twitter:card\" content=\"summary_large_image\" \/>\n<meta name=\"twitter:label1\" content=\"Disponibilit\u00e0\" \/>\n\t<meta name=\"twitter:data1\" content=\"In stock\" \/>\n<script type=\"application\/ld+json\" class=\"yoast-schema-graph\">{\"@context\":\"https:\\\/\\\/schema.org\",\"@graph\":[{\"@type\":\"WebPage\",\"@id\":\"https:\\\/\\\/touchproeurope.eu\\\/product\\\/dura-luxe-luxury-cotton-flannel-bolster-covers\\\/\",\"url\":\"https:\\\/\\\/touchproeurope.eu\\\/product\\\/dura-luxe-luxury-cotton-flannel-bolster-covers\\\/\",\"name\":\"DURA-LUXE\u2122 Luxury Cotton Flannel Bolster Covers - TouchPro Europe Shop\",\"isPartOf\":{\"@id\":\"https:\\\/\\\/touchproeurope.eu\\\/#website\"},\"primaryImageOfPage\":{\"@id\":\"https:\\\/\\\/touchproeurope.eu\\\/product\\\/dura-luxe-luxury-cotton-flannel-bolster-covers\\\/#primaryimage\"},\"image\":{\"@id\":\"https:\\\/\\\/touchproeurope.eu\\\/product\\\/dura-luxe-luxury-cotton-flannel-bolster-covers\\\/#primaryimage\"},\"thumbnailUrl\":\"https:\\\/\\\/i0.wp.com\\\/touchproeurope.eu\\\/wp-content\\\/uploads\\\/2025\\\/11\\\/Dura-Luxe_Flannel_Bolster_Covers_-_Group-800.png?fit=800%2C800&ssl=1\",\"datePublished\":\"2025-11-30T11:16:37+00:00\",\"dateModified\":\"2026-04-16T16:09:14+00:00\",\"description\":\"Gun uw clienten het beste met de DURA-LUXE\u2122 Luxury Cotton Flannel Bolster Covers. De ideale oplossing voor warmte en luxe in uw praktijk.\",\"breadcrumb\":{\"@id\":\"https:\\\/\\\/touchproeurope.eu\\\/product\\\/dura-luxe-luxury-cotton-flannel-bolster-covers\\\/#breadcrumb\"},\"inLanguage\":\"it-IT\",\"potentialAction\":[{\"@type\":\"ReadAction\",\"target\":[\"https:\\\/\\\/touchproeurope.eu\\\/product\\\/dura-luxe-luxury-cotton-flannel-bolster-covers\\\/\"]}]},{\"@type\":\"ImageObject\",\"inLanguage\":\"it-IT\",\"@id\":\"https:\\\/\\\/touchproeurope.eu\\\/product\\\/dura-luxe-luxury-cotton-flannel-bolster-covers\\\/#primaryimage\",\"url\":\"https:\\\/\\\/i0.wp.com\\\/touchproeurope.eu\\\/wp-content\\\/uploads\\\/2025\\\/11\\\/Dura-Luxe_Flannel_Bolster_Covers_-_Group-800.png?fit=800%2C800&ssl=1\",\"contentUrl\":\"https:\\\/\\\/i0.wp.com\\\/touchproeurope.eu\\\/wp-content\\\/uploads\\\/2025\\\/11\\\/Dura-Luxe_Flannel_Bolster_Covers_-_Group-800.png?fit=800%2C800&ssl=1\",\"width\":800,\"height\":800,\"caption\":\"Dura-Luxe_Flannel_Bolster_Covers_-_Group-800\"},{\"@type\":\"BreadcrumbList\",\"@id\":\"https:\\\/\\\/touchproeurope.eu\\\/product\\\/dura-luxe-luxury-cotton-flannel-bolster-covers\\\/#breadcrumb\",\"itemListElement\":[{\"@type\":\"ListItem\",\"position\":1,\"name\":\"Home\",\"item\":\"https:\\\/\\\/touchproeurope.eu\\\/\"},{\"@type\":\"ListItem\",\"position\":2,\"name\":\"Winkel\",\"item\":\"https:\\\/\\\/touchproeurope.eu\\\/winkel\\\/\"},{\"@type\":\"ListItem\",\"position\":3,\"name\":\"DURA-LUXE\u2122 Luxury Cotton Flannel Bolster Covers\"}]},{\"@type\":\"WebSite\",\"@id\":\"https:\\\/\\\/touchproeurope.eu\\\/#website\",\"url\":\"https:\\\/\\\/touchproeurope.eu\\\/\",\"name\":\"TouchPro Europe Shop\",\"description\":\"Alles voor jouw praktijk met een PROfessionele Touch!\",\"publisher\":{\"@id\":\"https:\\\/\\\/touchproeurope.eu\\\/#organization\"},\"alternateName\":\"TPE\",\"potentialAction\":[{\"@type\":\"SearchAction\",\"target\":{\"@type\":\"EntryPoint\",\"urlTemplate\":\"https:\\\/\\\/touchproeurope.eu\\\/?s={search_term_string}\"},\"query-input\":{\"@type\":\"PropertyValueSpecification\",\"valueRequired\":true,\"valueName\":\"search_term_string\"}}],\"inLanguage\":\"it-IT\"},{\"@type\":\"Organization\",\"@id\":\"https:\\\/\\\/touchproeurope.eu\\\/#organization\",\"name\":\"TouchPro Europe BV\",\"alternateName\":\"TPE\",\"url\":\"https:\\\/\\\/touchproeurope.eu\\\/\",\"logo\":{\"@type\":\"ImageObject\",\"inLanguage\":\"it-IT\",\"@id\":\"https:\\\/\\\/touchproeurope.eu\\\/#\\\/schema\\\/logo\\\/image\\\/\",\"url\":\"https:\\\/\\\/i0.wp.com\\\/touchproeurope.eu\\\/wp-content\\\/uploads\\\/2023\\\/10\\\/2b592c_b6944d80811246d987cc2c29accedf3f.png?fit=1417%2C531&ssl=1\",\"contentUrl\":\"https:\\\/\\\/i0.wp.com\\\/touchproeurope.eu\\\/wp-content\\\/uploads\\\/2023\\\/10\\\/2b592c_b6944d80811246d987cc2c29accedf3f.png?fit=1417%2C531&ssl=1\",\"width\":1417,\"height\":531,\"caption\":\"TouchPro Europe BV\"},\"image\":{\"@id\":\"https:\\\/\\\/touchproeurope.eu\\\/#\\\/schema\\\/logo\\\/image\\\/\"},\"sameAs\":[\"https:\\\/\\\/www.facebook.com\\\/TouchproNederland\\\/?locale=nl_NL\\\/\",\"https:\\\/\\\/www.instagram.com\\\/touchpro2016\\\/\",\"https:\\\/\\\/www.linkedin.com\\\/company\\\/touchpro-europe-bv\\\/\"],\"description\":\"TouchPro Europe Shop is de massage winkel van Europa. Wij verkopen topkwaliteit massageproducten aan masseurs, pedicures, fysiotherapeuten, manicuren, Wellness centra, opleidingen, etc. TouchPro begon als een kleine webshop in Nederland, maar is nu uitgegroeid tot een webshop met klanten uit heel Europa. Wij bieden een breed assortiment aan massageproducten, waaronder massagetafels, oli\u00ebn, cr\u00e8mes, en accessoires van topmerken, zoals Earthlite, Stronglite en InnerStrenght, Habys, Living Earth Crafts en Continuum en andere leveranciers van massage accessoires. Bestel hier de beste massagematerialen van Europa!\",\"email\":\"info@touchpro-europe.com\",\"telephone\":\"0858768829\",\"legalName\":\"TouchPro Europe BV\",\"foundingDate\":\"2018-01-11\",\"vatID\":\"NL855430151B01\",\"numberOfEmployees\":{\"@type\":\"QuantitativeValue\",\"minValue\":\"1\",\"maxValue\":\"10\"},\"hasMerchantReturnPolicy\":{\"@type\":\"MerchantReturnPolicy\",\"merchantReturnLink\":\"https:\\\/\\\/touchproeurope.eu\\\/it\\\/retourbeleid\\\/\"}}]}<\/script>\n<meta property=\"product:brand\" content=\"Earthlite\" \/>\n<meta property=\"og:availability\" content=\"instock\" \/>\n<meta property=\"product:availability\" content=\"instock\" \/>\n<meta property=\"product:condition\" content=\"new\" \/>\n<!-- \/ Yoast SEO Premium plugin. -->","yoast_head_json":{"title":"DURA-LUXE\u2122 Coperte di lusso in flanella di cotone - TouchPro Europe Shop","description":"Concedete ai vostri clienti il meglio con i copri-bolster in flanella di cotone di lusso DURA-LUXE\u2122. La soluzione ideale per garantire calore e lusso nel vostro studio.","robots":{"index":"index","follow":"follow","max-snippet":"max-snippet:-1","max-image-preview":"max-image-preview:large","max-video-preview":"max-video-preview:-1"},"canonical":"https:\/\/touchproeurope.eu\/it\/product\/copripiumino-in-flanella-di-cotone-di-lusso-dura-luxury\/","og_locale":"it_IT","og_type":"article","og_title":"DURA-LUXE\u2122 Luxury Cotton Flannel Bolster Covers","og_description":"Gun uw clienten het beste met de DURA-LUXE\u2122 Luxury Cotton Flannel Bolster Covers. De ideale oplossing voor warmte en luxe in uw praktijk.","og_url":"https:\/\/touchproeurope.eu\/it\/product\/copripiumino-in-flanella-di-cotone-di-lusso-dura-luxury\/","og_site_name":"TouchPro Europe Shop","article_publisher":"https:\/\/www.facebook.com\/TouchproNederland\/?locale=nl_NL%2f","article_modified_time":"2026-04-16T16:09:14+00:00","og_image":[{"width":800,"height":800,"url":"https:\/\/touchproeurope.eu\/wp-content\/uploads\/2025\/11\/Dura-Luxe_Flannel_Bolster_Covers_-_Group-800.png","type":"image\/png"}],"twitter_card":"summary_large_image","twitter_misc":{"Disponibilit\u00e0":"In stock"},"schema":{"@context":"https:\/\/schema.org","@graph":[{"@type":"WebPage","@id":"https:\/\/touchproeurope.eu\/product\/dura-luxe-luxury-cotton-flannel-bolster-covers\/","url":"https:\/\/touchproeurope.eu\/product\/dura-luxe-luxury-cotton-flannel-bolster-covers\/","name":"DURA-LUXE\u2122 Coperte di lusso in flanella di cotone - TouchPro Europe Shop","isPartOf":{"@id":"https:\/\/touchproeurope.eu\/#website"},"primaryImageOfPage":{"@id":"https:\/\/touchproeurope.eu\/product\/dura-luxe-luxury-cotton-flannel-bolster-covers\/#primaryimage"},"image":{"@id":"https:\/\/touchproeurope.eu\/product\/dura-luxe-luxury-cotton-flannel-bolster-covers\/#primaryimage"},"thumbnailUrl":"https:\/\/i0.wp.com\/touchproeurope.eu\/wp-content\/uploads\/2025\/11\/Dura-Luxe_Flannel_Bolster_Covers_-_Group-800.png?fit=800%2C800&ssl=1","datePublished":"2025-11-30T11:16:37+00:00","dateModified":"2026-04-16T16:09:14+00:00","description":"Concedete ai vostri clienti il meglio con i copri-bolster in flanella di cotone di lusso DURA-LUXE\u2122. La soluzione ideale per garantire calore e lusso nel vostro studio.","breadcrumb":{"@id":"https:\/\/touchproeurope.eu\/product\/dura-luxe-luxury-cotton-flannel-bolster-covers\/#breadcrumb"},"inLanguage":"it-IT","potentialAction":[{"@type":"ReadAction","target":["https:\/\/touchproeurope.eu\/product\/dura-luxe-luxury-cotton-flannel-bolster-covers\/"]}]},{"@type":"ImageObject","inLanguage":"it-IT","@id":"https:\/\/touchproeurope.eu\/product\/dura-luxe-luxury-cotton-flannel-bolster-covers\/#primaryimage","url":"https:\/\/i0.wp.com\/touchproeurope.eu\/wp-content\/uploads\/2025\/11\/Dura-Luxe_Flannel_Bolster_Covers_-_Group-800.png?fit=800%2C800&ssl=1","contentUrl":"https:\/\/i0.wp.com\/touchproeurope.eu\/wp-content\/uploads\/2025\/11\/Dura-Luxe_Flannel_Bolster_Covers_-_Group-800.png?fit=800%2C800&ssl=1","width":800,"height":800,"caption":"Dura-Luxe_Flannel_Bolster_Covers_-_Group-800"},{"@type":"BreadcrumbList","@id":"https:\/\/touchproeurope.eu\/product\/dura-luxe-luxury-cotton-flannel-bolster-covers\/#breadcrumb","itemListElement":[{"@type":"ListItem","position":1,"name":"Home","item":"https:\/\/touchproeurope.eu\/"},{"@type":"ListItem","position":2,"name":"Winkel","item":"https:\/\/touchproeurope.eu\/winkel\/"},{"@type":"ListItem","position":3,"name":"DURA-LUXE\u2122 Luxury Cotton Flannel Bolster Covers"}]},{"@type":"WebSite","@id":"https:\/\/touchproeurope.eu\/#website","url":"https:\/\/touchproeurope.eu\/","name":"Negozio TouchPro Europe","description":"Tutto per il vostro studio con un tocco professionale!","publisher":{"@id":"https:\/\/touchproeurope.eu\/#organization"},"alternateName":"TPE","potentialAction":[{"@type":"SearchAction","target":{"@type":"EntryPoint","urlTemplate":"https:\/\/touchproeurope.eu\/?s={search_term_string}"},"query-input":{"@type":"PropertyValueSpecification","valueRequired":true,"valueName":"search_term_string"}}],"inLanguage":"it-IT"},{"@type":"Organization","@id":"https:\/\/touchproeurope.eu\/#organization","name":"TouchPro Europe BV","alternateName":"TPE","url":"https:\/\/touchproeurope.eu\/","logo":{"@type":"ImageObject","inLanguage":"it-IT","@id":"https:\/\/touchproeurope.eu\/#\/schema\/logo\/image\/","url":"https:\/\/i0.wp.com\/touchproeurope.eu\/wp-content\/uploads\/2023\/10\/2b592c_b6944d80811246d987cc2c29accedf3f.png?fit=1417%2C531&ssl=1","contentUrl":"https:\/\/i0.wp.com\/touchproeurope.eu\/wp-content\/uploads\/2023\/10\/2b592c_b6944d80811246d987cc2c29accedf3f.png?fit=1417%2C531&ssl=1","width":1417,"height":531,"caption":"TouchPro Europe BV"},"image":{"@id":"https:\/\/touchproeurope.eu\/#\/schema\/logo\/image\/"},"sameAs":["https:\/\/www.facebook.com\/TouchproNederland\/?locale=nl_NL\/","https:\/\/www.instagram.com\/touchpro2016\/","https:\/\/www.linkedin.com\/company\/touchpro-europe-bv\/"],"description":"TouchPro Europe Shop \u00e8 il negozio di massaggi d'Europa. Vendiamo prodotti per il massaggio di alta qualit\u00e0 a massaggiatori, pedicuristi, fisioterapisti, manicuristi, centri benessere, corsi di formazione, ecc. TouchPro \u00e8 nato come un piccolo negozio nei Paesi Bassi, ma ora \u00e8 diventato un negozio con clienti da tutta Europa. Offriamo un'ampia gamma di prodotti per il massaggio, tra cui lettini, oli, creme e accessori delle migliori marche come Earthlite, Stronglite e InnerStrenght, Habys, Living Earth Crafts e Continuum e altri fornitori di accessori per il massaggio. Ordinate qui le migliori forniture per massaggi d'Europa!","email":"info@touchpro-europe.com","telephone":"0858768829","legalName":"TouchPro Europe BV","foundingDate":"2018-01-11","vatID":"NL855430151B01","numberOfEmployees":{"@type":"QuantitativeValue","minValue":"1","maxValue":"10"},"hasMerchantReturnPolicy":{"@type":"MerchantReturnPolicy","merchantReturnLink":"https:\/\/touchproeurope.eu\/it\/retourbeleid\/"}}]},"product_brand":"Earthlite","og_availability":"instock","product_availability":"instock","product_condition":"new"},"_links":{"self":[{"href":"https:\/\/touchproeurope.eu\/it\/wp-json\/wp\/v2\/product\/15227","targetHints":{"allow":["GET"]}}],"collection":[{"href":"https:\/\/touchproeurope.eu\/it\/wp-json\/wp\/v2\/product"}],"about":[{"href":"https:\/\/touchproeurope.eu\/it\/wp-json\/wp\/v2\/types\/product"}],"replies":[{"embeddable":true,"href":"https:\/\/touchproeurope.eu\/it\/wp-json\/wp\/v2\/comments?post=15227"}],"version-history":[{"count":2,"href":"https:\/\/touchproeurope.eu\/it\/wp-json\/wp\/v2\/product\/15227\/revisions"}],"predecessor-version":[{"id":15262,"href":"https:\/\/touchproeurope.eu\/it\/wp-json\/wp\/v2\/product\/15227\/revisions\/15262"}],"wp:featuredmedia":[{"embeddable":true,"href":"https:\/\/touchproeurope.eu\/it\/wp-json\/wp\/v2\/media\/15254"}],"wp:attachment":[{"href":"https:\/\/touchproeurope.eu\/it\/wp-json\/wp\/v2\/media?parent=15227"}],"wp:term":[{"taxonomy":"product_brand","embeddable":true,"href":"https:\/\/touchproeurope.eu\/it\/wp-json\/wp\/v2\/product_brand?post=15227"},{"taxonomy":"product_cat","embeddable":true,"href":"https:\/\/touchproeurope.eu\/it\/wp-json\/wp\/v2\/product_cat?post=15227"},{"taxonomy":"product_tag","embeddable":true,"href":"https:\/\/touchproeurope.eu\/it\/wp-json\/wp\/v2\/product_tag?post=15227"}],"curies":[{"name":"wp","href":"https:\/\/api.w.org\/{rel}","templated":true}]}}