{"id":15353,"date":"2025-12-10T13:25:44","date_gmt":"2025-12-10T13:25:44","guid":{"rendered":"https:\/\/touchproeurope.eu\/?post_type=product&#038;p=15353"},"modified":"2026-03-04T17:04:40","modified_gmt":"2026-03-04T17:04:40","slug":"canvas-draagtas-voor-shiatsu-matten","status":"publish","type":"product","link":"https:\/\/touchproeurope.eu\/it\/product\/canvas-draagtas-voor-shiatsu-matten\/","title":{"rendered":"Canvas draagtas voor shiatsu-matten"},"content":{"rendered":"<p>De Canvas draagtas voor shiatsu-matten is de ideale oplossing voor therapeuten en beoefenaars. Ze is perfect voor wie hun shiatsu-mat regelmatig meeneemt naar cli\u00ebnten, workshops of trainingen. Deze praktische tas is vervaardigd uit stevig canvas (100% katoen) en biedt optimale bescherming tijdens transport. Het robuuste materiaal voorkomt beschadiging en beschermt de mat tegen vuil, vocht en omgevingsinvloeden.<\/p>\n<p>De draagtas is ontworpen voor opgerolde 4-laagse shiatsu-matten en heeft een ruime diameter van circa 40 cm. Hierdoor past de mat moeiteloos zonder te veel compressie. Het formaat en de functionaliteit maken het transport eenvoudig en comfortabel. Dankzij de ge\u00efntegreerde draagriem kan de tas gemakkelijk over de schouder worden gedragen. Dit is ideaal voor therapeuten die veel onderweg zijn.<\/p>\n<p>Het canvasmateriaal combineert duurzaamheid met een natuurlijke look &amp; feel. Dat maakt de tas stijlvol \u00e9n functioneel. Of je nu een mobiele shiatsu-therapeut bent of je mat vaak meeneemt naar verschillende locaties, deze draagtas maakt vervoer veilig, hygi\u00ebnisch en effici\u00ebnt.<\/p>\n<p>Let op: deze draagtas is niet geschikt voor 5- of 6-laagse shiatsu-matten.<\/p>","protected":false},"excerpt":{"rendered":"<p>Stevige canvas draagtas (100% katoen) voor het vervoer van opgerolde 4-laagse shiatsu-matten. Beschermt de mat tegen vuil en beschadiging en is voorzien van een handige draagriem. Diameter ca. 40 cm.<br \/>\n<strong>Let op: de levertijd van Bodynova artikelen hebben een minimale levertijd van 4-5 dagen.<\/strong><\/p>","protected":false},"featured_media":15363,"comment_status":"open","ping_status":"closed","template":"","meta":[],"product_brand":[363],"product_cat":[367,356],"product_tag":[485,486,484],"class_list":{"0":"post-15353","1":"product","2":"type-product","3":"status-publish","4":"has-post-thumbnail","6":"product_brand-bodynova","7":"product_cat-shiatsu-mat","8":"product_cat-yoga-meditatie","9":"product_tag-massage-mat-tas","10":"product_tag-shiatsu-accessoire","11":"product_tag-shiatsu-draagtas","12":"pa_kleur-zwart","13":"pa_merk-bodynova","15":"first","16":"instock","17":"taxable","18":"shipping-taxable","19":"purchasable","20":"product-type-variable"},"yoast_head":"<!-- This site is optimized with the Yoast SEO Premium plugin v27.3 (Yoast SEO v27.3) - https:\/\/yoast.com\/product\/yoast-seo-premium-wordpress\/ -->\n<title>Canvas draagtas voor shiatsu-matten - TouchPro Europe Shop<\/title>\n<meta name=\"robots\" content=\"index, follow, max-snippet:-1, max-image-preview:large, max-video-preview:-1\" \/>\n<link rel=\"canonical\" href=\"https:\/\/touchproeurope.eu\/it\/product\/canvas-draagtas-voor-shiatsu-matten\/\" \/>\n<meta property=\"og:locale\" content=\"it_IT\" \/>\n<meta property=\"og:type\" content=\"article\" \/>\n<meta property=\"og:title\" content=\"Canvas draagtas voor shiatsu-matten\" \/>\n<meta property=\"og:description\" content=\"Stevige canvas draagtas (100% katoen) voor het vervoer van opgerolde 4-laagse shiatsu-matten. Beschermt de mat tegen vuil en beschadiging en is voorzien van een handige draagriem. Diameter ca. 40 cm. Let op: de levertijd van Bodynova artikelen hebben een minimale levertijd van 4-5 dagen.\" \/>\n<meta property=\"og:url\" content=\"https:\/\/touchproeurope.eu\/it\/product\/canvas-draagtas-voor-shiatsu-matten\/\" \/>\n<meta property=\"og:site_name\" content=\"TouchPro Europe Shop\" \/>\n<meta property=\"article:publisher\" content=\"https:\/\/www.facebook.com\/TouchproNederland\/?locale=nl_NL%2f\" \/>\n<meta property=\"article:modified_time\" content=\"2026-03-04T17:04:40+00:00\" \/>\n<meta property=\"og:image\" content=\"https:\/\/touchproeurope.eu\/wp-content\/uploads\/2025\/12\/6431x_at_tsm.jpg\" \/>\n\t<meta property=\"og:image:width\" content=\"665\" \/>\n\t<meta property=\"og:image:height\" content=\"665\" \/>\n\t<meta property=\"og:image:type\" content=\"image\/jpeg\" \/>\n<meta name=\"twitter:card\" content=\"summary_large_image\" \/>\n<meta name=\"twitter:label1\" content=\"Disponibilit\u00e0\" \/>\n\t<meta name=\"twitter:data1\" content=\"In stock\" \/>\n<script type=\"application\/ld+json\" class=\"yoast-schema-graph\">{\"@context\":\"https:\\\/\\\/schema.org\",\"@graph\":[{\"@type\":\"WebPage\",\"@id\":\"https:\\\/\\\/touchproeurope.eu\\\/product\\\/canvas-draagtas-voor-shiatsu-matten\\\/\",\"url\":\"https:\\\/\\\/touchproeurope.eu\\\/product\\\/canvas-draagtas-voor-shiatsu-matten\\\/\",\"name\":\"Canvas draagtas voor shiatsu-matten - TouchPro Europe Shop\",\"isPartOf\":{\"@id\":\"https:\\\/\\\/touchproeurope.eu\\\/#website\"},\"primaryImageOfPage\":{\"@id\":\"https:\\\/\\\/touchproeurope.eu\\\/product\\\/canvas-draagtas-voor-shiatsu-matten\\\/#primaryimage\"},\"image\":{\"@id\":\"https:\\\/\\\/touchproeurope.eu\\\/product\\\/canvas-draagtas-voor-shiatsu-matten\\\/#primaryimage\"},\"thumbnailUrl\":\"https:\\\/\\\/i0.wp.com\\\/touchproeurope.eu\\\/wp-content\\\/uploads\\\/2025\\\/12\\\/6431x_at_tsm.jpg?fit=665%2C665&ssl=1\",\"datePublished\":\"2025-12-10T13:25:44+00:00\",\"dateModified\":\"2026-03-04T17:04:40+00:00\",\"breadcrumb\":{\"@id\":\"https:\\\/\\\/touchproeurope.eu\\\/product\\\/canvas-draagtas-voor-shiatsu-matten\\\/#breadcrumb\"},\"inLanguage\":\"it-IT\",\"potentialAction\":[{\"@type\":\"ReadAction\",\"target\":[\"https:\\\/\\\/touchproeurope.eu\\\/product\\\/canvas-draagtas-voor-shiatsu-matten\\\/\"]}]},{\"@type\":\"ImageObject\",\"inLanguage\":\"it-IT\",\"@id\":\"https:\\\/\\\/touchproeurope.eu\\\/product\\\/canvas-draagtas-voor-shiatsu-matten\\\/#primaryimage\",\"url\":\"https:\\\/\\\/i0.wp.com\\\/touchproeurope.eu\\\/wp-content\\\/uploads\\\/2025\\\/12\\\/6431x_at_tsm.jpg?fit=665%2C665&ssl=1\",\"contentUrl\":\"https:\\\/\\\/i0.wp.com\\\/touchproeurope.eu\\\/wp-content\\\/uploads\\\/2025\\\/12\\\/6431x_at_tsm.jpg?fit=665%2C665&ssl=1\",\"width\":665,\"height\":665,\"caption\":\"Canvas draagtas voor shiatsu-matten\"},{\"@type\":\"BreadcrumbList\",\"@id\":\"https:\\\/\\\/touchproeurope.eu\\\/product\\\/canvas-draagtas-voor-shiatsu-matten\\\/#breadcrumb\",\"itemListElement\":[{\"@type\":\"ListItem\",\"position\":1,\"name\":\"Home\",\"item\":\"https:\\\/\\\/touchproeurope.eu\\\/\"},{\"@type\":\"ListItem\",\"position\":2,\"name\":\"Winkel\",\"item\":\"https:\\\/\\\/touchproeurope.eu\\\/winkel\\\/\"},{\"@type\":\"ListItem\",\"position\":3,\"name\":\"Canvas draagtas voor shiatsu-matten\"}]},{\"@type\":\"WebSite\",\"@id\":\"https:\\\/\\\/touchproeurope.eu\\\/#website\",\"url\":\"https:\\\/\\\/touchproeurope.eu\\\/\",\"name\":\"TouchPro Europe Shop\",\"description\":\"Alles voor jouw praktijk met een PROfessionele Touch!\",\"publisher\":{\"@id\":\"https:\\\/\\\/touchproeurope.eu\\\/#organization\"},\"alternateName\":\"TPE\",\"potentialAction\":[{\"@type\":\"SearchAction\",\"target\":{\"@type\":\"EntryPoint\",\"urlTemplate\":\"https:\\\/\\\/touchproeurope.eu\\\/?s={search_term_string}\"},\"query-input\":{\"@type\":\"PropertyValueSpecification\",\"valueRequired\":true,\"valueName\":\"search_term_string\"}}],\"inLanguage\":\"it-IT\"},{\"@type\":\"Organization\",\"@id\":\"https:\\\/\\\/touchproeurope.eu\\\/#organization\",\"name\":\"TouchPro Europe BV\",\"alternateName\":\"TPE\",\"url\":\"https:\\\/\\\/touchproeurope.eu\\\/\",\"logo\":{\"@type\":\"ImageObject\",\"inLanguage\":\"it-IT\",\"@id\":\"https:\\\/\\\/touchproeurope.eu\\\/#\\\/schema\\\/logo\\\/image\\\/\",\"url\":\"https:\\\/\\\/i0.wp.com\\\/touchproeurope.eu\\\/wp-content\\\/uploads\\\/2023\\\/10\\\/2b592c_b6944d80811246d987cc2c29accedf3f.png?fit=1417%2C531&ssl=1\",\"contentUrl\":\"https:\\\/\\\/i0.wp.com\\\/touchproeurope.eu\\\/wp-content\\\/uploads\\\/2023\\\/10\\\/2b592c_b6944d80811246d987cc2c29accedf3f.png?fit=1417%2C531&ssl=1\",\"width\":1417,\"height\":531,\"caption\":\"TouchPro Europe BV\"},\"image\":{\"@id\":\"https:\\\/\\\/touchproeurope.eu\\\/#\\\/schema\\\/logo\\\/image\\\/\"},\"sameAs\":[\"https:\\\/\\\/www.facebook.com\\\/TouchproNederland\\\/?locale=nl_NL\\\/\",\"https:\\\/\\\/www.instagram.com\\\/touchpro2016\\\/\",\"https:\\\/\\\/www.linkedin.com\\\/company\\\/touchpro-europe-bv\\\/\"],\"description\":\"TouchPro Europe Shop is de massage winkel van Europa. Wij verkopen topkwaliteit massageproducten aan masseurs, pedicures, fysiotherapeuten, manicuren, Wellness centra, opleidingen, etc. TouchPro begon als een kleine webshop in Nederland, maar is nu uitgegroeid tot een webshop met klanten uit heel Europa. Wij bieden een breed assortiment aan massageproducten, waaronder massagetafels, oli\u00ebn, cr\u00e8mes, en accessoires van topmerken, zoals Earthlite, Stronglite en InnerStrenght, Habys, Living Earth Crafts en Continuum en andere leveranciers van massage accessoires. Bestel hier de beste massagematerialen van Europa!\",\"email\":\"info@touchpro-europe.com\",\"telephone\":\"0858768829\",\"legalName\":\"TouchPro Europe BV\",\"foundingDate\":\"2018-01-11\",\"vatID\":\"NL855430151B01\",\"numberOfEmployees\":{\"@type\":\"QuantitativeValue\",\"minValue\":\"1\",\"maxValue\":\"10\"},\"hasMerchantReturnPolicy\":{\"@type\":\"MerchantReturnPolicy\",\"merchantReturnLink\":\"https:\\\/\\\/touchproeurope.eu\\\/it\\\/retourbeleid\\\/\"}}]}<\/script>\n<meta property=\"product:brand\" content=\"Bodynova\" \/>\n<meta property=\"og:availability\" content=\"instock\" \/>\n<meta property=\"product:availability\" content=\"instock\" \/>\n<meta property=\"product:retailer_item_id\" content=\"6431x\" \/>\n<meta property=\"product:condition\" content=\"new\" \/>\n<!-- \/ Yoast SEO Premium plugin. -->","yoast_head_json":{"title":"Canvas draagtas voor shiatsu-matten - TouchPro Europe Shop","robots":{"index":"index","follow":"follow","max-snippet":"max-snippet:-1","max-image-preview":"max-image-preview:large","max-video-preview":"max-video-preview:-1"},"canonical":"https:\/\/touchproeurope.eu\/it\/product\/canvas-draagtas-voor-shiatsu-matten\/","og_locale":"it_IT","og_type":"article","og_title":"Canvas draagtas voor shiatsu-matten","og_description":"Stevige canvas draagtas (100% katoen) voor het vervoer van opgerolde 4-laagse shiatsu-matten. Beschermt de mat tegen vuil en beschadiging en is voorzien van een handige draagriem. Diameter ca. 40 cm. Let op: de levertijd van Bodynova artikelen hebben een minimale levertijd van 4-5 dagen.","og_url":"https:\/\/touchproeurope.eu\/it\/product\/canvas-draagtas-voor-shiatsu-matten\/","og_site_name":"TouchPro Europe Shop","article_publisher":"https:\/\/www.facebook.com\/TouchproNederland\/?locale=nl_NL%2f","article_modified_time":"2026-03-04T17:04:40+00:00","og_image":[{"width":665,"height":665,"url":"https:\/\/touchproeurope.eu\/wp-content\/uploads\/2025\/12\/6431x_at_tsm.jpg","type":"image\/jpeg"}],"twitter_card":"summary_large_image","twitter_misc":{"Disponibilit\u00e0":"In stock"},"schema":{"@context":"https:\/\/schema.org","@graph":[{"@type":"WebPage","@id":"https:\/\/touchproeurope.eu\/product\/canvas-draagtas-voor-shiatsu-matten\/","url":"https:\/\/touchproeurope.eu\/product\/canvas-draagtas-voor-shiatsu-matten\/","name":"Canvas draagtas voor shiatsu-matten - TouchPro Europe Shop","isPartOf":{"@id":"https:\/\/touchproeurope.eu\/#website"},"primaryImageOfPage":{"@id":"https:\/\/touchproeurope.eu\/product\/canvas-draagtas-voor-shiatsu-matten\/#primaryimage"},"image":{"@id":"https:\/\/touchproeurope.eu\/product\/canvas-draagtas-voor-shiatsu-matten\/#primaryimage"},"thumbnailUrl":"https:\/\/i0.wp.com\/touchproeurope.eu\/wp-content\/uploads\/2025\/12\/6431x_at_tsm.jpg?fit=665%2C665&ssl=1","datePublished":"2025-12-10T13:25:44+00:00","dateModified":"2026-03-04T17:04:40+00:00","breadcrumb":{"@id":"https:\/\/touchproeurope.eu\/product\/canvas-draagtas-voor-shiatsu-matten\/#breadcrumb"},"inLanguage":"it-IT","potentialAction":[{"@type":"ReadAction","target":["https:\/\/touchproeurope.eu\/product\/canvas-draagtas-voor-shiatsu-matten\/"]}]},{"@type":"ImageObject","inLanguage":"it-IT","@id":"https:\/\/touchproeurope.eu\/product\/canvas-draagtas-voor-shiatsu-matten\/#primaryimage","url":"https:\/\/i0.wp.com\/touchproeurope.eu\/wp-content\/uploads\/2025\/12\/6431x_at_tsm.jpg?fit=665%2C665&ssl=1","contentUrl":"https:\/\/i0.wp.com\/touchproeurope.eu\/wp-content\/uploads\/2025\/12\/6431x_at_tsm.jpg?fit=665%2C665&ssl=1","width":665,"height":665,"caption":"Canvas draagtas voor shiatsu-matten"},{"@type":"BreadcrumbList","@id":"https:\/\/touchproeurope.eu\/product\/canvas-draagtas-voor-shiatsu-matten\/#breadcrumb","itemListElement":[{"@type":"ListItem","position":1,"name":"Home","item":"https:\/\/touchproeurope.eu\/"},{"@type":"ListItem","position":2,"name":"Winkel","item":"https:\/\/touchproeurope.eu\/winkel\/"},{"@type":"ListItem","position":3,"name":"Canvas draagtas voor shiatsu-matten"}]},{"@type":"WebSite","@id":"https:\/\/touchproeurope.eu\/#website","url":"https:\/\/touchproeurope.eu\/","name":"Negozio TouchPro Europe","description":"Tutto per il vostro studio con un tocco professionale!","publisher":{"@id":"https:\/\/touchproeurope.eu\/#organization"},"alternateName":"TPE","potentialAction":[{"@type":"SearchAction","target":{"@type":"EntryPoint","urlTemplate":"https:\/\/touchproeurope.eu\/?s={search_term_string}"},"query-input":{"@type":"PropertyValueSpecification","valueRequired":true,"valueName":"search_term_string"}}],"inLanguage":"it-IT"},{"@type":"Organization","@id":"https:\/\/touchproeurope.eu\/#organization","name":"TouchPro Europe BV","alternateName":"TPE","url":"https:\/\/touchproeurope.eu\/","logo":{"@type":"ImageObject","inLanguage":"it-IT","@id":"https:\/\/touchproeurope.eu\/#\/schema\/logo\/image\/","url":"https:\/\/i0.wp.com\/touchproeurope.eu\/wp-content\/uploads\/2023\/10\/2b592c_b6944d80811246d987cc2c29accedf3f.png?fit=1417%2C531&ssl=1","contentUrl":"https:\/\/i0.wp.com\/touchproeurope.eu\/wp-content\/uploads\/2023\/10\/2b592c_b6944d80811246d987cc2c29accedf3f.png?fit=1417%2C531&ssl=1","width":1417,"height":531,"caption":"TouchPro Europe BV"},"image":{"@id":"https:\/\/touchproeurope.eu\/#\/schema\/logo\/image\/"},"sameAs":["https:\/\/www.facebook.com\/TouchproNederland\/?locale=nl_NL\/","https:\/\/www.instagram.com\/touchpro2016\/","https:\/\/www.linkedin.com\/company\/touchpro-europe-bv\/"],"description":"TouchPro Europe Shop \u00e8 il negozio di massaggi d'Europa. Vendiamo prodotti per il massaggio di alta qualit\u00e0 a massaggiatori, pedicuristi, fisioterapisti, manicuristi, centri benessere, corsi di formazione, ecc. TouchPro \u00e8 nato come un piccolo negozio nei Paesi Bassi, ma ora \u00e8 diventato un negozio con clienti da tutta Europa. Offriamo un'ampia gamma di prodotti per il massaggio, tra cui lettini, oli, creme e accessori delle migliori marche come Earthlite, Stronglite e InnerStrenght, Habys, Living Earth Crafts e Continuum e altri fornitori di accessori per il massaggio. Ordinate qui le migliori forniture per massaggi d'Europa!","email":"info@touchpro-europe.com","telephone":"0858768829","legalName":"TouchPro Europe BV","foundingDate":"2018-01-11","vatID":"NL855430151B01","numberOfEmployees":{"@type":"QuantitativeValue","minValue":"1","maxValue":"10"},"hasMerchantReturnPolicy":{"@type":"MerchantReturnPolicy","merchantReturnLink":"https:\/\/touchproeurope.eu\/it\/retourbeleid\/"}}]},"product_brand":"Bodynova","og_availability":"instock","product_availability":"instock","product_retailer_item_id":"6431x","product_condition":"new"},"_links":{"self":[{"href":"https:\/\/touchproeurope.eu\/it\/wp-json\/wp\/v2\/product\/15353","targetHints":{"allow":["GET"]}}],"collection":[{"href":"https:\/\/touchproeurope.eu\/it\/wp-json\/wp\/v2\/product"}],"about":[{"href":"https:\/\/touchproeurope.eu\/it\/wp-json\/wp\/v2\/types\/product"}],"replies":[{"embeddable":true,"href":"https:\/\/touchproeurope.eu\/it\/wp-json\/wp\/v2\/comments?post=15353"}],"version-history":[{"count":2,"href":"https:\/\/touchproeurope.eu\/it\/wp-json\/wp\/v2\/product\/15353\/revisions"}],"predecessor-version":[{"id":15364,"href":"https:\/\/touchproeurope.eu\/it\/wp-json\/wp\/v2\/product\/15353\/revisions\/15364"}],"wp:featuredmedia":[{"embeddable":true,"href":"https:\/\/touchproeurope.eu\/it\/wp-json\/wp\/v2\/media\/15363"}],"wp:attachment":[{"href":"https:\/\/touchproeurope.eu\/it\/wp-json\/wp\/v2\/media?parent=15353"}],"wp:term":[{"taxonomy":"product_brand","embeddable":true,"href":"https:\/\/touchproeurope.eu\/it\/wp-json\/wp\/v2\/product_brand?post=15353"},{"taxonomy":"product_cat","embeddable":true,"href":"https:\/\/touchproeurope.eu\/it\/wp-json\/wp\/v2\/product_cat?post=15353"},{"taxonomy":"product_tag","embeddable":true,"href":"https:\/\/touchproeurope.eu\/it\/wp-json\/wp\/v2\/product_tag?post=15353"}],"curies":[{"name":"wp","href":"https:\/\/api.w.org\/{rel}","templated":true}]}}