{"id":15383,"date":"2025-12-10T14:50:20","date_gmt":"2025-12-10T14:50:20","guid":{"rendered":"https:\/\/touchproeurope.eu\/?post_type=product&#038;p=15383"},"modified":"2026-03-04T17:04:37","modified_gmt":"2026-03-04T17:04:37","slug":"tavolo-welltouch-ayurveda-ovale","status":"publish","type":"product","link":"https:\/\/touchproeurope.eu\/it\/product\/welltouch-ayurveda-tafel-oval\/","title":{"rendered":"WellTouch Tavolo ayurvedico OVALE"},"content":{"rendered":"<p>Il WellTouch Ayurveda Table OVAL \u00e8 stato progettato appositamente per i trattamenti con grandi quantit\u00e0 di olio. \u00c8 ideale per i massaggi ayurvedici tradizionali e i rituali Shirodhara. L'esclusivo design ovale con bordo esterno rialzato assicura che l'olio in eccesso venga raccolto in modo sicuro senza creare disagio al cliente. In questo modo l'area di trattamento rimane pulita. Potete concentrarvi completamente su un trattamento professionale e uniforme.<\/p>\n<p>Il tavolo \u00e8 rivestito con un'imbottitura in pelle PU di alta qualit\u00e0 e di lunga durata, di colore beige. Questo rivestimento \u00e8 facile da pulire con acqua e un detergente delicato. Per la massima protezione, tuttavia, si consiglia di utilizzare una speciale copertura protettiva in PU resistente agli oli. Questa si adatta perfettamente alla forma ovale del tavolo. In questo modo si evitano i danni causati dagli oli naturali della pelle o dagli oli per massaggi. Inoltre, prolunga notevolmente la durata della copertura.<\/p>\n<p>Grazie all'affidabile sistema di piegatura CableLock\u2122, il lettino pu\u00f2 essere piegato e dispiegato in pochi secondi. Il lettino da massaggio pu\u00f2 essere facilmente riposto nella borsa da trasporto inclusa, insieme a tutti gli accessori. \u00c8 l'ideale per i terapisti mobili o per gli studi in cui la flessibilit\u00e0 \u00e8 essenziale. Il set comprende anche un supporto per il viso ayurvedico completamente regolabile. L'angolo del supporto per il viso pu\u00f2 essere regolato sia in positivo che in negativo. \u00c8 stato progettato appositamente per i trattamenti Shirodhara che richiedono un posizionamento preciso.<\/p>\n<p>Con una lunghezza di 204 cm e una larghezza di 81 cm, il tavolo ayurvedico OVAL offre un'ergonomia e un comfort di riposo ottimali. L'altezza di lavoro varia da 58 a 84 cm. Il lettino da massaggio pesa solo 17,5 kg, ma offre un'impressionante capacit\u00e0 di carico di 200 kg di peso operativo. Il lettino pu\u00f2 inoltre sopportare un carico statico di 800 kg. Lo strato di schiuma di 5 cm di spessore offre un comfort morbido e di sostegno durante i trattamenti prolungati.<\/p>\n<p>I prodotti WellTouch sono coperti da una garanzia di 2 anni nell'UE, in Norvegia e in Svizzera. Sono previste eccezioni per i danni dovuti a manutenzione impropria o penetrazione di olio. Di conseguenza, potete contare su una qualit\u00e0 professionale a lungo termine.<\/p>","protected":false},"excerpt":{"rendered":"<p>Lettino da massaggio ayurvedico professionale pieghevole con bordo rialzato per la raccolta dell'olio, imbottitura in PU, sistema CableLock\u2122 e supporto per il viso ayurvedico regolabile. Fornito completo di telo in PU e borsa per il trasporto.<\/p>\n<p><a href=\"https:\/\/touchproeurope.eu\/wp-content\/uploads\/2025\/12\/welltouch-massage-tables-instructions.pdf\">Manuale<\/a><\/p>\n<p><strong>Gli articoli Bodynova hanno un tempo minimo di consegna di 4-5 giorni.<\/strong><\/p>","protected":false},"featured_media":15389,"comment_status":"open","ping_status":"closed","template":"","meta":[],"product_brand":[347],"product_cat":[94,93],"product_tag":[487,488,489],"class_list":{"0":"post-15383","1":"product","2":"type-product","3":"status-publish","4":"has-post-thumbnail","6":"product_brand-welltouch","7":"product_cat-draagbare-massagetafels","8":"product_cat-massagetafels","9":"product_tag-ayurveda-massagetafel","10":"product_tag-opvouwbare-massagetafel","11":"product_tag-pu","12":"product_shipping_class-groot-pakket","13":"pa_kleur-beige","14":"pa_merk-welltouch","16":"first","17":"instock","18":"taxable","19":"shipping-taxable","20":"purchasable","21":"product-type-simple"},"yoast_head":"<!-- This site is optimized with the Yoast SEO Premium plugin v27.4 (Yoast SEO v27.4) - https:\/\/yoast.com\/product\/yoast-seo-premium-wordpress\/ -->\n<title>WellTouch Ayurveda-tafel OVAL voor Professionele Massages - TouchPro Europe Shop<\/title>\n<meta name=\"description\" content=\"Bied je cli\u00ebnten gemak met de WellTouch Ayurveda-tafel OVAL. Dit ontwerp vangt overtollige olie veilig. Bestel vandaag nog je tafel bij TouchPro Europe!\" \/>\n<meta name=\"robots\" content=\"index, follow, max-snippet:-1, max-image-preview:large, max-video-preview:-1\" \/>\n<link rel=\"canonical\" href=\"https:\/\/touchproeurope.eu\/it\/product\/tavolo-welltouch-ayurveda-ovale\/\" \/>\n<meta property=\"og:locale\" content=\"it_IT\" \/>\n<meta property=\"og:type\" content=\"article\" \/>\n<meta property=\"og:title\" content=\"WellTouch Ayurveda-tafel OVAL\" \/>\n<meta property=\"og:description\" content=\"Bied je cli\u00ebnten gemak met de WellTouch Ayurveda-tafel OVAL. Dit ontwerp vangt overtollige olie veilig. Bestel vandaag nog je tafel bij TouchPro Europe!\" \/>\n<meta property=\"og:url\" content=\"https:\/\/touchproeurope.eu\/it\/product\/tavolo-welltouch-ayurveda-ovale\/\" \/>\n<meta property=\"og:site_name\" content=\"TouchPro Europe Shop\" \/>\n<meta property=\"article:publisher\" content=\"https:\/\/www.facebook.com\/TouchproNederland\/?locale=nl_NL%2f\" \/>\n<meta property=\"article:modified_time\" content=\"2026-03-04T17:04:37+00:00\" \/>\n<meta property=\"og:image\" content=\"https:\/\/touchproeurope.eu\/wp-content\/uploads\/2025\/12\/aov80c-massageliege-paxisbedarf-welltouch-aryuveda-liege-oval-creme-aufgestellt.jpg\" \/>\n\t<meta property=\"og:image:width\" content=\"1500\" \/>\n\t<meta property=\"og:image:height\" content=\"1500\" \/>\n\t<meta property=\"og:image:type\" content=\"image\/jpeg\" \/>\n<meta name=\"twitter:card\" content=\"summary_large_image\" \/>\n<meta name=\"twitter:label1\" content=\"Prezzo\" \/>\n\t<meta name=\"twitter:data1\" content=\"&euro;&nbsp;421,00 incl. BTW\" \/>\n\t<meta name=\"twitter:label2\" content=\"Disponibilit\u00e0\" \/>\n\t<meta name=\"twitter:data2\" content=\"In stock\" \/>\n<script type=\"application\/ld+json\" class=\"yoast-schema-graph\">{\"@context\":\"https:\\\/\\\/schema.org\",\"@graph\":[{\"@type\":\"WebPage\",\"@id\":\"https:\\\/\\\/touchproeurope.eu\\\/product\\\/welltouch-ayurveda-tafel-oval\\\/\",\"url\":\"https:\\\/\\\/touchproeurope.eu\\\/product\\\/welltouch-ayurveda-tafel-oval\\\/\",\"name\":\"WellTouch Ayurveda-tafel OVAL voor Professionele Massages - TouchPro Europe Shop\",\"isPartOf\":{\"@id\":\"https:\\\/\\\/touchproeurope.eu\\\/#website\"},\"primaryImageOfPage\":{\"@id\":\"https:\\\/\\\/touchproeurope.eu\\\/product\\\/welltouch-ayurveda-tafel-oval\\\/#primaryimage\"},\"image\":{\"@id\":\"https:\\\/\\\/touchproeurope.eu\\\/product\\\/welltouch-ayurveda-tafel-oval\\\/#primaryimage\"},\"thumbnailUrl\":\"https:\\\/\\\/i0.wp.com\\\/touchproeurope.eu\\\/wp-content\\\/uploads\\\/2025\\\/12\\\/aov80c-massageliege-paxisbedarf-welltouch-aryuveda-liege-oval-creme-aufgestellt.jpg?fit=1500%2C1500&ssl=1\",\"datePublished\":\"2025-12-10T14:50:20+00:00\",\"dateModified\":\"2026-03-04T17:04:37+00:00\",\"description\":\"Bied je cli\u00ebnten gemak met de WellTouch Ayurveda-tafel OVAL. Dit ontwerp vangt overtollige olie veilig. Bestel vandaag nog je tafel bij TouchPro Europe!\",\"breadcrumb\":{\"@id\":\"https:\\\/\\\/touchproeurope.eu\\\/product\\\/welltouch-ayurveda-tafel-oval\\\/#breadcrumb\"},\"inLanguage\":\"it-IT\",\"potentialAction\":[{\"@type\":\"ReadAction\",\"target\":[\"https:\\\/\\\/touchproeurope.eu\\\/product\\\/welltouch-ayurveda-tafel-oval\\\/\"]}]},{\"@type\":\"ImageObject\",\"inLanguage\":\"it-IT\",\"@id\":\"https:\\\/\\\/touchproeurope.eu\\\/product\\\/welltouch-ayurveda-tafel-oval\\\/#primaryimage\",\"url\":\"https:\\\/\\\/i0.wp.com\\\/touchproeurope.eu\\\/wp-content\\\/uploads\\\/2025\\\/12\\\/aov80c-massageliege-paxisbedarf-welltouch-aryuveda-liege-oval-creme-aufgestellt.jpg?fit=1500%2C1500&ssl=1\",\"contentUrl\":\"https:\\\/\\\/i0.wp.com\\\/touchproeurope.eu\\\/wp-content\\\/uploads\\\/2025\\\/12\\\/aov80c-massageliege-paxisbedarf-welltouch-aryuveda-liege-oval-creme-aufgestellt.jpg?fit=1500%2C1500&ssl=1\",\"width\":1500,\"height\":1500,\"caption\":\"WellTouch Ayurveda-tafel OVAL\"},{\"@type\":\"BreadcrumbList\",\"@id\":\"https:\\\/\\\/touchproeurope.eu\\\/product\\\/welltouch-ayurveda-tafel-oval\\\/#breadcrumb\",\"itemListElement\":[{\"@type\":\"ListItem\",\"position\":1,\"name\":\"Home\",\"item\":\"https:\\\/\\\/touchproeurope.eu\\\/\"},{\"@type\":\"ListItem\",\"position\":2,\"name\":\"Winkel\",\"item\":\"https:\\\/\\\/touchproeurope.eu\\\/winkel\\\/\"},{\"@type\":\"ListItem\",\"position\":3,\"name\":\"WellTouch Ayurveda-tafel OVAL\"}]},{\"@type\":\"WebSite\",\"@id\":\"https:\\\/\\\/touchproeurope.eu\\\/#website\",\"url\":\"https:\\\/\\\/touchproeurope.eu\\\/\",\"name\":\"TouchPro Europe Shop\",\"description\":\"Alles voor jouw praktijk met een PROfessionele Touch!\",\"publisher\":{\"@id\":\"https:\\\/\\\/touchproeurope.eu\\\/#organization\"},\"alternateName\":\"TPE\",\"potentialAction\":[{\"@type\":\"SearchAction\",\"target\":{\"@type\":\"EntryPoint\",\"urlTemplate\":\"https:\\\/\\\/touchproeurope.eu\\\/?s={search_term_string}\"},\"query-input\":{\"@type\":\"PropertyValueSpecification\",\"valueRequired\":true,\"valueName\":\"search_term_string\"}}],\"inLanguage\":\"it-IT\"},{\"@type\":\"Organization\",\"@id\":\"https:\\\/\\\/touchproeurope.eu\\\/#organization\",\"name\":\"TouchPro Europe BV\",\"alternateName\":\"TPE\",\"url\":\"https:\\\/\\\/touchproeurope.eu\\\/\",\"logo\":{\"@type\":\"ImageObject\",\"inLanguage\":\"it-IT\",\"@id\":\"https:\\\/\\\/touchproeurope.eu\\\/#\\\/schema\\\/logo\\\/image\\\/\",\"url\":\"https:\\\/\\\/i0.wp.com\\\/touchproeurope.eu\\\/wp-content\\\/uploads\\\/2023\\\/10\\\/2b592c_b6944d80811246d987cc2c29accedf3f.png?fit=1417%2C531&ssl=1\",\"contentUrl\":\"https:\\\/\\\/i0.wp.com\\\/touchproeurope.eu\\\/wp-content\\\/uploads\\\/2023\\\/10\\\/2b592c_b6944d80811246d987cc2c29accedf3f.png?fit=1417%2C531&ssl=1\",\"width\":1417,\"height\":531,\"caption\":\"TouchPro Europe BV\"},\"image\":{\"@id\":\"https:\\\/\\\/touchproeurope.eu\\\/#\\\/schema\\\/logo\\\/image\\\/\"},\"sameAs\":[\"https:\\\/\\\/www.facebook.com\\\/TouchproNederland\\\/?locale=nl_NL\\\/\",\"https:\\\/\\\/www.instagram.com\\\/touchpro2016\\\/\",\"https:\\\/\\\/www.linkedin.com\\\/company\\\/touchpro-europe-bv\\\/\"],\"description\":\"TouchPro Europe Shop is de massage winkel van Europa. Wij verkopen topkwaliteit massageproducten aan masseurs, pedicures, fysiotherapeuten, manicuren, Wellness centra, opleidingen, etc. TouchPro begon als een kleine webshop in Nederland, maar is nu uitgegroeid tot een webshop met klanten uit heel Europa. Wij bieden een breed assortiment aan massageproducten, waaronder massagetafels, oli\u00ebn, cr\u00e8mes, en accessoires van topmerken, zoals Earthlite, Stronglite en InnerStrenght, Habys, Living Earth Crafts en Continuum en andere leveranciers van massage accessoires. Bestel hier de beste massagematerialen van Europa!\",\"email\":\"info@touchpro-europe.com\",\"telephone\":\"0858768829\",\"legalName\":\"TouchPro Europe BV\",\"foundingDate\":\"2018-01-11\",\"vatID\":\"NL855430151B01\",\"numberOfEmployees\":{\"@type\":\"QuantitativeValue\",\"minValue\":\"1\",\"maxValue\":\"10\"},\"hasMerchantReturnPolicy\":{\"@type\":\"MerchantReturnPolicy\",\"merchantReturnLink\":\"https:\\\/\\\/touchproeurope.eu\\\/it\\\/retourbeleid\\\/\"}}]}<\/script>\n<meta property=\"product:brand\" content=\"Welltouch\" \/>\n<meta property=\"product:price:amount\" content=\"421.00\" \/>\n<meta property=\"product:price:currency\" content=\"EUR\" \/>\n<meta property=\"og:availability\" content=\"instock\" \/>\n<meta property=\"product:availability\" content=\"instock\" \/>\n<meta property=\"product:retailer_item_id\" content=\"AOV80C\" \/>\n<meta property=\"product:condition\" content=\"new\" \/>\n<!-- \/ Yoast SEO Premium plugin. -->","yoast_head_json":{"title":"WellTouch Tavolo ayurvedico OVALE per massaggi professionali - Negozio TouchPro Europe","description":"Offrite ai vostri clienti la comodit\u00e0 del tavolo WellTouch Ayurveda OVAL. Questo design cattura in modo sicuro l'olio in eccesso. Ordinate oggi stesso il vostro tavolo da TouchPro Europe!","robots":{"index":"index","follow":"follow","max-snippet":"max-snippet:-1","max-image-preview":"max-image-preview:large","max-video-preview":"max-video-preview:-1"},"canonical":"https:\/\/touchproeurope.eu\/it\/product\/tavolo-welltouch-ayurveda-ovale\/","og_locale":"it_IT","og_type":"article","og_title":"WellTouch Ayurveda-tafel OVAL","og_description":"Bied je cli\u00ebnten gemak met de WellTouch Ayurveda-tafel OVAL. Dit ontwerp vangt overtollige olie veilig. Bestel vandaag nog je tafel bij TouchPro Europe!","og_url":"https:\/\/touchproeurope.eu\/it\/product\/tavolo-welltouch-ayurveda-ovale\/","og_site_name":"TouchPro Europe Shop","article_publisher":"https:\/\/www.facebook.com\/TouchproNederland\/?locale=nl_NL%2f","article_modified_time":"2026-03-04T17:04:37+00:00","og_image":[{"width":1500,"height":1500,"url":"https:\/\/touchproeurope.eu\/wp-content\/uploads\/2025\/12\/aov80c-massageliege-paxisbedarf-welltouch-aryuveda-liege-oval-creme-aufgestellt.jpg","type":"image\/jpeg"}],"twitter_card":"summary_large_image","twitter_misc":{"Prezzo":"&euro;&nbsp;421,00 incl. BTW","Disponibilit\u00e0":"In stock"},"schema":{"@context":"https:\/\/schema.org","@graph":[{"@type":"WebPage","@id":"https:\/\/touchproeurope.eu\/product\/welltouch-ayurveda-tafel-oval\/","url":"https:\/\/touchproeurope.eu\/product\/welltouch-ayurveda-tafel-oval\/","name":"WellTouch Tavolo ayurvedico OVALE per massaggi professionali - Negozio TouchPro Europe","isPartOf":{"@id":"https:\/\/touchproeurope.eu\/#website"},"primaryImageOfPage":{"@id":"https:\/\/touchproeurope.eu\/product\/welltouch-ayurveda-tafel-oval\/#primaryimage"},"image":{"@id":"https:\/\/touchproeurope.eu\/product\/welltouch-ayurveda-tafel-oval\/#primaryimage"},"thumbnailUrl":"https:\/\/i0.wp.com\/touchproeurope.eu\/wp-content\/uploads\/2025\/12\/aov80c-massageliege-paxisbedarf-welltouch-aryuveda-liege-oval-creme-aufgestellt.jpg?fit=1500%2C1500&ssl=1","datePublished":"2025-12-10T14:50:20+00:00","dateModified":"2026-03-04T17:04:37+00:00","description":"Offrite ai vostri clienti la comodit\u00e0 del tavolo WellTouch Ayurveda OVAL. Questo design cattura in modo sicuro l'olio in eccesso. Ordinate oggi stesso il vostro tavolo da TouchPro Europe!","breadcrumb":{"@id":"https:\/\/touchproeurope.eu\/product\/welltouch-ayurveda-tafel-oval\/#breadcrumb"},"inLanguage":"it-IT","potentialAction":[{"@type":"ReadAction","target":["https:\/\/touchproeurope.eu\/product\/welltouch-ayurveda-tafel-oval\/"]}]},{"@type":"ImageObject","inLanguage":"it-IT","@id":"https:\/\/touchproeurope.eu\/product\/welltouch-ayurveda-tafel-oval\/#primaryimage","url":"https:\/\/i0.wp.com\/touchproeurope.eu\/wp-content\/uploads\/2025\/12\/aov80c-massageliege-paxisbedarf-welltouch-aryuveda-liege-oval-creme-aufgestellt.jpg?fit=1500%2C1500&ssl=1","contentUrl":"https:\/\/i0.wp.com\/touchproeurope.eu\/wp-content\/uploads\/2025\/12\/aov80c-massageliege-paxisbedarf-welltouch-aryuveda-liege-oval-creme-aufgestellt.jpg?fit=1500%2C1500&ssl=1","width":1500,"height":1500,"caption":"WellTouch Ayurveda-tafel OVAL"},{"@type":"BreadcrumbList","@id":"https:\/\/touchproeurope.eu\/product\/welltouch-ayurveda-tafel-oval\/#breadcrumb","itemListElement":[{"@type":"ListItem","position":1,"name":"Home","item":"https:\/\/touchproeurope.eu\/"},{"@type":"ListItem","position":2,"name":"Winkel","item":"https:\/\/touchproeurope.eu\/winkel\/"},{"@type":"ListItem","position":3,"name":"WellTouch Ayurveda-tafel OVAL"}]},{"@type":"WebSite","@id":"https:\/\/touchproeurope.eu\/#website","url":"https:\/\/touchproeurope.eu\/","name":"Negozio TouchPro Europe","description":"Tutto per il vostro studio con un tocco professionale!","publisher":{"@id":"https:\/\/touchproeurope.eu\/#organization"},"alternateName":"TPE","potentialAction":[{"@type":"SearchAction","target":{"@type":"EntryPoint","urlTemplate":"https:\/\/touchproeurope.eu\/?s={search_term_string}"},"query-input":{"@type":"PropertyValueSpecification","valueRequired":true,"valueName":"search_term_string"}}],"inLanguage":"it-IT"},{"@type":"Organization","@id":"https:\/\/touchproeurope.eu\/#organization","name":"TouchPro Europe BV","alternateName":"TPE","url":"https:\/\/touchproeurope.eu\/","logo":{"@type":"ImageObject","inLanguage":"it-IT","@id":"https:\/\/touchproeurope.eu\/#\/schema\/logo\/image\/","url":"https:\/\/i0.wp.com\/touchproeurope.eu\/wp-content\/uploads\/2023\/10\/2b592c_b6944d80811246d987cc2c29accedf3f.png?fit=1417%2C531&ssl=1","contentUrl":"https:\/\/i0.wp.com\/touchproeurope.eu\/wp-content\/uploads\/2023\/10\/2b592c_b6944d80811246d987cc2c29accedf3f.png?fit=1417%2C531&ssl=1","width":1417,"height":531,"caption":"TouchPro Europe BV"},"image":{"@id":"https:\/\/touchproeurope.eu\/#\/schema\/logo\/image\/"},"sameAs":["https:\/\/www.facebook.com\/TouchproNederland\/?locale=nl_NL\/","https:\/\/www.instagram.com\/touchpro2016\/","https:\/\/www.linkedin.com\/company\/touchpro-europe-bv\/"],"description":"TouchPro Europe Shop \u00e8 il negozio di massaggi d'Europa. Vendiamo prodotti per il massaggio di alta qualit\u00e0 a massaggiatori, pedicuristi, fisioterapisti, manicuristi, centri benessere, corsi di formazione, ecc. TouchPro \u00e8 nato come un piccolo negozio nei Paesi Bassi, ma ora \u00e8 diventato un negozio con clienti da tutta Europa. Offriamo un'ampia gamma di prodotti per il massaggio, tra cui lettini, oli, creme e accessori delle migliori marche come Earthlite, Stronglite e InnerStrenght, Habys, Living Earth Crafts e Continuum e altri fornitori di accessori per il massaggio. Ordinate qui le migliori forniture per massaggi d'Europa!","email":"info@touchpro-europe.com","telephone":"0858768829","legalName":"TouchPro Europe BV","foundingDate":"2018-01-11","vatID":"NL855430151B01","numberOfEmployees":{"@type":"QuantitativeValue","minValue":"1","maxValue":"10"},"hasMerchantReturnPolicy":{"@type":"MerchantReturnPolicy","merchantReturnLink":"https:\/\/touchproeurope.eu\/it\/retourbeleid\/"}}]},"product_brand":"Welltouch","product_price_amount":"421.00","product_price_currency":"EUR","og_availability":"instock","product_availability":"instock","product_retailer_item_id":"AOV80C","product_condition":"new"},"_links":{"self":[{"href":"https:\/\/touchproeurope.eu\/it\/wp-json\/wp\/v2\/product\/15383","targetHints":{"allow":["GET"]}}],"collection":[{"href":"https:\/\/touchproeurope.eu\/it\/wp-json\/wp\/v2\/product"}],"about":[{"href":"https:\/\/touchproeurope.eu\/it\/wp-json\/wp\/v2\/types\/product"}],"replies":[{"embeddable":true,"href":"https:\/\/touchproeurope.eu\/it\/wp-json\/wp\/v2\/comments?post=15383"}],"version-history":[{"count":1,"href":"https:\/\/touchproeurope.eu\/it\/wp-json\/wp\/v2\/product\/15383\/revisions"}],"predecessor-version":[{"id":15393,"href":"https:\/\/touchproeurope.eu\/it\/wp-json\/wp\/v2\/product\/15383\/revisions\/15393"}],"wp:featuredmedia":[{"embeddable":true,"href":"https:\/\/touchproeurope.eu\/it\/wp-json\/wp\/v2\/media\/15389"}],"wp:attachment":[{"href":"https:\/\/touchproeurope.eu\/it\/wp-json\/wp\/v2\/media?parent=15383"}],"wp:term":[{"taxonomy":"product_brand","embeddable":true,"href":"https:\/\/touchproeurope.eu\/it\/wp-json\/wp\/v2\/product_brand?post=15383"},{"taxonomy":"product_cat","embeddable":true,"href":"https:\/\/touchproeurope.eu\/it\/wp-json\/wp\/v2\/product_cat?post=15383"},{"taxonomy":"product_tag","embeddable":true,"href":"https:\/\/touchproeurope.eu\/it\/wp-json\/wp\/v2\/product_tag?post=15383"}],"curies":[{"name":"wp","href":"https:\/\/api.w.org\/{rel}","templated":true}]}}