{"id":15400,"date":"2025-12-15T10:51:09","date_gmt":"2025-12-15T10:51:09","guid":{"rendered":"https:\/\/touchproeurope.eu\/?post_type=product&#038;p=15400"},"modified":"2026-03-04T17:04:37","modified_gmt":"2026-03-04T17:04:37","slug":"opvouwbare-massagetafel-zwangerschapstafel","status":"publish","type":"product","link":"https:\/\/touchproeurope.eu\/it\/product\/opvouwbare-massagetafel-zwangerschapstafel\/","title":{"rendered":"Lettino da massaggio pieghevole - lettino da gravidanza"},"content":{"rendered":"<p data-start=\"280\" data-end=\"674\">De opvouwbare massagetafel \u2013 zwangerschapstafel is speciaal ontworpen om zwangere vrouwen veilig, comfortabel en ontspannen te behandelen. Dit is zelfs in een vergevorderd stadium van de zwangerschap mogelijk. Dankzij de anatomisch gevormde uitsparingen voor buik en borst kan de cli\u00ebnt in buikligging liggen zonder druk op de buik of borst. Hierdoor worden de behandelopties voor therapeuten aanzienlijk vergroot.<\/p>\n<p data-start=\"676\" data-end=\"1028\">In de buikopening is een flexibel rubberen net ge\u00efntegreerd dat de buik zacht ondersteunt en zich aanpast aan de vorm van het lichaam. Indien gewenst kunnen zowel de buik- als borstuitsparing eenvoudig worden afgesloten met de meegeleverde kussens. Hiermee wordt de tafel ook geschikt voor andere behandelingen of voor gebruik na de zwangerschap.<\/p>\n<p data-start=\"1030\" data-end=\"1461\">De tafel is mobiel en opvouwbaar, waardoor hij ideaal is voor zowel vaste praktijken als mobiele therapeuten. Met een lengte van 192 cm, een breedte van 76 cm en een hoogteverstelling van 57 tot 83 cm biedt deze massagetafel uitstekende ergonomie voor de behandelaar.<\/p>\n<p data-start=\"1030\" data-end=\"1461\">Ondanks het gewicht van circa 21 kg is de tafel stabiel en robuust. De tafel heeft een werkbelasting van 180 kg en een statische belasting tot 720 kg.<\/p>\n<p data-start=\"1463\" data-end=\"1820\">De comfortabele 7,5 cm dikke schuimlaag zorgt voor extra ligcomfort. Terwijl de duurzame PU-bekleding zacht aanvoelt en eenvoudig te reinigen is. De tafel wordt compleet geleverd met een verstelbare gezichtsteun, armsling, buik- en borstkussens, een draagtas en het ondersteunende net. Hierdoor kun je direct professioneel aan de slag.<\/p>\n<p data-start=\"1822\" data-end=\"2059\">Deze zwangerschapstafel is een waardevolle aanvulling voor massagepraktijken, verloskundigen, fysiotherapeuten en wellnesscentra. Deze instellingen zijn gespecialiseerd in zwangerschapsbehandelingen en stellen comfort, veiligheid en kwaliteit centraal.<\/p>","protected":false},"excerpt":{"rendered":"<p>Professionele opvouwbare massagetafel voor zwangere vrouwen met buik- en borstuitsparing. Voorzien van flexibel ondersteuningsnet, afsluitbare kussens, 7,5 cm comfortfoam en PU-bekleding. Compleet geleverd en ideaal voor zwangerschapsmassage.<\/p>","protected":false},"featured_media":15402,"comment_status":"open","ping_status":"closed","template":"","meta":[],"product_brand":[347],"product_cat":[94,93],"product_tag":[319,495,497,494,496,493],"class_list":{"0":"post-15400","1":"product","2":"type-product","3":"status-publish","4":"has-post-thumbnail","6":"product_brand-welltouch","7":"product_cat-draagbare-massagetafels","8":"product_cat-massagetafels","9":"product_tag-draagbare-massagetafel","10":"product_tag-massagetafel-voor-zwangeren","11":"product_tag-mobiele-massagetafel","12":"product_tag-prenatale-massagetafel","13":"product_tag-professioneel","14":"product_tag-zwangerschap-massagetafel","15":"product_shipping_class-groot-pakket","16":"pa_kleur-vanille-creme","17":"pa_merk-welltouch","19":"first","20":"instock","21":"taxable","22":"shipping-taxable","23":"purchasable","24":"product-type-simple"},"yoast_head":"<!-- This site is optimized with the Yoast SEO Premium plugin v27.3 (Yoast SEO v27.3) - https:\/\/yoast.com\/product\/yoast-seo-premium-wordpress\/ -->\n<title>Opvouwbare massagetafel \u2013 zwangerschapstafel voor Ontspanning - TouchPro Europe Shop<\/title>\n<meta name=\"description\" content=\"Behandel zwangere cli\u00ebnten veilig met de opvouwbare massagetafel \u2013 zwangerschapstafel. Geniet van anatomische uitsparingen voor comfort! \ud83c\udf38\" \/>\n<meta name=\"robots\" content=\"index, follow, max-snippet:-1, max-image-preview:large, max-video-preview:-1\" \/>\n<link rel=\"canonical\" href=\"https:\/\/touchproeurope.eu\/it\/product\/opvouwbare-massagetafel-zwangerschapstafel\/\" \/>\n<meta property=\"og:locale\" content=\"it_IT\" \/>\n<meta property=\"og:type\" content=\"article\" \/>\n<meta property=\"og:title\" content=\"Opvouwbare massagetafel \u2013 zwangerschapstafel\" \/>\n<meta property=\"og:description\" content=\"Behandel zwangere cli\u00ebnten veilig met de opvouwbare massagetafel \u2013 zwangerschapstafel. Geniet van anatomische uitsparingen voor comfort! \ud83c\udf38\" \/>\n<meta property=\"og:url\" content=\"https:\/\/touchproeurope.eu\/it\/product\/opvouwbare-massagetafel-zwangerschapstafel\/\" \/>\n<meta property=\"og:site_name\" content=\"TouchPro Europe Shop\" \/>\n<meta property=\"article:publisher\" content=\"https:\/\/www.facebook.com\/TouchproNederland\/?locale=nl_NL%2f\" \/>\n<meta property=\"article:modified_time\" content=\"2026-03-04T17:04:37+00:00\" \/>\n<meta property=\"og:image\" content=\"https:\/\/touchproeurope.eu\/wp-content\/uploads\/2025\/12\/pr76c_massageliege_pregnancy_entspannung_welltouch_praxisbedarf_beige_aufgebaut1-e1765795596428.jpg\" \/>\n\t<meta property=\"og:image:width\" content=\"800\" \/>\n\t<meta property=\"og:image:height\" content=\"800\" \/>\n\t<meta property=\"og:image:type\" content=\"image\/jpeg\" \/>\n<meta name=\"twitter:card\" content=\"summary_large_image\" \/>\n<meta name=\"twitter:label1\" content=\"Prezzo\" \/>\n\t<meta name=\"twitter:data1\" content=\"&euro;&nbsp;374,97 incl. BTW\" \/>\n\t<meta name=\"twitter:label2\" content=\"Disponibilit\u00e0\" \/>\n\t<meta name=\"twitter:data2\" content=\"In stock\" \/>\n<script type=\"application\/ld+json\" class=\"yoast-schema-graph\">{\"@context\":\"https:\\\/\\\/schema.org\",\"@graph\":[{\"@type\":\"WebPage\",\"@id\":\"https:\\\/\\\/touchproeurope.eu\\\/product\\\/opvouwbare-massagetafel-zwangerschapstafel\\\/\",\"url\":\"https:\\\/\\\/touchproeurope.eu\\\/product\\\/opvouwbare-massagetafel-zwangerschapstafel\\\/\",\"name\":\"Opvouwbare massagetafel \u2013 zwangerschapstafel voor Ontspanning - TouchPro Europe Shop\",\"isPartOf\":{\"@id\":\"https:\\\/\\\/touchproeurope.eu\\\/#website\"},\"primaryImageOfPage\":{\"@id\":\"https:\\\/\\\/touchproeurope.eu\\\/product\\\/opvouwbare-massagetafel-zwangerschapstafel\\\/#primaryimage\"},\"image\":{\"@id\":\"https:\\\/\\\/touchproeurope.eu\\\/product\\\/opvouwbare-massagetafel-zwangerschapstafel\\\/#primaryimage\"},\"thumbnailUrl\":\"https:\\\/\\\/i0.wp.com\\\/touchproeurope.eu\\\/wp-content\\\/uploads\\\/2025\\\/12\\\/pr76c_massageliege_pregnancy_entspannung_welltouch_praxisbedarf_beige_aufgebaut1-e1765795596428.jpg?fit=800%2C800&ssl=1\",\"datePublished\":\"2025-12-15T10:51:09+00:00\",\"dateModified\":\"2026-03-04T17:04:37+00:00\",\"description\":\"Behandel zwangere cli\u00ebnten veilig met de opvouwbare massagetafel \u2013 zwangerschapstafel. Geniet van anatomische uitsparingen voor comfort! \ud83c\udf38\",\"breadcrumb\":{\"@id\":\"https:\\\/\\\/touchproeurope.eu\\\/product\\\/opvouwbare-massagetafel-zwangerschapstafel\\\/#breadcrumb\"},\"inLanguage\":\"it-IT\",\"potentialAction\":[{\"@type\":\"ReadAction\",\"target\":[\"https:\\\/\\\/touchproeurope.eu\\\/product\\\/opvouwbare-massagetafel-zwangerschapstafel\\\/\"]}]},{\"@type\":\"ImageObject\",\"inLanguage\":\"it-IT\",\"@id\":\"https:\\\/\\\/touchproeurope.eu\\\/product\\\/opvouwbare-massagetafel-zwangerschapstafel\\\/#primaryimage\",\"url\":\"https:\\\/\\\/i0.wp.com\\\/touchproeurope.eu\\\/wp-content\\\/uploads\\\/2025\\\/12\\\/pr76c_massageliege_pregnancy_entspannung_welltouch_praxisbedarf_beige_aufgebaut1-e1765795596428.jpg?fit=800%2C800&ssl=1\",\"contentUrl\":\"https:\\\/\\\/i0.wp.com\\\/touchproeurope.eu\\\/wp-content\\\/uploads\\\/2025\\\/12\\\/pr76c_massageliege_pregnancy_entspannung_welltouch_praxisbedarf_beige_aufgebaut1-e1765795596428.jpg?fit=800%2C800&ssl=1\",\"width\":800,\"height\":800,\"caption\":\"Opvouwbare massagetafel \u2013 zwangerschapstafel\"},{\"@type\":\"BreadcrumbList\",\"@id\":\"https:\\\/\\\/touchproeurope.eu\\\/product\\\/opvouwbare-massagetafel-zwangerschapstafel\\\/#breadcrumb\",\"itemListElement\":[{\"@type\":\"ListItem\",\"position\":1,\"name\":\"Home\",\"item\":\"https:\\\/\\\/touchproeurope.eu\\\/\"},{\"@type\":\"ListItem\",\"position\":2,\"name\":\"Winkel\",\"item\":\"https:\\\/\\\/touchproeurope.eu\\\/winkel\\\/\"},{\"@type\":\"ListItem\",\"position\":3,\"name\":\"Opvouwbare massagetafel \u2013 zwangerschapstafel\"}]},{\"@type\":\"WebSite\",\"@id\":\"https:\\\/\\\/touchproeurope.eu\\\/#website\",\"url\":\"https:\\\/\\\/touchproeurope.eu\\\/\",\"name\":\"TouchPro Europe Shop\",\"description\":\"Alles voor jouw praktijk met een PROfessionele Touch!\",\"publisher\":{\"@id\":\"https:\\\/\\\/touchproeurope.eu\\\/#organization\"},\"alternateName\":\"TPE\",\"potentialAction\":[{\"@type\":\"SearchAction\",\"target\":{\"@type\":\"EntryPoint\",\"urlTemplate\":\"https:\\\/\\\/touchproeurope.eu\\\/?s={search_term_string}\"},\"query-input\":{\"@type\":\"PropertyValueSpecification\",\"valueRequired\":true,\"valueName\":\"search_term_string\"}}],\"inLanguage\":\"it-IT\"},{\"@type\":\"Organization\",\"@id\":\"https:\\\/\\\/touchproeurope.eu\\\/#organization\",\"name\":\"TouchPro Europe BV\",\"alternateName\":\"TPE\",\"url\":\"https:\\\/\\\/touchproeurope.eu\\\/\",\"logo\":{\"@type\":\"ImageObject\",\"inLanguage\":\"it-IT\",\"@id\":\"https:\\\/\\\/touchproeurope.eu\\\/#\\\/schema\\\/logo\\\/image\\\/\",\"url\":\"https:\\\/\\\/i0.wp.com\\\/touchproeurope.eu\\\/wp-content\\\/uploads\\\/2023\\\/10\\\/2b592c_b6944d80811246d987cc2c29accedf3f.png?fit=1417%2C531&ssl=1\",\"contentUrl\":\"https:\\\/\\\/i0.wp.com\\\/touchproeurope.eu\\\/wp-content\\\/uploads\\\/2023\\\/10\\\/2b592c_b6944d80811246d987cc2c29accedf3f.png?fit=1417%2C531&ssl=1\",\"width\":1417,\"height\":531,\"caption\":\"TouchPro Europe BV\"},\"image\":{\"@id\":\"https:\\\/\\\/touchproeurope.eu\\\/#\\\/schema\\\/logo\\\/image\\\/\"},\"sameAs\":[\"https:\\\/\\\/www.facebook.com\\\/TouchproNederland\\\/?locale=nl_NL\\\/\",\"https:\\\/\\\/www.instagram.com\\\/touchpro2016\\\/\",\"https:\\\/\\\/www.linkedin.com\\\/company\\\/touchpro-europe-bv\\\/\"],\"description\":\"TouchPro Europe Shop is de massage winkel van Europa. Wij verkopen topkwaliteit massageproducten aan masseurs, pedicures, fysiotherapeuten, manicuren, Wellness centra, opleidingen, etc. TouchPro begon als een kleine webshop in Nederland, maar is nu uitgegroeid tot een webshop met klanten uit heel Europa. Wij bieden een breed assortiment aan massageproducten, waaronder massagetafels, oli\u00ebn, cr\u00e8mes, en accessoires van topmerken, zoals Earthlite, Stronglite en InnerStrenght, Habys, Living Earth Crafts en Continuum en andere leveranciers van massage accessoires. Bestel hier de beste massagematerialen van Europa!\",\"email\":\"info@touchpro-europe.com\",\"telephone\":\"0858768829\",\"legalName\":\"TouchPro Europe BV\",\"foundingDate\":\"2018-01-11\",\"vatID\":\"NL855430151B01\",\"numberOfEmployees\":{\"@type\":\"QuantitativeValue\",\"minValue\":\"1\",\"maxValue\":\"10\"},\"hasMerchantReturnPolicy\":{\"@type\":\"MerchantReturnPolicy\",\"merchantReturnLink\":\"https:\\\/\\\/touchproeurope.eu\\\/it\\\/retourbeleid\\\/\"}}]}<\/script>\n<meta property=\"product:brand\" content=\"Welltouch\" \/>\n<meta property=\"product:price:amount\" content=\"374.97\" \/>\n<meta property=\"product:price:currency\" content=\"EUR\" \/>\n<meta property=\"og:availability\" content=\"instock\" \/>\n<meta property=\"product:availability\" content=\"instock\" \/>\n<meta property=\"product:retailer_item_id\" content=\"pr76c\" \/>\n<meta property=\"product:condition\" content=\"new\" \/>\n<!-- \/ Yoast SEO Premium plugin. -->","yoast_head_json":{"title":"Opvouwbare massagetafel \u2013 zwangerschapstafel voor Ontspanning - TouchPro Europe Shop","description":"Behandel zwangere cli\u00ebnten veilig met de opvouwbare massagetafel \u2013 zwangerschapstafel. Geniet van anatomische uitsparingen voor comfort! \ud83c\udf38","robots":{"index":"index","follow":"follow","max-snippet":"max-snippet:-1","max-image-preview":"max-image-preview:large","max-video-preview":"max-video-preview:-1"},"canonical":"https:\/\/touchproeurope.eu\/it\/product\/opvouwbare-massagetafel-zwangerschapstafel\/","og_locale":"it_IT","og_type":"article","og_title":"Opvouwbare massagetafel \u2013 zwangerschapstafel","og_description":"Behandel zwangere cli\u00ebnten veilig met de opvouwbare massagetafel \u2013 zwangerschapstafel. Geniet van anatomische uitsparingen voor comfort! \ud83c\udf38","og_url":"https:\/\/touchproeurope.eu\/it\/product\/opvouwbare-massagetafel-zwangerschapstafel\/","og_site_name":"TouchPro Europe Shop","article_publisher":"https:\/\/www.facebook.com\/TouchproNederland\/?locale=nl_NL%2f","article_modified_time":"2026-03-04T17:04:37+00:00","og_image":[{"width":800,"height":800,"url":"https:\/\/touchproeurope.eu\/wp-content\/uploads\/2025\/12\/pr76c_massageliege_pregnancy_entspannung_welltouch_praxisbedarf_beige_aufgebaut1-e1765795596428.jpg","type":"image\/jpeg"}],"twitter_card":"summary_large_image","twitter_misc":{"Prezzo":"&euro;&nbsp;374,97 incl. BTW","Disponibilit\u00e0":"In stock"},"schema":{"@context":"https:\/\/schema.org","@graph":[{"@type":"WebPage","@id":"https:\/\/touchproeurope.eu\/product\/opvouwbare-massagetafel-zwangerschapstafel\/","url":"https:\/\/touchproeurope.eu\/product\/opvouwbare-massagetafel-zwangerschapstafel\/","name":"Opvouwbare massagetafel \u2013 zwangerschapstafel voor Ontspanning - TouchPro Europe Shop","isPartOf":{"@id":"https:\/\/touchproeurope.eu\/#website"},"primaryImageOfPage":{"@id":"https:\/\/touchproeurope.eu\/product\/opvouwbare-massagetafel-zwangerschapstafel\/#primaryimage"},"image":{"@id":"https:\/\/touchproeurope.eu\/product\/opvouwbare-massagetafel-zwangerschapstafel\/#primaryimage"},"thumbnailUrl":"https:\/\/i0.wp.com\/touchproeurope.eu\/wp-content\/uploads\/2025\/12\/pr76c_massageliege_pregnancy_entspannung_welltouch_praxisbedarf_beige_aufgebaut1-e1765795596428.jpg?fit=800%2C800&ssl=1","datePublished":"2025-12-15T10:51:09+00:00","dateModified":"2026-03-04T17:04:37+00:00","description":"Behandel zwangere cli\u00ebnten veilig met de opvouwbare massagetafel \u2013 zwangerschapstafel. Geniet van anatomische uitsparingen voor comfort! \ud83c\udf38","breadcrumb":{"@id":"https:\/\/touchproeurope.eu\/product\/opvouwbare-massagetafel-zwangerschapstafel\/#breadcrumb"},"inLanguage":"it-IT","potentialAction":[{"@type":"ReadAction","target":["https:\/\/touchproeurope.eu\/product\/opvouwbare-massagetafel-zwangerschapstafel\/"]}]},{"@type":"ImageObject","inLanguage":"it-IT","@id":"https:\/\/touchproeurope.eu\/product\/opvouwbare-massagetafel-zwangerschapstafel\/#primaryimage","url":"https:\/\/i0.wp.com\/touchproeurope.eu\/wp-content\/uploads\/2025\/12\/pr76c_massageliege_pregnancy_entspannung_welltouch_praxisbedarf_beige_aufgebaut1-e1765795596428.jpg?fit=800%2C800&ssl=1","contentUrl":"https:\/\/i0.wp.com\/touchproeurope.eu\/wp-content\/uploads\/2025\/12\/pr76c_massageliege_pregnancy_entspannung_welltouch_praxisbedarf_beige_aufgebaut1-e1765795596428.jpg?fit=800%2C800&ssl=1","width":800,"height":800,"caption":"Opvouwbare massagetafel \u2013 zwangerschapstafel"},{"@type":"BreadcrumbList","@id":"https:\/\/touchproeurope.eu\/product\/opvouwbare-massagetafel-zwangerschapstafel\/#breadcrumb","itemListElement":[{"@type":"ListItem","position":1,"name":"Home","item":"https:\/\/touchproeurope.eu\/"},{"@type":"ListItem","position":2,"name":"Winkel","item":"https:\/\/touchproeurope.eu\/winkel\/"},{"@type":"ListItem","position":3,"name":"Opvouwbare massagetafel \u2013 zwangerschapstafel"}]},{"@type":"WebSite","@id":"https:\/\/touchproeurope.eu\/#website","url":"https:\/\/touchproeurope.eu\/","name":"Negozio TouchPro Europe","description":"Tutto per il vostro studio con un tocco professionale!","publisher":{"@id":"https:\/\/touchproeurope.eu\/#organization"},"alternateName":"TPE","potentialAction":[{"@type":"SearchAction","target":{"@type":"EntryPoint","urlTemplate":"https:\/\/touchproeurope.eu\/?s={search_term_string}"},"query-input":{"@type":"PropertyValueSpecification","valueRequired":true,"valueName":"search_term_string"}}],"inLanguage":"it-IT"},{"@type":"Organization","@id":"https:\/\/touchproeurope.eu\/#organization","name":"TouchPro Europe BV","alternateName":"TPE","url":"https:\/\/touchproeurope.eu\/","logo":{"@type":"ImageObject","inLanguage":"it-IT","@id":"https:\/\/touchproeurope.eu\/#\/schema\/logo\/image\/","url":"https:\/\/i0.wp.com\/touchproeurope.eu\/wp-content\/uploads\/2023\/10\/2b592c_b6944d80811246d987cc2c29accedf3f.png?fit=1417%2C531&ssl=1","contentUrl":"https:\/\/i0.wp.com\/touchproeurope.eu\/wp-content\/uploads\/2023\/10\/2b592c_b6944d80811246d987cc2c29accedf3f.png?fit=1417%2C531&ssl=1","width":1417,"height":531,"caption":"TouchPro Europe BV"},"image":{"@id":"https:\/\/touchproeurope.eu\/#\/schema\/logo\/image\/"},"sameAs":["https:\/\/www.facebook.com\/TouchproNederland\/?locale=nl_NL\/","https:\/\/www.instagram.com\/touchpro2016\/","https:\/\/www.linkedin.com\/company\/touchpro-europe-bv\/"],"description":"TouchPro Europe Shop \u00e8 il negozio di massaggi d'Europa. Vendiamo prodotti per il massaggio di alta qualit\u00e0 a massaggiatori, pedicuristi, fisioterapisti, manicuristi, centri benessere, corsi di formazione, ecc. TouchPro \u00e8 nato come un piccolo negozio nei Paesi Bassi, ma ora \u00e8 diventato un negozio con clienti da tutta Europa. Offriamo un'ampia gamma di prodotti per il massaggio, tra cui lettini, oli, creme e accessori delle migliori marche come Earthlite, Stronglite e InnerStrenght, Habys, Living Earth Crafts e Continuum e altri fornitori di accessori per il massaggio. Ordinate qui le migliori forniture per massaggi d'Europa!","email":"info@touchpro-europe.com","telephone":"0858768829","legalName":"TouchPro Europe BV","foundingDate":"2018-01-11","vatID":"NL855430151B01","numberOfEmployees":{"@type":"QuantitativeValue","minValue":"1","maxValue":"10"},"hasMerchantReturnPolicy":{"@type":"MerchantReturnPolicy","merchantReturnLink":"https:\/\/touchproeurope.eu\/it\/retourbeleid\/"}}]},"product_brand":"Welltouch","product_price_amount":"374.97","product_price_currency":"EUR","og_availability":"instock","product_availability":"instock","product_retailer_item_id":"pr76c","product_condition":"new"},"_links":{"self":[{"href":"https:\/\/touchproeurope.eu\/it\/wp-json\/wp\/v2\/product\/15400","targetHints":{"allow":["GET"]}}],"collection":[{"href":"https:\/\/touchproeurope.eu\/it\/wp-json\/wp\/v2\/product"}],"about":[{"href":"https:\/\/touchproeurope.eu\/it\/wp-json\/wp\/v2\/types\/product"}],"replies":[{"embeddable":true,"href":"https:\/\/touchproeurope.eu\/it\/wp-json\/wp\/v2\/comments?post=15400"}],"version-history":[{"count":1,"href":"https:\/\/touchproeurope.eu\/it\/wp-json\/wp\/v2\/product\/15400\/revisions"}],"predecessor-version":[{"id":15409,"href":"https:\/\/touchproeurope.eu\/it\/wp-json\/wp\/v2\/product\/15400\/revisions\/15409"}],"wp:featuredmedia":[{"embeddable":true,"href":"https:\/\/touchproeurope.eu\/it\/wp-json\/wp\/v2\/media\/15402"}],"wp:attachment":[{"href":"https:\/\/touchproeurope.eu\/it\/wp-json\/wp\/v2\/media?parent=15400"}],"wp:term":[{"taxonomy":"product_brand","embeddable":true,"href":"https:\/\/touchproeurope.eu\/it\/wp-json\/wp\/v2\/product_brand?post=15400"},{"taxonomy":"product_cat","embeddable":true,"href":"https:\/\/touchproeurope.eu\/it\/wp-json\/wp\/v2\/product_cat?post=15400"},{"taxonomy":"product_tag","embeddable":true,"href":"https:\/\/touchproeurope.eu\/it\/wp-json\/wp\/v2\/product_tag?post=15400"}],"curies":[{"name":"wp","href":"https:\/\/api.w.org\/{rel}","templated":true}]}}