{"id":15515,"date":"2026-01-07T09:06:33","date_gmt":"2026-01-07T09:06:33","guid":{"rendered":"https:\/\/touchproeurope.eu\/?post_type=product&#038;p=15515"},"modified":"2026-03-04T17:04:48","modified_gmt":"2026-03-04T17:04:48","slug":"vital-spijkermat-kussen","status":"publish","type":"product","link":"https:\/\/touchproeurope.eu\/it\/product\/vital-spijkermat-kussen\/","title":{"rendered":"Vital Spijkermat kussen"},"content":{"rendered":"<p data-start=\"266\" data-end=\"723\">Het VITAL Spijkermat Kussen is een ergonomisch gevormd acupressuurkussen dat speciaal is ontwikkeld om spanning in de nek en schouders te verlichten. Dit kussen is ideaal voor iedereen die last heeft van een stijve nek, spanningshoofdpijn of vermoeidheid door langdurig zitten, stress of een intensieve levensstijl. Dankzij de gerichte acupressuurpunten helpt het kussen de doorbloeding te stimuleren en het lichaam tot diepe ontspanning te brengen. Dit alles maakt het Vital Spijkermat kussen onmisbaar.<\/p>\n<p data-start=\"725\" data-end=\"1231\">Het kussen is voorzien van maar liefst 1.452 acupressuurpunten. Deze punten oefenen subtiele druk uit op specifieke zones in het nek- en schoudergebied. Deze stimulatie kan bijdragen aan het verminderen van nek- en hoofdpijn en het loslaten van spierspanning. Ook verlaagt het stress en verbetert het de slaapkwaliteit bij regelmatig gebruik. De ergonomische vorm ondersteunt het gevoelige gebied net onder het hoofd optimaal. Hierdoor blijft het kussen comfortabel, ook bij langere ontspanningsmomenten. De Vital Spijkermat in combinatie met het kussen is uitzonderlijk effectief.<\/p>\n<p data-start=\"1233\" data-end=\"1619\">Het VITAL acupressuurkussen stimuleert de acupressuurpunten van het lichaam en bevordert daarmee de energiedoorstroming. Dit heeft een verkwikkend en balancerend effect. Aan de onderzijde is het kussen voorzien van een klittenbandsluiting, waarmee het eenvoudig te bevestigen is aan de VITAL spijkermatten. Hierdoor blijft het kussen stabiel op zijn plaats tijdens gebruik, en zo blijft het Vital Spijkermat kussen handig en effici\u00ebnt.<\/p>\n<p data-start=\"1621\" data-end=\"1895\">Voor het beste resultaat wordt aangeraden om dagelijks 10 tot 20 minuten te ontspannen met het kussen. Gebruik het los of in combinatie met een VITAL spijkermat. Het kussen is geschikt voor thuisgebruik, yoga- en ontspanningsruimtes. Het dient ook als aanvulling op een bewuste zelfzorgroutine. Het Vital Spijkermat kussen is een goede keuze voor iedereen die op zoek is naar ontspanning.<\/p>\n<p data-start=\"1621\" data-end=\"1895\"><a href=\"https:\/\/touchproeurope.eu\/wp-content\/uploads\/2026\/01\/akupressur_flyer_2023_de_en_fr.pdf\">Product instructies<\/a><\/p>","protected":false},"excerpt":{"rendered":"<p>Ergonomisch acupressuurkussen voor nek en schouders met 1.452 drukpunten. Stimuleert doorbloeding, vermindert spanning en stress en ondersteunt ontspanning. Met afneembare katoenen hoes en klittenbandbevestiging.<\/p>\n<p><strong>Let op: de levertijd van Bodynova artikelen hebben een minimale levertijd van 4-5 dagen.<\/strong><\/p>","protected":false},"featured_media":15524,"comment_status":"open","ping_status":"closed","template":"","meta":[],"product_brand":[363,506],"product_cat":[367,356],"product_tag":[516,518,519,517,515],"class_list":{"0":"post-15515","1":"product","2":"type-product","3":"status-publish","4":"has-post-thumbnail","6":"product_brand-bodynova","7":"product_brand-vital","8":"product_cat-shiatsu-mat","9":"product_cat-yoga-meditatie","10":"product_tag-acupressuurkussen","11":"product_tag-nek-acupressuur","12":"product_tag-schouder-ontspanning","13":"product_tag-spijkermat-kussen","14":"product_tag-stressvermindering","15":"product_shipping_class-klein-pakket","16":"pa_kleur-aubergine","17":"pa_kleur-blauw","18":"pa_kleur-grijs","19":"pa_kleur-groen","20":"pa_kleur-petrol","21":"pa_merk-vital","23":"first","24":"instock","25":"taxable","26":"shipping-taxable","27":"purchasable","28":"product-type-variable"},"yoast_head":"<!-- This site is optimized with the Yoast SEO Premium plugin v27.3 (Yoast SEO v27.3) - https:\/\/yoast.com\/product\/yoast-seo-premium-wordpress\/ -->\n<title>Vital Spijkermat kussen: Verlicht Nek- en Schouderpijn - TouchPro Europe Shop -<\/title>\n<meta name=\"description\" content=\"Belevingen van spanning in de nek verhelpen met het Vital Spijkermat kussen! Dit ergonomische kussen zorgt voor diepere ontspanning. Bestel nu!\" \/>\n<meta name=\"robots\" content=\"index, follow, max-snippet:-1, max-image-preview:large, max-video-preview:-1\" \/>\n<link rel=\"canonical\" href=\"https:\/\/touchproeurope.eu\/it\/product\/vital-spijkermat-kussen\/\" \/>\n<meta property=\"og:locale\" content=\"it_IT\" \/>\n<meta property=\"og:type\" content=\"article\" \/>\n<meta property=\"og:title\" content=\"Vital Spijkermat kussen\" \/>\n<meta property=\"og:description\" content=\"Belevingen van spanning in de nek verhelpen met het Vital Spijkermat kussen! Dit ergonomische kussen zorgt voor diepere ontspanning. Bestel nu!\" \/>\n<meta property=\"og:url\" content=\"https:\/\/touchproeurope.eu\/it\/product\/vital-spijkermat-kussen\/\" \/>\n<meta property=\"og:site_name\" content=\"TouchPro Europe Shop\" \/>\n<meta property=\"article:publisher\" content=\"https:\/\/www.facebook.com\/TouchproNederland\/?locale=nl_NL%2f\" \/>\n<meta property=\"article:modified_time\" content=\"2026-03-04T17:04:48+00:00\" \/>\n<meta property=\"og:image\" content=\"https:\/\/touchproeurope.eu\/wp-content\/uploads\/2026\/01\/534x_vaterbild_akupressur_kissen_bodhi3-e1767776204114.jpg\" \/>\n\t<meta property=\"og:image:width\" content=\"800\" \/>\n\t<meta property=\"og:image:height\" content=\"800\" \/>\n\t<meta property=\"og:image:type\" content=\"image\/jpeg\" \/>\n<meta name=\"twitter:card\" content=\"summary_large_image\" \/>\n<meta name=\"twitter:label1\" content=\"Disponibilit\u00e0\" \/>\n\t<meta name=\"twitter:data1\" content=\"In stock\" \/>\n<script type=\"application\/ld+json\" class=\"yoast-schema-graph\">{\"@context\":\"https:\\\/\\\/schema.org\",\"@graph\":[{\"@type\":\"WebPage\",\"@id\":\"https:\\\/\\\/touchproeurope.eu\\\/product\\\/vital-spijkermat-kussen\\\/\",\"url\":\"https:\\\/\\\/touchproeurope.eu\\\/product\\\/vital-spijkermat-kussen\\\/\",\"name\":\"Vital Spijkermat kussen: Verlicht Nek- en Schouderpijn - TouchPro Europe Shop -\",\"isPartOf\":{\"@id\":\"https:\\\/\\\/touchproeurope.eu\\\/#website\"},\"primaryImageOfPage\":{\"@id\":\"https:\\\/\\\/touchproeurope.eu\\\/product\\\/vital-spijkermat-kussen\\\/#primaryimage\"},\"image\":{\"@id\":\"https:\\\/\\\/touchproeurope.eu\\\/product\\\/vital-spijkermat-kussen\\\/#primaryimage\"},\"thumbnailUrl\":\"https:\\\/\\\/i0.wp.com\\\/touchproeurope.eu\\\/wp-content\\\/uploads\\\/2026\\\/01\\\/534x_vaterbild_akupressur_kissen_bodhi3-e1767776204114.jpg?fit=800%2C800&ssl=1\",\"datePublished\":\"2026-01-07T09:06:33+00:00\",\"dateModified\":\"2026-03-04T17:04:48+00:00\",\"description\":\"Belevingen van spanning in de nek verhelpen met het Vital Spijkermat kussen! Dit ergonomische kussen zorgt voor diepere ontspanning. Bestel nu!\",\"breadcrumb\":{\"@id\":\"https:\\\/\\\/touchproeurope.eu\\\/product\\\/vital-spijkermat-kussen\\\/#breadcrumb\"},\"inLanguage\":\"it-IT\",\"potentialAction\":[{\"@type\":\"ReadAction\",\"target\":[\"https:\\\/\\\/touchproeurope.eu\\\/product\\\/vital-spijkermat-kussen\\\/\"]}]},{\"@type\":\"ImageObject\",\"inLanguage\":\"it-IT\",\"@id\":\"https:\\\/\\\/touchproeurope.eu\\\/product\\\/vital-spijkermat-kussen\\\/#primaryimage\",\"url\":\"https:\\\/\\\/i0.wp.com\\\/touchproeurope.eu\\\/wp-content\\\/uploads\\\/2026\\\/01\\\/534x_vaterbild_akupressur_kissen_bodhi3-e1767776204114.jpg?fit=800%2C800&ssl=1\",\"contentUrl\":\"https:\\\/\\\/i0.wp.com\\\/touchproeurope.eu\\\/wp-content\\\/uploads\\\/2026\\\/01\\\/534x_vaterbild_akupressur_kissen_bodhi3-e1767776204114.jpg?fit=800%2C800&ssl=1\",\"width\":800,\"height\":800,\"caption\":\"Vital Spijkermat kussen Grijs\"},{\"@type\":\"BreadcrumbList\",\"@id\":\"https:\\\/\\\/touchproeurope.eu\\\/product\\\/vital-spijkermat-kussen\\\/#breadcrumb\",\"itemListElement\":[{\"@type\":\"ListItem\",\"position\":1,\"name\":\"Home\",\"item\":\"https:\\\/\\\/touchproeurope.eu\\\/\"},{\"@type\":\"ListItem\",\"position\":2,\"name\":\"Winkel\",\"item\":\"https:\\\/\\\/touchproeurope.eu\\\/winkel\\\/\"},{\"@type\":\"ListItem\",\"position\":3,\"name\":\"Vital Spijkermat kussen\"}]},{\"@type\":\"WebSite\",\"@id\":\"https:\\\/\\\/touchproeurope.eu\\\/#website\",\"url\":\"https:\\\/\\\/touchproeurope.eu\\\/\",\"name\":\"TouchPro Europe Shop\",\"description\":\"Alles voor jouw praktijk met een PROfessionele Touch!\",\"publisher\":{\"@id\":\"https:\\\/\\\/touchproeurope.eu\\\/#organization\"},\"alternateName\":\"TPE\",\"potentialAction\":[{\"@type\":\"SearchAction\",\"target\":{\"@type\":\"EntryPoint\",\"urlTemplate\":\"https:\\\/\\\/touchproeurope.eu\\\/?s={search_term_string}\"},\"query-input\":{\"@type\":\"PropertyValueSpecification\",\"valueRequired\":true,\"valueName\":\"search_term_string\"}}],\"inLanguage\":\"it-IT\"},{\"@type\":\"Organization\",\"@id\":\"https:\\\/\\\/touchproeurope.eu\\\/#organization\",\"name\":\"TouchPro Europe BV\",\"alternateName\":\"TPE\",\"url\":\"https:\\\/\\\/touchproeurope.eu\\\/\",\"logo\":{\"@type\":\"ImageObject\",\"inLanguage\":\"it-IT\",\"@id\":\"https:\\\/\\\/touchproeurope.eu\\\/#\\\/schema\\\/logo\\\/image\\\/\",\"url\":\"https:\\\/\\\/i0.wp.com\\\/touchproeurope.eu\\\/wp-content\\\/uploads\\\/2023\\\/10\\\/2b592c_b6944d80811246d987cc2c29accedf3f.png?fit=1417%2C531&ssl=1\",\"contentUrl\":\"https:\\\/\\\/i0.wp.com\\\/touchproeurope.eu\\\/wp-content\\\/uploads\\\/2023\\\/10\\\/2b592c_b6944d80811246d987cc2c29accedf3f.png?fit=1417%2C531&ssl=1\",\"width\":1417,\"height\":531,\"caption\":\"TouchPro Europe BV\"},\"image\":{\"@id\":\"https:\\\/\\\/touchproeurope.eu\\\/#\\\/schema\\\/logo\\\/image\\\/\"},\"sameAs\":[\"https:\\\/\\\/www.facebook.com\\\/TouchproNederland\\\/?locale=nl_NL\\\/\",\"https:\\\/\\\/www.instagram.com\\\/touchpro2016\\\/\",\"https:\\\/\\\/www.linkedin.com\\\/company\\\/touchpro-europe-bv\\\/\"],\"description\":\"TouchPro Europe Shop is de massage winkel van Europa. Wij verkopen topkwaliteit massageproducten aan masseurs, pedicures, fysiotherapeuten, manicuren, Wellness centra, opleidingen, etc. TouchPro begon als een kleine webshop in Nederland, maar is nu uitgegroeid tot een webshop met klanten uit heel Europa. Wij bieden een breed assortiment aan massageproducten, waaronder massagetafels, oli\u00ebn, cr\u00e8mes, en accessoires van topmerken, zoals Earthlite, Stronglite en InnerStrenght, Habys, Living Earth Crafts en Continuum en andere leveranciers van massage accessoires. Bestel hier de beste massagematerialen van Europa!\",\"email\":\"info@touchpro-europe.com\",\"telephone\":\"0858768829\",\"legalName\":\"TouchPro Europe BV\",\"foundingDate\":\"2018-01-11\",\"vatID\":\"NL855430151B01\",\"numberOfEmployees\":{\"@type\":\"QuantitativeValue\",\"minValue\":\"1\",\"maxValue\":\"10\"},\"hasMerchantReturnPolicy\":{\"@type\":\"MerchantReturnPolicy\",\"merchantReturnLink\":\"https:\\\/\\\/touchproeurope.eu\\\/it\\\/retourbeleid\\\/\"}}]}<\/script>\n<meta property=\"product:brand\" content=\"VITAL\" \/>\n<meta property=\"og:availability\" content=\"instock\" \/>\n<meta property=\"product:availability\" content=\"instock\" \/>\n<meta property=\"product:retailer_item_id\" content=\"534x\" \/>\n<meta property=\"product:condition\" content=\"new\" \/>\n<!-- \/ Yoast SEO Premium plugin. -->","yoast_head_json":{"title":"Vital Spijkermat kussen: Verlicht Nek- en Schouderpijn - TouchPro Europe Shop -","description":"Belevingen van spanning in de nek verhelpen met het Vital Spijkermat kussen! Dit ergonomische kussen zorgt voor diepere ontspanning. Bestel nu!","robots":{"index":"index","follow":"follow","max-snippet":"max-snippet:-1","max-image-preview":"max-image-preview:large","max-video-preview":"max-video-preview:-1"},"canonical":"https:\/\/touchproeurope.eu\/it\/product\/vital-spijkermat-kussen\/","og_locale":"it_IT","og_type":"article","og_title":"Vital Spijkermat kussen","og_description":"Belevingen van spanning in de nek verhelpen met het Vital Spijkermat kussen! Dit ergonomische kussen zorgt voor diepere ontspanning. Bestel nu!","og_url":"https:\/\/touchproeurope.eu\/it\/product\/vital-spijkermat-kussen\/","og_site_name":"TouchPro Europe Shop","article_publisher":"https:\/\/www.facebook.com\/TouchproNederland\/?locale=nl_NL%2f","article_modified_time":"2026-03-04T17:04:48+00:00","og_image":[{"width":800,"height":800,"url":"https:\/\/touchproeurope.eu\/wp-content\/uploads\/2026\/01\/534x_vaterbild_akupressur_kissen_bodhi3-e1767776204114.jpg","type":"image\/jpeg"}],"twitter_card":"summary_large_image","twitter_misc":{"Disponibilit\u00e0":"In stock"},"schema":{"@context":"https:\/\/schema.org","@graph":[{"@type":"WebPage","@id":"https:\/\/touchproeurope.eu\/product\/vital-spijkermat-kussen\/","url":"https:\/\/touchproeurope.eu\/product\/vital-spijkermat-kussen\/","name":"Vital Spijkermat kussen: Verlicht Nek- en Schouderpijn - TouchPro Europe Shop -","isPartOf":{"@id":"https:\/\/touchproeurope.eu\/#website"},"primaryImageOfPage":{"@id":"https:\/\/touchproeurope.eu\/product\/vital-spijkermat-kussen\/#primaryimage"},"image":{"@id":"https:\/\/touchproeurope.eu\/product\/vital-spijkermat-kussen\/#primaryimage"},"thumbnailUrl":"https:\/\/i0.wp.com\/touchproeurope.eu\/wp-content\/uploads\/2026\/01\/534x_vaterbild_akupressur_kissen_bodhi3-e1767776204114.jpg?fit=800%2C800&ssl=1","datePublished":"2026-01-07T09:06:33+00:00","dateModified":"2026-03-04T17:04:48+00:00","description":"Belevingen van spanning in de nek verhelpen met het Vital Spijkermat kussen! Dit ergonomische kussen zorgt voor diepere ontspanning. Bestel nu!","breadcrumb":{"@id":"https:\/\/touchproeurope.eu\/product\/vital-spijkermat-kussen\/#breadcrumb"},"inLanguage":"it-IT","potentialAction":[{"@type":"ReadAction","target":["https:\/\/touchproeurope.eu\/product\/vital-spijkermat-kussen\/"]}]},{"@type":"ImageObject","inLanguage":"it-IT","@id":"https:\/\/touchproeurope.eu\/product\/vital-spijkermat-kussen\/#primaryimage","url":"https:\/\/i0.wp.com\/touchproeurope.eu\/wp-content\/uploads\/2026\/01\/534x_vaterbild_akupressur_kissen_bodhi3-e1767776204114.jpg?fit=800%2C800&ssl=1","contentUrl":"https:\/\/i0.wp.com\/touchproeurope.eu\/wp-content\/uploads\/2026\/01\/534x_vaterbild_akupressur_kissen_bodhi3-e1767776204114.jpg?fit=800%2C800&ssl=1","width":800,"height":800,"caption":"Vital Spijkermat kussen Grijs"},{"@type":"BreadcrumbList","@id":"https:\/\/touchproeurope.eu\/product\/vital-spijkermat-kussen\/#breadcrumb","itemListElement":[{"@type":"ListItem","position":1,"name":"Home","item":"https:\/\/touchproeurope.eu\/"},{"@type":"ListItem","position":2,"name":"Winkel","item":"https:\/\/touchproeurope.eu\/winkel\/"},{"@type":"ListItem","position":3,"name":"Vital Spijkermat kussen"}]},{"@type":"WebSite","@id":"https:\/\/touchproeurope.eu\/#website","url":"https:\/\/touchproeurope.eu\/","name":"Negozio TouchPro Europe","description":"Tutto per il vostro studio con un tocco professionale!","publisher":{"@id":"https:\/\/touchproeurope.eu\/#organization"},"alternateName":"TPE","potentialAction":[{"@type":"SearchAction","target":{"@type":"EntryPoint","urlTemplate":"https:\/\/touchproeurope.eu\/?s={search_term_string}"},"query-input":{"@type":"PropertyValueSpecification","valueRequired":true,"valueName":"search_term_string"}}],"inLanguage":"it-IT"},{"@type":"Organization","@id":"https:\/\/touchproeurope.eu\/#organization","name":"TouchPro Europe BV","alternateName":"TPE","url":"https:\/\/touchproeurope.eu\/","logo":{"@type":"ImageObject","inLanguage":"it-IT","@id":"https:\/\/touchproeurope.eu\/#\/schema\/logo\/image\/","url":"https:\/\/i0.wp.com\/touchproeurope.eu\/wp-content\/uploads\/2023\/10\/2b592c_b6944d80811246d987cc2c29accedf3f.png?fit=1417%2C531&ssl=1","contentUrl":"https:\/\/i0.wp.com\/touchproeurope.eu\/wp-content\/uploads\/2023\/10\/2b592c_b6944d80811246d987cc2c29accedf3f.png?fit=1417%2C531&ssl=1","width":1417,"height":531,"caption":"TouchPro Europe BV"},"image":{"@id":"https:\/\/touchproeurope.eu\/#\/schema\/logo\/image\/"},"sameAs":["https:\/\/www.facebook.com\/TouchproNederland\/?locale=nl_NL\/","https:\/\/www.instagram.com\/touchpro2016\/","https:\/\/www.linkedin.com\/company\/touchpro-europe-bv\/"],"description":"TouchPro Europe Shop \u00e8 il negozio di massaggi d'Europa. Vendiamo prodotti per il massaggio di alta qualit\u00e0 a massaggiatori, pedicuristi, fisioterapisti, manicuristi, centri benessere, corsi di formazione, ecc. TouchPro \u00e8 nato come un piccolo negozio nei Paesi Bassi, ma ora \u00e8 diventato un negozio con clienti da tutta Europa. Offriamo un'ampia gamma di prodotti per il massaggio, tra cui lettini, oli, creme e accessori delle migliori marche come Earthlite, Stronglite e InnerStrenght, Habys, Living Earth Crafts e Continuum e altri fornitori di accessori per il massaggio. Ordinate qui le migliori forniture per massaggi d'Europa!","email":"info@touchpro-europe.com","telephone":"0858768829","legalName":"TouchPro Europe BV","foundingDate":"2018-01-11","vatID":"NL855430151B01","numberOfEmployees":{"@type":"QuantitativeValue","minValue":"1","maxValue":"10"},"hasMerchantReturnPolicy":{"@type":"MerchantReturnPolicy","merchantReturnLink":"https:\/\/touchproeurope.eu\/it\/retourbeleid\/"}}]},"product_brand":"VITAL","og_availability":"instock","product_availability":"instock","product_retailer_item_id":"534x","product_condition":"new"},"_links":{"self":[{"href":"https:\/\/touchproeurope.eu\/it\/wp-json\/wp\/v2\/product\/15515","targetHints":{"allow":["GET"]}}],"collection":[{"href":"https:\/\/touchproeurope.eu\/it\/wp-json\/wp\/v2\/product"}],"about":[{"href":"https:\/\/touchproeurope.eu\/it\/wp-json\/wp\/v2\/types\/product"}],"replies":[{"embeddable":true,"href":"https:\/\/touchproeurope.eu\/it\/wp-json\/wp\/v2\/comments?post=15515"}],"version-history":[{"count":3,"href":"https:\/\/touchproeurope.eu\/it\/wp-json\/wp\/v2\/product\/15515\/revisions"}],"predecessor-version":[{"id":15554,"href":"https:\/\/touchproeurope.eu\/it\/wp-json\/wp\/v2\/product\/15515\/revisions\/15554"}],"wp:featuredmedia":[{"embeddable":true,"href":"https:\/\/touchproeurope.eu\/it\/wp-json\/wp\/v2\/media\/15524"}],"wp:attachment":[{"href":"https:\/\/touchproeurope.eu\/it\/wp-json\/wp\/v2\/media?parent=15515"}],"wp:term":[{"taxonomy":"product_brand","embeddable":true,"href":"https:\/\/touchproeurope.eu\/it\/wp-json\/wp\/v2\/product_brand?post=15515"},{"taxonomy":"product_cat","embeddable":true,"href":"https:\/\/touchproeurope.eu\/it\/wp-json\/wp\/v2\/product_cat?post=15515"},{"taxonomy":"product_tag","embeddable":true,"href":"https:\/\/touchproeurope.eu\/it\/wp-json\/wp\/v2\/product_tag?post=15515"}],"curies":[{"name":"wp","href":"https:\/\/api.w.org\/{rel}","templated":true}]}}