{"id":15578,"date":"2026-01-13T09:42:28","date_gmt":"2026-01-13T09:42:28","guid":{"rendered":"https:\/\/touchproeurope.eu\/?post_type=product&#038;p=15578"},"modified":"2026-04-22T14:51:08","modified_gmt":"2026-04-22T14:51:08","slug":"feldenkrais-basic-massagetafel","status":"publish","type":"product","link":"https:\/\/touchproeurope.eu\/it\/product\/feldenkrais-basic-massagetafel\/","title":{"rendered":"Lettino da massaggio FELDENKRAIS BASIC"},"content":{"rendered":"<p>De FELDENKRAIS BASIC Massagetafel is een lichtgewicht, opvouwbare therapietafel die speciaal is ontwikkeld voor de Feldenkrais-methode. Hij is ook uitstekend geschikt voor Rolfing, lichaamsgerichte therapie\u00ebn en andere behandelvormen waarbij een lage werkhoogte essentieel is. Dankzij het doordachte ontwerp biedt deze tafel optimale ergonomie voor de behandelaar \u00e9n comfortabel ligcomfort voor de cli\u00ebnt.<\/p>\n<p>De massagetafel is uitgerust met het gepatenteerde CableLock\u2122 opvouwsysteem, waardoor de tafel binnen enkele seconden kan worden opgezet en weer ingeklapt. Dit maakt de FELDENKRAIS BASIC bijzonder geschikt voor zowel gebruik in de praktijk als voor huisbezoeken en mobiele therapie. Ondanks het lage eigen gewicht biedt de tafel een hoge stabiliteit en veiligheid. Deze blijft behouden, zelfs bij intensief professioneel gebruik.<\/p>\n<p>Met een werkhoogte verstelbaar van 44 tot 60 cm is deze tafel ideaal voor behandelmethoden. Vooral als er dicht bij de cli\u00ebnt wordt gewerkt. De royale breedte van 84 cm biedt extra comfort en bewegingsvrijheid tijdens de behandeling. De tafel heeft een werkbelasting van 180 kg en een statische belasting tot 720 kg, waardoor ook zwaardere cli\u00ebnten veilig behandeld kunnen worden.<\/p>\n<p>De FELDENKRAIS BASIC wordt geleverd als complete set, inclusief hoofdsteun, Reiki-optie aan beide uiteinden en een stevige draagtas. De 4 cm dikke schuimlaag zorgt voor een aangename ondersteuning zonder afbreuk te doen aan de stabiliteit van het werkoppervlak. Met een totaalgewicht van slechts ca. 15 kg (ca. 17,2 kg inclusief accessoires) is deze tafel eenvoudig te vervoeren.<\/p>\n<p>Een betrouwbare, functionele en ergonomische massagetafel voor therapeuten die werken met aandacht, precisie en lichaamsbewustzijn.<\/p>","protected":false},"excerpt":{"rendered":"<p>Opvouwbare massagetafel met lage werkhoogte, ideaal voor Feldenkrais en Rolfing. Lichtgewicht, stabiel en snel op te zetten dankzij CableLock\u2122. Inclusief hoofdsteun, Reiki-optie en draagtas.<\/p>\n<div class=\"elementor-element elementor-element-f6bcaba elementor-widget elementor-widget-woocommerce-product-short-description\" data-id=\"f6bcaba\" data-element_type=\"widget\" data-widget_type=\"woocommerce-product-short-description.default\">\n<div class=\"woocommerce-product-details__short-description\">\n<p><strong>Gli articoli Bodynova hanno un tempo minimo di consegna di 4-5 giorni.<\/strong><\/p>\n<\/div>\n<\/div>\n<div class=\"elementor-element elementor-element-e2d295a e-add-to-cart--show-quantity-yes elementor-widget elementor-widget-woocommerce-product-add-to-cart\" data-id=\"e2d295a\" data-element_type=\"widget\" data-widget_type=\"woocommerce-product-add-to-cart.default\">\n<div class=\"elementor-add-to-cart elementor-product-variable\"><\/div>\n<\/div>","protected":false},"featured_media":15580,"comment_status":"open","ping_status":"closed","template":"","meta":[],"product_brand":[347],"product_cat":[94,93],"product_tag":[528,529,497,530],"class_list":{"0":"post-15578","1":"product","2":"type-product","3":"status-publish","4":"has-post-thumbnail","6":"product_brand-welltouch","7":"product_cat-draagbare-massagetafels","8":"product_cat-massagetafels","9":"product_tag-feldenkrais-massagetafel","10":"product_tag-feldenkrais-therapietafel","11":"product_tag-mobiele-massagetafel","12":"product_tag-opvouwbare-therapietafel","13":"product_shipping_class-klein-pakket","14":"pa_kleur-blauw","15":"pa_merk-welltouch","17":"first","18":"instock","19":"taxable","20":"shipping-taxable","21":"purchasable","22":"product-type-simple"},"yoast_head":"<!-- This site is optimized with the Yoast SEO Premium plugin v27.4 (Yoast SEO v27.4) - https:\/\/yoast.com\/product\/yoast-seo-premium-wordpress\/ -->\n<title>FELDENKRAIS BASIC Massagetafel: Lichtgewicht en Opvouwbaar - TouchPro Europe Shop<\/title>\n<meta name=\"description\" content=\"Ontdek de veelzijdigheid van de FELDENKRAIS BASIC Massagetafel. Perfect voor de Feldenkrais-methode en andere therapie\u00ebn. Koop vandaag nog!\" \/>\n<meta name=\"robots\" content=\"index, follow, max-snippet:-1, max-image-preview:large, max-video-preview:-1\" \/>\n<link rel=\"canonical\" href=\"https:\/\/touchproeurope.eu\/it\/product\/feldenkrais-basic-massagetafel\/\" \/>\n<meta property=\"og:locale\" content=\"it_IT\" \/>\n<meta property=\"og:type\" content=\"article\" \/>\n<meta property=\"og:title\" content=\"FELDENKRAIS BASIC Massagetafel\" \/>\n<meta property=\"og:description\" content=\"Ontdek de veelzijdigheid van de FELDENKRAIS BASIC Massagetafel. Perfect voor de Feldenkrais-methode en andere therapie\u00ebn. Koop vandaag nog!\" \/>\n<meta property=\"og:url\" content=\"https:\/\/touchproeurope.eu\/it\/product\/feldenkrais-basic-massagetafel\/\" \/>\n<meta property=\"og:site_name\" content=\"TouchPro Europe Shop\" \/>\n<meta property=\"article:publisher\" content=\"https:\/\/www.facebook.com\/TouchproNederland\/?locale=nl_NL%2f\" \/>\n<meta property=\"article:modified_time\" content=\"2026-04-22T14:51:08+00:00\" \/>\n<meta property=\"og:image\" content=\"https:\/\/touchproeurope.eu\/wp-content\/uploads\/2026\/01\/tfb84_massage_liege_feldenkrais_basic_welltouch_kopfstuetze-e1768297231779.jpg\" \/>\n\t<meta property=\"og:image:width\" content=\"800\" \/>\n\t<meta property=\"og:image:height\" content=\"800\" \/>\n\t<meta property=\"og:image:type\" content=\"image\/jpeg\" \/>\n<meta name=\"twitter:card\" content=\"summary_large_image\" \/>\n<meta name=\"twitter:label1\" content=\"Prezzo\" \/>\n\t<meta name=\"twitter:data1\" content=\"&euro;&nbsp;361,99 incl. BTW\" \/>\n\t<meta name=\"twitter:label2\" content=\"Disponibilit\u00e0\" \/>\n\t<meta name=\"twitter:data2\" content=\"In stock\" \/>\n<script type=\"application\/ld+json\" class=\"yoast-schema-graph\">{\"@context\":\"https:\\\/\\\/schema.org\",\"@graph\":[{\"@type\":\"WebPage\",\"@id\":\"https:\\\/\\\/touchproeurope.eu\\\/product\\\/feldenkrais-basic-massagetafel\\\/\",\"url\":\"https:\\\/\\\/touchproeurope.eu\\\/product\\\/feldenkrais-basic-massagetafel\\\/\",\"name\":\"FELDENKRAIS BASIC Massagetafel: Lichtgewicht en Opvouwbaar - TouchPro Europe Shop\",\"isPartOf\":{\"@id\":\"https:\\\/\\\/touchproeurope.eu\\\/#website\"},\"primaryImageOfPage\":{\"@id\":\"https:\\\/\\\/touchproeurope.eu\\\/product\\\/feldenkrais-basic-massagetafel\\\/#primaryimage\"},\"image\":{\"@id\":\"https:\\\/\\\/touchproeurope.eu\\\/product\\\/feldenkrais-basic-massagetafel\\\/#primaryimage\"},\"thumbnailUrl\":\"https:\\\/\\\/i0.wp.com\\\/touchproeurope.eu\\\/wp-content\\\/uploads\\\/2026\\\/01\\\/tfb84_massage_liege_feldenkrais_basic_welltouch_kopfstuetze-e1768297231779.jpg?fit=800%2C800&ssl=1\",\"datePublished\":\"2026-01-13T09:42:28+00:00\",\"dateModified\":\"2026-04-22T14:51:08+00:00\",\"description\":\"Ontdek de veelzijdigheid van de FELDENKRAIS BASIC Massagetafel. Perfect voor de Feldenkrais-methode en andere therapie\u00ebn. Koop vandaag nog!\",\"breadcrumb\":{\"@id\":\"https:\\\/\\\/touchproeurope.eu\\\/product\\\/feldenkrais-basic-massagetafel\\\/#breadcrumb\"},\"inLanguage\":\"it-IT\",\"potentialAction\":[{\"@type\":\"ReadAction\",\"target\":[\"https:\\\/\\\/touchproeurope.eu\\\/product\\\/feldenkrais-basic-massagetafel\\\/\"]}]},{\"@type\":\"ImageObject\",\"inLanguage\":\"it-IT\",\"@id\":\"https:\\\/\\\/touchproeurope.eu\\\/product\\\/feldenkrais-basic-massagetafel\\\/#primaryimage\",\"url\":\"https:\\\/\\\/i0.wp.com\\\/touchproeurope.eu\\\/wp-content\\\/uploads\\\/2026\\\/01\\\/tfb84_massage_liege_feldenkrais_basic_welltouch_kopfstuetze-e1768297231779.jpg?fit=800%2C800&ssl=1\",\"contentUrl\":\"https:\\\/\\\/i0.wp.com\\\/touchproeurope.eu\\\/wp-content\\\/uploads\\\/2026\\\/01\\\/tfb84_massage_liege_feldenkrais_basic_welltouch_kopfstuetze-e1768297231779.jpg?fit=800%2C800&ssl=1\",\"width\":800,\"height\":800,\"caption\":\"FELDENKRAIS BASIC Massagetafel\"},{\"@type\":\"BreadcrumbList\",\"@id\":\"https:\\\/\\\/touchproeurope.eu\\\/product\\\/feldenkrais-basic-massagetafel\\\/#breadcrumb\",\"itemListElement\":[{\"@type\":\"ListItem\",\"position\":1,\"name\":\"Home\",\"item\":\"https:\\\/\\\/touchproeurope.eu\\\/\"},{\"@type\":\"ListItem\",\"position\":2,\"name\":\"Winkel\",\"item\":\"https:\\\/\\\/touchproeurope.eu\\\/winkel\\\/\"},{\"@type\":\"ListItem\",\"position\":3,\"name\":\"FELDENKRAIS BASIC Massagetafel\"}]},{\"@type\":\"WebSite\",\"@id\":\"https:\\\/\\\/touchproeurope.eu\\\/#website\",\"url\":\"https:\\\/\\\/touchproeurope.eu\\\/\",\"name\":\"TouchPro Europe Shop\",\"description\":\"Alles voor jouw praktijk met een PROfessionele Touch!\",\"publisher\":{\"@id\":\"https:\\\/\\\/touchproeurope.eu\\\/#organization\"},\"alternateName\":\"TPE\",\"potentialAction\":[{\"@type\":\"SearchAction\",\"target\":{\"@type\":\"EntryPoint\",\"urlTemplate\":\"https:\\\/\\\/touchproeurope.eu\\\/?s={search_term_string}\"},\"query-input\":{\"@type\":\"PropertyValueSpecification\",\"valueRequired\":true,\"valueName\":\"search_term_string\"}}],\"inLanguage\":\"it-IT\"},{\"@type\":\"Organization\",\"@id\":\"https:\\\/\\\/touchproeurope.eu\\\/#organization\",\"name\":\"TouchPro Europe BV\",\"alternateName\":\"TPE\",\"url\":\"https:\\\/\\\/touchproeurope.eu\\\/\",\"logo\":{\"@type\":\"ImageObject\",\"inLanguage\":\"it-IT\",\"@id\":\"https:\\\/\\\/touchproeurope.eu\\\/#\\\/schema\\\/logo\\\/image\\\/\",\"url\":\"https:\\\/\\\/i0.wp.com\\\/touchproeurope.eu\\\/wp-content\\\/uploads\\\/2023\\\/10\\\/2b592c_b6944d80811246d987cc2c29accedf3f.png?fit=1417%2C531&ssl=1\",\"contentUrl\":\"https:\\\/\\\/i0.wp.com\\\/touchproeurope.eu\\\/wp-content\\\/uploads\\\/2023\\\/10\\\/2b592c_b6944d80811246d987cc2c29accedf3f.png?fit=1417%2C531&ssl=1\",\"width\":1417,\"height\":531,\"caption\":\"TouchPro Europe BV\"},\"image\":{\"@id\":\"https:\\\/\\\/touchproeurope.eu\\\/#\\\/schema\\\/logo\\\/image\\\/\"},\"sameAs\":[\"https:\\\/\\\/www.facebook.com\\\/TouchproNederland\\\/?locale=nl_NL\\\/\",\"https:\\\/\\\/www.instagram.com\\\/touchpro2016\\\/\",\"https:\\\/\\\/www.linkedin.com\\\/company\\\/touchpro-europe-bv\\\/\"],\"description\":\"TouchPro Europe Shop is de massage winkel van Europa. Wij verkopen topkwaliteit massageproducten aan masseurs, pedicures, fysiotherapeuten, manicuren, Wellness centra, opleidingen, etc. TouchPro begon als een kleine webshop in Nederland, maar is nu uitgegroeid tot een webshop met klanten uit heel Europa. Wij bieden een breed assortiment aan massageproducten, waaronder massagetafels, oli\u00ebn, cr\u00e8mes, en accessoires van topmerken, zoals Earthlite, Stronglite en InnerStrenght, Habys, Living Earth Crafts en Continuum en andere leveranciers van massage accessoires. Bestel hier de beste massagematerialen van Europa!\",\"email\":\"info@touchpro-europe.com\",\"telephone\":\"0858768829\",\"legalName\":\"TouchPro Europe BV\",\"foundingDate\":\"2018-01-11\",\"vatID\":\"NL855430151B01\",\"numberOfEmployees\":{\"@type\":\"QuantitativeValue\",\"minValue\":\"1\",\"maxValue\":\"10\"},\"hasMerchantReturnPolicy\":{\"@type\":\"MerchantReturnPolicy\",\"merchantReturnLink\":\"https:\\\/\\\/touchproeurope.eu\\\/it\\\/retourbeleid\\\/\"}}]}<\/script>\n<meta property=\"product:brand\" content=\"Welltouch\" \/>\n<meta property=\"product:price:amount\" content=\"361.99\" \/>\n<meta property=\"product:price:currency\" content=\"EUR\" \/>\n<meta property=\"og:availability\" content=\"instock\" \/>\n<meta property=\"product:availability\" content=\"instock\" \/>\n<meta property=\"product:retailer_item_id\" content=\"tfb84\" \/>\n<meta property=\"product:condition\" content=\"new\" \/>\n<!-- \/ Yoast SEO Premium plugin. -->","yoast_head_json":{"title":"FELDENKRAIS BASIC Massagetafel: Lichtgewicht en Opvouwbaar - TouchPro Europe Shop","description":"Ontdek de veelzijdigheid van de FELDENKRAIS BASIC Massagetafel. Perfect voor de Feldenkrais-methode en andere therapie\u00ebn. Koop vandaag nog!","robots":{"index":"index","follow":"follow","max-snippet":"max-snippet:-1","max-image-preview":"max-image-preview:large","max-video-preview":"max-video-preview:-1"},"canonical":"https:\/\/touchproeurope.eu\/it\/product\/feldenkrais-basic-massagetafel\/","og_locale":"it_IT","og_type":"article","og_title":"FELDENKRAIS BASIC Massagetafel","og_description":"Ontdek de veelzijdigheid van de FELDENKRAIS BASIC Massagetafel. Perfect voor de Feldenkrais-methode en andere therapie\u00ebn. Koop vandaag nog!","og_url":"https:\/\/touchproeurope.eu\/it\/product\/feldenkrais-basic-massagetafel\/","og_site_name":"TouchPro Europe Shop","article_publisher":"https:\/\/www.facebook.com\/TouchproNederland\/?locale=nl_NL%2f","article_modified_time":"2026-04-22T14:51:08+00:00","og_image":[{"width":800,"height":800,"url":"https:\/\/touchproeurope.eu\/wp-content\/uploads\/2026\/01\/tfb84_massage_liege_feldenkrais_basic_welltouch_kopfstuetze-e1768297231779.jpg","type":"image\/jpeg"}],"twitter_card":"summary_large_image","twitter_misc":{"Prezzo":"&euro;&nbsp;361,99 incl. BTW","Disponibilit\u00e0":"In stock"},"schema":{"@context":"https:\/\/schema.org","@graph":[{"@type":"WebPage","@id":"https:\/\/touchproeurope.eu\/product\/feldenkrais-basic-massagetafel\/","url":"https:\/\/touchproeurope.eu\/product\/feldenkrais-basic-massagetafel\/","name":"FELDENKRAIS BASIC Massagetafel: Lichtgewicht en Opvouwbaar - TouchPro Europe Shop","isPartOf":{"@id":"https:\/\/touchproeurope.eu\/#website"},"primaryImageOfPage":{"@id":"https:\/\/touchproeurope.eu\/product\/feldenkrais-basic-massagetafel\/#primaryimage"},"image":{"@id":"https:\/\/touchproeurope.eu\/product\/feldenkrais-basic-massagetafel\/#primaryimage"},"thumbnailUrl":"https:\/\/i0.wp.com\/touchproeurope.eu\/wp-content\/uploads\/2026\/01\/tfb84_massage_liege_feldenkrais_basic_welltouch_kopfstuetze-e1768297231779.jpg?fit=800%2C800&ssl=1","datePublished":"2026-01-13T09:42:28+00:00","dateModified":"2026-04-22T14:51:08+00:00","description":"Ontdek de veelzijdigheid van de FELDENKRAIS BASIC Massagetafel. Perfect voor de Feldenkrais-methode en andere therapie\u00ebn. Koop vandaag nog!","breadcrumb":{"@id":"https:\/\/touchproeurope.eu\/product\/feldenkrais-basic-massagetafel\/#breadcrumb"},"inLanguage":"it-IT","potentialAction":[{"@type":"ReadAction","target":["https:\/\/touchproeurope.eu\/product\/feldenkrais-basic-massagetafel\/"]}]},{"@type":"ImageObject","inLanguage":"it-IT","@id":"https:\/\/touchproeurope.eu\/product\/feldenkrais-basic-massagetafel\/#primaryimage","url":"https:\/\/i0.wp.com\/touchproeurope.eu\/wp-content\/uploads\/2026\/01\/tfb84_massage_liege_feldenkrais_basic_welltouch_kopfstuetze-e1768297231779.jpg?fit=800%2C800&ssl=1","contentUrl":"https:\/\/i0.wp.com\/touchproeurope.eu\/wp-content\/uploads\/2026\/01\/tfb84_massage_liege_feldenkrais_basic_welltouch_kopfstuetze-e1768297231779.jpg?fit=800%2C800&ssl=1","width":800,"height":800,"caption":"FELDENKRAIS BASIC Massagetafel"},{"@type":"BreadcrumbList","@id":"https:\/\/touchproeurope.eu\/product\/feldenkrais-basic-massagetafel\/#breadcrumb","itemListElement":[{"@type":"ListItem","position":1,"name":"Home","item":"https:\/\/touchproeurope.eu\/"},{"@type":"ListItem","position":2,"name":"Winkel","item":"https:\/\/touchproeurope.eu\/winkel\/"},{"@type":"ListItem","position":3,"name":"FELDENKRAIS BASIC Massagetafel"}]},{"@type":"WebSite","@id":"https:\/\/touchproeurope.eu\/#website","url":"https:\/\/touchproeurope.eu\/","name":"Negozio TouchPro Europe","description":"Tutto per il vostro studio con un tocco professionale!","publisher":{"@id":"https:\/\/touchproeurope.eu\/#organization"},"alternateName":"TPE","potentialAction":[{"@type":"SearchAction","target":{"@type":"EntryPoint","urlTemplate":"https:\/\/touchproeurope.eu\/?s={search_term_string}"},"query-input":{"@type":"PropertyValueSpecification","valueRequired":true,"valueName":"search_term_string"}}],"inLanguage":"it-IT"},{"@type":"Organization","@id":"https:\/\/touchproeurope.eu\/#organization","name":"TouchPro Europe BV","alternateName":"TPE","url":"https:\/\/touchproeurope.eu\/","logo":{"@type":"ImageObject","inLanguage":"it-IT","@id":"https:\/\/touchproeurope.eu\/#\/schema\/logo\/image\/","url":"https:\/\/i0.wp.com\/touchproeurope.eu\/wp-content\/uploads\/2023\/10\/2b592c_b6944d80811246d987cc2c29accedf3f.png?fit=1417%2C531&ssl=1","contentUrl":"https:\/\/i0.wp.com\/touchproeurope.eu\/wp-content\/uploads\/2023\/10\/2b592c_b6944d80811246d987cc2c29accedf3f.png?fit=1417%2C531&ssl=1","width":1417,"height":531,"caption":"TouchPro Europe BV"},"image":{"@id":"https:\/\/touchproeurope.eu\/#\/schema\/logo\/image\/"},"sameAs":["https:\/\/www.facebook.com\/TouchproNederland\/?locale=nl_NL\/","https:\/\/www.instagram.com\/touchpro2016\/","https:\/\/www.linkedin.com\/company\/touchpro-europe-bv\/"],"description":"TouchPro Europe Shop \u00e8 il negozio di massaggi d'Europa. Vendiamo prodotti per il massaggio di alta qualit\u00e0 a massaggiatori, pedicuristi, fisioterapisti, manicuristi, centri benessere, corsi di formazione, ecc. TouchPro \u00e8 nato come un piccolo negozio nei Paesi Bassi, ma ora \u00e8 diventato un negozio con clienti da tutta Europa. Offriamo un'ampia gamma di prodotti per il massaggio, tra cui lettini, oli, creme e accessori delle migliori marche come Earthlite, Stronglite e InnerStrenght, Habys, Living Earth Crafts e Continuum e altri fornitori di accessori per il massaggio. Ordinate qui le migliori forniture per massaggi d'Europa!","email":"info@touchpro-europe.com","telephone":"0858768829","legalName":"TouchPro Europe BV","foundingDate":"2018-01-11","vatID":"NL855430151B01","numberOfEmployees":{"@type":"QuantitativeValue","minValue":"1","maxValue":"10"},"hasMerchantReturnPolicy":{"@type":"MerchantReturnPolicy","merchantReturnLink":"https:\/\/touchproeurope.eu\/it\/retourbeleid\/"}}]},"product_brand":"Welltouch","product_price_amount":"361.99","product_price_currency":"EUR","og_availability":"instock","product_availability":"instock","product_retailer_item_id":"tfb84","product_condition":"new"},"_links":{"self":[{"href":"https:\/\/touchproeurope.eu\/it\/wp-json\/wp\/v2\/product\/15578","targetHints":{"allow":["GET"]}}],"collection":[{"href":"https:\/\/touchproeurope.eu\/it\/wp-json\/wp\/v2\/product"}],"about":[{"href":"https:\/\/touchproeurope.eu\/it\/wp-json\/wp\/v2\/types\/product"}],"replies":[{"embeddable":true,"href":"https:\/\/touchproeurope.eu\/it\/wp-json\/wp\/v2\/comments?post=15578"}],"version-history":[{"count":1,"href":"https:\/\/touchproeurope.eu\/it\/wp-json\/wp\/v2\/product\/15578\/revisions"}],"predecessor-version":[{"id":15583,"href":"https:\/\/touchproeurope.eu\/it\/wp-json\/wp\/v2\/product\/15578\/revisions\/15583"}],"wp:featuredmedia":[{"embeddable":true,"href":"https:\/\/touchproeurope.eu\/it\/wp-json\/wp\/v2\/media\/15580"}],"wp:attachment":[{"href":"https:\/\/touchproeurope.eu\/it\/wp-json\/wp\/v2\/media?parent=15578"}],"wp:term":[{"taxonomy":"product_brand","embeddable":true,"href":"https:\/\/touchproeurope.eu\/it\/wp-json\/wp\/v2\/product_brand?post=15578"},{"taxonomy":"product_cat","embeddable":true,"href":"https:\/\/touchproeurope.eu\/it\/wp-json\/wp\/v2\/product_cat?post=15578"},{"taxonomy":"product_tag","embeddable":true,"href":"https:\/\/touchproeurope.eu\/it\/wp-json\/wp\/v2\/product_tag?post=15578"}],"curies":[{"name":"wp","href":"https:\/\/api.w.org\/{rel}","templated":true}]}}