{"id":2963,"date":"2023-11-09T15:59:59","date_gmt":"2023-11-09T15:59:59","guid":{"rendered":"https:\/\/touchproeurope.eu\/?post_type=product&#038;p=2963"},"modified":"2026-03-04T16:55:46","modified_gmt":"2026-03-04T16:55:46","slug":"earthlite-spirit","status":"publish","type":"product","link":"https:\/\/touchproeurope.eu\/it\/product\/earthlite-spirit\/","title":{"rendered":"Tavolo da massaggio EarthLite Spirit"},"content":{"rendered":"<p>De Earthlite Spirit Massagetafel, een hoogwaardige inklapbare behandeltafel, biedt de ideale werkplek voor professionele masseurs. Met een stevige constructie en comfortabel ligoppervlak is deze tafel een betrouwbare keuze voor diverse massagetherapie\u00ebn.<\/p>\n<p>De EarthLite Spirit Massagetafel combineert duurzaamheid met draagbaarheid. Inklapbaar en inclusief een handige draagtas, is het de perfecte metgezel voor mobiele masseurs.<\/p>\n<p>Met een breedte van 71, 76 of 81 cm, verstelbare hoogte van 58 &#8211; 84 cm. Met de ProPlush Deluxe 3-laags kussen biedt deze tafel aanpasbaar comfort voor zowel therapeut als cli\u00ebnt.<\/p>\n<p>De tafel is versterkt met twee ribben onder het blad over de gehele lengte, waardoor een totaal toelaatbaar werkgewicht van 360 kg mogelijk is. De Natursoft 100% vinyl bekleding zorgt voor duurzaamheid en stijl.<\/p>","protected":false},"excerpt":{"rendered":"<p>De Earthlite Spirit massagetafel is een hoogwaardige en inklapbare behandeltafel, die perfect is voor diverse massagetherapie\u00ebn. Met zijn stevige constructie en comfortabele ligoppervlak biedt deze tafel de ideale werkplek voor professionele masseurs. Ervaar de kwaliteit en veelzijdigheid van de Earthlite Spirit massagetafel; een betrouwbare keuze voor al je massagebehandelingen.<\/p>\n<p>Het pakket bestaat uit:<\/p>\n<ul>\n<li>De Spirit massagetafel<\/li>\n<li>Flexrest hoofdsteun met LEC Strata traagschuim hoofdkussen voor extra comfort<\/li>\n<li>Bijbehorende professionele draagtas met opbergvak<\/li>\n<\/ul>\n<p>Eigenschappen:<\/p>\n<ul>\n<li>gewicht 15 tot 17 kg (afhankelijk van de bestelde breedte)<\/li>\n<li>Breedte leverbaar in 71 , 76 en 81 cm<\/li>\n<li>Lengte 185 cm<\/li>\n<li>Verstelbare hoogte van 58 &#8211; 84cm<\/li>\n<li>Onder het blad van de tafel bevinden zich over de gehele lengte 2 ribben ter versterking van de tafel.<\/li>\n<li>Totaal toelaatbaar werkgewicht 360 kg<\/li>\n<li>ProPlush Deluxe 3-laags kussen, waardoor je de plank op de tafel niet voelt en je klant comfortabel ligt.<\/li>\n<li>Voorzien van half reiki \/ half standaard eindplaten<\/li>\n<li>Natursoft 100% vinyl bekleding<\/li>\n<li>Offici\u00c3\u00able salessheet: <a href=\"https:\/\/b2b.earthlite.eu\/media\/wysiwyg\/SalesSheets\/Spirit_1-300-0069_-_Rev_011122.pdf\" target=\"_blank\" rel=\"noopener\">Spirit<\/a><\/li>\n<\/ul>\n<p>De tafel is alleen als pre-order te bestellen. Er moet rekening gehouden worden met een levertijd van 12 tot 16 weken.<\/p>","protected":false},"featured_media":2962,"comment_status":"open","ping_status":"closed","template":"","meta":[],"product_brand":[343],"product_cat":[94,93],"product_tag":[85,50,90],"class_list":{"0":"post-2963","1":"product","2":"type-product","3":"status-publish","4":"has-post-thumbnail","6":"product_brand-earthlite","7":"product_cat-draagbare-massagetafels","8":"product_cat-massagetafels","9":"product_tag-earthlite","10":"product_tag-massagetafels","11":"product_tag-spirit","12":"product_shipping_class-groot-pakket","13":"pa_kleur-blauw","14":"pa_kleur-bordeaux","15":"pa_kleur-groen","16":"pa_kleur-latte","17":"pa_kleur-paars","18":"pa_kleur-vanille-creme","19":"pa_kleur-zilver","20":"pa_kleur-zwart","21":"pa_merk-earthlite","23":"first","24":"onbackorder","25":"taxable","26":"shipping-taxable","27":"purchasable","28":"product-type-variable"},"yoast_head":"<!-- This site is optimized with the Yoast SEO Premium plugin v27.3 (Yoast SEO v27.3) - https:\/\/yoast.com\/product\/yoast-seo-premium-wordpress\/ -->\n<title>EarthLite Spirit Massagetafel - TouchPro Europe Shop<\/title>\n<meta name=\"description\" content=\"Ervaar onge\u00ebvenaarde kwaliteit in massagebehandelingen met de Earthlite Spirit Massagetafel. Duurzaam, verstelbaar comfort en nu beschikbaar voor pre-order!\" \/>\n<meta name=\"robots\" content=\"index, follow, max-snippet:-1, max-image-preview:large, max-video-preview:-1\" \/>\n<link rel=\"canonical\" href=\"https:\/\/touchproeurope.eu\/it\/product\/earthlite-spirit\/\" \/>\n<meta property=\"og:locale\" content=\"it_IT\" \/>\n<meta property=\"og:type\" content=\"article\" \/>\n<meta property=\"og:title\" content=\"EarthLite Spirit Massagetafel\" \/>\n<meta property=\"og:description\" content=\"Ervaar onge\u00ebvenaarde kwaliteit in massagebehandelingen met de Earthlite Spirit Massagetafel. Duurzaam, verstelbaar comfort en nu beschikbaar voor pre-order!\" \/>\n<meta property=\"og:url\" content=\"https:\/\/touchproeurope.eu\/it\/product\/earthlite-spirit\/\" \/>\n<meta property=\"og:site_name\" content=\"TouchPro Europe Shop\" \/>\n<meta property=\"article:publisher\" content=\"https:\/\/www.facebook.com\/TouchproNederland\/?locale=nl_NL%2f\" \/>\n<meta property=\"article:modified_time\" content=\"2026-03-04T16:55:46+00:00\" \/>\n<meta property=\"og:image\" content=\"https:\/\/touchproeurope.eu\/wp-content\/uploads\/2023\/11\/861540761.jpg\" \/>\n\t<meta property=\"og:image:width\" content=\"2000\" \/>\n\t<meta property=\"og:image:height\" content=\"2000\" \/>\n\t<meta property=\"og:image:type\" content=\"image\/jpeg\" \/>\n<meta name=\"twitter:card\" content=\"summary_large_image\" \/>\n<meta name=\"twitter:label1\" content=\"Disponibilit\u00e0\" \/>\n\t<meta name=\"twitter:data1\" content=\"Su ordinazione\" \/>\n<script type=\"application\/ld+json\" class=\"yoast-schema-graph\">{\"@context\":\"https:\\\/\\\/schema.org\",\"@graph\":[{\"@type\":\"WebPage\",\"@id\":\"https:\\\/\\\/touchproeurope.eu\\\/product\\\/earthlite-spirit\\\/\",\"url\":\"https:\\\/\\\/touchproeurope.eu\\\/product\\\/earthlite-spirit\\\/\",\"name\":\"EarthLite Spirit Massagetafel - TouchPro Europe Shop\",\"isPartOf\":{\"@id\":\"https:\\\/\\\/touchproeurope.eu\\\/#website\"},\"primaryImageOfPage\":{\"@id\":\"https:\\\/\\\/touchproeurope.eu\\\/product\\\/earthlite-spirit\\\/#primaryimage\"},\"image\":{\"@id\":\"https:\\\/\\\/touchproeurope.eu\\\/product\\\/earthlite-spirit\\\/#primaryimage\"},\"thumbnailUrl\":\"https:\\\/\\\/i0.wp.com\\\/touchproeurope.eu\\\/wp-content\\\/uploads\\\/2023\\\/11\\\/861540761.jpg?fit=2000%2C2000&ssl=1\",\"datePublished\":\"2023-11-09T15:59:59+00:00\",\"dateModified\":\"2026-03-04T16:55:46+00:00\",\"description\":\"Ervaar onge\u00ebvenaarde kwaliteit in massagebehandelingen met de Earthlite Spirit Massagetafel. Duurzaam, verstelbaar comfort en nu beschikbaar voor pre-order!\",\"breadcrumb\":{\"@id\":\"https:\\\/\\\/touchproeurope.eu\\\/product\\\/earthlite-spirit\\\/#breadcrumb\"},\"inLanguage\":\"it-IT\",\"potentialAction\":[{\"@type\":\"ReadAction\",\"target\":[\"https:\\\/\\\/touchproeurope.eu\\\/product\\\/earthlite-spirit\\\/\"]}]},{\"@type\":\"ImageObject\",\"inLanguage\":\"it-IT\",\"@id\":\"https:\\\/\\\/touchproeurope.eu\\\/product\\\/earthlite-spirit\\\/#primaryimage\",\"url\":\"https:\\\/\\\/i0.wp.com\\\/touchproeurope.eu\\\/wp-content\\\/uploads\\\/2023\\\/11\\\/861540761.jpg?fit=2000%2C2000&ssl=1\",\"contentUrl\":\"https:\\\/\\\/i0.wp.com\\\/touchproeurope.eu\\\/wp-content\\\/uploads\\\/2023\\\/11\\\/861540761.jpg?fit=2000%2C2000&ssl=1\",\"width\":2000,\"height\":2000,\"caption\":\"EarthLite Spirit Massagetafel Blauw\"},{\"@type\":\"BreadcrumbList\",\"@id\":\"https:\\\/\\\/touchproeurope.eu\\\/product\\\/earthlite-spirit\\\/#breadcrumb\",\"itemListElement\":[{\"@type\":\"ListItem\",\"position\":1,\"name\":\"Home\",\"item\":\"https:\\\/\\\/touchproeurope.eu\\\/\"},{\"@type\":\"ListItem\",\"position\":2,\"name\":\"Winkel\",\"item\":\"https:\\\/\\\/touchproeurope.eu\\\/winkel\\\/\"},{\"@type\":\"ListItem\",\"position\":3,\"name\":\"EarthLite Spirit Massagetafel\"}]},{\"@type\":\"WebSite\",\"@id\":\"https:\\\/\\\/touchproeurope.eu\\\/#website\",\"url\":\"https:\\\/\\\/touchproeurope.eu\\\/\",\"name\":\"TouchPro Europe Shop\",\"description\":\"Alles voor jouw praktijk met een PROfessionele Touch!\",\"publisher\":{\"@id\":\"https:\\\/\\\/touchproeurope.eu\\\/#organization\"},\"alternateName\":\"TPE\",\"potentialAction\":[{\"@type\":\"SearchAction\",\"target\":{\"@type\":\"EntryPoint\",\"urlTemplate\":\"https:\\\/\\\/touchproeurope.eu\\\/?s={search_term_string}\"},\"query-input\":{\"@type\":\"PropertyValueSpecification\",\"valueRequired\":true,\"valueName\":\"search_term_string\"}}],\"inLanguage\":\"it-IT\"},{\"@type\":\"Organization\",\"@id\":\"https:\\\/\\\/touchproeurope.eu\\\/#organization\",\"name\":\"TouchPro Europe BV\",\"alternateName\":\"TPE\",\"url\":\"https:\\\/\\\/touchproeurope.eu\\\/\",\"logo\":{\"@type\":\"ImageObject\",\"inLanguage\":\"it-IT\",\"@id\":\"https:\\\/\\\/touchproeurope.eu\\\/#\\\/schema\\\/logo\\\/image\\\/\",\"url\":\"https:\\\/\\\/i0.wp.com\\\/touchproeurope.eu\\\/wp-content\\\/uploads\\\/2023\\\/10\\\/2b592c_b6944d80811246d987cc2c29accedf3f.png?fit=1417%2C531&ssl=1\",\"contentUrl\":\"https:\\\/\\\/i0.wp.com\\\/touchproeurope.eu\\\/wp-content\\\/uploads\\\/2023\\\/10\\\/2b592c_b6944d80811246d987cc2c29accedf3f.png?fit=1417%2C531&ssl=1\",\"width\":1417,\"height\":531,\"caption\":\"TouchPro Europe BV\"},\"image\":{\"@id\":\"https:\\\/\\\/touchproeurope.eu\\\/#\\\/schema\\\/logo\\\/image\\\/\"},\"sameAs\":[\"https:\\\/\\\/www.facebook.com\\\/TouchproNederland\\\/?locale=nl_NL\\\/\",\"https:\\\/\\\/www.instagram.com\\\/touchpro2016\\\/\",\"https:\\\/\\\/www.linkedin.com\\\/company\\\/touchpro-europe-bv\\\/\"],\"description\":\"TouchPro Europe Shop is de massage winkel van Europa. Wij verkopen topkwaliteit massageproducten aan masseurs, pedicures, fysiotherapeuten, manicuren, Wellness centra, opleidingen, etc. TouchPro begon als een kleine webshop in Nederland, maar is nu uitgegroeid tot een webshop met klanten uit heel Europa. Wij bieden een breed assortiment aan massageproducten, waaronder massagetafels, oli\u00ebn, cr\u00e8mes, en accessoires van topmerken, zoals Earthlite, Stronglite en InnerStrenght, Habys, Living Earth Crafts en Continuum en andere leveranciers van massage accessoires. Bestel hier de beste massagematerialen van Europa!\",\"email\":\"info@touchpro-europe.com\",\"telephone\":\"0858768829\",\"legalName\":\"TouchPro Europe BV\",\"foundingDate\":\"2018-01-11\",\"vatID\":\"NL855430151B01\",\"numberOfEmployees\":{\"@type\":\"QuantitativeValue\",\"minValue\":\"1\",\"maxValue\":\"10\"},\"hasMerchantReturnPolicy\":{\"@type\":\"MerchantReturnPolicy\",\"merchantReturnLink\":\"https:\\\/\\\/touchproeurope.eu\\\/it\\\/retourbeleid\\\/\"}}]}<\/script>\n<meta property=\"product:brand\" content=\"Earthlite\" \/>\n<meta property=\"og:availability\" content=\"backorder\" \/>\n<meta property=\"product:availability\" content=\"available for order\" \/>\n<meta property=\"product:retailer_item_id\" content=\"26400\" \/>\n<meta property=\"product:condition\" content=\"new\" \/>\n<!-- \/ Yoast SEO Premium plugin. -->","yoast_head_json":{"title":"EarthLite Spirit Massagetafel - TouchPro Europe Shop","description":"Ervaar onge\u00ebvenaarde kwaliteit in massagebehandelingen met de Earthlite Spirit Massagetafel. Duurzaam, verstelbaar comfort en nu beschikbaar voor pre-order!","robots":{"index":"index","follow":"follow","max-snippet":"max-snippet:-1","max-image-preview":"max-image-preview:large","max-video-preview":"max-video-preview:-1"},"canonical":"https:\/\/touchproeurope.eu\/it\/product\/earthlite-spirit\/","og_locale":"it_IT","og_type":"article","og_title":"EarthLite Spirit Massagetafel","og_description":"Ervaar onge\u00ebvenaarde kwaliteit in massagebehandelingen met de Earthlite Spirit Massagetafel. Duurzaam, verstelbaar comfort en nu beschikbaar voor pre-order!","og_url":"https:\/\/touchproeurope.eu\/it\/product\/earthlite-spirit\/","og_site_name":"TouchPro Europe Shop","article_publisher":"https:\/\/www.facebook.com\/TouchproNederland\/?locale=nl_NL%2f","article_modified_time":"2026-03-04T16:55:46+00:00","og_image":[{"width":2000,"height":2000,"url":"https:\/\/touchproeurope.eu\/wp-content\/uploads\/2023\/11\/861540761.jpg","type":"image\/jpeg"}],"twitter_card":"summary_large_image","twitter_misc":{"Disponibilit\u00e0":"Su ordinazione"},"schema":{"@context":"https:\/\/schema.org","@graph":[{"@type":"WebPage","@id":"https:\/\/touchproeurope.eu\/product\/earthlite-spirit\/","url":"https:\/\/touchproeurope.eu\/product\/earthlite-spirit\/","name":"EarthLite Spirit Massagetafel - TouchPro Europe Shop","isPartOf":{"@id":"https:\/\/touchproeurope.eu\/#website"},"primaryImageOfPage":{"@id":"https:\/\/touchproeurope.eu\/product\/earthlite-spirit\/#primaryimage"},"image":{"@id":"https:\/\/touchproeurope.eu\/product\/earthlite-spirit\/#primaryimage"},"thumbnailUrl":"https:\/\/i0.wp.com\/touchproeurope.eu\/wp-content\/uploads\/2023\/11\/861540761.jpg?fit=2000%2C2000&ssl=1","datePublished":"2023-11-09T15:59:59+00:00","dateModified":"2026-03-04T16:55:46+00:00","description":"Ervaar onge\u00ebvenaarde kwaliteit in massagebehandelingen met de Earthlite Spirit Massagetafel. Duurzaam, verstelbaar comfort en nu beschikbaar voor pre-order!","breadcrumb":{"@id":"https:\/\/touchproeurope.eu\/product\/earthlite-spirit\/#breadcrumb"},"inLanguage":"it-IT","potentialAction":[{"@type":"ReadAction","target":["https:\/\/touchproeurope.eu\/product\/earthlite-spirit\/"]}]},{"@type":"ImageObject","inLanguage":"it-IT","@id":"https:\/\/touchproeurope.eu\/product\/earthlite-spirit\/#primaryimage","url":"https:\/\/i0.wp.com\/touchproeurope.eu\/wp-content\/uploads\/2023\/11\/861540761.jpg?fit=2000%2C2000&ssl=1","contentUrl":"https:\/\/i0.wp.com\/touchproeurope.eu\/wp-content\/uploads\/2023\/11\/861540761.jpg?fit=2000%2C2000&ssl=1","width":2000,"height":2000,"caption":"EarthLite Spirit Massagetafel Blauw"},{"@type":"BreadcrumbList","@id":"https:\/\/touchproeurope.eu\/product\/earthlite-spirit\/#breadcrumb","itemListElement":[{"@type":"ListItem","position":1,"name":"Home","item":"https:\/\/touchproeurope.eu\/"},{"@type":"ListItem","position":2,"name":"Winkel","item":"https:\/\/touchproeurope.eu\/winkel\/"},{"@type":"ListItem","position":3,"name":"EarthLite Spirit Massagetafel"}]},{"@type":"WebSite","@id":"https:\/\/touchproeurope.eu\/#website","url":"https:\/\/touchproeurope.eu\/","name":"Negozio TouchPro Europe","description":"Tutto per il vostro studio con un tocco professionale!","publisher":{"@id":"https:\/\/touchproeurope.eu\/#organization"},"alternateName":"TPE","potentialAction":[{"@type":"SearchAction","target":{"@type":"EntryPoint","urlTemplate":"https:\/\/touchproeurope.eu\/?s={search_term_string}"},"query-input":{"@type":"PropertyValueSpecification","valueRequired":true,"valueName":"search_term_string"}}],"inLanguage":"it-IT"},{"@type":"Organization","@id":"https:\/\/touchproeurope.eu\/#organization","name":"TouchPro Europe BV","alternateName":"TPE","url":"https:\/\/touchproeurope.eu\/","logo":{"@type":"ImageObject","inLanguage":"it-IT","@id":"https:\/\/touchproeurope.eu\/#\/schema\/logo\/image\/","url":"https:\/\/i0.wp.com\/touchproeurope.eu\/wp-content\/uploads\/2023\/10\/2b592c_b6944d80811246d987cc2c29accedf3f.png?fit=1417%2C531&ssl=1","contentUrl":"https:\/\/i0.wp.com\/touchproeurope.eu\/wp-content\/uploads\/2023\/10\/2b592c_b6944d80811246d987cc2c29accedf3f.png?fit=1417%2C531&ssl=1","width":1417,"height":531,"caption":"TouchPro Europe BV"},"image":{"@id":"https:\/\/touchproeurope.eu\/#\/schema\/logo\/image\/"},"sameAs":["https:\/\/www.facebook.com\/TouchproNederland\/?locale=nl_NL\/","https:\/\/www.instagram.com\/touchpro2016\/","https:\/\/www.linkedin.com\/company\/touchpro-europe-bv\/"],"description":"TouchPro Europe Shop \u00e8 il negozio di massaggi d'Europa. Vendiamo prodotti per il massaggio di alta qualit\u00e0 a massaggiatori, pedicuristi, fisioterapisti, manicuristi, centri benessere, corsi di formazione, ecc. TouchPro \u00e8 nato come un piccolo negozio nei Paesi Bassi, ma ora \u00e8 diventato un negozio con clienti da tutta Europa. Offriamo un'ampia gamma di prodotti per il massaggio, tra cui lettini, oli, creme e accessori delle migliori marche come Earthlite, Stronglite e InnerStrenght, Habys, Living Earth Crafts e Continuum e altri fornitori di accessori per il massaggio. Ordinate qui le migliori forniture per massaggi d'Europa!","email":"info@touchpro-europe.com","telephone":"0858768829","legalName":"TouchPro Europe BV","foundingDate":"2018-01-11","vatID":"NL855430151B01","numberOfEmployees":{"@type":"QuantitativeValue","minValue":"1","maxValue":"10"},"hasMerchantReturnPolicy":{"@type":"MerchantReturnPolicy","merchantReturnLink":"https:\/\/touchproeurope.eu\/it\/retourbeleid\/"}}]},"product_brand":"Earthlite","og_availability":"backorder","product_availability":"available for order","product_retailer_item_id":"26400","product_condition":"new"},"_links":{"self":[{"href":"https:\/\/touchproeurope.eu\/it\/wp-json\/wp\/v2\/product\/2963","targetHints":{"allow":["GET"]}}],"collection":[{"href":"https:\/\/touchproeurope.eu\/it\/wp-json\/wp\/v2\/product"}],"about":[{"href":"https:\/\/touchproeurope.eu\/it\/wp-json\/wp\/v2\/types\/product"}],"replies":[{"embeddable":true,"href":"https:\/\/touchproeurope.eu\/it\/wp-json\/wp\/v2\/comments?post=2963"}],"version-history":[{"count":3,"href":"https:\/\/touchproeurope.eu\/it\/wp-json\/wp\/v2\/product\/2963\/revisions"}],"predecessor-version":[{"id":3405,"href":"https:\/\/touchproeurope.eu\/it\/wp-json\/wp\/v2\/product\/2963\/revisions\/3405"}],"wp:featuredmedia":[{"embeddable":true,"href":"https:\/\/touchproeurope.eu\/it\/wp-json\/wp\/v2\/media\/2962"}],"wp:attachment":[{"href":"https:\/\/touchproeurope.eu\/it\/wp-json\/wp\/v2\/media?parent=2963"}],"wp:term":[{"taxonomy":"product_brand","embeddable":true,"href":"https:\/\/touchproeurope.eu\/it\/wp-json\/wp\/v2\/product_brand?post=2963"},{"taxonomy":"product_cat","embeddable":true,"href":"https:\/\/touchproeurope.eu\/it\/wp-json\/wp\/v2\/product_cat?post=2963"},{"taxonomy":"product_tag","embeddable":true,"href":"https:\/\/touchproeurope.eu\/it\/wp-json\/wp\/v2\/product_tag?post=2963"}],"curies":[{"name":"wp","href":"https:\/\/api.w.org\/{rel}","templated":true}]}}