{"id":3017,"date":"2023-11-09T16:01:37","date_gmt":"2023-11-09T16:01:37","guid":{"rendered":"https:\/\/touchproeurope.eu\/?post_type=product&#038;p=3017"},"modified":"2026-04-22T09:41:40","modified_gmt":"2026-04-22T09:41:40","slug":"earthlite-massagekruk-zonder-rugleuning","status":"publish","type":"product","link":"https:\/\/touchproeurope.eu\/it\/product\/earthlite-massagekruk-zonder-rugleuning\/","title":{"rendered":"Sgabello massaggiante pneumatico Earthlite (schienale opzionale)"},"content":{"rendered":"<p>De Earthlite pneumatische massagekruk is de perfecte aanvulling op je massagetafel en ontworpen voor intensief professioneel gebruik in massagepraktijken, wellness, spa\u2019s en salons. Deze kruk combineert ergonomisch zitcomfort met uitzonderlijke duurzaamheid en gebruiksgemak, uitgevoerd in bekleding die perfect te matchen is met je Earthlite-tafel.<\/p>\n<p>In tegenstelling tot veel andere werkkrukken werkt deze massagekruk met een pneumatisch (lucht) hoogtesysteem in plaats van hydrauliek. Dit betekent: geen lekkage, soepel verstellen en minimale onderhoudsbehoefte. Met \u00e9\u00e9n eenvoudige hendelbeweging stel je de hoogte nauwkeurig af, zodat je altijd ergonomisch en comfortabel kunt werken.<\/p>\n<p>De zitting is 360\u00b0 draaibaar en voorzien van een royale 3 inch (\u00b17,5 cm) dikke schuimlaag, wat zorgt voor uitstekende ondersteuning tijdens langere behandelingen. De kruk heeft een werkbelasting tot 159 kg (350 lbs) en staat bekend om zijn stabiele, robuuste constructie. Dankzij de soepel rollende vergrendelbare wielen beweeg je moeiteloos over de vloer zonder schade aan oppervlakken.<\/p>\n<p>De Earthlite pneumatische massagekruk is verkrijgbaar in een standaard hoogte of lage uitvoering, en optioneel met rugleuning voor extra ondersteuning. Daarnaast zijn diverse kleuren beschikbaar om perfect aan te sluiten bij je behandelruimte. Earthlite staat bovendien voor milieubewuste productie met CFC-vrij schuim, watergedragen lakken en 100% PU-vinyl.<\/p>\n<p>Een betrouwbare, comfortabele en professionele werkkruk voor therapeuten die hoge eisen stellen aan ergonomie en kwaliteit. Bekijk ook de <a href=\"https:\/\/touchproeurope.eu\/wp-content\/uploads\/2023\/11\/1-400-0058_Pneumatic_Stool_with_or_without_Back_4-18-24.pdf\">handleiding <\/a>voor de extra uitleg.<\/p>","protected":false},"excerpt":{"rendered":"<p>Professionele pneumatische massagekruk van Earthlite met 360\u00b0 draaibare zitting en vergrendelbare wielen. In hoogte verstelbaar, lekvrij en optioneel met rugleuning. Ideaal voor massage en wellness. Bekijk ook de <a href=\"https:\/\/touchproeurope.eu\/wp-content\/uploads\/2023\/11\/Pneumatic_Stools_1-300-0093_-_rev_060521.pdf\">sales sheet<\/a> voor extra informatie.<\/p>","protected":false},"featured_media":15936,"comment_status":"open","ping_status":"closed","template":"","meta":[],"product_brand":[343],"product_cat":[112],"product_tag":[570,568,571,569],"class_list":{"0":"post-3017","1":"product","2":"type-product","3":"status-publish","4":"has-post-thumbnail","6":"product_brand-earthlite","7":"product_cat-massagekrukken","8":"product_tag-behandelkruk","9":"product_tag-earthlite-massagekruk","10":"product_tag-kruk-met-wielen-massage","11":"product_tag-pneumatische-massagekruk","12":"product_shipping_class-klein-pakket","13":"pa_kleur-beige","14":"pa_kleur-blauw","15":"pa_kleur-bordeaux","16":"pa_kleur-groen","17":"pa_kleur-latte","18":"pa_kleur-paars","19":"pa_kleur-vanille-creme","20":"pa_kleur-wit","21":"pa_kleur-zilver","22":"pa_kleur-zwart","23":"pa_merk-earthlite","25":"first","26":"onbackorder","27":"taxable","28":"shipping-taxable","29":"purchasable","30":"product-type-variable"},"yoast_head":"<!-- This site is optimized with the Yoast SEO Premium plugin v27.4 (Yoast SEO v27.4) - https:\/\/yoast.com\/product\/yoast-seo-premium-wordpress\/ -->\n<title>Earthlite pneumatische massagekruk (rugleuning optioneel) - TouchPro Europe Shop<\/title>\n<meta name=\"description\" content=\"Cre\u00eber de ultieme professionele omgeving met onze Earthlite massagekruk zonder rugleuning. Optimaal comfort en aanpasbaarheid in \u00e9\u00e9n stoel. Bestel vandaag nog!\" \/>\n<meta name=\"robots\" content=\"index, follow, max-snippet:-1, max-image-preview:large, max-video-preview:-1\" \/>\n<link rel=\"canonical\" href=\"https:\/\/touchproeurope.eu\/it\/product\/earthlite-massagekruk-zonder-rugleuning\/\" \/>\n<meta property=\"og:locale\" content=\"it_IT\" \/>\n<meta property=\"og:type\" content=\"article\" \/>\n<meta property=\"og:title\" content=\"Earthlite pneumatische massagekruk (rugleuning optioneel)\" \/>\n<meta property=\"og:description\" content=\"Cre\u00eber de ultieme professionele omgeving met onze Earthlite massagekruk zonder rugleuning. Optimaal comfort en aanpasbaarheid in \u00e9\u00e9n stoel. Bestel vandaag nog!\" \/>\n<meta property=\"og:url\" content=\"https:\/\/touchproeurope.eu\/it\/product\/earthlite-massagekruk-zonder-rugleuning\/\" \/>\n<meta property=\"og:site_name\" content=\"TouchPro Europe Shop\" \/>\n<meta property=\"article:publisher\" content=\"https:\/\/www.facebook.com\/TouchproNederland\/?locale=nl_NL%2f\" \/>\n<meta property=\"article:modified_time\" content=\"2026-04-22T09:41:40+00:00\" \/>\n<meta property=\"og:image\" content=\"https:\/\/touchproeurope.eu\/wp-content\/uploads\/2023\/11\/Pneumatic_Stool_-_High_-_Black.webp\" \/>\n\t<meta property=\"og:image:width\" content=\"800\" \/>\n\t<meta property=\"og:image:height\" content=\"800\" \/>\n\t<meta property=\"og:image:type\" content=\"image\/webp\" \/>\n<meta name=\"twitter:card\" content=\"summary_large_image\" \/>\n<meta name=\"twitter:label1\" content=\"Disponibilit\u00e0\" \/>\n\t<meta name=\"twitter:data1\" content=\"Su ordinazione\" \/>\n<script type=\"application\/ld+json\" class=\"yoast-schema-graph\">{\"@context\":\"https:\\\/\\\/schema.org\",\"@graph\":[{\"@type\":\"WebPage\",\"@id\":\"https:\\\/\\\/touchproeurope.eu\\\/product\\\/earthlite-massagekruk-zonder-rugleuning\\\/\",\"url\":\"https:\\\/\\\/touchproeurope.eu\\\/product\\\/earthlite-massagekruk-zonder-rugleuning\\\/\",\"name\":\"Earthlite pneumatische massagekruk (rugleuning optioneel) - TouchPro Europe Shop\",\"isPartOf\":{\"@id\":\"https:\\\/\\\/touchproeurope.eu\\\/#website\"},\"primaryImageOfPage\":{\"@id\":\"https:\\\/\\\/touchproeurope.eu\\\/product\\\/earthlite-massagekruk-zonder-rugleuning\\\/#primaryimage\"},\"image\":{\"@id\":\"https:\\\/\\\/touchproeurope.eu\\\/product\\\/earthlite-massagekruk-zonder-rugleuning\\\/#primaryimage\"},\"thumbnailUrl\":\"https:\\\/\\\/i0.wp.com\\\/touchproeurope.eu\\\/wp-content\\\/uploads\\\/2023\\\/11\\\/Pneumatic_Stool_-_High_-_Black.webp?fit=800%2C800&ssl=1\",\"datePublished\":\"2023-11-09T16:01:37+00:00\",\"dateModified\":\"2026-04-22T09:41:40+00:00\",\"description\":\"Cre\u00eber de ultieme professionele omgeving met onze Earthlite massagekruk zonder rugleuning. Optimaal comfort en aanpasbaarheid in \u00e9\u00e9n stoel. Bestel vandaag nog!\",\"breadcrumb\":{\"@id\":\"https:\\\/\\\/touchproeurope.eu\\\/product\\\/earthlite-massagekruk-zonder-rugleuning\\\/#breadcrumb\"},\"inLanguage\":\"it-IT\",\"potentialAction\":[{\"@type\":\"ReadAction\",\"target\":[\"https:\\\/\\\/touchproeurope.eu\\\/product\\\/earthlite-massagekruk-zonder-rugleuning\\\/\"]}]},{\"@type\":\"ImageObject\",\"inLanguage\":\"it-IT\",\"@id\":\"https:\\\/\\\/touchproeurope.eu\\\/product\\\/earthlite-massagekruk-zonder-rugleuning\\\/#primaryimage\",\"url\":\"https:\\\/\\\/i0.wp.com\\\/touchproeurope.eu\\\/wp-content\\\/uploads\\\/2023\\\/11\\\/Pneumatic_Stool_-_High_-_Black.webp?fit=800%2C800&ssl=1\",\"contentUrl\":\"https:\\\/\\\/i0.wp.com\\\/touchproeurope.eu\\\/wp-content\\\/uploads\\\/2023\\\/11\\\/Pneumatic_Stool_-_High_-_Black.webp?fit=800%2C800&ssl=1\",\"width\":800,\"height\":800,\"caption\":\"Earthlite pneumatische massagekruk (rugleuning optioneel)\"},{\"@type\":\"BreadcrumbList\",\"@id\":\"https:\\\/\\\/touchproeurope.eu\\\/product\\\/earthlite-massagekruk-zonder-rugleuning\\\/#breadcrumb\",\"itemListElement\":[{\"@type\":\"ListItem\",\"position\":1,\"name\":\"Home\",\"item\":\"https:\\\/\\\/touchproeurope.eu\\\/\"},{\"@type\":\"ListItem\",\"position\":2,\"name\":\"Winkel\",\"item\":\"https:\\\/\\\/touchproeurope.eu\\\/winkel\\\/\"},{\"@type\":\"ListItem\",\"position\":3,\"name\":\"Earthlite pneumatische massagekruk (rugleuning optioneel)\"}]},{\"@type\":\"WebSite\",\"@id\":\"https:\\\/\\\/touchproeurope.eu\\\/#website\",\"url\":\"https:\\\/\\\/touchproeurope.eu\\\/\",\"name\":\"TouchPro Europe Shop\",\"description\":\"Alles voor jouw praktijk met een PROfessionele Touch!\",\"publisher\":{\"@id\":\"https:\\\/\\\/touchproeurope.eu\\\/#organization\"},\"alternateName\":\"TPE\",\"potentialAction\":[{\"@type\":\"SearchAction\",\"target\":{\"@type\":\"EntryPoint\",\"urlTemplate\":\"https:\\\/\\\/touchproeurope.eu\\\/?s={search_term_string}\"},\"query-input\":{\"@type\":\"PropertyValueSpecification\",\"valueRequired\":true,\"valueName\":\"search_term_string\"}}],\"inLanguage\":\"it-IT\"},{\"@type\":\"Organization\",\"@id\":\"https:\\\/\\\/touchproeurope.eu\\\/#organization\",\"name\":\"TouchPro Europe BV\",\"alternateName\":\"TPE\",\"url\":\"https:\\\/\\\/touchproeurope.eu\\\/\",\"logo\":{\"@type\":\"ImageObject\",\"inLanguage\":\"it-IT\",\"@id\":\"https:\\\/\\\/touchproeurope.eu\\\/#\\\/schema\\\/logo\\\/image\\\/\",\"url\":\"https:\\\/\\\/i0.wp.com\\\/touchproeurope.eu\\\/wp-content\\\/uploads\\\/2023\\\/10\\\/2b592c_b6944d80811246d987cc2c29accedf3f.png?fit=1417%2C531&ssl=1\",\"contentUrl\":\"https:\\\/\\\/i0.wp.com\\\/touchproeurope.eu\\\/wp-content\\\/uploads\\\/2023\\\/10\\\/2b592c_b6944d80811246d987cc2c29accedf3f.png?fit=1417%2C531&ssl=1\",\"width\":1417,\"height\":531,\"caption\":\"TouchPro Europe BV\"},\"image\":{\"@id\":\"https:\\\/\\\/touchproeurope.eu\\\/#\\\/schema\\\/logo\\\/image\\\/\"},\"sameAs\":[\"https:\\\/\\\/www.facebook.com\\\/TouchproNederland\\\/?locale=nl_NL\\\/\",\"https:\\\/\\\/www.instagram.com\\\/touchpro2016\\\/\",\"https:\\\/\\\/www.linkedin.com\\\/company\\\/touchpro-europe-bv\\\/\"],\"description\":\"TouchPro Europe Shop is de massage winkel van Europa. Wij verkopen topkwaliteit massageproducten aan masseurs, pedicures, fysiotherapeuten, manicuren, Wellness centra, opleidingen, etc. TouchPro begon als een kleine webshop in Nederland, maar is nu uitgegroeid tot een webshop met klanten uit heel Europa. Wij bieden een breed assortiment aan massageproducten, waaronder massagetafels, oli\u00ebn, cr\u00e8mes, en accessoires van topmerken, zoals Earthlite, Stronglite en InnerStrenght, Habys, Living Earth Crafts en Continuum en andere leveranciers van massage accessoires. Bestel hier de beste massagematerialen van Europa!\",\"email\":\"info@touchpro-europe.com\",\"telephone\":\"0858768829\",\"legalName\":\"TouchPro Europe BV\",\"foundingDate\":\"2018-01-11\",\"vatID\":\"NL855430151B01\",\"numberOfEmployees\":{\"@type\":\"QuantitativeValue\",\"minValue\":\"1\",\"maxValue\":\"10\"},\"hasMerchantReturnPolicy\":{\"@type\":\"MerchantReturnPolicy\",\"merchantReturnLink\":\"https:\\\/\\\/touchproeurope.eu\\\/it\\\/retourbeleid\\\/\"}}]}<\/script>\n<meta property=\"product:brand\" content=\"Earthlite\" \/>\n<meta property=\"og:availability\" content=\"backorder\" \/>\n<meta property=\"product:availability\" content=\"available for order\" \/>\n<meta property=\"product:retailer_item_id\" content=\"37100\" \/>\n<meta property=\"product:condition\" content=\"new\" \/>\n<!-- \/ Yoast SEO Premium plugin. -->","yoast_head_json":{"title":"Earthlite pneumatische massagekruk (rugleuning optioneel) - TouchPro Europe Shop","description":"Cre\u00eber de ultieme professionele omgeving met onze Earthlite massagekruk zonder rugleuning. Optimaal comfort en aanpasbaarheid in \u00e9\u00e9n stoel. Bestel vandaag nog!","robots":{"index":"index","follow":"follow","max-snippet":"max-snippet:-1","max-image-preview":"max-image-preview:large","max-video-preview":"max-video-preview:-1"},"canonical":"https:\/\/touchproeurope.eu\/it\/product\/earthlite-massagekruk-zonder-rugleuning\/","og_locale":"it_IT","og_type":"article","og_title":"Earthlite pneumatische massagekruk (rugleuning optioneel)","og_description":"Cre\u00eber de ultieme professionele omgeving met onze Earthlite massagekruk zonder rugleuning. Optimaal comfort en aanpasbaarheid in \u00e9\u00e9n stoel. Bestel vandaag nog!","og_url":"https:\/\/touchproeurope.eu\/it\/product\/earthlite-massagekruk-zonder-rugleuning\/","og_site_name":"TouchPro Europe Shop","article_publisher":"https:\/\/www.facebook.com\/TouchproNederland\/?locale=nl_NL%2f","article_modified_time":"2026-04-22T09:41:40+00:00","og_image":[{"width":800,"height":800,"url":"https:\/\/touchproeurope.eu\/wp-content\/uploads\/2023\/11\/Pneumatic_Stool_-_High_-_Black.webp","type":"image\/webp"}],"twitter_card":"summary_large_image","twitter_misc":{"Disponibilit\u00e0":"Su ordinazione"},"schema":{"@context":"https:\/\/schema.org","@graph":[{"@type":"WebPage","@id":"https:\/\/touchproeurope.eu\/product\/earthlite-massagekruk-zonder-rugleuning\/","url":"https:\/\/touchproeurope.eu\/product\/earthlite-massagekruk-zonder-rugleuning\/","name":"Earthlite pneumatische massagekruk (rugleuning optioneel) - TouchPro Europe Shop","isPartOf":{"@id":"https:\/\/touchproeurope.eu\/#website"},"primaryImageOfPage":{"@id":"https:\/\/touchproeurope.eu\/product\/earthlite-massagekruk-zonder-rugleuning\/#primaryimage"},"image":{"@id":"https:\/\/touchproeurope.eu\/product\/earthlite-massagekruk-zonder-rugleuning\/#primaryimage"},"thumbnailUrl":"https:\/\/i0.wp.com\/touchproeurope.eu\/wp-content\/uploads\/2023\/11\/Pneumatic_Stool_-_High_-_Black.webp?fit=800%2C800&ssl=1","datePublished":"2023-11-09T16:01:37+00:00","dateModified":"2026-04-22T09:41:40+00:00","description":"Cre\u00eber de ultieme professionele omgeving met onze Earthlite massagekruk zonder rugleuning. Optimaal comfort en aanpasbaarheid in \u00e9\u00e9n stoel. Bestel vandaag nog!","breadcrumb":{"@id":"https:\/\/touchproeurope.eu\/product\/earthlite-massagekruk-zonder-rugleuning\/#breadcrumb"},"inLanguage":"it-IT","potentialAction":[{"@type":"ReadAction","target":["https:\/\/touchproeurope.eu\/product\/earthlite-massagekruk-zonder-rugleuning\/"]}]},{"@type":"ImageObject","inLanguage":"it-IT","@id":"https:\/\/touchproeurope.eu\/product\/earthlite-massagekruk-zonder-rugleuning\/#primaryimage","url":"https:\/\/i0.wp.com\/touchproeurope.eu\/wp-content\/uploads\/2023\/11\/Pneumatic_Stool_-_High_-_Black.webp?fit=800%2C800&ssl=1","contentUrl":"https:\/\/i0.wp.com\/touchproeurope.eu\/wp-content\/uploads\/2023\/11\/Pneumatic_Stool_-_High_-_Black.webp?fit=800%2C800&ssl=1","width":800,"height":800,"caption":"Earthlite pneumatische massagekruk (rugleuning optioneel)"},{"@type":"BreadcrumbList","@id":"https:\/\/touchproeurope.eu\/product\/earthlite-massagekruk-zonder-rugleuning\/#breadcrumb","itemListElement":[{"@type":"ListItem","position":1,"name":"Home","item":"https:\/\/touchproeurope.eu\/"},{"@type":"ListItem","position":2,"name":"Winkel","item":"https:\/\/touchproeurope.eu\/winkel\/"},{"@type":"ListItem","position":3,"name":"Earthlite pneumatische massagekruk (rugleuning optioneel)"}]},{"@type":"WebSite","@id":"https:\/\/touchproeurope.eu\/#website","url":"https:\/\/touchproeurope.eu\/","name":"Negozio TouchPro Europe","description":"Tutto per il vostro studio con un tocco professionale!","publisher":{"@id":"https:\/\/touchproeurope.eu\/#organization"},"alternateName":"TPE","potentialAction":[{"@type":"SearchAction","target":{"@type":"EntryPoint","urlTemplate":"https:\/\/touchproeurope.eu\/?s={search_term_string}"},"query-input":{"@type":"PropertyValueSpecification","valueRequired":true,"valueName":"search_term_string"}}],"inLanguage":"it-IT"},{"@type":"Organization","@id":"https:\/\/touchproeurope.eu\/#organization","name":"TouchPro Europe BV","alternateName":"TPE","url":"https:\/\/touchproeurope.eu\/","logo":{"@type":"ImageObject","inLanguage":"it-IT","@id":"https:\/\/touchproeurope.eu\/#\/schema\/logo\/image\/","url":"https:\/\/i0.wp.com\/touchproeurope.eu\/wp-content\/uploads\/2023\/10\/2b592c_b6944d80811246d987cc2c29accedf3f.png?fit=1417%2C531&ssl=1","contentUrl":"https:\/\/i0.wp.com\/touchproeurope.eu\/wp-content\/uploads\/2023\/10\/2b592c_b6944d80811246d987cc2c29accedf3f.png?fit=1417%2C531&ssl=1","width":1417,"height":531,"caption":"TouchPro Europe BV"},"image":{"@id":"https:\/\/touchproeurope.eu\/#\/schema\/logo\/image\/"},"sameAs":["https:\/\/www.facebook.com\/TouchproNederland\/?locale=nl_NL\/","https:\/\/www.instagram.com\/touchpro2016\/","https:\/\/www.linkedin.com\/company\/touchpro-europe-bv\/"],"description":"TouchPro Europe Shop \u00e8 il negozio di massaggi d'Europa. Vendiamo prodotti per il massaggio di alta qualit\u00e0 a massaggiatori, pedicuristi, fisioterapisti, manicuristi, centri benessere, corsi di formazione, ecc. TouchPro \u00e8 nato come un piccolo negozio nei Paesi Bassi, ma ora \u00e8 diventato un negozio con clienti da tutta Europa. Offriamo un'ampia gamma di prodotti per il massaggio, tra cui lettini, oli, creme e accessori delle migliori marche come Earthlite, Stronglite e InnerStrenght, Habys, Living Earth Crafts e Continuum e altri fornitori di accessori per il massaggio. Ordinate qui le migliori forniture per massaggi d'Europa!","email":"info@touchpro-europe.com","telephone":"0858768829","legalName":"TouchPro Europe BV","foundingDate":"2018-01-11","vatID":"NL855430151B01","numberOfEmployees":{"@type":"QuantitativeValue","minValue":"1","maxValue":"10"},"hasMerchantReturnPolicy":{"@type":"MerchantReturnPolicy","merchantReturnLink":"https:\/\/touchproeurope.eu\/it\/retourbeleid\/"}}]},"product_brand":"Earthlite","og_availability":"backorder","product_availability":"available for order","product_retailer_item_id":"37100","product_condition":"new"},"_links":{"self":[{"href":"https:\/\/touchproeurope.eu\/it\/wp-json\/wp\/v2\/product\/3017","targetHints":{"allow":["GET"]}}],"collection":[{"href":"https:\/\/touchproeurope.eu\/it\/wp-json\/wp\/v2\/product"}],"about":[{"href":"https:\/\/touchproeurope.eu\/it\/wp-json\/wp\/v2\/types\/product"}],"replies":[{"embeddable":true,"href":"https:\/\/touchproeurope.eu\/it\/wp-json\/wp\/v2\/comments?post=3017"}],"version-history":[{"count":10,"href":"https:\/\/touchproeurope.eu\/it\/wp-json\/wp\/v2\/product\/3017\/revisions"}],"predecessor-version":[{"id":16045,"href":"https:\/\/touchproeurope.eu\/it\/wp-json\/wp\/v2\/product\/3017\/revisions\/16045"}],"wp:featuredmedia":[{"embeddable":true,"href":"https:\/\/touchproeurope.eu\/it\/wp-json\/wp\/v2\/media\/15936"}],"wp:attachment":[{"href":"https:\/\/touchproeurope.eu\/it\/wp-json\/wp\/v2\/media?parent=3017"}],"wp:term":[{"taxonomy":"product_brand","embeddable":true,"href":"https:\/\/touchproeurope.eu\/it\/wp-json\/wp\/v2\/product_brand?post=3017"},{"taxonomy":"product_cat","embeddable":true,"href":"https:\/\/touchproeurope.eu\/it\/wp-json\/wp\/v2\/product_cat?post=3017"},{"taxonomy":"product_tag","embeddable":true,"href":"https:\/\/touchproeurope.eu\/it\/wp-json\/wp\/v2\/product_tag?post=3017"}],"curies":[{"name":"wp","href":"https:\/\/api.w.org\/{rel}","templated":true}]}}