{"id":3038,"date":"2023-11-09T16:02:34","date_gmt":"2023-11-09T16:02:34","guid":{"rendered":"https:\/\/touchproeurope.eu\/?post_type=product&#038;p=3038"},"modified":"2026-03-04T16:56:53","modified_gmt":"2026-03-04T16:56:53","slug":"sternum-vervanging-pads-voor-de-vortex-massagestoel","status":"publish","type":"product","link":"https:\/\/touchproeurope.eu\/it\/product\/sternum-vervanging-pads-voor-de-vortex-massagestoel\/","title":{"rendered":"Vervangings pads voor de Vortex massagestoel complete set of losse sternum"},"content":{"rendered":"<p>De vervangings pads voor de Vortex massagestoel is essentieel voor het optimaliseren van uw massagestoel. Met deze set heeft u alle nodige kussens om uw Vortex massagestoel te vernieuwen en comfortabeler te maken. De set bevat een borstpad, de Sterum pads vortex voor een massagestoel, armleuningkussens, een zitkussen en kniepads (set van twee).<\/p>\n<p>Deze pads zorgen voor extra ondersteuning tijdens uw massage. Hierdoor voelt u zich meer ontspannen en comfortabel tijdens elke sessie. Verder zijn alle kussens van hoogwaardige materialen gemaakt. Dit zorgt voor langdurige duurzaamheid en optimale prestaties.<\/p>\n<p>Daarnaast verbetert de Sternum vervanging pads voor de Vortex massagestoel\u00a0niet alleen het comfort, maar helpt ook bij het behouden van de juiste houding. Dit kan rugklachten verminderen en een betere bloedcirculatie bevorderen. Bovendien zijn de kussens eenvoudig te installeren en passen perfect op uw Vortex massagestoel.<\/p>\n<p>Wilt u uw massagestoel weer als nieuw maken? Met onze pads en de overige kussens in de set kunt u dit gemakkelijk bereiken. Dankzij het ergonomische ontwerp van de kussens krijgt u de ondersteuning die u verdient. Kortom, een must-have voor iedere eigenaar van een Vortex massagestoel die waarde hecht aan comfort en kwaliteit.<\/p>\n<p>Investeer in de Sternum vervanging pads voor de Vortex massagestoel\u00a0en ervaar het verschil in uw massagesessies.<\/p>","protected":false},"excerpt":{"rendered":"<p>De vervangings pads voor de Vortex massagestoel is essentieel voor het optimaliseren van uw massagestoel. Met deze set heeft u alle nodige kussens om uw Vortex massagestoel te vernieuwen en comfortabeler te maken. De set bevat een borstpad, de Sterum pads vortex voor een massagestoel, armleuningkussens, een zitkussen en kniepads (set van twee). Deze pads [&hellip;]<\/p>\n","protected":false},"featured_media":6486,"comment_status":"open","ping_status":"closed","template":"","meta":[],"product_brand":[],"product_cat":[284],"product_tag":[85,292,291],"class_list":{"0":"post-3038","1":"product","2":"type-product","3":"status-publish","4":"has-post-thumbnail","6":"product_cat-overige-accesoires","7":"product_tag-earthlite","8":"product_tag-massagestoel-pads","9":"product_tag-vortrex","10":"product_shipping_class-klein-pakket","12":"first","13":"instock","14":"taxable","15":"shipping-taxable","16":"purchasable","17":"product-type-variable"},"yoast_head":"<!-- This site is optimized with the Yoast SEO Premium plugin v27.3 (Yoast SEO v27.3) - https:\/\/yoast.com\/product\/yoast-seo-premium-wordpress\/ -->\n<title>Vervangings pads voor de Vortex massagestoel complete set of losse sternum - TouchPro Europe Shop<\/title>\n<meta name=\"description\" content=\"Maak uw Vortex massagestoel nog comfortabeler met de Sternum vervanging pads voor de Vortex massagestoel. Ontdek de beste massage-ervaring en bestel ze hier\" \/>\n<meta name=\"robots\" content=\"index, follow, max-snippet:-1, max-image-preview:large, max-video-preview:-1\" \/>\n<link rel=\"canonical\" href=\"https:\/\/touchproeurope.eu\/it\/product\/sternum-vervanging-pads-voor-de-vortex-massagestoel\/\" \/>\n<meta property=\"og:locale\" content=\"it_IT\" \/>\n<meta property=\"og:type\" content=\"article\" \/>\n<meta property=\"og:title\" content=\"Vervangings pads voor de Vortex massagestoel complete set of losse sternum\" \/>\n<meta property=\"og:description\" content=\"Maak uw Vortex massagestoel nog comfortabeler met de Sternum vervanging pads voor de Vortex massagestoel. Ontdek de beste massage-ervaring en bestel ze hier\" \/>\n<meta property=\"og:url\" content=\"https:\/\/touchproeurope.eu\/it\/product\/sternum-vervanging-pads-voor-de-vortex-massagestoel\/\" \/>\n<meta property=\"og:site_name\" content=\"TouchPro Europe Shop\" \/>\n<meta property=\"article:publisher\" content=\"https:\/\/www.facebook.com\/TouchproNederland\/?locale=nl_NL%2f\" \/>\n<meta property=\"article:modified_time\" content=\"2026-03-04T16:56:53+00:00\" \/>\n<meta property=\"og:image\" content=\"https:\/\/touchproeurope.eu\/wp-content\/uploads\/2023\/11\/52095214606_d8f710cd2d_c.jpg\" \/>\n\t<meta property=\"og:image:width\" content=\"800\" \/>\n\t<meta property=\"og:image:height\" content=\"800\" \/>\n\t<meta property=\"og:image:type\" content=\"image\/jpeg\" \/>\n<meta name=\"twitter:card\" content=\"summary_large_image\" \/>\n<meta name=\"twitter:label1\" content=\"Disponibilit\u00e0\" \/>\n\t<meta name=\"twitter:data1\" content=\"In stock\" \/>\n<script type=\"application\/ld+json\" class=\"yoast-schema-graph\">{\"@context\":\"https:\\\/\\\/schema.org\",\"@graph\":[{\"@type\":\"WebPage\",\"@id\":\"https:\\\/\\\/touchproeurope.eu\\\/product\\\/sternum-vervanging-pads-voor-de-vortex-massagestoel\\\/\",\"url\":\"https:\\\/\\\/touchproeurope.eu\\\/product\\\/sternum-vervanging-pads-voor-de-vortex-massagestoel\\\/\",\"name\":\"Vervangings pads voor de Vortex massagestoel complete set of losse sternum - TouchPro Europe Shop\",\"isPartOf\":{\"@id\":\"https:\\\/\\\/touchproeurope.eu\\\/#website\"},\"primaryImageOfPage\":{\"@id\":\"https:\\\/\\\/touchproeurope.eu\\\/product\\\/sternum-vervanging-pads-voor-de-vortex-massagestoel\\\/#primaryimage\"},\"image\":{\"@id\":\"https:\\\/\\\/touchproeurope.eu\\\/product\\\/sternum-vervanging-pads-voor-de-vortex-massagestoel\\\/#primaryimage\"},\"thumbnailUrl\":\"https:\\\/\\\/i0.wp.com\\\/touchproeurope.eu\\\/wp-content\\\/uploads\\\/2023\\\/11\\\/52095214606_d8f710cd2d_c.jpg?fit=800%2C800&ssl=1\",\"datePublished\":\"2023-11-09T16:02:34+00:00\",\"dateModified\":\"2026-03-04T16:56:53+00:00\",\"description\":\"Maak uw Vortex massagestoel nog comfortabeler met de Sternum vervanging pads voor de Vortex massagestoel. Ontdek de beste massage-ervaring en bestel ze hier\",\"breadcrumb\":{\"@id\":\"https:\\\/\\\/touchproeurope.eu\\\/product\\\/sternum-vervanging-pads-voor-de-vortex-massagestoel\\\/#breadcrumb\"},\"inLanguage\":\"it-IT\",\"potentialAction\":[{\"@type\":\"ReadAction\",\"target\":[\"https:\\\/\\\/touchproeurope.eu\\\/product\\\/sternum-vervanging-pads-voor-de-vortex-massagestoel\\\/\"]}]},{\"@type\":\"ImageObject\",\"inLanguage\":\"it-IT\",\"@id\":\"https:\\\/\\\/touchproeurope.eu\\\/product\\\/sternum-vervanging-pads-voor-de-vortex-massagestoel\\\/#primaryimage\",\"url\":\"https:\\\/\\\/i0.wp.com\\\/touchproeurope.eu\\\/wp-content\\\/uploads\\\/2023\\\/11\\\/52095214606_d8f710cd2d_c.jpg?fit=800%2C800&ssl=1\",\"contentUrl\":\"https:\\\/\\\/i0.wp.com\\\/touchproeurope.eu\\\/wp-content\\\/uploads\\\/2023\\\/11\\\/52095214606_d8f710cd2d_c.jpg?fit=800%2C800&ssl=1\",\"width\":800,\"height\":800,\"caption\":\"Sternum vervanging pads voor de Vortex massagestoel\"},{\"@type\":\"BreadcrumbList\",\"@id\":\"https:\\\/\\\/touchproeurope.eu\\\/product\\\/sternum-vervanging-pads-voor-de-vortex-massagestoel\\\/#breadcrumb\",\"itemListElement\":[{\"@type\":\"ListItem\",\"position\":1,\"name\":\"Home\",\"item\":\"https:\\\/\\\/touchproeurope.eu\\\/\"},{\"@type\":\"ListItem\",\"position\":2,\"name\":\"Winkel\",\"item\":\"https:\\\/\\\/touchproeurope.eu\\\/winkel\\\/\"},{\"@type\":\"ListItem\",\"position\":3,\"name\":\"Vervangings pads voor de Vortex massagestoel complete set of losse sternum\"}]},{\"@type\":\"WebSite\",\"@id\":\"https:\\\/\\\/touchproeurope.eu\\\/#website\",\"url\":\"https:\\\/\\\/touchproeurope.eu\\\/\",\"name\":\"TouchPro Europe Shop\",\"description\":\"Alles voor jouw praktijk met een PROfessionele Touch!\",\"publisher\":{\"@id\":\"https:\\\/\\\/touchproeurope.eu\\\/#organization\"},\"alternateName\":\"TPE\",\"potentialAction\":[{\"@type\":\"SearchAction\",\"target\":{\"@type\":\"EntryPoint\",\"urlTemplate\":\"https:\\\/\\\/touchproeurope.eu\\\/?s={search_term_string}\"},\"query-input\":{\"@type\":\"PropertyValueSpecification\",\"valueRequired\":true,\"valueName\":\"search_term_string\"}}],\"inLanguage\":\"it-IT\"},{\"@type\":\"Organization\",\"@id\":\"https:\\\/\\\/touchproeurope.eu\\\/#organization\",\"name\":\"TouchPro Europe BV\",\"alternateName\":\"TPE\",\"url\":\"https:\\\/\\\/touchproeurope.eu\\\/\",\"logo\":{\"@type\":\"ImageObject\",\"inLanguage\":\"it-IT\",\"@id\":\"https:\\\/\\\/touchproeurope.eu\\\/#\\\/schema\\\/logo\\\/image\\\/\",\"url\":\"https:\\\/\\\/i0.wp.com\\\/touchproeurope.eu\\\/wp-content\\\/uploads\\\/2023\\\/10\\\/2b592c_b6944d80811246d987cc2c29accedf3f.png?fit=1417%2C531&ssl=1\",\"contentUrl\":\"https:\\\/\\\/i0.wp.com\\\/touchproeurope.eu\\\/wp-content\\\/uploads\\\/2023\\\/10\\\/2b592c_b6944d80811246d987cc2c29accedf3f.png?fit=1417%2C531&ssl=1\",\"width\":1417,\"height\":531,\"caption\":\"TouchPro Europe BV\"},\"image\":{\"@id\":\"https:\\\/\\\/touchproeurope.eu\\\/#\\\/schema\\\/logo\\\/image\\\/\"},\"sameAs\":[\"https:\\\/\\\/www.facebook.com\\\/TouchproNederland\\\/?locale=nl_NL\\\/\",\"https:\\\/\\\/www.instagram.com\\\/touchpro2016\\\/\",\"https:\\\/\\\/www.linkedin.com\\\/company\\\/touchpro-europe-bv\\\/\"],\"description\":\"TouchPro Europe Shop is de massage winkel van Europa. Wij verkopen topkwaliteit massageproducten aan masseurs, pedicures, fysiotherapeuten, manicuren, Wellness centra, opleidingen, etc. TouchPro begon als een kleine webshop in Nederland, maar is nu uitgegroeid tot een webshop met klanten uit heel Europa. Wij bieden een breed assortiment aan massageproducten, waaronder massagetafels, oli\u00ebn, cr\u00e8mes, en accessoires van topmerken, zoals Earthlite, Stronglite en InnerStrenght, Habys, Living Earth Crafts en Continuum en andere leveranciers van massage accessoires. Bestel hier de beste massagematerialen van Europa!\",\"email\":\"info@touchpro-europe.com\",\"telephone\":\"0858768829\",\"legalName\":\"TouchPro Europe BV\",\"foundingDate\":\"2018-01-11\",\"vatID\":\"NL855430151B01\",\"numberOfEmployees\":{\"@type\":\"QuantitativeValue\",\"minValue\":\"1\",\"maxValue\":\"10\"},\"hasMerchantReturnPolicy\":{\"@type\":\"MerchantReturnPolicy\",\"merchantReturnLink\":\"https:\\\/\\\/touchproeurope.eu\\\/it\\\/retourbeleid\\\/\"}}]}<\/script>\n<meta property=\"og:availability\" content=\"instock\" \/>\n<meta property=\"product:availability\" content=\"instock\" \/>\n<meta property=\"product:retailer_item_id\" content=\"41300\" \/>\n<meta property=\"product:condition\" content=\"new\" \/>\n<!-- \/ Yoast SEO Premium plugin. -->","yoast_head_json":{"title":"Vervangings pads voor de Vortex massagestoel complete set of losse sternum - TouchPro Europe Shop","description":"Maak uw Vortex massagestoel nog comfortabeler met de Sternum vervanging pads voor de Vortex massagestoel. Ontdek de beste massage-ervaring en bestel ze hier","robots":{"index":"index","follow":"follow","max-snippet":"max-snippet:-1","max-image-preview":"max-image-preview:large","max-video-preview":"max-video-preview:-1"},"canonical":"https:\/\/touchproeurope.eu\/it\/product\/sternum-vervanging-pads-voor-de-vortex-massagestoel\/","og_locale":"it_IT","og_type":"article","og_title":"Vervangings pads voor de Vortex massagestoel complete set of losse sternum","og_description":"Maak uw Vortex massagestoel nog comfortabeler met de Sternum vervanging pads voor de Vortex massagestoel. Ontdek de beste massage-ervaring en bestel ze hier","og_url":"https:\/\/touchproeurope.eu\/it\/product\/sternum-vervanging-pads-voor-de-vortex-massagestoel\/","og_site_name":"TouchPro Europe Shop","article_publisher":"https:\/\/www.facebook.com\/TouchproNederland\/?locale=nl_NL%2f","article_modified_time":"2026-03-04T16:56:53+00:00","og_image":[{"width":800,"height":800,"url":"https:\/\/touchproeurope.eu\/wp-content\/uploads\/2023\/11\/52095214606_d8f710cd2d_c.jpg","type":"image\/jpeg"}],"twitter_card":"summary_large_image","twitter_misc":{"Disponibilit\u00e0":"In stock"},"schema":{"@context":"https:\/\/schema.org","@graph":[{"@type":"WebPage","@id":"https:\/\/touchproeurope.eu\/product\/sternum-vervanging-pads-voor-de-vortex-massagestoel\/","url":"https:\/\/touchproeurope.eu\/product\/sternum-vervanging-pads-voor-de-vortex-massagestoel\/","name":"Vervangings pads voor de Vortex massagestoel complete set of losse sternum - TouchPro Europe Shop","isPartOf":{"@id":"https:\/\/touchproeurope.eu\/#website"},"primaryImageOfPage":{"@id":"https:\/\/touchproeurope.eu\/product\/sternum-vervanging-pads-voor-de-vortex-massagestoel\/#primaryimage"},"image":{"@id":"https:\/\/touchproeurope.eu\/product\/sternum-vervanging-pads-voor-de-vortex-massagestoel\/#primaryimage"},"thumbnailUrl":"https:\/\/i0.wp.com\/touchproeurope.eu\/wp-content\/uploads\/2023\/11\/52095214606_d8f710cd2d_c.jpg?fit=800%2C800&ssl=1","datePublished":"2023-11-09T16:02:34+00:00","dateModified":"2026-03-04T16:56:53+00:00","description":"Maak uw Vortex massagestoel nog comfortabeler met de Sternum vervanging pads voor de Vortex massagestoel. Ontdek de beste massage-ervaring en bestel ze hier","breadcrumb":{"@id":"https:\/\/touchproeurope.eu\/product\/sternum-vervanging-pads-voor-de-vortex-massagestoel\/#breadcrumb"},"inLanguage":"it-IT","potentialAction":[{"@type":"ReadAction","target":["https:\/\/touchproeurope.eu\/product\/sternum-vervanging-pads-voor-de-vortex-massagestoel\/"]}]},{"@type":"ImageObject","inLanguage":"it-IT","@id":"https:\/\/touchproeurope.eu\/product\/sternum-vervanging-pads-voor-de-vortex-massagestoel\/#primaryimage","url":"https:\/\/i0.wp.com\/touchproeurope.eu\/wp-content\/uploads\/2023\/11\/52095214606_d8f710cd2d_c.jpg?fit=800%2C800&ssl=1","contentUrl":"https:\/\/i0.wp.com\/touchproeurope.eu\/wp-content\/uploads\/2023\/11\/52095214606_d8f710cd2d_c.jpg?fit=800%2C800&ssl=1","width":800,"height":800,"caption":"Sternum vervanging pads voor de Vortex massagestoel"},{"@type":"BreadcrumbList","@id":"https:\/\/touchproeurope.eu\/product\/sternum-vervanging-pads-voor-de-vortex-massagestoel\/#breadcrumb","itemListElement":[{"@type":"ListItem","position":1,"name":"Home","item":"https:\/\/touchproeurope.eu\/"},{"@type":"ListItem","position":2,"name":"Winkel","item":"https:\/\/touchproeurope.eu\/winkel\/"},{"@type":"ListItem","position":3,"name":"Vervangings pads voor de Vortex massagestoel complete set of losse sternum"}]},{"@type":"WebSite","@id":"https:\/\/touchproeurope.eu\/#website","url":"https:\/\/touchproeurope.eu\/","name":"Negozio TouchPro Europe","description":"Tutto per il vostro studio con un tocco professionale!","publisher":{"@id":"https:\/\/touchproeurope.eu\/#organization"},"alternateName":"TPE","potentialAction":[{"@type":"SearchAction","target":{"@type":"EntryPoint","urlTemplate":"https:\/\/touchproeurope.eu\/?s={search_term_string}"},"query-input":{"@type":"PropertyValueSpecification","valueRequired":true,"valueName":"search_term_string"}}],"inLanguage":"it-IT"},{"@type":"Organization","@id":"https:\/\/touchproeurope.eu\/#organization","name":"TouchPro Europe BV","alternateName":"TPE","url":"https:\/\/touchproeurope.eu\/","logo":{"@type":"ImageObject","inLanguage":"it-IT","@id":"https:\/\/touchproeurope.eu\/#\/schema\/logo\/image\/","url":"https:\/\/i0.wp.com\/touchproeurope.eu\/wp-content\/uploads\/2023\/10\/2b592c_b6944d80811246d987cc2c29accedf3f.png?fit=1417%2C531&ssl=1","contentUrl":"https:\/\/i0.wp.com\/touchproeurope.eu\/wp-content\/uploads\/2023\/10\/2b592c_b6944d80811246d987cc2c29accedf3f.png?fit=1417%2C531&ssl=1","width":1417,"height":531,"caption":"TouchPro Europe BV"},"image":{"@id":"https:\/\/touchproeurope.eu\/#\/schema\/logo\/image\/"},"sameAs":["https:\/\/www.facebook.com\/TouchproNederland\/?locale=nl_NL\/","https:\/\/www.instagram.com\/touchpro2016\/","https:\/\/www.linkedin.com\/company\/touchpro-europe-bv\/"],"description":"TouchPro Europe Shop \u00e8 il negozio di massaggi d'Europa. Vendiamo prodotti per il massaggio di alta qualit\u00e0 a massaggiatori, pedicuristi, fisioterapisti, manicuristi, centri benessere, corsi di formazione, ecc. TouchPro \u00e8 nato come un piccolo negozio nei Paesi Bassi, ma ora \u00e8 diventato un negozio con clienti da tutta Europa. Offriamo un'ampia gamma di prodotti per il massaggio, tra cui lettini, oli, creme e accessori delle migliori marche come Earthlite, Stronglite e InnerStrenght, Habys, Living Earth Crafts e Continuum e altri fornitori di accessori per il massaggio. Ordinate qui le migliori forniture per massaggi d'Europa!","email":"info@touchpro-europe.com","telephone":"0858768829","legalName":"TouchPro Europe BV","foundingDate":"2018-01-11","vatID":"NL855430151B01","numberOfEmployees":{"@type":"QuantitativeValue","minValue":"1","maxValue":"10"},"hasMerchantReturnPolicy":{"@type":"MerchantReturnPolicy","merchantReturnLink":"https:\/\/touchproeurope.eu\/it\/retourbeleid\/"}}]},"og_availability":"instock","product_availability":"instock","product_retailer_item_id":"41300","product_condition":"new"},"_links":{"self":[{"href":"https:\/\/touchproeurope.eu\/it\/wp-json\/wp\/v2\/product\/3038","targetHints":{"allow":["GET"]}}],"collection":[{"href":"https:\/\/touchproeurope.eu\/it\/wp-json\/wp\/v2\/product"}],"about":[{"href":"https:\/\/touchproeurope.eu\/it\/wp-json\/wp\/v2\/types\/product"}],"replies":[{"embeddable":true,"href":"https:\/\/touchproeurope.eu\/it\/wp-json\/wp\/v2\/comments?post=3038"}],"version-history":[{"count":7,"href":"https:\/\/touchproeurope.eu\/it\/wp-json\/wp\/v2\/product\/3038\/revisions"}],"predecessor-version":[{"id":6616,"href":"https:\/\/touchproeurope.eu\/it\/wp-json\/wp\/v2\/product\/3038\/revisions\/6616"}],"wp:featuredmedia":[{"embeddable":true,"href":"https:\/\/touchproeurope.eu\/it\/wp-json\/wp\/v2\/media\/6486"}],"wp:attachment":[{"href":"https:\/\/touchproeurope.eu\/it\/wp-json\/wp\/v2\/media?parent=3038"}],"wp:term":[{"taxonomy":"product_brand","embeddable":true,"href":"https:\/\/touchproeurope.eu\/it\/wp-json\/wp\/v2\/product_brand?post=3038"},{"taxonomy":"product_cat","embeddable":true,"href":"https:\/\/touchproeurope.eu\/it\/wp-json\/wp\/v2\/product_cat?post=3038"},{"taxonomy":"product_tag","embeddable":true,"href":"https:\/\/touchproeurope.eu\/it\/wp-json\/wp\/v2\/product_tag?post=3038"}],"curies":[{"name":"wp","href":"https:\/\/api.w.org\/{rel}","templated":true}]}}