{"id":3046,"date":"2023-11-09T16:02:47","date_gmt":"2023-11-09T16:02:47","guid":{"rendered":"https:\/\/touchproeurope.eu\/?post_type=product&#038;p=3046"},"modified":"2026-03-18T14:32:38","modified_gmt":"2026-03-18T14:32:38","slug":"earthlite-flanellen-cover-crescent-samadhi-pro-2-stuks-blauw","status":"publish","type":"product","link":"https:\/\/touchproeurope.eu\/it\/product\/earthlite-flanellen-cover-crescent-samadhi-pro-2-stuks-blauw\/","title":{"rendered":"Copertura in flanella Earthlite Crescent Samadhi-Pro (2 pezzi) - blu"},"content":{"rendered":"<p>Productbeschrijving: Earthlite flanellen cover Crescent<\/p>\n<p>De Earthlite flanellen cover Crescent biedt een uitstekende manier om uw massagetafel of massagestoel te beschermen en te verfraaien. Deze hoogwaardige flanellen hoes is speciaal ontworpen voor de Crescent-vormige massagetafels en zorgt voor een luxe en comfortabele ervaring. Het flanelmateriaal voelt heerlijk zacht aan en is ideaal voor een aangename massagebehandeling.<\/p>\n<p>Deze massagehoes voor je hoofdkussen heeft een perfecte pasvorm dankzij de elastische randen. Hierdoor blijft de hoes stevig op zijn plaats zitten, zelfs tijdens lange sessies. Dit voorkomt verschuivingen en zorgt ervoor dat uw klanten altijd optimaal kunnen ontspannen. Verder is de hoes eenvoudig aan te brengen en te verwijderen.<\/p>\n<p>Naast het comfort biedt de Earthlite flanellen cover Crescent ook praktische voordelen. Het materiaal is ademend en helpt bij het reguleren van de temperatuur, wat bijdraagt aan een comfortabele massage-ervaring. Bovendien is de hoes gemakkelijk te onderhouden. U kunt het eenvoudig wassen in de wasmachine en het droogt snel.<\/p>\n<p>Met deze massagecover van katoenen materiaal investeert u in zowel hygi\u00ebne als stijl. Deze flanellen hoes beschermt uw massagetafel tegen vuil en slijtage, terwijl het tegelijkertijd een professionele uitstraling biedt. De kwaliteit van het flanel zorgt ervoor dat de hoes langdurig meegaat, zelfs bij intensief gebruik.<\/p>\n<p>Kortom, de Earthlite flanellen cover Crescent is een must-have voor iedere massagetherapeut die waarde hecht aan comfort en functionaliteit. Deze hoes biedt een ideale combinatie van luxe, bescherming en gemak.<\/p>","protected":false},"excerpt":{"rendered":"<p>Productbeschrijving: Earthlite flanellen cover Crescent De Earthlite flanellen cover Crescent biedt een uitstekende manier om uw massagetafel of massagestoel te beschermen en te verfraaien. Deze hoogwaardige flanellen hoes is speciaal ontworpen voor de Crescent-vormige massagetafels en zorgt voor een luxe en comfortabele ervaring. Het flanelmateriaal voelt heerlijk zacht aan en is ideaal voor een aangename [&hellip;]<\/p>\n","protected":false},"featured_media":6536,"comment_status":"open","ping_status":"closed","template":"","meta":[],"product_brand":[343],"product_cat":[109,480],"product_tag":[85,297,277,294],"class_list":{"0":"post-3046","1":"product","2":"type-product","3":"status-publish","4":"has-post-thumbnail","6":"product_brand-earthlite","7":"product_cat-katoenen-covers-tafellinnen","8":"product_cat-tafellinnen-covers","9":"product_tag-earthlite","10":"product_tag-hoofdkussenhoes","11":"product_tag-katoen","12":"product_tag-massagecover","13":"product_shipping_class-klein-pakket","14":"pa_kleur-blauw","15":"pa_merk-earthlite","17":"first","18":"instock","19":"taxable","20":"shipping-taxable","21":"purchasable","22":"product-type-simple"},"yoast_head":"<!-- This site is optimized with the Yoast SEO Premium plugin v27.3 (Yoast SEO v27.3) - https:\/\/yoast.com\/product\/yoast-seo-premium-wordpress\/ -->\n<title>Earthlite flanellen cover Crescent Samadhi-Pro (2 stuks) - blauw - TouchPro Europe Shop<\/title>\n<meta name=\"description\" content=\"Bescherm en verfraai uw massagetafel of massagestoel met de Earthlite flanellen cover Crescent. Ervaar meer comfort tijdens uw massagebehandeling.\" \/>\n<meta name=\"robots\" content=\"index, follow, max-snippet:-1, max-image-preview:large, max-video-preview:-1\" \/>\n<link rel=\"canonical\" href=\"https:\/\/touchproeurope.eu\/it\/product\/earthlite-flanellen-cover-crescent-samadhi-pro-2-stuks-blauw\/\" \/>\n<meta property=\"og:locale\" content=\"it_IT\" \/>\n<meta property=\"og:type\" content=\"article\" \/>\n<meta property=\"og:title\" content=\"Earthlite flanellen cover Crescent Samadhi-Pro (2 stuks) - blauw\" \/>\n<meta property=\"og:description\" content=\"Bescherm en verfraai uw massagetafel of massagestoel met de Earthlite flanellen cover Crescent. Ervaar meer comfort tijdens uw massagebehandeling.\" \/>\n<meta property=\"og:url\" content=\"https:\/\/touchproeurope.eu\/it\/product\/earthlite-flanellen-cover-crescent-samadhi-pro-2-stuks-blauw\/\" \/>\n<meta property=\"og:site_name\" content=\"TouchPro Europe Shop\" \/>\n<meta property=\"article:publisher\" content=\"https:\/\/www.facebook.com\/TouchproNederland\/?locale=nl_NL%2f\" \/>\n<meta property=\"article:modified_time\" content=\"2026-03-18T14:32:38+00:00\" \/>\n<meta property=\"og:image\" content=\"https:\/\/touchproeurope.eu\/wp-content\/uploads\/2023\/11\/flannel_-_crescent_cover_-_blue_1-e1724930760330.jpg\" \/>\n\t<meta property=\"og:image:width\" content=\"800\" \/>\n\t<meta property=\"og:image:height\" content=\"800\" \/>\n\t<meta property=\"og:image:type\" content=\"image\/jpeg\" \/>\n<meta name=\"twitter:card\" content=\"summary_large_image\" \/>\n<meta name=\"twitter:label1\" content=\"Prezzo\" \/>\n\t<meta name=\"twitter:data1\" content=\"&euro;&nbsp;12,00 incl. BTW\" \/>\n\t<meta name=\"twitter:label2\" content=\"Disponibilit\u00e0\" \/>\n\t<meta name=\"twitter:data2\" content=\"In stock\" \/>\n<script type=\"application\/ld+json\" class=\"yoast-schema-graph\">{\"@context\":\"https:\\\/\\\/schema.org\",\"@graph\":[{\"@type\":\"WebPage\",\"@id\":\"https:\\\/\\\/touchproeurope.eu\\\/product\\\/earthlite-flanellen-cover-crescent-samadhi-pro-2-stuks-blauw\\\/\",\"url\":\"https:\\\/\\\/touchproeurope.eu\\\/product\\\/earthlite-flanellen-cover-crescent-samadhi-pro-2-stuks-blauw\\\/\",\"name\":\"Earthlite flanellen cover Crescent Samadhi-Pro (2 stuks) - blauw - TouchPro Europe Shop\",\"isPartOf\":{\"@id\":\"https:\\\/\\\/touchproeurope.eu\\\/#website\"},\"primaryImageOfPage\":{\"@id\":\"https:\\\/\\\/touchproeurope.eu\\\/product\\\/earthlite-flanellen-cover-crescent-samadhi-pro-2-stuks-blauw\\\/#primaryimage\"},\"image\":{\"@id\":\"https:\\\/\\\/touchproeurope.eu\\\/product\\\/earthlite-flanellen-cover-crescent-samadhi-pro-2-stuks-blauw\\\/#primaryimage\"},\"thumbnailUrl\":\"https:\\\/\\\/i0.wp.com\\\/touchproeurope.eu\\\/wp-content\\\/uploads\\\/2023\\\/11\\\/flannel_-_crescent_cover_-_blue_1-e1724930760330.jpg?fit=800%2C800&ssl=1\",\"datePublished\":\"2023-11-09T16:02:47+00:00\",\"dateModified\":\"2026-03-18T14:32:38+00:00\",\"description\":\"Bescherm en verfraai uw massagetafel of massagestoel met de Earthlite flanellen cover Crescent. Ervaar meer comfort tijdens uw massagebehandeling.\",\"breadcrumb\":{\"@id\":\"https:\\\/\\\/touchproeurope.eu\\\/product\\\/earthlite-flanellen-cover-crescent-samadhi-pro-2-stuks-blauw\\\/#breadcrumb\"},\"inLanguage\":\"it-IT\",\"potentialAction\":[{\"@type\":\"ReadAction\",\"target\":[\"https:\\\/\\\/touchproeurope.eu\\\/product\\\/earthlite-flanellen-cover-crescent-samadhi-pro-2-stuks-blauw\\\/\"]}]},{\"@type\":\"ImageObject\",\"inLanguage\":\"it-IT\",\"@id\":\"https:\\\/\\\/touchproeurope.eu\\\/product\\\/earthlite-flanellen-cover-crescent-samadhi-pro-2-stuks-blauw\\\/#primaryimage\",\"url\":\"https:\\\/\\\/i0.wp.com\\\/touchproeurope.eu\\\/wp-content\\\/uploads\\\/2023\\\/11\\\/flannel_-_crescent_cover_-_blue_1-e1724930760330.jpg?fit=800%2C800&ssl=1\",\"contentUrl\":\"https:\\\/\\\/i0.wp.com\\\/touchproeurope.eu\\\/wp-content\\\/uploads\\\/2023\\\/11\\\/flannel_-_crescent_cover_-_blue_1-e1724930760330.jpg?fit=800%2C800&ssl=1\",\"width\":800,\"height\":800,\"caption\":\"Earthlite flanellen cover Crescent Samadhi-Pro (2 stuks) - blauw\"},{\"@type\":\"BreadcrumbList\",\"@id\":\"https:\\\/\\\/touchproeurope.eu\\\/product\\\/earthlite-flanellen-cover-crescent-samadhi-pro-2-stuks-blauw\\\/#breadcrumb\",\"itemListElement\":[{\"@type\":\"ListItem\",\"position\":1,\"name\":\"Home\",\"item\":\"https:\\\/\\\/touchproeurope.eu\\\/\"},{\"@type\":\"ListItem\",\"position\":2,\"name\":\"Winkel\",\"item\":\"https:\\\/\\\/touchproeurope.eu\\\/winkel\\\/\"},{\"@type\":\"ListItem\",\"position\":3,\"name\":\"Earthlite flanellen cover Crescent Samadhi-Pro (2 stuks) &#8211; blauw\"}]},{\"@type\":\"WebSite\",\"@id\":\"https:\\\/\\\/touchproeurope.eu\\\/#website\",\"url\":\"https:\\\/\\\/touchproeurope.eu\\\/\",\"name\":\"TouchPro Europe Shop\",\"description\":\"Alles voor jouw praktijk met een PROfessionele Touch!\",\"publisher\":{\"@id\":\"https:\\\/\\\/touchproeurope.eu\\\/#organization\"},\"alternateName\":\"TPE\",\"potentialAction\":[{\"@type\":\"SearchAction\",\"target\":{\"@type\":\"EntryPoint\",\"urlTemplate\":\"https:\\\/\\\/touchproeurope.eu\\\/?s={search_term_string}\"},\"query-input\":{\"@type\":\"PropertyValueSpecification\",\"valueRequired\":true,\"valueName\":\"search_term_string\"}}],\"inLanguage\":\"it-IT\"},{\"@type\":\"Organization\",\"@id\":\"https:\\\/\\\/touchproeurope.eu\\\/#organization\",\"name\":\"TouchPro Europe BV\",\"alternateName\":\"TPE\",\"url\":\"https:\\\/\\\/touchproeurope.eu\\\/\",\"logo\":{\"@type\":\"ImageObject\",\"inLanguage\":\"it-IT\",\"@id\":\"https:\\\/\\\/touchproeurope.eu\\\/#\\\/schema\\\/logo\\\/image\\\/\",\"url\":\"https:\\\/\\\/i0.wp.com\\\/touchproeurope.eu\\\/wp-content\\\/uploads\\\/2023\\\/10\\\/2b592c_b6944d80811246d987cc2c29accedf3f.png?fit=1417%2C531&ssl=1\",\"contentUrl\":\"https:\\\/\\\/i0.wp.com\\\/touchproeurope.eu\\\/wp-content\\\/uploads\\\/2023\\\/10\\\/2b592c_b6944d80811246d987cc2c29accedf3f.png?fit=1417%2C531&ssl=1\",\"width\":1417,\"height\":531,\"caption\":\"TouchPro Europe BV\"},\"image\":{\"@id\":\"https:\\\/\\\/touchproeurope.eu\\\/#\\\/schema\\\/logo\\\/image\\\/\"},\"sameAs\":[\"https:\\\/\\\/www.facebook.com\\\/TouchproNederland\\\/?locale=nl_NL\\\/\",\"https:\\\/\\\/www.instagram.com\\\/touchpro2016\\\/\",\"https:\\\/\\\/www.linkedin.com\\\/company\\\/touchpro-europe-bv\\\/\"],\"description\":\"TouchPro Europe Shop is de massage winkel van Europa. Wij verkopen topkwaliteit massageproducten aan masseurs, pedicures, fysiotherapeuten, manicuren, Wellness centra, opleidingen, etc. TouchPro begon als een kleine webshop in Nederland, maar is nu uitgegroeid tot een webshop met klanten uit heel Europa. Wij bieden een breed assortiment aan massageproducten, waaronder massagetafels, oli\u00ebn, cr\u00e8mes, en accessoires van topmerken, zoals Earthlite, Stronglite en InnerStrenght, Habys, Living Earth Crafts en Continuum en andere leveranciers van massage accessoires. Bestel hier de beste massagematerialen van Europa!\",\"email\":\"info@touchpro-europe.com\",\"telephone\":\"0858768829\",\"legalName\":\"TouchPro Europe BV\",\"foundingDate\":\"2018-01-11\",\"vatID\":\"NL855430151B01\",\"numberOfEmployees\":{\"@type\":\"QuantitativeValue\",\"minValue\":\"1\",\"maxValue\":\"10\"},\"hasMerchantReturnPolicy\":{\"@type\":\"MerchantReturnPolicy\",\"merchantReturnLink\":\"https:\\\/\\\/touchproeurope.eu\\\/it\\\/retourbeleid\\\/\"}}]}<\/script>\n<meta property=\"product:brand\" content=\"Earthlite\" \/>\n<meta property=\"product:price:amount\" content=\"12.00\" \/>\n<meta property=\"product:price:currency\" content=\"EUR\" \/>\n<meta property=\"og:availability\" content=\"instock\" \/>\n<meta property=\"product:availability\" content=\"instock\" \/>\n<meta property=\"product:retailer_item_id\" content=\"42158\" \/>\n<meta property=\"product:condition\" content=\"new\" \/>\n<!-- \/ Yoast SEO Premium plugin. -->","yoast_head_json":{"title":"Earthlite flanellen cover Crescent Samadhi-Pro (2 stuks) - blauw - TouchPro Europe Shop","description":"Bescherm en verfraai uw massagetafel of massagestoel met de Earthlite flanellen cover Crescent. Ervaar meer comfort tijdens uw massagebehandeling.","robots":{"index":"index","follow":"follow","max-snippet":"max-snippet:-1","max-image-preview":"max-image-preview:large","max-video-preview":"max-video-preview:-1"},"canonical":"https:\/\/touchproeurope.eu\/it\/product\/earthlite-flanellen-cover-crescent-samadhi-pro-2-stuks-blauw\/","og_locale":"it_IT","og_type":"article","og_title":"Earthlite flanellen cover Crescent Samadhi-Pro (2 stuks) - blauw","og_description":"Bescherm en verfraai uw massagetafel of massagestoel met de Earthlite flanellen cover Crescent. Ervaar meer comfort tijdens uw massagebehandeling.","og_url":"https:\/\/touchproeurope.eu\/it\/product\/earthlite-flanellen-cover-crescent-samadhi-pro-2-stuks-blauw\/","og_site_name":"TouchPro Europe Shop","article_publisher":"https:\/\/www.facebook.com\/TouchproNederland\/?locale=nl_NL%2f","article_modified_time":"2026-03-18T14:32:38+00:00","og_image":[{"width":800,"height":800,"url":"https:\/\/touchproeurope.eu\/wp-content\/uploads\/2023\/11\/flannel_-_crescent_cover_-_blue_1-e1724930760330.jpg","type":"image\/jpeg"}],"twitter_card":"summary_large_image","twitter_misc":{"Prezzo":"&euro;&nbsp;12,00 incl. BTW","Disponibilit\u00e0":"In stock"},"schema":{"@context":"https:\/\/schema.org","@graph":[{"@type":"WebPage","@id":"https:\/\/touchproeurope.eu\/product\/earthlite-flanellen-cover-crescent-samadhi-pro-2-stuks-blauw\/","url":"https:\/\/touchproeurope.eu\/product\/earthlite-flanellen-cover-crescent-samadhi-pro-2-stuks-blauw\/","name":"Earthlite flanellen cover Crescent Samadhi-Pro (2 stuks) - blauw - TouchPro Europe Shop","isPartOf":{"@id":"https:\/\/touchproeurope.eu\/#website"},"primaryImageOfPage":{"@id":"https:\/\/touchproeurope.eu\/product\/earthlite-flanellen-cover-crescent-samadhi-pro-2-stuks-blauw\/#primaryimage"},"image":{"@id":"https:\/\/touchproeurope.eu\/product\/earthlite-flanellen-cover-crescent-samadhi-pro-2-stuks-blauw\/#primaryimage"},"thumbnailUrl":"https:\/\/i0.wp.com\/touchproeurope.eu\/wp-content\/uploads\/2023\/11\/flannel_-_crescent_cover_-_blue_1-e1724930760330.jpg?fit=800%2C800&ssl=1","datePublished":"2023-11-09T16:02:47+00:00","dateModified":"2026-03-18T14:32:38+00:00","description":"Bescherm en verfraai uw massagetafel of massagestoel met de Earthlite flanellen cover Crescent. Ervaar meer comfort tijdens uw massagebehandeling.","breadcrumb":{"@id":"https:\/\/touchproeurope.eu\/product\/earthlite-flanellen-cover-crescent-samadhi-pro-2-stuks-blauw\/#breadcrumb"},"inLanguage":"it-IT","potentialAction":[{"@type":"ReadAction","target":["https:\/\/touchproeurope.eu\/product\/earthlite-flanellen-cover-crescent-samadhi-pro-2-stuks-blauw\/"]}]},{"@type":"ImageObject","inLanguage":"it-IT","@id":"https:\/\/touchproeurope.eu\/product\/earthlite-flanellen-cover-crescent-samadhi-pro-2-stuks-blauw\/#primaryimage","url":"https:\/\/i0.wp.com\/touchproeurope.eu\/wp-content\/uploads\/2023\/11\/flannel_-_crescent_cover_-_blue_1-e1724930760330.jpg?fit=800%2C800&ssl=1","contentUrl":"https:\/\/i0.wp.com\/touchproeurope.eu\/wp-content\/uploads\/2023\/11\/flannel_-_crescent_cover_-_blue_1-e1724930760330.jpg?fit=800%2C800&ssl=1","width":800,"height":800,"caption":"Earthlite flanellen cover Crescent Samadhi-Pro (2 stuks) - blauw"},{"@type":"BreadcrumbList","@id":"https:\/\/touchproeurope.eu\/product\/earthlite-flanellen-cover-crescent-samadhi-pro-2-stuks-blauw\/#breadcrumb","itemListElement":[{"@type":"ListItem","position":1,"name":"Home","item":"https:\/\/touchproeurope.eu\/"},{"@type":"ListItem","position":2,"name":"Winkel","item":"https:\/\/touchproeurope.eu\/winkel\/"},{"@type":"ListItem","position":3,"name":"Earthlite flanellen cover Crescent Samadhi-Pro (2 stuks) &#8211; blauw"}]},{"@type":"WebSite","@id":"https:\/\/touchproeurope.eu\/#website","url":"https:\/\/touchproeurope.eu\/","name":"Negozio TouchPro Europe","description":"Tutto per il vostro studio con un tocco professionale!","publisher":{"@id":"https:\/\/touchproeurope.eu\/#organization"},"alternateName":"TPE","potentialAction":[{"@type":"SearchAction","target":{"@type":"EntryPoint","urlTemplate":"https:\/\/touchproeurope.eu\/?s={search_term_string}"},"query-input":{"@type":"PropertyValueSpecification","valueRequired":true,"valueName":"search_term_string"}}],"inLanguage":"it-IT"},{"@type":"Organization","@id":"https:\/\/touchproeurope.eu\/#organization","name":"TouchPro Europe BV","alternateName":"TPE","url":"https:\/\/touchproeurope.eu\/","logo":{"@type":"ImageObject","inLanguage":"it-IT","@id":"https:\/\/touchproeurope.eu\/#\/schema\/logo\/image\/","url":"https:\/\/i0.wp.com\/touchproeurope.eu\/wp-content\/uploads\/2023\/10\/2b592c_b6944d80811246d987cc2c29accedf3f.png?fit=1417%2C531&ssl=1","contentUrl":"https:\/\/i0.wp.com\/touchproeurope.eu\/wp-content\/uploads\/2023\/10\/2b592c_b6944d80811246d987cc2c29accedf3f.png?fit=1417%2C531&ssl=1","width":1417,"height":531,"caption":"TouchPro Europe BV"},"image":{"@id":"https:\/\/touchproeurope.eu\/#\/schema\/logo\/image\/"},"sameAs":["https:\/\/www.facebook.com\/TouchproNederland\/?locale=nl_NL\/","https:\/\/www.instagram.com\/touchpro2016\/","https:\/\/www.linkedin.com\/company\/touchpro-europe-bv\/"],"description":"TouchPro Europe Shop \u00e8 il negozio di massaggi d'Europa. Vendiamo prodotti per il massaggio di alta qualit\u00e0 a massaggiatori, pedicuristi, fisioterapisti, manicuristi, centri benessere, corsi di formazione, ecc. TouchPro \u00e8 nato come un piccolo negozio nei Paesi Bassi, ma ora \u00e8 diventato un negozio con clienti da tutta Europa. Offriamo un'ampia gamma di prodotti per il massaggio, tra cui lettini, oli, creme e accessori delle migliori marche come Earthlite, Stronglite e InnerStrenght, Habys, Living Earth Crafts e Continuum e altri fornitori di accessori per il massaggio. Ordinate qui le migliori forniture per massaggi d'Europa!","email":"info@touchpro-europe.com","telephone":"0858768829","legalName":"TouchPro Europe BV","foundingDate":"2018-01-11","vatID":"NL855430151B01","numberOfEmployees":{"@type":"QuantitativeValue","minValue":"1","maxValue":"10"},"hasMerchantReturnPolicy":{"@type":"MerchantReturnPolicy","merchantReturnLink":"https:\/\/touchproeurope.eu\/it\/retourbeleid\/"}}]},"product_brand":"Earthlite","product_price_amount":"12.00","product_price_currency":"EUR","og_availability":"instock","product_availability":"instock","product_retailer_item_id":"42158","product_condition":"new"},"_links":{"self":[{"href":"https:\/\/touchproeurope.eu\/it\/wp-json\/wp\/v2\/product\/3046","targetHints":{"allow":["GET"]}}],"collection":[{"href":"https:\/\/touchproeurope.eu\/it\/wp-json\/wp\/v2\/product"}],"about":[{"href":"https:\/\/touchproeurope.eu\/it\/wp-json\/wp\/v2\/types\/product"}],"replies":[{"embeddable":true,"href":"https:\/\/touchproeurope.eu\/it\/wp-json\/wp\/v2\/comments?post=3046"}],"version-history":[{"count":4,"href":"https:\/\/touchproeurope.eu\/it\/wp-json\/wp\/v2\/product\/3046\/revisions"}],"predecessor-version":[{"id":6539,"href":"https:\/\/touchproeurope.eu\/it\/wp-json\/wp\/v2\/product\/3046\/revisions\/6539"}],"wp:featuredmedia":[{"embeddable":true,"href":"https:\/\/touchproeurope.eu\/it\/wp-json\/wp\/v2\/media\/6536"}],"wp:attachment":[{"href":"https:\/\/touchproeurope.eu\/it\/wp-json\/wp\/v2\/media?parent=3046"}],"wp:term":[{"taxonomy":"product_brand","embeddable":true,"href":"https:\/\/touchproeurope.eu\/it\/wp-json\/wp\/v2\/product_brand?post=3046"},{"taxonomy":"product_cat","embeddable":true,"href":"https:\/\/touchproeurope.eu\/it\/wp-json\/wp\/v2\/product_cat?post=3046"},{"taxonomy":"product_tag","embeddable":true,"href":"https:\/\/touchproeurope.eu\/it\/wp-json\/wp\/v2\/product_tag?post=3046"}],"curies":[{"name":"wp","href":"https:\/\/api.w.org\/{rel}","templated":true}]}}