{"id":3052,"date":"2023-11-09T16:02:58","date_gmt":"2023-11-09T16:02:58","guid":{"rendered":"https:\/\/touchproeurope.eu\/?post_type=product&#038;p=3052"},"modified":"2026-04-22T09:31:52","modified_gmt":"2026-04-22T09:31:52","slug":"set-di-imbottiture-in-pile-earthlite-basic","status":"publish","type":"product","link":"https:\/\/touchproeurope.eu\/it\/product\/earthlite-basic-fleece-pad-set\/","title":{"rendered":"Set di imbottiture in pile Earthlite Basic"},"content":{"rendered":"<p>Aggiungete uno strato di comfort in pi\u00f9 al vostro lettino da massaggio con il set di tappetini in pile Earthlite Basic. Questo set, che comprende un cuscinetto in pile per il lettino e una copertura per il poggiaviso, offre mezzo centimetro di morbidezza in pi\u00f9, rendendo l'esperienza ancora pi\u00f9 piacevole per i vostri clienti.<\/p>\n<p>Il comfort \u00e8 aumentato dal mezzo pollice di pile in pi\u00f9, che aggiunge un tocco di lusso a ogni trattamento. Funzionale e confortevole, questo set prolunga anche la durata del piano del tavolo, rendendolo un investimento intelligente a lungo termine.<\/p>\n<p>Le cinghie elastiche angolari assicurano una presa sicura e impediscono lo scivolamento, consentendo di lavorare indisturbati durante i trattamenti. Facile da tenere pulito, grazie alla possibilit\u00e0 di lavare e asciugare in lavatrice, questo set rimane sempre fresco e igienico.<\/p>\n<p>Adatto alla maggior parte delle marche di lettini, il set di cuscinetti da tavolo in pile Basics rappresenta una scelta versatile per qualsiasi studio professionale. Migliorate la vostra esperienza di massaggio e offrite ai vostri clienti l'ultima combinazione di comfort e funzionalit\u00e0.<\/p>\n<p>Ordinate subito il set di materassini in pile Earthlite Basic e trasformate ogni trattamento in un'oasi di relax e lusso. Offrite ai vostri clienti la morbidezza e il comfort che meritano.<\/p>","protected":false},"excerpt":{"rendered":"<p>Il set di materassini in pile Earthlite basic per il lettino da massaggio \u00e8 completo di copertura in pile per il lettino e di copertura per il poggiatesta. Il set \u00e8 realizzato in pile sintetico, lavabile e facile da asciugare. Il set offre uno strato extra confortevole su cui sdraiarsi e risulta morbido e caldo al tatto.<\/p>\n<p>Dettagli:<\/p>\n<ul>\n<li>Si adatta a tavoli larghi 71 - 76 cm e lunghi 185 - 192 cm.<\/li>\n<\/ul>\n<ul>\n<li>Materiale sintetico<\/li>\n<li>90% Poliestere<\/li>\n<li>10% Acrilico<\/li>\n<li>Per tavolo e poggiatesta<\/li>\n<\/ul>\n<div><\/div>","protected":false},"featured_media":5116,"comment_status":"open","ping_status":"closed","template":"","meta":[],"product_brand":[343],"product_cat":[99,109,480,104],"product_tag":[209,85,241],"class_list":{"0":"post-3052","1":"product","2":"type-product","3":"status-publish","4":"has-post-thumbnail","6":"product_brand-earthlite","7":"product_cat-accessoires","8":"product_cat-katoenen-covers-tafellinnen","9":"product_cat-tafellinnen-covers","10":"product_cat-tafelwarmers","11":"product_tag-basic","12":"product_tag-earthlite","13":"product_tag-fleece-pad","14":"product_shipping_class-klein-pakket","15":"pa_kleur-wit","16":"pa_merk-earthlite","18":"first","19":"instock","20":"taxable","21":"shipping-taxable","22":"purchasable","23":"product-type-simple"},"yoast_head":"<!-- This site is optimized with the Yoast SEO Premium plugin v27.5 (Yoast SEO v27.5) - https:\/\/yoast.com\/product\/yoast-seo-premium-wordpress\/ -->\n<title>Earthlite Basic Fleece Pad Set - TouchPro Europe Shop<\/title>\n<meta name=\"description\" content=\"Voeg extra zachtheid toe aan je massagetafel met Earthlite Basic Fleece Pad Set - ervaar luxe comfort met elke behandeling! \ud83d\udecb\ufe0fBestel bij TouchPro Europe!\" \/>\n<meta name=\"robots\" content=\"index, follow, max-snippet:-1, max-image-preview:large, max-video-preview:-1\" \/>\n<link rel=\"canonical\" href=\"https:\/\/touchproeurope.eu\/it\/product\/set-di-imbottiture-in-pile-earthlite-basic\/\" \/>\n<meta property=\"og:locale\" content=\"it_IT\" \/>\n<meta property=\"og:type\" content=\"article\" \/>\n<meta property=\"og:title\" content=\"Earthlite Basic Fleece Pad Set\" \/>\n<meta property=\"og:description\" content=\"Voeg extra zachtheid toe aan je massagetafel met Earthlite Basic Fleece Pad Set - ervaar luxe comfort met elke behandeling! \ud83d\udecb\ufe0fBestel bij TouchPro Europe!\" \/>\n<meta property=\"og:url\" content=\"https:\/\/touchproeurope.eu\/it\/product\/set-di-imbottiture-in-pile-earthlite-basic\/\" \/>\n<meta property=\"og:site_name\" content=\"TouchPro Europe Shop\" \/>\n<meta property=\"article:publisher\" content=\"https:\/\/www.facebook.com\/TouchproNederland\/?locale=nl_NL%2f\" \/>\n<meta property=\"article:modified_time\" content=\"2026-04-22T09:31:52+00:00\" \/>\n<meta property=\"og:image\" content=\"https:\/\/touchproeurope.eu\/wp-content\/uploads\/2023\/11\/38865159750_c4ce951698_c-min.jpg\" \/>\n\t<meta property=\"og:image:width\" content=\"800\" \/>\n\t<meta property=\"og:image:height\" content=\"800\" \/>\n\t<meta property=\"og:image:type\" content=\"image\/jpeg\" \/>\n<meta name=\"twitter:card\" content=\"summary_large_image\" \/>\n<meta name=\"twitter:label1\" content=\"Prezzo\" \/>\n\t<meta name=\"twitter:data1\" content=\"&euro;&nbsp;48,40 incl. BTW\" \/>\n\t<meta name=\"twitter:label2\" content=\"Disponibilit\u00e0\" \/>\n\t<meta name=\"twitter:data2\" content=\"In stock\" \/>\n<script type=\"application\/ld+json\" class=\"yoast-schema-graph\">{\"@context\":\"https:\\\/\\\/schema.org\",\"@graph\":[{\"@type\":\"WebPage\",\"@id\":\"https:\\\/\\\/touchproeurope.eu\\\/product\\\/earthlite-basic-fleece-pad-set\\\/\",\"url\":\"https:\\\/\\\/touchproeurope.eu\\\/product\\\/earthlite-basic-fleece-pad-set\\\/\",\"name\":\"Earthlite Basic Fleece Pad Set - TouchPro Europe Shop\",\"isPartOf\":{\"@id\":\"https:\\\/\\\/touchproeurope.eu\\\/#website\"},\"primaryImageOfPage\":{\"@id\":\"https:\\\/\\\/touchproeurope.eu\\\/product\\\/earthlite-basic-fleece-pad-set\\\/#primaryimage\"},\"image\":{\"@id\":\"https:\\\/\\\/touchproeurope.eu\\\/product\\\/earthlite-basic-fleece-pad-set\\\/#primaryimage\"},\"thumbnailUrl\":\"https:\\\/\\\/i0.wp.com\\\/touchproeurope.eu\\\/wp-content\\\/uploads\\\/2023\\\/11\\\/38865159750_c4ce951698_c-min.jpg?fit=800%2C800&ssl=1\",\"datePublished\":\"2023-11-09T16:02:58+00:00\",\"dateModified\":\"2026-04-22T09:31:52+00:00\",\"description\":\"Voeg extra zachtheid toe aan je massagetafel met Earthlite Basic Fleece Pad Set - ervaar luxe comfort met elke behandeling! \ud83d\udecb\ufe0fBestel bij TouchPro Europe!\",\"breadcrumb\":{\"@id\":\"https:\\\/\\\/touchproeurope.eu\\\/product\\\/earthlite-basic-fleece-pad-set\\\/#breadcrumb\"},\"inLanguage\":\"it-IT\",\"potentialAction\":[{\"@type\":\"ReadAction\",\"target\":[\"https:\\\/\\\/touchproeurope.eu\\\/product\\\/earthlite-basic-fleece-pad-set\\\/\"]}]},{\"@type\":\"ImageObject\",\"inLanguage\":\"it-IT\",\"@id\":\"https:\\\/\\\/touchproeurope.eu\\\/product\\\/earthlite-basic-fleece-pad-set\\\/#primaryimage\",\"url\":\"https:\\\/\\\/i0.wp.com\\\/touchproeurope.eu\\\/wp-content\\\/uploads\\\/2023\\\/11\\\/38865159750_c4ce951698_c-min.jpg?fit=800%2C800&ssl=1\",\"contentUrl\":\"https:\\\/\\\/i0.wp.com\\\/touchproeurope.eu\\\/wp-content\\\/uploads\\\/2023\\\/11\\\/38865159750_c4ce951698_c-min.jpg?fit=800%2C800&ssl=1\",\"width\":800,\"height\":800,\"caption\":\"Earthlite Basic Fleece Pad Set\"},{\"@type\":\"BreadcrumbList\",\"@id\":\"https:\\\/\\\/touchproeurope.eu\\\/product\\\/earthlite-basic-fleece-pad-set\\\/#breadcrumb\",\"itemListElement\":[{\"@type\":\"ListItem\",\"position\":1,\"name\":\"Home\",\"item\":\"https:\\\/\\\/touchproeurope.eu\\\/\"},{\"@type\":\"ListItem\",\"position\":2,\"name\":\"Winkel\",\"item\":\"https:\\\/\\\/touchproeurope.eu\\\/winkel\\\/\"},{\"@type\":\"ListItem\",\"position\":3,\"name\":\"Earthlite Basic Fleece Pad Set\"}]},{\"@type\":\"WebSite\",\"@id\":\"https:\\\/\\\/touchproeurope.eu\\\/#website\",\"url\":\"https:\\\/\\\/touchproeurope.eu\\\/\",\"name\":\"TouchPro Europe Shop\",\"description\":\"Alles voor jouw praktijk met een PROfessionele Touch!\",\"publisher\":{\"@id\":\"https:\\\/\\\/touchproeurope.eu\\\/#organization\"},\"alternateName\":\"TPE\",\"potentialAction\":[{\"@type\":\"SearchAction\",\"target\":{\"@type\":\"EntryPoint\",\"urlTemplate\":\"https:\\\/\\\/touchproeurope.eu\\\/?s={search_term_string}\"},\"query-input\":{\"@type\":\"PropertyValueSpecification\",\"valueRequired\":true,\"valueName\":\"search_term_string\"}}],\"inLanguage\":\"it-IT\"},{\"@type\":\"Organization\",\"@id\":\"https:\\\/\\\/touchproeurope.eu\\\/#organization\",\"name\":\"TouchPro Europe BV\",\"alternateName\":\"TPE\",\"url\":\"https:\\\/\\\/touchproeurope.eu\\\/\",\"logo\":{\"@type\":\"ImageObject\",\"inLanguage\":\"it-IT\",\"@id\":\"https:\\\/\\\/touchproeurope.eu\\\/#\\\/schema\\\/logo\\\/image\\\/\",\"url\":\"https:\\\/\\\/i0.wp.com\\\/touchproeurope.eu\\\/wp-content\\\/uploads\\\/2023\\\/10\\\/2b592c_b6944d80811246d987cc2c29accedf3f.png?fit=1417%2C531&ssl=1\",\"contentUrl\":\"https:\\\/\\\/i0.wp.com\\\/touchproeurope.eu\\\/wp-content\\\/uploads\\\/2023\\\/10\\\/2b592c_b6944d80811246d987cc2c29accedf3f.png?fit=1417%2C531&ssl=1\",\"width\":1417,\"height\":531,\"caption\":\"TouchPro Europe BV\"},\"image\":{\"@id\":\"https:\\\/\\\/touchproeurope.eu\\\/#\\\/schema\\\/logo\\\/image\\\/\"},\"sameAs\":[\"https:\\\/\\\/www.facebook.com\\\/TouchproNederland\\\/?locale=nl_NL\\\/\",\"https:\\\/\\\/www.instagram.com\\\/touchpro2016\\\/\",\"https:\\\/\\\/www.linkedin.com\\\/company\\\/touchpro-europe-bv\\\/\"],\"description\":\"TouchPro Europe Shop is de massage winkel van Europa. Wij verkopen topkwaliteit massageproducten aan masseurs, pedicures, fysiotherapeuten, manicuren, Wellness centra, opleidingen, etc. TouchPro begon als een kleine webshop in Nederland, maar is nu uitgegroeid tot een webshop met klanten uit heel Europa. Wij bieden een breed assortiment aan massageproducten, waaronder massagetafels, oli\u00ebn, cr\u00e8mes, en accessoires van topmerken, zoals Earthlite, Stronglite en InnerStrenght, Habys, Living Earth Crafts en Continuum en andere leveranciers van massage accessoires. Bestel hier de beste massagematerialen van Europa!\",\"email\":\"info@touchpro-europe.com\",\"telephone\":\"0858768829\",\"legalName\":\"TouchPro Europe BV\",\"foundingDate\":\"2018-01-11\",\"vatID\":\"NL855430151B01\",\"numberOfEmployees\":{\"@type\":\"QuantitativeValue\",\"minValue\":\"1\",\"maxValue\":\"10\"},\"hasMerchantReturnPolicy\":{\"@type\":\"MerchantReturnPolicy\",\"merchantReturnLink\":\"https:\\\/\\\/touchproeurope.eu\\\/it\\\/retourbeleid\\\/\"}}]}<\/script>\n<meta property=\"product:brand\" content=\"Earthlite\" \/>\n<meta property=\"product:price:amount\" content=\"48.40\" \/>\n<meta property=\"product:price:currency\" content=\"EUR\" \/>\n<meta property=\"og:availability\" content=\"instock\" \/>\n<meta property=\"product:availability\" content=\"instock\" \/>\n<meta property=\"product:retailer_item_id\" content=\"44200\" \/>\n<meta property=\"product:condition\" content=\"new\" \/>\n<!-- \/ Yoast SEO Premium plugin. -->","yoast_head_json":{"title":"Set di cuscinetti in pile Earthlite Basic - TouchPro Europe Shop","description":"Aggiungete una maggiore morbidezza al vostro lettino da massaggio con Earthlite Basic Fleece Pad Set - sperimentate un comfort di lusso ad ogni trattamento! \ud83d\udecb\ufe0fBestel presso TouchPro Europe!","robots":{"index":"index","follow":"follow","max-snippet":"max-snippet:-1","max-image-preview":"max-image-preview:large","max-video-preview":"max-video-preview:-1"},"canonical":"https:\/\/touchproeurope.eu\/it\/product\/set-di-imbottiture-in-pile-earthlite-basic\/","og_locale":"it_IT","og_type":"article","og_title":"Earthlite Basic Fleece Pad Set","og_description":"Voeg extra zachtheid toe aan je massagetafel met Earthlite Basic Fleece Pad Set - ervaar luxe comfort met elke behandeling! \ud83d\udecb\ufe0fBestel bij TouchPro Europe!","og_url":"https:\/\/touchproeurope.eu\/it\/product\/set-di-imbottiture-in-pile-earthlite-basic\/","og_site_name":"TouchPro Europe Shop","article_publisher":"https:\/\/www.facebook.com\/TouchproNederland\/?locale=nl_NL%2f","article_modified_time":"2026-04-22T09:31:52+00:00","og_image":[{"width":800,"height":800,"url":"https:\/\/touchproeurope.eu\/wp-content\/uploads\/2023\/11\/38865159750_c4ce951698_c-min.jpg","type":"image\/jpeg"}],"twitter_card":"summary_large_image","twitter_misc":{"Prezzo":"&euro;&nbsp;48,40 incl. BTW","Disponibilit\u00e0":"In stock"},"schema":{"@context":"https:\/\/schema.org","@graph":[{"@type":"WebPage","@id":"https:\/\/touchproeurope.eu\/product\/earthlite-basic-fleece-pad-set\/","url":"https:\/\/touchproeurope.eu\/product\/earthlite-basic-fleece-pad-set\/","name":"Set di cuscinetti in pile Earthlite Basic - TouchPro Europe Shop","isPartOf":{"@id":"https:\/\/touchproeurope.eu\/#website"},"primaryImageOfPage":{"@id":"https:\/\/touchproeurope.eu\/product\/earthlite-basic-fleece-pad-set\/#primaryimage"},"image":{"@id":"https:\/\/touchproeurope.eu\/product\/earthlite-basic-fleece-pad-set\/#primaryimage"},"thumbnailUrl":"https:\/\/i0.wp.com\/touchproeurope.eu\/wp-content\/uploads\/2023\/11\/38865159750_c4ce951698_c-min.jpg?fit=800%2C800&ssl=1","datePublished":"2023-11-09T16:02:58+00:00","dateModified":"2026-04-22T09:31:52+00:00","description":"Aggiungete una maggiore morbidezza al vostro lettino da massaggio con Earthlite Basic Fleece Pad Set - sperimentate un comfort di lusso ad ogni trattamento! \ud83d\udecb\ufe0fBestel presso TouchPro Europe!","breadcrumb":{"@id":"https:\/\/touchproeurope.eu\/product\/earthlite-basic-fleece-pad-set\/#breadcrumb"},"inLanguage":"it-IT","potentialAction":[{"@type":"ReadAction","target":["https:\/\/touchproeurope.eu\/product\/earthlite-basic-fleece-pad-set\/"]}]},{"@type":"ImageObject","inLanguage":"it-IT","@id":"https:\/\/touchproeurope.eu\/product\/earthlite-basic-fleece-pad-set\/#primaryimage","url":"https:\/\/i0.wp.com\/touchproeurope.eu\/wp-content\/uploads\/2023\/11\/38865159750_c4ce951698_c-min.jpg?fit=800%2C800&ssl=1","contentUrl":"https:\/\/i0.wp.com\/touchproeurope.eu\/wp-content\/uploads\/2023\/11\/38865159750_c4ce951698_c-min.jpg?fit=800%2C800&ssl=1","width":800,"height":800,"caption":"Earthlite Basic Fleece Pad Set"},{"@type":"BreadcrumbList","@id":"https:\/\/touchproeurope.eu\/product\/earthlite-basic-fleece-pad-set\/#breadcrumb","itemListElement":[{"@type":"ListItem","position":1,"name":"Home","item":"https:\/\/touchproeurope.eu\/"},{"@type":"ListItem","position":2,"name":"Winkel","item":"https:\/\/touchproeurope.eu\/winkel\/"},{"@type":"ListItem","position":3,"name":"Earthlite Basic Fleece Pad Set"}]},{"@type":"WebSite","@id":"https:\/\/touchproeurope.eu\/#website","url":"https:\/\/touchproeurope.eu\/","name":"Negozio TouchPro Europe","description":"Tutto per il vostro studio con un tocco professionale!","publisher":{"@id":"https:\/\/touchproeurope.eu\/#organization"},"alternateName":"TPE","potentialAction":[{"@type":"SearchAction","target":{"@type":"EntryPoint","urlTemplate":"https:\/\/touchproeurope.eu\/?s={search_term_string}"},"query-input":{"@type":"PropertyValueSpecification","valueRequired":true,"valueName":"search_term_string"}}],"inLanguage":"it-IT"},{"@type":"Organization","@id":"https:\/\/touchproeurope.eu\/#organization","name":"TouchPro Europe BV","alternateName":"TPE","url":"https:\/\/touchproeurope.eu\/","logo":{"@type":"ImageObject","inLanguage":"it-IT","@id":"https:\/\/touchproeurope.eu\/#\/schema\/logo\/image\/","url":"https:\/\/i0.wp.com\/touchproeurope.eu\/wp-content\/uploads\/2023\/10\/2b592c_b6944d80811246d987cc2c29accedf3f.png?fit=1417%2C531&ssl=1","contentUrl":"https:\/\/i0.wp.com\/touchproeurope.eu\/wp-content\/uploads\/2023\/10\/2b592c_b6944d80811246d987cc2c29accedf3f.png?fit=1417%2C531&ssl=1","width":1417,"height":531,"caption":"TouchPro Europe BV"},"image":{"@id":"https:\/\/touchproeurope.eu\/#\/schema\/logo\/image\/"},"sameAs":["https:\/\/www.facebook.com\/TouchproNederland\/?locale=nl_NL\/","https:\/\/www.instagram.com\/touchpro2016\/","https:\/\/www.linkedin.com\/company\/touchpro-europe-bv\/"],"description":"TouchPro Europe Shop \u00e8 il negozio di massaggi d'Europa. Vendiamo prodotti per il massaggio di alta qualit\u00e0 a massaggiatori, pedicuristi, fisioterapisti, manicuristi, centri benessere, corsi di formazione, ecc. TouchPro \u00e8 nato come un piccolo negozio nei Paesi Bassi, ma ora \u00e8 diventato un negozio con clienti da tutta Europa. Offriamo un'ampia gamma di prodotti per il massaggio, tra cui lettini, oli, creme e accessori delle migliori marche come Earthlite, Stronglite e InnerStrenght, Habys, Living Earth Crafts e Continuum e altri fornitori di accessori per il massaggio. Ordinate qui le migliori forniture per massaggi d'Europa!","email":"info@touchpro-europe.com","telephone":"0858768829","legalName":"TouchPro Europe BV","foundingDate":"2018-01-11","vatID":"NL855430151B01","numberOfEmployees":{"@type":"QuantitativeValue","minValue":"1","maxValue":"10"},"hasMerchantReturnPolicy":{"@type":"MerchantReturnPolicy","merchantReturnLink":"https:\/\/touchproeurope.eu\/it\/retourbeleid\/"}}]},"product_brand":"Earthlite","product_price_amount":"48.40","product_price_currency":"EUR","og_availability":"instock","product_availability":"instock","product_retailer_item_id":"44200","product_condition":"new"},"_links":{"self":[{"href":"https:\/\/touchproeurope.eu\/it\/wp-json\/wp\/v2\/product\/3052","targetHints":{"allow":["GET"]}}],"collection":[{"href":"https:\/\/touchproeurope.eu\/it\/wp-json\/wp\/v2\/product"}],"about":[{"href":"https:\/\/touchproeurope.eu\/it\/wp-json\/wp\/v2\/types\/product"}],"replies":[{"embeddable":true,"href":"https:\/\/touchproeurope.eu\/it\/wp-json\/wp\/v2\/comments?post=3052"}],"version-history":[{"count":2,"href":"https:\/\/touchproeurope.eu\/it\/wp-json\/wp\/v2\/product\/3052\/revisions"}],"predecessor-version":[{"id":5118,"href":"https:\/\/touchproeurope.eu\/it\/wp-json\/wp\/v2\/product\/3052\/revisions\/5118"}],"wp:featuredmedia":[{"embeddable":true,"href":"https:\/\/touchproeurope.eu\/it\/wp-json\/wp\/v2\/media\/5116"}],"wp:attachment":[{"href":"https:\/\/touchproeurope.eu\/it\/wp-json\/wp\/v2\/media?parent=3052"}],"wp:term":[{"taxonomy":"product_brand","embeddable":true,"href":"https:\/\/touchproeurope.eu\/it\/wp-json\/wp\/v2\/product_brand?post=3052"},{"taxonomy":"product_cat","embeddable":true,"href":"https:\/\/touchproeurope.eu\/it\/wp-json\/wp\/v2\/product_cat?post=3052"},{"taxonomy":"product_tag","embeddable":true,"href":"https:\/\/touchproeurope.eu\/it\/wp-json\/wp\/v2\/product_tag?post=3052"}],"curies":[{"name":"wp","href":"https:\/\/api.w.org\/{rel}","templated":true}]}}