{"id":3089,"date":"2023-11-09T16:04:44","date_gmt":"2023-11-09T16:04:44","guid":{"rendered":"https:\/\/touchproeurope.eu\/?post_type=product&#038;p=3089"},"modified":"2026-03-31T12:37:38","modified_gmt":"2026-03-31T12:37:38","slug":"stronglite-ergopro","status":"publish","type":"product","link":"https:\/\/touchproeurope.eu\/it\/product\/stronglite-ergopro\/","title":{"rendered":"Stronglite ErgoPro 2"},"content":{"rendered":"<p>Ontdek de ultieme comfortbeleving met de Stronglite ErgoPro 2 massagestoel &#8211; een aanrader voor zowel de professionele masseur als de veeleisende klant. Deze stevige massagestoel, met zijn duurzame aluminium frame, biedt onge\u00ebvenaarde verstelbaarheid en comfort. De perfecte keuze voor wie op zoek is naar een betrouwbare en draagbare massage-ervaring.<\/p>\n<p>Het pakket, compleet met de Stronglite ErgoPro 2 massagestoel, bijbehorende draagtas en een deluxe verstelbare hoofdsteun met hoofdkussen, maakt deze stoel ideaal voor masseurs die onderweg zijn en streven naar professionele mobiliteit.<\/p>\n<p>De dikke kussens met afgeronde hoeken zorgen voor een ongekend comfort, waardoor elke massage een verwennerij wordt. De uitschuifbare poten stellen je in staat om de ideale werkhoogte en comfortniveau in te stellen. Terwijl de eenvoudig en traploos instelbare hoofd-, borst- en armsteun de ergonomie naar een hoger niveau tillen.<\/p>\n<p>Met afneembare kniesteunen en wieltjes onder de poten biedt de ErgoPro 2 maximale flexibiliteit en mobiliteit. Het gewicht van slechts 9 kg en een indrukwekkend werkgewicht van 272 kg maken deze stoel niet alleen krachtig, maar ook gemakkelijk te hanteren.<\/p>\n<p>De zachte 100% vinyl bekleding voegt een vleugje luxe toe aan de algehele ervaring.\u00a0Investeer in het beste voor jouw praktijk of persoonlijk welzijn. Bestel vandaag nog de Stronglite ErgoPro 2 massagestoel en til jouw massage-ervaring naar nieuwe hoogten!<\/p>","protected":false},"excerpt":{"rendered":"<p><strong>De Stronglite ErgoPro 2:<\/strong> Deze massagestoel bevelen wij aan voor de professionele masseur maar ook voor de klant. Deze stevige massagestoel met een duurzaam, aluminium frame is compleet verstelbaar. Met de bijbehorende draagtas is deze stoel ideaal voor elke masseur onderweg. Ook heeft de stoel dikke kussens met afgeronde hoeken voor optimaal comfort.<\/p>\n<p>Il pacchetto \u00e8 composto da:<\/p>\n<ul>\n<li>De ErgoPro 2 massagestoel<\/li>\n<li>Bijbehorende draagtas<\/li>\n<li>Deluxe verstelbare hoofdsteun met hoofdkussen<\/li>\n<\/ul>\n<p>Caratteristiche:<\/p>\n<ul>\n<li>Uitschuifbare poten voor het instellen van de juiste werkhoogte en comfort<\/li>\n<li>Eenvoudig en traploos instelbare hoofd-, borst- en armsteun<\/li>\n<li>Afneembare kniesteunen<\/li>\n<li>Poten zijn voorzien van wieltjes<\/li>\n<li>Gewicht: 9 kg<\/li>\n<li>Werkgewicht: 272 kg<\/li>\n<li>Zachte 100% vinyl bekleding.<\/li>\n<li>Foglio di vendita ufficiale: <a href=\"https:\/\/b2b.earthlite.eu\/media\/wysiwyg\/SalesSheets\/Ergo_Pro_II_-_1-300-0045_-_Rev_082118.pdf\" target=\"_blank\" rel=\"noopener\">Stronglite ErgoPro 2<\/a><\/li>\n<\/ul>\n<p>&nbsp;<\/p>","protected":false},"featured_media":3088,"comment_status":"open","ping_status":"closed","template":"","meta":[],"product_brand":[396],"product_cat":[98],"product_tag":[141,19,21],"class_list":{"0":"post-3089","1":"product","2":"type-product","3":"status-publish","4":"has-post-thumbnail","6":"product_brand-stronglite","7":"product_cat-massagestoelen","8":"product_tag-ergopro-2","9":"product_tag-massagestoel","10":"product_tag-stronglite","11":"product_shipping_class-klein-pakket","12":"pa_kleur-blauw","13":"pa_kleur-bordeaux","14":"pa_kleur-groen","15":"pa_kleur-paars","16":"pa_kleur-vanille-creme","17":"pa_kleur-zwart","18":"pa_merk-stronglite","20":"first","21":"instock","22":"featured","23":"taxable","24":"shipping-taxable","25":"purchasable","26":"product-type-variable"},"yoast_head":"<!-- This site is optimized with the Yoast SEO Premium plugin v27.3 (Yoast SEO v27.3) - https:\/\/yoast.com\/product\/yoast-seo-premium-wordpress\/ -->\n<title>Stronglite ErgoPro 2 - TouchPro Europe Shop<\/title>\n<meta name=\"description\" content=\"Op zoek naar de beste massagestoel? De Stronglite ErgoPro 2 biedt onge\u00ebvenaard comfort en een degelijk aluminium frame. Ontdek het vandaag!\" \/>\n<meta name=\"robots\" content=\"index, follow, max-snippet:-1, max-image-preview:large, max-video-preview:-1\" \/>\n<link rel=\"canonical\" href=\"https:\/\/touchproeurope.eu\/it\/product\/stronglite-ergopro\/\" \/>\n<meta property=\"og:locale\" content=\"it_IT\" \/>\n<meta property=\"og:type\" content=\"article\" \/>\n<meta property=\"og:title\" content=\"Stronglite ErgoPro 2\" \/>\n<meta property=\"og:description\" content=\"Op zoek naar de beste massagestoel? De Stronglite ErgoPro 2 biedt onge\u00ebvenaard comfort en een degelijk aluminium frame. Ontdek het vandaag!\" \/>\n<meta property=\"og:url\" content=\"https:\/\/touchproeurope.eu\/it\/product\/stronglite-ergopro\/\" \/>\n<meta property=\"og:site_name\" content=\"TouchPro Europe Shop\" \/>\n<meta property=\"article:publisher\" content=\"https:\/\/www.facebook.com\/TouchproNederland\/?locale=nl_NL%2f\" \/>\n<meta property=\"article:modified_time\" content=\"2026-03-31T12:37:38+00:00\" \/>\n<meta property=\"og:image\" content=\"https:\/\/touchproeurope.eu\/wp-content\/uploads\/2023\/11\/926200222.jpg\" \/>\n\t<meta property=\"og:image:width\" content=\"2000\" \/>\n\t<meta property=\"og:image:height\" content=\"2000\" \/>\n\t<meta property=\"og:image:type\" content=\"image\/jpeg\" \/>\n<meta name=\"twitter:card\" content=\"summary_large_image\" \/>\n<meta name=\"twitter:label1\" content=\"Disponibilit\u00e0\" \/>\n\t<meta name=\"twitter:data1\" content=\"In stock\" \/>\n<script type=\"application\/ld+json\" class=\"yoast-schema-graph\">{\"@context\":\"https:\\\/\\\/schema.org\",\"@graph\":[{\"@type\":\"WebPage\",\"@id\":\"https:\\\/\\\/touchproeurope.eu\\\/product\\\/stronglite-ergopro\\\/\",\"url\":\"https:\\\/\\\/touchproeurope.eu\\\/product\\\/stronglite-ergopro\\\/\",\"name\":\"Stronglite ErgoPro 2 - TouchPro Europe Shop\",\"isPartOf\":{\"@id\":\"https:\\\/\\\/touchproeurope.eu\\\/#website\"},\"primaryImageOfPage\":{\"@id\":\"https:\\\/\\\/touchproeurope.eu\\\/product\\\/stronglite-ergopro\\\/#primaryimage\"},\"image\":{\"@id\":\"https:\\\/\\\/touchproeurope.eu\\\/product\\\/stronglite-ergopro\\\/#primaryimage\"},\"thumbnailUrl\":\"https:\\\/\\\/i0.wp.com\\\/touchproeurope.eu\\\/wp-content\\\/uploads\\\/2023\\\/11\\\/926200222.jpg?fit=2000%2C2000&ssl=1\",\"datePublished\":\"2023-11-09T16:04:44+00:00\",\"dateModified\":\"2026-03-31T12:37:38+00:00\",\"description\":\"Op zoek naar de beste massagestoel? De Stronglite ErgoPro 2 biedt onge\u00ebvenaard comfort en een degelijk aluminium frame. Ontdek het vandaag!\",\"breadcrumb\":{\"@id\":\"https:\\\/\\\/touchproeurope.eu\\\/product\\\/stronglite-ergopro\\\/#breadcrumb\"},\"inLanguage\":\"it-IT\",\"potentialAction\":[{\"@type\":\"ReadAction\",\"target\":[\"https:\\\/\\\/touchproeurope.eu\\\/product\\\/stronglite-ergopro\\\/\"]}]},{\"@type\":\"ImageObject\",\"inLanguage\":\"it-IT\",\"@id\":\"https:\\\/\\\/touchproeurope.eu\\\/product\\\/stronglite-ergopro\\\/#primaryimage\",\"url\":\"https:\\\/\\\/i0.wp.com\\\/touchproeurope.eu\\\/wp-content\\\/uploads\\\/2023\\\/11\\\/926200222.jpg?fit=2000%2C2000&ssl=1\",\"contentUrl\":\"https:\\\/\\\/i0.wp.com\\\/touchproeurope.eu\\\/wp-content\\\/uploads\\\/2023\\\/11\\\/926200222.jpg?fit=2000%2C2000&ssl=1\",\"width\":2000,\"height\":2000,\"caption\":\"Stronglite ErgoPro 2 Zwart\"},{\"@type\":\"BreadcrumbList\",\"@id\":\"https:\\\/\\\/touchproeurope.eu\\\/product\\\/stronglite-ergopro\\\/#breadcrumb\",\"itemListElement\":[{\"@type\":\"ListItem\",\"position\":1,\"name\":\"Home\",\"item\":\"https:\\\/\\\/touchproeurope.eu\\\/\"},{\"@type\":\"ListItem\",\"position\":2,\"name\":\"Winkel\",\"item\":\"https:\\\/\\\/touchproeurope.eu\\\/winkel\\\/\"},{\"@type\":\"ListItem\",\"position\":3,\"name\":\"Stronglite ErgoPro 2\"}]},{\"@type\":\"WebSite\",\"@id\":\"https:\\\/\\\/touchproeurope.eu\\\/#website\",\"url\":\"https:\\\/\\\/touchproeurope.eu\\\/\",\"name\":\"TouchPro Europe Shop\",\"description\":\"Alles voor jouw praktijk met een PROfessionele Touch!\",\"publisher\":{\"@id\":\"https:\\\/\\\/touchproeurope.eu\\\/#organization\"},\"alternateName\":\"TPE\",\"potentialAction\":[{\"@type\":\"SearchAction\",\"target\":{\"@type\":\"EntryPoint\",\"urlTemplate\":\"https:\\\/\\\/touchproeurope.eu\\\/?s={search_term_string}\"},\"query-input\":{\"@type\":\"PropertyValueSpecification\",\"valueRequired\":true,\"valueName\":\"search_term_string\"}}],\"inLanguage\":\"it-IT\"},{\"@type\":\"Organization\",\"@id\":\"https:\\\/\\\/touchproeurope.eu\\\/#organization\",\"name\":\"TouchPro Europe BV\",\"alternateName\":\"TPE\",\"url\":\"https:\\\/\\\/touchproeurope.eu\\\/\",\"logo\":{\"@type\":\"ImageObject\",\"inLanguage\":\"it-IT\",\"@id\":\"https:\\\/\\\/touchproeurope.eu\\\/#\\\/schema\\\/logo\\\/image\\\/\",\"url\":\"https:\\\/\\\/i0.wp.com\\\/touchproeurope.eu\\\/wp-content\\\/uploads\\\/2023\\\/10\\\/2b592c_b6944d80811246d987cc2c29accedf3f.png?fit=1417%2C531&ssl=1\",\"contentUrl\":\"https:\\\/\\\/i0.wp.com\\\/touchproeurope.eu\\\/wp-content\\\/uploads\\\/2023\\\/10\\\/2b592c_b6944d80811246d987cc2c29accedf3f.png?fit=1417%2C531&ssl=1\",\"width\":1417,\"height\":531,\"caption\":\"TouchPro Europe BV\"},\"image\":{\"@id\":\"https:\\\/\\\/touchproeurope.eu\\\/#\\\/schema\\\/logo\\\/image\\\/\"},\"sameAs\":[\"https:\\\/\\\/www.facebook.com\\\/TouchproNederland\\\/?locale=nl_NL\\\/\",\"https:\\\/\\\/www.instagram.com\\\/touchpro2016\\\/\",\"https:\\\/\\\/www.linkedin.com\\\/company\\\/touchpro-europe-bv\\\/\"],\"description\":\"TouchPro Europe Shop is de massage winkel van Europa. Wij verkopen topkwaliteit massageproducten aan masseurs, pedicures, fysiotherapeuten, manicuren, Wellness centra, opleidingen, etc. TouchPro begon als een kleine webshop in Nederland, maar is nu uitgegroeid tot een webshop met klanten uit heel Europa. Wij bieden een breed assortiment aan massageproducten, waaronder massagetafels, oli\u00ebn, cr\u00e8mes, en accessoires van topmerken, zoals Earthlite, Stronglite en InnerStrenght, Habys, Living Earth Crafts en Continuum en andere leveranciers van massage accessoires. Bestel hier de beste massagematerialen van Europa!\",\"email\":\"info@touchpro-europe.com\",\"telephone\":\"0858768829\",\"legalName\":\"TouchPro Europe BV\",\"foundingDate\":\"2018-01-11\",\"vatID\":\"NL855430151B01\",\"numberOfEmployees\":{\"@type\":\"QuantitativeValue\",\"minValue\":\"1\",\"maxValue\":\"10\"},\"hasMerchantReturnPolicy\":{\"@type\":\"MerchantReturnPolicy\",\"merchantReturnLink\":\"https:\\\/\\\/touchproeurope.eu\\\/it\\\/retourbeleid\\\/\"}}]}<\/script>\n<meta property=\"product:brand\" content=\"Stronglite\" \/>\n<meta property=\"og:availability\" content=\"instock\" \/>\n<meta property=\"product:availability\" content=\"instock\" \/>\n<meta property=\"product:retailer_item_id\" content=\"EPC2\" \/>\n<meta property=\"product:condition\" content=\"new\" \/>\n<!-- \/ Yoast SEO Premium plugin. -->","yoast_head_json":{"title":"Stronglite ErgoPro 2 - TouchPro Europe Shop","description":"Op zoek naar de beste massagestoel? De Stronglite ErgoPro 2 biedt onge\u00ebvenaard comfort en een degelijk aluminium frame. Ontdek het vandaag!","robots":{"index":"index","follow":"follow","max-snippet":"max-snippet:-1","max-image-preview":"max-image-preview:large","max-video-preview":"max-video-preview:-1"},"canonical":"https:\/\/touchproeurope.eu\/it\/product\/stronglite-ergopro\/","og_locale":"it_IT","og_type":"article","og_title":"Stronglite ErgoPro 2","og_description":"Op zoek naar de beste massagestoel? De Stronglite ErgoPro 2 biedt onge\u00ebvenaard comfort en een degelijk aluminium frame. Ontdek het vandaag!","og_url":"https:\/\/touchproeurope.eu\/it\/product\/stronglite-ergopro\/","og_site_name":"TouchPro Europe Shop","article_publisher":"https:\/\/www.facebook.com\/TouchproNederland\/?locale=nl_NL%2f","article_modified_time":"2026-03-31T12:37:38+00:00","og_image":[{"width":2000,"height":2000,"url":"https:\/\/touchproeurope.eu\/wp-content\/uploads\/2023\/11\/926200222.jpg","type":"image\/jpeg"}],"twitter_card":"summary_large_image","twitter_misc":{"Disponibilit\u00e0":"In stock"},"schema":{"@context":"https:\/\/schema.org","@graph":[{"@type":"WebPage","@id":"https:\/\/touchproeurope.eu\/product\/stronglite-ergopro\/","url":"https:\/\/touchproeurope.eu\/product\/stronglite-ergopro\/","name":"Stronglite ErgoPro 2 - TouchPro Europe Shop","isPartOf":{"@id":"https:\/\/touchproeurope.eu\/#website"},"primaryImageOfPage":{"@id":"https:\/\/touchproeurope.eu\/product\/stronglite-ergopro\/#primaryimage"},"image":{"@id":"https:\/\/touchproeurope.eu\/product\/stronglite-ergopro\/#primaryimage"},"thumbnailUrl":"https:\/\/i0.wp.com\/touchproeurope.eu\/wp-content\/uploads\/2023\/11\/926200222.jpg?fit=2000%2C2000&ssl=1","datePublished":"2023-11-09T16:04:44+00:00","dateModified":"2026-03-31T12:37:38+00:00","description":"Op zoek naar de beste massagestoel? De Stronglite ErgoPro 2 biedt onge\u00ebvenaard comfort en een degelijk aluminium frame. Ontdek het vandaag!","breadcrumb":{"@id":"https:\/\/touchproeurope.eu\/product\/stronglite-ergopro\/#breadcrumb"},"inLanguage":"it-IT","potentialAction":[{"@type":"ReadAction","target":["https:\/\/touchproeurope.eu\/product\/stronglite-ergopro\/"]}]},{"@type":"ImageObject","inLanguage":"it-IT","@id":"https:\/\/touchproeurope.eu\/product\/stronglite-ergopro\/#primaryimage","url":"https:\/\/i0.wp.com\/touchproeurope.eu\/wp-content\/uploads\/2023\/11\/926200222.jpg?fit=2000%2C2000&ssl=1","contentUrl":"https:\/\/i0.wp.com\/touchproeurope.eu\/wp-content\/uploads\/2023\/11\/926200222.jpg?fit=2000%2C2000&ssl=1","width":2000,"height":2000,"caption":"Stronglite ErgoPro 2 Zwart"},{"@type":"BreadcrumbList","@id":"https:\/\/touchproeurope.eu\/product\/stronglite-ergopro\/#breadcrumb","itemListElement":[{"@type":"ListItem","position":1,"name":"Home","item":"https:\/\/touchproeurope.eu\/"},{"@type":"ListItem","position":2,"name":"Winkel","item":"https:\/\/touchproeurope.eu\/winkel\/"},{"@type":"ListItem","position":3,"name":"Stronglite ErgoPro 2"}]},{"@type":"WebSite","@id":"https:\/\/touchproeurope.eu\/#website","url":"https:\/\/touchproeurope.eu\/","name":"Negozio TouchPro Europe","description":"Tutto per il vostro studio con un tocco professionale!","publisher":{"@id":"https:\/\/touchproeurope.eu\/#organization"},"alternateName":"TPE","potentialAction":[{"@type":"SearchAction","target":{"@type":"EntryPoint","urlTemplate":"https:\/\/touchproeurope.eu\/?s={search_term_string}"},"query-input":{"@type":"PropertyValueSpecification","valueRequired":true,"valueName":"search_term_string"}}],"inLanguage":"it-IT"},{"@type":"Organization","@id":"https:\/\/touchproeurope.eu\/#organization","name":"TouchPro Europe BV","alternateName":"TPE","url":"https:\/\/touchproeurope.eu\/","logo":{"@type":"ImageObject","inLanguage":"it-IT","@id":"https:\/\/touchproeurope.eu\/#\/schema\/logo\/image\/","url":"https:\/\/i0.wp.com\/touchproeurope.eu\/wp-content\/uploads\/2023\/10\/2b592c_b6944d80811246d987cc2c29accedf3f.png?fit=1417%2C531&ssl=1","contentUrl":"https:\/\/i0.wp.com\/touchproeurope.eu\/wp-content\/uploads\/2023\/10\/2b592c_b6944d80811246d987cc2c29accedf3f.png?fit=1417%2C531&ssl=1","width":1417,"height":531,"caption":"TouchPro Europe BV"},"image":{"@id":"https:\/\/touchproeurope.eu\/#\/schema\/logo\/image\/"},"sameAs":["https:\/\/www.facebook.com\/TouchproNederland\/?locale=nl_NL\/","https:\/\/www.instagram.com\/touchpro2016\/","https:\/\/www.linkedin.com\/company\/touchpro-europe-bv\/"],"description":"TouchPro Europe Shop \u00e8 il negozio di massaggi d'Europa. Vendiamo prodotti per il massaggio di alta qualit\u00e0 a massaggiatori, pedicuristi, fisioterapisti, manicuristi, centri benessere, corsi di formazione, ecc. TouchPro \u00e8 nato come un piccolo negozio nei Paesi Bassi, ma ora \u00e8 diventato un negozio con clienti da tutta Europa. Offriamo un'ampia gamma di prodotti per il massaggio, tra cui lettini, oli, creme e accessori delle migliori marche come Earthlite, Stronglite e InnerStrenght, Habys, Living Earth Crafts e Continuum e altri fornitori di accessori per il massaggio. Ordinate qui le migliori forniture per massaggi d'Europa!","email":"info@touchpro-europe.com","telephone":"0858768829","legalName":"TouchPro Europe BV","foundingDate":"2018-01-11","vatID":"NL855430151B01","numberOfEmployees":{"@type":"QuantitativeValue","minValue":"1","maxValue":"10"},"hasMerchantReturnPolicy":{"@type":"MerchantReturnPolicy","merchantReturnLink":"https:\/\/touchproeurope.eu\/it\/retourbeleid\/"}}]},"product_brand":"Stronglite","og_availability":"instock","product_availability":"instock","product_retailer_item_id":"EPC2","product_condition":"new"},"_links":{"self":[{"href":"https:\/\/touchproeurope.eu\/it\/wp-json\/wp\/v2\/product\/3089","targetHints":{"allow":["GET"]}}],"collection":[{"href":"https:\/\/touchproeurope.eu\/it\/wp-json\/wp\/v2\/product"}],"about":[{"href":"https:\/\/touchproeurope.eu\/it\/wp-json\/wp\/v2\/types\/product"}],"replies":[{"embeddable":true,"href":"https:\/\/touchproeurope.eu\/it\/wp-json\/wp\/v2\/comments?post=3089"}],"version-history":[{"count":4,"href":"https:\/\/touchproeurope.eu\/it\/wp-json\/wp\/v2\/product\/3089\/revisions"}],"predecessor-version":[{"id":3831,"href":"https:\/\/touchproeurope.eu\/it\/wp-json\/wp\/v2\/product\/3089\/revisions\/3831"}],"wp:featuredmedia":[{"embeddable":true,"href":"https:\/\/touchproeurope.eu\/it\/wp-json\/wp\/v2\/media\/3088"}],"wp:attachment":[{"href":"https:\/\/touchproeurope.eu\/it\/wp-json\/wp\/v2\/media?parent=3089"}],"wp:term":[{"taxonomy":"product_brand","embeddable":true,"href":"https:\/\/touchproeurope.eu\/it\/wp-json\/wp\/v2\/product_brand?post=3089"},{"taxonomy":"product_cat","embeddable":true,"href":"https:\/\/touchproeurope.eu\/it\/wp-json\/wp\/v2\/product_cat?post=3089"},{"taxonomy":"product_tag","embeddable":true,"href":"https:\/\/touchproeurope.eu\/it\/wp-json\/wp\/v2\/product_tag?post=3089"}],"curies":[{"name":"wp","href":"https:\/\/api.w.org\/{rel}","templated":true}]}}