{"id":3095,"date":"2023-11-09T16:04:56","date_gmt":"2023-11-09T16:04:56","guid":{"rendered":"https:\/\/touchproeurope.eu\/?post_type=product&#038;p=3095"},"modified":"2026-04-22T09:40:05","modified_gmt":"2026-04-22T09:40:05","slug":"alchimia-olistica-xplush-impacco-per-il-collo-alle-erbe","status":"publish","type":"product","link":"https:\/\/touchproeurope.eu\/it\/product\/holistic-alchemy-xplush-herbal-neck-wrap\/","title":{"rendered":"Impacco per il collo alle erbe di Alchimia Olistica XPlush"},"content":{"rendered":"<p data-start=\"450\" data-end=\"854\">Provate un profondo relax con l'impacco per il collo alle erbe Earthlite Holistic Alchemy XPlush, l'impacco aromatico per il collo che allevia la tensione di collo, spalle e parte superiore del torace. Ideale per l'uso professionale in saloni di massaggio, centri benessere e studi terapeutici, \u00e8 perfetto anche per l'uso domestico. Grazie alla terapia del calore e del freddo umido, questo impacco per il collo favorisce il recupero, il rilassamento e il benessere.<\/p>\n<p data-start=\"856\" data-end=\"1114\">L'impacco contiene una miscela di spezie accuratamente formulata, tra cui la cannella, che emana un profumo rilassante quando viene riscaldata. Il morbidissimo rivestimento XPlush\u2122 \u00e8 rimovibile e lavabile e, grazie al suo design ergonomico, si adatta comodamente alla parte superiore del corpo.<\/p>\n<p data-start=\"1116\" data-end=\"1304\">Per preparare i muscoli prima di un massaggio o per rinfrescare la pelle dopo una giornata intensa, questo impacco per il collo \u00e8 un'aggiunta preziosa a qualsiasi routine di relax.<\/p>","protected":false},"excerpt":{"rendered":"<p>L'impacco per la cervicale Earthlite Holistic Alchemy XPlush Herbal consente di rilassare il collo, la parte superiore delle spalle e il torace in tensione grazie alla terapia umida del calore e del freddo. Questo impacco per la cervicale pu\u00f2 essere utilizzato a casa, ma anche nelle spa\/centri benessere, negli studi di estetisti e terapisti.<\/p>\n<p>Dettagli dell'involucro del collo:<\/p>\n<ul>\n<li>Utilizzare su collo, spalle e parte superiore del torace<\/li>\n<li>pu\u00f2 essere applicato sia a freddo che a caldo.<\/li>\n<li>contiene una miscela di spezie, tra cui la cannella, che viene rilasciata quando viene riscaldata nel microonde o nello scaldasalviette, garantendo un rilassamento generale<\/li>\n<li>il rivestimento \u00e8 estremamente morbido e lavabile<\/li>\n<li>dimensioni: 38 x 28 x 2,5 cm<\/li>\n<li><a href=\"https:\/\/touchproeurope.eu\/wp-content\/uploads\/2023\/11\/Neck_Wrap_Comfort_Pack_-_XPlush_-_1-300-0189_-_Rev_011422.pdf\" target=\"_blank\" rel=\"noopener\">Foglio di vendita ufficiale Impacco per il collo alle erbe<\/a><\/li>\n<\/ul>","protected":false},"featured_media":14175,"comment_status":"open","ping_status":"closed","template":"","meta":[],"product_brand":[343],"product_cat":[105],"product_tag":[127,445,444],"class_list":{"0":"post-3095","1":"product","2":"type-product","3":"status-publish","4":"has-post-thumbnail","6":"product_brand-earthlite","7":"product_cat-aromatherapie","8":"product_tag-aromatherapie","9":"product_tag-aromatische-nekwikkel","10":"product_tag-herbal-neck-wrap","11":"product_shipping_class-klein-pakket","12":"pa_kleur-grijs","13":"pa_kleur-topaz","14":"pa_kleur-zwart","15":"pa_merk-earthlite","17":"first","18":"instock","19":"taxable","20":"shipping-taxable","21":"purchasable","22":"product-type-variable"},"yoast_head":"<!-- This site is optimized with the Yoast SEO Premium plugin v27.4 (Yoast SEO v27.4) - https:\/\/yoast.com\/product\/yoast-seo-premium-wordpress\/ -->\n<title>Holistic Alchemy XPlush Herbal Neck Wrap - TouchPro Europe Shop<\/title>\n<meta name=\"description\" content=\"Verlicht jouw nekspanning met de Holistic Alchemy XPlush Herbal Neck Wrap. Geniet van de rustgevende kruidenmix en voel de ontspanning! \ud83c\udf3f\" \/>\n<meta name=\"robots\" content=\"index, follow, max-snippet:-1, max-image-preview:large, max-video-preview:-1\" \/>\n<link rel=\"canonical\" href=\"https:\/\/touchproeurope.eu\/it\/product\/alchimia-olistica-xplush-impacco-per-il-collo-alle-erbe\/\" \/>\n<meta property=\"og:locale\" content=\"it_IT\" \/>\n<meta property=\"og:type\" content=\"article\" \/>\n<meta property=\"og:title\" content=\"Holistic Alchemy XPlush Herbal Neck Wrap\" \/>\n<meta property=\"og:description\" content=\"Verlicht jouw nekspanning met de Holistic Alchemy XPlush Herbal Neck Wrap. Geniet van de rustgevende kruidenmix en voel de ontspanning! \ud83c\udf3f\" \/>\n<meta property=\"og:url\" content=\"https:\/\/touchproeurope.eu\/it\/product\/alchimia-olistica-xplush-impacco-per-il-collo-alle-erbe\/\" \/>\n<meta property=\"og:site_name\" content=\"TouchPro Europe Shop\" \/>\n<meta property=\"article:publisher\" content=\"https:\/\/www.facebook.com\/TouchproNederland\/?locale=nl_NL%2f\" \/>\n<meta property=\"article:modified_time\" content=\"2026-04-22T09:40:05+00:00\" \/>\n<meta property=\"og:image\" content=\"https:\/\/touchproeurope.eu\/wp-content\/uploads\/2023\/11\/XPlush_-_Neck_Wrap_angle_-_Smoke_Gray-e1759847153698.jpg\" \/>\n\t<meta property=\"og:image:width\" content=\"800\" \/>\n\t<meta property=\"og:image:height\" content=\"800\" \/>\n\t<meta property=\"og:image:type\" content=\"image\/jpeg\" \/>\n<meta name=\"twitter:card\" content=\"summary_large_image\" \/>\n<meta name=\"twitter:label1\" content=\"Disponibilit\u00e0\" \/>\n\t<meta name=\"twitter:data1\" content=\"In stock\" \/>\n<script type=\"application\/ld+json\" class=\"yoast-schema-graph\">{\"@context\":\"https:\\\/\\\/schema.org\",\"@graph\":[{\"@type\":\"WebPage\",\"@id\":\"https:\\\/\\\/touchproeurope.eu\\\/product\\\/holistic-alchemy-xplush-herbal-neck-wrap\\\/\",\"url\":\"https:\\\/\\\/touchproeurope.eu\\\/product\\\/holistic-alchemy-xplush-herbal-neck-wrap\\\/\",\"name\":\"Holistic Alchemy XPlush Herbal Neck Wrap - TouchPro Europe Shop\",\"isPartOf\":{\"@id\":\"https:\\\/\\\/touchproeurope.eu\\\/#website\"},\"primaryImageOfPage\":{\"@id\":\"https:\\\/\\\/touchproeurope.eu\\\/product\\\/holistic-alchemy-xplush-herbal-neck-wrap\\\/#primaryimage\"},\"image\":{\"@id\":\"https:\\\/\\\/touchproeurope.eu\\\/product\\\/holistic-alchemy-xplush-herbal-neck-wrap\\\/#primaryimage\"},\"thumbnailUrl\":\"https:\\\/\\\/i0.wp.com\\\/touchproeurope.eu\\\/wp-content\\\/uploads\\\/2023\\\/11\\\/XPlush_-_Neck_Wrap_angle_-_Smoke_Gray-e1759847153698.jpg?fit=800%2C800&ssl=1\",\"datePublished\":\"2023-11-09T16:04:56+00:00\",\"dateModified\":\"2026-04-22T09:40:05+00:00\",\"description\":\"Verlicht jouw nekspanning met de Holistic Alchemy XPlush Herbal Neck Wrap. Geniet van de rustgevende kruidenmix en voel de ontspanning! \ud83c\udf3f\",\"breadcrumb\":{\"@id\":\"https:\\\/\\\/touchproeurope.eu\\\/product\\\/holistic-alchemy-xplush-herbal-neck-wrap\\\/#breadcrumb\"},\"inLanguage\":\"it-IT\",\"potentialAction\":[{\"@type\":\"ReadAction\",\"target\":[\"https:\\\/\\\/touchproeurope.eu\\\/product\\\/holistic-alchemy-xplush-herbal-neck-wrap\\\/\"]}]},{\"@type\":\"ImageObject\",\"inLanguage\":\"it-IT\",\"@id\":\"https:\\\/\\\/touchproeurope.eu\\\/product\\\/holistic-alchemy-xplush-herbal-neck-wrap\\\/#primaryimage\",\"url\":\"https:\\\/\\\/i0.wp.com\\\/touchproeurope.eu\\\/wp-content\\\/uploads\\\/2023\\\/11\\\/XPlush_-_Neck_Wrap_angle_-_Smoke_Gray-e1759847153698.jpg?fit=800%2C800&ssl=1\",\"contentUrl\":\"https:\\\/\\\/i0.wp.com\\\/touchproeurope.eu\\\/wp-content\\\/uploads\\\/2023\\\/11\\\/XPlush_-_Neck_Wrap_angle_-_Smoke_Gray-e1759847153698.jpg?fit=800%2C800&ssl=1\",\"width\":800,\"height\":800,\"caption\":\"Holistic Alchemy XPlush Herbal Neck Wrap\"},{\"@type\":\"BreadcrumbList\",\"@id\":\"https:\\\/\\\/touchproeurope.eu\\\/product\\\/holistic-alchemy-xplush-herbal-neck-wrap\\\/#breadcrumb\",\"itemListElement\":[{\"@type\":\"ListItem\",\"position\":1,\"name\":\"Home\",\"item\":\"https:\\\/\\\/touchproeurope.eu\\\/\"},{\"@type\":\"ListItem\",\"position\":2,\"name\":\"Winkel\",\"item\":\"https:\\\/\\\/touchproeurope.eu\\\/winkel\\\/\"},{\"@type\":\"ListItem\",\"position\":3,\"name\":\"Holistic Alchemy XPlush Herbal Neck Wrap\"}]},{\"@type\":\"WebSite\",\"@id\":\"https:\\\/\\\/touchproeurope.eu\\\/#website\",\"url\":\"https:\\\/\\\/touchproeurope.eu\\\/\",\"name\":\"TouchPro Europe Shop\",\"description\":\"Alles voor jouw praktijk met een PROfessionele Touch!\",\"publisher\":{\"@id\":\"https:\\\/\\\/touchproeurope.eu\\\/#organization\"},\"alternateName\":\"TPE\",\"potentialAction\":[{\"@type\":\"SearchAction\",\"target\":{\"@type\":\"EntryPoint\",\"urlTemplate\":\"https:\\\/\\\/touchproeurope.eu\\\/?s={search_term_string}\"},\"query-input\":{\"@type\":\"PropertyValueSpecification\",\"valueRequired\":true,\"valueName\":\"search_term_string\"}}],\"inLanguage\":\"it-IT\"},{\"@type\":\"Organization\",\"@id\":\"https:\\\/\\\/touchproeurope.eu\\\/#organization\",\"name\":\"TouchPro Europe BV\",\"alternateName\":\"TPE\",\"url\":\"https:\\\/\\\/touchproeurope.eu\\\/\",\"logo\":{\"@type\":\"ImageObject\",\"inLanguage\":\"it-IT\",\"@id\":\"https:\\\/\\\/touchproeurope.eu\\\/#\\\/schema\\\/logo\\\/image\\\/\",\"url\":\"https:\\\/\\\/i0.wp.com\\\/touchproeurope.eu\\\/wp-content\\\/uploads\\\/2023\\\/10\\\/2b592c_b6944d80811246d987cc2c29accedf3f.png?fit=1417%2C531&ssl=1\",\"contentUrl\":\"https:\\\/\\\/i0.wp.com\\\/touchproeurope.eu\\\/wp-content\\\/uploads\\\/2023\\\/10\\\/2b592c_b6944d80811246d987cc2c29accedf3f.png?fit=1417%2C531&ssl=1\",\"width\":1417,\"height\":531,\"caption\":\"TouchPro Europe BV\"},\"image\":{\"@id\":\"https:\\\/\\\/touchproeurope.eu\\\/#\\\/schema\\\/logo\\\/image\\\/\"},\"sameAs\":[\"https:\\\/\\\/www.facebook.com\\\/TouchproNederland\\\/?locale=nl_NL\\\/\",\"https:\\\/\\\/www.instagram.com\\\/touchpro2016\\\/\",\"https:\\\/\\\/www.linkedin.com\\\/company\\\/touchpro-europe-bv\\\/\"],\"description\":\"TouchPro Europe Shop is de massage winkel van Europa. Wij verkopen topkwaliteit massageproducten aan masseurs, pedicures, fysiotherapeuten, manicuren, Wellness centra, opleidingen, etc. TouchPro begon als een kleine webshop in Nederland, maar is nu uitgegroeid tot een webshop met klanten uit heel Europa. Wij bieden een breed assortiment aan massageproducten, waaronder massagetafels, oli\u00ebn, cr\u00e8mes, en accessoires van topmerken, zoals Earthlite, Stronglite en InnerStrenght, Habys, Living Earth Crafts en Continuum en andere leveranciers van massage accessoires. Bestel hier de beste massagematerialen van Europa!\",\"email\":\"info@touchpro-europe.com\",\"telephone\":\"0858768829\",\"legalName\":\"TouchPro Europe BV\",\"foundingDate\":\"2018-01-11\",\"vatID\":\"NL855430151B01\",\"numberOfEmployees\":{\"@type\":\"QuantitativeValue\",\"minValue\":\"1\",\"maxValue\":\"10\"},\"hasMerchantReturnPolicy\":{\"@type\":\"MerchantReturnPolicy\",\"merchantReturnLink\":\"https:\\\/\\\/touchproeurope.eu\\\/it\\\/retourbeleid\\\/\"}}]}<\/script>\n<meta property=\"product:brand\" content=\"Earthlite\" \/>\n<meta property=\"og:availability\" content=\"instock\" \/>\n<meta property=\"product:availability\" content=\"instock\" \/>\n<meta property=\"product:retailer_item_id\" content=\"52700\" \/>\n<meta property=\"product:condition\" content=\"new\" \/>\n<!-- \/ Yoast SEO Premium plugin. -->","yoast_head_json":{"title":"Impacco per il collo alle erbe Holistic Alchemy XPlush - TouchPro Europe Shop","description":"Alleviate la tensione del collo con l'impacco per il collo alle erbe Holistic Alchemy XPlush. Godetevi la miscela di erbe lenitive e sentite il relax! \ud83c\udf3f","robots":{"index":"index","follow":"follow","max-snippet":"max-snippet:-1","max-image-preview":"max-image-preview:large","max-video-preview":"max-video-preview:-1"},"canonical":"https:\/\/touchproeurope.eu\/it\/product\/alchimia-olistica-xplush-impacco-per-il-collo-alle-erbe\/","og_locale":"it_IT","og_type":"article","og_title":"Holistic Alchemy XPlush Herbal Neck Wrap","og_description":"Verlicht jouw nekspanning met de Holistic Alchemy XPlush Herbal Neck Wrap. Geniet van de rustgevende kruidenmix en voel de ontspanning! \ud83c\udf3f","og_url":"https:\/\/touchproeurope.eu\/it\/product\/alchimia-olistica-xplush-impacco-per-il-collo-alle-erbe\/","og_site_name":"TouchPro Europe Shop","article_publisher":"https:\/\/www.facebook.com\/TouchproNederland\/?locale=nl_NL%2f","article_modified_time":"2026-04-22T09:40:05+00:00","og_image":[{"width":800,"height":800,"url":"https:\/\/touchproeurope.eu\/wp-content\/uploads\/2023\/11\/XPlush_-_Neck_Wrap_angle_-_Smoke_Gray-e1759847153698.jpg","type":"image\/jpeg"}],"twitter_card":"summary_large_image","twitter_misc":{"Disponibilit\u00e0":"In stock"},"schema":{"@context":"https:\/\/schema.org","@graph":[{"@type":"WebPage","@id":"https:\/\/touchproeurope.eu\/product\/holistic-alchemy-xplush-herbal-neck-wrap\/","url":"https:\/\/touchproeurope.eu\/product\/holistic-alchemy-xplush-herbal-neck-wrap\/","name":"Impacco per il collo alle erbe Holistic Alchemy XPlush - TouchPro Europe Shop","isPartOf":{"@id":"https:\/\/touchproeurope.eu\/#website"},"primaryImageOfPage":{"@id":"https:\/\/touchproeurope.eu\/product\/holistic-alchemy-xplush-herbal-neck-wrap\/#primaryimage"},"image":{"@id":"https:\/\/touchproeurope.eu\/product\/holistic-alchemy-xplush-herbal-neck-wrap\/#primaryimage"},"thumbnailUrl":"https:\/\/i0.wp.com\/touchproeurope.eu\/wp-content\/uploads\/2023\/11\/XPlush_-_Neck_Wrap_angle_-_Smoke_Gray-e1759847153698.jpg?fit=800%2C800&ssl=1","datePublished":"2023-11-09T16:04:56+00:00","dateModified":"2026-04-22T09:40:05+00:00","description":"Alleviate la tensione del collo con l'impacco per il collo alle erbe Holistic Alchemy XPlush. Godetevi la miscela di erbe lenitive e sentite il relax! \ud83c\udf3f","breadcrumb":{"@id":"https:\/\/touchproeurope.eu\/product\/holistic-alchemy-xplush-herbal-neck-wrap\/#breadcrumb"},"inLanguage":"it-IT","potentialAction":[{"@type":"ReadAction","target":["https:\/\/touchproeurope.eu\/product\/holistic-alchemy-xplush-herbal-neck-wrap\/"]}]},{"@type":"ImageObject","inLanguage":"it-IT","@id":"https:\/\/touchproeurope.eu\/product\/holistic-alchemy-xplush-herbal-neck-wrap\/#primaryimage","url":"https:\/\/i0.wp.com\/touchproeurope.eu\/wp-content\/uploads\/2023\/11\/XPlush_-_Neck_Wrap_angle_-_Smoke_Gray-e1759847153698.jpg?fit=800%2C800&ssl=1","contentUrl":"https:\/\/i0.wp.com\/touchproeurope.eu\/wp-content\/uploads\/2023\/11\/XPlush_-_Neck_Wrap_angle_-_Smoke_Gray-e1759847153698.jpg?fit=800%2C800&ssl=1","width":800,"height":800,"caption":"Holistic Alchemy XPlush Herbal Neck Wrap"},{"@type":"BreadcrumbList","@id":"https:\/\/touchproeurope.eu\/product\/holistic-alchemy-xplush-herbal-neck-wrap\/#breadcrumb","itemListElement":[{"@type":"ListItem","position":1,"name":"Home","item":"https:\/\/touchproeurope.eu\/"},{"@type":"ListItem","position":2,"name":"Winkel","item":"https:\/\/touchproeurope.eu\/winkel\/"},{"@type":"ListItem","position":3,"name":"Holistic Alchemy XPlush Herbal Neck Wrap"}]},{"@type":"WebSite","@id":"https:\/\/touchproeurope.eu\/#website","url":"https:\/\/touchproeurope.eu\/","name":"Negozio TouchPro Europe","description":"Tutto per il vostro studio con un tocco professionale!","publisher":{"@id":"https:\/\/touchproeurope.eu\/#organization"},"alternateName":"TPE","potentialAction":[{"@type":"SearchAction","target":{"@type":"EntryPoint","urlTemplate":"https:\/\/touchproeurope.eu\/?s={search_term_string}"},"query-input":{"@type":"PropertyValueSpecification","valueRequired":true,"valueName":"search_term_string"}}],"inLanguage":"it-IT"},{"@type":"Organization","@id":"https:\/\/touchproeurope.eu\/#organization","name":"TouchPro Europe BV","alternateName":"TPE","url":"https:\/\/touchproeurope.eu\/","logo":{"@type":"ImageObject","inLanguage":"it-IT","@id":"https:\/\/touchproeurope.eu\/#\/schema\/logo\/image\/","url":"https:\/\/i0.wp.com\/touchproeurope.eu\/wp-content\/uploads\/2023\/10\/2b592c_b6944d80811246d987cc2c29accedf3f.png?fit=1417%2C531&ssl=1","contentUrl":"https:\/\/i0.wp.com\/touchproeurope.eu\/wp-content\/uploads\/2023\/10\/2b592c_b6944d80811246d987cc2c29accedf3f.png?fit=1417%2C531&ssl=1","width":1417,"height":531,"caption":"TouchPro Europe BV"},"image":{"@id":"https:\/\/touchproeurope.eu\/#\/schema\/logo\/image\/"},"sameAs":["https:\/\/www.facebook.com\/TouchproNederland\/?locale=nl_NL\/","https:\/\/www.instagram.com\/touchpro2016\/","https:\/\/www.linkedin.com\/company\/touchpro-europe-bv\/"],"description":"TouchPro Europe Shop \u00e8 il negozio di massaggi d'Europa. Vendiamo prodotti per il massaggio di alta qualit\u00e0 a massaggiatori, pedicuristi, fisioterapisti, manicuristi, centri benessere, corsi di formazione, ecc. TouchPro \u00e8 nato come un piccolo negozio nei Paesi Bassi, ma ora \u00e8 diventato un negozio con clienti da tutta Europa. Offriamo un'ampia gamma di prodotti per il massaggio, tra cui lettini, oli, creme e accessori delle migliori marche come Earthlite, Stronglite e InnerStrenght, Habys, Living Earth Crafts e Continuum e altri fornitori di accessori per il massaggio. Ordinate qui le migliori forniture per massaggi d'Europa!","email":"info@touchpro-europe.com","telephone":"0858768829","legalName":"TouchPro Europe BV","foundingDate":"2018-01-11","vatID":"NL855430151B01","numberOfEmployees":{"@type":"QuantitativeValue","minValue":"1","maxValue":"10"},"hasMerchantReturnPolicy":{"@type":"MerchantReturnPolicy","merchantReturnLink":"https:\/\/touchproeurope.eu\/it\/retourbeleid\/"}}]},"product_brand":"Earthlite","og_availability":"instock","product_availability":"instock","product_retailer_item_id":"52700","product_condition":"new"},"_links":{"self":[{"href":"https:\/\/touchproeurope.eu\/it\/wp-json\/wp\/v2\/product\/3095","targetHints":{"allow":["GET"]}}],"collection":[{"href":"https:\/\/touchproeurope.eu\/it\/wp-json\/wp\/v2\/product"}],"about":[{"href":"https:\/\/touchproeurope.eu\/it\/wp-json\/wp\/v2\/types\/product"}],"replies":[{"embeddable":true,"href":"https:\/\/touchproeurope.eu\/it\/wp-json\/wp\/v2\/comments?post=3095"}],"version-history":[{"count":3,"href":"https:\/\/touchproeurope.eu\/it\/wp-json\/wp\/v2\/product\/3095\/revisions"}],"predecessor-version":[{"id":14188,"href":"https:\/\/touchproeurope.eu\/it\/wp-json\/wp\/v2\/product\/3095\/revisions\/14188"}],"wp:featuredmedia":[{"embeddable":true,"href":"https:\/\/touchproeurope.eu\/it\/wp-json\/wp\/v2\/media\/14175"}],"wp:attachment":[{"href":"https:\/\/touchproeurope.eu\/it\/wp-json\/wp\/v2\/media?parent=3095"}],"wp:term":[{"taxonomy":"product_brand","embeddable":true,"href":"https:\/\/touchproeurope.eu\/it\/wp-json\/wp\/v2\/product_brand?post=3095"},{"taxonomy":"product_cat","embeddable":true,"href":"https:\/\/touchproeurope.eu\/it\/wp-json\/wp\/v2\/product_cat?post=3095"},{"taxonomy":"product_tag","embeddable":true,"href":"https:\/\/touchproeurope.eu\/it\/wp-json\/wp\/v2\/product_tag?post=3095"}],"curies":[{"name":"wp","href":"https:\/\/api.w.org\/{rel}","templated":true}]}}