{"id":3099,"date":"2023-11-09T16:05:01","date_gmt":"2023-11-09T16:05:01","guid":{"rendered":"https:\/\/touchproeurope.eu\/?post_type=product&#038;p=3099"},"modified":"2026-04-02T10:07:44","modified_gmt":"2026-04-02T10:07:44","slug":"earthlite-pro-lite-massageolie","status":"publish","type":"product","link":"https:\/\/touchproeurope.eu\/it\/product\/earthlite-pro-lite-massageolie\/","title":{"rendered":"Olio da massaggio Earthlite Pro-Lite"},"content":{"rendered":"<p>Ervaar de voordelen van de Earthlite Pro-Lite massageolie; een harmonieuze melange van natuurlijke koudgeperste zoete amandel- en abrikozenolie, aangevuld met kokosolie en Vitamine E.<\/p>\n<p>Waarom kiezen voor Earthlite&#8217;s Pro-Lite massageolie?<\/p>\n<ul>\n<li><strong>Veelzijdigheid<\/strong>: Perfect voor alle massagetechnieken &#8211; deze olie past zich moeiteloos aan jouw behoeften aan. Wat zorgt voor een vloeiende en diep ontspannende massage.<\/li>\n<li><strong>Geurloos<\/strong>: De olie is geurloos, waardoor je eenvoudig jouw essenti\u00eble oli\u00ebn toe kunt voegen voor een gepersonaliseerde aromatherapie-ervaring.<\/li>\n<li><strong>Eenvoudig uitwasbaar<\/strong>: Geen zorgen over vlekken op linnengoed; deze premium olie is gemakkelijk uitwasbaar, waardoor jouw textiel fris en schoon blijft.<\/li>\n<li><strong>Notenvrij:\u00a0<\/strong>ideaal voor klanten, die allergisch zijn voor noten.<\/li>\n<\/ul>","protected":false},"excerpt":{"rendered":"<p><strong>Earthlite&#8217;s Pro-Lite massageolie is:<\/strong><\/p>\n<ul>\n<li>een allergievrij alternatief voor de traditionele notenolie.<\/li>\n<li>perfect voor alle massagetechnieken.<\/li>\n<li>een speciale mix van vijf natuurlijke, koudgeperste notenvrije oli\u00ebn aangevuld met Jojoba olie en vitamine E, die de huid satijnzacht laten voelen.<\/li>\n<li>gemakkelijk uitwasbaar uit uw linnengoed.<\/li>\n<\/ul>","protected":false},"featured_media":3098,"comment_status":"open","ping_status":"closed","template":"","meta":[],"product_brand":[343],"product_cat":[115],"product_tag":[85,156,165,166],"class_list":{"0":"post-3099","1":"product","2":"type-product","3":"status-publish","4":"has-post-thumbnail","6":"product_brand-earthlite","7":"product_cat-massageolie","8":"product_tag-earthlite","9":"product_tag-massage-olie","10":"product_tag-noten-vrij","11":"product_tag-nut-free","12":"product_shipping_class-klein-pakket","14":"first","15":"instock","16":"taxable","17":"shipping-taxable","18":"purchasable","19":"product-type-variable"},"yoast_head":"<!-- This site is optimized with the Yoast SEO Premium plugin v27.3 (Yoast SEO v27.3) - https:\/\/yoast.com\/product\/yoast-seo-premium-wordpress\/ -->\n<title>Earthlite Pro-Lite massageolie - TouchPro Europe Shop<\/title>\n<meta name=\"description\" content=\"Ontdek onze luxe Earthlite notenvrije Pro-Lite massageolie: natuurlijke ingredi\u00ebnten en Vitamine E. Perfect voor alle technieken! \ud83d\udc86\u200d\u2640\ufe0f \ud83d\udc86\u200d\u2642\ufe0f\" \/>\n<meta name=\"robots\" content=\"index, follow, max-snippet:-1, max-image-preview:large, max-video-preview:-1\" \/>\n<link rel=\"canonical\" href=\"https:\/\/touchproeurope.eu\/it\/product\/earthlite-pro-lite-massageolie\/\" \/>\n<meta property=\"og:locale\" content=\"it_IT\" \/>\n<meta property=\"og:type\" content=\"article\" \/>\n<meta property=\"og:title\" content=\"Earthlite Pro-Lite massageolie\" \/>\n<meta property=\"og:description\" content=\"Ontdek onze luxe Earthlite notenvrije Pro-Lite massageolie: natuurlijke ingredi\u00ebnten en Vitamine E. Perfect voor alle technieken! \ud83d\udc86\u200d\u2640\ufe0f \ud83d\udc86\u200d\u2642\ufe0f\" \/>\n<meta property=\"og:url\" content=\"https:\/\/touchproeurope.eu\/it\/product\/earthlite-pro-lite-massageolie\/\" \/>\n<meta property=\"og:site_name\" content=\"TouchPro Europe Shop\" \/>\n<meta property=\"article:publisher\" content=\"https:\/\/www.facebook.com\/TouchproNederland\/?locale=nl_NL%2f\" \/>\n<meta property=\"article:modified_time\" content=\"2026-04-02T10:07:44+00:00\" \/>\n<meta property=\"og:image\" content=\"https:\/\/touchproeurope.eu\/wp-content\/uploads\/2023\/11\/3816399562-e1701529150366.jpg\" \/>\n\t<meta property=\"og:image:width\" content=\"800\" \/>\n\t<meta property=\"og:image:height\" content=\"800\" \/>\n\t<meta property=\"og:image:type\" content=\"image\/jpeg\" \/>\n<meta name=\"twitter:card\" content=\"summary_large_image\" \/>\n<meta name=\"twitter:label1\" content=\"Disponibilit\u00e0\" \/>\n\t<meta name=\"twitter:data1\" content=\"In stock\" \/>\n<script type=\"application\/ld+json\" class=\"yoast-schema-graph\">{\"@context\":\"https:\\\/\\\/schema.org\",\"@graph\":[{\"@type\":\"WebPage\",\"@id\":\"https:\\\/\\\/touchproeurope.eu\\\/product\\\/earthlite-pro-lite-massageolie\\\/\",\"url\":\"https:\\\/\\\/touchproeurope.eu\\\/product\\\/earthlite-pro-lite-massageolie\\\/\",\"name\":\"Earthlite Pro-Lite massageolie - TouchPro Europe Shop\",\"isPartOf\":{\"@id\":\"https:\\\/\\\/touchproeurope.eu\\\/#website\"},\"primaryImageOfPage\":{\"@id\":\"https:\\\/\\\/touchproeurope.eu\\\/product\\\/earthlite-pro-lite-massageolie\\\/#primaryimage\"},\"image\":{\"@id\":\"https:\\\/\\\/touchproeurope.eu\\\/product\\\/earthlite-pro-lite-massageolie\\\/#primaryimage\"},\"thumbnailUrl\":\"https:\\\/\\\/i0.wp.com\\\/touchproeurope.eu\\\/wp-content\\\/uploads\\\/2023\\\/11\\\/3816399562-e1701529150366.jpg?fit=800%2C800&ssl=1\",\"datePublished\":\"2023-11-09T16:05:01+00:00\",\"dateModified\":\"2026-04-02T10:07:44+00:00\",\"description\":\"Ontdek onze luxe Earthlite notenvrije Pro-Lite massageolie: natuurlijke ingredi\u00ebnten en Vitamine E. Perfect voor alle technieken! \ud83d\udc86\u200d\u2640\ufe0f \ud83d\udc86\u200d\u2642\ufe0f\",\"breadcrumb\":{\"@id\":\"https:\\\/\\\/touchproeurope.eu\\\/product\\\/earthlite-pro-lite-massageolie\\\/#breadcrumb\"},\"inLanguage\":\"it-IT\",\"potentialAction\":[{\"@type\":\"ReadAction\",\"target\":[\"https:\\\/\\\/touchproeurope.eu\\\/product\\\/earthlite-pro-lite-massageolie\\\/\"]}]},{\"@type\":\"ImageObject\",\"inLanguage\":\"it-IT\",\"@id\":\"https:\\\/\\\/touchproeurope.eu\\\/product\\\/earthlite-pro-lite-massageolie\\\/#primaryimage\",\"url\":\"https:\\\/\\\/i0.wp.com\\\/touchproeurope.eu\\\/wp-content\\\/uploads\\\/2023\\\/11\\\/3816399562-e1701529150366.jpg?fit=800%2C800&ssl=1\",\"contentUrl\":\"https:\\\/\\\/i0.wp.com\\\/touchproeurope.eu\\\/wp-content\\\/uploads\\\/2023\\\/11\\\/3816399562-e1701529150366.jpg?fit=800%2C800&ssl=1\",\"width\":800,\"height\":800,\"caption\":\"Earthlite Noten VrijePro-Lite Olie\"},{\"@type\":\"BreadcrumbList\",\"@id\":\"https:\\\/\\\/touchproeurope.eu\\\/product\\\/earthlite-pro-lite-massageolie\\\/#breadcrumb\",\"itemListElement\":[{\"@type\":\"ListItem\",\"position\":1,\"name\":\"Home\",\"item\":\"https:\\\/\\\/touchproeurope.eu\\\/\"},{\"@type\":\"ListItem\",\"position\":2,\"name\":\"Winkel\",\"item\":\"https:\\\/\\\/touchproeurope.eu\\\/winkel\\\/\"},{\"@type\":\"ListItem\",\"position\":3,\"name\":\"Earthlite Pro-Lite massageolie\"}]},{\"@type\":\"WebSite\",\"@id\":\"https:\\\/\\\/touchproeurope.eu\\\/#website\",\"url\":\"https:\\\/\\\/touchproeurope.eu\\\/\",\"name\":\"TouchPro Europe Shop\",\"description\":\"Alles voor jouw praktijk met een PROfessionele Touch!\",\"publisher\":{\"@id\":\"https:\\\/\\\/touchproeurope.eu\\\/#organization\"},\"alternateName\":\"TPE\",\"potentialAction\":[{\"@type\":\"SearchAction\",\"target\":{\"@type\":\"EntryPoint\",\"urlTemplate\":\"https:\\\/\\\/touchproeurope.eu\\\/?s={search_term_string}\"},\"query-input\":{\"@type\":\"PropertyValueSpecification\",\"valueRequired\":true,\"valueName\":\"search_term_string\"}}],\"inLanguage\":\"it-IT\"},{\"@type\":\"Organization\",\"@id\":\"https:\\\/\\\/touchproeurope.eu\\\/#organization\",\"name\":\"TouchPro Europe BV\",\"alternateName\":\"TPE\",\"url\":\"https:\\\/\\\/touchproeurope.eu\\\/\",\"logo\":{\"@type\":\"ImageObject\",\"inLanguage\":\"it-IT\",\"@id\":\"https:\\\/\\\/touchproeurope.eu\\\/#\\\/schema\\\/logo\\\/image\\\/\",\"url\":\"https:\\\/\\\/i0.wp.com\\\/touchproeurope.eu\\\/wp-content\\\/uploads\\\/2023\\\/10\\\/2b592c_b6944d80811246d987cc2c29accedf3f.png?fit=1417%2C531&ssl=1\",\"contentUrl\":\"https:\\\/\\\/i0.wp.com\\\/touchproeurope.eu\\\/wp-content\\\/uploads\\\/2023\\\/10\\\/2b592c_b6944d80811246d987cc2c29accedf3f.png?fit=1417%2C531&ssl=1\",\"width\":1417,\"height\":531,\"caption\":\"TouchPro Europe BV\"},\"image\":{\"@id\":\"https:\\\/\\\/touchproeurope.eu\\\/#\\\/schema\\\/logo\\\/image\\\/\"},\"sameAs\":[\"https:\\\/\\\/www.facebook.com\\\/TouchproNederland\\\/?locale=nl_NL\\\/\",\"https:\\\/\\\/www.instagram.com\\\/touchpro2016\\\/\",\"https:\\\/\\\/www.linkedin.com\\\/company\\\/touchpro-europe-bv\\\/\"],\"description\":\"TouchPro Europe Shop is de massage winkel van Europa. Wij verkopen topkwaliteit massageproducten aan masseurs, pedicures, fysiotherapeuten, manicuren, Wellness centra, opleidingen, etc. TouchPro begon als een kleine webshop in Nederland, maar is nu uitgegroeid tot een webshop met klanten uit heel Europa. Wij bieden een breed assortiment aan massageproducten, waaronder massagetafels, oli\u00ebn, cr\u00e8mes, en accessoires van topmerken, zoals Earthlite, Stronglite en InnerStrenght, Habys, Living Earth Crafts en Continuum en andere leveranciers van massage accessoires. Bestel hier de beste massagematerialen van Europa!\",\"email\":\"info@touchpro-europe.com\",\"telephone\":\"0858768829\",\"legalName\":\"TouchPro Europe BV\",\"foundingDate\":\"2018-01-11\",\"vatID\":\"NL855430151B01\",\"numberOfEmployees\":{\"@type\":\"QuantitativeValue\",\"minValue\":\"1\",\"maxValue\":\"10\"},\"hasMerchantReturnPolicy\":{\"@type\":\"MerchantReturnPolicy\",\"merchantReturnLink\":\"https:\\\/\\\/touchproeurope.eu\\\/it\\\/retourbeleid\\\/\"}}]}<\/script>\n<meta property=\"og:availability\" content=\"instock\" \/>\n<meta property=\"product:availability\" content=\"instock\" \/>\n<meta property=\"product:retailer_item_id\" content=\"53400\" \/>\n<meta property=\"product:condition\" content=\"new\" \/>\n<!-- \/ Yoast SEO Premium plugin. -->","yoast_head_json":{"title":"Earthlite Pro-Lite massageolie - TouchPro Europe Shop","description":"Ontdek onze luxe Earthlite notenvrije Pro-Lite massageolie: natuurlijke ingredi\u00ebnten en Vitamine E. Perfect voor alle technieken! \ud83d\udc86\u200d\u2640\ufe0f \ud83d\udc86\u200d\u2642\ufe0f","robots":{"index":"index","follow":"follow","max-snippet":"max-snippet:-1","max-image-preview":"max-image-preview:large","max-video-preview":"max-video-preview:-1"},"canonical":"https:\/\/touchproeurope.eu\/it\/product\/earthlite-pro-lite-massageolie\/","og_locale":"it_IT","og_type":"article","og_title":"Earthlite Pro-Lite massageolie","og_description":"Ontdek onze luxe Earthlite notenvrije Pro-Lite massageolie: natuurlijke ingredi\u00ebnten en Vitamine E. Perfect voor alle technieken! \ud83d\udc86\u200d\u2640\ufe0f \ud83d\udc86\u200d\u2642\ufe0f","og_url":"https:\/\/touchproeurope.eu\/it\/product\/earthlite-pro-lite-massageolie\/","og_site_name":"TouchPro Europe Shop","article_publisher":"https:\/\/www.facebook.com\/TouchproNederland\/?locale=nl_NL%2f","article_modified_time":"2026-04-02T10:07:44+00:00","og_image":[{"width":800,"height":800,"url":"https:\/\/touchproeurope.eu\/wp-content\/uploads\/2023\/11\/3816399562-e1701529150366.jpg","type":"image\/jpeg"}],"twitter_card":"summary_large_image","twitter_misc":{"Disponibilit\u00e0":"In stock"},"schema":{"@context":"https:\/\/schema.org","@graph":[{"@type":"WebPage","@id":"https:\/\/touchproeurope.eu\/product\/earthlite-pro-lite-massageolie\/","url":"https:\/\/touchproeurope.eu\/product\/earthlite-pro-lite-massageolie\/","name":"Earthlite Pro-Lite massageolie - TouchPro Europe Shop","isPartOf":{"@id":"https:\/\/touchproeurope.eu\/#website"},"primaryImageOfPage":{"@id":"https:\/\/touchproeurope.eu\/product\/earthlite-pro-lite-massageolie\/#primaryimage"},"image":{"@id":"https:\/\/touchproeurope.eu\/product\/earthlite-pro-lite-massageolie\/#primaryimage"},"thumbnailUrl":"https:\/\/i0.wp.com\/touchproeurope.eu\/wp-content\/uploads\/2023\/11\/3816399562-e1701529150366.jpg?fit=800%2C800&ssl=1","datePublished":"2023-11-09T16:05:01+00:00","dateModified":"2026-04-02T10:07:44+00:00","description":"Ontdek onze luxe Earthlite notenvrije Pro-Lite massageolie: natuurlijke ingredi\u00ebnten en Vitamine E. Perfect voor alle technieken! \ud83d\udc86\u200d\u2640\ufe0f \ud83d\udc86\u200d\u2642\ufe0f","breadcrumb":{"@id":"https:\/\/touchproeurope.eu\/product\/earthlite-pro-lite-massageolie\/#breadcrumb"},"inLanguage":"it-IT","potentialAction":[{"@type":"ReadAction","target":["https:\/\/touchproeurope.eu\/product\/earthlite-pro-lite-massageolie\/"]}]},{"@type":"ImageObject","inLanguage":"it-IT","@id":"https:\/\/touchproeurope.eu\/product\/earthlite-pro-lite-massageolie\/#primaryimage","url":"https:\/\/i0.wp.com\/touchproeurope.eu\/wp-content\/uploads\/2023\/11\/3816399562-e1701529150366.jpg?fit=800%2C800&ssl=1","contentUrl":"https:\/\/i0.wp.com\/touchproeurope.eu\/wp-content\/uploads\/2023\/11\/3816399562-e1701529150366.jpg?fit=800%2C800&ssl=1","width":800,"height":800,"caption":"Earthlite Noten VrijePro-Lite Olie"},{"@type":"BreadcrumbList","@id":"https:\/\/touchproeurope.eu\/product\/earthlite-pro-lite-massageolie\/#breadcrumb","itemListElement":[{"@type":"ListItem","position":1,"name":"Home","item":"https:\/\/touchproeurope.eu\/"},{"@type":"ListItem","position":2,"name":"Winkel","item":"https:\/\/touchproeurope.eu\/winkel\/"},{"@type":"ListItem","position":3,"name":"Earthlite Pro-Lite massageolie"}]},{"@type":"WebSite","@id":"https:\/\/touchproeurope.eu\/#website","url":"https:\/\/touchproeurope.eu\/","name":"Negozio TouchPro Europe","description":"Tutto per il vostro studio con un tocco professionale!","publisher":{"@id":"https:\/\/touchproeurope.eu\/#organization"},"alternateName":"TPE","potentialAction":[{"@type":"SearchAction","target":{"@type":"EntryPoint","urlTemplate":"https:\/\/touchproeurope.eu\/?s={search_term_string}"},"query-input":{"@type":"PropertyValueSpecification","valueRequired":true,"valueName":"search_term_string"}}],"inLanguage":"it-IT"},{"@type":"Organization","@id":"https:\/\/touchproeurope.eu\/#organization","name":"TouchPro Europe BV","alternateName":"TPE","url":"https:\/\/touchproeurope.eu\/","logo":{"@type":"ImageObject","inLanguage":"it-IT","@id":"https:\/\/touchproeurope.eu\/#\/schema\/logo\/image\/","url":"https:\/\/i0.wp.com\/touchproeurope.eu\/wp-content\/uploads\/2023\/10\/2b592c_b6944d80811246d987cc2c29accedf3f.png?fit=1417%2C531&ssl=1","contentUrl":"https:\/\/i0.wp.com\/touchproeurope.eu\/wp-content\/uploads\/2023\/10\/2b592c_b6944d80811246d987cc2c29accedf3f.png?fit=1417%2C531&ssl=1","width":1417,"height":531,"caption":"TouchPro Europe BV"},"image":{"@id":"https:\/\/touchproeurope.eu\/#\/schema\/logo\/image\/"},"sameAs":["https:\/\/www.facebook.com\/TouchproNederland\/?locale=nl_NL\/","https:\/\/www.instagram.com\/touchpro2016\/","https:\/\/www.linkedin.com\/company\/touchpro-europe-bv\/"],"description":"TouchPro Europe Shop \u00e8 il negozio di massaggi d'Europa. Vendiamo prodotti per il massaggio di alta qualit\u00e0 a massaggiatori, pedicuristi, fisioterapisti, manicuristi, centri benessere, corsi di formazione, ecc. TouchPro \u00e8 nato come un piccolo negozio nei Paesi Bassi, ma ora \u00e8 diventato un negozio con clienti da tutta Europa. Offriamo un'ampia gamma di prodotti per il massaggio, tra cui lettini, oli, creme e accessori delle migliori marche come Earthlite, Stronglite e InnerStrenght, Habys, Living Earth Crafts e Continuum e altri fornitori di accessori per il massaggio. Ordinate qui le migliori forniture per massaggi d'Europa!","email":"info@touchpro-europe.com","telephone":"0858768829","legalName":"TouchPro Europe BV","foundingDate":"2018-01-11","vatID":"NL855430151B01","numberOfEmployees":{"@type":"QuantitativeValue","minValue":"1","maxValue":"10"},"hasMerchantReturnPolicy":{"@type":"MerchantReturnPolicy","merchantReturnLink":"https:\/\/touchproeurope.eu\/it\/retourbeleid\/"}}]},"og_availability":"instock","product_availability":"instock","product_retailer_item_id":"53400","product_condition":"new"},"_links":{"self":[{"href":"https:\/\/touchproeurope.eu\/it\/wp-json\/wp\/v2\/product\/3099","targetHints":{"allow":["GET"]}}],"collection":[{"href":"https:\/\/touchproeurope.eu\/it\/wp-json\/wp\/v2\/product"}],"about":[{"href":"https:\/\/touchproeurope.eu\/it\/wp-json\/wp\/v2\/types\/product"}],"replies":[{"embeddable":true,"href":"https:\/\/touchproeurope.eu\/it\/wp-json\/wp\/v2\/comments?post=3099"}],"version-history":[{"count":6,"href":"https:\/\/touchproeurope.eu\/it\/wp-json\/wp\/v2\/product\/3099\/revisions"}],"predecessor-version":[{"id":4289,"href":"https:\/\/touchproeurope.eu\/it\/wp-json\/wp\/v2\/product\/3099\/revisions\/4289"}],"wp:featuredmedia":[{"embeddable":true,"href":"https:\/\/touchproeurope.eu\/it\/wp-json\/wp\/v2\/media\/3098"}],"wp:attachment":[{"href":"https:\/\/touchproeurope.eu\/it\/wp-json\/wp\/v2\/media?parent=3099"}],"wp:term":[{"taxonomy":"product_brand","embeddable":true,"href":"https:\/\/touchproeurope.eu\/it\/wp-json\/wp\/v2\/product_brand?post=3099"},{"taxonomy":"product_cat","embeddable":true,"href":"https:\/\/touchproeurope.eu\/it\/wp-json\/wp\/v2\/product_cat?post=3099"},{"taxonomy":"product_tag","embeddable":true,"href":"https:\/\/touchproeurope.eu\/it\/wp-json\/wp\/v2\/product_tag?post=3099"}],"curies":[{"name":"wp","href":"https:\/\/api.w.org\/{rel}","templated":true}]}}