{"id":3124,"date":"2023-11-09T16:05:56","date_gmt":"2023-11-09T16:05:56","guid":{"rendered":"https:\/\/touchproeurope.eu\/?post_type=product&#038;p=3124"},"modified":"2026-03-04T16:55:30","modified_gmt":"2026-03-04T16:55:30","slug":"earthlite-calistoga-draagbare-massagetafel","status":"publish","type":"product","link":"https:\/\/touchproeurope.eu\/it\/product\/earthlite-calistoga-draagbare-massagetafel\/","title":{"rendered":"Earthlite Calistoga draagbare Massagetafel"},"content":{"rendered":"<p>Ontdek de ultieme veelzijdigheid, hoogwaardigheid en comfort van de Earthlite Calistoga draagbare Massagetafel. Deze tafel is niet alleen een symbool van stevigheid en duurzaamheid, maar kan ook moeiteloos worden omgezet in een luxueuze stoel, waardoor het de perfecte keuze is voor therapeuten die mobiliteit en flexibiliteit hoog in het vaandel hebben staan.<\/p>\n<p>Het pakket omvat de Earthlite Calistoga draagbare Massagetafel, comfortabele armsteunen, een voetsteun, salon hoofdkussen en nekkussen, en een handige draagtas met extra opbergvak.<\/p>\n<p>Met een gewicht van slechts 21 kg en een inklapbaar ontwerp is de Calistoga ideaal voor therapeuten die onderweg zijn. De verstelbare rug- en beensecties zorgen voor optimale positionering, terwijl het Pro-Plush Deluxe 3-laags kussen van 7,5 cm dikte zorgt voor het ultieme comfort voor jouw cli\u00ebnten.<\/p>\n<p>Het hardhouten kwaliteitsframe garandeert duurzaamheid, terwijl de breedte van 69 cm en de lengte van 155 &#8211; 196 cm (na verlenging met de voetsteun) de veelzijdigheid van deze tafel benadrukken. Met een verstelbare hoogte van 59 &#8211; 84 cm, een statisch belastbaar gewicht tot 907 kg en een toelaatbaar werkgewicht van 227 kg, voldoet de Calistoga aan de hoogste normen van betrouwbaarheid en kwaliteit.<\/p>\n<p>Bestel nu en ervaar waarom de Earthlite Calistoga de favoriete keuze is voor therapeuten die streven naar uitmuntendheid. Met de Calistoga ben je verzekerd van een professioneel instrument dat mobiliteit, comfort en duurzaamheid naadloos combineert. Upgrade jouw massages en bied jouw cli\u00ebnten de behandeling die ze verdienen!<\/p>","protected":false},"excerpt":{"rendered":"<p><strong>De Earthlite Calistoga<\/strong> &#8211; veelzijdig, hoogwaardig en gemakkelijk om te zetten in een comfortabele stoel. Met zijn stevige, duurzame constructie en inklapbaar ontwerp is deze massagetafel perfect voor therapeuten, die mobiliteit en flexibiliteit nodig hebben. Ervaar betrouwbaarheid, kwaliteit, en multifunctionaliteit met de Earthlite Calistoga. Het pakket bestaat uit:<\/p>\n<ul>\n<li>De Earthlite Calistoga massagetafel<\/li>\n<li>Comfortabele armsteunen, voetsteun, salon hoofdkussen en nekkussen<\/li>\n<li>Draagtas met extra opberg vak<\/li>\n<\/ul>\n<p>Eigenschappen:<\/p>\n<ul>\n<li>Gewicht: 21 kg<\/li>\n<li>Verstelbare rug- en beensecties voor optimale positionering<\/li>\n<li>Pro-Plush Deluxe 3 laags kussen van 7,5 cm dikte<\/li>\n<li>Hardhouten kwaliteitsframe<\/li>\n<li>Breedte 69 cm<\/li>\n<li>Lengte van 155 &#8211; 196 cm (na verlenging met voetsteun)<\/li>\n<li>Verstelbare hoogte van 59 &#8211; 84 cm<\/li>\n<li>Statisch belastbaar gewicht tot 907 kg<\/li>\n<li>Toelaatbaar werkgewicht van 227 kg<\/li>\n<li>Offici\u00eble salessheet: <a href=\"https:\/\/www.earthlite.com\/media\/wysiwyg\/SalesSheets\/2023-Reupload\/Calistoga_1-300-0090_-_Rev_012323.pdf\" target=\"_blank\" rel=\"noopener\">Calistoga<\/a><\/li>\n<\/ul>","protected":false},"featured_media":3123,"comment_status":"open","ping_status":"closed","template":"","meta":[],"product_brand":[343],"product_cat":[94,93],"product_tag":[121,122,85,39],"class_list":{"0":"post-3124","1":"product","2":"type-product","3":"status-publish","4":"has-post-thumbnail","6":"product_brand-earthlite","7":"product_cat-draagbare-massagetafels","8":"product_cat-massagetafels","9":"product_tag-calistoga","10":"product_tag-draagbaar","11":"product_tag-earthlite","12":"product_tag-massagetafel","13":"product_shipping_class-groot-pakket","14":"pa_merk-earthlite","16":"first","17":"instock","18":"taxable","19":"shipping-taxable","20":"purchasable","21":"product-type-simple"},"yoast_head":"<!-- This site is optimized with the Yoast SEO Premium plugin v27.3 (Yoast SEO v27.3) - https:\/\/yoast.com\/product\/yoast-seo-premium-wordpress\/ -->\n<title>Earthlite Calistoga draagbare Massagetafel - TouchPro Europe Shop<\/title>\n<meta name=\"description\" content=\"Ontdek de veelzijdige Earthlite Calistoga draagbare Massagetafel: mobiliteit, comfort en duurzaamheid gecombineerd. Bestel nu voor professionele massages!\" \/>\n<meta name=\"robots\" content=\"index, follow, max-snippet:-1, max-image-preview:large, max-video-preview:-1\" \/>\n<link rel=\"canonical\" href=\"https:\/\/touchproeurope.eu\/it\/product\/earthlite-calistoga-draagbare-massagetafel\/\" \/>\n<meta property=\"og:locale\" content=\"it_IT\" \/>\n<meta property=\"og:type\" content=\"article\" \/>\n<meta property=\"og:title\" content=\"Earthlite Calistoga draagbare Massagetafel\" \/>\n<meta property=\"og:description\" content=\"Ontdek de veelzijdige Earthlite Calistoga draagbare Massagetafel: mobiliteit, comfort en duurzaamheid gecombineerd. Bestel nu voor professionele massages!\" \/>\n<meta property=\"og:url\" content=\"https:\/\/touchproeurope.eu\/it\/product\/earthlite-calistoga-draagbare-massagetafel\/\" \/>\n<meta property=\"og:site_name\" content=\"TouchPro Europe Shop\" \/>\n<meta property=\"article:publisher\" content=\"https:\/\/www.facebook.com\/TouchproNederland\/?locale=nl_NL%2f\" \/>\n<meta property=\"article:modified_time\" content=\"2026-03-04T16:55:30+00:00\" \/>\n<meta property=\"og:image\" content=\"https:\/\/touchproeurope.eu\/wp-content\/uploads\/2023\/11\/1600963590.jpg\" \/>\n\t<meta property=\"og:image:width\" content=\"1896\" \/>\n\t<meta property=\"og:image:height\" content=\"1529\" \/>\n\t<meta property=\"og:image:type\" content=\"image\/jpeg\" \/>\n<meta name=\"twitter:card\" content=\"summary_large_image\" \/>\n<meta name=\"twitter:label1\" content=\"Prezzo\" \/>\n\t<meta name=\"twitter:data1\" content=\"&euro;&nbsp;1.995,00 incl. BTW\" \/>\n\t<meta name=\"twitter:label2\" content=\"Disponibilit\u00e0\" \/>\n\t<meta name=\"twitter:data2\" content=\"In stock\" \/>\n<script type=\"application\/ld+json\" class=\"yoast-schema-graph\">{\"@context\":\"https:\\\/\\\/schema.org\",\"@graph\":[{\"@type\":\"WebPage\",\"@id\":\"https:\\\/\\\/touchproeurope.eu\\\/product\\\/earthlite-calistoga-draagbare-massagetafel\\\/\",\"url\":\"https:\\\/\\\/touchproeurope.eu\\\/product\\\/earthlite-calistoga-draagbare-massagetafel\\\/\",\"name\":\"Earthlite Calistoga draagbare Massagetafel - TouchPro Europe Shop\",\"isPartOf\":{\"@id\":\"https:\\\/\\\/touchproeurope.eu\\\/#website\"},\"primaryImageOfPage\":{\"@id\":\"https:\\\/\\\/touchproeurope.eu\\\/product\\\/earthlite-calistoga-draagbare-massagetafel\\\/#primaryimage\"},\"image\":{\"@id\":\"https:\\\/\\\/touchproeurope.eu\\\/product\\\/earthlite-calistoga-draagbare-massagetafel\\\/#primaryimage\"},\"thumbnailUrl\":\"https:\\\/\\\/i0.wp.com\\\/touchproeurope.eu\\\/wp-content\\\/uploads\\\/2023\\\/11\\\/1600963590.jpg?fit=1896%2C1529&ssl=1\",\"datePublished\":\"2023-11-09T16:05:56+00:00\",\"dateModified\":\"2026-03-04T16:55:30+00:00\",\"description\":\"Ontdek de veelzijdige Earthlite Calistoga draagbare Massagetafel: mobiliteit, comfort en duurzaamheid gecombineerd. Bestel nu voor professionele massages!\",\"breadcrumb\":{\"@id\":\"https:\\\/\\\/touchproeurope.eu\\\/product\\\/earthlite-calistoga-draagbare-massagetafel\\\/#breadcrumb\"},\"inLanguage\":\"it-IT\",\"potentialAction\":[{\"@type\":\"ReadAction\",\"target\":[\"https:\\\/\\\/touchproeurope.eu\\\/product\\\/earthlite-calistoga-draagbare-massagetafel\\\/\"]}]},{\"@type\":\"ImageObject\",\"inLanguage\":\"it-IT\",\"@id\":\"https:\\\/\\\/touchproeurope.eu\\\/product\\\/earthlite-calistoga-draagbare-massagetafel\\\/#primaryimage\",\"url\":\"https:\\\/\\\/i0.wp.com\\\/touchproeurope.eu\\\/wp-content\\\/uploads\\\/2023\\\/11\\\/1600963590.jpg?fit=1896%2C1529&ssl=1\",\"contentUrl\":\"https:\\\/\\\/i0.wp.com\\\/touchproeurope.eu\\\/wp-content\\\/uploads\\\/2023\\\/11\\\/1600963590.jpg?fit=1896%2C1529&ssl=1\",\"width\":1896,\"height\":1529,\"caption\":\"Earthlite Calistoga draagbare Massagetafel\"},{\"@type\":\"BreadcrumbList\",\"@id\":\"https:\\\/\\\/touchproeurope.eu\\\/product\\\/earthlite-calistoga-draagbare-massagetafel\\\/#breadcrumb\",\"itemListElement\":[{\"@type\":\"ListItem\",\"position\":1,\"name\":\"Home\",\"item\":\"https:\\\/\\\/touchproeurope.eu\\\/\"},{\"@type\":\"ListItem\",\"position\":2,\"name\":\"Winkel\",\"item\":\"https:\\\/\\\/touchproeurope.eu\\\/winkel\\\/\"},{\"@type\":\"ListItem\",\"position\":3,\"name\":\"Earthlite Calistoga draagbare Massagetafel\"}]},{\"@type\":\"WebSite\",\"@id\":\"https:\\\/\\\/touchproeurope.eu\\\/#website\",\"url\":\"https:\\\/\\\/touchproeurope.eu\\\/\",\"name\":\"TouchPro Europe Shop\",\"description\":\"Alles voor jouw praktijk met een PROfessionele Touch!\",\"publisher\":{\"@id\":\"https:\\\/\\\/touchproeurope.eu\\\/#organization\"},\"alternateName\":\"TPE\",\"potentialAction\":[{\"@type\":\"SearchAction\",\"target\":{\"@type\":\"EntryPoint\",\"urlTemplate\":\"https:\\\/\\\/touchproeurope.eu\\\/?s={search_term_string}\"},\"query-input\":{\"@type\":\"PropertyValueSpecification\",\"valueRequired\":true,\"valueName\":\"search_term_string\"}}],\"inLanguage\":\"it-IT\"},{\"@type\":\"Organization\",\"@id\":\"https:\\\/\\\/touchproeurope.eu\\\/#organization\",\"name\":\"TouchPro Europe BV\",\"alternateName\":\"TPE\",\"url\":\"https:\\\/\\\/touchproeurope.eu\\\/\",\"logo\":{\"@type\":\"ImageObject\",\"inLanguage\":\"it-IT\",\"@id\":\"https:\\\/\\\/touchproeurope.eu\\\/#\\\/schema\\\/logo\\\/image\\\/\",\"url\":\"https:\\\/\\\/i0.wp.com\\\/touchproeurope.eu\\\/wp-content\\\/uploads\\\/2023\\\/10\\\/2b592c_b6944d80811246d987cc2c29accedf3f.png?fit=1417%2C531&ssl=1\",\"contentUrl\":\"https:\\\/\\\/i0.wp.com\\\/touchproeurope.eu\\\/wp-content\\\/uploads\\\/2023\\\/10\\\/2b592c_b6944d80811246d987cc2c29accedf3f.png?fit=1417%2C531&ssl=1\",\"width\":1417,\"height\":531,\"caption\":\"TouchPro Europe BV\"},\"image\":{\"@id\":\"https:\\\/\\\/touchproeurope.eu\\\/#\\\/schema\\\/logo\\\/image\\\/\"},\"sameAs\":[\"https:\\\/\\\/www.facebook.com\\\/TouchproNederland\\\/?locale=nl_NL\\\/\",\"https:\\\/\\\/www.instagram.com\\\/touchpro2016\\\/\",\"https:\\\/\\\/www.linkedin.com\\\/company\\\/touchpro-europe-bv\\\/\"],\"description\":\"TouchPro Europe Shop is de massage winkel van Europa. Wij verkopen topkwaliteit massageproducten aan masseurs, pedicures, fysiotherapeuten, manicuren, Wellness centra, opleidingen, etc. TouchPro begon als een kleine webshop in Nederland, maar is nu uitgegroeid tot een webshop met klanten uit heel Europa. Wij bieden een breed assortiment aan massageproducten, waaronder massagetafels, oli\u00ebn, cr\u00e8mes, en accessoires van topmerken, zoals Earthlite, Stronglite en InnerStrenght, Habys, Living Earth Crafts en Continuum en andere leveranciers van massage accessoires. Bestel hier de beste massagematerialen van Europa!\",\"email\":\"info@touchpro-europe.com\",\"telephone\":\"0858768829\",\"legalName\":\"TouchPro Europe BV\",\"foundingDate\":\"2018-01-11\",\"vatID\":\"NL855430151B01\",\"numberOfEmployees\":{\"@type\":\"QuantitativeValue\",\"minValue\":\"1\",\"maxValue\":\"10\"},\"hasMerchantReturnPolicy\":{\"@type\":\"MerchantReturnPolicy\",\"merchantReturnLink\":\"https:\\\/\\\/touchproeurope.eu\\\/it\\\/retourbeleid\\\/\"}}]}<\/script>\n<meta property=\"product:brand\" content=\"Earthlite\" \/>\n<meta property=\"product:price:amount\" content=\"1995.00\" \/>\n<meta property=\"product:price:currency\" content=\"EUR\" \/>\n<meta property=\"og:availability\" content=\"instock\" \/>\n<meta property=\"product:availability\" content=\"instock\" \/>\n<meta property=\"product:retailer_item_id\" content=\"68404\" \/>\n<meta property=\"product:condition\" content=\"new\" \/>\n<!-- \/ Yoast SEO Premium plugin. -->","yoast_head_json":{"title":"Earthlite Calistoga draagbare Massagetafel - TouchPro Europe Shop","description":"Ontdek de veelzijdige Earthlite Calistoga draagbare Massagetafel: mobiliteit, comfort en duurzaamheid gecombineerd. Bestel nu voor professionele massages!","robots":{"index":"index","follow":"follow","max-snippet":"max-snippet:-1","max-image-preview":"max-image-preview:large","max-video-preview":"max-video-preview:-1"},"canonical":"https:\/\/touchproeurope.eu\/it\/product\/earthlite-calistoga-draagbare-massagetafel\/","og_locale":"it_IT","og_type":"article","og_title":"Earthlite Calistoga draagbare Massagetafel","og_description":"Ontdek de veelzijdige Earthlite Calistoga draagbare Massagetafel: mobiliteit, comfort en duurzaamheid gecombineerd. Bestel nu voor professionele massages!","og_url":"https:\/\/touchproeurope.eu\/it\/product\/earthlite-calistoga-draagbare-massagetafel\/","og_site_name":"TouchPro Europe Shop","article_publisher":"https:\/\/www.facebook.com\/TouchproNederland\/?locale=nl_NL%2f","article_modified_time":"2026-03-04T16:55:30+00:00","og_image":[{"width":1896,"height":1529,"url":"https:\/\/touchproeurope.eu\/wp-content\/uploads\/2023\/11\/1600963590.jpg","type":"image\/jpeg"}],"twitter_card":"summary_large_image","twitter_misc":{"Prezzo":"&euro;&nbsp;1.995,00 incl. BTW","Disponibilit\u00e0":"In stock"},"schema":{"@context":"https:\/\/schema.org","@graph":[{"@type":"WebPage","@id":"https:\/\/touchproeurope.eu\/product\/earthlite-calistoga-draagbare-massagetafel\/","url":"https:\/\/touchproeurope.eu\/product\/earthlite-calistoga-draagbare-massagetafel\/","name":"Earthlite Calistoga draagbare Massagetafel - TouchPro Europe Shop","isPartOf":{"@id":"https:\/\/touchproeurope.eu\/#website"},"primaryImageOfPage":{"@id":"https:\/\/touchproeurope.eu\/product\/earthlite-calistoga-draagbare-massagetafel\/#primaryimage"},"image":{"@id":"https:\/\/touchproeurope.eu\/product\/earthlite-calistoga-draagbare-massagetafel\/#primaryimage"},"thumbnailUrl":"https:\/\/i0.wp.com\/touchproeurope.eu\/wp-content\/uploads\/2023\/11\/1600963590.jpg?fit=1896%2C1529&ssl=1","datePublished":"2023-11-09T16:05:56+00:00","dateModified":"2026-03-04T16:55:30+00:00","description":"Ontdek de veelzijdige Earthlite Calistoga draagbare Massagetafel: mobiliteit, comfort en duurzaamheid gecombineerd. Bestel nu voor professionele massages!","breadcrumb":{"@id":"https:\/\/touchproeurope.eu\/product\/earthlite-calistoga-draagbare-massagetafel\/#breadcrumb"},"inLanguage":"it-IT","potentialAction":[{"@type":"ReadAction","target":["https:\/\/touchproeurope.eu\/product\/earthlite-calistoga-draagbare-massagetafel\/"]}]},{"@type":"ImageObject","inLanguage":"it-IT","@id":"https:\/\/touchproeurope.eu\/product\/earthlite-calistoga-draagbare-massagetafel\/#primaryimage","url":"https:\/\/i0.wp.com\/touchproeurope.eu\/wp-content\/uploads\/2023\/11\/1600963590.jpg?fit=1896%2C1529&ssl=1","contentUrl":"https:\/\/i0.wp.com\/touchproeurope.eu\/wp-content\/uploads\/2023\/11\/1600963590.jpg?fit=1896%2C1529&ssl=1","width":1896,"height":1529,"caption":"Earthlite Calistoga draagbare Massagetafel"},{"@type":"BreadcrumbList","@id":"https:\/\/touchproeurope.eu\/product\/earthlite-calistoga-draagbare-massagetafel\/#breadcrumb","itemListElement":[{"@type":"ListItem","position":1,"name":"Home","item":"https:\/\/touchproeurope.eu\/"},{"@type":"ListItem","position":2,"name":"Winkel","item":"https:\/\/touchproeurope.eu\/winkel\/"},{"@type":"ListItem","position":3,"name":"Earthlite Calistoga draagbare Massagetafel"}]},{"@type":"WebSite","@id":"https:\/\/touchproeurope.eu\/#website","url":"https:\/\/touchproeurope.eu\/","name":"Negozio TouchPro Europe","description":"Tutto per il vostro studio con un tocco professionale!","publisher":{"@id":"https:\/\/touchproeurope.eu\/#organization"},"alternateName":"TPE","potentialAction":[{"@type":"SearchAction","target":{"@type":"EntryPoint","urlTemplate":"https:\/\/touchproeurope.eu\/?s={search_term_string}"},"query-input":{"@type":"PropertyValueSpecification","valueRequired":true,"valueName":"search_term_string"}}],"inLanguage":"it-IT"},{"@type":"Organization","@id":"https:\/\/touchproeurope.eu\/#organization","name":"TouchPro Europe BV","alternateName":"TPE","url":"https:\/\/touchproeurope.eu\/","logo":{"@type":"ImageObject","inLanguage":"it-IT","@id":"https:\/\/touchproeurope.eu\/#\/schema\/logo\/image\/","url":"https:\/\/i0.wp.com\/touchproeurope.eu\/wp-content\/uploads\/2023\/10\/2b592c_b6944d80811246d987cc2c29accedf3f.png?fit=1417%2C531&ssl=1","contentUrl":"https:\/\/i0.wp.com\/touchproeurope.eu\/wp-content\/uploads\/2023\/10\/2b592c_b6944d80811246d987cc2c29accedf3f.png?fit=1417%2C531&ssl=1","width":1417,"height":531,"caption":"TouchPro Europe BV"},"image":{"@id":"https:\/\/touchproeurope.eu\/#\/schema\/logo\/image\/"},"sameAs":["https:\/\/www.facebook.com\/TouchproNederland\/?locale=nl_NL\/","https:\/\/www.instagram.com\/touchpro2016\/","https:\/\/www.linkedin.com\/company\/touchpro-europe-bv\/"],"description":"TouchPro Europe Shop \u00e8 il negozio di massaggi d'Europa. Vendiamo prodotti per il massaggio di alta qualit\u00e0 a massaggiatori, pedicuristi, fisioterapisti, manicuristi, centri benessere, corsi di formazione, ecc. TouchPro \u00e8 nato come un piccolo negozio nei Paesi Bassi, ma ora \u00e8 diventato un negozio con clienti da tutta Europa. Offriamo un'ampia gamma di prodotti per il massaggio, tra cui lettini, oli, creme e accessori delle migliori marche come Earthlite, Stronglite e InnerStrenght, Habys, Living Earth Crafts e Continuum e altri fornitori di accessori per il massaggio. Ordinate qui le migliori forniture per massaggi d'Europa!","email":"info@touchpro-europe.com","telephone":"0858768829","legalName":"TouchPro Europe BV","foundingDate":"2018-01-11","vatID":"NL855430151B01","numberOfEmployees":{"@type":"QuantitativeValue","minValue":"1","maxValue":"10"},"hasMerchantReturnPolicy":{"@type":"MerchantReturnPolicy","merchantReturnLink":"https:\/\/touchproeurope.eu\/it\/retourbeleid\/"}}]},"product_brand":"Earthlite","product_price_amount":"1995.00","product_price_currency":"EUR","og_availability":"instock","product_availability":"instock","product_retailer_item_id":"68404","product_condition":"new"},"_links":{"self":[{"href":"https:\/\/touchproeurope.eu\/it\/wp-json\/wp\/v2\/product\/3124","targetHints":{"allow":["GET"]}}],"collection":[{"href":"https:\/\/touchproeurope.eu\/it\/wp-json\/wp\/v2\/product"}],"about":[{"href":"https:\/\/touchproeurope.eu\/it\/wp-json\/wp\/v2\/types\/product"}],"replies":[{"embeddable":true,"href":"https:\/\/touchproeurope.eu\/it\/wp-json\/wp\/v2\/comments?post=3124"}],"version-history":[{"count":2,"href":"https:\/\/touchproeurope.eu\/it\/wp-json\/wp\/v2\/product\/3124\/revisions"}],"predecessor-version":[{"id":3628,"href":"https:\/\/touchproeurope.eu\/it\/wp-json\/wp\/v2\/product\/3124\/revisions\/3628"}],"wp:featuredmedia":[{"embeddable":true,"href":"https:\/\/touchproeurope.eu\/it\/wp-json\/wp\/v2\/media\/3123"}],"wp:attachment":[{"href":"https:\/\/touchproeurope.eu\/it\/wp-json\/wp\/v2\/media?parent=3124"}],"wp:term":[{"taxonomy":"product_brand","embeddable":true,"href":"https:\/\/touchproeurope.eu\/it\/wp-json\/wp\/v2\/product_brand?post=3124"},{"taxonomy":"product_cat","embeddable":true,"href":"https:\/\/touchproeurope.eu\/it\/wp-json\/wp\/v2\/product_cat?post=3124"},{"taxonomy":"product_tag","embeddable":true,"href":"https:\/\/touchproeurope.eu\/it\/wp-json\/wp\/v2\/product_tag?post=3124"}],"curies":[{"name":"wp","href":"https:\/\/api.w.org\/{rel}","templated":true}]}}