{"id":3132,"date":"2023-11-09T16:06:16","date_gmt":"2023-11-09T16:06:16","guid":{"rendered":"https:\/\/touchproeurope.eu\/?post_type=product&#038;p=3132"},"modified":"2026-04-22T09:40:05","modified_gmt":"2026-04-22T09:40:05","slug":"cuscino-terapeutico-per-gli-occhi-di-alchimia-olistica","status":"publish","type":"product","link":"https:\/\/touchproeurope.eu\/it\/product\/holistic-alchemy-therapeutisch-oogkussen\/","title":{"rendered":"Cuscino terapeutico per gli occhi Holistic Alchemy"},"content":{"rendered":"<p data-start=\"224\" data-end=\"608\">Il <strong data-start=\"228\" data-end=\"273\">Cuscino terapeutico per gli occhi Holistic Alchemy\u2122<\/strong> \u00e8 stato progettato con cura per favorire il riposo, il recupero e il rilassamento profondo. Questo cuscino per gli occhi combina l'antica tradizione orientale con i moderni principi del benessere. Realizzato con una morbida custodia in pura seta 100 %. \u00c8 fresco e rilassante per gli occhi stanchi. \u00c8 ideale durante la meditazione, lo yoga, la routine serale o un momento di cura di s\u00e9.<\/p>\n<p data-start=\"610\" data-end=\"1075\">Il ripieno \u00e8 costituito da una miscela di erbe accuratamente composta, lavanda, menta piperita, petali di rosa e camomilla. Il tutto \u00e8 combinato con semi di lino che esercitano una leggera pressione sul contorno occhi. Questa combinazione ha un effetto aromaterapeutico e aiuta a sciogliere la tensione intorno agli occhi. Secondo i metodi di guarigione tradizionali, la leggera pressione fornisce sollievo agli occhi stanchi. Riduce lo stress nella zona oculare. Inoltre, rende pi\u00f9 piacevole il passaggio al riposo e al sonno.<\/p>\n<p data-start=\"1077\" data-end=\"1575\">Il sacchetto di seta \u00e8 cucito a mano e presenta una cerniera a un'estremit\u00e0. In questo modo \u00e8 possibile rimuovere temporaneamente l'imbottitura e lavare il sacchetto. In seguito, si pu\u00f2 facilmente riempire di nuovo.<\/p>\n<p data-start=\"1077\" data-end=\"1575\">Per una maggiore comodit\u00e0, \u00e8 disponibile anche un sacchetto di seta separato. Questo consente di pulire separatamente la parte esterna del cuscinetto oculare senza intaccare la miscela di erbe. Poich\u00e9 questo cuscinetto per gli occhi non \u00e8 destinato a essere riscaldato, \u00e8 adatto all'uso a freddo. Non applicare al microonde o a fonti di calore.<\/p>\n<p data-start=\"1577\" data-end=\"1837\">Sia che lavoriate come massaggiatori, in uno studio di yoga o in una spa, sia che offriate questo cuscino ai clienti, \u00e8 uno strumento elegante e funzionale. Sentitevi liberi di usarlo anche nei vostri momenti di riposo. Il cuscino per gli occhi favorisce il riposo. Inoltre, attenua i sensi e aumenta la sensazione di benessere.<\/p>","protected":false},"excerpt":{"rendered":"<p>I cuscini oculari terapeutici Earthlite Holistic Alchemy\u2122 sono progettati per migliorare il rilassamento, la meditazione, lo yoga e il sonno. I cuscini sono realizzati in pura seta 100% e la loro consistenza molto morbida ha un effetto rinfrescante e lenitivo sugli occhi stanchi.<\/p>\n<p>Ogni cuscino \u00e8 riempito con la ricetta aromatica di Earthlite a base di lavanda, menta piperita, petali di rosa e camomilla, che lenisce e rilassa il corpo e la mente. Secondo la tradizione curativa orientale, la sottile pressione del cuscino riempito di erbe e semi di lino sugli occhi aiuta ad alleviare la tensione e a ridurre la stanchezza oculare.<\/p>\n<p>Altre specifiche:<\/p>\n<ul>\n<li>l'astuccio in seta \u00e8 cucito a mano e ha una cerniera all'estremit\u00e0. In questo modo \u00e8 possibile svuotare temporaneamente il contenuto, lavare l'astuccio e riempire nuovamente il cuscinetto oculare.<\/li>\n<li>Per facilitare la pulizia del cuscino, \u00e8 possibile ordinare una fodera in seta da applicare sopra il cuscino.<\/li>\n<li>NON scaldare nel microonde - usare a freddo.<\/li>\n<li><a href=\"https:\/\/b2b.earthlite.eu\/media\/wysiwyg\/SalesSheets\/2023-Reupload\/EyePillows_-_1-300-0134_-_rev_011922.pdf\" target=\"_blank\" rel=\"noopener\">Foglio di vendita ufficiale Cuscino per gli occhi<\/a><\/li>.<\/li>\n<\/ul>","protected":false},"featured_media":14217,"comment_status":"open","ping_status":"closed","template":"","meta":[],"product_brand":[343],"product_cat":[105],"product_tag":[449,450,447,451,448],"class_list":{"0":"post-3132","1":"product","2":"type-product","3":"status-publish","4":"has-post-thumbnail","6":"product_brand-earthlite","7":"product_cat-aromatherapie","8":"product_tag-oogmasker-voor-ontspanning","9":"product_tag-slaap-routine-hulpmiddel","10":"product_tag-therapeutisch-oogkussen","11":"product_tag-wellness-cadeau","12":"product_tag-yoga-accessory","13":"product_shipping_class-klein-pakket","14":"pa_kleur-grijs","15":"pa_kleur-teal-blauw","16":"pa_kleur-zwart","17":"pa_merk-earthlite","19":"first","20":"instock","21":"taxable","22":"shipping-taxable","23":"purchasable","24":"product-type-variable"},"yoast_head":"<!-- This site is optimized with the Yoast SEO Premium plugin v27.4 (Yoast SEO v27.4) - https:\/\/yoast.com\/product\/yoast-seo-premium-wordpress\/ -->\n<title>Holistic Alchemy therapeutisch oogkussen - TouchPro Europe Shop<\/title>\n<meta name=\"description\" content=\"Cre\u00eber je eigen zen met het Holistic Alchemy therapeutisch oogkussen. Deze zachte zijden pouch bevordert rust en herstel. Geen afscheid meer van stress!\" \/>\n<meta name=\"robots\" content=\"index, follow, max-snippet:-1, max-image-preview:large, max-video-preview:-1\" \/>\n<link rel=\"canonical\" href=\"https:\/\/touchproeurope.eu\/it\/product\/cuscino-terapeutico-per-gli-occhi-di-alchimia-olistica\/\" \/>\n<meta property=\"og:locale\" content=\"it_IT\" \/>\n<meta property=\"og:type\" content=\"article\" \/>\n<meta property=\"og:title\" content=\"Holistic Alchemy therapeutisch oogkussen\" \/>\n<meta property=\"og:description\" content=\"Cre\u00eber je eigen zen met het Holistic Alchemy therapeutisch oogkussen. Deze zachte zijden pouch bevordert rust en herstel. Geen afscheid meer van stress!\" \/>\n<meta property=\"og:url\" content=\"https:\/\/touchproeurope.eu\/it\/product\/cuscino-terapeutico-per-gli-occhi-di-alchimia-olistica\/\" \/>\n<meta property=\"og:site_name\" content=\"TouchPro Europe Shop\" \/>\n<meta property=\"article:publisher\" content=\"https:\/\/www.facebook.com\/TouchproNederland\/?locale=nl_NL%2f\" \/>\n<meta property=\"article:modified_time\" content=\"2026-04-22T09:40:05+00:00\" \/>\n<meta property=\"og:image\" content=\"https:\/\/touchproeurope.eu\/wp-content\/uploads\/2023\/11\/Eye_Pillow_-_Group_-_Layered-e1759868785826.jpg\" \/>\n\t<meta property=\"og:image:width\" content=\"800\" \/>\n\t<meta property=\"og:image:height\" content=\"800\" \/>\n\t<meta property=\"og:image:type\" content=\"image\/jpeg\" \/>\n<meta name=\"twitter:card\" content=\"summary_large_image\" \/>\n<meta name=\"twitter:label1\" content=\"Disponibilit\u00e0\" \/>\n\t<meta name=\"twitter:data1\" content=\"In stock\" \/>\n<script type=\"application\/ld+json\" class=\"yoast-schema-graph\">{\"@context\":\"https:\\\/\\\/schema.org\",\"@graph\":[{\"@type\":\"WebPage\",\"@id\":\"https:\\\/\\\/touchproeurope.eu\\\/product\\\/holistic-alchemy-therapeutisch-oogkussen\\\/\",\"url\":\"https:\\\/\\\/touchproeurope.eu\\\/product\\\/holistic-alchemy-therapeutisch-oogkussen\\\/\",\"name\":\"Holistic Alchemy therapeutisch oogkussen - TouchPro Europe Shop\",\"isPartOf\":{\"@id\":\"https:\\\/\\\/touchproeurope.eu\\\/#website\"},\"primaryImageOfPage\":{\"@id\":\"https:\\\/\\\/touchproeurope.eu\\\/product\\\/holistic-alchemy-therapeutisch-oogkussen\\\/#primaryimage\"},\"image\":{\"@id\":\"https:\\\/\\\/touchproeurope.eu\\\/product\\\/holistic-alchemy-therapeutisch-oogkussen\\\/#primaryimage\"},\"thumbnailUrl\":\"https:\\\/\\\/i0.wp.com\\\/touchproeurope.eu\\\/wp-content\\\/uploads\\\/2023\\\/11\\\/Eye_Pillow_-_Group_-_Layered-e1759868785826.jpg?fit=800%2C800&ssl=1\",\"datePublished\":\"2023-11-09T16:06:16+00:00\",\"dateModified\":\"2026-04-22T09:40:05+00:00\",\"description\":\"Cre\u00eber je eigen zen met het Holistic Alchemy therapeutisch oogkussen. Deze zachte zijden pouch bevordert rust en herstel. Geen afscheid meer van stress!\",\"breadcrumb\":{\"@id\":\"https:\\\/\\\/touchproeurope.eu\\\/product\\\/holistic-alchemy-therapeutisch-oogkussen\\\/#breadcrumb\"},\"inLanguage\":\"it-IT\",\"potentialAction\":[{\"@type\":\"ReadAction\",\"target\":[\"https:\\\/\\\/touchproeurope.eu\\\/product\\\/holistic-alchemy-therapeutisch-oogkussen\\\/\"]}]},{\"@type\":\"ImageObject\",\"inLanguage\":\"it-IT\",\"@id\":\"https:\\\/\\\/touchproeurope.eu\\\/product\\\/holistic-alchemy-therapeutisch-oogkussen\\\/#primaryimage\",\"url\":\"https:\\\/\\\/i0.wp.com\\\/touchproeurope.eu\\\/wp-content\\\/uploads\\\/2023\\\/11\\\/Eye_Pillow_-_Group_-_Layered-e1759868785826.jpg?fit=800%2C800&ssl=1\",\"contentUrl\":\"https:\\\/\\\/i0.wp.com\\\/touchproeurope.eu\\\/wp-content\\\/uploads\\\/2023\\\/11\\\/Eye_Pillow_-_Group_-_Layered-e1759868785826.jpg?fit=800%2C800&ssl=1\",\"width\":800,\"height\":800,\"caption\":\"Holistic Alchemy therapeutisch oogkussen alle kleuren van het merk Earthlite\"},{\"@type\":\"BreadcrumbList\",\"@id\":\"https:\\\/\\\/touchproeurope.eu\\\/product\\\/holistic-alchemy-therapeutisch-oogkussen\\\/#breadcrumb\",\"itemListElement\":[{\"@type\":\"ListItem\",\"position\":1,\"name\":\"Home\",\"item\":\"https:\\\/\\\/touchproeurope.eu\\\/\"},{\"@type\":\"ListItem\",\"position\":2,\"name\":\"Winkel\",\"item\":\"https:\\\/\\\/touchproeurope.eu\\\/winkel\\\/\"},{\"@type\":\"ListItem\",\"position\":3,\"name\":\"Holistic Alchemy therapeutisch oogkussen\"}]},{\"@type\":\"WebSite\",\"@id\":\"https:\\\/\\\/touchproeurope.eu\\\/#website\",\"url\":\"https:\\\/\\\/touchproeurope.eu\\\/\",\"name\":\"TouchPro Europe Shop\",\"description\":\"Alles voor jouw praktijk met een PROfessionele Touch!\",\"publisher\":{\"@id\":\"https:\\\/\\\/touchproeurope.eu\\\/#organization\"},\"alternateName\":\"TPE\",\"potentialAction\":[{\"@type\":\"SearchAction\",\"target\":{\"@type\":\"EntryPoint\",\"urlTemplate\":\"https:\\\/\\\/touchproeurope.eu\\\/?s={search_term_string}\"},\"query-input\":{\"@type\":\"PropertyValueSpecification\",\"valueRequired\":true,\"valueName\":\"search_term_string\"}}],\"inLanguage\":\"it-IT\"},{\"@type\":\"Organization\",\"@id\":\"https:\\\/\\\/touchproeurope.eu\\\/#organization\",\"name\":\"TouchPro Europe BV\",\"alternateName\":\"TPE\",\"url\":\"https:\\\/\\\/touchproeurope.eu\\\/\",\"logo\":{\"@type\":\"ImageObject\",\"inLanguage\":\"it-IT\",\"@id\":\"https:\\\/\\\/touchproeurope.eu\\\/#\\\/schema\\\/logo\\\/image\\\/\",\"url\":\"https:\\\/\\\/i0.wp.com\\\/touchproeurope.eu\\\/wp-content\\\/uploads\\\/2023\\\/10\\\/2b592c_b6944d80811246d987cc2c29accedf3f.png?fit=1417%2C531&ssl=1\",\"contentUrl\":\"https:\\\/\\\/i0.wp.com\\\/touchproeurope.eu\\\/wp-content\\\/uploads\\\/2023\\\/10\\\/2b592c_b6944d80811246d987cc2c29accedf3f.png?fit=1417%2C531&ssl=1\",\"width\":1417,\"height\":531,\"caption\":\"TouchPro Europe BV\"},\"image\":{\"@id\":\"https:\\\/\\\/touchproeurope.eu\\\/#\\\/schema\\\/logo\\\/image\\\/\"},\"sameAs\":[\"https:\\\/\\\/www.facebook.com\\\/TouchproNederland\\\/?locale=nl_NL\\\/\",\"https:\\\/\\\/www.instagram.com\\\/touchpro2016\\\/\",\"https:\\\/\\\/www.linkedin.com\\\/company\\\/touchpro-europe-bv\\\/\"],\"description\":\"TouchPro Europe Shop is de massage winkel van Europa. Wij verkopen topkwaliteit massageproducten aan masseurs, pedicures, fysiotherapeuten, manicuren, Wellness centra, opleidingen, etc. TouchPro begon als een kleine webshop in Nederland, maar is nu uitgegroeid tot een webshop met klanten uit heel Europa. Wij bieden een breed assortiment aan massageproducten, waaronder massagetafels, oli\u00ebn, cr\u00e8mes, en accessoires van topmerken, zoals Earthlite, Stronglite en InnerStrenght, Habys, Living Earth Crafts en Continuum en andere leveranciers van massage accessoires. Bestel hier de beste massagematerialen van Europa!\",\"email\":\"info@touchpro-europe.com\",\"telephone\":\"0858768829\",\"legalName\":\"TouchPro Europe BV\",\"foundingDate\":\"2018-01-11\",\"vatID\":\"NL855430151B01\",\"numberOfEmployees\":{\"@type\":\"QuantitativeValue\",\"minValue\":\"1\",\"maxValue\":\"10\"},\"hasMerchantReturnPolicy\":{\"@type\":\"MerchantReturnPolicy\",\"merchantReturnLink\":\"https:\\\/\\\/touchproeurope.eu\\\/it\\\/retourbeleid\\\/\"}}]}<\/script>\n<meta property=\"product:brand\" content=\"Earthlite\" \/>\n<meta property=\"og:availability\" content=\"instock\" \/>\n<meta property=\"product:availability\" content=\"instock\" \/>\n<meta property=\"product:retailer_item_id\" content=\"88100\" \/>\n<meta property=\"product:condition\" content=\"new\" \/>\n<!-- \/ Yoast SEO Premium plugin. -->","yoast_head_json":{"title":"Cuscino terapeutico per gli occhi Holistic Alchemy - TouchPro Europe Shop","description":"Create il vostro zen con il cuscino terapeutico per gli occhi Holistic Alchemy. Questo morbido cuscino di seta favorisce la calma e il recupero. Non dite pi\u00f9 addio allo stress!","robots":{"index":"index","follow":"follow","max-snippet":"max-snippet:-1","max-image-preview":"max-image-preview:large","max-video-preview":"max-video-preview:-1"},"canonical":"https:\/\/touchproeurope.eu\/it\/product\/cuscino-terapeutico-per-gli-occhi-di-alchimia-olistica\/","og_locale":"it_IT","og_type":"article","og_title":"Holistic Alchemy therapeutisch oogkussen","og_description":"Cre\u00eber je eigen zen met het Holistic Alchemy therapeutisch oogkussen. Deze zachte zijden pouch bevordert rust en herstel. Geen afscheid meer van stress!","og_url":"https:\/\/touchproeurope.eu\/it\/product\/cuscino-terapeutico-per-gli-occhi-di-alchimia-olistica\/","og_site_name":"TouchPro Europe Shop","article_publisher":"https:\/\/www.facebook.com\/TouchproNederland\/?locale=nl_NL%2f","article_modified_time":"2026-04-22T09:40:05+00:00","og_image":[{"width":800,"height":800,"url":"https:\/\/touchproeurope.eu\/wp-content\/uploads\/2023\/11\/Eye_Pillow_-_Group_-_Layered-e1759868785826.jpg","type":"image\/jpeg"}],"twitter_card":"summary_large_image","twitter_misc":{"Disponibilit\u00e0":"In stock"},"schema":{"@context":"https:\/\/schema.org","@graph":[{"@type":"WebPage","@id":"https:\/\/touchproeurope.eu\/product\/holistic-alchemy-therapeutisch-oogkussen\/","url":"https:\/\/touchproeurope.eu\/product\/holistic-alchemy-therapeutisch-oogkussen\/","name":"Cuscino terapeutico per gli occhi Holistic Alchemy - TouchPro Europe Shop","isPartOf":{"@id":"https:\/\/touchproeurope.eu\/#website"},"primaryImageOfPage":{"@id":"https:\/\/touchproeurope.eu\/product\/holistic-alchemy-therapeutisch-oogkussen\/#primaryimage"},"image":{"@id":"https:\/\/touchproeurope.eu\/product\/holistic-alchemy-therapeutisch-oogkussen\/#primaryimage"},"thumbnailUrl":"https:\/\/i0.wp.com\/touchproeurope.eu\/wp-content\/uploads\/2023\/11\/Eye_Pillow_-_Group_-_Layered-e1759868785826.jpg?fit=800%2C800&ssl=1","datePublished":"2023-11-09T16:06:16+00:00","dateModified":"2026-04-22T09:40:05+00:00","description":"Create il vostro zen con il cuscino terapeutico per gli occhi Holistic Alchemy. Questo morbido cuscino di seta favorisce la calma e il recupero. Non dite pi\u00f9 addio allo stress!","breadcrumb":{"@id":"https:\/\/touchproeurope.eu\/product\/holistic-alchemy-therapeutisch-oogkussen\/#breadcrumb"},"inLanguage":"it-IT","potentialAction":[{"@type":"ReadAction","target":["https:\/\/touchproeurope.eu\/product\/holistic-alchemy-therapeutisch-oogkussen\/"]}]},{"@type":"ImageObject","inLanguage":"it-IT","@id":"https:\/\/touchproeurope.eu\/product\/holistic-alchemy-therapeutisch-oogkussen\/#primaryimage","url":"https:\/\/i0.wp.com\/touchproeurope.eu\/wp-content\/uploads\/2023\/11\/Eye_Pillow_-_Group_-_Layered-e1759868785826.jpg?fit=800%2C800&ssl=1","contentUrl":"https:\/\/i0.wp.com\/touchproeurope.eu\/wp-content\/uploads\/2023\/11\/Eye_Pillow_-_Group_-_Layered-e1759868785826.jpg?fit=800%2C800&ssl=1","width":800,"height":800,"caption":"Holistic Alchemy therapeutisch oogkussen alle kleuren van het merk Earthlite"},{"@type":"BreadcrumbList","@id":"https:\/\/touchproeurope.eu\/product\/holistic-alchemy-therapeutisch-oogkussen\/#breadcrumb","itemListElement":[{"@type":"ListItem","position":1,"name":"Home","item":"https:\/\/touchproeurope.eu\/"},{"@type":"ListItem","position":2,"name":"Winkel","item":"https:\/\/touchproeurope.eu\/winkel\/"},{"@type":"ListItem","position":3,"name":"Holistic Alchemy therapeutisch oogkussen"}]},{"@type":"WebSite","@id":"https:\/\/touchproeurope.eu\/#website","url":"https:\/\/touchproeurope.eu\/","name":"Negozio TouchPro Europe","description":"Tutto per il vostro studio con un tocco professionale!","publisher":{"@id":"https:\/\/touchproeurope.eu\/#organization"},"alternateName":"TPE","potentialAction":[{"@type":"SearchAction","target":{"@type":"EntryPoint","urlTemplate":"https:\/\/touchproeurope.eu\/?s={search_term_string}"},"query-input":{"@type":"PropertyValueSpecification","valueRequired":true,"valueName":"search_term_string"}}],"inLanguage":"it-IT"},{"@type":"Organization","@id":"https:\/\/touchproeurope.eu\/#organization","name":"TouchPro Europe BV","alternateName":"TPE","url":"https:\/\/touchproeurope.eu\/","logo":{"@type":"ImageObject","inLanguage":"it-IT","@id":"https:\/\/touchproeurope.eu\/#\/schema\/logo\/image\/","url":"https:\/\/i0.wp.com\/touchproeurope.eu\/wp-content\/uploads\/2023\/10\/2b592c_b6944d80811246d987cc2c29accedf3f.png?fit=1417%2C531&ssl=1","contentUrl":"https:\/\/i0.wp.com\/touchproeurope.eu\/wp-content\/uploads\/2023\/10\/2b592c_b6944d80811246d987cc2c29accedf3f.png?fit=1417%2C531&ssl=1","width":1417,"height":531,"caption":"TouchPro Europe BV"},"image":{"@id":"https:\/\/touchproeurope.eu\/#\/schema\/logo\/image\/"},"sameAs":["https:\/\/www.facebook.com\/TouchproNederland\/?locale=nl_NL\/","https:\/\/www.instagram.com\/touchpro2016\/","https:\/\/www.linkedin.com\/company\/touchpro-europe-bv\/"],"description":"TouchPro Europe Shop \u00e8 il negozio di massaggi d'Europa. Vendiamo prodotti per il massaggio di alta qualit\u00e0 a massaggiatori, pedicuristi, fisioterapisti, manicuristi, centri benessere, corsi di formazione, ecc. TouchPro \u00e8 nato come un piccolo negozio nei Paesi Bassi, ma ora \u00e8 diventato un negozio con clienti da tutta Europa. Offriamo un'ampia gamma di prodotti per il massaggio, tra cui lettini, oli, creme e accessori delle migliori marche come Earthlite, Stronglite e InnerStrenght, Habys, Living Earth Crafts e Continuum e altri fornitori di accessori per il massaggio. Ordinate qui le migliori forniture per massaggi d'Europa!","email":"info@touchpro-europe.com","telephone":"0858768829","legalName":"TouchPro Europe BV","foundingDate":"2018-01-11","vatID":"NL855430151B01","numberOfEmployees":{"@type":"QuantitativeValue","minValue":"1","maxValue":"10"},"hasMerchantReturnPolicy":{"@type":"MerchantReturnPolicy","merchantReturnLink":"https:\/\/touchproeurope.eu\/it\/retourbeleid\/"}}]},"product_brand":"Earthlite","og_availability":"instock","product_availability":"instock","product_retailer_item_id":"88100","product_condition":"new"},"_links":{"self":[{"href":"https:\/\/touchproeurope.eu\/it\/wp-json\/wp\/v2\/product\/3132","targetHints":{"allow":["GET"]}}],"collection":[{"href":"https:\/\/touchproeurope.eu\/it\/wp-json\/wp\/v2\/product"}],"about":[{"href":"https:\/\/touchproeurope.eu\/it\/wp-json\/wp\/v2\/types\/product"}],"replies":[{"embeddable":true,"href":"https:\/\/touchproeurope.eu\/it\/wp-json\/wp\/v2\/comments?post=3132"}],"version-history":[{"count":4,"href":"https:\/\/touchproeurope.eu\/it\/wp-json\/wp\/v2\/product\/3132\/revisions"}],"predecessor-version":[{"id":14223,"href":"https:\/\/touchproeurope.eu\/it\/wp-json\/wp\/v2\/product\/3132\/revisions\/14223"}],"wp:featuredmedia":[{"embeddable":true,"href":"https:\/\/touchproeurope.eu\/it\/wp-json\/wp\/v2\/media\/14217"}],"wp:attachment":[{"href":"https:\/\/touchproeurope.eu\/it\/wp-json\/wp\/v2\/media?parent=3132"}],"wp:term":[{"taxonomy":"product_brand","embeddable":true,"href":"https:\/\/touchproeurope.eu\/it\/wp-json\/wp\/v2\/product_brand?post=3132"},{"taxonomy":"product_cat","embeddable":true,"href":"https:\/\/touchproeurope.eu\/it\/wp-json\/wp\/v2\/product_cat?post=3132"},{"taxonomy":"product_tag","embeddable":true,"href":"https:\/\/touchproeurope.eu\/it\/wp-json\/wp\/v2\/product_tag?post=3132"}],"curies":[{"name":"wp","href":"https:\/\/api.w.org\/{rel}","templated":true}]}}