{"id":3166,"date":"2023-11-09T16:07:12","date_gmt":"2023-11-09T16:07:12","guid":{"rendered":"https:\/\/touchproeurope.eu\/?post_type=product&#038;p=3166"},"modified":"2026-04-16T16:02:29","modified_gmt":"2026-04-16T16:02:29","slug":"lec-strata-hoofdkussen","status":"publish","type":"product","link":"https:\/\/touchproeurope.eu\/it\/product\/lec-strata-hoofdkussen\/","title":{"rendered":"Cuscino LEC Strata"},"content":{"rendered":"<p>Ontdek het ultieme comfort met het LEC Strata hoofdkussen. Een top hoofdkussen, ontwikkeld in samenwerking tussen Earthlite en Living Earth Crafts, bekend om hun luxe massageproducten. Dit kussen tilt ontspanning en comfort naar een nieuw niveau met zijn unieke ontwerp en twee lagen schuim.<\/p>\n<p>De Cloudfill\u2122 laag, een perfecte mix van luchtig gel en glasvezel, zorgt voor cloudcomfort demping. Samen met de tweede laag van traagschuim wordt\u00a0 de sinusdruk verminderd en drukpunten ge\u00eblimineerd. Hierdoor ervaart uw klant een onge\u00ebvenaard comfort; zelfs tijdens langdurige sessies op uw massagetafel of -stoel. Voel de zorgen wegdrijven terwijl het LEC Strata hoofdsteunkussen zich aanpast aan de contouren van het gezicht.<\/p>\n<p>Dit luxueuze hoofdkussen is afgewerkt met PVC-vrij Comfort-Flex\u2122 bekleding en contrasterende dubbele stiksels. Kies de kleur, die past bij de sfeer van uw ruimte en massagematerialen. Er zit er vast een tussen: Groen, Amethyst, Zwart, Bordeaux, Blauw, Wit, Vanilla Creme, Marie&#8217;s Beige en Latte.<\/p>","protected":false},"excerpt":{"rendered":"<p>Dit nieuwe, luxe hoofdkussen is ontwikkeld in samenwerking van Earthlite met Living Earth Crafts, leverancier van luxueuze massageproducten. Het LEC Strata hoofdkussen is gevuld met 2 lagen:<\/p>\n<ol>\n<li>De Cloudfill\u2122 laag, bestaande uit een mix van luchtig gel en glasvezel:<\/li>\n<li>Een traagschuimlaag.<\/li>\n<\/ol>\n<p>Door deze 2 lagen ervaart uw klant extra comfort, ook als hij voor langere tijd op uw massagetafel of -stoel ligt\/zit. Het LEC Strata hoofdkussen is omkleed met een natuurvriendelijk PU- vinyl en leverbaar in de kleuren: Groen, Amethyst, Zwart, Bordeaux, Blauw, Wit, Vanilla Creme, Marie&#8217;s Beige en Latte.<\/p>\n<p>Bekijk meer bijzonderheden op de <a href=\"https:\/\/b2b.earthlite.eu\/media\/wysiwyg\/SalesSheets\/2023-Reupload\/FacePillow_Strata_-_Earthlite_-_1-300-0042_-_Rev_012323.pdf\">offici\u00eble Earthlite sales sheet<\/a>.<\/p>","protected":false},"featured_media":4975,"comment_status":"open","ping_status":"closed","template":"","meta":[],"product_brand":[],"product_cat":[99,101],"product_tag":[228,229,231],"class_list":{"0":"post-3166","1":"product","2":"type-product","3":"status-publish","4":"has-post-thumbnail","6":"product_cat-accessoires","7":"product_cat-hoofdsteunen-en-kussens","8":"product_tag-face-pillow","9":"product_tag-hoofdkussen","10":"product_tag-living-earth-craft","11":"product_shipping_class-klein-pakket","13":"first","14":"instock","15":"taxable","16":"shipping-taxable","17":"purchasable","18":"product-type-variable"},"yoast_head":"<!-- This site is optimized with the Yoast SEO Premium plugin v27.4 (Yoast SEO v27.4) - https:\/\/yoast.com\/product\/yoast-seo-premium-wordpress\/ -->\n<title>LEC Strata hoofdkussen - TouchPro Europe Shop<\/title>\n<meta name=\"description\" content=\"Het ultieme comfort met het LEC Strata hoofdkussen ontdekken? De perfecte mix van Cloudfill\u2122 en traagschuim beleven voor top comfort. Bestel hem hier!\" \/>\n<meta name=\"robots\" content=\"index, follow, max-snippet:-1, max-image-preview:large, max-video-preview:-1\" \/>\n<link rel=\"canonical\" href=\"https:\/\/touchproeurope.eu\/it\/product\/lec-strata-hoofdkussen\/\" \/>\n<meta property=\"og:locale\" content=\"it_IT\" \/>\n<meta property=\"og:type\" content=\"article\" \/>\n<meta property=\"og:title\" content=\"LEC Strata hoofdkussen\" \/>\n<meta property=\"og:description\" content=\"Het ultieme comfort met het LEC Strata hoofdkussen ontdekken? De perfecte mix van Cloudfill\u2122 en traagschuim beleven voor top comfort. Bestel hem hier!\" \/>\n<meta property=\"og:url\" content=\"https:\/\/touchproeurope.eu\/it\/product\/lec-strata-hoofdkussen\/\" \/>\n<meta property=\"og:site_name\" content=\"TouchPro Europe Shop\" \/>\n<meta property=\"article:publisher\" content=\"https:\/\/www.facebook.com\/TouchproNederland\/?locale=nl_NL%2f\" \/>\n<meta property=\"article:modified_time\" content=\"2026-04-16T16:02:29+00:00\" \/>\n<meta property=\"og:image\" content=\"https:\/\/touchproeurope.eu\/wp-content\/uploads\/2023\/11\/strata-facepillow-maries-beige_26464831471_o.jpg\" \/>\n\t<meta property=\"og:image:width\" content=\"1500\" \/>\n\t<meta property=\"og:image:height\" content=\"1200\" \/>\n\t<meta property=\"og:image:type\" content=\"image\/jpeg\" \/>\n<meta name=\"twitter:card\" content=\"summary_large_image\" \/>\n<meta name=\"twitter:label1\" content=\"Disponibilit\u00e0\" \/>\n\t<meta name=\"twitter:data1\" content=\"In stock\" \/>\n<script type=\"application\/ld+json\" class=\"yoast-schema-graph\">{\"@context\":\"https:\\\/\\\/schema.org\",\"@graph\":[{\"@type\":\"WebPage\",\"@id\":\"https:\\\/\\\/touchproeurope.eu\\\/product\\\/lec-strata-hoofdkussen\\\/\",\"url\":\"https:\\\/\\\/touchproeurope.eu\\\/product\\\/lec-strata-hoofdkussen\\\/\",\"name\":\"LEC Strata hoofdkussen - TouchPro Europe Shop\",\"isPartOf\":{\"@id\":\"https:\\\/\\\/touchproeurope.eu\\\/#website\"},\"primaryImageOfPage\":{\"@id\":\"https:\\\/\\\/touchproeurope.eu\\\/product\\\/lec-strata-hoofdkussen\\\/#primaryimage\"},\"image\":{\"@id\":\"https:\\\/\\\/touchproeurope.eu\\\/product\\\/lec-strata-hoofdkussen\\\/#primaryimage\"},\"thumbnailUrl\":\"https:\\\/\\\/i0.wp.com\\\/touchproeurope.eu\\\/wp-content\\\/uploads\\\/2023\\\/11\\\/strata-facepillow-maries-beige_26464831471_o.jpg?fit=1500%2C1200&ssl=1\",\"datePublished\":\"2023-11-09T16:07:12+00:00\",\"dateModified\":\"2026-04-16T16:02:29+00:00\",\"description\":\"Het ultieme comfort met het LEC Strata hoofdkussen ontdekken? De perfecte mix van Cloudfill\u2122 en traagschuim beleven voor top comfort. Bestel hem hier!\",\"breadcrumb\":{\"@id\":\"https:\\\/\\\/touchproeurope.eu\\\/product\\\/lec-strata-hoofdkussen\\\/#breadcrumb\"},\"inLanguage\":\"it-IT\",\"potentialAction\":[{\"@type\":\"ReadAction\",\"target\":[\"https:\\\/\\\/touchproeurope.eu\\\/product\\\/lec-strata-hoofdkussen\\\/\"]}]},{\"@type\":\"ImageObject\",\"inLanguage\":\"it-IT\",\"@id\":\"https:\\\/\\\/touchproeurope.eu\\\/product\\\/lec-strata-hoofdkussen\\\/#primaryimage\",\"url\":\"https:\\\/\\\/i0.wp.com\\\/touchproeurope.eu\\\/wp-content\\\/uploads\\\/2023\\\/11\\\/strata-facepillow-maries-beige_26464831471_o.jpg?fit=1500%2C1200&ssl=1\",\"contentUrl\":\"https:\\\/\\\/i0.wp.com\\\/touchproeurope.eu\\\/wp-content\\\/uploads\\\/2023\\\/11\\\/strata-facepillow-maries-beige_26464831471_o.jpg?fit=1500%2C1200&ssl=1\",\"width\":1500,\"height\":1200},{\"@type\":\"BreadcrumbList\",\"@id\":\"https:\\\/\\\/touchproeurope.eu\\\/product\\\/lec-strata-hoofdkussen\\\/#breadcrumb\",\"itemListElement\":[{\"@type\":\"ListItem\",\"position\":1,\"name\":\"Home\",\"item\":\"https:\\\/\\\/touchproeurope.eu\\\/\"},{\"@type\":\"ListItem\",\"position\":2,\"name\":\"Winkel\",\"item\":\"https:\\\/\\\/touchproeurope.eu\\\/winkel\\\/\"},{\"@type\":\"ListItem\",\"position\":3,\"name\":\"LEC Strata hoofdkussen\"}]},{\"@type\":\"WebSite\",\"@id\":\"https:\\\/\\\/touchproeurope.eu\\\/#website\",\"url\":\"https:\\\/\\\/touchproeurope.eu\\\/\",\"name\":\"TouchPro Europe Shop\",\"description\":\"Alles voor jouw praktijk met een PROfessionele Touch!\",\"publisher\":{\"@id\":\"https:\\\/\\\/touchproeurope.eu\\\/#organization\"},\"alternateName\":\"TPE\",\"potentialAction\":[{\"@type\":\"SearchAction\",\"target\":{\"@type\":\"EntryPoint\",\"urlTemplate\":\"https:\\\/\\\/touchproeurope.eu\\\/?s={search_term_string}\"},\"query-input\":{\"@type\":\"PropertyValueSpecification\",\"valueRequired\":true,\"valueName\":\"search_term_string\"}}],\"inLanguage\":\"it-IT\"},{\"@type\":\"Organization\",\"@id\":\"https:\\\/\\\/touchproeurope.eu\\\/#organization\",\"name\":\"TouchPro Europe BV\",\"alternateName\":\"TPE\",\"url\":\"https:\\\/\\\/touchproeurope.eu\\\/\",\"logo\":{\"@type\":\"ImageObject\",\"inLanguage\":\"it-IT\",\"@id\":\"https:\\\/\\\/touchproeurope.eu\\\/#\\\/schema\\\/logo\\\/image\\\/\",\"url\":\"https:\\\/\\\/i0.wp.com\\\/touchproeurope.eu\\\/wp-content\\\/uploads\\\/2023\\\/10\\\/2b592c_b6944d80811246d987cc2c29accedf3f.png?fit=1417%2C531&ssl=1\",\"contentUrl\":\"https:\\\/\\\/i0.wp.com\\\/touchproeurope.eu\\\/wp-content\\\/uploads\\\/2023\\\/10\\\/2b592c_b6944d80811246d987cc2c29accedf3f.png?fit=1417%2C531&ssl=1\",\"width\":1417,\"height\":531,\"caption\":\"TouchPro Europe BV\"},\"image\":{\"@id\":\"https:\\\/\\\/touchproeurope.eu\\\/#\\\/schema\\\/logo\\\/image\\\/\"},\"sameAs\":[\"https:\\\/\\\/www.facebook.com\\\/TouchproNederland\\\/?locale=nl_NL\\\/\",\"https:\\\/\\\/www.instagram.com\\\/touchpro2016\\\/\",\"https:\\\/\\\/www.linkedin.com\\\/company\\\/touchpro-europe-bv\\\/\"],\"description\":\"TouchPro Europe Shop is de massage winkel van Europa. Wij verkopen topkwaliteit massageproducten aan masseurs, pedicures, fysiotherapeuten, manicuren, Wellness centra, opleidingen, etc. TouchPro begon als een kleine webshop in Nederland, maar is nu uitgegroeid tot een webshop met klanten uit heel Europa. Wij bieden een breed assortiment aan massageproducten, waaronder massagetafels, oli\u00ebn, cr\u00e8mes, en accessoires van topmerken, zoals Earthlite, Stronglite en InnerStrenght, Habys, Living Earth Crafts en Continuum en andere leveranciers van massage accessoires. Bestel hier de beste massagematerialen van Europa!\",\"email\":\"info@touchpro-europe.com\",\"telephone\":\"0858768829\",\"legalName\":\"TouchPro Europe BV\",\"foundingDate\":\"2018-01-11\",\"vatID\":\"NL855430151B01\",\"numberOfEmployees\":{\"@type\":\"QuantitativeValue\",\"minValue\":\"1\",\"maxValue\":\"10\"},\"hasMerchantReturnPolicy\":{\"@type\":\"MerchantReturnPolicy\",\"merchantReturnLink\":\"https:\\\/\\\/touchproeurope.eu\\\/it\\\/retourbeleid\\\/\"}}]}<\/script>\n<meta property=\"og:availability\" content=\"instock\" \/>\n<meta property=\"product:availability\" content=\"instock\" \/>\n<meta property=\"product:retailer_item_id\" content=\"7105300\" \/>\n<meta property=\"product:condition\" content=\"new\" \/>\n<!-- \/ Yoast SEO Premium plugin. -->","yoast_head_json":{"title":"LEC Strata hoofdkussen - TouchPro Europe Shop","description":"Het ultieme comfort met het LEC Strata hoofdkussen ontdekken? De perfecte mix van Cloudfill\u2122 en traagschuim beleven voor top comfort. Bestel hem hier!","robots":{"index":"index","follow":"follow","max-snippet":"max-snippet:-1","max-image-preview":"max-image-preview:large","max-video-preview":"max-video-preview:-1"},"canonical":"https:\/\/touchproeurope.eu\/it\/product\/lec-strata-hoofdkussen\/","og_locale":"it_IT","og_type":"article","og_title":"LEC Strata hoofdkussen","og_description":"Het ultieme comfort met het LEC Strata hoofdkussen ontdekken? De perfecte mix van Cloudfill\u2122 en traagschuim beleven voor top comfort. Bestel hem hier!","og_url":"https:\/\/touchproeurope.eu\/it\/product\/lec-strata-hoofdkussen\/","og_site_name":"TouchPro Europe Shop","article_publisher":"https:\/\/www.facebook.com\/TouchproNederland\/?locale=nl_NL%2f","article_modified_time":"2026-04-16T16:02:29+00:00","og_image":[{"width":1500,"height":1200,"url":"https:\/\/touchproeurope.eu\/wp-content\/uploads\/2023\/11\/strata-facepillow-maries-beige_26464831471_o.jpg","type":"image\/jpeg"}],"twitter_card":"summary_large_image","twitter_misc":{"Disponibilit\u00e0":"In stock"},"schema":{"@context":"https:\/\/schema.org","@graph":[{"@type":"WebPage","@id":"https:\/\/touchproeurope.eu\/product\/lec-strata-hoofdkussen\/","url":"https:\/\/touchproeurope.eu\/product\/lec-strata-hoofdkussen\/","name":"LEC Strata hoofdkussen - TouchPro Europe Shop","isPartOf":{"@id":"https:\/\/touchproeurope.eu\/#website"},"primaryImageOfPage":{"@id":"https:\/\/touchproeurope.eu\/product\/lec-strata-hoofdkussen\/#primaryimage"},"image":{"@id":"https:\/\/touchproeurope.eu\/product\/lec-strata-hoofdkussen\/#primaryimage"},"thumbnailUrl":"https:\/\/i0.wp.com\/touchproeurope.eu\/wp-content\/uploads\/2023\/11\/strata-facepillow-maries-beige_26464831471_o.jpg?fit=1500%2C1200&ssl=1","datePublished":"2023-11-09T16:07:12+00:00","dateModified":"2026-04-16T16:02:29+00:00","description":"Het ultieme comfort met het LEC Strata hoofdkussen ontdekken? De perfecte mix van Cloudfill\u2122 en traagschuim beleven voor top comfort. Bestel hem hier!","breadcrumb":{"@id":"https:\/\/touchproeurope.eu\/product\/lec-strata-hoofdkussen\/#breadcrumb"},"inLanguage":"it-IT","potentialAction":[{"@type":"ReadAction","target":["https:\/\/touchproeurope.eu\/product\/lec-strata-hoofdkussen\/"]}]},{"@type":"ImageObject","inLanguage":"it-IT","@id":"https:\/\/touchproeurope.eu\/product\/lec-strata-hoofdkussen\/#primaryimage","url":"https:\/\/i0.wp.com\/touchproeurope.eu\/wp-content\/uploads\/2023\/11\/strata-facepillow-maries-beige_26464831471_o.jpg?fit=1500%2C1200&ssl=1","contentUrl":"https:\/\/i0.wp.com\/touchproeurope.eu\/wp-content\/uploads\/2023\/11\/strata-facepillow-maries-beige_26464831471_o.jpg?fit=1500%2C1200&ssl=1","width":1500,"height":1200},{"@type":"BreadcrumbList","@id":"https:\/\/touchproeurope.eu\/product\/lec-strata-hoofdkussen\/#breadcrumb","itemListElement":[{"@type":"ListItem","position":1,"name":"Home","item":"https:\/\/touchproeurope.eu\/"},{"@type":"ListItem","position":2,"name":"Winkel","item":"https:\/\/touchproeurope.eu\/winkel\/"},{"@type":"ListItem","position":3,"name":"LEC Strata hoofdkussen"}]},{"@type":"WebSite","@id":"https:\/\/touchproeurope.eu\/#website","url":"https:\/\/touchproeurope.eu\/","name":"Negozio TouchPro Europe","description":"Tutto per il vostro studio con un tocco professionale!","publisher":{"@id":"https:\/\/touchproeurope.eu\/#organization"},"alternateName":"TPE","potentialAction":[{"@type":"SearchAction","target":{"@type":"EntryPoint","urlTemplate":"https:\/\/touchproeurope.eu\/?s={search_term_string}"},"query-input":{"@type":"PropertyValueSpecification","valueRequired":true,"valueName":"search_term_string"}}],"inLanguage":"it-IT"},{"@type":"Organization","@id":"https:\/\/touchproeurope.eu\/#organization","name":"TouchPro Europe BV","alternateName":"TPE","url":"https:\/\/touchproeurope.eu\/","logo":{"@type":"ImageObject","inLanguage":"it-IT","@id":"https:\/\/touchproeurope.eu\/#\/schema\/logo\/image\/","url":"https:\/\/i0.wp.com\/touchproeurope.eu\/wp-content\/uploads\/2023\/10\/2b592c_b6944d80811246d987cc2c29accedf3f.png?fit=1417%2C531&ssl=1","contentUrl":"https:\/\/i0.wp.com\/touchproeurope.eu\/wp-content\/uploads\/2023\/10\/2b592c_b6944d80811246d987cc2c29accedf3f.png?fit=1417%2C531&ssl=1","width":1417,"height":531,"caption":"TouchPro Europe BV"},"image":{"@id":"https:\/\/touchproeurope.eu\/#\/schema\/logo\/image\/"},"sameAs":["https:\/\/www.facebook.com\/TouchproNederland\/?locale=nl_NL\/","https:\/\/www.instagram.com\/touchpro2016\/","https:\/\/www.linkedin.com\/company\/touchpro-europe-bv\/"],"description":"TouchPro Europe Shop \u00e8 il negozio di massaggi d'Europa. Vendiamo prodotti per il massaggio di alta qualit\u00e0 a massaggiatori, pedicuristi, fisioterapisti, manicuristi, centri benessere, corsi di formazione, ecc. TouchPro \u00e8 nato come un piccolo negozio nei Paesi Bassi, ma ora \u00e8 diventato un negozio con clienti da tutta Europa. Offriamo un'ampia gamma di prodotti per il massaggio, tra cui lettini, oli, creme e accessori delle migliori marche come Earthlite, Stronglite e InnerStrenght, Habys, Living Earth Crafts e Continuum e altri fornitori di accessori per il massaggio. Ordinate qui le migliori forniture per massaggi d'Europa!","email":"info@touchpro-europe.com","telephone":"0858768829","legalName":"TouchPro Europe BV","foundingDate":"2018-01-11","vatID":"NL855430151B01","numberOfEmployees":{"@type":"QuantitativeValue","minValue":"1","maxValue":"10"},"hasMerchantReturnPolicy":{"@type":"MerchantReturnPolicy","merchantReturnLink":"https:\/\/touchproeurope.eu\/it\/retourbeleid\/"}}]},"og_availability":"instock","product_availability":"instock","product_retailer_item_id":"7105300","product_condition":"new"},"_links":{"self":[{"href":"https:\/\/touchproeurope.eu\/it\/wp-json\/wp\/v2\/product\/3166","targetHints":{"allow":["GET"]}}],"collection":[{"href":"https:\/\/touchproeurope.eu\/it\/wp-json\/wp\/v2\/product"}],"about":[{"href":"https:\/\/touchproeurope.eu\/it\/wp-json\/wp\/v2\/types\/product"}],"replies":[{"embeddable":true,"href":"https:\/\/touchproeurope.eu\/it\/wp-json\/wp\/v2\/comments?post=3166"}],"version-history":[{"count":6,"href":"https:\/\/touchproeurope.eu\/it\/wp-json\/wp\/v2\/product\/3166\/revisions"}],"predecessor-version":[{"id":4958,"href":"https:\/\/touchproeurope.eu\/it\/wp-json\/wp\/v2\/product\/3166\/revisions\/4958"}],"wp:featuredmedia":[{"embeddable":true,"href":"https:\/\/touchproeurope.eu\/it\/wp-json\/wp\/v2\/media\/4975"}],"wp:attachment":[{"href":"https:\/\/touchproeurope.eu\/it\/wp-json\/wp\/v2\/media?parent=3166"}],"wp:term":[{"taxonomy":"product_brand","embeddable":true,"href":"https:\/\/touchproeurope.eu\/it\/wp-json\/wp\/v2\/product_brand?post=3166"},{"taxonomy":"product_cat","embeddable":true,"href":"https:\/\/touchproeurope.eu\/it\/wp-json\/wp\/v2\/product_cat?post=3166"},{"taxonomy":"product_tag","embeddable":true,"href":"https:\/\/touchproeurope.eu\/it\/wp-json\/wp\/v2\/product_tag?post=3166"}],"curies":[{"name":"wp","href":"https:\/\/api.w.org\/{rel}","templated":true}]}}