{"id":3168,"date":"2023-11-09T16:07:17","date_gmt":"2023-11-09T16:07:17","guid":{"rendered":"https:\/\/touchproeurope.eu\/?post_type=product&#038;p=3168"},"modified":"2026-04-22T09:32:08","modified_gmt":"2026-04-22T09:32:08","slug":"mini-diffusore-usb-per-aromaterapia","status":"publish","type":"product","link":"https:\/\/touchproeurope.eu\/it\/product\/mini-aromatherapie-usb-diffuser\/","title":{"rendered":"Mini diffusore USB per aromaterapia"},"content":{"rendered":"<p>Provate il potere dell'aromaterapia ovunque vi troviate con il nostro versatile Mini Diffusore USB per Aromaterapia. Che siate in ufficio, nel vostro studio o in viaggio, questo diffusore plug-and-play si adatta facilmente al vostro stile di vita. Trasformate il vostro ambiente con facilit\u00e0 e godetevi i benefici.<\/p>\n<p>Questo diffusore compatto offre un'aromaterapia istantanea non appena lo si collega alla porta USB. Non c'\u00e8 bisogno di acqua: \u00e8 piccolo, senza fili e si inserisce senza problemi in tutte le porte USB a 12 V. Nel vostro computer portatile, in auto o in viaggio, sperimentate i profumi rilassanti ovunque vogliate.<\/p>\n<p>Grazie alla possibilit\u00e0 di regolare la profondit\u00e0 dell'aroma, avrete il controllo della vostra esperienza. \u00c8 sufficiente applicare gli oli essenziali preferiti sul feltro e regolare la quantit\u00e0 di olio in base alle proprie preferenze. Con un ingresso USB aggiuntivo sul lato, potrete rimanere connessi mentre vi godete l'aromaterapia.<\/p>\n<p>La confezione include 3 pastiglie di ricarica, che consentono di personalizzare la fragranza in base alle proprie esigenze. Personalizzate il vostro ambiente e sentite lo stress dissiparsi con la diffusione di deliziose fragranze.<\/p>\n<p>Scegliete la convenienza, scegliete il benessere. Trasformate il vostro spazio e la vostra mente con il nostro mini diffusore USB per aromaterapia multiuso. Ordinate ora e godetevi i benefici dell'aromaterapia anche in viaggio!<\/p>","protected":false},"excerpt":{"rendered":"<p>Un diffusore di aromi multiuso, facile da usare in ufficio, nello studio o in viaggio. Trasforma rapidamente l'ambiente con questo diffusore plug &amp; play in combinazione con gli oli essenziali preferiti da voi o da Earhlite. Regolate la profondit\u00e0 dell'aroma regolando la quantit\u00e0 di olio che applicate sul feltro.<\/p>\n<p>Altri dettagli:<\/p>\n<ul>\n<li>Aromaterapia istantanea non appena si collega l'USB alla porta USB<\/li>\n<li>Piccolo, compatto, senza fili e privo di acqua; si adatta a tutte le porte USB da 12 V, quindi pu\u00f2 essere utilizzato in un computer portatile, in un'auto e quindi pu\u00f2 essere facilmente portato in viaggio.<\/li>\n<li>Dispone di un ingresso USB aggiuntivo sul lato, che consente di utilizzare anche le USB durante l'applicazione dell'aromaterapia.<\/li>\n<li>La confezione contiene 3 pastiglie di ricarica, in modo da poter regolare la profumazione a seconda delle esigenze.<\/li>\n<li><a href=\"https:\/\/b2b.earthlite.eu\/media\/wysiwyg\/SalesSheets\/2023-Reupload\/Mini_USB_Diffuser_-_1-300-0151_-_rev_121420.pdf\">Scheda di vendita ufficiale<\/a><\/li>\n<\/ul>\n<p>&nbsp;<\/p>","protected":false},"featured_media":3167,"comment_status":"open","ping_status":"closed","template":"","meta":[],"product_brand":[343],"product_cat":[105],"product_tag":[127,129,126,128],"class_list":{"0":"post-3168","1":"product","2":"type-product","3":"status-publish","4":"has-post-thumbnail","6":"product_brand-earthlite","7":"product_cat-aromatherapie","8":"product_tag-aromatherapie","9":"product_tag-diffuser","10":"product_tag-mini","11":"product_tag-usb","12":"product_shipping_class-klein-pakket","14":"first","15":"instock","16":"taxable","17":"shipping-taxable","18":"purchasable","19":"product-type-simple"},"yoast_head":"<!-- This site is optimized with the Yoast SEO Premium plugin v27.4 (Yoast SEO v27.4) - https:\/\/yoast.com\/product\/yoast-seo-premium-wordpress\/ -->\n<title>Mini Aromatherapie USB Diffuser - TouchPro Europe Shop<\/title>\n<meta name=\"description\" content=\"Transformeer je ruimte en geest met onze Mini Aromatherapie USB Diffuser. Bestel nu en geniet onderweg van echte aromatherapie.\" \/>\n<meta name=\"robots\" content=\"index, follow, max-snippet:-1, max-image-preview:large, max-video-preview:-1\" \/>\n<link rel=\"canonical\" href=\"https:\/\/touchproeurope.eu\/it\/product\/mini-diffusore-usb-per-aromaterapia\/\" \/>\n<meta property=\"og:locale\" content=\"it_IT\" \/>\n<meta property=\"og:type\" content=\"article\" \/>\n<meta property=\"og:title\" content=\"Mini Aromatherapie USB Diffuser\" \/>\n<meta property=\"og:description\" content=\"Transformeer je ruimte en geest met onze Mini Aromatherapie USB Diffuser. Bestel nu en geniet onderweg van echte aromatherapie.\" \/>\n<meta property=\"og:url\" content=\"https:\/\/touchproeurope.eu\/it\/product\/mini-diffusore-usb-per-aromaterapia\/\" \/>\n<meta property=\"og:site_name\" content=\"TouchPro Europe Shop\" \/>\n<meta property=\"article:publisher\" content=\"https:\/\/www.facebook.com\/TouchproNederland\/?locale=nl_NL%2f\" \/>\n<meta property=\"article:modified_time\" content=\"2026-04-22T09:32:08+00:00\" \/>\n<meta property=\"og:image\" content=\"https:\/\/touchproeurope.eu\/wp-content\/uploads\/2023\/11\/3509568479.jpg\" \/>\n\t<meta property=\"og:image:width\" content=\"2000\" \/>\n\t<meta property=\"og:image:height\" content=\"2000\" \/>\n\t<meta property=\"og:image:type\" content=\"image\/jpeg\" \/>\n<meta name=\"twitter:card\" content=\"summary_large_image\" \/>\n<meta name=\"twitter:label1\" content=\"Prezzo\" \/>\n\t<meta name=\"twitter:data1\" content=\"&euro;&nbsp;15,00 incl. BTW\" \/>\n\t<meta name=\"twitter:label2\" content=\"Disponibilit\u00e0\" \/>\n\t<meta name=\"twitter:data2\" content=\"In stock\" \/>\n<script type=\"application\/ld+json\" class=\"yoast-schema-graph\">{\"@context\":\"https:\\\/\\\/schema.org\",\"@graph\":[{\"@type\":\"WebPage\",\"@id\":\"https:\\\/\\\/touchproeurope.eu\\\/product\\\/mini-aromatherapie-usb-diffuser\\\/\",\"url\":\"https:\\\/\\\/touchproeurope.eu\\\/product\\\/mini-aromatherapie-usb-diffuser\\\/\",\"name\":\"Mini Aromatherapie USB Diffuser - TouchPro Europe Shop\",\"isPartOf\":{\"@id\":\"https:\\\/\\\/touchproeurope.eu\\\/#website\"},\"primaryImageOfPage\":{\"@id\":\"https:\\\/\\\/touchproeurope.eu\\\/product\\\/mini-aromatherapie-usb-diffuser\\\/#primaryimage\"},\"image\":{\"@id\":\"https:\\\/\\\/touchproeurope.eu\\\/product\\\/mini-aromatherapie-usb-diffuser\\\/#primaryimage\"},\"thumbnailUrl\":\"https:\\\/\\\/i0.wp.com\\\/touchproeurope.eu\\\/wp-content\\\/uploads\\\/2023\\\/11\\\/3509568479.jpg?fit=2000%2C2000&ssl=1\",\"datePublished\":\"2023-11-09T16:07:17+00:00\",\"dateModified\":\"2026-04-22T09:32:08+00:00\",\"description\":\"Transformeer je ruimte en geest met onze Mini Aromatherapie USB Diffuser. Bestel nu en geniet onderweg van echte aromatherapie.\",\"breadcrumb\":{\"@id\":\"https:\\\/\\\/touchproeurope.eu\\\/product\\\/mini-aromatherapie-usb-diffuser\\\/#breadcrumb\"},\"inLanguage\":\"it-IT\",\"potentialAction\":[{\"@type\":\"ReadAction\",\"target\":[\"https:\\\/\\\/touchproeurope.eu\\\/product\\\/mini-aromatherapie-usb-diffuser\\\/\"]}]},{\"@type\":\"ImageObject\",\"inLanguage\":\"it-IT\",\"@id\":\"https:\\\/\\\/touchproeurope.eu\\\/product\\\/mini-aromatherapie-usb-diffuser\\\/#primaryimage\",\"url\":\"https:\\\/\\\/i0.wp.com\\\/touchproeurope.eu\\\/wp-content\\\/uploads\\\/2023\\\/11\\\/3509568479.jpg?fit=2000%2C2000&ssl=1\",\"contentUrl\":\"https:\\\/\\\/i0.wp.com\\\/touchproeurope.eu\\\/wp-content\\\/uploads\\\/2023\\\/11\\\/3509568479.jpg?fit=2000%2C2000&ssl=1\",\"width\":2000,\"height\":2000,\"caption\":\"Mini Aromatherapie USB Diffuser\"},{\"@type\":\"BreadcrumbList\",\"@id\":\"https:\\\/\\\/touchproeurope.eu\\\/product\\\/mini-aromatherapie-usb-diffuser\\\/#breadcrumb\",\"itemListElement\":[{\"@type\":\"ListItem\",\"position\":1,\"name\":\"Home\",\"item\":\"https:\\\/\\\/touchproeurope.eu\\\/\"},{\"@type\":\"ListItem\",\"position\":2,\"name\":\"Winkel\",\"item\":\"https:\\\/\\\/touchproeurope.eu\\\/winkel\\\/\"},{\"@type\":\"ListItem\",\"position\":3,\"name\":\"Mini Aromatherapie USB Diffuser\"}]},{\"@type\":\"WebSite\",\"@id\":\"https:\\\/\\\/touchproeurope.eu\\\/#website\",\"url\":\"https:\\\/\\\/touchproeurope.eu\\\/\",\"name\":\"TouchPro Europe Shop\",\"description\":\"Alles voor jouw praktijk met een PROfessionele Touch!\",\"publisher\":{\"@id\":\"https:\\\/\\\/touchproeurope.eu\\\/#organization\"},\"alternateName\":\"TPE\",\"potentialAction\":[{\"@type\":\"SearchAction\",\"target\":{\"@type\":\"EntryPoint\",\"urlTemplate\":\"https:\\\/\\\/touchproeurope.eu\\\/?s={search_term_string}\"},\"query-input\":{\"@type\":\"PropertyValueSpecification\",\"valueRequired\":true,\"valueName\":\"search_term_string\"}}],\"inLanguage\":\"it-IT\"},{\"@type\":\"Organization\",\"@id\":\"https:\\\/\\\/touchproeurope.eu\\\/#organization\",\"name\":\"TouchPro Europe BV\",\"alternateName\":\"TPE\",\"url\":\"https:\\\/\\\/touchproeurope.eu\\\/\",\"logo\":{\"@type\":\"ImageObject\",\"inLanguage\":\"it-IT\",\"@id\":\"https:\\\/\\\/touchproeurope.eu\\\/#\\\/schema\\\/logo\\\/image\\\/\",\"url\":\"https:\\\/\\\/i0.wp.com\\\/touchproeurope.eu\\\/wp-content\\\/uploads\\\/2023\\\/10\\\/2b592c_b6944d80811246d987cc2c29accedf3f.png?fit=1417%2C531&ssl=1\",\"contentUrl\":\"https:\\\/\\\/i0.wp.com\\\/touchproeurope.eu\\\/wp-content\\\/uploads\\\/2023\\\/10\\\/2b592c_b6944d80811246d987cc2c29accedf3f.png?fit=1417%2C531&ssl=1\",\"width\":1417,\"height\":531,\"caption\":\"TouchPro Europe BV\"},\"image\":{\"@id\":\"https:\\\/\\\/touchproeurope.eu\\\/#\\\/schema\\\/logo\\\/image\\\/\"},\"sameAs\":[\"https:\\\/\\\/www.facebook.com\\\/TouchproNederland\\\/?locale=nl_NL\\\/\",\"https:\\\/\\\/www.instagram.com\\\/touchpro2016\\\/\",\"https:\\\/\\\/www.linkedin.com\\\/company\\\/touchpro-europe-bv\\\/\"],\"description\":\"TouchPro Europe Shop is de massage winkel van Europa. Wij verkopen topkwaliteit massageproducten aan masseurs, pedicures, fysiotherapeuten, manicuren, Wellness centra, opleidingen, etc. TouchPro begon als een kleine webshop in Nederland, maar is nu uitgegroeid tot een webshop met klanten uit heel Europa. Wij bieden een breed assortiment aan massageproducten, waaronder massagetafels, oli\u00ebn, cr\u00e8mes, en accessoires van topmerken, zoals Earthlite, Stronglite en InnerStrenght, Habys, Living Earth Crafts en Continuum en andere leveranciers van massage accessoires. Bestel hier de beste massagematerialen van Europa!\",\"email\":\"info@touchpro-europe.com\",\"telephone\":\"0858768829\",\"legalName\":\"TouchPro Europe BV\",\"foundingDate\":\"2018-01-11\",\"vatID\":\"NL855430151B01\",\"numberOfEmployees\":{\"@type\":\"QuantitativeValue\",\"minValue\":\"1\",\"maxValue\":\"10\"},\"hasMerchantReturnPolicy\":{\"@type\":\"MerchantReturnPolicy\",\"merchantReturnLink\":\"https:\\\/\\\/touchproeurope.eu\\\/it\\\/retourbeleid\\\/\"}}]}<\/script>\n<meta property=\"product:price:amount\" content=\"15.00\" \/>\n<meta property=\"product:price:currency\" content=\"EUR\" \/>\n<meta property=\"og:availability\" content=\"instock\" \/>\n<meta property=\"product:availability\" content=\"instock\" \/>\n<meta property=\"product:retailer_item_id\" content=\"7115102\" \/>\n<meta property=\"product:condition\" content=\"new\" \/>\n<!-- \/ Yoast SEO Premium plugin. -->","yoast_head_json":{"title":"Mini diffusore USB per aromaterapia - TouchPro Europe Shop","description":"Trasformate il vostro spazio e la vostra mente con il nostro Mini Diffusore USB per Aromaterapia. Ordinate ora e godetevi la vera aromaterapia in movimento.","robots":{"index":"index","follow":"follow","max-snippet":"max-snippet:-1","max-image-preview":"max-image-preview:large","max-video-preview":"max-video-preview:-1"},"canonical":"https:\/\/touchproeurope.eu\/it\/product\/mini-diffusore-usb-per-aromaterapia\/","og_locale":"it_IT","og_type":"article","og_title":"Mini Aromatherapie USB Diffuser","og_description":"Transformeer je ruimte en geest met onze Mini Aromatherapie USB Diffuser. Bestel nu en geniet onderweg van echte aromatherapie.","og_url":"https:\/\/touchproeurope.eu\/it\/product\/mini-diffusore-usb-per-aromaterapia\/","og_site_name":"TouchPro Europe Shop","article_publisher":"https:\/\/www.facebook.com\/TouchproNederland\/?locale=nl_NL%2f","article_modified_time":"2026-04-22T09:32:08+00:00","og_image":[{"width":2000,"height":2000,"url":"https:\/\/touchproeurope.eu\/wp-content\/uploads\/2023\/11\/3509568479.jpg","type":"image\/jpeg"}],"twitter_card":"summary_large_image","twitter_misc":{"Prezzo":"&euro;&nbsp;15,00 incl. BTW","Disponibilit\u00e0":"In stock"},"schema":{"@context":"https:\/\/schema.org","@graph":[{"@type":"WebPage","@id":"https:\/\/touchproeurope.eu\/product\/mini-aromatherapie-usb-diffuser\/","url":"https:\/\/touchproeurope.eu\/product\/mini-aromatherapie-usb-diffuser\/","name":"Mini diffusore USB per aromaterapia - TouchPro Europe Shop","isPartOf":{"@id":"https:\/\/touchproeurope.eu\/#website"},"primaryImageOfPage":{"@id":"https:\/\/touchproeurope.eu\/product\/mini-aromatherapie-usb-diffuser\/#primaryimage"},"image":{"@id":"https:\/\/touchproeurope.eu\/product\/mini-aromatherapie-usb-diffuser\/#primaryimage"},"thumbnailUrl":"https:\/\/i0.wp.com\/touchproeurope.eu\/wp-content\/uploads\/2023\/11\/3509568479.jpg?fit=2000%2C2000&ssl=1","datePublished":"2023-11-09T16:07:17+00:00","dateModified":"2026-04-22T09:32:08+00:00","description":"Trasformate il vostro spazio e la vostra mente con il nostro Mini Diffusore USB per Aromaterapia. Ordinate ora e godetevi la vera aromaterapia in movimento.","breadcrumb":{"@id":"https:\/\/touchproeurope.eu\/product\/mini-aromatherapie-usb-diffuser\/#breadcrumb"},"inLanguage":"it-IT","potentialAction":[{"@type":"ReadAction","target":["https:\/\/touchproeurope.eu\/product\/mini-aromatherapie-usb-diffuser\/"]}]},{"@type":"ImageObject","inLanguage":"it-IT","@id":"https:\/\/touchproeurope.eu\/product\/mini-aromatherapie-usb-diffuser\/#primaryimage","url":"https:\/\/i0.wp.com\/touchproeurope.eu\/wp-content\/uploads\/2023\/11\/3509568479.jpg?fit=2000%2C2000&ssl=1","contentUrl":"https:\/\/i0.wp.com\/touchproeurope.eu\/wp-content\/uploads\/2023\/11\/3509568479.jpg?fit=2000%2C2000&ssl=1","width":2000,"height":2000,"caption":"Mini Aromatherapie USB Diffuser"},{"@type":"BreadcrumbList","@id":"https:\/\/touchproeurope.eu\/product\/mini-aromatherapie-usb-diffuser\/#breadcrumb","itemListElement":[{"@type":"ListItem","position":1,"name":"Home","item":"https:\/\/touchproeurope.eu\/"},{"@type":"ListItem","position":2,"name":"Winkel","item":"https:\/\/touchproeurope.eu\/winkel\/"},{"@type":"ListItem","position":3,"name":"Mini Aromatherapie USB Diffuser"}]},{"@type":"WebSite","@id":"https:\/\/touchproeurope.eu\/#website","url":"https:\/\/touchproeurope.eu\/","name":"Negozio TouchPro Europe","description":"Tutto per il vostro studio con un tocco professionale!","publisher":{"@id":"https:\/\/touchproeurope.eu\/#organization"},"alternateName":"TPE","potentialAction":[{"@type":"SearchAction","target":{"@type":"EntryPoint","urlTemplate":"https:\/\/touchproeurope.eu\/?s={search_term_string}"},"query-input":{"@type":"PropertyValueSpecification","valueRequired":true,"valueName":"search_term_string"}}],"inLanguage":"it-IT"},{"@type":"Organization","@id":"https:\/\/touchproeurope.eu\/#organization","name":"TouchPro Europe BV","alternateName":"TPE","url":"https:\/\/touchproeurope.eu\/","logo":{"@type":"ImageObject","inLanguage":"it-IT","@id":"https:\/\/touchproeurope.eu\/#\/schema\/logo\/image\/","url":"https:\/\/i0.wp.com\/touchproeurope.eu\/wp-content\/uploads\/2023\/10\/2b592c_b6944d80811246d987cc2c29accedf3f.png?fit=1417%2C531&ssl=1","contentUrl":"https:\/\/i0.wp.com\/touchproeurope.eu\/wp-content\/uploads\/2023\/10\/2b592c_b6944d80811246d987cc2c29accedf3f.png?fit=1417%2C531&ssl=1","width":1417,"height":531,"caption":"TouchPro Europe BV"},"image":{"@id":"https:\/\/touchproeurope.eu\/#\/schema\/logo\/image\/"},"sameAs":["https:\/\/www.facebook.com\/TouchproNederland\/?locale=nl_NL\/","https:\/\/www.instagram.com\/touchpro2016\/","https:\/\/www.linkedin.com\/company\/touchpro-europe-bv\/"],"description":"TouchPro Europe Shop \u00e8 il negozio di massaggi d'Europa. Vendiamo prodotti per il massaggio di alta qualit\u00e0 a massaggiatori, pedicuristi, fisioterapisti, manicuristi, centri benessere, corsi di formazione, ecc. TouchPro \u00e8 nato come un piccolo negozio nei Paesi Bassi, ma ora \u00e8 diventato un negozio con clienti da tutta Europa. Offriamo un'ampia gamma di prodotti per il massaggio, tra cui lettini, oli, creme e accessori delle migliori marche come Earthlite, Stronglite e InnerStrenght, Habys, Living Earth Crafts e Continuum e altri fornitori di accessori per il massaggio. Ordinate qui le migliori forniture per massaggi d'Europa!","email":"info@touchpro-europe.com","telephone":"0858768829","legalName":"TouchPro Europe BV","foundingDate":"2018-01-11","vatID":"NL855430151B01","numberOfEmployees":{"@type":"QuantitativeValue","minValue":"1","maxValue":"10"},"hasMerchantReturnPolicy":{"@type":"MerchantReturnPolicy","merchantReturnLink":"https:\/\/touchproeurope.eu\/it\/retourbeleid\/"}}]},"product_price_amount":"15.00","product_price_currency":"EUR","og_availability":"instock","product_availability":"instock","product_retailer_item_id":"7115102","product_condition":"new"},"_links":{"self":[{"href":"https:\/\/touchproeurope.eu\/it\/wp-json\/wp\/v2\/product\/3168","targetHints":{"allow":["GET"]}}],"collection":[{"href":"https:\/\/touchproeurope.eu\/it\/wp-json\/wp\/v2\/product"}],"about":[{"href":"https:\/\/touchproeurope.eu\/it\/wp-json\/wp\/v2\/types\/product"}],"replies":[{"embeddable":true,"href":"https:\/\/touchproeurope.eu\/it\/wp-json\/wp\/v2\/comments?post=3168"}],"version-history":[{"count":4,"href":"https:\/\/touchproeurope.eu\/it\/wp-json\/wp\/v2\/product\/3168\/revisions"}],"predecessor-version":[{"id":4781,"href":"https:\/\/touchproeurope.eu\/it\/wp-json\/wp\/v2\/product\/3168\/revisions\/4781"}],"wp:featuredmedia":[{"embeddable":true,"href":"https:\/\/touchproeurope.eu\/it\/wp-json\/wp\/v2\/media\/3167"}],"wp:attachment":[{"href":"https:\/\/touchproeurope.eu\/it\/wp-json\/wp\/v2\/media?parent=3168"}],"wp:term":[{"taxonomy":"product_brand","embeddable":true,"href":"https:\/\/touchproeurope.eu\/it\/wp-json\/wp\/v2\/product_brand?post=3168"},{"taxonomy":"product_cat","embeddable":true,"href":"https:\/\/touchproeurope.eu\/it\/wp-json\/wp\/v2\/product_cat?post=3168"},{"taxonomy":"product_tag","embeddable":true,"href":"https:\/\/touchproeurope.eu\/it\/wp-json\/wp\/v2\/product_tag?post=3168"}],"curies":[{"name":"wp","href":"https:\/\/api.w.org\/{rel}","templated":true}]}}