{"id":3196,"date":"2023-11-09T16:08:06","date_gmt":"2023-11-09T16:08:06","guid":{"rendered":"https:\/\/touchproeurope.eu\/?post_type=product&#038;p=3196"},"modified":"2026-04-22T09:39:15","modified_gmt":"2026-04-22T09:39:15","slug":"aysun-wellness-massage-oil-sport","status":"publish","type":"product","link":"https:\/\/touchproeurope.eu\/it\/product\/aysun-wellness-massage-oil-sport\/","title":{"rendered":"Aysun-Wellness Massage olie &#8220;Sport&#8221;"},"content":{"rendered":"<p>Ontdek de kracht van Aysun-Wellness Massage olie &#8220;Sport&#8221;. Een zorgvuldig samengestelde formule, die natuurlijke oli\u00ebn en geselecteerde etherische oli\u00ebn combineert. Specifiek ontworpen om het spierherstel na sport te bevorderen en de doorbloeding te stimuleren. Hierdoor vormt deze massageolie een waardevolle olie voor de behandeling van sportliefhebbers.<\/p>\n<p>Met een unieke mix van natuurlijke ingredi\u00ebnten biedt deze massageolie diepgaande voordelen voor sporters. De weldadige oli\u00ebn werken samen om vermoeide spieren te kalmeren en te revitaliseren na het sporten, waardoor je klaar bent voor je volgende uitdaging.<\/p>\n<p>Daarnaast stimuleert de Aysun-Wellness Massage olie &#8220;Sport&#8221; de bloedsomloop. Dit resulteert in een verfrissend gevoel en optimaal herstel na elke intensieve training. Voel de spanning na het sporten wegvloeien, terwijl de rijke oli\u00ebn je huid verzachten en hydrateren.\u00a0 Omhul jezelf in een kalmerende gloed van ontspanning.<\/p>\n<p>Maak van elke massage een verkwikkende ervaring en geef je lichaam de liefdevolle verzorging die het verdient. Bestel nu de Aysun-Wellness Massage oliel &#8220;Sport&#8221; en ontdek de perfecte aanvulling voor jouw actieve levensstijl. Gun jezelf het beste en ervaar de weldaad van natuurlijke herstelkracht. Klaar voor een vernieuwde jij?<\/p>","protected":false},"excerpt":{"rendered":"<p>Aysun- wellness Massageolie &#8220;Sport&#8221; is samengesteld uit een combinatie van natuurlijke oli\u00ebn en speciaal geselecteerde etherische oli\u00ebn. Deze unieke formule is ontworpen om niet alleen spierherstel te bevorderen, maar ook de doorbloeding te stimuleren.<\/p>","protected":false},"featured_media":4244,"comment_status":"open","ping_status":"closed","template":"","meta":[],"product_brand":[599],"product_cat":[115],"product_tag":[155,156,157],"class_list":{"0":"post-3196","1":"product","2":"type-product","3":"status-publish","4":"has-post-thumbnail","6":"product_brand-aysun","7":"product_cat-massageolie","8":"product_tag-asyun","9":"product_tag-massage-olie","10":"product_tag-sport","11":"product_shipping_class-klein-pakket","12":"pa_maat-500-ml","13":"pa_merk-aysun","15":"first","16":"instock","17":"taxable","18":"shipping-taxable","19":"purchasable","20":"product-type-variable"},"yoast_head":"<!-- This site is optimized with the Yoast SEO Premium plugin v27.4 (Yoast SEO v27.4) - https:\/\/yoast.com\/product\/yoast-seo-premium-wordpress\/ -->\n<title>Aysun-Wellness Massage olie &quot;Sport&quot; - TouchPro Europe Shop<\/title>\n<meta name=\"description\" content=\"Ontdek de verfrissende kracht van Aysun-wellness Massage oil &quot;Sport&quot;, een zorgvuldig samengestelde formule ontworpen voor sporters. Bestel hem hier!\" \/>\n<meta name=\"robots\" content=\"index, follow, max-snippet:-1, max-image-preview:large, max-video-preview:-1\" \/>\n<link rel=\"canonical\" href=\"https:\/\/touchproeurope.eu\/it\/product\/aysun-wellness-massage-oil-sport\/\" \/>\n<meta property=\"og:locale\" content=\"it_IT\" \/>\n<meta property=\"og:type\" content=\"article\" \/>\n<meta property=\"og:title\" content=\"Aysun-Wellness Massage olie &quot;Sport&quot;\" \/>\n<meta property=\"og:description\" content=\"Ontdek de verfrissende kracht van Aysun-wellness Massage oil &quot;Sport&quot;, een zorgvuldig samengestelde formule ontworpen voor sporters. Bestel hem hier!\" \/>\n<meta property=\"og:url\" content=\"https:\/\/touchproeurope.eu\/it\/product\/aysun-wellness-massage-oil-sport\/\" \/>\n<meta property=\"og:site_name\" content=\"TouchPro Europe Shop\" \/>\n<meta property=\"article:publisher\" content=\"https:\/\/www.facebook.com\/TouchproNederland\/?locale=nl_NL%2f\" \/>\n<meta property=\"article:modified_time\" content=\"2026-04-22T09:39:15+00:00\" \/>\n<meta property=\"og:image\" content=\"https:\/\/touchproeurope.eu\/wp-content\/uploads\/2023\/11\/Aysun-wellness-Massage-oil-Sport.jpg\" \/>\n\t<meta property=\"og:image:width\" content=\"800\" \/>\n\t<meta property=\"og:image:height\" content=\"800\" \/>\n\t<meta property=\"og:image:type\" content=\"image\/jpeg\" \/>\n<meta name=\"twitter:card\" content=\"summary_large_image\" \/>\n<meta name=\"twitter:label1\" content=\"Disponibilit\u00e0\" \/>\n\t<meta name=\"twitter:data1\" content=\"In stock\" \/>\n<script type=\"application\/ld+json\" class=\"yoast-schema-graph\">{\"@context\":\"https:\\\/\\\/schema.org\",\"@graph\":[{\"@type\":\"WebPage\",\"@id\":\"https:\\\/\\\/touchproeurope.eu\\\/product\\\/aysun-wellness-massage-oil-sport\\\/\",\"url\":\"https:\\\/\\\/touchproeurope.eu\\\/product\\\/aysun-wellness-massage-oil-sport\\\/\",\"name\":\"Aysun-Wellness Massage olie \\\"Sport\\\" - TouchPro Europe Shop\",\"isPartOf\":{\"@id\":\"https:\\\/\\\/touchproeurope.eu\\\/#website\"},\"primaryImageOfPage\":{\"@id\":\"https:\\\/\\\/touchproeurope.eu\\\/product\\\/aysun-wellness-massage-oil-sport\\\/#primaryimage\"},\"image\":{\"@id\":\"https:\\\/\\\/touchproeurope.eu\\\/product\\\/aysun-wellness-massage-oil-sport\\\/#primaryimage\"},\"thumbnailUrl\":\"https:\\\/\\\/i0.wp.com\\\/touchproeurope.eu\\\/wp-content\\\/uploads\\\/2023\\\/11\\\/Aysun-wellness-Massage-oil-Sport.jpg?fit=800%2C800&ssl=1\",\"datePublished\":\"2023-11-09T16:08:06+00:00\",\"dateModified\":\"2026-04-22T09:39:15+00:00\",\"description\":\"Ontdek de verfrissende kracht van Aysun-wellness Massage oil \\\"Sport\\\", een zorgvuldig samengestelde formule ontworpen voor sporters. Bestel hem hier!\",\"breadcrumb\":{\"@id\":\"https:\\\/\\\/touchproeurope.eu\\\/product\\\/aysun-wellness-massage-oil-sport\\\/#breadcrumb\"},\"inLanguage\":\"it-IT\",\"potentialAction\":[{\"@type\":\"ReadAction\",\"target\":[\"https:\\\/\\\/touchproeurope.eu\\\/product\\\/aysun-wellness-massage-oil-sport\\\/\"]}]},{\"@type\":\"ImageObject\",\"inLanguage\":\"it-IT\",\"@id\":\"https:\\\/\\\/touchproeurope.eu\\\/product\\\/aysun-wellness-massage-oil-sport\\\/#primaryimage\",\"url\":\"https:\\\/\\\/i0.wp.com\\\/touchproeurope.eu\\\/wp-content\\\/uploads\\\/2023\\\/11\\\/Aysun-wellness-Massage-oil-Sport.jpg?fit=800%2C800&ssl=1\",\"contentUrl\":\"https:\\\/\\\/i0.wp.com\\\/touchproeurope.eu\\\/wp-content\\\/uploads\\\/2023\\\/11\\\/Aysun-wellness-Massage-oil-Sport.jpg?fit=800%2C800&ssl=1\",\"width\":800,\"height\":800,\"caption\":\"Aysun-wellness Massage oil Sport\"},{\"@type\":\"BreadcrumbList\",\"@id\":\"https:\\\/\\\/touchproeurope.eu\\\/product\\\/aysun-wellness-massage-oil-sport\\\/#breadcrumb\",\"itemListElement\":[{\"@type\":\"ListItem\",\"position\":1,\"name\":\"Home\",\"item\":\"https:\\\/\\\/touchproeurope.eu\\\/\"},{\"@type\":\"ListItem\",\"position\":2,\"name\":\"Winkel\",\"item\":\"https:\\\/\\\/touchproeurope.eu\\\/winkel\\\/\"},{\"@type\":\"ListItem\",\"position\":3,\"name\":\"Aysun-Wellness Massage olie &#8220;Sport&#8221;\"}]},{\"@type\":\"WebSite\",\"@id\":\"https:\\\/\\\/touchproeurope.eu\\\/#website\",\"url\":\"https:\\\/\\\/touchproeurope.eu\\\/\",\"name\":\"TouchPro Europe Shop\",\"description\":\"Alles voor jouw praktijk met een PROfessionele Touch!\",\"publisher\":{\"@id\":\"https:\\\/\\\/touchproeurope.eu\\\/#organization\"},\"alternateName\":\"TPE\",\"potentialAction\":[{\"@type\":\"SearchAction\",\"target\":{\"@type\":\"EntryPoint\",\"urlTemplate\":\"https:\\\/\\\/touchproeurope.eu\\\/?s={search_term_string}\"},\"query-input\":{\"@type\":\"PropertyValueSpecification\",\"valueRequired\":true,\"valueName\":\"search_term_string\"}}],\"inLanguage\":\"it-IT\"},{\"@type\":\"Organization\",\"@id\":\"https:\\\/\\\/touchproeurope.eu\\\/#organization\",\"name\":\"TouchPro Europe BV\",\"alternateName\":\"TPE\",\"url\":\"https:\\\/\\\/touchproeurope.eu\\\/\",\"logo\":{\"@type\":\"ImageObject\",\"inLanguage\":\"it-IT\",\"@id\":\"https:\\\/\\\/touchproeurope.eu\\\/#\\\/schema\\\/logo\\\/image\\\/\",\"url\":\"https:\\\/\\\/i0.wp.com\\\/touchproeurope.eu\\\/wp-content\\\/uploads\\\/2023\\\/10\\\/2b592c_b6944d80811246d987cc2c29accedf3f.png?fit=1417%2C531&ssl=1\",\"contentUrl\":\"https:\\\/\\\/i0.wp.com\\\/touchproeurope.eu\\\/wp-content\\\/uploads\\\/2023\\\/10\\\/2b592c_b6944d80811246d987cc2c29accedf3f.png?fit=1417%2C531&ssl=1\",\"width\":1417,\"height\":531,\"caption\":\"TouchPro Europe BV\"},\"image\":{\"@id\":\"https:\\\/\\\/touchproeurope.eu\\\/#\\\/schema\\\/logo\\\/image\\\/\"},\"sameAs\":[\"https:\\\/\\\/www.facebook.com\\\/TouchproNederland\\\/?locale=nl_NL\\\/\",\"https:\\\/\\\/www.instagram.com\\\/touchpro2016\\\/\",\"https:\\\/\\\/www.linkedin.com\\\/company\\\/touchpro-europe-bv\\\/\"],\"description\":\"TouchPro Europe Shop is de massage winkel van Europa. Wij verkopen topkwaliteit massageproducten aan masseurs, pedicures, fysiotherapeuten, manicuren, Wellness centra, opleidingen, etc. TouchPro begon als een kleine webshop in Nederland, maar is nu uitgegroeid tot een webshop met klanten uit heel Europa. Wij bieden een breed assortiment aan massageproducten, waaronder massagetafels, oli\u00ebn, cr\u00e8mes, en accessoires van topmerken, zoals Earthlite, Stronglite en InnerStrenght, Habys, Living Earth Crafts en Continuum en andere leveranciers van massage accessoires. Bestel hier de beste massagematerialen van Europa!\",\"email\":\"info@touchpro-europe.com\",\"telephone\":\"0858768829\",\"legalName\":\"TouchPro Europe BV\",\"foundingDate\":\"2018-01-11\",\"vatID\":\"NL855430151B01\",\"numberOfEmployees\":{\"@type\":\"QuantitativeValue\",\"minValue\":\"1\",\"maxValue\":\"10\"},\"hasMerchantReturnPolicy\":{\"@type\":\"MerchantReturnPolicy\",\"merchantReturnLink\":\"https:\\\/\\\/touchproeurope.eu\\\/it\\\/retourbeleid\\\/\"}}]}<\/script>\n<meta property=\"product:brand\" content=\"Aysun\" \/>\n<meta property=\"og:availability\" content=\"instock\" \/>\n<meta property=\"product:availability\" content=\"instock\" \/>\n<meta property=\"product:retailer_item_id\" content=\"10030\" \/>\n<meta property=\"product:condition\" content=\"new\" \/>\n<!-- \/ Yoast SEO Premium plugin. -->","yoast_head_json":{"title":"Aysun-Wellness Massage olie \"Sport\" - TouchPro Europe Shop","description":"Ontdek de verfrissende kracht van Aysun-wellness Massage oil \"Sport\", een zorgvuldig samengestelde formule ontworpen voor sporters. Bestel hem hier!","robots":{"index":"index","follow":"follow","max-snippet":"max-snippet:-1","max-image-preview":"max-image-preview:large","max-video-preview":"max-video-preview:-1"},"canonical":"https:\/\/touchproeurope.eu\/it\/product\/aysun-wellness-massage-oil-sport\/","og_locale":"it_IT","og_type":"article","og_title":"Aysun-Wellness Massage olie \"Sport\"","og_description":"Ontdek de verfrissende kracht van Aysun-wellness Massage oil \"Sport\", een zorgvuldig samengestelde formule ontworpen voor sporters. Bestel hem hier!","og_url":"https:\/\/touchproeurope.eu\/it\/product\/aysun-wellness-massage-oil-sport\/","og_site_name":"TouchPro Europe Shop","article_publisher":"https:\/\/www.facebook.com\/TouchproNederland\/?locale=nl_NL%2f","article_modified_time":"2026-04-22T09:39:15+00:00","og_image":[{"width":800,"height":800,"url":"https:\/\/touchproeurope.eu\/wp-content\/uploads\/2023\/11\/Aysun-wellness-Massage-oil-Sport.jpg","type":"image\/jpeg"}],"twitter_card":"summary_large_image","twitter_misc":{"Disponibilit\u00e0":"In stock"},"schema":{"@context":"https:\/\/schema.org","@graph":[{"@type":"WebPage","@id":"https:\/\/touchproeurope.eu\/product\/aysun-wellness-massage-oil-sport\/","url":"https:\/\/touchproeurope.eu\/product\/aysun-wellness-massage-oil-sport\/","name":"Aysun-Wellness Massage olie \"Sport\" - TouchPro Europe Shop","isPartOf":{"@id":"https:\/\/touchproeurope.eu\/#website"},"primaryImageOfPage":{"@id":"https:\/\/touchproeurope.eu\/product\/aysun-wellness-massage-oil-sport\/#primaryimage"},"image":{"@id":"https:\/\/touchproeurope.eu\/product\/aysun-wellness-massage-oil-sport\/#primaryimage"},"thumbnailUrl":"https:\/\/i0.wp.com\/touchproeurope.eu\/wp-content\/uploads\/2023\/11\/Aysun-wellness-Massage-oil-Sport.jpg?fit=800%2C800&ssl=1","datePublished":"2023-11-09T16:08:06+00:00","dateModified":"2026-04-22T09:39:15+00:00","description":"Ontdek de verfrissende kracht van Aysun-wellness Massage oil \"Sport\", een zorgvuldig samengestelde formule ontworpen voor sporters. Bestel hem hier!","breadcrumb":{"@id":"https:\/\/touchproeurope.eu\/product\/aysun-wellness-massage-oil-sport\/#breadcrumb"},"inLanguage":"it-IT","potentialAction":[{"@type":"ReadAction","target":["https:\/\/touchproeurope.eu\/product\/aysun-wellness-massage-oil-sport\/"]}]},{"@type":"ImageObject","inLanguage":"it-IT","@id":"https:\/\/touchproeurope.eu\/product\/aysun-wellness-massage-oil-sport\/#primaryimage","url":"https:\/\/i0.wp.com\/touchproeurope.eu\/wp-content\/uploads\/2023\/11\/Aysun-wellness-Massage-oil-Sport.jpg?fit=800%2C800&ssl=1","contentUrl":"https:\/\/i0.wp.com\/touchproeurope.eu\/wp-content\/uploads\/2023\/11\/Aysun-wellness-Massage-oil-Sport.jpg?fit=800%2C800&ssl=1","width":800,"height":800,"caption":"Aysun-wellness Massage oil Sport"},{"@type":"BreadcrumbList","@id":"https:\/\/touchproeurope.eu\/product\/aysun-wellness-massage-oil-sport\/#breadcrumb","itemListElement":[{"@type":"ListItem","position":1,"name":"Home","item":"https:\/\/touchproeurope.eu\/"},{"@type":"ListItem","position":2,"name":"Winkel","item":"https:\/\/touchproeurope.eu\/winkel\/"},{"@type":"ListItem","position":3,"name":"Aysun-Wellness Massage olie &#8220;Sport&#8221;"}]},{"@type":"WebSite","@id":"https:\/\/touchproeurope.eu\/#website","url":"https:\/\/touchproeurope.eu\/","name":"Negozio TouchPro Europe","description":"Tutto per il vostro studio con un tocco professionale!","publisher":{"@id":"https:\/\/touchproeurope.eu\/#organization"},"alternateName":"TPE","potentialAction":[{"@type":"SearchAction","target":{"@type":"EntryPoint","urlTemplate":"https:\/\/touchproeurope.eu\/?s={search_term_string}"},"query-input":{"@type":"PropertyValueSpecification","valueRequired":true,"valueName":"search_term_string"}}],"inLanguage":"it-IT"},{"@type":"Organization","@id":"https:\/\/touchproeurope.eu\/#organization","name":"TouchPro Europe BV","alternateName":"TPE","url":"https:\/\/touchproeurope.eu\/","logo":{"@type":"ImageObject","inLanguage":"it-IT","@id":"https:\/\/touchproeurope.eu\/#\/schema\/logo\/image\/","url":"https:\/\/i0.wp.com\/touchproeurope.eu\/wp-content\/uploads\/2023\/10\/2b592c_b6944d80811246d987cc2c29accedf3f.png?fit=1417%2C531&ssl=1","contentUrl":"https:\/\/i0.wp.com\/touchproeurope.eu\/wp-content\/uploads\/2023\/10\/2b592c_b6944d80811246d987cc2c29accedf3f.png?fit=1417%2C531&ssl=1","width":1417,"height":531,"caption":"TouchPro Europe BV"},"image":{"@id":"https:\/\/touchproeurope.eu\/#\/schema\/logo\/image\/"},"sameAs":["https:\/\/www.facebook.com\/TouchproNederland\/?locale=nl_NL\/","https:\/\/www.instagram.com\/touchpro2016\/","https:\/\/www.linkedin.com\/company\/touchpro-europe-bv\/"],"description":"TouchPro Europe Shop \u00e8 il negozio di massaggi d'Europa. Vendiamo prodotti per il massaggio di alta qualit\u00e0 a massaggiatori, pedicuristi, fisioterapisti, manicuristi, centri benessere, corsi di formazione, ecc. TouchPro \u00e8 nato come un piccolo negozio nei Paesi Bassi, ma ora \u00e8 diventato un negozio con clienti da tutta Europa. Offriamo un'ampia gamma di prodotti per il massaggio, tra cui lettini, oli, creme e accessori delle migliori marche come Earthlite, Stronglite e InnerStrenght, Habys, Living Earth Crafts e Continuum e altri fornitori di accessori per il massaggio. Ordinate qui le migliori forniture per massaggi d'Europa!","email":"info@touchpro-europe.com","telephone":"0858768829","legalName":"TouchPro Europe BV","foundingDate":"2018-01-11","vatID":"NL855430151B01","numberOfEmployees":{"@type":"QuantitativeValue","minValue":"1","maxValue":"10"},"hasMerchantReturnPolicy":{"@type":"MerchantReturnPolicy","merchantReturnLink":"https:\/\/touchproeurope.eu\/it\/retourbeleid\/"}}]},"product_brand":"Aysun","og_availability":"instock","product_availability":"instock","product_retailer_item_id":"10030","product_condition":"new"},"_links":{"self":[{"href":"https:\/\/touchproeurope.eu\/it\/wp-json\/wp\/v2\/product\/3196","targetHints":{"allow":["GET"]}}],"collection":[{"href":"https:\/\/touchproeurope.eu\/it\/wp-json\/wp\/v2\/product"}],"about":[{"href":"https:\/\/touchproeurope.eu\/it\/wp-json\/wp\/v2\/types\/product"}],"replies":[{"embeddable":true,"href":"https:\/\/touchproeurope.eu\/it\/wp-json\/wp\/v2\/comments?post=3196"}],"version-history":[{"count":7,"href":"https:\/\/touchproeurope.eu\/it\/wp-json\/wp\/v2\/product\/3196\/revisions"}],"predecessor-version":[{"id":4698,"href":"https:\/\/touchproeurope.eu\/it\/wp-json\/wp\/v2\/product\/3196\/revisions\/4698"}],"wp:featuredmedia":[{"embeddable":true,"href":"https:\/\/touchproeurope.eu\/it\/wp-json\/wp\/v2\/media\/4244"}],"wp:attachment":[{"href":"https:\/\/touchproeurope.eu\/it\/wp-json\/wp\/v2\/media?parent=3196"}],"wp:term":[{"taxonomy":"product_brand","embeddable":true,"href":"https:\/\/touchproeurope.eu\/it\/wp-json\/wp\/v2\/product_brand?post=3196"},{"taxonomy":"product_cat","embeddable":true,"href":"https:\/\/touchproeurope.eu\/it\/wp-json\/wp\/v2\/product_cat?post=3196"},{"taxonomy":"product_tag","embeddable":true,"href":"https:\/\/touchproeurope.eu\/it\/wp-json\/wp\/v2\/product_tag?post=3196"}],"curies":[{"name":"wp","href":"https:\/\/api.w.org\/{rel}","templated":true}]}}