{"id":3212,"date":"2023-11-09T16:08:31","date_gmt":"2023-11-09T16:08:31","guid":{"rendered":"https:\/\/touchproeurope.eu\/?post_type=product&#038;p=3212"},"modified":"2026-03-04T16:55:41","modified_gmt":"2026-03-04T16:55:41","slug":"stronglite-new-premier-draagbare-massagetafel","status":"publish","type":"product","link":"https:\/\/touchproeurope.eu\/it\/product\/stronglite-new-premier-draagbare-massagetafel\/","title":{"rendered":"Stronglite Nuovo lettino da massaggio Premier"},"content":{"rendered":"<p>Ervaar het summum van comfort en kracht met de Stronglite New Premier draagbare massagetafel. Ontworpen voor veeleisende masseurs die streven naar de hoogste kwaliteit in hun praktijk. Deze tafel belooft onge\u00ebvenaarde prestaties en biedt de perfecte omgeving voor Thaise massage, sportmassage en Anma massage.<\/p>\n<p>Met een gewicht van slechts 17,5 kg en afmetingen van 79 x 185 cm is deze draagbare massagetafel een toonbeeld van mobiliteit en veelzijdigheid. In slechts enkele seconden stel je de hoogte in, vari\u00ebrend van 58 tot 83 cm, waardoor je de optimale werkhouding hebt.<\/p>\n<p>Het pakket wordt compleet geleverd met een deluxe verstelbare hoofdsteun, voorzien van het LEC Strata hoofdkussen, en een handige draagtas. Alles wat je nodig hebt voor een professionele massage-ervaring.<\/p>\n<p>Met een maximaal toelaatbaar werkgewicht van 360 kg is deze massagetafel gebouwd om te presteren. Het deluxe 7,6 cm dikke schuimsysteem, gecombineerd met een hardhouten kwaliteitsframe en 100% PU Natursoft vinyl bekleding, biedt ultiem comfort en duurzaamheid.<\/p>\n<p>Upgrade je massagepraktijk met de Stronglite New Premier draagbare massagetafel. En geef jouw klanten de ultieme ervaring in kwaliteit en veelzijdigheid. Bestel nu en til jouw massages naar een hoger niveau!<\/p>","protected":false},"excerpt":{"rendered":"<p><strong>De Stronglite New Premier draagbare massagetafel<\/strong> &#8211; Kenmerkt zich door zijn onge\u00ebvenaarde kracht en comfort en is zeer geschikt voor Thaise massage, sportmassage en Anma massage. Upgrade je massage materialen met deze topklasse massagetafel en bied jouw klanten de ultieme ervaring in kwaliteit en veelzijdigheid.<\/p>\n<p>Il pacchetto \u00e8 composto da:<\/p>\n<ul>\n<li>Premier draagbare massagetafel<\/li>\n<li>Deluxe verstelbare hoofdsteun met LEC Strata hoofdkussen<\/li>\n<li>Draagtas<\/li>\n<\/ul>\n<p>Eigenschappen<\/p>\n<ul>\n<li>Gewicht 17,5 kg<\/li>\n<li>Afmetingen 79 x 185 cm<\/li>\n<li>In hoogte verstelbaar van 58 tot 83 cm<\/li>\n<li>Max. toelaatbaar werkgewicht van 360 kg<\/li>\n<li>Deluxe 7,6 cm dik 3 lagen schuimsysteem<\/li>\n<li>Hardhouten kwaliteitsframe<\/li>\n<li>100% PU Natursoft vinyl bekleding<\/li>\n<li>Offici\u00eble salessheet: <a href=\"https:\/\/b2b.earthlite.eu\/media\/wysiwyg\/SalesSheets\/Premier_-_Stronglite_-_1-300-0044_-_Rev_092120.pdf\" target=\"_blank\" rel=\"noopener\">New Premier<\/a><\/li>\n<\/ul>","protected":false},"featured_media":3366,"comment_status":"open","ping_status":"closed","template":"","meta":[],"product_brand":[396],"product_cat":[94,93],"product_tag":[39,119,21],"class_list":{"0":"post-3212","1":"product","2":"type-product","3":"status-publish","4":"has-post-thumbnail","6":"product_brand-stronglite","7":"product_cat-draagbare-massagetafels","8":"product_cat-massagetafels","9":"product_tag-massagetafel","10":"product_tag-new-premier","11":"product_tag-stronglite","12":"product_shipping_class-groot-pakket","13":"pa_kleur-blauw","14":"pa_kleur-vanille-creme","15":"pa_kleur-zwart","16":"pa_merk-stronglite","18":"first","19":"instock","20":"taxable","21":"shipping-taxable","22":"purchasable","23":"product-type-variable"},"yoast_head":"<!-- This site is optimized with the Yoast SEO Premium plugin v27.3 (Yoast SEO v27.3) - https:\/\/yoast.com\/product\/yoast-seo-premium-wordpress\/ -->\n<title>Stronglite New Premier Massagetafel - TouchPro Europe Shop<\/title>\n<meta name=\"description\" content=\"Ontdek ultiem comfort met de Stronglite New Premier draagbare massagetafel. Ideaal voor diverse massages. Bestel nu voor een onge\u00ebvenaarde ervaring!&quot;\" \/>\n<meta name=\"robots\" content=\"index, follow, max-snippet:-1, max-image-preview:large, max-video-preview:-1\" \/>\n<link rel=\"canonical\" href=\"https:\/\/touchproeurope.eu\/it\/product\/stronglite-new-premier-draagbare-massagetafel\/\" \/>\n<meta property=\"og:locale\" content=\"it_IT\" \/>\n<meta property=\"og:type\" content=\"article\" \/>\n<meta property=\"og:title\" content=\"Stronglite New Premier Massagetafel\" \/>\n<meta property=\"og:description\" content=\"Ontdek ultiem comfort met de Stronglite New Premier draagbare massagetafel. Ideaal voor diverse massages. Bestel nu voor een onge\u00ebvenaarde ervaring!&quot;\" \/>\n<meta property=\"og:url\" content=\"https:\/\/touchproeurope.eu\/it\/product\/stronglite-new-premier-draagbare-massagetafel\/\" \/>\n<meta property=\"og:site_name\" content=\"TouchPro Europe Shop\" \/>\n<meta property=\"article:publisher\" content=\"https:\/\/www.facebook.com\/TouchproNederland\/?locale=nl_NL%2f\" \/>\n<meta property=\"article:modified_time\" content=\"2026-03-04T16:55:41+00:00\" \/>\n<meta property=\"og:image\" content=\"https:\/\/touchproeurope.eu\/wp-content\/uploads\/2023\/11\/40186735515_8c1238198e_o.jpg\" \/>\n\t<meta property=\"og:image:width\" content=\"1500\" \/>\n\t<meta property=\"og:image:height\" content=\"1500\" \/>\n\t<meta property=\"og:image:type\" content=\"image\/jpeg\" \/>\n<meta name=\"twitter:card\" content=\"summary_large_image\" \/>\n<meta name=\"twitter:label1\" content=\"Disponibilit\u00e0\" \/>\n\t<meta name=\"twitter:data1\" content=\"In stock\" \/>\n<script type=\"application\/ld+json\" class=\"yoast-schema-graph\">{\"@context\":\"https:\\\/\\\/schema.org\",\"@graph\":[{\"@type\":\"WebPage\",\"@id\":\"https:\\\/\\\/touchproeurope.eu\\\/product\\\/stronglite-new-premier-draagbare-massagetafel\\\/\",\"url\":\"https:\\\/\\\/touchproeurope.eu\\\/product\\\/stronglite-new-premier-draagbare-massagetafel\\\/\",\"name\":\"Stronglite New Premier Massagetafel - TouchPro Europe Shop\",\"isPartOf\":{\"@id\":\"https:\\\/\\\/touchproeurope.eu\\\/#website\"},\"primaryImageOfPage\":{\"@id\":\"https:\\\/\\\/touchproeurope.eu\\\/product\\\/stronglite-new-premier-draagbare-massagetafel\\\/#primaryimage\"},\"image\":{\"@id\":\"https:\\\/\\\/touchproeurope.eu\\\/product\\\/stronglite-new-premier-draagbare-massagetafel\\\/#primaryimage\"},\"thumbnailUrl\":\"https:\\\/\\\/i0.wp.com\\\/touchproeurope.eu\\\/wp-content\\\/uploads\\\/2023\\\/11\\\/40186735515_8c1238198e_o.jpg?fit=1500%2C1500&ssl=1\",\"datePublished\":\"2023-11-09T16:08:31+00:00\",\"dateModified\":\"2026-03-04T16:55:41+00:00\",\"description\":\"Ontdek ultiem comfort met de Stronglite New Premier draagbare massagetafel. Ideaal voor diverse massages. Bestel nu voor een onge\u00ebvenaarde ervaring!\\\"\",\"breadcrumb\":{\"@id\":\"https:\\\/\\\/touchproeurope.eu\\\/product\\\/stronglite-new-premier-draagbare-massagetafel\\\/#breadcrumb\"},\"inLanguage\":\"it-IT\",\"potentialAction\":[{\"@type\":\"ReadAction\",\"target\":[\"https:\\\/\\\/touchproeurope.eu\\\/product\\\/stronglite-new-premier-draagbare-massagetafel\\\/\"]}]},{\"@type\":\"ImageObject\",\"inLanguage\":\"it-IT\",\"@id\":\"https:\\\/\\\/touchproeurope.eu\\\/product\\\/stronglite-new-premier-draagbare-massagetafel\\\/#primaryimage\",\"url\":\"https:\\\/\\\/i0.wp.com\\\/touchproeurope.eu\\\/wp-content\\\/uploads\\\/2023\\\/11\\\/40186735515_8c1238198e_o.jpg?fit=1500%2C1500&ssl=1\",\"contentUrl\":\"https:\\\/\\\/i0.wp.com\\\/touchproeurope.eu\\\/wp-content\\\/uploads\\\/2023\\\/11\\\/40186735515_8c1238198e_o.jpg?fit=1500%2C1500&ssl=1\",\"width\":1500,\"height\":1500,\"caption\":\"StrongLite New Premier Massagetafel vanille creme\"},{\"@type\":\"BreadcrumbList\",\"@id\":\"https:\\\/\\\/touchproeurope.eu\\\/product\\\/stronglite-new-premier-draagbare-massagetafel\\\/#breadcrumb\",\"itemListElement\":[{\"@type\":\"ListItem\",\"position\":1,\"name\":\"Home\",\"item\":\"https:\\\/\\\/touchproeurope.eu\\\/\"},{\"@type\":\"ListItem\",\"position\":2,\"name\":\"Winkel\",\"item\":\"https:\\\/\\\/touchproeurope.eu\\\/winkel\\\/\"},{\"@type\":\"ListItem\",\"position\":3,\"name\":\"Stronglite New Premier Massagetafel\"}]},{\"@type\":\"WebSite\",\"@id\":\"https:\\\/\\\/touchproeurope.eu\\\/#website\",\"url\":\"https:\\\/\\\/touchproeurope.eu\\\/\",\"name\":\"TouchPro Europe Shop\",\"description\":\"Alles voor jouw praktijk met een PROfessionele Touch!\",\"publisher\":{\"@id\":\"https:\\\/\\\/touchproeurope.eu\\\/#organization\"},\"alternateName\":\"TPE\",\"potentialAction\":[{\"@type\":\"SearchAction\",\"target\":{\"@type\":\"EntryPoint\",\"urlTemplate\":\"https:\\\/\\\/touchproeurope.eu\\\/?s={search_term_string}\"},\"query-input\":{\"@type\":\"PropertyValueSpecification\",\"valueRequired\":true,\"valueName\":\"search_term_string\"}}],\"inLanguage\":\"it-IT\"},{\"@type\":\"Organization\",\"@id\":\"https:\\\/\\\/touchproeurope.eu\\\/#organization\",\"name\":\"TouchPro Europe BV\",\"alternateName\":\"TPE\",\"url\":\"https:\\\/\\\/touchproeurope.eu\\\/\",\"logo\":{\"@type\":\"ImageObject\",\"inLanguage\":\"it-IT\",\"@id\":\"https:\\\/\\\/touchproeurope.eu\\\/#\\\/schema\\\/logo\\\/image\\\/\",\"url\":\"https:\\\/\\\/i0.wp.com\\\/touchproeurope.eu\\\/wp-content\\\/uploads\\\/2023\\\/10\\\/2b592c_b6944d80811246d987cc2c29accedf3f.png?fit=1417%2C531&ssl=1\",\"contentUrl\":\"https:\\\/\\\/i0.wp.com\\\/touchproeurope.eu\\\/wp-content\\\/uploads\\\/2023\\\/10\\\/2b592c_b6944d80811246d987cc2c29accedf3f.png?fit=1417%2C531&ssl=1\",\"width\":1417,\"height\":531,\"caption\":\"TouchPro Europe BV\"},\"image\":{\"@id\":\"https:\\\/\\\/touchproeurope.eu\\\/#\\\/schema\\\/logo\\\/image\\\/\"},\"sameAs\":[\"https:\\\/\\\/www.facebook.com\\\/TouchproNederland\\\/?locale=nl_NL\\\/\",\"https:\\\/\\\/www.instagram.com\\\/touchpro2016\\\/\",\"https:\\\/\\\/www.linkedin.com\\\/company\\\/touchpro-europe-bv\\\/\"],\"description\":\"TouchPro Europe Shop is de massage winkel van Europa. Wij verkopen topkwaliteit massageproducten aan masseurs, pedicures, fysiotherapeuten, manicuren, Wellness centra, opleidingen, etc. TouchPro begon als een kleine webshop in Nederland, maar is nu uitgegroeid tot een webshop met klanten uit heel Europa. Wij bieden een breed assortiment aan massageproducten, waaronder massagetafels, oli\u00ebn, cr\u00e8mes, en accessoires van topmerken, zoals Earthlite, Stronglite en InnerStrenght, Habys, Living Earth Crafts en Continuum en andere leveranciers van massage accessoires. Bestel hier de beste massagematerialen van Europa!\",\"email\":\"info@touchpro-europe.com\",\"telephone\":\"0858768829\",\"legalName\":\"TouchPro Europe BV\",\"foundingDate\":\"2018-01-11\",\"vatID\":\"NL855430151B01\",\"numberOfEmployees\":{\"@type\":\"QuantitativeValue\",\"minValue\":\"1\",\"maxValue\":\"10\"},\"hasMerchantReturnPolicy\":{\"@type\":\"MerchantReturnPolicy\",\"merchantReturnLink\":\"https:\\\/\\\/touchproeurope.eu\\\/it\\\/retourbeleid\\\/\"}}]}<\/script>\n<meta property=\"product:brand\" content=\"Stronglite\" \/>\n<meta property=\"og:availability\" content=\"instock\" \/>\n<meta property=\"product:availability\" content=\"instock\" \/>\n<meta property=\"product:retailer_item_id\" content=\"51550\" \/>\n<meta property=\"product:condition\" content=\"new\" \/>\n<!-- \/ Yoast SEO Premium plugin. -->","yoast_head_json":{"title":"Stronglite New Premier Massagetafel - TouchPro Europe Shop","description":"Ontdek ultiem comfort met de Stronglite New Premier draagbare massagetafel. Ideaal voor diverse massages. Bestel nu voor een onge\u00ebvenaarde ervaring!\"","robots":{"index":"index","follow":"follow","max-snippet":"max-snippet:-1","max-image-preview":"max-image-preview:large","max-video-preview":"max-video-preview:-1"},"canonical":"https:\/\/touchproeurope.eu\/it\/product\/stronglite-new-premier-draagbare-massagetafel\/","og_locale":"it_IT","og_type":"article","og_title":"Stronglite New Premier Massagetafel","og_description":"Ontdek ultiem comfort met de Stronglite New Premier draagbare massagetafel. Ideaal voor diverse massages. Bestel nu voor een onge\u00ebvenaarde ervaring!\"","og_url":"https:\/\/touchproeurope.eu\/it\/product\/stronglite-new-premier-draagbare-massagetafel\/","og_site_name":"TouchPro Europe Shop","article_publisher":"https:\/\/www.facebook.com\/TouchproNederland\/?locale=nl_NL%2f","article_modified_time":"2026-03-04T16:55:41+00:00","og_image":[{"width":1500,"height":1500,"url":"https:\/\/touchproeurope.eu\/wp-content\/uploads\/2023\/11\/40186735515_8c1238198e_o.jpg","type":"image\/jpeg"}],"twitter_card":"summary_large_image","twitter_misc":{"Disponibilit\u00e0":"In stock"},"schema":{"@context":"https:\/\/schema.org","@graph":[{"@type":"WebPage","@id":"https:\/\/touchproeurope.eu\/product\/stronglite-new-premier-draagbare-massagetafel\/","url":"https:\/\/touchproeurope.eu\/product\/stronglite-new-premier-draagbare-massagetafel\/","name":"Stronglite New Premier Massagetafel - TouchPro Europe Shop","isPartOf":{"@id":"https:\/\/touchproeurope.eu\/#website"},"primaryImageOfPage":{"@id":"https:\/\/touchproeurope.eu\/product\/stronglite-new-premier-draagbare-massagetafel\/#primaryimage"},"image":{"@id":"https:\/\/touchproeurope.eu\/product\/stronglite-new-premier-draagbare-massagetafel\/#primaryimage"},"thumbnailUrl":"https:\/\/i0.wp.com\/touchproeurope.eu\/wp-content\/uploads\/2023\/11\/40186735515_8c1238198e_o.jpg?fit=1500%2C1500&ssl=1","datePublished":"2023-11-09T16:08:31+00:00","dateModified":"2026-03-04T16:55:41+00:00","description":"Ontdek ultiem comfort met de Stronglite New Premier draagbare massagetafel. Ideaal voor diverse massages. Bestel nu voor een onge\u00ebvenaarde ervaring!\"","breadcrumb":{"@id":"https:\/\/touchproeurope.eu\/product\/stronglite-new-premier-draagbare-massagetafel\/#breadcrumb"},"inLanguage":"it-IT","potentialAction":[{"@type":"ReadAction","target":["https:\/\/touchproeurope.eu\/product\/stronglite-new-premier-draagbare-massagetafel\/"]}]},{"@type":"ImageObject","inLanguage":"it-IT","@id":"https:\/\/touchproeurope.eu\/product\/stronglite-new-premier-draagbare-massagetafel\/#primaryimage","url":"https:\/\/i0.wp.com\/touchproeurope.eu\/wp-content\/uploads\/2023\/11\/40186735515_8c1238198e_o.jpg?fit=1500%2C1500&ssl=1","contentUrl":"https:\/\/i0.wp.com\/touchproeurope.eu\/wp-content\/uploads\/2023\/11\/40186735515_8c1238198e_o.jpg?fit=1500%2C1500&ssl=1","width":1500,"height":1500,"caption":"StrongLite New Premier Massagetafel vanille creme"},{"@type":"BreadcrumbList","@id":"https:\/\/touchproeurope.eu\/product\/stronglite-new-premier-draagbare-massagetafel\/#breadcrumb","itemListElement":[{"@type":"ListItem","position":1,"name":"Home","item":"https:\/\/touchproeurope.eu\/"},{"@type":"ListItem","position":2,"name":"Winkel","item":"https:\/\/touchproeurope.eu\/winkel\/"},{"@type":"ListItem","position":3,"name":"Stronglite New Premier Massagetafel"}]},{"@type":"WebSite","@id":"https:\/\/touchproeurope.eu\/#website","url":"https:\/\/touchproeurope.eu\/","name":"Negozio TouchPro Europe","description":"Tutto per il vostro studio con un tocco professionale!","publisher":{"@id":"https:\/\/touchproeurope.eu\/#organization"},"alternateName":"TPE","potentialAction":[{"@type":"SearchAction","target":{"@type":"EntryPoint","urlTemplate":"https:\/\/touchproeurope.eu\/?s={search_term_string}"},"query-input":{"@type":"PropertyValueSpecification","valueRequired":true,"valueName":"search_term_string"}}],"inLanguage":"it-IT"},{"@type":"Organization","@id":"https:\/\/touchproeurope.eu\/#organization","name":"TouchPro Europe BV","alternateName":"TPE","url":"https:\/\/touchproeurope.eu\/","logo":{"@type":"ImageObject","inLanguage":"it-IT","@id":"https:\/\/touchproeurope.eu\/#\/schema\/logo\/image\/","url":"https:\/\/i0.wp.com\/touchproeurope.eu\/wp-content\/uploads\/2023\/10\/2b592c_b6944d80811246d987cc2c29accedf3f.png?fit=1417%2C531&ssl=1","contentUrl":"https:\/\/i0.wp.com\/touchproeurope.eu\/wp-content\/uploads\/2023\/10\/2b592c_b6944d80811246d987cc2c29accedf3f.png?fit=1417%2C531&ssl=1","width":1417,"height":531,"caption":"TouchPro Europe BV"},"image":{"@id":"https:\/\/touchproeurope.eu\/#\/schema\/logo\/image\/"},"sameAs":["https:\/\/www.facebook.com\/TouchproNederland\/?locale=nl_NL\/","https:\/\/www.instagram.com\/touchpro2016\/","https:\/\/www.linkedin.com\/company\/touchpro-europe-bv\/"],"description":"TouchPro Europe Shop \u00e8 il negozio di massaggi d'Europa. Vendiamo prodotti per il massaggio di alta qualit\u00e0 a massaggiatori, pedicuristi, fisioterapisti, manicuristi, centri benessere, corsi di formazione, ecc. TouchPro \u00e8 nato come un piccolo negozio nei Paesi Bassi, ma ora \u00e8 diventato un negozio con clienti da tutta Europa. Offriamo un'ampia gamma di prodotti per il massaggio, tra cui lettini, oli, creme e accessori delle migliori marche come Earthlite, Stronglite e InnerStrenght, Habys, Living Earth Crafts e Continuum e altri fornitori di accessori per il massaggio. Ordinate qui le migliori forniture per massaggi d'Europa!","email":"info@touchpro-europe.com","telephone":"0858768829","legalName":"TouchPro Europe BV","foundingDate":"2018-01-11","vatID":"NL855430151B01","numberOfEmployees":{"@type":"QuantitativeValue","minValue":"1","maxValue":"10"},"hasMerchantReturnPolicy":{"@type":"MerchantReturnPolicy","merchantReturnLink":"https:\/\/touchproeurope.eu\/it\/retourbeleid\/"}}]},"product_brand":"Stronglite","og_availability":"instock","product_availability":"instock","product_retailer_item_id":"51550","product_condition":"new"},"_links":{"self":[{"href":"https:\/\/touchproeurope.eu\/it\/wp-json\/wp\/v2\/product\/3212","targetHints":{"allow":["GET"]}}],"collection":[{"href":"https:\/\/touchproeurope.eu\/it\/wp-json\/wp\/v2\/product"}],"about":[{"href":"https:\/\/touchproeurope.eu\/it\/wp-json\/wp\/v2\/types\/product"}],"replies":[{"embeddable":true,"href":"https:\/\/touchproeurope.eu\/it\/wp-json\/wp\/v2\/comments?post=3212"}],"version-history":[{"count":10,"href":"https:\/\/touchproeurope.eu\/it\/wp-json\/wp\/v2\/product\/3212\/revisions"}],"predecessor-version":[{"id":13922,"href":"https:\/\/touchproeurope.eu\/it\/wp-json\/wp\/v2\/product\/3212\/revisions\/13922"}],"wp:featuredmedia":[{"embeddable":true,"href":"https:\/\/touchproeurope.eu\/it\/wp-json\/wp\/v2\/media\/3366"}],"wp:attachment":[{"href":"https:\/\/touchproeurope.eu\/it\/wp-json\/wp\/v2\/media?parent=3212"}],"wp:term":[{"taxonomy":"product_brand","embeddable":true,"href":"https:\/\/touchproeurope.eu\/it\/wp-json\/wp\/v2\/product_brand?post=3212"},{"taxonomy":"product_cat","embeddable":true,"href":"https:\/\/touchproeurope.eu\/it\/wp-json\/wp\/v2\/product_cat?post=3212"},{"taxonomy":"product_tag","embeddable":true,"href":"https:\/\/touchproeurope.eu\/it\/wp-json\/wp\/v2\/product_tag?post=3212"}],"curies":[{"name":"wp","href":"https:\/\/api.w.org\/{rel}","templated":true}]}}