{"id":3214,"date":"2023-11-09T16:08:32","date_gmt":"2023-11-09T16:08:32","guid":{"rendered":"https:\/\/touchproeurope.eu\/?post_type=product&#038;p=3214"},"modified":"2026-03-04T16:55:40","modified_gmt":"2026-03-04T16:55:40","slug":"versalite-pro-massagetafel","status":"publish","type":"product","link":"https:\/\/touchproeurope.eu\/it\/product\/versalite-pro-massagetafel\/","title":{"rendered":"Tavolo da massaggio Versalite PRO"},"content":{"rendered":"<p><strong>De StrongLite Versalite Pro Massagetafel &#8211; <\/strong>ontdek het gemak van deze lichtgewicht, inklapbare aluminium massagetafel! De StrongLite Versalite Pro biedt comfort en professionele kwaliteit. Hierdoor is deze tafel de perfecte keuze voor in je eigen praktijk, maar ook voor de mobiele masseur.<\/p>\n<p>Met afmetingen van 76 x 185 cm en een hoogte, die verstelbaar is van 54 tot 84 cm, zorgt deze massagetafel voor de ideale werkruimte voor diverse massagetechnieken. Het 5,7 cm dikke 2-lagen-schuim systeem zorgt voor langdurig comfort, waar zowel de masseur als de cli\u00ebnt optimaal van kunnen genieten.<\/p>\n<p>Dankzij de luxe 100% PU-Satin Touch vinyl bekleding voelt de tafel niet alleen prettig aan, maar is hij ook eenvoudig te reinigen en te onderhouden. Met een indrukwekkend belastbaar werkgewicht tot 226 kg is deze tafel duurzaam en stevig. Hierdoor is de tafel geschikt voor een brede doelgroep.<\/p>\n<p>Het pakket bevat de StrongLite Versalite Pro massagetafel, een deluxe curved verstelbare hoofdsteun met gebogen hoofdkussen en een handige draagtas met extra opbergvak. De tafel is leverbaar in de stijlvolle kleur Royal Blue, Bordeaux en Zwart.<\/p>","protected":false},"excerpt":{"rendered":"<p>Productgegevens<\/p>\n<p><strong>D<\/strong><strong>e StrongLite Versalite Pro massagetafel<\/strong> &#8211; Deze hoogwaardige massagetafel met een lichtgewicht aluminiumframe en inklapbaar ontwerp is de perfecte keuze voor jou. Ervaar het comfort en de professionele kwaliteit van de StrongLite Versalite Pro. Dankzij zijn draagbaarheid en eenvoudig inklapbare functie is deze massagetafel ideaal voor zowel professioneel gebruik als voor thuisgebruik.<\/p>\n<p>Het pakket bestaat uit:<\/p>\n<ul>\n<li>de StrongLite Versalite Pro massagetafel<\/li>\n<li>Deluxe curved verstelbare hoofdsteun met gebogen hoofdkussen<\/li>\n<li>Bijbehorende draagtas met extra opbergvak<\/li>\n<\/ul>\n<p>Eigenschappen:<\/p>\n<ul>\n<li>Afmetingen 76 x 185 cm<\/li>\n<li>In hoogte verstelbaar van 54 tot 84 cm<\/li>\n<li>Gewicht: 14 kg<\/li>\n<li>Luxe 100% PU- Satin Touch vinyl bekleding<\/li>\n<li>5,7 cm dik 2-lagen-schuim systeem voor langdurig comfort<\/li>\n<li>Tot 226 kg belastbaar werkgewicht.<\/li>\n<li>Offici\u00eble salessheet: <a href=\"https:\/\/b2b.earthlite.eu\/media\/wysiwyg\/SalesSheets\/Versalite_Pro_Sales_Sheet_Rev_092220.pdf\">Versalite Pro<\/a><\/li>\n<li>Leverbaar in de kleuren Royal Blue, Bordeaux en Zwart.<\/li>\n<\/ul>","protected":false},"featured_media":3213,"comment_status":"open","ping_status":"closed","template":"","meta":[],"product_brand":[396],"product_cat":[94,93],"product_tag":[39,21,80,81],"class_list":{"0":"post-3214","1":"product","2":"type-product","3":"status-publish","4":"has-post-thumbnail","6":"product_brand-stronglite","7":"product_cat-draagbare-massagetafels","8":"product_cat-massagetafels","9":"product_tag-massagetafel","10":"product_tag-stronglite","11":"product_tag-versalite-pro","12":"product_tag-verstelbaar-hoofdkussen","13":"product_shipping_class-groot-pakket","14":"pa_merk-stronglite","16":"first","17":"instock","18":"featured","19":"taxable","20":"shipping-taxable","21":"purchasable","22":"product-type-variable"},"yoast_head":"<!-- This site is optimized with the Yoast SEO Premium plugin v27.3 (Yoast SEO v27.3) - https:\/\/yoast.com\/product\/yoast-seo-premium-wordpress\/ -->\n<title>Versalite PRO Massagetafel - TouchPro Europe Shop<\/title>\n<meta name=\"description\" content=\"Ervaar de ultieme ontspanning met onze Versalite PRO Massagetafel! Hoog comfort en professionele kwaliteit gegarandeerd voor een perfecte massage-ervaring.\" \/>\n<meta name=\"robots\" content=\"index, follow, max-snippet:-1, max-image-preview:large, max-video-preview:-1\" \/>\n<link rel=\"canonical\" href=\"https:\/\/touchproeurope.eu\/it\/product\/versalite-pro-massagetafel\/\" \/>\n<meta property=\"og:locale\" content=\"it_IT\" \/>\n<meta property=\"og:type\" content=\"article\" \/>\n<meta property=\"og:title\" content=\"Versalite PRO Massagetafel\" \/>\n<meta property=\"og:description\" content=\"Ervaar de ultieme ontspanning met onze Versalite PRO Massagetafel! Hoog comfort en professionele kwaliteit gegarandeerd voor een perfecte massage-ervaring.\" \/>\n<meta property=\"og:url\" content=\"https:\/\/touchproeurope.eu\/it\/product\/versalite-pro-massagetafel\/\" \/>\n<meta property=\"og:site_name\" content=\"TouchPro Europe Shop\" \/>\n<meta property=\"article:publisher\" content=\"https:\/\/www.facebook.com\/TouchproNederland\/?locale=nl_NL%2f\" \/>\n<meta property=\"article:modified_time\" content=\"2026-03-04T16:55:40+00:00\" \/>\n<meta property=\"og:image\" content=\"https:\/\/touchproeurope.eu\/wp-content\/uploads\/2023\/11\/831093078.jpg\" \/>\n\t<meta property=\"og:image:width\" content=\"360\" \/>\n\t<meta property=\"og:image:height\" content=\"360\" \/>\n\t<meta property=\"og:image:type\" content=\"image\/jpeg\" \/>\n<meta name=\"twitter:card\" content=\"summary_large_image\" \/>\n<meta name=\"twitter:label1\" content=\"Disponibilit\u00e0\" \/>\n\t<meta name=\"twitter:data1\" content=\"In stock\" \/>\n<script type=\"application\/ld+json\" class=\"yoast-schema-graph\">{\"@context\":\"https:\\\/\\\/schema.org\",\"@graph\":[{\"@type\":\"WebPage\",\"@id\":\"https:\\\/\\\/touchproeurope.eu\\\/product\\\/versalite-pro-massagetafel\\\/\",\"url\":\"https:\\\/\\\/touchproeurope.eu\\\/product\\\/versalite-pro-massagetafel\\\/\",\"name\":\"Versalite PRO Massagetafel - TouchPro Europe Shop\",\"isPartOf\":{\"@id\":\"https:\\\/\\\/touchproeurope.eu\\\/#website\"},\"primaryImageOfPage\":{\"@id\":\"https:\\\/\\\/touchproeurope.eu\\\/product\\\/versalite-pro-massagetafel\\\/#primaryimage\"},\"image\":{\"@id\":\"https:\\\/\\\/touchproeurope.eu\\\/product\\\/versalite-pro-massagetafel\\\/#primaryimage\"},\"thumbnailUrl\":\"https:\\\/\\\/i0.wp.com\\\/touchproeurope.eu\\\/wp-content\\\/uploads\\\/2023\\\/11\\\/831093078.jpg?fit=360%2C360&ssl=1\",\"datePublished\":\"2023-11-09T16:08:32+00:00\",\"dateModified\":\"2026-03-04T16:55:40+00:00\",\"description\":\"Ervaar de ultieme ontspanning met onze Versalite PRO Massagetafel! Hoog comfort en professionele kwaliteit gegarandeerd voor een perfecte massage-ervaring.\",\"breadcrumb\":{\"@id\":\"https:\\\/\\\/touchproeurope.eu\\\/product\\\/versalite-pro-massagetafel\\\/#breadcrumb\"},\"inLanguage\":\"it-IT\",\"potentialAction\":[{\"@type\":\"ReadAction\",\"target\":[\"https:\\\/\\\/touchproeurope.eu\\\/product\\\/versalite-pro-massagetafel\\\/\"]}]},{\"@type\":\"ImageObject\",\"inLanguage\":\"it-IT\",\"@id\":\"https:\\\/\\\/touchproeurope.eu\\\/product\\\/versalite-pro-massagetafel\\\/#primaryimage\",\"url\":\"https:\\\/\\\/i0.wp.com\\\/touchproeurope.eu\\\/wp-content\\\/uploads\\\/2023\\\/11\\\/831093078.jpg?fit=360%2C360&ssl=1\",\"contentUrl\":\"https:\\\/\\\/i0.wp.com\\\/touchproeurope.eu\\\/wp-content\\\/uploads\\\/2023\\\/11\\\/831093078.jpg?fit=360%2C360&ssl=1\",\"width\":360,\"height\":360,\"caption\":\"Versalite PRO Massagetafel\"},{\"@type\":\"BreadcrumbList\",\"@id\":\"https:\\\/\\\/touchproeurope.eu\\\/product\\\/versalite-pro-massagetafel\\\/#breadcrumb\",\"itemListElement\":[{\"@type\":\"ListItem\",\"position\":1,\"name\":\"Home\",\"item\":\"https:\\\/\\\/touchproeurope.eu\\\/\"},{\"@type\":\"ListItem\",\"position\":2,\"name\":\"Winkel\",\"item\":\"https:\\\/\\\/touchproeurope.eu\\\/winkel\\\/\"},{\"@type\":\"ListItem\",\"position\":3,\"name\":\"Versalite PRO Massagetafel\"}]},{\"@type\":\"WebSite\",\"@id\":\"https:\\\/\\\/touchproeurope.eu\\\/#website\",\"url\":\"https:\\\/\\\/touchproeurope.eu\\\/\",\"name\":\"TouchPro Europe Shop\",\"description\":\"Alles voor jouw praktijk met een PROfessionele Touch!\",\"publisher\":{\"@id\":\"https:\\\/\\\/touchproeurope.eu\\\/#organization\"},\"alternateName\":\"TPE\",\"potentialAction\":[{\"@type\":\"SearchAction\",\"target\":{\"@type\":\"EntryPoint\",\"urlTemplate\":\"https:\\\/\\\/touchproeurope.eu\\\/?s={search_term_string}\"},\"query-input\":{\"@type\":\"PropertyValueSpecification\",\"valueRequired\":true,\"valueName\":\"search_term_string\"}}],\"inLanguage\":\"it-IT\"},{\"@type\":\"Organization\",\"@id\":\"https:\\\/\\\/touchproeurope.eu\\\/#organization\",\"name\":\"TouchPro Europe BV\",\"alternateName\":\"TPE\",\"url\":\"https:\\\/\\\/touchproeurope.eu\\\/\",\"logo\":{\"@type\":\"ImageObject\",\"inLanguage\":\"it-IT\",\"@id\":\"https:\\\/\\\/touchproeurope.eu\\\/#\\\/schema\\\/logo\\\/image\\\/\",\"url\":\"https:\\\/\\\/i0.wp.com\\\/touchproeurope.eu\\\/wp-content\\\/uploads\\\/2023\\\/10\\\/2b592c_b6944d80811246d987cc2c29accedf3f.png?fit=1417%2C531&ssl=1\",\"contentUrl\":\"https:\\\/\\\/i0.wp.com\\\/touchproeurope.eu\\\/wp-content\\\/uploads\\\/2023\\\/10\\\/2b592c_b6944d80811246d987cc2c29accedf3f.png?fit=1417%2C531&ssl=1\",\"width\":1417,\"height\":531,\"caption\":\"TouchPro Europe BV\"},\"image\":{\"@id\":\"https:\\\/\\\/touchproeurope.eu\\\/#\\\/schema\\\/logo\\\/image\\\/\"},\"sameAs\":[\"https:\\\/\\\/www.facebook.com\\\/TouchproNederland\\\/?locale=nl_NL\\\/\",\"https:\\\/\\\/www.instagram.com\\\/touchpro2016\\\/\",\"https:\\\/\\\/www.linkedin.com\\\/company\\\/touchpro-europe-bv\\\/\"],\"description\":\"TouchPro Europe Shop is de massage winkel van Europa. Wij verkopen topkwaliteit massageproducten aan masseurs, pedicures, fysiotherapeuten, manicuren, Wellness centra, opleidingen, etc. TouchPro begon als een kleine webshop in Nederland, maar is nu uitgegroeid tot een webshop met klanten uit heel Europa. Wij bieden een breed assortiment aan massageproducten, waaronder massagetafels, oli\u00ebn, cr\u00e8mes, en accessoires van topmerken, zoals Earthlite, Stronglite en InnerStrenght, Habys, Living Earth Crafts en Continuum en andere leveranciers van massage accessoires. Bestel hier de beste massagematerialen van Europa!\",\"email\":\"info@touchpro-europe.com\",\"telephone\":\"0858768829\",\"legalName\":\"TouchPro Europe BV\",\"foundingDate\":\"2018-01-11\",\"vatID\":\"NL855430151B01\",\"numberOfEmployees\":{\"@type\":\"QuantitativeValue\",\"minValue\":\"1\",\"maxValue\":\"10\"},\"hasMerchantReturnPolicy\":{\"@type\":\"MerchantReturnPolicy\",\"merchantReturnLink\":\"https:\\\/\\\/touchproeurope.eu\\\/it\\\/retourbeleid\\\/\"}}]}<\/script>\n<meta property=\"product:brand\" content=\"Stronglite\" \/>\n<meta property=\"og:availability\" content=\"instock\" \/>\n<meta property=\"product:availability\" content=\"instock\" \/>\n<meta property=\"product:retailer_item_id\" content=\"51875\" \/>\n<meta property=\"product:condition\" content=\"new\" \/>\n<!-- \/ Yoast SEO Premium plugin. -->","yoast_head_json":{"title":"Versalite PRO Massagetafel - TouchPro Europe Shop","description":"Ervaar de ultieme ontspanning met onze Versalite PRO Massagetafel! Hoog comfort en professionele kwaliteit gegarandeerd voor een perfecte massage-ervaring.","robots":{"index":"index","follow":"follow","max-snippet":"max-snippet:-1","max-image-preview":"max-image-preview:large","max-video-preview":"max-video-preview:-1"},"canonical":"https:\/\/touchproeurope.eu\/it\/product\/versalite-pro-massagetafel\/","og_locale":"it_IT","og_type":"article","og_title":"Versalite PRO Massagetafel","og_description":"Ervaar de ultieme ontspanning met onze Versalite PRO Massagetafel! Hoog comfort en professionele kwaliteit gegarandeerd voor een perfecte massage-ervaring.","og_url":"https:\/\/touchproeurope.eu\/it\/product\/versalite-pro-massagetafel\/","og_site_name":"TouchPro Europe Shop","article_publisher":"https:\/\/www.facebook.com\/TouchproNederland\/?locale=nl_NL%2f","article_modified_time":"2026-03-04T16:55:40+00:00","og_image":[{"width":360,"height":360,"url":"https:\/\/touchproeurope.eu\/wp-content\/uploads\/2023\/11\/831093078.jpg","type":"image\/jpeg"}],"twitter_card":"summary_large_image","twitter_misc":{"Disponibilit\u00e0":"In stock"},"schema":{"@context":"https:\/\/schema.org","@graph":[{"@type":"WebPage","@id":"https:\/\/touchproeurope.eu\/product\/versalite-pro-massagetafel\/","url":"https:\/\/touchproeurope.eu\/product\/versalite-pro-massagetafel\/","name":"Versalite PRO Massagetafel - TouchPro Europe Shop","isPartOf":{"@id":"https:\/\/touchproeurope.eu\/#website"},"primaryImageOfPage":{"@id":"https:\/\/touchproeurope.eu\/product\/versalite-pro-massagetafel\/#primaryimage"},"image":{"@id":"https:\/\/touchproeurope.eu\/product\/versalite-pro-massagetafel\/#primaryimage"},"thumbnailUrl":"https:\/\/i0.wp.com\/touchproeurope.eu\/wp-content\/uploads\/2023\/11\/831093078.jpg?fit=360%2C360&ssl=1","datePublished":"2023-11-09T16:08:32+00:00","dateModified":"2026-03-04T16:55:40+00:00","description":"Ervaar de ultieme ontspanning met onze Versalite PRO Massagetafel! Hoog comfort en professionele kwaliteit gegarandeerd voor een perfecte massage-ervaring.","breadcrumb":{"@id":"https:\/\/touchproeurope.eu\/product\/versalite-pro-massagetafel\/#breadcrumb"},"inLanguage":"it-IT","potentialAction":[{"@type":"ReadAction","target":["https:\/\/touchproeurope.eu\/product\/versalite-pro-massagetafel\/"]}]},{"@type":"ImageObject","inLanguage":"it-IT","@id":"https:\/\/touchproeurope.eu\/product\/versalite-pro-massagetafel\/#primaryimage","url":"https:\/\/i0.wp.com\/touchproeurope.eu\/wp-content\/uploads\/2023\/11\/831093078.jpg?fit=360%2C360&ssl=1","contentUrl":"https:\/\/i0.wp.com\/touchproeurope.eu\/wp-content\/uploads\/2023\/11\/831093078.jpg?fit=360%2C360&ssl=1","width":360,"height":360,"caption":"Versalite PRO Massagetafel"},{"@type":"BreadcrumbList","@id":"https:\/\/touchproeurope.eu\/product\/versalite-pro-massagetafel\/#breadcrumb","itemListElement":[{"@type":"ListItem","position":1,"name":"Home","item":"https:\/\/touchproeurope.eu\/"},{"@type":"ListItem","position":2,"name":"Winkel","item":"https:\/\/touchproeurope.eu\/winkel\/"},{"@type":"ListItem","position":3,"name":"Versalite PRO Massagetafel"}]},{"@type":"WebSite","@id":"https:\/\/touchproeurope.eu\/#website","url":"https:\/\/touchproeurope.eu\/","name":"Negozio TouchPro Europe","description":"Tutto per il vostro studio con un tocco professionale!","publisher":{"@id":"https:\/\/touchproeurope.eu\/#organization"},"alternateName":"TPE","potentialAction":[{"@type":"SearchAction","target":{"@type":"EntryPoint","urlTemplate":"https:\/\/touchproeurope.eu\/?s={search_term_string}"},"query-input":{"@type":"PropertyValueSpecification","valueRequired":true,"valueName":"search_term_string"}}],"inLanguage":"it-IT"},{"@type":"Organization","@id":"https:\/\/touchproeurope.eu\/#organization","name":"TouchPro Europe BV","alternateName":"TPE","url":"https:\/\/touchproeurope.eu\/","logo":{"@type":"ImageObject","inLanguage":"it-IT","@id":"https:\/\/touchproeurope.eu\/#\/schema\/logo\/image\/","url":"https:\/\/i0.wp.com\/touchproeurope.eu\/wp-content\/uploads\/2023\/10\/2b592c_b6944d80811246d987cc2c29accedf3f.png?fit=1417%2C531&ssl=1","contentUrl":"https:\/\/i0.wp.com\/touchproeurope.eu\/wp-content\/uploads\/2023\/10\/2b592c_b6944d80811246d987cc2c29accedf3f.png?fit=1417%2C531&ssl=1","width":1417,"height":531,"caption":"TouchPro Europe BV"},"image":{"@id":"https:\/\/touchproeurope.eu\/#\/schema\/logo\/image\/"},"sameAs":["https:\/\/www.facebook.com\/TouchproNederland\/?locale=nl_NL\/","https:\/\/www.instagram.com\/touchpro2016\/","https:\/\/www.linkedin.com\/company\/touchpro-europe-bv\/"],"description":"TouchPro Europe Shop \u00e8 il negozio di massaggi d'Europa. Vendiamo prodotti per il massaggio di alta qualit\u00e0 a massaggiatori, pedicuristi, fisioterapisti, manicuristi, centri benessere, corsi di formazione, ecc. TouchPro \u00e8 nato come un piccolo negozio nei Paesi Bassi, ma ora \u00e8 diventato un negozio con clienti da tutta Europa. Offriamo un'ampia gamma di prodotti per il massaggio, tra cui lettini, oli, creme e accessori delle migliori marche come Earthlite, Stronglite e InnerStrenght, Habys, Living Earth Crafts e Continuum e altri fornitori di accessori per il massaggio. Ordinate qui le migliori forniture per massaggi d'Europa!","email":"info@touchpro-europe.com","telephone":"0858768829","legalName":"TouchPro Europe BV","foundingDate":"2018-01-11","vatID":"NL855430151B01","numberOfEmployees":{"@type":"QuantitativeValue","minValue":"1","maxValue":"10"},"hasMerchantReturnPolicy":{"@type":"MerchantReturnPolicy","merchantReturnLink":"https:\/\/touchproeurope.eu\/it\/retourbeleid\/"}}]},"product_brand":"Stronglite","og_availability":"instock","product_availability":"instock","product_retailer_item_id":"51875","product_condition":"new"},"_links":{"self":[{"href":"https:\/\/touchproeurope.eu\/it\/wp-json\/wp\/v2\/product\/3214","targetHints":{"allow":["GET"]}}],"collection":[{"href":"https:\/\/touchproeurope.eu\/it\/wp-json\/wp\/v2\/product"}],"about":[{"href":"https:\/\/touchproeurope.eu\/it\/wp-json\/wp\/v2\/types\/product"}],"replies":[{"embeddable":true,"href":"https:\/\/touchproeurope.eu\/it\/wp-json\/wp\/v2\/comments?post=3214"}],"version-history":[{"count":10,"href":"https:\/\/touchproeurope.eu\/it\/wp-json\/wp\/v2\/product\/3214\/revisions"}],"predecessor-version":[{"id":4952,"href":"https:\/\/touchproeurope.eu\/it\/wp-json\/wp\/v2\/product\/3214\/revisions\/4952"}],"wp:featuredmedia":[{"embeddable":true,"href":"https:\/\/touchproeurope.eu\/it\/wp-json\/wp\/v2\/media\/3213"}],"wp:attachment":[{"href":"https:\/\/touchproeurope.eu\/it\/wp-json\/wp\/v2\/media?parent=3214"}],"wp:term":[{"taxonomy":"product_brand","embeddable":true,"href":"https:\/\/touchproeurope.eu\/it\/wp-json\/wp\/v2\/product_brand?post=3214"},{"taxonomy":"product_cat","embeddable":true,"href":"https:\/\/touchproeurope.eu\/it\/wp-json\/wp\/v2\/product_cat?post=3214"},{"taxonomy":"product_tag","embeddable":true,"href":"https:\/\/touchproeurope.eu\/it\/wp-json\/wp\/v2\/product_tag?post=3214"}],"curies":[{"name":"wp","href":"https:\/\/api.w.org\/{rel}","templated":true}]}}