{"id":5005,"date":"2024-01-21T12:08:47","date_gmt":"2024-01-21T12:08:47","guid":{"rendered":"https:\/\/touchproeurope.eu\/?post_type=product&#038;p=5005"},"modified":"2026-03-04T16:56:25","modified_gmt":"2026-03-04T16:56:25","slug":"hot-stone-massage-wands","status":"publish","type":"product","link":"https:\/\/touchproeurope.eu\/it\/product\/hot-stone-massage-wands\/","title":{"rendered":"Set di bacchette per massaggi con pietre calde"},"content":{"rendered":"<p>De Hot Stone Massage Wands. De eerste massager in zijn soort ter wereld &#8211; een meesterwerk van techniek, met de hand vervaardigd door professionals. 1,5 &#8211; 3 uur constante warmte &#8211; een krachtige 6600 mAh Li-ion batterij biedt tot drie uur warmte bij volledige oplading.<\/p>\n<p>Bian stone &#8211; S2 is gemaakt van met de hand gepolijst natuurlijk bian stone, dat al duizenden jaren wordt gebruikt in de traditionele geneeskunde.<\/p>\n<p>Hot Stone Massage Wands Binnen slechts vijf tot tien minuten zijn de massagestaven klaar voor gebruik en kunnen ze worden ge\u00efntegreerd in elke massage.<\/p>\n<p>Verschil met LavaShell Massage De massagestaven worden anders gebruikt dan de LavaShells \/ LavaHotStones. Met de LavaShells kun je over het lichaam glijden, druk uitoefenen en verschillende delen van het lichaam behandelen. De LavaShell-massage is niet te vergelijken met de massage met de Hot Stone massagestaven.<\/p>\n<p>Met de Hot Stone massagestaven heb je de mogelijkheid om warmte in de massage te integreren en deze afwisselend met je handen te gebruiken.<\/p>\n<p>Voordelen voor de gebruiker<\/p>\n<ul>\n<li>Kan de therapeut beschermen tegen overbelasting van de handen<\/li>\n<li>Continue warmte, geen verlies van contact met de klant<\/li>\n<li>Vier verschillende warmteniveaus<\/li>\n<li>Draagbaar en overal te gebruiken<\/li>\n<li>Kan snel worden opgewarmd door de krachtige oplaadbare batterij<\/li>\n<li>Lichtgewicht en eenvoudig te gebruiken<\/li>\n<li>Twee massagestaven voor 7 verschillende massagetechnieken<\/li>\n<li>Ideaal voor mobiele therapeuten<\/li>\n<\/ul>\n<p>Voordelen voor de gast<\/p>\n<ul>\n<li>Verbetering van de bloedsomloop<\/li>\n<li>Spieren worden losgemaakt en ontspannen<\/li>\n<li>Continue massage van warmte en aanraking<\/li>\n<li>Zijdezacht en rustgevend voor de huid<\/li>\n<\/ul>\n<p>Klaar voor gebruik in een paar stappen<\/p>\n<ol>\n<li>Stel de gewenste temperatuur in (45 tot 60 graden Celsius)<\/li>\n<li>Plaats de massagestaven op de houder<\/li>\n<li>Na drie minuten zijn de staven klaar voor gebruik<\/li>\n<li>Volledige verwarming van de hele steen na ongeveer 10 minuten<\/li>\n<li>Schakel na de massage de massagestok uit en maak deze schoon<\/li>\n<\/ol>\n<p>Inhoud: 1 platte hot stone-staaf 1 precisie hot stone-staaf 1 fles massageolie 1 oplader (onder de fles massageolie) 2 houders<\/p>\n<p>Met de massagestaven zijn 7 massagetechnieken mogelijk en versterk je je massage met warmte. Laat de gast je handen en de warmte voelen!<\/p>\n<ul>\n<li>Warmtebehandeling<\/li>\n<li>Shiatsu<\/li>\n<li>Kneuzen<\/li>\n<li>Hameren<\/li>\n<li>Cirkelen<\/li>\n<li>Schrapen<\/li>\n<li>Glijden<\/li>\n<\/ul>\n<p>Duur van de warmte &#8211; belangrijk De massagestaven hebben vier verschillende warmteniveaus van warm tot heet, geschikt voor elke massage. Wanneer de massagestaaf op de laagste stand staat, blijft deze warm gedurende maximaal drie uur, op voorwaarde dat deze niet tussendoor wordt uitgeschakeld. Op de hoogste stand blijft hij warm gedurende maximaal 1,5 uur, op voorwaarde dat hij niet tussendoor wordt uitgeschakeld. Als de massagestaaf vaak wordt aan- en uitgeschakeld, kan de opwarmtijd worden verkort en moet deze sneller worden opgeladen. Houd hier rekening mee bij uw massageapplicaties.<\/p>\n<p>Reiniging &#8211; belangrijke opmerking Reinig de staven alleen met een droge, zachte doek en voeg een minimale hoeveelheid reinigingsmiddel toe om de olie te verwijderen. Gebruik geen alcohol of chemicali\u00ebn. Als water of olie de staaf binnendringt door onjuist gebruik, kan dit leiden tot storingen en vervalt de garantie. Zelfs kleine hoeveelheden vloeistof kunnen leiden tot elektrische storingen in de staaf, dus gebruik alleen een zachte droge doek met een beetje reinigingsmiddel. Elke staaf is een strikte kwaliteits- en functionaliteitscontrole\u00a0 ondergaan tijdens de productie en wordt ook opnieuw getest op functionaliteit voor verzending.<\/p>\n<p>Technische gegevens Model ELEEELS S2 Opladen: USB Type-C Batterij: 6600 mAh oplaadbare Li-ion batterij Laadtijd: Ongeveer 4 uur Gebruikstijd: 3 uur per keer, afhankelijk van het gebruik en het warmteniveau Nominaal vermogen: 18W WEEE-Reg.-Nr. DE 55750600<\/p>\n<p>Belangrijke opmerking Tijdens het productieproces kunnen lichte krassen verschijnen op de Bian-steen. Ook witte lijnen (natuurlijk kenmerk van Bian-steen) zijn vaak zichtbaar. Dit heeft geen invloed op de kwaliteit van het product en de massage. Tijdens het werken met de stenen kunnen er meer krassen worden toegevoegd, bijvoorbeeld door de stenen op een harde ondergrond te plaatsen. Het product is nieuw en ongebruikt.<\/p>","protected":false},"excerpt":{"rendered":"<p>Hot Stone Massage Wands zijn geavanceerde massagetoestellen, ontworpen van handgepolijst natuurlijk bian stone. Deze wands bieden een unieke massage-ervaring, aangedreven door een krachtige oplaadbare batterij. Hier zijn de belangrijkste kenmerken:<\/p>\n<ul>\n<li><strong>Innovatief Design<\/strong>: Handgepolijst bian stone voor een unieke massage-ervaring.<\/li>\n<li><strong>Constante Warmte<\/strong>: Krachtige oplaadbare batterij voor 1,5-3 uur constante warmte.<\/li>\n<li><strong>Snel Gebruiksklaar<\/strong>: Klaar voor gebruik in 5-10 minuten, onderscheidend van LavaShell-massage.<\/li>\n<li><strong>Voordelen voor Therapeuten<\/strong>: Bescherming tegen overbelasting, continue warmte, draagbaarheid.<\/li>\n<li><strong>Diverse Massage-Technieken<\/strong>: Mogelijkheid tot 7 verschillende massage-technieken.<\/li>\n<li><strong>Belangrijke Functies<\/strong>: 4 warmteniveaus, 4 uur oplaadtijd, zorgvuldige reiniging.<\/li>\n<li><strong>Model: ELEEELS S2<\/strong>: USB Type-C opladen, 6600 mAh batterij, 3 uur gebruikstijd.<\/li>\n<\/ul>\n<p>De Hot Stone Massage Wands bieden een perfecte balans tussen technologische innovatie en traditionele massagetherapie, waardoor ze ideaal zijn voor zowel therapeuten als gebruikers.<\/p>","protected":false},"featured_media":5016,"comment_status":"open","ping_status":"closed","template":"","meta":[],"product_brand":[],"product_cat":[99,103],"product_tag":[],"class_list":{"0":"post-5005","1":"product","2":"type-product","3":"status-publish","4":"has-post-thumbnail","6":"product_cat-accessoires","7":"product_cat-hotstones","9":"first","10":"instock","11":"taxable","12":"shipping-taxable","13":"purchasable","14":"product-type-simple"},"yoast_head":"<!-- This site is optimized with the Yoast SEO Premium plugin v27.3 (Yoast SEO v27.3) - https:\/\/yoast.com\/product\/yoast-seo-premium-wordpress\/ -->\n<title>Hot Stone Massage Wands set - TouchPro Europe Shop<\/title>\n<meta name=\"description\" content=\"Hot Stone Massage Wands: Innovatief, handgepolijst bian stone voor constante warmte. Ideaal voor therapeuten en ontspanning. Ontdek nu!\" \/>\n<meta name=\"robots\" content=\"index, follow, max-snippet:-1, max-image-preview:large, max-video-preview:-1\" \/>\n<link rel=\"canonical\" href=\"https:\/\/touchproeurope.eu\/it\/product\/hot-stone-massage-wands\/\" \/>\n<meta property=\"og:locale\" content=\"it_IT\" \/>\n<meta property=\"og:type\" content=\"article\" \/>\n<meta property=\"og:title\" content=\"Hot Stone Massage Wands set\" \/>\n<meta property=\"og:description\" content=\"Hot Stone Massage Wands: Innovatief, handgepolijst bian stone voor constante warmte. Ideaal voor therapeuten en ontspanning. Ontdek nu!\" \/>\n<meta property=\"og:url\" content=\"https:\/\/touchproeurope.eu\/it\/product\/hot-stone-massage-wands\/\" \/>\n<meta property=\"og:site_name\" content=\"TouchPro Europe Shop\" \/>\n<meta property=\"article:publisher\" content=\"https:\/\/www.facebook.com\/TouchproNederland\/?locale=nl_NL%2f\" \/>\n<meta property=\"article:modified_time\" content=\"2026-03-04T16:56:25+00:00\" \/>\n<meta property=\"og:image\" content=\"https:\/\/touchproeurope.eu\/wp-content\/uploads\/2024\/01\/Ontwerp-zonder-titel-1.png\" \/>\n\t<meta property=\"og:image:width\" content=\"800\" \/>\n\t<meta property=\"og:image:height\" content=\"800\" \/>\n\t<meta property=\"og:image:type\" content=\"image\/png\" \/>\n<meta name=\"twitter:card\" content=\"summary_large_image\" \/>\n<meta name=\"twitter:label1\" content=\"Prezzo\" \/>\n\t<meta name=\"twitter:data1\" content=\"&euro;&nbsp;229,00 incl. BTW\" \/>\n\t<meta name=\"twitter:label2\" content=\"Disponibilit\u00e0\" \/>\n\t<meta name=\"twitter:data2\" content=\"In stock\" \/>\n<script type=\"application\/ld+json\" class=\"yoast-schema-graph\">{\"@context\":\"https:\\\/\\\/schema.org\",\"@graph\":[{\"@type\":\"WebPage\",\"@id\":\"https:\\\/\\\/touchproeurope.eu\\\/product\\\/hot-stone-massage-wands\\\/\",\"url\":\"https:\\\/\\\/touchproeurope.eu\\\/product\\\/hot-stone-massage-wands\\\/\",\"name\":\"Hot Stone Massage Wands set - TouchPro Europe Shop\",\"isPartOf\":{\"@id\":\"https:\\\/\\\/touchproeurope.eu\\\/#website\"},\"primaryImageOfPage\":{\"@id\":\"https:\\\/\\\/touchproeurope.eu\\\/product\\\/hot-stone-massage-wands\\\/#primaryimage\"},\"image\":{\"@id\":\"https:\\\/\\\/touchproeurope.eu\\\/product\\\/hot-stone-massage-wands\\\/#primaryimage\"},\"thumbnailUrl\":\"https:\\\/\\\/i0.wp.com\\\/touchproeurope.eu\\\/wp-content\\\/uploads\\\/2024\\\/01\\\/Ontwerp-zonder-titel-1.png?fit=800%2C800&ssl=1\",\"datePublished\":\"2024-01-21T12:08:47+00:00\",\"dateModified\":\"2026-03-04T16:56:25+00:00\",\"description\":\"Hot Stone Massage Wands: Innovatief, handgepolijst bian stone voor constante warmte. Ideaal voor therapeuten en ontspanning. Ontdek nu!\",\"breadcrumb\":{\"@id\":\"https:\\\/\\\/touchproeurope.eu\\\/product\\\/hot-stone-massage-wands\\\/#breadcrumb\"},\"inLanguage\":\"it-IT\",\"potentialAction\":[{\"@type\":\"ReadAction\",\"target\":[\"https:\\\/\\\/touchproeurope.eu\\\/product\\\/hot-stone-massage-wands\\\/\"]}]},{\"@type\":\"ImageObject\",\"inLanguage\":\"it-IT\",\"@id\":\"https:\\\/\\\/touchproeurope.eu\\\/product\\\/hot-stone-massage-wands\\\/#primaryimage\",\"url\":\"https:\\\/\\\/i0.wp.com\\\/touchproeurope.eu\\\/wp-content\\\/uploads\\\/2024\\\/01\\\/Ontwerp-zonder-titel-1.png?fit=800%2C800&ssl=1\",\"contentUrl\":\"https:\\\/\\\/i0.wp.com\\\/touchproeurope.eu\\\/wp-content\\\/uploads\\\/2024\\\/01\\\/Ontwerp-zonder-titel-1.png?fit=800%2C800&ssl=1\",\"width\":800,\"height\":800,\"caption\":\"Hot Stones Massage Wand S2\"},{\"@type\":\"BreadcrumbList\",\"@id\":\"https:\\\/\\\/touchproeurope.eu\\\/product\\\/hot-stone-massage-wands\\\/#breadcrumb\",\"itemListElement\":[{\"@type\":\"ListItem\",\"position\":1,\"name\":\"Home\",\"item\":\"https:\\\/\\\/touchproeurope.eu\\\/\"},{\"@type\":\"ListItem\",\"position\":2,\"name\":\"Winkel\",\"item\":\"https:\\\/\\\/touchproeurope.eu\\\/winkel\\\/\"},{\"@type\":\"ListItem\",\"position\":3,\"name\":\"Hot Stone Massage Wands set\"}]},{\"@type\":\"WebSite\",\"@id\":\"https:\\\/\\\/touchproeurope.eu\\\/#website\",\"url\":\"https:\\\/\\\/touchproeurope.eu\\\/\",\"name\":\"TouchPro Europe Shop\",\"description\":\"Alles voor jouw praktijk met een PROfessionele Touch!\",\"publisher\":{\"@id\":\"https:\\\/\\\/touchproeurope.eu\\\/#organization\"},\"alternateName\":\"TPE\",\"potentialAction\":[{\"@type\":\"SearchAction\",\"target\":{\"@type\":\"EntryPoint\",\"urlTemplate\":\"https:\\\/\\\/touchproeurope.eu\\\/?s={search_term_string}\"},\"query-input\":{\"@type\":\"PropertyValueSpecification\",\"valueRequired\":true,\"valueName\":\"search_term_string\"}}],\"inLanguage\":\"it-IT\"},{\"@type\":\"Organization\",\"@id\":\"https:\\\/\\\/touchproeurope.eu\\\/#organization\",\"name\":\"TouchPro Europe BV\",\"alternateName\":\"TPE\",\"url\":\"https:\\\/\\\/touchproeurope.eu\\\/\",\"logo\":{\"@type\":\"ImageObject\",\"inLanguage\":\"it-IT\",\"@id\":\"https:\\\/\\\/touchproeurope.eu\\\/#\\\/schema\\\/logo\\\/image\\\/\",\"url\":\"https:\\\/\\\/i0.wp.com\\\/touchproeurope.eu\\\/wp-content\\\/uploads\\\/2023\\\/10\\\/2b592c_b6944d80811246d987cc2c29accedf3f.png?fit=1417%2C531&ssl=1\",\"contentUrl\":\"https:\\\/\\\/i0.wp.com\\\/touchproeurope.eu\\\/wp-content\\\/uploads\\\/2023\\\/10\\\/2b592c_b6944d80811246d987cc2c29accedf3f.png?fit=1417%2C531&ssl=1\",\"width\":1417,\"height\":531,\"caption\":\"TouchPro Europe BV\"},\"image\":{\"@id\":\"https:\\\/\\\/touchproeurope.eu\\\/#\\\/schema\\\/logo\\\/image\\\/\"},\"sameAs\":[\"https:\\\/\\\/www.facebook.com\\\/TouchproNederland\\\/?locale=nl_NL\\\/\",\"https:\\\/\\\/www.instagram.com\\\/touchpro2016\\\/\",\"https:\\\/\\\/www.linkedin.com\\\/company\\\/touchpro-europe-bv\\\/\"],\"description\":\"TouchPro Europe Shop is de massage winkel van Europa. Wij verkopen topkwaliteit massageproducten aan masseurs, pedicures, fysiotherapeuten, manicuren, Wellness centra, opleidingen, etc. TouchPro begon als een kleine webshop in Nederland, maar is nu uitgegroeid tot een webshop met klanten uit heel Europa. Wij bieden een breed assortiment aan massageproducten, waaronder massagetafels, oli\u00ebn, cr\u00e8mes, en accessoires van topmerken, zoals Earthlite, Stronglite en InnerStrenght, Habys, Living Earth Crafts en Continuum en andere leveranciers van massage accessoires. Bestel hier de beste massagematerialen van Europa!\",\"email\":\"info@touchpro-europe.com\",\"telephone\":\"0858768829\",\"legalName\":\"TouchPro Europe BV\",\"foundingDate\":\"2018-01-11\",\"vatID\":\"NL855430151B01\",\"numberOfEmployees\":{\"@type\":\"QuantitativeValue\",\"minValue\":\"1\",\"maxValue\":\"10\"},\"hasMerchantReturnPolicy\":{\"@type\":\"MerchantReturnPolicy\",\"merchantReturnLink\":\"https:\\\/\\\/touchproeurope.eu\\\/it\\\/retourbeleid\\\/\"}}]}<\/script>\n<meta property=\"product:price:amount\" content=\"229.00\" \/>\n<meta property=\"product:price:currency\" content=\"EUR\" \/>\n<meta property=\"og:availability\" content=\"instock\" \/>\n<meta property=\"product:availability\" content=\"instock\" \/>\n<meta property=\"product:condition\" content=\"new\" \/>\n<!-- \/ Yoast SEO Premium plugin. -->","yoast_head_json":{"title":"Hot Stone Massage Wands set - TouchPro Europe Shop","description":"Hot Stone Massage Wands: Innovatief, handgepolijst bian stone voor constante warmte. Ideaal voor therapeuten en ontspanning. Ontdek nu!","robots":{"index":"index","follow":"follow","max-snippet":"max-snippet:-1","max-image-preview":"max-image-preview:large","max-video-preview":"max-video-preview:-1"},"canonical":"https:\/\/touchproeurope.eu\/it\/product\/hot-stone-massage-wands\/","og_locale":"it_IT","og_type":"article","og_title":"Hot Stone Massage Wands set","og_description":"Hot Stone Massage Wands: Innovatief, handgepolijst bian stone voor constante warmte. Ideaal voor therapeuten en ontspanning. Ontdek nu!","og_url":"https:\/\/touchproeurope.eu\/it\/product\/hot-stone-massage-wands\/","og_site_name":"TouchPro Europe Shop","article_publisher":"https:\/\/www.facebook.com\/TouchproNederland\/?locale=nl_NL%2f","article_modified_time":"2026-03-04T16:56:25+00:00","og_image":[{"width":800,"height":800,"url":"https:\/\/touchproeurope.eu\/wp-content\/uploads\/2024\/01\/Ontwerp-zonder-titel-1.png","type":"image\/png"}],"twitter_card":"summary_large_image","twitter_misc":{"Prezzo":"&euro;&nbsp;229,00 incl. BTW","Disponibilit\u00e0":"In stock"},"schema":{"@context":"https:\/\/schema.org","@graph":[{"@type":"WebPage","@id":"https:\/\/touchproeurope.eu\/product\/hot-stone-massage-wands\/","url":"https:\/\/touchproeurope.eu\/product\/hot-stone-massage-wands\/","name":"Hot Stone Massage Wands set - TouchPro Europe Shop","isPartOf":{"@id":"https:\/\/touchproeurope.eu\/#website"},"primaryImageOfPage":{"@id":"https:\/\/touchproeurope.eu\/product\/hot-stone-massage-wands\/#primaryimage"},"image":{"@id":"https:\/\/touchproeurope.eu\/product\/hot-stone-massage-wands\/#primaryimage"},"thumbnailUrl":"https:\/\/i0.wp.com\/touchproeurope.eu\/wp-content\/uploads\/2024\/01\/Ontwerp-zonder-titel-1.png?fit=800%2C800&ssl=1","datePublished":"2024-01-21T12:08:47+00:00","dateModified":"2026-03-04T16:56:25+00:00","description":"Hot Stone Massage Wands: Innovatief, handgepolijst bian stone voor constante warmte. Ideaal voor therapeuten en ontspanning. Ontdek nu!","breadcrumb":{"@id":"https:\/\/touchproeurope.eu\/product\/hot-stone-massage-wands\/#breadcrumb"},"inLanguage":"it-IT","potentialAction":[{"@type":"ReadAction","target":["https:\/\/touchproeurope.eu\/product\/hot-stone-massage-wands\/"]}]},{"@type":"ImageObject","inLanguage":"it-IT","@id":"https:\/\/touchproeurope.eu\/product\/hot-stone-massage-wands\/#primaryimage","url":"https:\/\/i0.wp.com\/touchproeurope.eu\/wp-content\/uploads\/2024\/01\/Ontwerp-zonder-titel-1.png?fit=800%2C800&ssl=1","contentUrl":"https:\/\/i0.wp.com\/touchproeurope.eu\/wp-content\/uploads\/2024\/01\/Ontwerp-zonder-titel-1.png?fit=800%2C800&ssl=1","width":800,"height":800,"caption":"Hot Stones Massage Wand S2"},{"@type":"BreadcrumbList","@id":"https:\/\/touchproeurope.eu\/product\/hot-stone-massage-wands\/#breadcrumb","itemListElement":[{"@type":"ListItem","position":1,"name":"Home","item":"https:\/\/touchproeurope.eu\/"},{"@type":"ListItem","position":2,"name":"Winkel","item":"https:\/\/touchproeurope.eu\/winkel\/"},{"@type":"ListItem","position":3,"name":"Hot Stone Massage Wands set"}]},{"@type":"WebSite","@id":"https:\/\/touchproeurope.eu\/#website","url":"https:\/\/touchproeurope.eu\/","name":"Negozio TouchPro Europe","description":"Tutto per il vostro studio con un tocco professionale!","publisher":{"@id":"https:\/\/touchproeurope.eu\/#organization"},"alternateName":"TPE","potentialAction":[{"@type":"SearchAction","target":{"@type":"EntryPoint","urlTemplate":"https:\/\/touchproeurope.eu\/?s={search_term_string}"},"query-input":{"@type":"PropertyValueSpecification","valueRequired":true,"valueName":"search_term_string"}}],"inLanguage":"it-IT"},{"@type":"Organization","@id":"https:\/\/touchproeurope.eu\/#organization","name":"TouchPro Europe BV","alternateName":"TPE","url":"https:\/\/touchproeurope.eu\/","logo":{"@type":"ImageObject","inLanguage":"it-IT","@id":"https:\/\/touchproeurope.eu\/#\/schema\/logo\/image\/","url":"https:\/\/i0.wp.com\/touchproeurope.eu\/wp-content\/uploads\/2023\/10\/2b592c_b6944d80811246d987cc2c29accedf3f.png?fit=1417%2C531&ssl=1","contentUrl":"https:\/\/i0.wp.com\/touchproeurope.eu\/wp-content\/uploads\/2023\/10\/2b592c_b6944d80811246d987cc2c29accedf3f.png?fit=1417%2C531&ssl=1","width":1417,"height":531,"caption":"TouchPro Europe BV"},"image":{"@id":"https:\/\/touchproeurope.eu\/#\/schema\/logo\/image\/"},"sameAs":["https:\/\/www.facebook.com\/TouchproNederland\/?locale=nl_NL\/","https:\/\/www.instagram.com\/touchpro2016\/","https:\/\/www.linkedin.com\/company\/touchpro-europe-bv\/"],"description":"TouchPro Europe Shop \u00e8 il negozio di massaggi d'Europa. Vendiamo prodotti per il massaggio di alta qualit\u00e0 a massaggiatori, pedicuristi, fisioterapisti, manicuristi, centri benessere, corsi di formazione, ecc. TouchPro \u00e8 nato come un piccolo negozio nei Paesi Bassi, ma ora \u00e8 diventato un negozio con clienti da tutta Europa. Offriamo un'ampia gamma di prodotti per il massaggio, tra cui lettini, oli, creme e accessori delle migliori marche come Earthlite, Stronglite e InnerStrenght, Habys, Living Earth Crafts e Continuum e altri fornitori di accessori per il massaggio. Ordinate qui le migliori forniture per massaggi d'Europa!","email":"info@touchpro-europe.com","telephone":"0858768829","legalName":"TouchPro Europe BV","foundingDate":"2018-01-11","vatID":"NL855430151B01","numberOfEmployees":{"@type":"QuantitativeValue","minValue":"1","maxValue":"10"},"hasMerchantReturnPolicy":{"@type":"MerchantReturnPolicy","merchantReturnLink":"https:\/\/touchproeurope.eu\/it\/retourbeleid\/"}}]},"product_price_amount":"229.00","product_price_currency":"EUR","og_availability":"instock","product_availability":"instock","product_condition":"new"},"_links":{"self":[{"href":"https:\/\/touchproeurope.eu\/it\/wp-json\/wp\/v2\/product\/5005","targetHints":{"allow":["GET"]}}],"collection":[{"href":"https:\/\/touchproeurope.eu\/it\/wp-json\/wp\/v2\/product"}],"about":[{"href":"https:\/\/touchproeurope.eu\/it\/wp-json\/wp\/v2\/types\/product"}],"replies":[{"embeddable":true,"href":"https:\/\/touchproeurope.eu\/it\/wp-json\/wp\/v2\/comments?post=5005"}],"version-history":[{"count":2,"href":"https:\/\/touchproeurope.eu\/it\/wp-json\/wp\/v2\/product\/5005\/revisions"}],"predecessor-version":[{"id":5055,"href":"https:\/\/touchproeurope.eu\/it\/wp-json\/wp\/v2\/product\/5005\/revisions\/5055"}],"wp:featuredmedia":[{"embeddable":true,"href":"https:\/\/touchproeurope.eu\/it\/wp-json\/wp\/v2\/media\/5016"}],"wp:attachment":[{"href":"https:\/\/touchproeurope.eu\/it\/wp-json\/wp\/v2\/media?parent=5005"}],"wp:term":[{"taxonomy":"product_brand","embeddable":true,"href":"https:\/\/touchproeurope.eu\/it\/wp-json\/wp\/v2\/product_brand?post=5005"},{"taxonomy":"product_cat","embeddable":true,"href":"https:\/\/touchproeurope.eu\/it\/wp-json\/wp\/v2\/product_cat?post=5005"},{"taxonomy":"product_tag","embeddable":true,"href":"https:\/\/touchproeurope.eu\/it\/wp-json\/wp\/v2\/product_tag?post=5005"}],"curies":[{"name":"wp","href":"https:\/\/api.w.org\/{rel}","templated":true}]}}