{"id":5355,"date":"2024-03-16T14:02:44","date_gmt":"2024-03-16T14:02:44","guid":{"rendered":"https:\/\/touchproeurope.eu\/?post_type=product&#038;p=5355"},"modified":"2026-04-22T09:33:45","modified_gmt":"2026-04-22T09:33:45","slug":"fodere-monouso-per-cuscini-con-elastico","status":"publish","type":"product","link":"https:\/\/touchproeurope.eu\/it\/product\/wegwerphoezen-voor-hoofdkussens-met-elastiek\/","title":{"rendered":"Salviette monouso Earthlite con elastico"},"content":{"rendered":"<p>Proteggete i vostri clienti e il vostro studio con le coperture monouso per cuscini con elastico del marchio Earthlite. Queste coperture ultra morbide e assorbenti forniscono una barriera igienica tra il cliente e il tavolo di trattamento. Con una vestibilit\u00e0 perfetta e una sensazione di lusso, queste coperture assicurano un'esperienza confortevole e rilassante durante ogni seduta.<\/p>\n<p>Le nostre fodere per cuscini facciali monouso sono realizzate con materiali di alta qualit\u00e0, che le rendono durevoli e affidabili. Ogni dettaglio \u00e8 progettato con cura per soddisfare i requisiti delle pratiche professionali. Affidatevi alle nostre coperture per ottenere prestazioni costanti e una presentazione impeccabile, ogni volta.<\/p>\n<p>Con un design facile da applicare, i nostri copricuscini monouso sono la scelta perfetta per i professionisti pi\u00f9 impegnati. Risparmiate tempo e fatica senza compromettere la qualit\u00e0. Offrite ai vostri clienti la migliore esperienza, mentre voi stessi godete della comodit\u00e0 di un'applicazione rapida e senza problemi.<\/p>","protected":false},"excerpt":{"rendered":"<p>Queste coperture monouso di Earthlite sono preformate e si adattano perfettamente al cuscino del poggiatesta. Grazie all'elastico, rimangono in posizione anche durante il massaggio, cos\u00ec non dovrete preoccuparvi che la fodera scivoli via.<\/p>\n<p>Le fodere sono facili da usare, hanno un aspetto professionale sulla sedia e offrono ai clienti un comfort elevato grazie al tessuto morbido. Le coperture sono realizzate in fibra assorbente ipoallergenica di grado medico e sono confezionate in una scatola sigillata da 50 coperture.<\/p>","protected":false},"featured_media":5369,"comment_status":"open","ping_status":"closed","template":"","meta":[],"product_brand":[343],"product_cat":[480,107],"product_tag":[85,270,269],"class_list":{"0":"post-5355","1":"product","2":"type-product","3":"status-publish","4":"has-post-thumbnail","6":"product_brand-earthlite","7":"product_cat-tafellinnen-covers","8":"product_cat-wegwerp-covers","9":"product_tag-earthlite","10":"product_tag-elastiek","11":"product_tag-wegwerphoes","12":"product_shipping_class-klein-pakket","13":"pa_kleur-wit","14":"pa_merk-earthlite","16":"first","17":"instock","18":"taxable","19":"shipping-taxable","20":"purchasable","21":"product-type-variable"},"yoast_head":"<!-- This site is optimized with the Yoast SEO Premium plugin v27.5 (Yoast SEO v27.5) - https:\/\/yoast.com\/product\/yoast-seo-premium-wordpress\/ -->\n<title>Earthlite wegwerpdoekjes met elastiek - TouchPro Europe Shop<\/title>\n<meta name=\"description\" content=\"Maak indruk op uw klanten met onze wegwerphoezen voor hoofdkussens met elastiek. Eenvoudig te gebruiken, bestel ze bij jouw wegwerphoezen bij TouchPro!\" \/>\n<meta name=\"robots\" content=\"index, follow, max-snippet:-1, max-image-preview:large, max-video-preview:-1\" \/>\n<link rel=\"canonical\" href=\"https:\/\/touchproeurope.eu\/it\/product\/fodere-monouso-per-cuscini-con-elastico\/\" \/>\n<meta property=\"og:locale\" content=\"it_IT\" \/>\n<meta property=\"og:type\" content=\"article\" \/>\n<meta property=\"og:title\" content=\"Earthlite wegwerpdoekjes met elastiek\" \/>\n<meta property=\"og:description\" content=\"Maak indruk op uw klanten met onze wegwerphoezen voor hoofdkussens met elastiek. Eenvoudig te gebruiken, bestel ze bij jouw wegwerphoezen bij TouchPro!\" \/>\n<meta property=\"og:url\" content=\"https:\/\/touchproeurope.eu\/it\/product\/fodere-monouso-per-cuscini-con-elastico\/\" \/>\n<meta property=\"og:site_name\" content=\"TouchPro Europe Shop\" \/>\n<meta property=\"article:publisher\" content=\"https:\/\/www.facebook.com\/TouchproNederland\/?locale=nl_NL%2f\" \/>\n<meta property=\"article:modified_time\" content=\"2026-04-22T09:33:45+00:00\" \/>\n<meta property=\"og:image\" content=\"https:\/\/touchproeurope.eu\/wp-content\/uploads\/2024\/03\/15-min.jpg\" \/>\n\t<meta property=\"og:image:width\" content=\"1080\" \/>\n\t<meta property=\"og:image:height\" content=\"1080\" \/>\n\t<meta property=\"og:image:type\" content=\"image\/jpeg\" \/>\n<meta name=\"twitter:card\" content=\"summary_large_image\" \/>\n<meta name=\"twitter:label1\" content=\"Disponibilit\u00e0\" \/>\n\t<meta name=\"twitter:data1\" content=\"In stock\" \/>\n<script type=\"application\/ld+json\" class=\"yoast-schema-graph\">{\"@context\":\"https:\\\/\\\/schema.org\",\"@graph\":[{\"@type\":\"WebPage\",\"@id\":\"https:\\\/\\\/touchproeurope.eu\\\/product\\\/wegwerphoezen-voor-hoofdkussens-met-elastiek\\\/\",\"url\":\"https:\\\/\\\/touchproeurope.eu\\\/product\\\/wegwerphoezen-voor-hoofdkussens-met-elastiek\\\/\",\"name\":\"Earthlite wegwerpdoekjes met elastiek - TouchPro Europe Shop\",\"isPartOf\":{\"@id\":\"https:\\\/\\\/touchproeurope.eu\\\/#website\"},\"primaryImageOfPage\":{\"@id\":\"https:\\\/\\\/touchproeurope.eu\\\/product\\\/wegwerphoezen-voor-hoofdkussens-met-elastiek\\\/#primaryimage\"},\"image\":{\"@id\":\"https:\\\/\\\/touchproeurope.eu\\\/product\\\/wegwerphoezen-voor-hoofdkussens-met-elastiek\\\/#primaryimage\"},\"thumbnailUrl\":\"https:\\\/\\\/i0.wp.com\\\/touchproeurope.eu\\\/wp-content\\\/uploads\\\/2024\\\/03\\\/15-min.jpg?fit=1080%2C1080&ssl=1\",\"datePublished\":\"2024-03-16T14:02:44+00:00\",\"dateModified\":\"2026-04-22T09:33:45+00:00\",\"description\":\"Maak indruk op uw klanten met onze wegwerphoezen voor hoofdkussens met elastiek. Eenvoudig te gebruiken, bestel ze bij jouw wegwerphoezen bij TouchPro!\",\"breadcrumb\":{\"@id\":\"https:\\\/\\\/touchproeurope.eu\\\/product\\\/wegwerphoezen-voor-hoofdkussens-met-elastiek\\\/#breadcrumb\"},\"inLanguage\":\"it-IT\",\"potentialAction\":[{\"@type\":\"ReadAction\",\"target\":[\"https:\\\/\\\/touchproeurope.eu\\\/product\\\/wegwerphoezen-voor-hoofdkussens-met-elastiek\\\/\"]}]},{\"@type\":\"ImageObject\",\"inLanguage\":\"it-IT\",\"@id\":\"https:\\\/\\\/touchproeurope.eu\\\/product\\\/wegwerphoezen-voor-hoofdkussens-met-elastiek\\\/#primaryimage\",\"url\":\"https:\\\/\\\/i0.wp.com\\\/touchproeurope.eu\\\/wp-content\\\/uploads\\\/2024\\\/03\\\/15-min.jpg?fit=1080%2C1080&ssl=1\",\"contentUrl\":\"https:\\\/\\\/i0.wp.com\\\/touchproeurope.eu\\\/wp-content\\\/uploads\\\/2024\\\/03\\\/15-min.jpg?fit=1080%2C1080&ssl=1\",\"width\":1080,\"height\":1080,\"caption\":\"Wegwerphoezen voor hoofdkussens met elastiek\"},{\"@type\":\"BreadcrumbList\",\"@id\":\"https:\\\/\\\/touchproeurope.eu\\\/product\\\/wegwerphoezen-voor-hoofdkussens-met-elastiek\\\/#breadcrumb\",\"itemListElement\":[{\"@type\":\"ListItem\",\"position\":1,\"name\":\"Home\",\"item\":\"https:\\\/\\\/touchproeurope.eu\\\/\"},{\"@type\":\"ListItem\",\"position\":2,\"name\":\"Winkel\",\"item\":\"https:\\\/\\\/touchproeurope.eu\\\/winkel\\\/\"},{\"@type\":\"ListItem\",\"position\":3,\"name\":\"Earthlite wegwerpdoekjes met elastiek\"}]},{\"@type\":\"WebSite\",\"@id\":\"https:\\\/\\\/touchproeurope.eu\\\/#website\",\"url\":\"https:\\\/\\\/touchproeurope.eu\\\/\",\"name\":\"TouchPro Europe Shop\",\"description\":\"Alles voor jouw praktijk met een PROfessionele Touch!\",\"publisher\":{\"@id\":\"https:\\\/\\\/touchproeurope.eu\\\/#organization\"},\"alternateName\":\"TPE\",\"potentialAction\":[{\"@type\":\"SearchAction\",\"target\":{\"@type\":\"EntryPoint\",\"urlTemplate\":\"https:\\\/\\\/touchproeurope.eu\\\/?s={search_term_string}\"},\"query-input\":{\"@type\":\"PropertyValueSpecification\",\"valueRequired\":true,\"valueName\":\"search_term_string\"}}],\"inLanguage\":\"it-IT\"},{\"@type\":\"Organization\",\"@id\":\"https:\\\/\\\/touchproeurope.eu\\\/#organization\",\"name\":\"TouchPro Europe BV\",\"alternateName\":\"TPE\",\"url\":\"https:\\\/\\\/touchproeurope.eu\\\/\",\"logo\":{\"@type\":\"ImageObject\",\"inLanguage\":\"it-IT\",\"@id\":\"https:\\\/\\\/touchproeurope.eu\\\/#\\\/schema\\\/logo\\\/image\\\/\",\"url\":\"https:\\\/\\\/i0.wp.com\\\/touchproeurope.eu\\\/wp-content\\\/uploads\\\/2023\\\/10\\\/2b592c_b6944d80811246d987cc2c29accedf3f.png?fit=1417%2C531&ssl=1\",\"contentUrl\":\"https:\\\/\\\/i0.wp.com\\\/touchproeurope.eu\\\/wp-content\\\/uploads\\\/2023\\\/10\\\/2b592c_b6944d80811246d987cc2c29accedf3f.png?fit=1417%2C531&ssl=1\",\"width\":1417,\"height\":531,\"caption\":\"TouchPro Europe BV\"},\"image\":{\"@id\":\"https:\\\/\\\/touchproeurope.eu\\\/#\\\/schema\\\/logo\\\/image\\\/\"},\"sameAs\":[\"https:\\\/\\\/www.facebook.com\\\/TouchproNederland\\\/?locale=nl_NL\\\/\",\"https:\\\/\\\/www.instagram.com\\\/touchpro2016\\\/\",\"https:\\\/\\\/www.linkedin.com\\\/company\\\/touchpro-europe-bv\\\/\"],\"description\":\"TouchPro Europe Shop is de massage winkel van Europa. Wij verkopen topkwaliteit massageproducten aan masseurs, pedicures, fysiotherapeuten, manicuren, Wellness centra, opleidingen, etc. TouchPro begon als een kleine webshop in Nederland, maar is nu uitgegroeid tot een webshop met klanten uit heel Europa. Wij bieden een breed assortiment aan massageproducten, waaronder massagetafels, oli\u00ebn, cr\u00e8mes, en accessoires van topmerken, zoals Earthlite, Stronglite en InnerStrenght, Habys, Living Earth Crafts en Continuum en andere leveranciers van massage accessoires. Bestel hier de beste massagematerialen van Europa!\",\"email\":\"info@touchpro-europe.com\",\"telephone\":\"0858768829\",\"legalName\":\"TouchPro Europe BV\",\"foundingDate\":\"2018-01-11\",\"vatID\":\"NL855430151B01\",\"numberOfEmployees\":{\"@type\":\"QuantitativeValue\",\"minValue\":\"1\",\"maxValue\":\"10\"},\"hasMerchantReturnPolicy\":{\"@type\":\"MerchantReturnPolicy\",\"merchantReturnLink\":\"https:\\\/\\\/touchproeurope.eu\\\/it\\\/retourbeleid\\\/\"}}]}<\/script>\n<meta property=\"product:brand\" content=\"Earthlite\" \/>\n<meta property=\"og:availability\" content=\"instock\" \/>\n<meta property=\"product:availability\" content=\"instock\" \/>\n<meta property=\"product:retailer_item_id\" content=\"35200\" \/>\n<meta property=\"product:condition\" content=\"new\" \/>\n<!-- \/ Yoast SEO Premium plugin. -->","yoast_head_json":{"title":"Salviette monouso Earthlite con elastico - TouchPro Europe Shop","description":"Stupite i vostri clienti con le nostre coperture monouso per cuscini con elastico. Facili da usare, ordinateli insieme alle vostre fodere monouso su TouchPro!","robots":{"index":"index","follow":"follow","max-snippet":"max-snippet:-1","max-image-preview":"max-image-preview:large","max-video-preview":"max-video-preview:-1"},"canonical":"https:\/\/touchproeurope.eu\/it\/product\/fodere-monouso-per-cuscini-con-elastico\/","og_locale":"it_IT","og_type":"article","og_title":"Earthlite wegwerpdoekjes met elastiek","og_description":"Maak indruk op uw klanten met onze wegwerphoezen voor hoofdkussens met elastiek. Eenvoudig te gebruiken, bestel ze bij jouw wegwerphoezen bij TouchPro!","og_url":"https:\/\/touchproeurope.eu\/it\/product\/fodere-monouso-per-cuscini-con-elastico\/","og_site_name":"TouchPro Europe Shop","article_publisher":"https:\/\/www.facebook.com\/TouchproNederland\/?locale=nl_NL%2f","article_modified_time":"2026-04-22T09:33:45+00:00","og_image":[{"width":1080,"height":1080,"url":"https:\/\/touchproeurope.eu\/wp-content\/uploads\/2024\/03\/15-min.jpg","type":"image\/jpeg"}],"twitter_card":"summary_large_image","twitter_misc":{"Disponibilit\u00e0":"In stock"},"schema":{"@context":"https:\/\/schema.org","@graph":[{"@type":"WebPage","@id":"https:\/\/touchproeurope.eu\/product\/wegwerphoezen-voor-hoofdkussens-met-elastiek\/","url":"https:\/\/touchproeurope.eu\/product\/wegwerphoezen-voor-hoofdkussens-met-elastiek\/","name":"Salviette monouso Earthlite con elastico - TouchPro Europe Shop","isPartOf":{"@id":"https:\/\/touchproeurope.eu\/#website"},"primaryImageOfPage":{"@id":"https:\/\/touchproeurope.eu\/product\/wegwerphoezen-voor-hoofdkussens-met-elastiek\/#primaryimage"},"image":{"@id":"https:\/\/touchproeurope.eu\/product\/wegwerphoezen-voor-hoofdkussens-met-elastiek\/#primaryimage"},"thumbnailUrl":"https:\/\/i0.wp.com\/touchproeurope.eu\/wp-content\/uploads\/2024\/03\/15-min.jpg?fit=1080%2C1080&ssl=1","datePublished":"2024-03-16T14:02:44+00:00","dateModified":"2026-04-22T09:33:45+00:00","description":"Stupite i vostri clienti con le nostre coperture monouso per cuscini con elastico. Facili da usare, ordinateli insieme alle vostre fodere monouso su TouchPro!","breadcrumb":{"@id":"https:\/\/touchproeurope.eu\/product\/wegwerphoezen-voor-hoofdkussens-met-elastiek\/#breadcrumb"},"inLanguage":"it-IT","potentialAction":[{"@type":"ReadAction","target":["https:\/\/touchproeurope.eu\/product\/wegwerphoezen-voor-hoofdkussens-met-elastiek\/"]}]},{"@type":"ImageObject","inLanguage":"it-IT","@id":"https:\/\/touchproeurope.eu\/product\/wegwerphoezen-voor-hoofdkussens-met-elastiek\/#primaryimage","url":"https:\/\/i0.wp.com\/touchproeurope.eu\/wp-content\/uploads\/2024\/03\/15-min.jpg?fit=1080%2C1080&ssl=1","contentUrl":"https:\/\/i0.wp.com\/touchproeurope.eu\/wp-content\/uploads\/2024\/03\/15-min.jpg?fit=1080%2C1080&ssl=1","width":1080,"height":1080,"caption":"Wegwerphoezen voor hoofdkussens met elastiek"},{"@type":"BreadcrumbList","@id":"https:\/\/touchproeurope.eu\/product\/wegwerphoezen-voor-hoofdkussens-met-elastiek\/#breadcrumb","itemListElement":[{"@type":"ListItem","position":1,"name":"Home","item":"https:\/\/touchproeurope.eu\/"},{"@type":"ListItem","position":2,"name":"Winkel","item":"https:\/\/touchproeurope.eu\/winkel\/"},{"@type":"ListItem","position":3,"name":"Earthlite wegwerpdoekjes met elastiek"}]},{"@type":"WebSite","@id":"https:\/\/touchproeurope.eu\/#website","url":"https:\/\/touchproeurope.eu\/","name":"Negozio TouchPro Europe","description":"Tutto per il vostro studio con un tocco professionale!","publisher":{"@id":"https:\/\/touchproeurope.eu\/#organization"},"alternateName":"TPE","potentialAction":[{"@type":"SearchAction","target":{"@type":"EntryPoint","urlTemplate":"https:\/\/touchproeurope.eu\/?s={search_term_string}"},"query-input":{"@type":"PropertyValueSpecification","valueRequired":true,"valueName":"search_term_string"}}],"inLanguage":"it-IT"},{"@type":"Organization","@id":"https:\/\/touchproeurope.eu\/#organization","name":"TouchPro Europe BV","alternateName":"TPE","url":"https:\/\/touchproeurope.eu\/","logo":{"@type":"ImageObject","inLanguage":"it-IT","@id":"https:\/\/touchproeurope.eu\/#\/schema\/logo\/image\/","url":"https:\/\/i0.wp.com\/touchproeurope.eu\/wp-content\/uploads\/2023\/10\/2b592c_b6944d80811246d987cc2c29accedf3f.png?fit=1417%2C531&ssl=1","contentUrl":"https:\/\/i0.wp.com\/touchproeurope.eu\/wp-content\/uploads\/2023\/10\/2b592c_b6944d80811246d987cc2c29accedf3f.png?fit=1417%2C531&ssl=1","width":1417,"height":531,"caption":"TouchPro Europe BV"},"image":{"@id":"https:\/\/touchproeurope.eu\/#\/schema\/logo\/image\/"},"sameAs":["https:\/\/www.facebook.com\/TouchproNederland\/?locale=nl_NL\/","https:\/\/www.instagram.com\/touchpro2016\/","https:\/\/www.linkedin.com\/company\/touchpro-europe-bv\/"],"description":"TouchPro Europe Shop \u00e8 il negozio di massaggi d'Europa. Vendiamo prodotti per il massaggio di alta qualit\u00e0 a massaggiatori, pedicuristi, fisioterapisti, manicuristi, centri benessere, corsi di formazione, ecc. TouchPro \u00e8 nato come un piccolo negozio nei Paesi Bassi, ma ora \u00e8 diventato un negozio con clienti da tutta Europa. Offriamo un'ampia gamma di prodotti per il massaggio, tra cui lettini, oli, creme e accessori delle migliori marche come Earthlite, Stronglite e InnerStrenght, Habys, Living Earth Crafts e Continuum e altri fornitori di accessori per il massaggio. Ordinate qui le migliori forniture per massaggi d'Europa!","email":"info@touchpro-europe.com","telephone":"0858768829","legalName":"TouchPro Europe BV","foundingDate":"2018-01-11","vatID":"NL855430151B01","numberOfEmployees":{"@type":"QuantitativeValue","minValue":"1","maxValue":"10"},"hasMerchantReturnPolicy":{"@type":"MerchantReturnPolicy","merchantReturnLink":"https:\/\/touchproeurope.eu\/it\/retourbeleid\/"}}]},"product_brand":"Earthlite","og_availability":"instock","product_availability":"instock","product_retailer_item_id":"35200","product_condition":"new"},"_links":{"self":[{"href":"https:\/\/touchproeurope.eu\/it\/wp-json\/wp\/v2\/product\/5355","targetHints":{"allow":["GET"]}}],"collection":[{"href":"https:\/\/touchproeurope.eu\/it\/wp-json\/wp\/v2\/product"}],"about":[{"href":"https:\/\/touchproeurope.eu\/it\/wp-json\/wp\/v2\/types\/product"}],"replies":[{"embeddable":true,"href":"https:\/\/touchproeurope.eu\/it\/wp-json\/wp\/v2\/comments?post=5355"}],"version-history":[{"count":4,"href":"https:\/\/touchproeurope.eu\/it\/wp-json\/wp\/v2\/product\/5355\/revisions"}],"predecessor-version":[{"id":14098,"href":"https:\/\/touchproeurope.eu\/it\/wp-json\/wp\/v2\/product\/5355\/revisions\/14098"}],"wp:featuredmedia":[{"embeddable":true,"href":"https:\/\/touchproeurope.eu\/it\/wp-json\/wp\/v2\/media\/5369"}],"wp:attachment":[{"href":"https:\/\/touchproeurope.eu\/it\/wp-json\/wp\/v2\/media?parent=5355"}],"wp:term":[{"taxonomy":"product_brand","embeddable":true,"href":"https:\/\/touchproeurope.eu\/it\/wp-json\/wp\/v2\/product_brand?post=5355"},{"taxonomy":"product_cat","embeddable":true,"href":"https:\/\/touchproeurope.eu\/it\/wp-json\/wp\/v2\/product_cat?post=5355"},{"taxonomy":"product_tag","embeddable":true,"href":"https:\/\/touchproeurope.eu\/it\/wp-json\/wp\/v2\/product_tag?post=5355"}],"curies":[{"name":"wp","href":"https:\/\/api.w.org\/{rel}","templated":true}]}}