{"id":6540,"date":"2024-08-29T11:23:50","date_gmt":"2024-08-29T11:23:50","guid":{"rendered":"https:\/\/touchproeurope.eu\/?post_type=product&#038;p=6540"},"modified":"2026-04-22T09:33:31","modified_gmt":"2026-04-22T09:33:31","slug":"earthlite-dura_luxe-copripoggiatesta-in-flanella","status":"publish","type":"product","link":"https:\/\/touchproeurope.eu\/it\/product\/earthlite-dura_luxe-flannel-hoofdsteunhoes\/","title":{"rendered":"Copertura per poggiatesta in flanella Earthlite DURA-LUXE (2 confezioni)"},"content":{"rendered":"<p>La copertura per poggiatesta in flanella Earthlite DURA_LUXE offre un livello di comfort e durata senza precedenti. Questa copertura di alta qualit\u00e0 \u00e8 pi\u00f9 spessa, pi\u00f9 calda e pi\u00f9 resistente delle normali coperture in flanella. La fodera per cuscino Earthlite \u00e8 realizzata in lussuoso cotone a doppio strato, vellutato al tatto. Questo materiale \u00e8 stato prelavato per migliorare la durata e il comfort.<\/p>\n<p>Questa fodera di flanella \u00e8 stata progettata appositamente per i moderni cuscini a mezzaluna, leggermente pi\u00f9 pieni. Il copripoggiatesta in flanella Earthlite DURA_LUXE viene fornito con due copripoggiatesta Pro-Fit\u2122 che si adattano perfettamente a questi cuscini. Grazie alla chiusura in velcro, la fodera rimane saldamente in posizione, garantendo un'esperienza di massaggio stabile e confortevole.<\/p>\n<p>Inoltre, questa copertura per massaggi pulibile \u00e8 pratica da usare. Il cotone vellutato \u00e8 particolarmente confortevole e contribuisce a un'esperienza di massaggio di lusso. La copertura \u00e8 di facile manutenzione e pu\u00f2 essere lavata in lavatrice, in modo da rimanere sempre pulita e fresca.<\/p>\n<p>Scegliere il copripoggiatesta in cotone significa scegliere la massima qualit\u00e0 e un utilizzo a lungo termine. Questa copertura protegge il poggiatesta dall'usura e dallo sporco, offrendo al contempo un aspetto professionale. Con questo copripoggiatesta in flanella, offrirete il massimo livello di comfort e igiene ai vostri clienti.<\/p>\n<p>Ecco perch\u00e9 la copertura per poggiatesta in flanella Earthlite DURA_LUXE \u00e8 la scelta ideale per i massaggiatori che apprezzano lusso e funzionalit\u00e0. Questa copertura offre un'eccellente combinazione di durata, comfort e stile.<\/p>","protected":false},"excerpt":{"rendered":"<p>De Earthlite DURA_LUXE flannel hoofdsteunhoes biedt een onge\u00ebvenaard niveau van comfort en duurzaamheid. Deze hoogwaardige hoes is dikker, warmer en duurzamer dan gewone flanellen hoesjes. De Earthlite hoofdkussenhoes is vervaardigd uit luxe, dubbel opgeruwd katoen dat fluweelachtig aanvoelt. Dit materiaal is vooraf gewassen om de duurzaamheid en het comfort te verbeteren. Deze flanellen hoes is [&hellip;]<\/p>\n","protected":false},"featured_media":6549,"comment_status":"open","ping_status":"closed","template":"","meta":[],"product_brand":[343],"product_cat":[109,480],"product_tag":[85,298,277,295],"class_list":{"0":"post-6540","1":"product","2":"type-product","3":"status-publish","4":"has-post-thumbnail","6":"product_brand-earthlite","7":"product_cat-katoenen-covers-tafellinnen","8":"product_cat-tafellinnen-covers","9":"product_tag-earthlite","10":"product_tag-hoofdsteunhoes","11":"product_tag-katoen","12":"product_tag-reinigbaar","13":"product_shipping_class-klein-pakket","14":"pa_kleur-latte","15":"pa_kleur-natural","16":"pa_kleur-wit","17":"pa_merk-earthlite","19":"first","20":"instock","21":"taxable","22":"shipping-taxable","23":"purchasable","24":"product-type-variable"},"yoast_head":"<!-- This site is optimized with the Yoast SEO Premium plugin v27.4 (Yoast SEO v27.4) - https:\/\/yoast.com\/product\/yoast-seo-premium-wordpress\/ -->\n<title>Earthlite DURA-LUXE flannel hoofdsteunhoes (2-packs) - TouchPro Europe Shop<\/title>\n<meta name=\"description\" content=\"Ervaar onge\u00ebvenaard comfort met de Earthlite DURA_LUXE flannel hoofdsteunhoes. Gemaakt van fluweelachtig katoen het beste comfort. Bestel jouw cover hier!\" \/>\n<meta name=\"robots\" content=\"index, follow, max-snippet:-1, max-image-preview:large, max-video-preview:-1\" \/>\n<link rel=\"canonical\" href=\"https:\/\/touchproeurope.eu\/it\/product\/earthlite-dura_luxe-copripoggiatesta-in-flanella\/\" \/>\n<meta property=\"og:locale\" content=\"it_IT\" \/>\n<meta property=\"og:type\" content=\"article\" \/>\n<meta property=\"og:title\" content=\"Earthlite DURA-LUXE flannel hoofdsteunhoes (2-packs)\" \/>\n<meta property=\"og:description\" content=\"Ervaar onge\u00ebvenaard comfort met de Earthlite DURA_LUXE flannel hoofdsteunhoes. Gemaakt van fluweelachtig katoen het beste comfort. Bestel jouw cover hier!\" \/>\n<meta property=\"og:url\" content=\"https:\/\/touchproeurope.eu\/it\/product\/earthlite-dura_luxe-copripoggiatesta-in-flanella\/\" \/>\n<meta property=\"og:site_name\" content=\"TouchPro Europe Shop\" \/>\n<meta property=\"article:publisher\" content=\"https:\/\/www.facebook.com\/TouchproNederland\/?locale=nl_NL%2f\" \/>\n<meta property=\"article:modified_time\" content=\"2026-04-22T09:33:31+00:00\" \/>\n<meta property=\"og:image\" content=\"https:\/\/touchproeurope.eu\/wp-content\/uploads\/2024\/08\/flannel_-_crescent_cover_-_white_4-1.jpg\" \/>\n\t<meta property=\"og:image:width\" content=\"1200\" \/>\n\t<meta property=\"og:image:height\" content=\"1200\" \/>\n\t<meta property=\"og:image:type\" content=\"image\/jpeg\" \/>\n<meta name=\"twitter:card\" content=\"summary_large_image\" \/>\n<meta name=\"twitter:label1\" content=\"Disponibilit\u00e0\" \/>\n\t<meta name=\"twitter:data1\" content=\"In stock\" \/>\n<script type=\"application\/ld+json\" class=\"yoast-schema-graph\">{\"@context\":\"https:\\\/\\\/schema.org\",\"@graph\":[{\"@type\":\"WebPage\",\"@id\":\"https:\\\/\\\/touchproeurope.eu\\\/product\\\/earthlite-dura_luxe-flannel-hoofdsteunhoes\\\/\",\"url\":\"https:\\\/\\\/touchproeurope.eu\\\/product\\\/earthlite-dura_luxe-flannel-hoofdsteunhoes\\\/\",\"name\":\"Earthlite DURA-LUXE flannel hoofdsteunhoes (2-packs) - TouchPro Europe Shop\",\"isPartOf\":{\"@id\":\"https:\\\/\\\/touchproeurope.eu\\\/#website\"},\"primaryImageOfPage\":{\"@id\":\"https:\\\/\\\/touchproeurope.eu\\\/product\\\/earthlite-dura_luxe-flannel-hoofdsteunhoes\\\/#primaryimage\"},\"image\":{\"@id\":\"https:\\\/\\\/touchproeurope.eu\\\/product\\\/earthlite-dura_luxe-flannel-hoofdsteunhoes\\\/#primaryimage\"},\"thumbnailUrl\":\"https:\\\/\\\/i0.wp.com\\\/touchproeurope.eu\\\/wp-content\\\/uploads\\\/2024\\\/08\\\/flannel_-_crescent_cover_-_white_4-1.jpg?fit=1200%2C1200&ssl=1\",\"datePublished\":\"2024-08-29T11:23:50+00:00\",\"dateModified\":\"2026-04-22T09:33:31+00:00\",\"description\":\"Ervaar onge\u00ebvenaard comfort met de Earthlite DURA_LUXE flannel hoofdsteunhoes. Gemaakt van fluweelachtig katoen het beste comfort. Bestel jouw cover hier!\",\"breadcrumb\":{\"@id\":\"https:\\\/\\\/touchproeurope.eu\\\/product\\\/earthlite-dura_luxe-flannel-hoofdsteunhoes\\\/#breadcrumb\"},\"inLanguage\":\"it-IT\",\"potentialAction\":[{\"@type\":\"ReadAction\",\"target\":[\"https:\\\/\\\/touchproeurope.eu\\\/product\\\/earthlite-dura_luxe-flannel-hoofdsteunhoes\\\/\"]}]},{\"@type\":\"ImageObject\",\"inLanguage\":\"it-IT\",\"@id\":\"https:\\\/\\\/touchproeurope.eu\\\/product\\\/earthlite-dura_luxe-flannel-hoofdsteunhoes\\\/#primaryimage\",\"url\":\"https:\\\/\\\/i0.wp.com\\\/touchproeurope.eu\\\/wp-content\\\/uploads\\\/2024\\\/08\\\/flannel_-_crescent_cover_-_white_4-1.jpg?fit=1200%2C1200&ssl=1\",\"contentUrl\":\"https:\\\/\\\/i0.wp.com\\\/touchproeurope.eu\\\/wp-content\\\/uploads\\\/2024\\\/08\\\/flannel_-_crescent_cover_-_white_4-1.jpg?fit=1200%2C1200&ssl=1\",\"width\":1200,\"height\":1200,\"caption\":\"Earthlite DURA_LUXE flannel hoofdsteunhoes\"},{\"@type\":\"BreadcrumbList\",\"@id\":\"https:\\\/\\\/touchproeurope.eu\\\/product\\\/earthlite-dura_luxe-flannel-hoofdsteunhoes\\\/#breadcrumb\",\"itemListElement\":[{\"@type\":\"ListItem\",\"position\":1,\"name\":\"Home\",\"item\":\"https:\\\/\\\/touchproeurope.eu\\\/\"},{\"@type\":\"ListItem\",\"position\":2,\"name\":\"Winkel\",\"item\":\"https:\\\/\\\/touchproeurope.eu\\\/winkel\\\/\"},{\"@type\":\"ListItem\",\"position\":3,\"name\":\"Earthlite DURA-LUXE flannel hoofdsteunhoes (2-packs)\"}]},{\"@type\":\"WebSite\",\"@id\":\"https:\\\/\\\/touchproeurope.eu\\\/#website\",\"url\":\"https:\\\/\\\/touchproeurope.eu\\\/\",\"name\":\"TouchPro Europe Shop\",\"description\":\"Alles voor jouw praktijk met een PROfessionele Touch!\",\"publisher\":{\"@id\":\"https:\\\/\\\/touchproeurope.eu\\\/#organization\"},\"alternateName\":\"TPE\",\"potentialAction\":[{\"@type\":\"SearchAction\",\"target\":{\"@type\":\"EntryPoint\",\"urlTemplate\":\"https:\\\/\\\/touchproeurope.eu\\\/?s={search_term_string}\"},\"query-input\":{\"@type\":\"PropertyValueSpecification\",\"valueRequired\":true,\"valueName\":\"search_term_string\"}}],\"inLanguage\":\"it-IT\"},{\"@type\":\"Organization\",\"@id\":\"https:\\\/\\\/touchproeurope.eu\\\/#organization\",\"name\":\"TouchPro Europe BV\",\"alternateName\":\"TPE\",\"url\":\"https:\\\/\\\/touchproeurope.eu\\\/\",\"logo\":{\"@type\":\"ImageObject\",\"inLanguage\":\"it-IT\",\"@id\":\"https:\\\/\\\/touchproeurope.eu\\\/#\\\/schema\\\/logo\\\/image\\\/\",\"url\":\"https:\\\/\\\/i0.wp.com\\\/touchproeurope.eu\\\/wp-content\\\/uploads\\\/2023\\\/10\\\/2b592c_b6944d80811246d987cc2c29accedf3f.png?fit=1417%2C531&ssl=1\",\"contentUrl\":\"https:\\\/\\\/i0.wp.com\\\/touchproeurope.eu\\\/wp-content\\\/uploads\\\/2023\\\/10\\\/2b592c_b6944d80811246d987cc2c29accedf3f.png?fit=1417%2C531&ssl=1\",\"width\":1417,\"height\":531,\"caption\":\"TouchPro Europe BV\"},\"image\":{\"@id\":\"https:\\\/\\\/touchproeurope.eu\\\/#\\\/schema\\\/logo\\\/image\\\/\"},\"sameAs\":[\"https:\\\/\\\/www.facebook.com\\\/TouchproNederland\\\/?locale=nl_NL\\\/\",\"https:\\\/\\\/www.instagram.com\\\/touchpro2016\\\/\",\"https:\\\/\\\/www.linkedin.com\\\/company\\\/touchpro-europe-bv\\\/\"],\"description\":\"TouchPro Europe Shop is de massage winkel van Europa. Wij verkopen topkwaliteit massageproducten aan masseurs, pedicures, fysiotherapeuten, manicuren, Wellness centra, opleidingen, etc. TouchPro begon als een kleine webshop in Nederland, maar is nu uitgegroeid tot een webshop met klanten uit heel Europa. Wij bieden een breed assortiment aan massageproducten, waaronder massagetafels, oli\u00ebn, cr\u00e8mes, en accessoires van topmerken, zoals Earthlite, Stronglite en InnerStrenght, Habys, Living Earth Crafts en Continuum en andere leveranciers van massage accessoires. Bestel hier de beste massagematerialen van Europa!\",\"email\":\"info@touchpro-europe.com\",\"telephone\":\"0858768829\",\"legalName\":\"TouchPro Europe BV\",\"foundingDate\":\"2018-01-11\",\"vatID\":\"NL855430151B01\",\"numberOfEmployees\":{\"@type\":\"QuantitativeValue\",\"minValue\":\"1\",\"maxValue\":\"10\"},\"hasMerchantReturnPolicy\":{\"@type\":\"MerchantReturnPolicy\",\"merchantReturnLink\":\"https:\\\/\\\/touchproeurope.eu\\\/it\\\/retourbeleid\\\/\"}}]}<\/script>\n<meta property=\"product:brand\" content=\"Earthlite\" \/>\n<meta property=\"og:availability\" content=\"instock\" \/>\n<meta property=\"product:availability\" content=\"instock\" \/>\n<meta property=\"product:retailer_item_id\" content=\"42150\" \/>\n<meta property=\"product:condition\" content=\"new\" \/>\n<!-- \/ Yoast SEO Premium plugin. -->","yoast_head_json":{"title":"Copertura per poggiatesta in flanella Earthlite DURA-LUXE (2 confezioni) - TouchPro Europe Shop","description":"Provate un comfort ineguagliabile con il copripoggiatesta in flanella Earthlite DURA_LUXE. Realizzato in cotone vellutato per il massimo comfort. Ordinate la vostra fodera qui!","robots":{"index":"index","follow":"follow","max-snippet":"max-snippet:-1","max-image-preview":"max-image-preview:large","max-video-preview":"max-video-preview:-1"},"canonical":"https:\/\/touchproeurope.eu\/it\/product\/earthlite-dura_luxe-copripoggiatesta-in-flanella\/","og_locale":"it_IT","og_type":"article","og_title":"Earthlite DURA-LUXE flannel hoofdsteunhoes (2-packs)","og_description":"Ervaar onge\u00ebvenaard comfort met de Earthlite DURA_LUXE flannel hoofdsteunhoes. Gemaakt van fluweelachtig katoen het beste comfort. Bestel jouw cover hier!","og_url":"https:\/\/touchproeurope.eu\/it\/product\/earthlite-dura_luxe-copripoggiatesta-in-flanella\/","og_site_name":"TouchPro Europe Shop","article_publisher":"https:\/\/www.facebook.com\/TouchproNederland\/?locale=nl_NL%2f","article_modified_time":"2026-04-22T09:33:31+00:00","og_image":[{"width":1200,"height":1200,"url":"https:\/\/touchproeurope.eu\/wp-content\/uploads\/2024\/08\/flannel_-_crescent_cover_-_white_4-1.jpg","type":"image\/jpeg"}],"twitter_card":"summary_large_image","twitter_misc":{"Disponibilit\u00e0":"In stock"},"schema":{"@context":"https:\/\/schema.org","@graph":[{"@type":"WebPage","@id":"https:\/\/touchproeurope.eu\/product\/earthlite-dura_luxe-flannel-hoofdsteunhoes\/","url":"https:\/\/touchproeurope.eu\/product\/earthlite-dura_luxe-flannel-hoofdsteunhoes\/","name":"Copertura per poggiatesta in flanella Earthlite DURA-LUXE (2 confezioni) - TouchPro Europe Shop","isPartOf":{"@id":"https:\/\/touchproeurope.eu\/#website"},"primaryImageOfPage":{"@id":"https:\/\/touchproeurope.eu\/product\/earthlite-dura_luxe-flannel-hoofdsteunhoes\/#primaryimage"},"image":{"@id":"https:\/\/touchproeurope.eu\/product\/earthlite-dura_luxe-flannel-hoofdsteunhoes\/#primaryimage"},"thumbnailUrl":"https:\/\/i0.wp.com\/touchproeurope.eu\/wp-content\/uploads\/2024\/08\/flannel_-_crescent_cover_-_white_4-1.jpg?fit=1200%2C1200&ssl=1","datePublished":"2024-08-29T11:23:50+00:00","dateModified":"2026-04-22T09:33:31+00:00","description":"Provate un comfort ineguagliabile con il copripoggiatesta in flanella Earthlite DURA_LUXE. Realizzato in cotone vellutato per il massimo comfort. Ordinate la vostra fodera qui!","breadcrumb":{"@id":"https:\/\/touchproeurope.eu\/product\/earthlite-dura_luxe-flannel-hoofdsteunhoes\/#breadcrumb"},"inLanguage":"it-IT","potentialAction":[{"@type":"ReadAction","target":["https:\/\/touchproeurope.eu\/product\/earthlite-dura_luxe-flannel-hoofdsteunhoes\/"]}]},{"@type":"ImageObject","inLanguage":"it-IT","@id":"https:\/\/touchproeurope.eu\/product\/earthlite-dura_luxe-flannel-hoofdsteunhoes\/#primaryimage","url":"https:\/\/i0.wp.com\/touchproeurope.eu\/wp-content\/uploads\/2024\/08\/flannel_-_crescent_cover_-_white_4-1.jpg?fit=1200%2C1200&ssl=1","contentUrl":"https:\/\/i0.wp.com\/touchproeurope.eu\/wp-content\/uploads\/2024\/08\/flannel_-_crescent_cover_-_white_4-1.jpg?fit=1200%2C1200&ssl=1","width":1200,"height":1200,"caption":"Earthlite DURA_LUXE flannel hoofdsteunhoes"},{"@type":"BreadcrumbList","@id":"https:\/\/touchproeurope.eu\/product\/earthlite-dura_luxe-flannel-hoofdsteunhoes\/#breadcrumb","itemListElement":[{"@type":"ListItem","position":1,"name":"Home","item":"https:\/\/touchproeurope.eu\/"},{"@type":"ListItem","position":2,"name":"Winkel","item":"https:\/\/touchproeurope.eu\/winkel\/"},{"@type":"ListItem","position":3,"name":"Earthlite DURA-LUXE flannel hoofdsteunhoes (2-packs)"}]},{"@type":"WebSite","@id":"https:\/\/touchproeurope.eu\/#website","url":"https:\/\/touchproeurope.eu\/","name":"Negozio TouchPro Europe","description":"Tutto per il vostro studio con un tocco professionale!","publisher":{"@id":"https:\/\/touchproeurope.eu\/#organization"},"alternateName":"TPE","potentialAction":[{"@type":"SearchAction","target":{"@type":"EntryPoint","urlTemplate":"https:\/\/touchproeurope.eu\/?s={search_term_string}"},"query-input":{"@type":"PropertyValueSpecification","valueRequired":true,"valueName":"search_term_string"}}],"inLanguage":"it-IT"},{"@type":"Organization","@id":"https:\/\/touchproeurope.eu\/#organization","name":"TouchPro Europe BV","alternateName":"TPE","url":"https:\/\/touchproeurope.eu\/","logo":{"@type":"ImageObject","inLanguage":"it-IT","@id":"https:\/\/touchproeurope.eu\/#\/schema\/logo\/image\/","url":"https:\/\/i0.wp.com\/touchproeurope.eu\/wp-content\/uploads\/2023\/10\/2b592c_b6944d80811246d987cc2c29accedf3f.png?fit=1417%2C531&ssl=1","contentUrl":"https:\/\/i0.wp.com\/touchproeurope.eu\/wp-content\/uploads\/2023\/10\/2b592c_b6944d80811246d987cc2c29accedf3f.png?fit=1417%2C531&ssl=1","width":1417,"height":531,"caption":"TouchPro Europe BV"},"image":{"@id":"https:\/\/touchproeurope.eu\/#\/schema\/logo\/image\/"},"sameAs":["https:\/\/www.facebook.com\/TouchproNederland\/?locale=nl_NL\/","https:\/\/www.instagram.com\/touchpro2016\/","https:\/\/www.linkedin.com\/company\/touchpro-europe-bv\/"],"description":"TouchPro Europe Shop \u00e8 il negozio di massaggi d'Europa. Vendiamo prodotti per il massaggio di alta qualit\u00e0 a massaggiatori, pedicuristi, fisioterapisti, manicuristi, centri benessere, corsi di formazione, ecc. TouchPro \u00e8 nato come un piccolo negozio nei Paesi Bassi, ma ora \u00e8 diventato un negozio con clienti da tutta Europa. Offriamo un'ampia gamma di prodotti per il massaggio, tra cui lettini, oli, creme e accessori delle migliori marche come Earthlite, Stronglite e InnerStrenght, Habys, Living Earth Crafts e Continuum e altri fornitori di accessori per il massaggio. Ordinate qui le migliori forniture per massaggi d'Europa!","email":"info@touchpro-europe.com","telephone":"0858768829","legalName":"TouchPro Europe BV","foundingDate":"2018-01-11","vatID":"NL855430151B01","numberOfEmployees":{"@type":"QuantitativeValue","minValue":"1","maxValue":"10"},"hasMerchantReturnPolicy":{"@type":"MerchantReturnPolicy","merchantReturnLink":"https:\/\/touchproeurope.eu\/it\/retourbeleid\/"}}]},"product_brand":"Earthlite","og_availability":"instock","product_availability":"instock","product_retailer_item_id":"42150","product_condition":"new"},"_links":{"self":[{"href":"https:\/\/touchproeurope.eu\/it\/wp-json\/wp\/v2\/product\/6540","targetHints":{"allow":["GET"]}}],"collection":[{"href":"https:\/\/touchproeurope.eu\/it\/wp-json\/wp\/v2\/product"}],"about":[{"href":"https:\/\/touchproeurope.eu\/it\/wp-json\/wp\/v2\/types\/product"}],"replies":[{"embeddable":true,"href":"https:\/\/touchproeurope.eu\/it\/wp-json\/wp\/v2\/comments?post=6540"}],"version-history":[{"count":2,"href":"https:\/\/touchproeurope.eu\/it\/wp-json\/wp\/v2\/product\/6540\/revisions"}],"predecessor-version":[{"id":15096,"href":"https:\/\/touchproeurope.eu\/it\/wp-json\/wp\/v2\/product\/6540\/revisions\/15096"}],"wp:featuredmedia":[{"embeddable":true,"href":"https:\/\/touchproeurope.eu\/it\/wp-json\/wp\/v2\/media\/6549"}],"wp:attachment":[{"href":"https:\/\/touchproeurope.eu\/it\/wp-json\/wp\/v2\/media?parent=6540"}],"wp:term":[{"taxonomy":"product_brand","embeddable":true,"href":"https:\/\/touchproeurope.eu\/it\/wp-json\/wp\/v2\/product_brand?post=6540"},{"taxonomy":"product_cat","embeddable":true,"href":"https:\/\/touchproeurope.eu\/it\/wp-json\/wp\/v2\/product_cat?post=6540"},{"taxonomy":"product_tag","embeddable":true,"href":"https:\/\/touchproeurope.eu\/it\/wp-json\/wp\/v2\/product_tag?post=6540"}],"curies":[{"name":"wp","href":"https:\/\/api.w.org\/{rel}","templated":true}]}}